{"id":19739,"date":"2025-04-07T07:04:51","date_gmt":"2025-04-07T07:04:51","guid":{"rendered":"https:\/\/www.hydraulic-cylinders.net\/product\/boom-cylinder-for-kato-small-excavator-hd820a\/"},"modified":"2025-04-07T07:04:53","modified_gmt":"2025-04-07T07:04:53","slug":"boom-cylinder-for-kato-small-excavator-hd820a","status":"publish","type":"product","link":"https:\/\/www.hydraulic-cylinders.net\/lv\/products\/boom-cylinder-for-kato-small-excavator-hd820a\/","title":{"rendered":"Kato maz\u0101 ekskavatora HD820A str\u0113les cilindrs"},"content":{"rendered":"<h1>Kato maz\u0101 ekskavatora HD820A str\u0113les cilindrs<\/h1>\n<h2>Produkta p\u0101rskats<\/h2>\n<p>Kato maz\u0101 ekskavatora HD820A str\u0113les cilindrs ir svar\u012bga hidraulisk\u0101 sast\u0101vda\u013ca, kas paredz\u0113ta ekskavatora str\u0113les kust\u012bbas vad\u012bbai. \u0160is hidrauliskais cilindrs \u013cauj str\u0113li pacelt, nolaist un noliekt, efekt\u012bvi atvieglojot da\u017e\u0101dus materi\u0101lu apstr\u0101des uzdevumus. Tas ir izstr\u0101d\u0101ts, lai uzlabotu t\u0101du smago ma\u0161\u012bnu k\u0101 ekskavatoru, ekskavatoru-iekr\u0101v\u0113ju un front\u0101lo iekr\u0101v\u0113ju darb\u012bbas efektivit\u0101ti. Kausa cilindrs ir b\u016btiska hidraulisk\u0101s sist\u0113mas sast\u0101vda\u013ca, kas p\u0101rveido hidraulisko spiedienu meh\u0101nisk\u0101 kust\u012bb\u0101, t\u0101d\u0113j\u0101di veicinot iek\u0101rtas visp\u0101r\u0113jo veiktsp\u0113ju un funkcionalit\u0101ti.<\/p>\n<p><img decoding=\"async\" src=\"https:\/\/www.hydraulic-cylinders.net\/wp-content\/uploads\/2025\/04\/songte-company-1.webp\" alt=\"Str\u0113les cilindrs\"><\/p>\n<h3>Defin\u012bcija un funkcionalit\u0101te<\/h3>\n<p>Kausa cilindrs, k\u0101 nor\u0101da t\u0101 nosaukums, ir hidraulisk\u0101 cilindra veids, kas \u012bpa\u0161i paredz\u0113ts kausu kust\u012bbas vad\u012bbai smagaj\u0101s ma\u0161\u012bn\u0101s. Tam ir b\u016btiska loma hidrauliskaj\u0101s sist\u0113m\u0101s, p\u0101rveidojot hidraulisko ener\u0123iju meh\u0101nisk\u0101 darb\u0101. Tas \u013cauj operatoriem prec\u012bzi un kontrol\u0113ti veikt t\u0101dus uzdevumus k\u0101 rak\u0161ana, cel\u0161ana un noliek\u0161ana. Kausa cilindra nodro\u0161in\u0101t\u0101 darb\u012bbas elast\u012bba ir b\u016btiska da\u017e\u0101diem b\u016bvniec\u012bbas un lauksaimniec\u012bbas darbiem, padarot to par neaizst\u0101jamu instrumentu nozar\u0113.<\/p>\n<h2>Str\u0113les cilindra \u012bpa\u0161\u012bbas<\/h2>\n<ul>\n<li><strong>Augsta iztur\u012bba un ilgm\u016b\u017e\u012bba:<\/strong> Izgatavots no augstas stipr\u012bbas t\u0113rauda vai alum\u012bnija, str\u0113les cilindrs ir paredz\u0113ts augsta spiediena un lielu kravu iztur\u0113\u0161anai, padarot to piem\u0113rotu skarbajiem darba apst\u0101k\u013ciem.<\/li>\n<li><strong>Efekt\u012bva hidraulisk\u0101 darb\u012bba:<\/strong> Tas izmanto hidraulisk\u0101s e\u013c\u013cas spiedienu, lai pan\u0101ktu vienm\u0113r\u012bgu un \u0101tru izstiep\u0161anu un ievilk\u0161anu, nodro\u0161inot jaud\u012bgas stum\u0161anas un vilk\u0161anas sp\u0113jas, kas ir ide\u0101li piem\u0113rotas smagu materi\u0101lu apstr\u0101dei.<\/li>\n<li><strong>Da\u017e\u0101di veidi:<\/strong> Str\u0113les cilindrs ir pieejams da\u017e\u0101d\u0101s konfigur\u0101cij\u0101s, piem\u0113ram, vienvirziena darb\u012bbas (darbojas vien\u0101 virzien\u0101) un divk\u0101r\u0161as darb\u012bbas (darbojas abos virzienos), kas \u013cauj to piel\u0101got atbilsto\u0161i ekspluat\u0101cijas vajadz\u012bb\u0101m.<\/li>\n<li><strong>Vietu taupo\u0161s dizains:<\/strong> Da\u017eiem mode\u013ciem ir teleskopiska konstrukcija, kas nodro\u0161ina liel\u0101ku pagarin\u0101jumu, vienlaikus saglab\u0101jot kompaktu \u0101r\u0113jo izm\u0113ru, kas ir piem\u0113rots lietojumiem ar ierobe\u017eotu vietu.<\/li>\n<li><strong>Apkopes vienk\u0101r\u0161\u012bba:<\/strong> Dizains ietver funkcijas, kas atvieglo piek\u013cuvi apkopei un remontam, nodro\u0161inot ilgu kalpo\u0161anas laiku.<\/li>\n<\/ul>\n<p>M\u0113s sp\u0113jam ra\u017eot \u0161o produktu, un m\u016bsu cilindri var lieliski aizst\u0101t da\u017e\u0101dus hidrauliskos cilindrus.<\/p>\n<p><img decoding=\"async\" src=\"https:\/\/www.hydraulic-cylinders.net\/wp-content\/uploads\/2025\/04\/songte-cylinder-head-with-all-kinds-excavator-models.webp\" alt=\"Ekskavatoru mode\u013ci\"><\/p>\n<h2>Lietojumprogrammu scen\u0101riji<\/h2>\n<h3>Celtniec\u012bbas apr\u012bkojums<\/h3>\n<p>Ekskavatoros str\u0113les cilindrs ir \u013coti svar\u012bgs zemes vai gru\u017eu rak\u0161anai, iekrau\u0161anai un p\u0101rvieto\u0161anai. T\u0101 konstrukcija \u013cauj prec\u012bzi kontrol\u0113t kausa poz\u012bciju, t\u0101d\u0113j\u0101di nodro\u0161inot efekt\u012bvu rak\u0161anu un materi\u0101lu apstr\u0101di. Turkl\u0101t ekskavatoros-iekr\u0101v\u0113jos str\u0113les cilindrs veicina gan rak\u0161anas, gan cel\u0161anas iesp\u0113jas, uzlabojot iek\u0101rtas daudzpus\u012bbu.<\/p>\n<h3>Lauksaimniec\u012bbas tehnika<\/h3>\n<p>Front\u0101lajos iekr\u0101v\u0113jos str\u0113les cilindram ir b\u016btiska loma augsnes, siena un citu materi\u0101lu sav\u0101k\u0161an\u0101, cel\u0161an\u0101 un transport\u0113\u0161an\u0101. Hidraulisk\u0101 darb\u012bba \u013cauj operatoriem viegli p\u0101rvald\u012bt smagas kravas, uzlabojot produktivit\u0101ti gan saimniec\u012bb\u0101s, gan b\u016bvlaukumos.<\/p>\n<h3>Ekskavatori<\/h3>\n<p>Str\u0113les cilindrs atvieglo rak\u0161anas darb\u012bbu, \u013caujot kausam efekt\u012bvi iek\u013c\u016bt augsn\u0113. \u0160\u012b hidraulisk\u0101 sast\u0101vda\u013ca nodro\u0161ina vienm\u0113r\u012bgas un kontrol\u0113tas kust\u012bbas, kas ir b\u016btiskas prec\u012bza rak\u0161anas dzi\u013cuma sasnieg\u0161anai un apk\u0101rt\u0113j\u0101s teritorijas integrit\u0101tes saglab\u0101\u0161anai.<\/p>\n<h3>Iekr\u0101v\u0113ji<\/h3>\n<p>Front\u0101lajos iekr\u0101v\u0113jos str\u0113les cilindri pal\u012bdz efekt\u012bvi pacelt un izg\u0101zt materi\u0101lus. Sp\u0113ja kontrol\u0113t kausa le\u0146\u0137i un augstumu ir \u013coti svar\u012bga efekt\u012bvai materi\u0101la izvieto\u0161anai, uzlabojot iekr\u0101v\u0113ja kop\u0113jo darb\u012bbas efektivit\u0101ti.<\/p>\n<h2>Dizaina apsv\u0113rumi un atlases krit\u0113riji<\/h2>\n<h3>Kravnes\u012bba<\/h3>\n<p>Kravnes\u012bba ir b\u016btisks apsv\u0113rums str\u0113les cilindru projekt\u0113\u0161an\u0101. T\u0101 nosaka maksim\u0101lo svaru, ko cilindrs var dro\u0161i pacelt un manipul\u0113t. In\u017eenieriem r\u016bp\u012bgi j\u0101apr\u0113\u0137ina slodzes pras\u012bbas, pamatojoties uz ma\u0161\u012bnas paredz\u0113to lietojumu un apstr\u0101d\u0101jamajiem materi\u0101liem. Cilindrs ar nepietiekamu kravnes\u012bbu var izrais\u012bt meh\u0101nisku boj\u0101jumu, radot dro\u0161\u012bbas riskus un darb\u012bbas trauc\u0113jumus.<\/p>\n<h3>Bl\u012bv\u0113juma veiktsp\u0113ja<\/h3>\n<p>Bl\u012bv\u0113juma veiktsp\u0113ja ir kritiski svar\u012bga hidraulisk\u0101s efektivit\u0101tes uztur\u0113\u0161anai. Augstas kvalit\u0101tes bl\u012bv\u0113jumi nov\u0113r\u0161 \u0161\u0137idruma nopl\u016bdes, nodro\u0161inot, ka hidraulisk\u0101 sist\u0113ma darbojas optim\u0101l\u0101 spiediena l\u012bmen\u012b. Slikts bl\u012bv\u0113jums var samazin\u0101t jaudu un palielin\u0101t deta\u013cu nodilumu. T\u0101p\u0113c pareizo bl\u012bv\u0113jumu materi\u0101lu un konstrukciju izv\u0113le ir \u0101rk\u0101rt\u012bgi svar\u012bga str\u0113les cilindra ilgm\u016b\u017e\u012bbai un efektivit\u0101tei.<\/p>\n<h3>Iztur\u012bba<\/h3>\n<p>Hidrauliskajiem cilindriem, kas darbojas sare\u017e\u0123\u012btos apst\u0101k\u013cos, iztur\u012bba ir b\u016btiska. Konstrukcij\u0101 izmantotajiem materi\u0101liem j\u0101b\u016bt iztur\u012bgiem pret nodilumu, koroziju un citiem kait\u012bgiem faktoriem. Regul\u0101ra cilindra iztur\u012bbas nov\u0113rt\u0113\u0161ana var pal\u012bdz\u0113t nov\u0113rst boj\u0101jumus un pagarin\u0101t kalpo\u0161anas laiku, galu gal\u0101 samazinot apkopes izmaksas un palielinot efektivit\u0101ti.<\/p>\n<h3>Dro\u0161\u012bbas funkcijas<\/h3>\n<p>Dro\u0161\u012bbas funkciju integr\u0113\u0161ana str\u0113les cilindru konstrukcij\u0101 ir b\u016btiska operatoru un apr\u012bkojuma aizsardz\u012bbai. Tas ietver spiediena samazin\u0101\u0161anas v\u0101rstu iestr\u0101d\u0101\u0161anu, lai nov\u0113rstu p\u0101rslodzi un nodro\u0161in\u0101tu, ka visas sast\u0101vda\u013cas atbilst dro\u0161\u012bbas standartiem. Lai samazin\u0101tu ar hidrauliskaj\u0101m darb\u012bb\u0101m saist\u012btos riskus, ir nepiecie\u0161amas regul\u0101ras p\u0101rbaudes un dro\u0161\u012bbas protokolu iev\u0113ro\u0161ana.<\/p>\n<h3>Apkopes pieejam\u012bba<\/h3>\n<p>Str\u0113les cilindru projekt\u0113\u0161ana, lai nodro\u0161in\u0101tu to pieejam\u012bbu apkopes laik\u0101, nodro\u0161ina \u0101tru un efekt\u012bvu remontu. T\u0101das funkcijas k\u0101 viegli pieejamas e\u013c\u013co\u0161anas atveres un caursp\u012bd\u012bgas rezervu\u0101ri \u0161\u0137idruma l\u012bme\u0146a noteik\u0161anai var iev\u0113rojami uzlabot apkopes pieredzi, \u013caujot savlaic\u012bgi iejaukties un nov\u0113rst nopietn\u0101kas probl\u0113mas v\u0113l\u0101k.<\/p>\n<p><img decoding=\"async\" src=\"https:\/\/www.hydraulic-cylinders.net\/wp-content\/uploads\/2025\/04\/songte-oil-pipes-and-spare-parts.webp\" alt=\"E\u013c\u013cas caurules un rezerves da\u013cas\"><\/p>\n<h2>Bl\u012bv\u0113\u0161ana un e\u013c\u013co\u0161ana<\/h2>\n<p>Bl\u012bv\u0113\u0161ana un e\u013c\u013co\u0161ana ir galvenie aspekti str\u0113les cilindru efektivit\u0101tes uztur\u0113\u0161an\u0101. Da\u017e\u0101diem bl\u012bv\u0113\u0161anas komponentiem, piem\u0113ram, virzu\u013ca bl\u012bv\u0113jumiem un stie\u0146a bl\u012bv\u0113jumiem, ir iz\u0161\u0137iro\u0161a noz\u012bme \u0161\u0137idruma nopl\u016bdes nov\u0113r\u0161an\u0101 un darb\u012bbas efektivit\u0101tes nodro\u0161in\u0101\u0161an\u0101. Bl\u012bv\u0113jumi bie\u017ei tiek izgatavoti no iztur\u012bgiem materi\u0101liem, piem\u0113ram, poliuret\u0101na un nitrila gumijas, kas iztur nodilumu un vides faktorus.<\/p>\n<p>Turkl\u0101t cilindra korpuss un v\u012bt\u0146ot\u0101s gala virsmas tiek r\u016bp\u012bgi apstr\u0101d\u0101tas, lai uzlabotu to nodilumiztur\u012bbu. Regul\u0101ra e\u013c\u013co\u0161ana ar atbilsto\u0161u hidraulisko e\u013c\u013cu ir nepiecie\u0161ama, lai samazin\u0101tu berzi un nodilumu, kas galu gal\u0101 veicina cilindra ilgm\u016b\u017e\u012bbu.<\/p>\n<h2>Regul\u0101ras p\u0101rbaudes un profilaktisk\u0101s apkopes pas\u0101kumi<\/h2>\n<ul>\n<li><strong>Regul\u0101ras p\u0101rbaudes:<\/strong> Regul\u0101ri j\u0101veic p\u0101rbaudes, lai noteiktu jebk\u0101das nodiluma vai boj\u0101jumu paz\u012bmes. Tas ietver bl\u012bv\u0113jumu, \u0161\u013c\u016bte\u0146u un cilindra korpusa p\u0101rbaudi, vai nav nopl\u016b\u017eu vai plaisu.<\/li>\n<li><strong>Pareiza e\u013c\u013co\u0161ana:<\/strong> Lai nodro\u0161in\u0101tu netrauc\u0113tu darb\u012bbu, ir svar\u012bgi nodro\u0161in\u0101t, lai hidraulisk\u0101 sist\u0113ma b\u016btu pien\u0101c\u012bgi iee\u013c\u013cota. Operatoriem j\u0101iev\u0113ro ra\u017eot\u0101ja vadl\u012bnijas par e\u013c\u013co\u0161anas bie\u017eumu un e\u013c\u013cas veidu.<\/li>\n<li><strong>Bl\u012bv\u0113juma nomai\u0146a:<\/strong> Regul\u0101ra bl\u012bv\u0113jumu nomai\u0146a, kuriem ir nodiluma paz\u012bmes, var nov\u0113rst nopl\u016bdes un uztur\u0113t sist\u0113mas spiedienu. Operatoriem j\u0101b\u016bt apm\u0101c\u012btiem atpaz\u012bt, kad bl\u012bves ir j\u0101nomaina.<\/li>\n<\/ul>\n<h2>Produkta uzst\u0101d\u012b\u0161anas rokasgr\u0101mata<\/h2>\n<p>Pareiza str\u0113les cilindra uzst\u0101d\u012b\u0161ana ir b\u016btiska optim\u0101lai veiktsp\u0113jai. Lai veiktu prec\u012bzu uzst\u0101d\u012b\u0161anu, veiciet t\u0101l\u0101k nor\u0101d\u012bt\u0101s darb\u012bbas.<\/p>\n<ol>\n<li><strong>Sagatavo\u0161ana:<\/strong> P\u0101rliecinieties, vai visas uzst\u0101d\u012b\u0161anai nepiecie\u0161am\u0101s sast\u0101vda\u013cas ir pieejamas un lab\u0101 st\u0101vokl\u012b.<\/li>\n<li><strong>Izl\u012bdzin\u0101\u0161ana:<\/strong> Pareizi izl\u012bdziniet cilindru ar stiprin\u0101juma punktiem, izmantojot atbilsto\u0161us uzst\u0101d\u012b\u0161anas stiprin\u0101jumus, lai nov\u0113rstu nepareizu izl\u012bdzin\u0101\u0161anu.<\/li>\n<li><strong>Dro\u0161a mont\u0101\u017ea:<\/strong> Lai nostiprin\u0101tu cilindru viet\u0101, izmantojiet piem\u0113rotus stiprin\u0101jumus un ra\u017eot\u0101ja ieteiktos griezes momentus. P\u0101r\u0101k cie\u0161a pievilk\u0161ana var izrais\u012bt boj\u0101jumus.<\/li>\n<li><strong>Hidrauliskie savienojumi:<\/strong> Pievienojiet hidraulisk\u0101s \u0161\u013c\u016btenes cilindram, p\u0101rliecinoties, ka t\u0101s ir pareizi uzst\u0101d\u012btas, lai izvair\u012btos no nopl\u016bd\u0113m.<\/li>\n<li><strong>Spiediena p\u0101rbaude:<\/strong> P\u0113c uzst\u0101d\u012b\u0161anas veiciet spiediena p\u0101rbaudi, lai p\u0101rliecin\u0101tos, ka sist\u0113ma darbojas pareizi bez nopl\u016bd\u0113m.<\/li>\n<\/ol>\n<h2>Apkopes uzdevumi<\/h2>\n<ul>\n<li><strong>Rut\u012bnas p\u0101rbaudes:<\/strong> Regul\u0101ri veiciet p\u0101rbaudes, lai identific\u0113tu iesp\u0113jam\u0101s probl\u0113mas, pirms t\u0101s saasin\u0101s. Tas ietver \u0161\u0137idruma l\u012bme\u0146a uzraudz\u012bbu un nopl\u016b\u017eu p\u0101rbaudi.<\/li>\n<li><strong>Pareiza e\u013c\u013co\u0161ana:<\/strong> Nodro\u0161iniet atbilsto\u0161u e\u013c\u013co\u0161anu, lai samazin\u0101tu kust\u012bgo da\u013cu berzi un nodilumu. Iev\u0113rojiet ra\u017eot\u0101ja ieteikumus par e\u013c\u013cas tipu un mai\u0146as interv\u0101liem.<\/li>\n<li><strong>Bl\u012bv\u0113juma nomai\u0146a:<\/strong> Regul\u0101ri p\u0101rbaudiet bl\u012bves, vai t\u0101s nav nodilu\u0161as, un nomainiet t\u0101s p\u0113c nepiecie\u0161am\u012bbas. Tas pal\u012bdz uztur\u0113t hidraulisko efektivit\u0101ti un nov\u0113rst nopl\u016bdes.<\/li>\n<\/ul>\n<h2>Dro\u0161\u012bbas apsv\u0113rumi un vides faktori<\/h2>\n<p>Dro\u0161\u012bbas nodro\u0161in\u0101\u0161ana, lietojot hidraulisk\u0101s iek\u0101rtas, ir vit\u0101li svar\u012bga. Operatoriem j\u0101iev\u0113ro dro\u0161\u012bbas protokoli, lai mazin\u0101tu riskus. Tas ietver atbilsto\u0161u individu\u0101lo aizsardz\u012bbas l\u012bdzek\u013cu (IAL) lieto\u0161anu un ekspluat\u0101cijas vadl\u012bniju iev\u0113ro\u0161anu. J\u0101\u0146em v\u0113r\u0101 ar\u012b vides apsv\u0113rumi; piem\u0113ram, j\u0101nodro\u0161ina, lai hidrauliskie \u0161\u0137idrumi nenopl\u016bstu zem\u0113, t\u0101d\u0113j\u0101di nov\u0113r\u0161ot augsnes pies\u0101r\u0146ojumu. Videi draudz\u012bgas prakses ievie\u0161ana var uzlabot darb\u012bbas ilgtsp\u0113j\u012bbu.<\/p>\n<h2>K\u013c\u016bmju diagnostika un bie\u017e\u0101k sastopam\u0101s probl\u0113mas<\/h2>\n<ul>\n<li><strong>Nopl\u016bdes:<\/strong> Viena no visbie\u017e\u0101k sastopamaj\u0101m probl\u0113m\u0101m ir hidraulisk\u0101 \u0161\u0137idruma nopl\u016bde, ko var izrais\u012bt nodilu\u0161as bl\u012bves vai va\u013c\u012bgi savienojumi. Regul\u0101ras p\u0101rbaudes var pal\u012bdz\u0113t savlaic\u012bgi identific\u0113t un nov\u0113rst nopl\u016bdes.<\/li>\n<li><strong>Slikta veiktsp\u0113ja:<\/strong> Ja str\u0113les cilindrs darbojas l\u0113ni, p\u0101rbaudiet, vai hidraulisk\u0101 \u0161\u0137idruma l\u012bmenis nav zems vai \u0161\u0137idrum\u0101 nav pies\u0101r\u0146ojuma, kas var ietekm\u0113t veiktsp\u0113ju.<\/li>\n<li><strong>Neparastas ska\u0146as:<\/strong> Sl\u012bp\u0113\u0161anas vai klauv\u0113\u0161anas trok\u0161\u0146i darb\u012bbas laik\u0101 var liecin\u0101t par meh\u0101nisk\u0101m probl\u0113m\u0101m cilindr\u0101 vai apk\u0101rt\u0113j\u0101s deta\u013c\u0101s.<\/li>\n<\/ul>\n<h2>Probl\u0113mu nov\u0113r\u0161anas padomi<\/h2>\n<p>Lai efekt\u012bvi diagnostic\u0113tu un nov\u0113rstu probl\u0113mas, operatoriem j\u0101\u0146em v\u0113r\u0101 \u0161\u0101di padomi:<\/p>\n<ul>\n<li>Regul\u0101ri uzraugiet \u0161\u0137idruma l\u012bmeni un nomainiet pies\u0101r\u0146oto \u0161\u0137idrumu, lai uztur\u0113tu sist\u0113mas efektivit\u0101ti.<\/li>\n<li>Veiciet vizu\u0101lu p\u0101rbaudi, lai noteiktu jebk\u0101das redzamas nopl\u016bdes vai boj\u0101jumus komponentiem.<\/li>\n<li>Lai samazin\u0101tu probl\u0113mu ra\u0161an\u0101s iesp\u0113jam\u012bbu, veiciet prevent\u012bvus pas\u0101kumus, piem\u0113ram, regul\u0101ru apkopi un savlaic\u012bgu remontu.<\/li>\n<\/ul>\n<p><img decoding=\"async\" src=\"https:\/\/www.hydraulic-cylinders.net\/wp-content\/uploads\/2025\/04\/songte-bushings-with-all-kinds-of-excavator-models.webp\" alt=\"Bukses ar ekskavatora mode\u013ciem\"><\/p>\n<h2>Par m\u016bsu uz\u0146\u0113mumu<\/h2>\n<p>M\u0113s esam vado\u0161ais hidraulisko cilindru ra\u017eot\u0101js, kas specializ\u0113jas augstas kvalit\u0101tes rezerves cilindru nodro\u0161in\u0101\u0161an\u0101 da\u017e\u0101diem pielietojumiem. M\u016bsu pla\u0161ais produktu kl\u0101sts ir pozicion\u0113jis m\u016bs k\u0101 iev\u0113rojamu sp\u0113l\u0113t\u0101ju gan viet\u0113j\u0101, gan starptautiskaj\u0101 tirg\u016b. M\u0113s iev\u0113rojam izcil\u012bbas kvalit\u0101tes strat\u0113\u0123iju, ko atbalsta izsmalcin\u0101ta ra\u017eo\u0161anas vad\u012bbas pieeja.<\/p>\n<p>M\u016bsu ra\u017eo\u0161anas jaudas papildina kvalific\u0113tu speci\u0101listu komanda, modernas digit\u0101l\u0101s ra\u017eo\u0161anas iek\u0101rtas un ekspertu kvalit\u0101tes kontroles sist\u0113ma. M\u0113s cen\u0161amies past\u0101v\u012bgi uzlabot savu ra\u017eo\u0161anas platformu, integr\u0113jot inovat\u012bvas tehnolo\u0123ijas un pilnveidojot ra\u017eo\u0161anas procesus. \u0160\u012b ap\u0146em\u0161an\u0101s \u013cauj mums efekt\u012bvi un lietder\u012bgi apmierin\u0101t da\u017e\u0101das klientu vajadz\u012bbas.<\/p>\n<p>M\u0113s esam ap\u0146\u0113mu\u0161ies nodro\u0161in\u0101t profesionalit\u0101ti, starptautiskus sertifik\u0101tus, piel\u0101gotus pakalpojumus, modernas ra\u017eo\u0161anas iek\u0101rtas un uzticamu p\u0113cp\u0101rdo\u0161anas atbalstu, nodro\u0161inot klientu apmierin\u0101t\u012bbu un ilgtermi\u0146a partnerattiec\u012bbas.<\/p>\n<p><img decoding=\"async\" src=\"https:\/\/www.hydraulic-cylinders.net\/wp-content\/uploads\/2025\/04\/songte-company-4.webp\" alt=\"Uz\u0146\u0113muma p\u0101rskats\"><br \/>\n<img decoding=\"async\" src=\"https:\/\/www.hydraulic-cylinders.net\/wp-content\/uploads\/2025\/04\/songte-company-3.webp\" alt=\"Uz\u0146\u0113muma telpas\"><\/p>\n<p>Autors: lil<\/p>","protected":false},"excerpt":{"rendered":"<p>Boom Cylinder For Kato Small Excavator HD820A Product Overview The Boom Cylinder for Kato Small Excavator HD820A is a crucial hydraulic component designed to control the movement of the excavator&#8217;s boom. This hydraulic cylinder allows the boom to lift, lower, and tilt, facilitating various material handling tasks effectively. It is engineered to enhance the operational [&hellip;]<\/p>","protected":false},"featured_media":17867,"comment_status":"open","ping_status":"closed","template":"","meta":{"_et_pb_use_builder":"","_et_pb_old_content":"","_et_gb_content_width":""},"product_brand":[],"product_cat":[1546],"product_tag":[1547,1496],"class_list":{"0":"post-19739","1":"product","2":"type-product","3":"status-publish","4":"has-post-thumbnail","6":"product_cat-boom-cylinders","7":"product_tag-boom-cylinders","8":"product_tag-hydraulic-cylinders","10":"first","11":"instock","12":"shipping-taxable","13":"product-type-simple"},"amp_enabled":true,"_links":{"self":[{"href":"https:\/\/www.hydraulic-cylinders.net\/lv\/wp-json\/wp\/v2\/product\/19739","targetHints":{"allow":["GET"]}}],"collection":[{"href":"https:\/\/www.hydraulic-cylinders.net\/lv\/wp-json\/wp\/v2\/product"}],"about":[{"href":"https:\/\/www.hydraulic-cylinders.net\/lv\/wp-json\/wp\/v2\/types\/product"}],"replies":[{"embeddable":true,"href":"https:\/\/www.hydraulic-cylinders.net\/lv\/wp-json\/wp\/v2\/comments?post=19739"}],"wp:featuredmedia":[{"embeddable":true,"href":"https:\/\/www.hydraulic-cylinders.net\/lv\/wp-json\/wp\/v2\/media\/17867"}],"wp:attachment":[{"href":"https:\/\/www.hydraulic-cylinders.net\/lv\/wp-json\/wp\/v2\/media?parent=19739"}],"wp:term":[{"taxonomy":"product_brand","embeddable":true,"href":"https:\/\/www.hydraulic-cylinders.net\/lv\/wp-json\/wp\/v2\/product_brand?post=19739"},{"taxonomy":"product_cat","embeddable":true,"href":"https:\/\/www.hydraulic-cylinders.net\/lv\/wp-json\/wp\/v2\/product_cat?post=19739"},{"taxonomy":"product_tag","embeddable":true,"href":"https:\/\/www.hydraulic-cylinders.net\/lv\/wp-json\/wp\/v2\/product_tag?post=19739"}],"curies":[{"name":"wp","href":"https:\/\/api.w.org\/{rel}","templated":true}]}}