{"id":19740,"date":"2025-04-07T07:04:54","date_gmt":"2025-04-07T07:04:54","guid":{"rendered":"https:\/\/www.hydraulic-cylinders.net\/product\/boom-cylinder-for-kato-small-excavator-hd1023\/"},"modified":"2025-04-07T07:04:56","modified_gmt":"2025-04-07T07:04:56","slug":"boom-cylinder-for-kato-small-excavator-hd1023","status":"publish","type":"product","link":"https:\/\/www.hydraulic-cylinders.net\/lv\/products\/boom-cylinder-for-kato-small-excavator-hd1023\/","title":{"rendered":"Kato maz\u0101 ekskavatora HD1023 str\u0113les cilindrs"},"content":{"rendered":"<h1>Kato maz\u0101 ekskavatora HD1023 str\u0113les cilindrs<\/h1>\n<h2>Produkta p\u0101rskats<\/h2>\n<p>Kato maz\u0101 ekskavatora HD1023 str\u0113les cilindrs ir svar\u012bga sast\u0101vda\u013ca, kas paredz\u0113ta, lai uzlabotu da\u017e\u0101du smago ma\u0161\u012bnu ekspluat\u0101cijas iesp\u0113jas. Konkr\u0113ti, kausa cilindrs ir hidraulisk\u0101 cilindra veids, kam ir iz\u0161\u0137iro\u0161a noz\u012bme kausa kust\u012bbas kontrol\u0113\u0161an\u0101 ekskavatoros, ekskavatoros-iekr\u0101v\u0113jos un front\u0101lajos iekr\u0101v\u0113jos. \u0160is cilindrs \u013cauj kausam pacelt, nolaist un noliekt, atvieglojot efekt\u012bvus materi\u0101lu apstr\u0101des uzdevumus.<\/p>\n<p><img decoding=\"async\" src=\"https:\/\/www.hydraulic-cylinders.net\/wp-content\/uploads\/2025\/04\/songte-company-1.webp\" alt=\"Kato mazais ekskavators\" \/><\/p>\n<h3>Defin\u012bcija un funkcija<\/h3>\n<p>Kausa cilindrs ir b\u016btiska b\u016bvniec\u012bb\u0101 un lauksaimniec\u012bb\u0101 izmantoto hidraulisko sist\u0113mu sast\u0101vda\u013ca. \u0160ie cilindri ir konstru\u0113ti darbam augsta spiediena apst\u0101k\u013cos un ir paredz\u0113ti, lai iztur\u0113tu skarbus darba apst\u0101k\u013cus. Tie nodro\u0161ina vienm\u0113r\u012bgu un prec\u012bzu kausa kust\u012bbu, kas ir \u013coti svar\u012bgi t\u0101diem uzdevumiem k\u0101 rak\u0161ana, cel\u0161ana un materi\u0101lu transport\u0113\u0161ana. Labi funkcion\u0113jo\u0161s str\u0113les cilindrs palielina produktivit\u0101ti un samazina meh\u0101nisku boj\u0101jumu risku darb\u012bbas laik\u0101.<\/p>\n<h2>Galven\u0101s iez\u012bmes<\/h2>\n<ul>\n<li><strong>Augsta iztur\u012bba un ilgm\u016b\u017e\u012bba:<\/strong> \u0160ie cilindri ir izgatavoti no augstas stipr\u012bbas t\u0113rauda vai alum\u012bnija un var iztur\u0113t augstu spiedienu un lielas slodzes, padarot tos piem\u0113rotus skarbiem darba apst\u0101k\u013ciem. Tie ir izstr\u0101d\u0101ti, \u0146emot v\u0113r\u0101 nodilumiztur\u012bbu un korozijas iztur\u012bbu, lai pagarin\u0101tu to kalpo\u0161anas laiku.<\/li>\n<li><strong>Efekt\u012bva hidraulisk\u0101 darb\u012bba:<\/strong> Hidraulisk\u0101s e\u013c\u013cas spiediena izmanto\u0161ana nodro\u0161ina vienm\u0113r\u012bgas izstiep\u0161anas un ievilk\u0161anas kust\u012bbas, \u0101tri rea\u0123\u0113jot uz vad\u012bbas komand\u0101m un nodro\u0161inot iev\u0113rojamu stum\u0161anas un vilk\u0161anas jaudu, kas ir ide\u0101li piem\u0113rots smagu un sare\u017e\u0123\u012btu uzdevumu veik\u0161anai.<\/li>\n<li><strong>Da\u017e\u0101di veidi:<\/strong> Atkar\u012bb\u0101 no ekspluat\u0101cijas vajadz\u012bb\u0101m lietot\u0101ji var izv\u0113l\u0113ties starp vienk\u0101r\u0161as darb\u012bbas (izmantojot hidraulisko sp\u0113ku tikai vien\u0101 virzien\u0101) vai divk\u0101r\u0161as darb\u012bbas (izmantojot hidraulisko sp\u0113ku abos virzienos) cilindriem. Da\u017ei mode\u013ci ir teleskopiski, kas \u013cauj pan\u0101kt liel\u0101ku pagarin\u0101jumu, nepalielinot \u0101r\u0113jos izm\u0113rus, un ir piem\u0113roti lietojumiem ar ierobe\u017eotu vietu.<\/li>\n<li><strong>Piel\u0101gota ra\u017eo\u0161ana:<\/strong> M\u016bsu produkti ir izstr\u0101d\u0101ti, lai neman\u0101mi aizst\u0101tu da\u017e\u0101dus hidrauliskos cilindrus, nodro\u0161inot sader\u012bbu un optim\u0101lu veiktsp\u0113ju.<\/li>\n<li><strong>Kvalit\u0101tes nodro\u0161in\u0101\u0161ana:<\/strong> M\u0113s ievie\u0161am stingrus test\u0113\u0161anas standartus, lai garant\u0113tu m\u016bsu hidraulisko cilindru uzticam\u012bbu un efektivit\u0101ti.<\/li>\n<\/ul>\n<p><img decoding=\"async\" src=\"https:\/\/www.hydraulic-cylinders.net\/wp-content\/uploads\/2025\/04\/songte-cylinder-head-with-all-kinds-excavator-models.webp\" alt=\"Ekskavatoru mode\u013ci\" \/><\/p>\n<h2>Str\u0113les cilindra pielietojumi<\/h2>\n<h3>Celtniec\u012bbas apr\u012bkojums<\/h3>\n<p>Ekskavatoros str\u0113les cilindri ir kritiski svar\u012bgi augsnes vai gru\u017eu rak\u0161anai, iekrau\u0161anai un p\u0101rvieto\u0161anai. Hidrauliskais sp\u0113ks \u013cauj kausam efekt\u012bvi iek\u013c\u016bt zem\u0113, padarot rak\u0161anas darbus \u0101trus un efekt\u012bvus. Ekskavatoros-iekr\u0101v\u0113jos kausa cilindrs pal\u012bdz ne tikai rakt, bet ar\u012b pacelt un transport\u0113t materi\u0101lus, uzlabojot ma\u0161\u012bnas daudzpus\u012bbu.<\/p>\n<h3>Lauksaimniec\u012bbas tehnika<\/h3>\n<p>Front\u0101lajos iekr\u0101v\u0113jos str\u0113les cilindri ir vit\u0101li svar\u012bgi augsnes, siena un citu materi\u0101lu sav\u0101k\u0161anai, cel\u0161anai un transport\u0113\u0161anai. Hidraulisk\u0101 darb\u012bba nodro\u0161ina, ka \u0161\u012bs ma\u0161\u012bnas var efekt\u012bvi veikt da\u017e\u0101dus lauksaimniec\u012bbas uzdevumus, iev\u0113rojami veicinot lauksaimniec\u012bbas darb\u012bbu produktivit\u0101ti.<\/p>\n<h3>Ekskavatori<\/h3>\n<p>Ekskavatoros kausa cilindrs atvieglo rak\u0161anas darb\u012bbu, \u013caujot kausam efekt\u012bvi iek\u013c\u016bt augsn\u0113. \u0160\u012b sp\u0113ja ir b\u016btiska da\u017e\u0101diem rak\u0161anas projektiem, nodro\u0161inot, ka uzdevumi tiek paveikti efekt\u012bvi, neradot p\u0101rm\u0113r\u012bgu slodzi tehnikai.<\/p>\n<h3>Iekr\u0101v\u0113ji<\/h3>\n<p>Front\u0101lajos iekr\u0101v\u0113jos str\u0113les cilindri pal\u012bdz efekt\u012bvi pacelt un izg\u0101zt materi\u0101lus. Hidraulisk\u0101 darb\u012bba \u013cauj prec\u012bzi apstr\u0101d\u0101t kravas, nodro\u0161inot, ka materi\u0101lus var prec\u012bzi p\u0101rvietot un novietot.<\/p>\n<h2>Dizaina apsv\u0113rumi un atlases krit\u0113riji<\/h2>\n<h3>Kravnes\u012bba<\/h3>\n<p>Izv\u0113loties str\u0113les cilindru, ir svar\u012bgi \u0146emt v\u0113r\u0101 konkr\u0113tajam pielietojumam nepiecie\u0161amo kravnes\u012bbu. Cilindram j\u0101sp\u0113j iztur\u0113t p\u0101rvietojamo materi\u0101lu maksim\u0101lo svaru bez boj\u0101juma riska. Iztur\u012bga konstrukcija nodro\u0161ina, ka cilindrs var darboties lielu slod\u017eu apst\u0101k\u013cos, nodro\u0161inot uzticam\u012bbu un dro\u0161\u012bbu darb\u012bbas laik\u0101.<\/p>\n<h3>Bl\u012bv\u0113\u0161ana<\/h3>\n<p>Hidraulisk\u0101 cilindra bl\u012bv\u0113\u0161anas sist\u0113mai ir iz\u0161\u0137iro\u0161a noz\u012bme spiediena uztur\u0113\u0161an\u0101 un nopl\u016b\u017eu nov\u0113r\u0161an\u0101. Augstas kvalit\u0101tes bl\u012bv\u0113m, piem\u0113ram, virzu\u013ca bl\u012bv\u0113m un stie\u0146a bl\u012bv\u0113m, j\u0101b\u016bt izgatavot\u0101m no t\u0101diem materi\u0101liem k\u0101 poliuret\u0101ns vai nitrila gumija, kas ir iztur\u012bgas pret nodilumu. Pareiza bl\u012bv\u0113\u0161ana ne tikai uzlabo cilindra veiktsp\u0113ju, bet ar\u012b pagarina t\u0101 kalpo\u0161anas laiku, nov\u0113r\u0161ot \u0161\u0137idruma zudumus un pies\u0101r\u0146ojumu.<\/p>\n<h3>Iztur\u012bba<\/h3>\n<p>Iztur\u012bba ir galvenais faktors, izv\u0113loties str\u0113les cilindru. Izmantotajam materi\u0101lam j\u0101b\u016bt iztur\u012bgam pret nodilumu, triecieniem un koroziju, lai nodro\u0161in\u0101tu ilgsto\u0161u lieto\u0161anu sare\u017e\u0123\u012btos apst\u0101k\u013cos. Iztur\u012bgs cilindrs samazina apkopes izmaksas un d\u012bkst\u0101ves laiku, t\u0101d\u0113j\u0101di palielinot produktivit\u0101ti.<\/p>\n<h3>Dro\u0161\u012bba<\/h3>\n<p>Dro\u0161\u012bba ir \u0101rk\u0101rt\u012bgi svar\u012bga jebkur\u0101 hidraulisk\u0101 darb\u012bb\u0101. Str\u0113les cilindra konstrukcij\u0101 j\u0101iek\u013cauj dro\u0161\u012bbas funkcijas, piem\u0113ram, spiediena samazin\u0101\u0161anas v\u0101rsti, lai nov\u0113rstu p\u0101rslodzi un nodro\u0161in\u0101tu kontrol\u0113tu darb\u012bbu. Regul\u0101ras dro\u0161\u012bbas p\u0101rbaudes un dro\u0161\u012bbas protokolu iev\u0113ro\u0161ana ir b\u016btiska, lai mazin\u0101tu ar hidrauliskaj\u0101m iek\u0101rt\u0101m saist\u012btos riskus.<\/p>\n<h3>Uzturam\u012bba<\/h3>\n<p>Hidraulisko cilindru projekt\u0113\u0161an\u0101 b\u016btisks apsv\u0113rums ir viegla apkope. Komponentiem j\u0101b\u016bt viegli pieejamiem, un rezerves da\u013c\u0101m j\u0101b\u016bt viegli pieejam\u0101m, lai samazin\u0101tu d\u012bkst\u0101ves laiku. Labi projekt\u0113ts cilindrs atvieglo regul\u0101ras apkopes p\u0101rbaudes, nodro\u0161inot, ka iek\u0101rta vienm\u0113r darbojas efekt\u012bvi un dro\u0161i.<\/p>\n<p><img decoding=\"async\" src=\"https:\/\/www.hydraulic-cylinders.net\/wp-content\/uploads\/2025\/04\/songte-oil-pipes-and-spare-parts.webp\" alt=\"E\u013c\u013cas caurules un rezerves da\u013cas\" \/><\/p>\n<h2>Bl\u012bv\u0113\u0161ana un e\u013c\u013co\u0161ana<\/h2>\n<p>Efekt\u012bva bl\u012bv\u0113\u0161ana un e\u013c\u013co\u0161ana ir kritiski svar\u012bga hidraulisko cilindru darb\u012bbai. Lai uztur\u0113tu spiedienu un nov\u0113rstu nopl\u016bdes, tiek izmantoti da\u017e\u0101di bl\u012bv\u0113jumi, piem\u0113ram, virzu\u013ca bl\u012bv\u0113jumi un stie\u0146a bl\u012bv\u0113jumi. Bl\u012bv\u0113jumiem j\u0101b\u016bt izgatavotiem no iztur\u012bgiem materi\u0101liem, piem\u0113ram, poliuret\u0101na vai nitrila gumijas, kas nodro\u0161ina iztur\u012bbu pret nodilumu. Turkl\u0101t cilindra korpuss un v\u012bt\u0146otie gali ir r\u016bp\u012bgi j\u0101apstr\u0101d\u0101, lai uzlabotu nodilumiztur\u012bbu. Lai nodro\u0161in\u0101tu vienm\u0113r\u012bgu darb\u012bbu un pagarin\u0101tu cilindra kalpo\u0161anas laiku, ir nepiecie\u0161ama regul\u0101ra e\u013c\u013co\u0161ana ar atbilsto\u0161u hidraulisko e\u013c\u013cu.<\/p>\n<h2>Regul\u0101ra p\u0101rbaude un profilaktisk\u0101 apkope<\/h2>\n<ul>\n<li><strong>Pl\u0101not\u0101s p\u0101rbaudes:<\/strong> Regul\u0101ri j\u0101veic p\u0101rbaudes, lai noteiktu jebk\u0101das nodiluma, nopl\u016b\u017eu vai boj\u0101jumu paz\u012bmes. Savlaic\u012bga probl\u0113mu identific\u0113\u0161ana var nov\u0113rst d\u0101rgus remontdarbus un nodro\u0161in\u0101t dro\u0161u ekspluat\u0101ciju.<\/li>\n<li><strong>E\u013c\u013co\u0161ana:<\/strong> Ir svar\u012bgi uztur\u0113t atbilsto\u0161u e\u013c\u013co\u0161anas l\u012bmeni, lai nodro\u0161in\u0101tu vienm\u0113r\u012bgu darb\u012bbu un nov\u0113rstu berzi, kas var izrais\u012bt nodilumu. Regul\u0101ri p\u0101rbaudiet un p\u0113c nepiecie\u0161am\u012bbas papildiniet hidraulisko e\u013c\u013cu.<\/li>\n<li><strong>Bl\u012bv\u0113juma nomai\u0146a:<\/strong> Uzraugiet bl\u012bves, vai nav nodiluma vai boj\u0101jumu paz\u012bmju. Savlaic\u012bga bl\u012bvju nomai\u0146a pal\u012bdz\u0113s uztur\u0113t spiedienu un nov\u0113rs\u012bs nopl\u016bdes, t\u0101d\u0113j\u0101di pagarinot hidraulisk\u0101 cilindra kalpo\u0161anas laiku.<\/li>\n<\/ul>\n<h2>Uzst\u0101d\u012b\u0161anas vadl\u012bnijas<\/h2>\n<p>Pareiza str\u0113les cilindra uzst\u0101d\u012b\u0161ana ir \u013coti svar\u012bga optim\u0101lai veiktsp\u0113jai. Vispirms p\u0101rliecinieties, vai mont\u0101\u017eas virsmas ir t\u012bras un bez gru\u017eiem. Prec\u012bzi izl\u012bdziniet cilindru, lai nov\u0113rstu nepareizu izl\u012bdzin\u0101\u0161anu, kas var izrais\u012bt priek\u0161laic\u012bgu nodilumu. Izmantojiet atbilsto\u0161us mont\u0101\u017eas kron\u0161teinus, lai nostiprin\u0101tu cilindru viet\u0101. Iev\u0113rojiet ra\u017eot\u0101ja specifik\u0101cijas attiec\u012bb\u0101 uz griezes momenta iestat\u012bjumiem, lai nodro\u0161in\u0101tu dro\u0161us savienojumus. P\u0113c uzst\u0101d\u012b\u0161anas veiciet funkcion\u0101lo p\u0101rbaudi, lai p\u0101rliecin\u0101tos, ka cilindrs darbojas nevainojami. Vienm\u0113r skatiet uzst\u0101d\u012b\u0161anas rokasgr\u0101matu, lai ieg\u016btu konkr\u0113tus nor\u0101d\u012bjumus, kas saist\u012bti ar uzst\u0101d\u0101mo modeli.<\/p>\n<h2>Bie\u017ei sastopamie apkopes uzdevumi<\/h2>\n<ul>\n<li><strong>Regul\u0101ras p\u0101rbaudes:<\/strong> Ieviesiet regul\u0101ru p\u0101rbau\u017eu grafiku, lai p\u0101rbaud\u012btu hidraulisko sist\u0113mu, vai nav nopl\u016b\u017eu, boj\u0101jumu vai nodiluma paz\u012bmju. Pie\u0161\u0137iriet priorit\u0101ti probl\u0113mu nov\u0113r\u0161anai, pirms probl\u0113mas saasin\u0101s.<\/li>\n<li><strong>Pareiza e\u013c\u013co\u0161ana:<\/strong> P\u0101rliecinieties, ka hidraulisk\u0101s e\u013c\u013cas l\u012bmenis ir pietiekams, un regul\u0101ri lietojiet pareiz\u0101 veida e\u013c\u013cu, lai uztur\u0113tu optim\u0101lu veiktsp\u0113ju un nov\u0113rstu nevajadz\u012bgu berzi.<\/li>\n<li><strong>Bl\u012bv\u0113juma nomai\u0146a un kalibr\u0113\u0161ana:<\/strong> Uzraudziet bl\u012bv\u0113jumu st\u0101vokli un nomainiet tos p\u0113c nepiecie\u0161am\u012bbas. Regul\u0101ri kalibr\u0113jiet hidraulisko sist\u0113mu, lai nodro\u0161in\u0101tu, ka t\u0101 darbojas atbilsto\u0161i noteiktajiem efektivit\u0101tes parametriem.<\/li>\n<\/ul>\n<h2>Dro\u0161\u012bbas apsv\u0113rumi un vides faktori<\/h2>\n<p>Str\u0101d\u0101jot ar hidrauliskaj\u0101m sist\u0113m\u0101m, dro\u0161\u012bbas pas\u0101kumi ir \u0101rk\u0101rt\u012bgi svar\u012bgi. Operatoriem j\u0101nodro\u0161ina atbilsto\u0161a apm\u0101c\u012bba, lai samazin\u0101tu ar hidrauliskaj\u0101m iek\u0101rt\u0101m saist\u012btos riskus. Vienm\u0113r valk\u0101jiet atbilsto\u0161us individu\u0101los aizsardz\u012bbas l\u012bdzek\u013cus (IAL) un p\u0101rliecinieties, ka dro\u0161\u012bbas funkcijas, piem\u0113ram, av\u0101rijas sl\u0113gv\u0101rsti, darbojas. Turkl\u0101t \u0146emiet v\u0113r\u0101 hidraulisk\u0101 \u0161\u0137idruma nopl\u016b\u017eu ietekmi uz vidi; biolo\u0123iski no\u0101rd\u0101mu hidraulisko e\u013c\u013cu izmanto\u0161ana var pal\u012bdz\u0113t mazin\u0101t ba\u017eas par vidi.<\/p>\n<h2>Probl\u0113mu nov\u0113r\u0161ana un bie\u017ei sastopamas probl\u0113mas<\/h2>\n<ul>\n<li><strong>\u0160\u0137idruma nopl\u016bdes:<\/strong> P\u0101rbaudiet, vai ap bl\u012bv\u0113m un savienojumiem nav nopl\u016b\u017eu. Ja ir nopl\u016bdes, p\u0101rbaudiet bl\u012bves, vai t\u0101s nav nodilu\u0161as, un nomainiet t\u0101s, ja nepiecie\u0161ams.<\/li>\n<li><strong>Nerea\u0123\u0113jo\u0161s cilindrs:<\/strong> Ja cilindrs nerea\u0123\u0113, p\u0101rbaudiet hidraulisk\u0101 \u0161\u0137idruma l\u012bmeni un p\u0101rliecinieties, vai s\u016bknis darbojas pareizi.<\/li>\n<li><strong>L\u0113na kust\u012bba:<\/strong> L\u0113na darb\u012bba var liecin\u0101t par zemu hidraulisk\u0101 \u0161\u0137idruma l\u012bmeni vai sist\u0113m\u0101 iesprostotu gaisu. Atgaisojiet sist\u0113mu un, ja nepiecie\u0161ams, papildiniet \u0161\u0137idrumu.<\/li>\n<\/ul>\n<p>Probl\u0113mu nov\u0113r\u0161anas padomu snieg\u0161ana pal\u012bdz\u0113s lietot\u0101jiem efekt\u012bvi diagnostic\u0113t un nov\u0113rst bie\u017ei sastopamas probl\u0113mas. Regul\u0101ra apkope un p\u0101rbaudes var pal\u012bdz\u0113t samazin\u0101t potenci\u0101l\u0101s probl\u0113mas un uzlabot iek\u0101rtu uzticam\u012bbu.<\/p>\n<p><img decoding=\"async\" src=\"https:\/\/www.hydraulic-cylinders.net\/wp-content\/uploads\/2025\/04\/songte-bushings-with-all-kinds-of-excavator-models.webp\" alt=\"Ekskavatoru mode\u013ci\" \/><\/p>\n<h2>Uz\u0146\u0113muma p\u0101rskats<\/h2>\n<p>M\u0113s esam ra\u017eot\u0101js, kas specializ\u0113jas hidraulisko cilindru nomai\u0146\u0101, pied\u0101v\u0101jot pla\u0161u produktu kl\u0101stu. M\u016bsu uz\u0146\u0113mums ir k\u013cuvis par vienu no vado\u0161ajiem hidraulisko cilindru ra\u017eot\u0101jiem un vairumtirgot\u0101jiem gan viet\u0113j\u0101, gan starptautiskaj\u0101 tirg\u016b. M\u0113s iev\u0113rojam izcil\u012bbas kvalit\u0101tes principu, sav\u0101s darbn\u012bc\u0101s izmantojot izsmalcin\u0101tu ra\u017eo\u0161anas vad\u012bbas strat\u0113\u0123iju. Izmantojot kvalific\u0113tu tehnisko person\u0101lu, modernu digit\u0101lo ra\u017eo\u0161anas apr\u012bkojumu un profesion\u0101lu test\u0113\u0161anas sist\u0113mu, m\u0113s past\u0101v\u012bgi uzlabojam savu ra\u017eo\u0161anas platformu un pilnveidojam produktu kvalit\u0101tes ra\u017eo\u0161anas ce\u013cus. M\u016bsu sp\u0113c\u012bg\u0101s rado\u0161\u0101s sp\u0113jas \u013cauj mums apmierin\u0101t da\u017e\u0101das klientu vajadz\u012bbas ar augstu efektivit\u0101ti, precizit\u0101ti un kvalit\u0101ti.<\/p>\n<p><img decoding=\"async\" src=\"https:\/\/www.hydraulic-cylinders.net\/wp-content\/uploads\/2025\/04\/songte-company-4.webp\" alt=\"Uz\u0146\u0113muma p\u0101rskats\" \/><br \/>\n<img decoding=\"async\" src=\"https:\/\/www.hydraulic-cylinders.net\/wp-content\/uploads\/2025\/04\/songte-company-3.webp\" alt=\"Uz\u0146\u0113muma p\u0101rskats\" \/><\/p>\n<h2>Secin\u0101jums<\/h2>\n<p>Nosl\u0113gum\u0101 j\u0101saka, ka Kato maz\u0101 ekskavatora HD1023 str\u0113les cilindrs ir b\u016btiska sast\u0101vda\u013ca, lai uzlabotu smago ma\u0161\u012bnu veiktsp\u0113ju un efektivit\u0101ti. Izpratne par t\u0101 funkcij\u0101m, pielietojumu un apkopes praksi ir \u013coti svar\u012bga, lai nodro\u0161in\u0101tu ilgm\u016b\u017e\u012bbu un uzticam\u012bbu da\u017e\u0101dos ekspluat\u0101cijas apst\u0101k\u013cos. Izv\u0113loties augstas kvalit\u0101tes hidrauliskos cilindrus, lietot\u0101ji var sasniegt optim\u0101lu veiktsp\u0113ju un samazin\u0101t d\u012bkst\u0101ves laiku.<\/p>\n<p>Autors: lil<\/p>","protected":false},"excerpt":{"rendered":"<p>Boom Cylinder For Kato Small Excavator HD1023 Product Overview The Boom Cylinder for Kato Small Excavator HD1023 is a vital component designed to enhance the operational capabilities of various heavy machinery. Specifically, the bucket cylinder is a type of hydraulic cylinder that plays a crucial role in controlling the movement of the bucket in excavators, [&hellip;]<\/p>","protected":false},"featured_media":17868,"comment_status":"open","ping_status":"closed","template":"","meta":{"_et_pb_use_builder":"","_et_pb_old_content":"","_et_gb_content_width":""},"product_brand":[],"product_cat":[1546],"product_tag":[1547,1496],"class_list":{"0":"post-19740","1":"product","2":"type-product","3":"status-publish","4":"has-post-thumbnail","6":"product_cat-boom-cylinders","7":"product_tag-boom-cylinders","8":"product_tag-hydraulic-cylinders","10":"first","11":"instock","12":"shipping-taxable","13":"product-type-simple"},"amp_enabled":true,"_links":{"self":[{"href":"https:\/\/www.hydraulic-cylinders.net\/lv\/wp-json\/wp\/v2\/product\/19740","targetHints":{"allow":["GET"]}}],"collection":[{"href":"https:\/\/www.hydraulic-cylinders.net\/lv\/wp-json\/wp\/v2\/product"}],"about":[{"href":"https:\/\/www.hydraulic-cylinders.net\/lv\/wp-json\/wp\/v2\/types\/product"}],"replies":[{"embeddable":true,"href":"https:\/\/www.hydraulic-cylinders.net\/lv\/wp-json\/wp\/v2\/comments?post=19740"}],"wp:featuredmedia":[{"embeddable":true,"href":"https:\/\/www.hydraulic-cylinders.net\/lv\/wp-json\/wp\/v2\/media\/17868"}],"wp:attachment":[{"href":"https:\/\/www.hydraulic-cylinders.net\/lv\/wp-json\/wp\/v2\/media?parent=19740"}],"wp:term":[{"taxonomy":"product_brand","embeddable":true,"href":"https:\/\/www.hydraulic-cylinders.net\/lv\/wp-json\/wp\/v2\/product_brand?post=19740"},{"taxonomy":"product_cat","embeddable":true,"href":"https:\/\/www.hydraulic-cylinders.net\/lv\/wp-json\/wp\/v2\/product_cat?post=19740"},{"taxonomy":"product_tag","embeddable":true,"href":"https:\/\/www.hydraulic-cylinders.net\/lv\/wp-json\/wp\/v2\/product_tag?post=19740"}],"curies":[{"name":"wp","href":"https:\/\/api.w.org\/{rel}","templated":true}]}}