{"id":19741,"date":"2025-04-07T07:04:57","date_gmt":"2025-04-07T07:04:57","guid":{"rendered":"https:\/\/www.hydraulic-cylinders.net\/product\/boom-cylinder-for-kato-small-excavator-hd1430r\/"},"modified":"2025-04-07T07:04:59","modified_gmt":"2025-04-07T07:04:59","slug":"boom-cylinder-for-kato-small-excavator-hd1430r","status":"publish","type":"product","link":"https:\/\/www.hydraulic-cylinders.net\/lv\/products\/boom-cylinder-for-kato-small-excavator-hd1430r\/","title":{"rendered":"Kato maz\u0101 ekskavatora HD1430R str\u0113les cilindrs"},"content":{"rendered":"<h1>Kato maz\u0101 ekskavatora HD1430R str\u0113les cilindrs<\/h1>\n<h2>Produkta p\u0101rskats<\/h2>\n<p>Kato maz\u0101 ekskavatora HD1430R str\u0113les cilindrs ir svar\u012bga hidraulisk\u0101 sast\u0101vda\u013ca, kas \u012bpa\u0161i paredz\u0113ta smagaj\u0101m ma\u0161\u012bn\u0101m, piem\u0113ram, ekskavatoriem. \u0160\u0101da veida hidrauliskais cilindrs kontrol\u0113 ekskavatora str\u0113les kust\u012bbu, nodro\u0161inot prec\u012bzu kausa pacel\u0161anu, nolai\u0161anu un noliek\u0161anu. Str\u0113les cilindrs, kas ir b\u016btiska hidraulisk\u0101s sist\u0113mas sast\u0101vda\u013ca, izmanto hidraulisko spiedienu, lai nodro\u0161in\u0101tu vienm\u0113r\u012bgu un efekt\u012bvu darb\u012bbu, padarot to par b\u016btisku da\u017e\u0101diem materi\u0101lu apstr\u0101des uzdevumiem.<\/p>\n<p><img decoding=\"async\" src=\"https:\/\/www.hydraulic-cylinders.net\/wp-content\/uploads\/2025\/04\/songte-company-1.webp\" alt=\"Str\u0113les cilindra p\u0101rskats\"><\/p>\n<h3>Defin\u012bcija un funkcija<\/h3>\n<p>Kausa cilindrs ir specializ\u0113ta hidrauliska sast\u0101vda\u013ca, kam ir noz\u012bm\u012bga loma kausa kust\u012bbas kontrol\u0113\u0161an\u0101 smagaj\u0101s ma\u0161\u012bn\u0101s, piem\u0113ram, ekskavatoros, iekr\u0101v\u0113ju ekskavatoros un front\u0101lajos iekr\u0101v\u0113jos. \u0160is hidrauliskais cilindrs \u013cauj kausam kust\u0113ties uz aug\u0161u un uz leju, k\u0101 ar\u012b sasv\u0113rties, t\u0101d\u0113j\u0101di atvieglojot materi\u0101lu efekt\u012bvu apstr\u0101di. T\u0101 darb\u012bba ir balst\u012bta uz hidrauliskiem principiem, kur kust\u012bbas rad\u012b\u0161anai tiek izmantots \u0161\u0137idruma spiediens, nodro\u0161inot nepiecie\u0161amo sp\u0113ku smagu kravu cel\u0161anai un prec\u012bzai manevr\u0113\u0161anai.<\/p>\n<h2>Str\u0113les cilindra \u012bpa\u0161\u012bbas<\/h2>\n<ul>\n<li><strong>Augsta iztur\u012bba un ilgm\u016b\u017e\u012bba:<\/strong> Izgatavots no augstas stipr\u012bbas t\u0113rauda vai alum\u012bnija, lai iztur\u0113tu augstu spiedienu un lielas slodzes, paredz\u0113ts skarbai darba videi, koncentr\u0113joties uz nodilumiztur\u012bbu un aizsardz\u012bbu pret koroziju, lai pagarin\u0101tu kalpo\u0161anas laiku.<\/li>\n<li><strong>Efekt\u012bva hidraulisk\u0101 darb\u012bba:<\/strong> Izmanto hidraulisk\u0101 \u0161\u0137idruma spiedienu vienm\u0113r\u012bgai izstiep\u0161anai un ievilk\u0161anai, \u013caujot \u0101tri rea\u0123\u0113t uz darb\u012bbas komand\u0101m, vienlaikus nodro\u0161inot jaud\u012bgu stum\u0161anas un vilk\u0161anas sp\u0113ku, kas piem\u0113rots smagu kravu apstr\u0101dei.<\/li>\n<li><strong>Da\u017e\u0101di veidi:<\/strong> Pieejams vienk\u0101r\u0161\u0101s darb\u012bbas (hidrauliska darb\u012bba vien\u0101 virzien\u0101) vai divk\u0101r\u0161\u0101s darb\u012bbas (hidrauliska darb\u012bba abos virzienos) konfigur\u0101cij\u0101s, lai apmierin\u0101tu da\u017e\u0101das ekspluat\u0101cijas vajadz\u012bbas, da\u017eiem mode\u013ciem pied\u0101v\u0101jot teleskopiskas iesp\u0113jas liel\u0101kam pagarin\u0101jumam, nepalielinot \u0101r\u0113jos izm\u0113rus.<\/li>\n<\/ul>\n<p>M\u0113s ra\u017eojam \u0161o produktu, un m\u016bsu cilindri var lieliski aizst\u0101t \u0161os hidrauliskos cilindrus.<\/p>\n<p><img decoding=\"async\" src=\"https:\/\/www.hydraulic-cylinders.net\/wp-content\/uploads\/2025\/04\/songte-cylinder-head-with-all-kinds-excavator-models.webp\" alt=\"Str\u0113les cilindru veidi\"><\/p>\n<h2>Lietojumprogrammu scen\u0101riji<\/h2>\n<h3>Celtniec\u012bbas apr\u012bkojums<\/h3>\n<p>B\u016bvniec\u012bb\u0101 ekskavatoros tiek izmantoti str\u0113les cilindri, kuriem ir iz\u0161\u0137iro\u0161a noz\u012bme augsnes vai gru\u017eu rak\u0161an\u0101, iekrau\u0161an\u0101 un p\u0101rvieto\u0161an\u0101. Tie \u013cauj kausam efekt\u012bvi iek\u013c\u016bt zem\u0113, atvieglojot efekt\u012bvus rak\u0161anas procesus. Ekskavatoros-iekr\u0101v\u0113jos str\u0113les cilindrs ne tikai pal\u012bdz rak\u0161anas darbos, bet ar\u012b cel\u0161anas oper\u0101cij\u0101s, uzlabojot daudzpus\u012bbu darba viet\u0101s.<\/p>\n<h3>Lauksaimniec\u012bbas tehnika<\/h3>\n<p>Lauksaimniec\u012bbas lietojumos str\u0113les cilindri ir neat\u0146emama front\u0101lo iekr\u0101v\u0113ju sast\u0101vda\u013ca, kur tos izmanto augsnes, siena un citu materi\u0101lu sav\u0101k\u0161anai, cel\u0161anai un transport\u0113\u0161anai. To iztur\u012bba un precizit\u0101te ir b\u016btiska t\u0101diem uzdevumiem k\u0101 bar\u012bbas iekrau\u0161ana, atkritumu sav\u0101k\u0161ana un da\u017e\u0101du ar lauksaimniec\u012bbas darbiem saist\u012btu pien\u0101kumu veik\u0161ana, padarot tos neaizst\u0101jamus m\u016bsdienu lauksaimniec\u012bb\u0101.<\/p>\n<h3>Ekskavatori<\/h3>\n<p>Ekskavatoriem kausa cilindri nodro\u0161ina rak\u0161anas darb\u012bbu, \u013caujot kausam bez piep\u016bles iek\u013c\u016bt augsn\u0113. \u0160\u012b sp\u0113ja ir \u013coti svar\u012bga b\u016bvniec\u012bbas un ainavu veido\u0161anas projektos, kur nepiecie\u0161ama prec\u012bza un efekt\u012bva rak\u0161ana, lai sagatavotu vietas b\u016bvniec\u012bbai vai st\u0101d\u012b\u0161anai.<\/p>\n<h3>Iekr\u0101v\u0113ji<\/h3>\n<p>Front\u0101lajos iekr\u0101v\u0113jos str\u0113les cilindri efekt\u012bvi pal\u012bdz pacelt un izg\u0101zt materi\u0101lus. Tie uzlabo iekr\u0101v\u0113ja sp\u0113ju pacelt smagas kravas pietiekami augstu, lai atbr\u012bvotu vietu kravas kast\u0113m vai uzglab\u0101\u0161anas konteineriem, kas uzlabo produktivit\u0101ti b\u016bvniec\u012bbas un ainavu veido\u0161anas darbos.<\/p>\n<h2>Dizaina apsv\u0113rumi un atlases krit\u0113riji<\/h2>\n<h3>Kravnes\u012bba<\/h3>\n<p>Str\u0113les cilindra kravnes\u012bba ir b\u016btiska t\u0101 veiktsp\u0113jai. Tam j\u0101b\u016bt projekt\u0113tam t\u0101, lai tas iztur\u0113tu maksim\u0101l\u0101s paredzam\u0101s slodzes, vienlaikus nodro\u0161inot dro\u0161\u012bbu un uzticam\u012bbu. In\u017eenieri \u0146em v\u0113r\u0101 t\u0101dus faktorus k\u0101 materi\u0101la iztur\u012bba, cilindra izm\u0113ri un darba spiediens, lai noteiktu optim\u0101lo kravnes\u012bbu.<\/p>\n<h3>Bl\u012bv\u0113\u0161ana<\/h3>\n<p>Efekt\u012bva bl\u012bv\u0113\u0161ana ir \u013coti svar\u012bga hidraulisk\u0101 spiediena uztur\u0113\u0161anai un nopl\u016b\u017eu nov\u0113r\u0161anai. Augstas kvalit\u0101tes bl\u012bv\u0113jumi ir b\u016btiski, lai nodro\u0161in\u0101tu cilindra ilgm\u016b\u017e\u012bbu. Da\u017e\u0101di bl\u012bv\u0113jumu veidi, tostarp virzu\u013ca bl\u012bv\u0113jumi un stie\u0146a bl\u012bv\u0113jumi, tiek izv\u0113l\u0113ti, pamatojoties uz to sp\u0113ju iztur\u0113t skarbus ekspluat\u0101cijas apst\u0101k\u013cus un saglab\u0101t veiktsp\u0113ju laika gait\u0101.<\/p>\n<h3>Iztur\u012bba<\/h3>\n<p>Iztur\u012bba ir galvenais apsv\u0113rums hidraulisko cilindru projekt\u0113\u0161an\u0101. Tiem j\u0101iztur ekstrem\u0101li apst\u0101k\u013ci, tostarp augsta temperat\u016bra, spiediena sv\u0101rst\u012bbas un net\u012brumu un pies\u0101r\u0146ot\u0101ju iedarb\u012bba. Iztur\u012bgu materi\u0101lu izv\u0113le un aizsargp\u0101rkl\u0101jumu uzkl\u0101\u0161ana var iev\u0113rojami uzlabot str\u0113les cilindru iztur\u012bbu.<\/p>\n<h3>Dro\u0161\u012bba<\/h3>\n<p>Dro\u0161\u012bba ir \u0101rk\u0101rt\u012bgi svar\u012bga hidraulisko cilindru konstrukcij\u0101. Tas ietver dro\u0161\u012bbas funkciju, piem\u0113ram, spiediena samazin\u0101\u0161anas v\u0101rstu un p\u0101rslodzes aizsardz\u012bbas, iek\u013cau\u0161anu, lai nov\u0113rstu cilindru boj\u0101jumus. Regul\u0101ra apkope un dro\u0161\u012bbas standartu iev\u0113ro\u0161ana ir b\u016btiska, lai nodro\u0161in\u0101tu dro\u0161u darb\u012bbu uz lauka.<\/p>\n<h3>Uzturam\u012bba<\/h3>\n<p>Apkopes \u0113rtums attiecas uz to, cik viegli hidraulisko cilindru var apkalpot un remont\u0113t. Projekt\u0113\u0161anas apsv\u0113rumos j\u0101iek\u013cauj pieejam\u012bba p\u0101rbaud\u0113m, bl\u012bv\u0113juma nomai\u0146as vienk\u0101r\u0161\u012bba un rezerves da\u013cu pieejam\u012bba. Konstrukcija, kas atvieglo regul\u0101ru apkopi, var pagarin\u0101t str\u0113les cilindra kalpo\u0161anas laiku un samazin\u0101t d\u012bkst\u0101ves laiku.<\/p>\n<p><img decoding=\"async\" src=\"https:\/\/www.hydraulic-cylinders.net\/wp-content\/uploads\/2025\/04\/songte-oil-pipes-and-spare-parts.webp\" alt=\"Hidraulisko cilindru komponenti\"><\/p>\n<h2>Bl\u012bv\u0113\u0161ana un e\u013c\u013co\u0161ana<\/h2>\n<p>Efekt\u012bva bl\u012bv\u0113\u0161ana un e\u013c\u013co\u0161ana ir kritiski svar\u012bga hidraulisko cilindru darb\u012bbai. Tiek izmantoti da\u017e\u0101di bl\u012bv\u0113jumi, piem\u0113ram, virzu\u013ca bl\u012bvsl\u0113gi \u200b\u200bun stie\u0146a bl\u012bvsl\u0113gi, kas bie\u017ei tiek izgatavoti no iztur\u012bgiem materi\u0101liem, piem\u0113ram, poliuret\u0101na un nitrila gumijas, lai nodro\u0161in\u0101tu nodilumiztur\u012bbu. Cilindra korpuss un v\u012bt\u0146otie gali ir smalki apstr\u0101d\u0101ti, lai uzlabotu nodilumiztur\u012bbu. Regul\u0101ra e\u013c\u013co\u0161ana ar hidraulisko e\u013c\u013cu ir nepiecie\u0161ama, lai samazin\u0101tu berzi un nodilumu, nodro\u0161inot vienm\u0113r\u012bgu darb\u012bbu un pagarinot cilindra kalpo\u0161anas laiku.<\/p>\n<h2>Regul\u0101ra p\u0101rbaude un profilaktisk\u0101 apkope<\/h2>\n<ul>\n<li><strong>Regul\u0101ras p\u0101rbaudes:<\/strong> Regul\u0101ru p\u0101rbau\u017eu veik\u0161ana ir b\u016btiska, lai laikus identific\u0113tu jebk\u0101das nodiluma vai boj\u0101jumu paz\u012bmes. Tas ietver nopl\u016b\u017eu, korozijas un neparastu trok\u0161\u0146u p\u0101rbaudi darb\u012bbas laik\u0101.<\/li>\n<li><strong>Pareiza e\u013c\u013co\u0161ana:<\/strong> Ir \u013coti svar\u012bgi nodro\u0161in\u0101t, lai hidrauliskais cilindrs b\u016btu pien\u0101c\u012bgi iee\u013c\u013cots ar pareiza veida un daudzuma hidraulisko e\u013c\u013cu. Tas pal\u012bdz samazin\u0101t berzi un p\u0101rkar\u0161anu, kas var izrais\u012bt priek\u0161laic\u012bgu boj\u0101jumu.<\/li>\n<li><strong>Bl\u012bv\u0113juma nomai\u0146a:<\/strong> Regul\u0101ra bl\u012bvju nomai\u0146a ir nepiecie\u0161ama, lai uztur\u0113tu hidraulisko spiedienu un nov\u0113rstu nopl\u016bdes. Ir svar\u012bgi izmantot augstas kvalit\u0101tes bl\u012bves, kas ir piem\u0113rotas konkr\u0113tajam pielietojumam un ekspluat\u0101cijas apst\u0101k\u013ciem.<\/li>\n<\/ul>\n<h2>Instal\u0101cijas rokasgr\u0101mata<\/h2>\n<p>Pareiza str\u0113les cilindra uzst\u0101d\u012b\u0161ana ir \u013coti svar\u012bga optim\u0101lai veiktsp\u0113jai. Vispirms p\u0101rliecinieties, vai darba zona ir t\u012bra un bez gru\u017eiem. Pareizi izl\u012bdziniet hidraulisko cilindru ar mont\u0101\u017eas kron\u0161teiniem, ja nepiecie\u0161ams, izmantojot atbilsto\u0161as \u200b\u200buzst\u0101d\u012b\u0161anas iek\u0101rtas. P\u0101rliecinieties, vai visas skr\u016bves un stiprin\u0101jumi ir pievilkti atbilsto\u0161i ra\u017eot\u0101ja specifik\u0101cij\u0101m, lai nov\u0113rstu kust\u012bbu darb\u012bbas laik\u0101. Ir svar\u012bgi ar\u012b dro\u0161i savienot hidraulisk\u0101s l\u012bnijas, p\u0101rbaudot, vai nav nopl\u016b\u017eu, pirms sist\u0113mas spiediena palielin\u0101\u0161anas. \u0160o darb\u012bbu veik\u0161ana nodro\u0161in\u0101s cilindra pareizu un efekt\u012bvu darb\u012bbu.<\/p>\n<h2>Apkopes uzdevumi<\/h2>\n<ul>\n<li><strong>Regul\u0101ras p\u0101rbaudes:<\/strong> Regul\u0101ras p\u0101rbaudes var pal\u012bdz\u0113t identific\u0113t probl\u0113mas, pirms t\u0101s k\u013c\u016bst par nopietn\u0101m probl\u0113m\u0101m. Tas ietver nopl\u016b\u017eu mekl\u0113\u0161anu un visu skr\u016bvju pievilk\u0161anas nodro\u0161in\u0101\u0161anu.<\/li>\n<li><strong>Piem\u0113rota e\u013c\u013co\u0161ana:<\/strong> E\u013c\u013co\u0161ana j\u0101veic regul\u0101ri, nodro\u0161inot, ka tiek izmantots pareizais hidraulisk\u0101 \u0161\u0137idruma veids un daudzums, lai cilindrs darbotos nevainojami.<\/li>\n<li><strong>Bl\u012bv\u0113juma nomai\u0146a:<\/strong> Savlaic\u012bga bl\u012bv\u0113jumu nomai\u0146a ir \u013coti svar\u012bga, lai izvair\u012btos no hidraulisk\u0101 \u0161\u0137idruma nopl\u016bd\u0113m un saglab\u0101tu veiktsp\u0113ju. Regul\u0101ri p\u0101rbaudiet bl\u012bv\u0113jumu nodilumu un boj\u0101jumus, nomainot tos p\u0113c nepiecie\u0161am\u012bbas.<\/li>\n<\/ul>\n<h2>Dro\u0161\u012bbas apsv\u0113rumi un vides faktori<\/h2>\n<p>Str\u0101d\u0101jot ar hidrauliskajiem cilindriem, dro\u0161\u012bbas pas\u0101kumi ir b\u016btiski, lai nov\u0113rstu negad\u012bjumus un traumas. Operatoriem j\u0101valk\u0101 atbilsto\u0161s aizsargapr\u012bkojums, un uzst\u0101d\u012b\u0161anas un apkopes laik\u0101 j\u0101iev\u0113ro visi dro\u0161\u012bbas protokoli. Turkl\u0101t ir svar\u012bgi \u0146emt v\u0113r\u0101 vides faktorus, piem\u0113ram, pareizu hidraulisko \u0161\u0137idrumu un veco deta\u013cu utiliz\u0101ciju, lai samazin\u0101tu ietekmi uz vidi.<\/p>\n<h2>K\u013c\u016bmju diagnostika un bie\u017e\u0101k sastopam\u0101s probl\u0113mas<\/h2>\n<ul>\n<li><strong>Nopl\u016bdes:<\/strong> Hidraulisk\u0101 \u0161\u0137idruma nopl\u016bdes var liecin\u0101t par bl\u012bv\u0113juma atteici vai cilindra korpusa boj\u0101jumiem. Regul\u0101ras p\u0101rbaudes var pal\u012bdz\u0113t savlaic\u012bgi atkl\u0101t nopl\u016bdes.<\/li>\n<li><strong>Slikta veiktsp\u0113ja:<\/strong> Ja cilindrs neizvelkas vai neievelkas vienm\u0113r\u012bgi, tas var nor\u0101d\u012bt uz probl\u0113m\u0101m ar e\u013c\u013co\u0161anu vai iek\u0161\u0113jiem boj\u0101jumiem.<\/li>\n<li><strong>Trok\u0161\u0146aina darb\u012bba:<\/strong> Neparastas ska\u0146as darb\u012bbas laik\u0101 var liecin\u0101t par iek\u0161\u0113ju nodilumu vai nepietiekamu e\u013c\u013co\u0161anu, kam nepiecie\u0161ama t\u016bl\u012bt\u0113ja uzman\u012bba.<\/li>\n<\/ul>\n<p>Probl\u0113mu nov\u0113r\u0161anas padomu un risin\u0101jumu snieg\u0161ana var pal\u012bdz\u0113t las\u012bt\u0101jiem efekt\u012bvi diagnostic\u0113t un nov\u0113rst probl\u0113mas ar hidrauliskajiem cilindriem. Prevent\u012bvie pas\u0101kumi, piem\u0113ram, regul\u0101ra apkope un p\u0101rbaudes, var iev\u0113rojami samazin\u0101t probl\u0113mu ra\u0161an\u0101s iesp\u0113jam\u012bbu.<\/p>\n<p><img decoding=\"async\" src=\"https:\/\/www.hydraulic-cylinders.net\/wp-content\/uploads\/2025\/04\/songte-bushings-with-all-kinds-of-excavator-models.webp\" alt=\"K\u013c\u016bmju diagnostika\"><\/p>\n<h2>Par m\u016bsu uz\u0146\u0113mumu<\/h2>\n<p>M\u0113s esam vado\u0161ais rezerves hidraulisko cilindru ra\u017eot\u0101js, pied\u0101v\u0101jot pla\u0161u produktu kl\u0101stu, kas ir nostiprin\u0101jis m\u016bsu k\u0101 viena no vado\u0161ajiem ra\u017eot\u0101jiem un vairumtirgot\u0101jiem gan viet\u0113j\u0101, gan starptautiskaj\u0101 tirg\u016b. M\u016bsu ap\u0146em\u0161anos sasniegt izcil\u012bbu atbalsta prec\u012bzi piel\u0101gota ra\u017eo\u0161anas vad\u012bbas strat\u0113\u0123ija. Izmantojot kvalific\u0113tu person\u0101lu, modernu digit\u0101lo ra\u017eo\u0161anas apr\u012bkojumu un profesion\u0101las test\u0113\u0161anas sist\u0113mas, m\u0113s nep\u0101rtraukti uzlabojam savu ra\u017eo\u0161anas platformu un uzlabojam produktu kvalit\u0101ti. M\u016bsu sp\u0113c\u012bg\u0101s inov\u0101ciju sp\u0113jas apvienojum\u0101 ar augstu efektivit\u0101ti, precizit\u0101ti un kvalit\u0101ti \u013cauj mums apmierin\u0101t m\u016bsu klientu da\u017e\u0101d\u0101s vajadz\u012bbas.<\/p>\n<p><img decoding=\"async\" src=\"https:\/\/www.hydraulic-cylinders.net\/wp-content\/uploads\/2025\/04\/songte-company-4.webp\" alt=\"Uz\u0146\u0113muma p\u0101rskats\"><br \/>\n<img decoding=\"async\" src=\"https:\/\/www.hydraulic-cylinders.net\/wp-content\/uploads\/2025\/04\/songte-company-3.webp\" alt=\"Uz\u0146\u0113muma telpas\"><\/p>\n<p>Autors: lil<\/p>","protected":false},"excerpt":{"rendered":"<p>Boom Cylinder For Kato Small Excavator HD1430R Product Overview The Boom Cylinder for Kato Small Excavator HD1430R is a crucial hydraulic component designed specifically for heavy machinery such as excavators. This type of hydraulic cylinder controls the movement of the excavator&#8217;s boom, allowing for precise lifting, lowering, and tilting of the bucket. As a vital [&hellip;]<\/p>","protected":false},"featured_media":17869,"comment_status":"open","ping_status":"closed","template":"","meta":{"_et_pb_use_builder":"","_et_pb_old_content":"","_et_gb_content_width":""},"product_brand":[],"product_cat":[1546],"product_tag":[1547,1496],"class_list":{"0":"post-19741","1":"product","2":"type-product","3":"status-publish","4":"has-post-thumbnail","6":"product_cat-boom-cylinders","7":"product_tag-boom-cylinders","8":"product_tag-hydraulic-cylinders","10":"first","11":"instock","12":"shipping-taxable","13":"product-type-simple"},"amp_enabled":true,"_links":{"self":[{"href":"https:\/\/www.hydraulic-cylinders.net\/lv\/wp-json\/wp\/v2\/product\/19741","targetHints":{"allow":["GET"]}}],"collection":[{"href":"https:\/\/www.hydraulic-cylinders.net\/lv\/wp-json\/wp\/v2\/product"}],"about":[{"href":"https:\/\/www.hydraulic-cylinders.net\/lv\/wp-json\/wp\/v2\/types\/product"}],"replies":[{"embeddable":true,"href":"https:\/\/www.hydraulic-cylinders.net\/lv\/wp-json\/wp\/v2\/comments?post=19741"}],"wp:featuredmedia":[{"embeddable":true,"href":"https:\/\/www.hydraulic-cylinders.net\/lv\/wp-json\/wp\/v2\/media\/17869"}],"wp:attachment":[{"href":"https:\/\/www.hydraulic-cylinders.net\/lv\/wp-json\/wp\/v2\/media?parent=19741"}],"wp:term":[{"taxonomy":"product_brand","embeddable":true,"href":"https:\/\/www.hydraulic-cylinders.net\/lv\/wp-json\/wp\/v2\/product_brand?post=19741"},{"taxonomy":"product_cat","embeddable":true,"href":"https:\/\/www.hydraulic-cylinders.net\/lv\/wp-json\/wp\/v2\/product_cat?post=19741"},{"taxonomy":"product_tag","embeddable":true,"href":"https:\/\/www.hydraulic-cylinders.net\/lv\/wp-json\/wp\/v2\/product_tag?post=19741"}],"curies":[{"name":"wp","href":"https:\/\/api.w.org\/{rel}","templated":true}]}}