{"id":19744,"date":"2025-04-07T07:05:04","date_gmt":"2025-04-07T07:05:04","guid":{"rendered":"https:\/\/www.hydraulic-cylinders.net\/product\/boom-cylinder-for-kato-small-excavator-hd512-3\/"},"modified":"2025-04-07T07:05:07","modified_gmt":"2025-04-07T07:05:07","slug":"boom-cylinder-for-kato-small-excavator-hd512-3","status":"publish","type":"product","link":"https:\/\/www.hydraulic-cylinders.net\/lv\/products\/boom-cylinder-for-kato-small-excavator-hd512-3\/","title":{"rendered":"Kato maz\u0101 ekskavatora HD512-3 str\u0113les cilindrs"},"content":{"rendered":"<h1>Kato maz\u0101 ekskavatora HD512-3 str\u0113les cilindrs<\/h1>\n<h2>Str\u0113les cilindra p\u0101rskats<\/h2>\n<p>Str\u0113les cilindrs ir b\u016btiska hidraulisko sist\u0113mu sast\u0101vda\u013ca, kas galvenok\u0101rt paredz\u0113ta, lai kontrol\u0113tu kausu kust\u012bbu da\u017e\u0101d\u0101s smagaj\u0101s ma\u0161\u012bn\u0101s, piem\u0113ram, ekskavatoros, iekr\u0101v\u0113ju ekskavatoros un front\u0101lajos iekr\u0101v\u0113jos. \u0160is hidrauliskais cilindrs \u013cauj kausam pacelt, nolaist un noliekt, efekt\u012bvi atvieglojot materi\u0101lu apstr\u0101des uzdevumus. Str\u0113les cilindram ir iz\u0161\u0137iro\u0161a noz\u012bme b\u016bvniec\u012bbas tehnikas veiktsp\u0113j\u0101 un daudzpus\u012bb\u0101, \u013caujot prec\u012bzi kontrol\u0113t un p\u0101rvietot smagas kravas, padarot to neaizst\u0101jamu b\u016bvniec\u012bbas un rak\u0161anas darbos.<\/p>\n<p><img decoding=\"async\" src=\"https:\/\/www.hydraulic-cylinders.net\/wp-content\/uploads\/2025\/04\/songte-company-1.webp\" alt=\"Ekskavatora str\u0113les cilindrs\" \/><\/p>\n<h2>M\u016bsu str\u0113les cilindra \u012bpa\u0161\u012bbas<\/h2>\n<ul>\n<li>\n<h3>Augsta iztur\u012bba un ilgm\u016b\u017e\u012bba<\/h3>\n<p>M\u016bsu str\u0113les cilindri ir izgatavoti no augstas stipr\u012bbas t\u0113rauda vai alum\u012bnija, un tie ir paredz\u0113ti, lai iztur\u0113tu augstu spiedienu un lielas slodzes, vienlaikus piel\u0101gojoties skarbajai darba videi. Konstrukcij\u0101 ir \u0146emta v\u0113r\u0101 nodilumiztur\u012bba un iztur\u012bba pret koroziju, pagarinot produkta kalpo\u0161anas laiku.<\/p>\n<\/li>\n<li>\n<h3>Efekt\u012bva hidraulisk\u0101 darb\u012bba<\/h3>\n<p>Izmantojot hidraulisk\u0101 \u0161\u0137idruma spiedienu, m\u016bsu cilindri nodro\u0161ina vienm\u0113r\u012bgu izvirz\u012b\u0161anu un ievilk\u0161anu, garant\u0113jot \u0101tru reakciju uz operatora komand\u0101m un jaud\u012bgu stum\u0161anas un vilk\u0161anas sp\u0113ku, kas ir ide\u0101li piem\u0113rots smagu un sare\u017e\u0123\u012btu ekspluat\u0101cijas uzdevumu veik\u0161anai.<\/p>\n<\/li>\n<li>\n<h3>Da\u017e\u0101di veidi<\/h3>\n<p>M\u016bsu str\u0113les cilindri ir pieejami da\u017e\u0101dos mode\u013cos, tostarp vienvirziena darb\u012bbas (darbojas vien\u0101 virzien\u0101) un divk\u0101r\u0161as darb\u012bbas (darbojas abos virzienos). Da\u017ei mode\u013ci ir teleskopiski, kas \u013cauj palielin\u0101t sniedzam\u012bbu, nepalielinot \u0101r\u0113jos izm\u0113rus, padarot tos piem\u0113rotus lietojumiem ar ierobe\u017eotu vietu.<\/p>\n<\/li>\n<li>\n<h3>Prec\u012bzijas in\u017eenierija<\/h3>\n<p>Katrs cilindrs tiek pak\u013cauts stingrai p\u0101rbaudei un kvalit\u0101tes kontrolei, lai nodro\u0161in\u0101tu uzticamu veiktsp\u0113ju un ilgm\u016b\u017e\u012bbu sare\u017e\u0123\u012btos apst\u0101k\u013cos.<\/p>\n<\/li>\n<li>\n<h3>Daudzpus\u012bgi pielietojumi<\/h3>\n<p>M\u016bsu cilindri ir izstr\u0101d\u0101ti sader\u012bbai ar da\u017e\u0101diem ekskavatoru mode\u013ciem, un tie var neman\u0101mi aizst\u0101t ori\u0123in\u0101l\u0101s deta\u013cas (OEM), nodro\u0161inot optim\u0101lu veiktsp\u0113ju.<\/p>\n<\/li>\n<\/ul>\n<p><img decoding=\"async\" src=\"https:\/\/www.hydraulic-cylinders.net\/wp-content\/uploads\/2025\/04\/songte-cylinder-head-with-all-kinds-excavator-models.webp\" alt=\"Ekskavatoru mode\u013cu sader\u012bba\" \/><\/p>\n<h2>Lietojumprogrammu scen\u0101riji<\/h2>\n<ul>\n<li>\n<h3>Celtniec\u012bbas apr\u012bkojums<\/h3>\n<p>Ekskavatoros str\u0113les cilindri ir galven\u0101 loma zemes vai gru\u017eu rak\u0161an\u0101, iekrau\u0161an\u0101 un p\u0101rvieto\u0161an\u0101. To funkcionalit\u0101te ir \u013coti svar\u012bga b\u016bvlaukumos, veicot uzdevumus, kas saist\u012bti ar smagu kravu cel\u0161anu un prec\u012bzu materi\u0101lu izvieto\u0161anu.<\/p>\n<\/li>\n<li>\n<h3>Lauksaimniec\u012bbas tehnika<\/h3>\n<p>\u0160ie cilindri, ko izmanto front\u0101lajos iekr\u0101v\u0113jos, ir svar\u012bgi augsnes, siena un citu materi\u0101lu sav\u0101k\u0161anai, cel\u0161anai un transport\u0113\u0161anai. To efekt\u012bv\u0101 darb\u012bba uzlabo ra\u017e\u012bgumu lauksaimniec\u012bbas darbos.<\/p>\n<\/li>\n<li>\n<h3>Ekskavatori<\/h3>\n<p>Str\u0113les cilindri \u013cauj kausam efekt\u012bvi iek\u013c\u016bt zem\u0113, nodro\u0161inot efekt\u012bvas rak\u0161anas darb\u012bbas, kas ir \u013coti svar\u012bgas rak\u0161anas darbos.<\/p>\n<\/li>\n<li>\n<h3>Iekr\u0101v\u0113ji<\/h3>\n<p>Front\u0101lajos iekr\u0101v\u0113jos str\u0113les cilindri pal\u012bdz efekt\u012bvi pacelt un izkraut kravas, padarot tos par b\u016btiskiem instrumentiem materi\u0101lu apstr\u0101des un b\u016bvniec\u012bbas procesos.<\/p>\n<\/li>\n<\/ul>\n<h2>Dizaina apsv\u0113rumi un atlases krit\u0113riji<\/h2>\n<ul>\n<li>\n<h3>Kravnes\u012bba<\/h3>\n<p>Izv\u0113loties str\u0113les cilindru, kravnes\u012bba ir kritiski svar\u012bga. Tai j\u0101sp\u0113j pacelt paredz\u0113t\u0101s slodzes bez atteices. Tas ietver gan statisko, gan dinamisko slod\u017eu \u0146em\u0161anu v\u0113r\u0101 ekspluat\u0101cijas laik\u0101.<\/p>\n<\/li>\n<li>\n<h3>Bl\u012bv\u0113\u0161ana<\/h3>\n<p>Efekt\u012bva bl\u012bv\u0113\u0161ana ir \u013coti svar\u012bga, lai nov\u0113rstu hidraulisk\u0101 \u0161\u0137idruma nopl\u016bdi, kas var izrais\u012bt veiktsp\u0113jas pasliktin\u0101\u0161anos un vides apdraud\u0113jumu. Augstas kvalit\u0101tes bl\u012bv\u0113jumi nodro\u0161ina ilgtermi\u0146a uzticam\u012bbu un minim\u0101lu apkopi.<\/p>\n<\/li>\n<li>\n<h3>Iztur\u012bba<\/h3>\n<p>Balona materi\u0101ls un konstrukcija ietekm\u0113 t\u0101 iztur\u012bbu. Izv\u0113loties materi\u0101lus, kas ir iztur\u012bgi pret nodilumu un koroziju, tiek uzlabots produkta kalpo\u0161anas laiks un samazin\u0101ts nomai\u0146as bie\u017eums.<\/p>\n<\/li>\n<li>\n<h3>Dro\u0161\u012bba<\/h3>\n<p>Dro\u0161\u012bbas funkciju, piem\u0113ram, spiediena samazin\u0101\u0161anas v\u0101rstu, iek\u013cau\u0161ana nodro\u0161ina dro\u0161u darb\u012bbu da\u017e\u0101dos apst\u0101k\u013cos, kas ir svar\u012bgi vid\u0113 ar augst\u0101m likm\u0113m, piem\u0113ram, b\u016bvlaukumos.<\/p>\n<\/li>\n<li>\n<h3>Uzturam\u012bba<\/h3>\n<p>Ir \u013coti svar\u012bgi projekt\u0113t cilindrus, lai tos b\u016btu viegli apkopt. Svar\u012bg\u0101ko komponentu pieejam\u012bbas nodro\u0161in\u0101\u0161ana p\u0101rbaudei un apkopei var iev\u0113rojami samazin\u0101t d\u012bkst\u0101ves laiku.<\/p>\n<\/li>\n<\/ul>\n<p><img decoding=\"async\" src=\"https:\/\/www.hydraulic-cylinders.net\/wp-content\/uploads\/2025\/04\/songte-oil-pipes-and-spare-parts.webp\" alt=\"Hidraulisk\u0101s deta\u013cas un apkope\" \/><\/p>\n<h2>Bl\u012bv\u0113\u0161ana un e\u013c\u013co\u0161ana<\/h2>\n<p>Pareiza bl\u012bv\u0113\u0161ana un e\u013c\u013co\u0161ana ir b\u016btiska hidraulisko cilindru ilgm\u016b\u017e\u012bbai. Da\u017e\u0101di bl\u012bv\u0113jumi, piem\u0113ram, virzu\u013ca bl\u012bvsl\u0113gi \u200b\u200bun stie\u0146a bl\u012bvsl\u0113gi, ir izgatavoti no iztur\u012bgiem materi\u0101liem, piem\u0113ram, poliuret\u0101na un nitrila gumijas, kas nodro\u0161ina izcilu nodilumiztur\u012bbu. Cilindra korpusa un v\u012bt\u0146oto galu prec\u012bzi apstr\u0101d\u0101t\u0101s virsmas uzlabo iztur\u012bbu un samazina nodilumu. Regul\u0101ra e\u013c\u013co\u0161ana, pievienojot pietiekamu daudzumu hidraulisk\u0101s e\u013c\u013cas, ir nepiecie\u0161ama, lai uztur\u0113tu optim\u0101lu veiktsp\u0113ju un nov\u0113rstu sausas darb\u012bbas apst\u0101k\u013cus, kas var izrais\u012bt priek\u0161laic\u012bgu boj\u0101jumu.<\/p>\n<h2>Prevent\u012bvie apkopes pas\u0101kumi<\/h2>\n<ul>\n<li>\n<h3>Regul\u0101ras p\u0101rbaudes<\/h3>\n<p>Regul\u0101ras hidraulisko cilindru p\u0101rbaudes, lai noteiktu nopl\u016bdes, nodilumu un citas boj\u0101juma paz\u012bmes, var pal\u012bdz\u0113t identific\u0113t probl\u0113mas, pirms t\u0101s k\u013c\u016bst par nopietn\u0101m probl\u0113m\u0101m.<\/p>\n<\/li>\n<li>\n<h3>Piem\u0113rota e\u013c\u013co\u0161ana<\/h3>\n<p>Pareiza e\u013c\u013co\u0161anas l\u012bme\u0146a uztur\u0113\u0161ana un pareiza veida hidraulisk\u0101s e\u013c\u013cas lieto\u0161ana ir \u013coti svar\u012bga, lai nodro\u0161in\u0101tu vienm\u0113r\u012bgu darb\u012bbu un samazin\u0101tu berzi starp kust\u012bgaj\u0101m da\u013c\u0101m.<\/p>\n<\/li>\n<li>\n<h3>Bl\u012bv\u0113juma nomai\u0146a<\/h3>\n<p>Regul\u0101ra bl\u012bv\u0113jumu p\u0101rbaude un nomai\u0146a p\u0113c nepiecie\u0161am\u012bbas pal\u012bdz uztur\u0113t hidraulisko spiedienu un nov\u0113r\u0161 nopl\u016bdes, nodro\u0161inot sist\u0113mas efekt\u012bvu darb\u012bbu.<\/p>\n<\/li>\n<\/ul>\n<h2>Uzst\u0101d\u012b\u0161anas vadl\u012bnijas<\/h2>\n<p>Pareiza str\u0113les cilindra uzst\u0101d\u012b\u0161ana ir \u013coti svar\u012bga t\u0101 veiktsp\u0113jai un ilgm\u016b\u017e\u012bbai. Vispirms p\u0101rliecinieties, vai cilindrs ir pareizi izl\u012bdzin\u0101ts ar ekskavatora stiprin\u0101juma punktiem. Ieteicams izmantot atbilsto\u0161us stiprin\u0101juma kron\u0161teinus, lai stingri nostiprin\u0101tu cilindru viet\u0101. P\u0101rliecinieties, vai visa aparat\u016bra ir pievilkta atbilsto\u0161i ra\u017eot\u0101ja specifik\u0101cij\u0101m, lai izvair\u012btos no jebk\u0101das atsl\u0101b\u0161anas darb\u012bbas laik\u0101. Turkl\u0101t pirms cilindra darb\u012bbas p\u0101rbaudes p\u0101rbaudiet, vai hidrauliskajos savienojumos nav nopl\u016b\u017eu, un p\u0101rliecinieties, ka hidraulisk\u0101 e\u013c\u013ca ir piepild\u012bta l\u012bdz pareizajam l\u012bmenim. Vienm\u0113r r\u016bp\u012bgi iev\u0113rojiet ra\u017eot\u0101ja uzst\u0101d\u012b\u0161anas instrukcijas, lai nodro\u0161in\u0101tu optim\u0101lu veiktsp\u0113ju.<\/p>\n<h2>Bie\u017ei sastopamie apkopes uzdevumi<\/h2>\n<ul>\n<li>\n<h3>Regul\u0101ras p\u0101rbaudes<\/h3>\n<p>Regul\u0101ri p\u0101rbaudiet hidraulisk\u0101s sist\u0113mas spiedienu un veiktsp\u0113ju. Jebkuru neatbilst\u012bbu uzraudz\u012bba nodro\u0161ina, ka nelielas probl\u0113mas tiek nekav\u0113joties risin\u0101tas, pirms t\u0101s noved pie nopietn\u0101m k\u013c\u016bm\u0113m.<\/p>\n<\/li>\n<li>\n<h3>Pareiza e\u013c\u013co\u0161ana<\/h3>\n<p>Nodro\u0161iniet pareizu e\u013c\u013co\u0161anu, izmantojot augstas kvalit\u0101tes hidraulisko e\u013c\u013cu un uzkl\u0101jot to ieteicamajos interv\u0101los, lai samazin\u0101tu cilindru deta\u013cu nodilumu.<\/p>\n<\/li>\n<li>\n<h3>Bl\u012bv\u0113juma nomai\u0146a un kalibr\u0113\u0161ana<\/h3>\n<p>Regul\u0101ri nomainiet nolietot\u0101s bl\u012bves un veiciet kalibr\u0113\u0161anas p\u0101rbaudes, lai uztur\u0113tu hidraulisko darb\u012bbu precizit\u0101ti. Tas uzlabos sist\u0113mas uzticam\u012bbu un efektivit\u0101ti.<\/p>\n<\/li>\n<\/ul>\n<p><img decoding=\"async\" src=\"https:\/\/www.hydraulic-cylinders.net\/wp-content\/uploads\/2025\/04\/songte-chushion-collar.webp\" alt=\"Cilindra amortiz\u0101cija\" \/><\/p>\n<h2>Dro\u0161\u012bbas apsv\u0113rumi un vides faktori<\/h2>\n<p>Darbinot hidrauliskos cilindrus, dro\u0161\u012bbas pas\u0101kumi ir \u0101rk\u0101rt\u012bgi svar\u012bgi, lai aizsarg\u0101tu person\u0101lu un apr\u012bkojumu. Vienm\u0113r p\u0101rliecinieties, vai ir uzst\u0101d\u012bti dro\u0161\u012bbas aizsargi un vai operatori ir apm\u0101c\u012bti pareiz\u0101s lieto\u0161anas tehnik\u0101s. J\u0101\u0146em v\u0113r\u0101 ar\u012b t\u0101di vides faktori k\u0101 ekstrem\u0101las temperat\u016bras un saskare ar kod\u012bg\u0101m viel\u0101m, jo \u200b\u200btie var ietekm\u0113t cilindra darb\u012bbu un kalpo\u0161anas laiku. Regul\u0101ra apm\u0101c\u012bba par dro\u0161\u012bbas protokoliem un vides apzi\u0146u var iev\u0113rojami samazin\u0101t negad\u012bjumu un iek\u0101rtu boj\u0101jumu risku.<\/p>\n<h2>K\u013c\u016bmju diagnostika un bie\u017e\u0101k sastopam\u0101s probl\u0113mas<\/h2>\n<ul>\n<li>\n<h3>Hidraulisk\u0101s nopl\u016bdes<\/h3>\n<p>Nopl\u016bdes bie\u017ei nor\u0101da uz nolietotiem bl\u012bv\u0113jumiem vai boj\u0101tiem komponentiem. Regul\u0101ri p\u0101rbaudiet sist\u0113mu, vai nav \u0161\u0137idruma zuduma paz\u012bmju, un nekav\u0113joties nov\u0113rsiet probl\u0113mu, lai nov\u0113rstu darb\u012bbas trauc\u0113jumus.<\/p>\n<\/li>\n<li>\n<h3>Neregul\u0101ra kust\u012bba<\/h3>\n<p>Ja cilindrs kustas neregul\u0101ri vai nerea\u0123\u0113, tas var b\u016bt saist\u012bts ar zemu hidraulisk\u0101 \u0161\u0137idruma l\u012bmeni vai gaisu sist\u0113m\u0101. P\u0101rbaudiet \u0161\u0137idruma l\u012bmeni un atgaisojiet l\u012bnijas, lai atjaunotu pareizu darb\u012bbu.<\/p>\n<\/li>\n<li>\n<h3>P\u0101rkar\u0161ana<\/h3>\n<p>P\u0101rm\u0113r\u012bgs karstums var liecin\u0101t par p\u0101rslodzi vai nepietiekamu e\u013c\u013co\u0161anu. P\u0101rliecinieties, ka cilindrs netiek pak\u013cauts slodz\u0113m, kas p\u0101rsniedz t\u0101 jaudu, un ka tiek nodro\u0161in\u0101ta atbilsto\u0161a e\u013c\u013co\u0161ana.<\/p>\n<\/li>\n<\/ul>\n<h2>Padomi probl\u0113mu nov\u0113r\u0161anai un prevent\u012bviem pas\u0101kumiem<\/h2>\n<p>Lai efekt\u012bvi diagnostic\u0113tu k\u013c\u016bmes, uzturiet visu hidraulisk\u0101s sist\u0113mas probl\u0113mu un veikto remontu \u017eurn\u0101lu. Regul\u0101ras apkopes p\u0101rbaudes un t\u016bl\u012bt\u0113ja uzman\u012bbas piev\u0113r\u0161ana jebk\u0101d\u0101m nodiluma paz\u012bm\u0113m var iev\u0113rojami samazin\u0101t nopietnu probl\u0113mu iesp\u0113jam\u012bbu. Prevent\u012bv\u0101s apkopes grafika ievie\u0161ana, kas ietver regul\u0101ras p\u0101rbaudes un apkopi, uzlabos uzticam\u012bbu un pagarin\u0101s str\u0113les cilindra kalpo\u0161anas laiku.<\/p>\n<p><img decoding=\"async\" src=\"https:\/\/www.hydraulic-cylinders.net\/wp-content\/uploads\/2025\/04\/songte-bushings-with-all-kinds-of-excavator-models.webp\" alt=\"Ekskavatoru bukses\" \/><\/p>\n<h2>Uz\u0146\u0113muma ievads<\/h2>\n<p>M\u0113s esam vado\u0161ais alternat\u012bvo hidraulisko cilindru ra\u017eot\u0101js, pied\u0101v\u0101jot pla\u0161u produktu kl\u0101stu, kas m\u016bs novieto starp vado\u0161ajiem vairumtirgot\u0101jiem gan viet\u0113j\u0101, gan starptautiskaj\u0101 tirg\u016b. M\u0113s iev\u0113rojam izcil\u012bbas kvalit\u0101tes principus, izmantojot r\u016bpniecisk\u0101s ra\u017eo\u0161anas vad\u012bbas strat\u0113\u0123iju, kas uzsver izsmalcin\u0101tus ra\u017eo\u0161anas procesus. M\u016bsu uz\u0146\u0113mums iegulda kvalific\u0113t\u0101 tehniskaj\u0101 person\u0101l\u0101, modern\u0101kaj\u0101 digit\u0101laj\u0101 ra\u017eo\u0161anas iek\u0101rt\u0101 un specializ\u0113t\u0101s test\u0113\u0161anas sist\u0113m\u0101s, lai nep\u0101rtraukti uzlabotu m\u016bsu ra\u017eo\u0161anas iesp\u0113jas. Ar sp\u0113c\u012bgu uzsvaru uz efektivit\u0101ti, precizit\u0101ti un kvalit\u0101ti m\u0113s esam ap\u0146\u0113mu\u0161ies apmierin\u0101t da\u017e\u0101das klientu vajadz\u012bbas, izmantojot piel\u0101gotus risin\u0101jumus un stabilu p\u0113cp\u0101rdo\u0161anas atbalstu.<\/p>\n<p><img decoding=\"async\" src=\"https:\/\/www.hydraulic-cylinders.net\/wp-content\/uploads\/2025\/04\/songte-company-4.webp\" alt=\"Uz\u0146\u0113muma p\u0101rskats\" \/><br \/>\n<img decoding=\"async\" src=\"https:\/\/www.hydraulic-cylinders.net\/wp-content\/uploads\/2025\/04\/songte-company-3.webp\" alt=\"Ra\u017eo\u0161anas iek\u0101rta\" \/><\/p>\n<p>Autors: lil<\/p>","protected":false},"excerpt":{"rendered":"<p>Boom Cylinder For Kato Small Excavator HD512-3 Overview of Boom Cylinder The boom cylinder is an essential component in hydraulic systems, primarily designed to control the movement of buckets in various heavy machinery, such as excavators, backhoe loaders, and front loaders. This hydraulic cylinder enables the bucket to lift, lower, and tilt, facilitating material handling [&hellip;]<\/p>","protected":false},"featured_media":17872,"comment_status":"open","ping_status":"closed","template":"","meta":{"_et_pb_use_builder":"","_et_pb_old_content":"","_et_gb_content_width":""},"product_brand":[],"product_cat":[1546],"product_tag":[1547,1496],"class_list":{"0":"post-19744","1":"product","2":"type-product","3":"status-publish","4":"has-post-thumbnail","6":"product_cat-boom-cylinders","7":"product_tag-boom-cylinders","8":"product_tag-hydraulic-cylinders","10":"first","11":"instock","12":"shipping-taxable","13":"product-type-simple"},"amp_enabled":true,"_links":{"self":[{"href":"https:\/\/www.hydraulic-cylinders.net\/lv\/wp-json\/wp\/v2\/product\/19744","targetHints":{"allow":["GET"]}}],"collection":[{"href":"https:\/\/www.hydraulic-cylinders.net\/lv\/wp-json\/wp\/v2\/product"}],"about":[{"href":"https:\/\/www.hydraulic-cylinders.net\/lv\/wp-json\/wp\/v2\/types\/product"}],"replies":[{"embeddable":true,"href":"https:\/\/www.hydraulic-cylinders.net\/lv\/wp-json\/wp\/v2\/comments?post=19744"}],"wp:featuredmedia":[{"embeddable":true,"href":"https:\/\/www.hydraulic-cylinders.net\/lv\/wp-json\/wp\/v2\/media\/17872"}],"wp:attachment":[{"href":"https:\/\/www.hydraulic-cylinders.net\/lv\/wp-json\/wp\/v2\/media?parent=19744"}],"wp:term":[{"taxonomy":"product_brand","embeddable":true,"href":"https:\/\/www.hydraulic-cylinders.net\/lv\/wp-json\/wp\/v2\/product_brand?post=19744"},{"taxonomy":"product_cat","embeddable":true,"href":"https:\/\/www.hydraulic-cylinders.net\/lv\/wp-json\/wp\/v2\/product_cat?post=19744"},{"taxonomy":"product_tag","embeddable":true,"href":"https:\/\/www.hydraulic-cylinders.net\/lv\/wp-json\/wp\/v2\/product_tag?post=19744"}],"curies":[{"name":"wp","href":"https:\/\/api.w.org\/{rel}","templated":true}]}}