{"id":19745,"date":"2025-04-07T07:05:07","date_gmt":"2025-04-07T07:05:07","guid":{"rendered":"https:\/\/www.hydraulic-cylinders.net\/product\/boom-cylinder-for-kato-small-excavator-hd770-1-2-7\/"},"modified":"2025-04-07T07:05:10","modified_gmt":"2025-04-07T07:05:10","slug":"boom-cylinder-for-kato-small-excavator-hd770-1-2-7","status":"publish","type":"product","link":"https:\/\/www.hydraulic-cylinders.net\/lv\/products\/boom-cylinder-for-kato-small-excavator-hd770-1-2-7\/","title":{"rendered":"Kato maz\u0101 ekskavatora HD770-1-2-7 str\u0113les cilindrs"},"content":{"rendered":"<h1>Kato maz\u0101 ekskavatora HD770-1-2-7 str\u0113les cilindrs<\/h1>\n<h2>Produkta p\u0101rskats<\/h2>\n<p>Kato maz\u0101 ekskavatora HD770-1-2-7 str\u0113les cilindrs ir b\u016btiska hidrauliska sast\u0101vda\u013ca, kas \u012bpa\u0161i paredz\u0113ta da\u017e\u0101d\u0101m smagaj\u0101m ma\u0161\u012bn\u0101m. \u0160is hidrauliskais cilindrs ir \u013coti svar\u012bgs, lai kontrol\u0113tu kausa kust\u012bbu ekskavatoros, ekskavatoros-iekr\u0101v\u0113jos un front\u0101lajos iekr\u0101v\u0113jos, \u013caujot kausam pacelties, nolaisties un noliekties, t\u0101d\u0113j\u0101di efekt\u012bvi atvieglojot materi\u0101lu apstr\u0101des uzdevumus.<\/p>\n<p>Kausa cilindri ir hidraulisko cilindru veids, kas darbojas hidrauliskaj\u0101s sist\u0113m\u0101s, izmantojot hidraulisk\u0101 \u0161\u0137idruma spiedienu, lai rad\u012btu meh\u0101nisku kust\u012bbu. To galvenais uzdevums ir vad\u012bt rak\u0161anas kausa darb\u012bbu, kas ir \u013coti svar\u012bgi b\u016bvniec\u012bb\u0101, lauksaimniec\u012bb\u0101 un da\u017e\u0101dos r\u016bpnieciskos pielietojumos.<\/p>\n<p><img decoding=\"async\" src=\"https:\/\/www.hydraulic-cylinders.net\/wp-content\/uploads\/2025\/04\/songte-company-1.webp\" alt=\"Kato maz\u0101 ekskavatora str\u0113les cilindrs\"><\/p>\n<h2>Str\u0113les cilindra \u012bpa\u0161\u012bbas<\/h2>\n<ul>\n<li><strong>Augsta iztur\u012bba un ilgm\u016b\u017e\u012bba:<\/strong> \u0160ie cilindri, kas parasti ir izgatavoti no augstas stipr\u012bbas t\u0113rauda vai alum\u012bnija, var iztur\u0113t augstu spiedienu un lielas slodzes, padarot tos piem\u0113rotus skarbiem darba apst\u0101k\u013ciem. Tie ir izstr\u0101d\u0101ti, \u0146emot v\u0113r\u0101 nodilumiztur\u012bbu un korozijas iztur\u012bbu, t\u0101d\u0113j\u0101di pagarinot to kalpo\u0161anas laiku.<\/li>\n<li><strong>Efekt\u012bva hidraulisk\u0101 darb\u012bba:<\/strong> Cilindrs izmanto hidraulisk\u0101 \u0161\u0137idruma spiedienu, lai nodro\u0161in\u0101tu vienm\u0113r\u012bgu izstiep\u0161anu un ievilk\u0161anu, \u013caujot \u0101tri rea\u0123\u0113t uz darb\u012bbas komand\u0101m un nodro\u0161inot iev\u0113rojamu stum\u0161anas un vilk\u0161anas sp\u0113ku, kas nepiecie\u0161ams smagu priek\u0161metu apstr\u0101dei un sare\u017e\u0123\u012btu uzdevumu veik\u0161anai.<\/li>\n<li><strong>Da\u017e\u0101di veidi:<\/strong> Atkar\u012bb\u0101 no pielietojuma vajadz\u012bb\u0101m klienti var izv\u0113l\u0113ties starp vienas darb\u012bbas (izmantojot hidraulisko sp\u0113ku vien\u0101 virzien\u0101) vai divk\u0101r\u0161as darb\u012bbas (izmantojot hidraulisko sp\u0113ku abos virzienos) cilindriem. Da\u017ei mode\u013ci ir teleskopiski, kas \u013cauj pan\u0101kt liel\u0101ku pagarin\u0101jumu, nepalielinot \u0101r\u0113jos izm\u0113rus, kas ir ide\u0101li piem\u0113rots lietojumiem ar ierobe\u017eotu vietu.<\/li>\n<\/ul>\n<p>M\u0113s sp\u0113jam ra\u017eot \u0161o produktu, un m\u016bsu cilindri var lieliski aizst\u0101t eso\u0161os hidrauliskos cilindrus tirg\u016b.<\/p>\n<p><img decoding=\"async\" src=\"https:\/\/www.hydraulic-cylinders.net\/wp-content\/uploads\/2025\/04\/songte-cylinder-head-with-all-kinds-excavator-models.webp\" alt=\"Rezerves hidrauliskie cilindri\"><\/p>\n<h2>Hidraulisk\u0101 cilindra pielietojums<\/h2>\n<h3>Celtniec\u012bbas apr\u012bkojums<\/h3>\n<p>Ekskavatoros str\u0113les cilindram ir iz\u0161\u0137iro\u0161a noz\u012bme augsnes vai gru\u017eu rak\u0161an\u0101, iekrau\u0161an\u0101 un p\u0101rvieto\u0161an\u0101. Tas \u013cauj kausam efekt\u012bvi iek\u013c\u016bt zem\u0113, atvieglojot rak\u0161anas procesu. Turkl\u0101t ekskavatoros-iekr\u0101v\u0113jos str\u0113les cilindrs ir \u013coti svar\u012bgs gan rak\u0161anas, gan cel\u0161anas oper\u0101cij\u0101s, uzlabojot kop\u0113jo produktivit\u0101ti b\u016bvlaukumos.<\/p>\n<h3>Lauksaimniec\u012bbas tehnika<\/h3>\n<p>Front\u0101lajiem iekr\u0101v\u0113jiem str\u0113les cilindrs ir b\u016btisks augsnes, siena un citu materi\u0101lu sav\u0101k\u0161anai, cel\u0161anai un transport\u0113\u0161anai. T\u0101 sp\u0113ja kontrol\u0113t kausa kust\u012bbu \u013cauj lauksaimniekiem efekt\u012bvi p\u0101rvald\u012bt lauksaimniec\u012bbas uzdevumus, nodro\u0161inot savlaic\u012bgu darb\u012bbu, piem\u0113ram, st\u0101d\u012b\u0161anu un ra\u017eas nov\u0101k\u0161anu.<\/p>\n<h3>Ekskavatori<\/h3>\n<p>Str\u0113les cilindrs \u013cauj ekskavatoriem veikt rak\u0161anas darb\u012bbas, \u013caujot kausam iek\u013c\u016bt augsn\u0113, padarot to par neaizst\u0101jamu sast\u0101vda\u013cu da\u017e\u0101dos rak\u0161anas darbos. T\u0101 iztur\u012bg\u0101 konstrukcija nodro\u0161ina uzticam\u012bbu pat sare\u017e\u0123\u012btos apst\u0101k\u013cos, pal\u012bdzot efekt\u012bvi pabeigt projektus.<\/p>\n<h3>Iekr\u0101v\u0113ji<\/h3>\n<p>Front\u0101lajos iekr\u0101v\u0113jos str\u0113les cilindrs pal\u012bdz efekt\u012bvi pacelt un izg\u0101zt kravas. T\u0101 hidraulisk\u0101 jauda \u013cauj operatoriem viegli manevr\u0113t ar smagiem materi\u0101liem, uzlabojot darb\u012bbas efektivit\u0101ti un samazinot manu\u0101l\u0101 darba izmaksas.<\/p>\n<h2>Dizaina apsv\u0113rumi un atlases krit\u0113riji<\/h2>\n<h3>Kravnes\u012bba<\/h3>\n<p>Str\u0113les cilindra kravnes\u012bba ir b\u016btisks faktors, kas j\u0101\u0146em v\u0113r\u0101 projekt\u0113\u0161anas laik\u0101. T\u0101 nosaka svaru, ko cilindrs var dro\u0161i pacelt un darbin\u0101t. In\u017eenieriem ir j\u0101apr\u0113\u0137ina paredzam\u0101s slodzes re\u0101los apst\u0101k\u013cos, lai nodro\u0161in\u0101tu, ka cilindrs var darboties bez atteic\u0113m. Hidraulisk\u0101 cilindra p\u0101rslodze var izrais\u012bt katastrof\u0101lu atteici, kas var b\u016bt b\u012bstama un d\u0101rga.<\/p>\n<h3>Bl\u012bv\u0113\u0161ana<\/h3>\n<p>Bl\u012bv\u0113jums ir \u013coti svar\u012bgs, lai nodro\u0161in\u0101tu, ka hidrauliskais \u0161\u0137idrums neizpl\u016bst no cilindra, t\u0101d\u0113j\u0101di saglab\u0101jot efektivit\u0101ti un veiktsp\u0113ju. Piem\u0113roti bl\u012bv\u0113\u0161anas materi\u0101li, piem\u0113ram, poliuret\u0101ns vai nitrilgumija, tiek izv\u0113l\u0113ti to iztur\u012bbas un nodilumiztur\u012bbas d\u0113\u013c. Konstrukcij\u0101 j\u0101iek\u013cauj ar\u012b efekt\u012bvi bl\u012bv\u0113\u0161anas meh\u0101nismi, lai iztur\u0113tu darb\u012bbas spiedienu un dinamiku.<\/p>\n<h3>Iztur\u012bba<\/h3>\n<p>Iztur\u012bba ir galven\u0101 priorit\u0101te, projekt\u0113jot hidrauliskos cilindrus. Tiem j\u0101iztur skarbi vides apst\u0101k\u013ci, tostarp ekstrem\u0101las temperat\u016bras, mitrums un abraz\u012bvi materi\u0101li. Konstrukcij\u0101 izmantotajiem materi\u0101liem j\u0101b\u016bt iztur\u012bgiem pret koroziju un nodilumu, nodro\u0161inot ilgu kalpo\u0161anas laiku. Regul\u0101ras p\u0101rbaudes un kvalit\u0101tes p\u0101rbaudes ra\u017eo\u0161anas laik\u0101 ir b\u016btiskas, lai saglab\u0101tu iztur\u012bbas standartus.<\/p>\n<h3>Dro\u0161\u012bba<\/h3>\n<p>Lai nov\u0113rstu negad\u012bjumus ekspluat\u0101cijas laik\u0101, str\u0113les cilindru konstrukcij\u0101 j\u0101iek\u013cauj dro\u0161\u012bbas funkcijas. Tas ietver dro\u0161\u012bbas meh\u0101nismus nekontrol\u0113tas kust\u012bbas nov\u0113r\u0161anai un aizsargp\u0101rkl\u0101jumus, lai pasarg\u0101tu operatorus no hidraulisk\u0101 \u0161\u0137idruma nopl\u016bd\u0113m. Vis\u0101 ra\u017eo\u0161anas proces\u0101 j\u0101iev\u0113ro dro\u0161\u012bbas standarti, lai nodro\u0161in\u0101tu atbilst\u012bbu nozares noteikumiem.<\/p>\n<h3>Apkope<\/h3>\n<p>Hidraulisko cilindru projekt\u0113\u0161ana ir kritiski svar\u012bga apkopes nol\u016bkos. Komponentiem j\u0101b\u016bt viegli pieejamiem remontam un nomai\u0146ai, un konstrukcijai j\u0101atvieglo regul\u0101ra apkope. Tas ietver vienk\u0101r\u0161u piek\u013cuvi e\u013c\u013co\u0161anas punktiem un iesp\u0113ju nomain\u012bt bl\u012bves, neizjaucot visu cilindru. Pareiza apkope pagarina cilindra kalpo\u0161anas laiku un nodro\u0161ina nemain\u012bgu veiktsp\u0113ju.<\/p>\n<p><img decoding=\"async\" src=\"https:\/\/www.hydraulic-cylinders.net\/wp-content\/uploads\/2025\/04\/songte-oil-pipes-and-spare-parts.webp\" alt=\"Hidraulisko cilindru apkopes deta\u013cas\"><\/p>\n<h2>Bl\u012bv\u0113\u0161ana un e\u013c\u013co\u0161ana<\/h2>\n<p>Efekt\u012bva bl\u012bv\u0113\u0161ana un e\u013c\u013co\u0161ana ir \u0101rk\u0101rt\u012bgi svar\u012bga hidraulisko cilindru darb\u012bbai. Lai nov\u0113rstu nopl\u016bdes un uztur\u0113tu hidraulisko spiedienu, tiek izmantoti da\u017e\u0101di bl\u012bv\u0113\u0161anas komponenti, piem\u0113ram, virzu\u013ca bl\u012bvsl\u0113gi \u200b\u200bun stie\u0146a bl\u012bvsl\u0113gi. Bl\u012bv\u0113jumi bie\u017ei tiek izgatavoti no nodilumiztur\u012bgiem materi\u0101liem, piem\u0113ram, poliuret\u0101na un nitrila gumijas, lai uzlabotu to ilgm\u016b\u017e\u012bbu. Cilindra korpuss un v\u012bt\u0146otie gali tiek prec\u012bzi apstr\u0101d\u0101ti, lai uzlabotu nodilumiztur\u012bbu.<\/p>\n<p>Regul\u0101ra e\u013c\u013co\u0161ana ar hidraulisko e\u013c\u013cu ir \u013coti svar\u012bga, lai nodro\u0161in\u0101tu vienm\u0113r\u012bgu kust\u012bbu un nov\u0113rstu iek\u0161\u0113jo deta\u013cu nodilumu. Operatoriem j\u0101iev\u0113ro ieteicamie interv\u0101li e\u013c\u013cas l\u012bme\u0146a p\u0101rbaudei un e\u013c\u013co\u0161anas uzkl\u0101\u0161anai, lai uztur\u0113tu optim\u0101lu veiktsp\u0113ju.<\/p>\n<h2>Prevent\u012bvie apkopes pas\u0101kumi<\/h2>\n<ul>\n<li><strong>Regul\u0101ras p\u0101rbaudes:<\/strong> Regul\u0101ri p\u0101rbaudiet hidraulisko sist\u0113mu, vai taj\u0101 nav nopl\u016b\u017eu, nodiluma un pl\u012bsumu. Probl\u0113mu agr\u012bna atkl\u0101\u0161ana var nov\u0113rst liel\u0101kas probl\u0113mas un d\u0101rgus remontdarbus.<\/li>\n<li><strong>Pareiza e\u013c\u013co\u0161ana:<\/strong> P\u0101rliecinieties, vai str\u0113les cilindrs un ar to saist\u012btie komponenti ir pien\u0101c\u012bgi iee\u013c\u013coti ar pareiza veida un daudzuma hidraulisko e\u013c\u013cu. Tas samazina berzi un nodilumu darb\u012bbas laik\u0101.<\/li>\n<li><strong>Bl\u012bv\u0113juma nomai\u0146a:<\/strong> Regul\u0101ri p\u0101rbaudiet un nomainiet bl\u012bves p\u0113c nepiecie\u0161am\u012bbas. Nolietotas bl\u012bves var izrais\u012bt nopl\u016bdes, samazinot sist\u0113mas efektivit\u0101ti un palielinot atteices risku.<\/li>\n<\/ul>\n<h2>Uzst\u0101d\u012b\u0161anas vadl\u012bnijas<\/h2>\n<p>Pareiza str\u0113les cilindra uzst\u0101d\u012b\u0161ana ir \u013coti svar\u012bga optim\u0101lai veiktsp\u0113jai un ilgm\u016b\u017e\u012bbai. Veiciet \u0161\u012bs darb\u012bbas:<\/p>\n<ol>\n<li><strong>Izl\u012bdziniet cilindru:<\/strong> P\u0101rliecinieties, vai cilindrs ir pareizi izl\u012bdzin\u0101ts ar stiprin\u0101juma punktiem uz iek\u0101rtas. Nepareiza izl\u012bdzin\u0101\u0161ana var rad\u012bt p\u0101rm\u0113r\u012bgu slodzi un priek\u0161laic\u012bgu boj\u0101jumu.<\/li>\n<li><strong>Izmantojiet atbilsto\u0161us mont\u0101\u017eas kron\u0161teinus:<\/strong> Nostipriniet cilindru, izmantojot piem\u0113rotus stiprin\u0101juma kron\u0161teinus, lai saglab\u0101tu t\u0101 poz\u012bciju un nov\u0113rstu kust\u012bbu darb\u012bbas laik\u0101.<\/li>\n<li><strong>P\u0101rbaudiet savienojumus:<\/strong> Pirms darba p\u0101rliecinieties, vai visi hidrauliskie savienojumi ir cie\u0161i un bez nopl\u016bd\u0113m. Va\u013c\u012bgi savienojumi var izrais\u012bt hidraulisk\u0101 spiediena un veiktsp\u0113jas zudumu.<\/li>\n<li><strong>Sist\u0113mas p\u0101rbaude:<\/strong> P\u0113c uzst\u0101d\u012b\u0161anas veiciet testa darb\u012bbu, lai p\u0101rliecin\u0101tos, ka cilindrs darbojas nevainojami un efekt\u012bvi, bez nopl\u016bd\u0113m vai probl\u0113m\u0101m.<\/li>\n<\/ol>\n<h2>Bie\u017ei sastopamie apkopes uzdevumi<\/h2>\n<ul>\n<li><strong>Regul\u0101ras p\u0101rbaudes:<\/strong> Iepl\u0101nojiet regul\u0101ras p\u0101rbaudes, lai p\u0101rbaud\u012btu hidraulisk\u0101 cilindra nopl\u016bdes, nodilumu un funkcionalit\u0101ti. Probl\u0113mu agr\u012bna atkl\u0101\u0161ana var nov\u0113rst nopietnas probl\u0113mas n\u0101kotn\u0113.<\/li>\n<li><strong>Pareiza e\u013c\u013co\u0161ana:<\/strong> Regul\u0101ri iee\u013c\u013cojiet hidraulisko cilindru ar ieteicamo hidraulisko e\u013c\u013cu, lai nodro\u0161in\u0101tu vienm\u0113r\u012bgu darb\u012bbu. Nepietiekama e\u013c\u013co\u0161ana var izrais\u012bt palielin\u0101tu berzi un nodilumu.<\/li>\n<li><strong>Bl\u012bv\u0113juma nomai\u0146a:<\/strong> Uzraugiet bl\u012bv\u0113jumu nodilumu un nomainiet tos p\u0113c nepiecie\u0161am\u012bbas. Nodilu\u0161i bl\u012bv\u0113jumi var izrais\u012bt nopl\u016bdes un hidraulisk\u0101 spiediena zudumu, ietekm\u0113jot kop\u0113jo veiktsp\u0113ju.<\/li>\n<\/ul>\n<h2>Dro\u0161\u012bbas apsv\u0113rumi<\/h2>\n<p>Lietojot un apkopjot hidrauliskos cilindrus, dro\u0161\u012bbas pas\u0101kumi ir \u0101rk\u0101rt\u012bgi svar\u012bgi. P\u0101rbaudes un remonta darbu laik\u0101 ir svar\u012bgi valk\u0101t atbilsto\u0161us individu\u0101los aizsardz\u012bbas l\u012bdzek\u013cus (IAL). Pareiza apm\u0101c\u012bba par hidraulisk\u0101s dro\u0161\u012bbas protokoliem ir \u013coti svar\u012bga, lai nov\u0113rstu negad\u012bjumus un traumas, ko izraisa hidraulisk\u0101s k\u013c\u016bmes vai nepareiza apr\u012bkojuma lieto\u0161ana.<\/p>\n<h2>Probl\u0113mu nov\u0113r\u0161ana un bie\u017ei sastopamas probl\u0113mas<\/h2>\n<ul>\n<li><strong>Nopl\u016bde:<\/strong> Viena no visbie\u017e\u0101k sastopamaj\u0101m hidraulisko cilindru probl\u0113m\u0101m ir nopl\u016bde. T\u0101 var rasties nolietotu bl\u012bv\u0113jumu vai boj\u0101tu deta\u013cu d\u0113\u013c. Regul\u0101ras p\u0101rbaudes var pal\u012bdz\u0113t noteikt nopl\u016bdes avotu.<\/li>\n<li><strong>L\u0113na vai nekonsekventa kust\u012bba:<\/strong> \u0160\u012b probl\u0113ma bie\u017ei nor\u0101da uz hidraulisk\u0101 \u0161\u0137idruma l\u012bme\u0146a probl\u0113mu vai aizsprostojumiem hidrauliskaj\u0101 sist\u0113m\u0101. P\u0101rbaudiet \u0161\u0137idruma l\u012bmeni un p\u0101rliecinieties, ka hidrauliskaj\u0101s l\u012bnij\u0101s nav aizsprostojumu.<\/li>\n<li><strong>P\u0101rm\u0113r\u012bgs troksnis:<\/strong> Neparastas ska\u0146as darb\u012bbas laik\u0101 var liecin\u0101t par gaisu hidrauliskaj\u0101 sist\u0113m\u0101 vai nepietiekamu e\u013c\u013co\u0161anu. Atgaisojiet sist\u0113mu un nodro\u0161iniet atbilsto\u0161u e\u013c\u013co\u0161anas l\u012bmeni.<\/li>\n<\/ul>\n<p>Lai efekt\u012bvi diagnostic\u0113tu un nov\u0113rstu probl\u0113mas, operatoriem j\u0101iev\u0113ro ieteicam\u0101s probl\u0113mu nov\u0113r\u0161anas darb\u012bbas un nepiecie\u0161am\u012bbas gad\u012bjum\u0101 j\u0101konsult\u0113jas ar tehnisk\u0101 atbalsta dienestu.<\/p>\n<p><img decoding=\"async\" src=\"https:\/\/www.hydraulic-cylinders.net\/wp-content\/uploads\/2025\/04\/songte-bushings-with-all-kinds-of-excavator-models.webp\" alt=\"Hidraulisk\u0101 cilindra probl\u0113mu nov\u0113r\u0161ana\"><\/p>\n<h2>Uz\u0146\u0113muma ievads<\/h2>\n<p>M\u0113s esam ra\u017eot\u0101js, kas specializ\u0113jas hidraulisko cilindru nomai\u0146\u0101, pied\u0101v\u0101jot pla\u0161u produktu kl\u0101stu. M\u016bsu uz\u0146\u0113mums ir k\u013cuvis par vado\u0161o ra\u017eot\u0101ju un vairumtirgot\u0101ju viet\u0113j\u0101 un starptautiskaj\u0101 tirg\u016b. M\u0113s iev\u0113rojam augst\u0101k\u0101s kvalit\u0101tes principus, pa\u013caujoties uz izsmalcin\u0101t\u0101m ra\u017eo\u0161anas darbn\u012bcu strat\u0113\u0123ij\u0101m un modern\u0101m digit\u0101laj\u0101m ra\u017eo\u0161anas iek\u0101rt\u0101m.<\/p>\n<p>Koncentr\u0113joties uz nep\u0101rtrauktu uzlabo\u0161anu, m\u0113s ieguld\u0101m l\u012bdzek\u013cus kvalific\u0113t\u0101 person\u0101l\u0101, progres\u012bv\u0101s ra\u017eo\u0161anas tehnolo\u0123ij\u0101s un profesion\u0101l\u0101s test\u0113\u0161anas sist\u0113m\u0101s. M\u016bsu sp\u0113c\u012bg\u0101s ra\u017eo\u0161anas jaudas \u013cauj mums apmierin\u0101t da\u017e\u0101das klientu vajadz\u012bbas, paturot pr\u0101t\u0101 augstu efektivit\u0101ti, precizit\u0101ti un kvalit\u0101ti.<\/p>\n<p><img decoding=\"async\" src=\"https:\/\/www.hydraulic-cylinders.net\/wp-content\/uploads\/2025\/04\/songte-company-4.webp\" alt=\"M\u016bsu uz\u0146\u0113mums\"><br \/>\n<img decoding=\"async\" src=\"https:\/\/www.hydraulic-cylinders.net\/wp-content\/uploads\/2025\/04\/songte-company-3.webp\" alt=\"Ra\u017eo\u0161anas iek\u0101rta\"><\/p>\n<p>M\u016bsu ap\u0146em\u0161an\u0101s nodro\u0161in\u0101t profesionalit\u0101ti, starptautisko sertifik\u0101ciju, piel\u0101gotus pakalpojumus, modernu ra\u017eo\u0161anas apr\u012bkojumu un izcilu p\u0113cp\u0101rdo\u0161anas atbalstu at\u0161\u0137ir m\u016bs nozar\u0113.<\/p>\n<p>Autors: lil<\/p>","protected":false},"excerpt":{"rendered":"<p>Boom Cylinder For Kato Small Excavator HD770-1-2-7 Product Overview The Boom Cylinder for Kato Small Excavator HD770-1-2-7 is an essential hydraulic component specifically designed for various heavy machinery. This hydraulic cylinder is crucial for controlling the movement of the bucket in excavators, backhoe loaders, and front loaders, enabling the bucket to lift, lower, and tilt, [&hellip;]<\/p>","protected":false},"featured_media":17873,"comment_status":"open","ping_status":"closed","template":"","meta":{"_et_pb_use_builder":"","_et_pb_old_content":"","_et_gb_content_width":""},"product_brand":[],"product_cat":[1546],"product_tag":[1547,1496],"class_list":{"0":"post-19745","1":"product","2":"type-product","3":"status-publish","4":"has-post-thumbnail","6":"product_cat-boom-cylinders","7":"product_tag-boom-cylinders","8":"product_tag-hydraulic-cylinders","10":"first","11":"instock","12":"shipping-taxable","13":"product-type-simple"},"amp_enabled":true,"_links":{"self":[{"href":"https:\/\/www.hydraulic-cylinders.net\/lv\/wp-json\/wp\/v2\/product\/19745","targetHints":{"allow":["GET"]}}],"collection":[{"href":"https:\/\/www.hydraulic-cylinders.net\/lv\/wp-json\/wp\/v2\/product"}],"about":[{"href":"https:\/\/www.hydraulic-cylinders.net\/lv\/wp-json\/wp\/v2\/types\/product"}],"replies":[{"embeddable":true,"href":"https:\/\/www.hydraulic-cylinders.net\/lv\/wp-json\/wp\/v2\/comments?post=19745"}],"wp:featuredmedia":[{"embeddable":true,"href":"https:\/\/www.hydraulic-cylinders.net\/lv\/wp-json\/wp\/v2\/media\/17873"}],"wp:attachment":[{"href":"https:\/\/www.hydraulic-cylinders.net\/lv\/wp-json\/wp\/v2\/media?parent=19745"}],"wp:term":[{"taxonomy":"product_brand","embeddable":true,"href":"https:\/\/www.hydraulic-cylinders.net\/lv\/wp-json\/wp\/v2\/product_brand?post=19745"},{"taxonomy":"product_cat","embeddable":true,"href":"https:\/\/www.hydraulic-cylinders.net\/lv\/wp-json\/wp\/v2\/product_cat?post=19745"},{"taxonomy":"product_tag","embeddable":true,"href":"https:\/\/www.hydraulic-cylinders.net\/lv\/wp-json\/wp\/v2\/product_tag?post=19745"}],"curies":[{"name":"wp","href":"https:\/\/api.w.org\/{rel}","templated":true}]}}