{"id":19747,"date":"2025-04-07T07:05:24","date_gmt":"2025-04-07T07:05:24","guid":{"rendered":"https:\/\/www.hydraulic-cylinders.net\/product\/boom-cylinder-for-kato-small-excavator-hd1220\/"},"modified":"2025-04-07T07:05:26","modified_gmt":"2025-04-07T07:05:26","slug":"boom-cylinder-for-kato-small-excavator-hd1220","status":"publish","type":"product","link":"https:\/\/www.hydraulic-cylinders.net\/lv\/products\/boom-cylinder-for-kato-small-excavator-hd1220\/","title":{"rendered":"Kato maz\u0101 ekskavatora HD1220 str\u0113les cilindrs"},"content":{"rendered":"<h1>Kato maz\u0101 ekskavatora HD1220 str\u0113les cilindrs<\/h1>\n<h2>Produkta p\u0101rskats<\/h2>\n<p>Kato maz\u0101 ekskavatora HD1220 str\u0113les cilindrs ir specializ\u0113ts hidrauliskais cilindrs, kas paredz\u0113ts str\u0113les kust\u012bbas vad\u012bbai da\u017e\u0101d\u0101s smagaj\u0101s ma\u0161\u012bn\u0101s, \u012bpa\u0161i ekskavatoros. \u0160iem cilindriem ir iz\u0161\u0137iro\u0161a noz\u012bme hidrauliskaj\u0101s sist\u0113m\u0101s, nodro\u0161inot efekt\u012bvu ekskavatora str\u0113les pacel\u0161anu, nolai\u0161anu un noliek\u0161anu. Str\u0113les cilindra funkcionalit\u0101te ir b\u016btiska efekt\u012bvai materi\u0101lu apstr\u0101dei, \u013caujot operatoriem veikt t\u0101dus uzdevumus k\u0101 rak\u0161ana, smagu kravu cel\u0161ana un prec\u012bza agreg\u0101tu pozicion\u0113\u0161ana.<\/p>\n<p>K\u0101 hidraulisk\u0101 cilindra veids, str\u0113les cilindrs ir konstru\u0113ts t\u0101, lai iztur\u0113tu iev\u0113rojamu spiedienu un lielas slodzes, padarot to neaizst\u0101jamu b\u016bvniec\u012bbas un rak\u0161anas darbos. T\u0101 konstrukcija nodro\u0161ina, ka ekskavators var darboties vienm\u0113r\u012bgi un efekt\u012bvi da\u017e\u0101d\u0101s vid\u0113s, nodro\u0161inot nepiecie\u0161amo jaudu un kontroli sare\u017e\u0123\u012btu uzdevumu veik\u0161anai.<\/p>\n<p><img decoding=\"async\" src=\"https:\/\/www.hydraulic-cylinders.net\/wp-content\/uploads\/2025\/04\/songte-company-1.webp\" alt=\"Ekskavatora str\u0113les cilindrs\" \/><\/p>\n<h2>Str\u0113les cilindra \u012bpa\u0161\u012bbas<\/h2>\n<ul>\n<li><strong>Augsta iztur\u012bba un ilgm\u016b\u017e\u012bba:<\/strong> \u0160ie cilindri, kas izgatavoti no augstas stipr\u012bbas t\u0113rauda vai alum\u012bnija, var iztur\u0113t augstu spiedienu un lielas slodzes, padarot tos piem\u0113rotus skarbiem darba apst\u0101k\u013ciem. Konstrukcij\u0101 uzsvars tiek likts uz nodilumiztur\u012bbu un aizsardz\u012bbu pret koroziju, kas pagarina cilindra kalpo\u0161anas laiku.<\/li>\n<li><strong>Efekt\u012bva hidraulisk\u0101 darb\u012bba:<\/strong> Str\u0113les cilindrs izmanto hidraulisk\u0101s e\u013c\u013cas spiedienu, lai pan\u0101ktu vienm\u0113r\u012bgu izstiep\u0161anu un ievilk\u0161anu, pied\u0101v\u0101jot \u0101tru reakciju uz vad\u012bbas komand\u0101m un nodro\u0161inot sp\u0113c\u012bgu stum\u0161anas un vilk\u0161anas sp\u0113ku, kas ir ide\u0101li piem\u0113rots smagu un sare\u017e\u0123\u012btu uzdevumu veik\u0161anai.<\/li>\n<li><strong>Da\u017e\u0101di veidi:<\/strong> Pieejami gan vienas darb\u012bbas (izmantojot hidraulisko jaudu vien\u0101 virzien\u0101), gan divk\u0101r\u0161as darb\u012bbas (izmantojot hidraulisko jaudu abos virzienos) mode\u013ci, kas atbilst da\u017e\u0101d\u0101m ekspluat\u0101cijas vajadz\u012bb\u0101m. Da\u017eiem mode\u013ciem ir teleskopiska konstrukcija, kas nodro\u0161ina liel\u0101ku pagarin\u0101jumu, nepalielinot \u0101r\u0113jos izm\u0113rus, kas ir piem\u0113rots lietojumiem ar ierobe\u017eotu vietu.<\/li>\n<li><strong>Piel\u0101gota ra\u017eo\u0161ana:<\/strong> M\u016bsu uz\u0146\u0113mums sp\u0113j ra\u017eot \u0161o produktu, nodro\u0161inot, ka m\u016bsu hidrauliskie cilindri var perfekti aizst\u0101t eso\u0161os mode\u013cus, nodro\u0161inot neman\u0101mu integr\u0101ciju ar da\u017e\u0101d\u0101m ekskavatoru sist\u0113m\u0101m.<\/li>\n<li><strong>Visaptvero\u0161a sader\u012bba:<\/strong> M\u016bsu str\u0113les cilindri ir izstr\u0101d\u0101ti, lai atbilstu Kato ekskavatoru \u012bpa\u0161aj\u0101m pras\u012bb\u0101m, un tie ir sader\u012bgi ar pla\u0161u ekskavatoru mode\u013cu kl\u0101stu, nodro\u0161inot optim\u0101lu veiktsp\u0113ju un uzticam\u012bbu.<\/li>\n<\/ul>\n<p><img decoding=\"async\" src=\"https:\/\/www.hydraulic-cylinders.net\/wp-content\/uploads\/2025\/04\/songte-cylinder-head-with-all-kinds-excavator-models.webp\" alt=\"Ekskavatora mode\u013ca sader\u012bba\" \/><\/p>\n<h2>Str\u0113les cilindra pielietojumi<\/h2>\n<h3>Celtniec\u012bbas apr\u012bkojums<\/h3>\n<p>B\u016bvniec\u012bbas ma\u0161\u012bn\u0101s str\u0113les cilindrs ir vit\u0101li svar\u012bgs ekskavatoriem, jo \u200b\u200btas \u013cauj rakt, iekraut un p\u0101rvietot zemi vai gru\u017eus. Str\u0113les cilindra sp\u0113ja prec\u012bzi kontrol\u0113t str\u0113les kust\u012bbu ir b\u016btiska, lai uzdevumus veiktu efekt\u012bvi un dro\u0161i, nodro\u0161inot, ka materi\u0101lus var \u0101tri izrakt un transport\u0113t.<\/p>\n<h3>Lauksaimniec\u012bbas tehnika<\/h3>\n<p>Front\u0101lajos iekr\u0101v\u0113jos str\u0113les cilindri atvieglo augsnes, siena un citu materi\u0101lu sav\u0101k\u0161anu, cel\u0161anu un transport\u0113\u0161anu. Hidraulisk\u0101 sist\u0113ma nodro\u0161ina netrauc\u0113tu darb\u012bbu, nodro\u0161inot nepiecie\u0161amo sp\u0113ku, lai efekt\u012bvi p\u0101rvald\u012btu lielas slodzes, kas ir \u013coti svar\u012bgi lauksaimniec\u012bbas vid\u0113.<\/p>\n<h3>Ekskavatori<\/h3>\n<p>Ekskavatoriem str\u0113les cilindrs ir atbild\u012bgs par iek\u013c\u016b\u0161anu augsn\u0113, nodro\u0161inot efekt\u012bvas rak\u0161anas darb\u012bbas. T\u0101 konstrukcija nodro\u0161ina optim\u0101lu veiktsp\u0113ju, \u013caujot operatoram sasniegt v\u0113lamo dzi\u013cumu un precizit\u0101ti, vienlaikus samazinot augsnes trauc\u0113jumus.<\/p>\n<h3>Iekr\u0101v\u0113ji<\/h3>\n<p>Front\u0101lajos iekr\u0101v\u0113jos str\u0113les cilindri pal\u012bdz efekt\u012bvi pacelt un izg\u0101zt kravas. \u0160o cilindru nodro\u0161in\u0101t\u0101 hidraulisk\u0101 jauda \u013cauj veikt \u0101tras pacel\u0161anas un noliek\u0161anas kust\u012bbas, t\u0101d\u0113j\u0101di atvieglojot lielu materi\u0101lu apjomu p\u0101rvald\u012bbu un uzlabojot kop\u0113jo produktivit\u0101ti.<\/p>\n<h2>Dizaina apsv\u0113rumi un atlases krit\u0113riji<\/h2>\n<h3>Kravnes\u012bba<\/h3>\n<p>Str\u0113les cilindra kravnes\u012bba ir kritisks konstrukcijas apsv\u0113rums. Tam j\u0101sp\u0113j iztur\u0113t apstr\u0101d\u0101jamo materi\u0101lu svaru, neapdraudot konstrukcijas integrit\u0101ti. Lielas ietilp\u012bbas cilindri ir nepiecie\u0161ami darb\u012bb\u0101m, kas saist\u012btas ar smag\u0101m krav\u0101m, un to konstrukcij\u0101 j\u0101\u0146em v\u0113r\u0101 dinamiskie sp\u0113ki, ar kuriem saskaras lieto\u0161anas laik\u0101. Ra\u017eot\u0101ji bie\u017ei veic stingras p\u0101rbaudes, lai nodro\u0161in\u0101tu, ka cilindri var darboties paredz\u0113tajos ekspluat\u0101cijas apst\u0101k\u013cos bez k\u013c\u016bm\u0113m.<\/p>\n<h3>Bl\u012bv\u0113\u0161anas meh\u0101nisms<\/h3>\n<p>Efekt\u012bvs bl\u012bv\u0113jums ir \u013coti svar\u012bgs hidrauliskaj\u0101s sist\u0113m\u0101s, lai nov\u0113rstu nopl\u016bdes un uztur\u0113tu spiedienu. Bl\u012bv\u0113\u0161anas materi\u0101lu, piem\u0113ram, poliuret\u0101na vai nitrila gumijas, izv\u0113lei ir b\u016btiska loma cilindra darb\u012bb\u0101 un ilgm\u016b\u017e\u012bb\u0101. Pareizi bl\u012bv\u0113jumi nodro\u0161ina, ka hidrauliskais \u0161\u0137idrums paliek cilindr\u0101, \u013caujot efekt\u012bvi darboties un vienlaikus samazinot apkopes nepiecie\u0161am\u012bbu.<\/p>\n<h3>Iztur\u012bba<\/h3>\n<p>Iztur\u012bba ir galvenais faktors str\u0113les cilindru konstrukcij\u0101. Tie bie\u017ei tiek pak\u013cauti skarbiem apst\u0101k\u013ciem, tostarp ekstrem\u0101l\u0101m temperat\u016br\u0101m un abraz\u012bviem materi\u0101liem. Augstas iztur\u012bbas materi\u0101lu un modernu p\u0101rkl\u0101jumu izmanto\u0161ana var iev\u0113rojami uzlabot \u0161o cilindru iztur\u012bbu, padarot tos piem\u0113rotus ilgsto\u0161ai lieto\u0161anai sare\u017e\u0123\u012btos apst\u0101k\u013cos.<\/p>\n<h3>Dro\u0161\u012bbas funkcijas<\/h3>\n<p>Dro\u0161\u012bba ir \u0101rk\u0101rt\u012bgi svar\u012bga hidraulisko cilindru konstrukcij\u0101. T\u0101das funkcijas k\u0101 spiediena samazin\u0101\u0161anas v\u0101rsti un dro\u0161\u012bbas sl\u0113dzenes var nov\u0113rst negad\u012bjumus, ko izraisa p\u0113k\u0161\u0146i spiediena l\u0113cieni vai nejau\u0161a atbr\u012bvo\u0161an\u0101s. Ra\u017eot\u0101jiem ir j\u0101iev\u0113ro dro\u0161\u012bbas standarti un noteikumi, lai nodro\u0161in\u0101tu, ka vi\u0146u produkti ir dro\u0161i operatoriem un apk\u0101rt\u0113jam person\u0101lam.<\/p>\n<h3>Uzturam\u012bba<\/h3>\n<p>V\u0113l viens svar\u012bgs projekt\u0113\u0161anas apsv\u0113rums ir viegla apkope. Str\u0113les cilindri j\u0101projekt\u0113, \u0146emot v\u0113r\u0101 pieejam\u012bbu, nodro\u0161inot vienk\u0101r\u0161u deta\u013cu p\u0101rbaudi, nomai\u0146u un remontu. Regul\u0101ra apkope var iev\u0113rojami pagarin\u0101t cilindra kalpo\u0161anas laiku, un ra\u017eot\u0101ji bie\u017ei sniedz vadl\u012bnijas, lai pal\u012bdz\u0113tu operatoriem efekt\u012bvi uztur\u0113t savu apr\u012bkojumu.<\/p>\n<p><img decoding=\"async\" src=\"https:\/\/www.hydraulic-cylinders.net\/wp-content\/uploads\/2025\/04\/songte-oil-pipes-and-spare-parts.webp\" alt=\"Hidraulisk\u0101s deta\u013cas un apkope\" \/><\/p>\n<h2>Bl\u012bv\u0113\u0161ana un e\u013c\u013co\u0161ana<\/h2>\n<p>Str\u0113les cilindru bl\u012bv\u0113\u0161ana un e\u013c\u013co\u0161ana ir b\u016btiska to efekt\u012bvai darb\u012bbai. Lai saglab\u0101tu cilindra integrit\u0101ti, tiek izmantoti da\u017e\u0101di bl\u012bv\u0113\u0161anas elementi, piem\u0113ram, virzu\u013ca bl\u012bves un stie\u0146a bl\u012bves. Bl\u012bv\u0113jumi, kas izgatavoti no iztur\u012bgiem materi\u0101liem, piem\u0113ram, poliuret\u0101na un nitrila gumijas, ir izv\u0113l\u0113ti to nodilumiztur\u012bbas un ilgm\u016b\u017e\u012bbas d\u0113\u013c. Cilindra korpuss un v\u012bt\u0146otie gali tiek prec\u012bzi apstr\u0101d\u0101ti, lai uzlabotu to nodilumiztur\u012bbu, k\u0101 rezult\u0101t\u0101 uzlabojas veiktsp\u0113ja darba apst\u0101k\u013cos.<\/p>\n<p>Regul\u0101ra e\u013c\u013co\u0161ana ar hidraulisko e\u013c\u013cu ir \u013coti svar\u012bga, lai nodro\u0161in\u0101tu vienm\u0113r\u012bgu darb\u012bbu un nov\u0113rstu iek\u0161\u0113jo nodilumu. Operatoriem j\u0101iev\u0113ro apkopes grafiks, kas ietver hidraulisk\u0101s e\u013c\u013cas l\u012bme\u0146a p\u0101rbaudi un papildin\u0101\u0161anu, lai izvair\u012btos no darb\u012bbas trauc\u0113jumiem.<\/p>\n<h2>Prevent\u012bvie apkopes pas\u0101kumi<\/h2>\n<ul>\n<li><strong>Regul\u0101ras p\u0101rbaudes:<\/strong> Veiciet regul\u0101ras str\u0113les cilindra p\u0101rbaudes, lai noteiktu nodiluma, boj\u0101jumu vai nopl\u016b\u017eu paz\u012bmes. Agr\u012bna atkl\u0101\u0161ana var nov\u0113rst nopietnus boj\u0101jumus.<\/li>\n<li><strong>Pareiza e\u013c\u013co\u0161ana:<\/strong> P\u0101rliecinieties, ka cilindrs ir pien\u0101c\u012bgi iee\u013c\u013cots, lai samazin\u0101tu berzi un nodilumu. Izmantojiet ieteicamo hidraulisko e\u013c\u013cu un uzturiet optim\u0101lu e\u013c\u013cas l\u012bmeni.<\/li>\n<li><strong>Bl\u012bv\u0113juma nomai\u0146a:<\/strong> Uzraugiet bl\u012bves, vai nav nodiluma paz\u012bmju, un nomainiet t\u0101s p\u0113c nepiecie\u0161am\u012bbas, lai nov\u0113rstu nopl\u016bdes un uztur\u0113tu hidraulisko spiedienu.<\/li>\n<\/ul>\n<h2>Uzst\u0101d\u012b\u0161anas vadl\u012bnijas<\/h2>\n<p>Kato maz\u0101 ekskavatora HD1220 str\u0113les cilindra uzst\u0101d\u012b\u0161ana prasa precizit\u0101ti un r\u016bp\u012bbu, lai nodro\u0161in\u0101tu optim\u0101lu veiktsp\u0113ju. Vispirms p\u0101rliecinieties, vai ekskavatora stiprin\u0101juma punkti ir t\u012bri un bez gru\u017eiem. Pareizi izl\u012bdziniet cilindru, lai izvair\u012btos no nepareizas izl\u012bdzin\u0101\u0161anas darb\u012bbas laik\u0101. Ieteicams izmantot atbilsto\u0161us stiprin\u0101juma kron\u0161teinus, lai dro\u0161i nostiprin\u0101tu cilindru viet\u0101.<\/p>\n<p>Pirms uzst\u0101d\u012b\u0161anas pabeig\u0161anas v\u0113lreiz p\u0101rbaudiet, vai visi savienojumi ir cie\u0161i un vai hidraulisk\u0101s l\u012bnijas ir pareizi pievienotas, lai nov\u0113rstu nopl\u016bdes. P\u0113c uzst\u0101d\u012b\u0161anas p\u0101rbaudiet cilindru zem slodzes, lai p\u0101rliecin\u0101tos, ka tas darbojas nevainojami un bez probl\u0113m\u0101m. Lai nodro\u0161in\u0101tu dro\u0161\u012bbu un uzticam\u012bbu, iev\u0113rojiet ra\u017eot\u0101ja nor\u0101d\u012bjumus par uzst\u0101d\u012b\u0161anu.<\/p>\n<h2>Bie\u017ei sastopamie apkopes uzdevumi<\/h2>\n<h3>Regul\u0101ras p\u0101rbaudes<\/h3>\n<p>Regul\u0101ras str\u0113les cilindra p\u0101rbaudes ir \u013coti svar\u012bgas, lai identific\u0113tu iesp\u0113jam\u0101s probl\u0113mas, pirms t\u0101s saasin\u0101s. P\u0101rbaudiet, vai nav nodiluma vai boj\u0101jumu paz\u012bmju, un p\u0101rliecinieties, ka visas sast\u0101vda\u013cas darbojas pareizi. Regul\u0101ras p\u0101rbaudes pal\u012bdz uztur\u0113t cilindra darb\u012bbas efektivit\u0101ti.<\/p>\n<h3>Pareiza e\u013c\u013co\u0161ana<\/h3>\n<p>E\u013c\u013co\u0161ana ir \u013coti svar\u012bga, lai samazin\u0101tu berzi un nodilumu hidrauliskaj\u0101 sist\u0113m\u0101. Periodiski p\u0101rbaudiet hidraulisk\u0101s e\u013c\u013cas l\u012bmeni un, ja nepiecie\u0161ams, papildiniet to, lai nodro\u0161in\u0101tu vienm\u0113r\u012bgu darb\u012bbu. E\u013c\u013co\u0161anas nov\u0101rt\u0101 atst\u0101\u0161ana var izrais\u012bt priek\u0161laic\u012bgu nodilumu un deta\u013cu boj\u0101jumus.<\/p>\n<h3>Bl\u012bvju nomai\u0146as un kalibr\u0113\u0161anas p\u0101rbaudes<\/h3>\n<p>Bl\u012bves periodiski j\u0101p\u0101rbauda un p\u0113c nepiecie\u0161am\u012bbas j\u0101nomaina, lai nov\u0113rstu hidraulisk\u0101 \u0161\u0137idruma nopl\u016bdes. Kalibr\u0113\u0161anas p\u0101rbaudes ir b\u016btiskas, lai nodro\u0161in\u0101tu, ka cilindrs darbojas noteikto parametru robe\u017e\u0101s. Pareizi kalibr\u0113tas sist\u0113mas nodro\u0161ina uzticamu darb\u012bbu, samazinot darb\u012bbas trauc\u0113jumu risku.<\/p>\n<p><img decoding=\"async\" src=\"https:\/\/www.hydraulic-cylinders.net\/wp-content\/uploads\/2025\/04\/songte-chushion-collar.webp\" alt=\"Cilindru uzst\u0101d\u012b\u0161ana un apkope\" \/><\/p>\n<h2>Dro\u0161\u012bbas apsv\u0113rumi un vides faktori<\/h2>\n<p>Izmantojot hidrauliskos cilindrus, dro\u0161\u012bbas pas\u0101kumu iev\u0113ro\u0161ana ir \u013coti svar\u012bga, lai nov\u0113rstu negad\u012bjumus un traumas. Vienm\u0113r p\u0101rliecinieties, ka iek\u0101rta ir pien\u0101c\u012bgi uztur\u0113ta un ka operatori ir apm\u0101c\u012bti dro\u0161\u0101 r\u012bc\u012bb\u0101. Ekspluat\u0101cijas un apkopes laik\u0101 j\u0101\u0146em v\u0113r\u0101 ar\u012b vides faktori, piem\u0113ram, pak\u013cau\u0161ana skarbajiem laikapst\u0101k\u013ciem vai kod\u012bgiem materi\u0101liem, lai nodro\u0161in\u0101tu iek\u0101rtas ilgm\u016b\u017e\u012bbu.<\/p>\n<h2>Probl\u0113mu nov\u0113r\u0161ana un bie\u017ei sastopamas probl\u0113mas<\/h2>\n<ul>\n<li><strong>Nopl\u016bde:<\/strong> Ja paman\u0101t hidraulisk\u0101 \u0161\u0137idruma nopl\u016bdi no cilindra, p\u0101rbaudiet bl\u012bves un savienojumus. Nomainiet nolietot\u0101s bl\u012bves un pievelciet va\u013c\u012bgos savienojumus.<\/li>\n<li><strong>L\u0113na darb\u012bba:<\/strong> Ja cilindrs rea\u0123\u0113 l\u0113ni, p\u0101rbaudiet hidraulisk\u0101 \u0161\u0137idruma l\u012bmeni un p\u0101rliecinieties, vai hidrauliskaj\u0101s l\u012bnij\u0101s nav aizsprostojumu.<\/li>\n<li><strong>Neparastas ska\u0146as:<\/strong> Jebkuras d\u012bvainas ska\u0146as darb\u012bbas laik\u0101 var liecin\u0101t par iek\u0161\u0113jiem boj\u0101jumiem. Nekav\u0113joties p\u0101rtrauciet lieto\u0161anu un veiciet r\u016bp\u012bgu p\u0101rbaudi.<\/li>\n<\/ul>\n<h2>Probl\u0113mu nov\u0113r\u0161anas padomi<\/h2>\n<p>Lai efekt\u012bvi nov\u0113rstu probl\u0113mas ar str\u0113les cilindru, s\u0101ciet ar vizu\u0101lu p\u0101rbaudi, lai identific\u0113tu ac\u012bmredzamas boj\u0101jumu vai nodiluma paz\u012bmes. Regul\u0101ra apkope un prevent\u012bvo pas\u0101kumu iev\u0113ro\u0161ana var iev\u0113rojami samazin\u0101t probl\u0113mu risku. Past\u0101v\u012bgu probl\u0113mu gad\u012bjum\u0101 skatiet ra\u017eot\u0101ja specifik\u0101cijas par diagnostikas proced\u016br\u0101m un nevilcinieties sazin\u0101ties ar speci\u0101listiem, lai sa\u0146emtu pal\u012bdz\u012bbu.<\/p>\n<p><img decoding=\"async\" src=\"https:\/\/www.hydraulic-cylinders.net\/wp-content\/uploads\/2025\/04\/songte-bushings-with-all-kinds-of-excavator-models.webp\" alt=\"Hidraulisk\u0101 cilindra probl\u0113mu nov\u0113r\u0161ana\" \/><\/p>\n<h2>Par m\u016bsu uz\u0146\u0113mumu<\/h2>\n<p>M\u0113s esam vado\u0161ais rezerves hidraulisko cilindru ra\u017eot\u0101js ar pla\u0161u produktu kl\u0101stu, kas ir nostiprin\u0101jis m\u016bsu k\u0101 viena no vado\u0161ajiem ra\u017eot\u0101jiem un vairumtirgot\u0101jiem gan viet\u0113j\u0101, gan starptautiskaj\u0101 tirg\u016b. M\u016bsu ap\u0146em\u0161an\u0101s sasniegt izcil\u012bbu ir redzama m\u016bsu pilnveidotaj\u0101s ra\u017eo\u0161anas vad\u012bbas strat\u0113\u0123ij\u0101s, kas izmanto progres\u012bvas ra\u017eo\u0161anas tehnolo\u0123ijas un kvalit\u0101tes kontroles sist\u0113mas.<\/p>\n<p>M\u016bsu darbasp\u0113ku veido kvalific\u0113ti profesion\u0101\u013ci, kas ir ap\u0146\u0113mu\u0161ies nodro\u0161in\u0101t inov\u0101cijas un kvalit\u0101ti, nodro\u0161inot, ka m\u0113s past\u0101v\u012bgi apmierin\u0101m da\u017e\u0101das klientu vajadz\u012bbas. Koncentr\u0113joties uz augstu efektivit\u0101ti, precizit\u0101ti un kvalit\u0101ti, m\u0113s esam gatavi sniegt piel\u0101gotus risin\u0101jumus, kas uzlabo darb\u012bbas rezult\u0101tus.<\/p>\n<p><img decoding=\"async\" src=\"https:\/\/www.hydraulic-cylinders.net\/wp-content\/uploads\/2025\/04\/songte-company-4.webp\" alt=\"Uz\u0146\u0113muma p\u0101rskats\" \/><br \/>\n<img decoding=\"async\" src=\"https:\/\/www.hydraulic-cylinders.net\/wp-content\/uploads\/2025\/04\/songte-company-3.webp\" alt=\"M\u016bsu ra\u017eotne\" \/><\/p>\n<p>Autors: lil<\/p>","protected":false},"excerpt":{"rendered":"<p>Boom Cylinder For Kato Small Excavator HD1220 Product Overview The Boom Cylinder for Kato Small Excavator HD1220 is a specialized hydraulic cylinder designed to control the movement of the boom on various heavy machinery, particularly excavators. These cylinders play a critical role in hydraulic systems, allowing for the effective lifting, lowering, and tilting of the [&hellip;]<\/p>","protected":false},"featured_media":17875,"comment_status":"open","ping_status":"closed","template":"","meta":{"_et_pb_use_builder":"","_et_pb_old_content":"","_et_gb_content_width":""},"product_brand":[],"product_cat":[1546],"product_tag":[1547,1496],"class_list":{"0":"post-19747","1":"product","2":"type-product","3":"status-publish","4":"has-post-thumbnail","6":"product_cat-boom-cylinders","7":"product_tag-boom-cylinders","8":"product_tag-hydraulic-cylinders","10":"first","11":"instock","12":"shipping-taxable","13":"product-type-simple"},"amp_enabled":true,"_links":{"self":[{"href":"https:\/\/www.hydraulic-cylinders.net\/lv\/wp-json\/wp\/v2\/product\/19747","targetHints":{"allow":["GET"]}}],"collection":[{"href":"https:\/\/www.hydraulic-cylinders.net\/lv\/wp-json\/wp\/v2\/product"}],"about":[{"href":"https:\/\/www.hydraulic-cylinders.net\/lv\/wp-json\/wp\/v2\/types\/product"}],"replies":[{"embeddable":true,"href":"https:\/\/www.hydraulic-cylinders.net\/lv\/wp-json\/wp\/v2\/comments?post=19747"}],"wp:featuredmedia":[{"embeddable":true,"href":"https:\/\/www.hydraulic-cylinders.net\/lv\/wp-json\/wp\/v2\/media\/17875"}],"wp:attachment":[{"href":"https:\/\/www.hydraulic-cylinders.net\/lv\/wp-json\/wp\/v2\/media?parent=19747"}],"wp:term":[{"taxonomy":"product_brand","embeddable":true,"href":"https:\/\/www.hydraulic-cylinders.net\/lv\/wp-json\/wp\/v2\/product_brand?post=19747"},{"taxonomy":"product_cat","embeddable":true,"href":"https:\/\/www.hydraulic-cylinders.net\/lv\/wp-json\/wp\/v2\/product_cat?post=19747"},{"taxonomy":"product_tag","embeddable":true,"href":"https:\/\/www.hydraulic-cylinders.net\/lv\/wp-json\/wp\/v2\/product_tag?post=19747"}],"curies":[{"name":"wp","href":"https:\/\/api.w.org\/{rel}","templated":true}]}}