{"id":19748,"date":"2025-04-07T07:05:26","date_gmt":"2025-04-07T07:05:26","guid":{"rendered":"https:\/\/www.hydraulic-cylinders.net\/product\/boom-cylinder-for-kato-small-excavator-hd1638r\/"},"modified":"2025-04-07T07:05:29","modified_gmt":"2025-04-07T07:05:29","slug":"boom-cylinder-for-kato-small-excavator-hd1638r","status":"publish","type":"product","link":"https:\/\/www.hydraulic-cylinders.net\/lv\/products\/boom-cylinder-for-kato-small-excavator-hd1638r\/","title":{"rendered":"Kato maz\u0101 ekskavatora HD1638R str\u0113les cilindrs"},"content":{"rendered":"<h1>Kato maz\u0101 ekskavatora HD1638R str\u0113les cilindrs<\/h1>\n<h2>Str\u0113les cilindra izpratne<\/h2>\n<p>Str\u0113les cilindrs ir b\u016btiska smago ma\u0161\u012bnu sast\u0101vda\u013ca, kas \u012bpa\u0161i paredz\u0113ta kausa kust\u012bbas vad\u012bbai da\u017e\u0101da veida iek\u0101rt\u0101s, piem\u0113ram, ekskavatoros, iekr\u0101v\u0113ju ekskavatoros un front\u0101lajos iekr\u0101v\u0113jos. \u0160is hidrauliskais cilindrs \u013cauj kausam pacelt, nolaist un noliekt, efekt\u012bvi atvieglojot materi\u0101lu apstr\u0101des uzdevumus. Izmantojot hidraulisko spiedienu, str\u0113les cilindrs nodro\u0161ina nepiecie\u0161amo sp\u0113ku, lai manipul\u0113tu ar smag\u0101m krav\u0101m, vienlaikus nodro\u0161inot precizit\u0101ti un efektivit\u0101ti darb\u012bb\u0101s.<\/p>\n<p><img decoding=\"async\" src=\"https:\/\/www.hydraulic-cylinders.net\/wp-content\/uploads\/2025\/04\/songte-company-1.webp\" alt=\"Str\u0113les cilindrs\"><\/p>\n<h3>Str\u0113les cilindra galven\u0101s iez\u012bmes<\/h3>\n<ul>\n<li><strong>Augsta iztur\u012bba un ilgm\u016b\u017e\u012bba:<\/strong> Izgatavots no augstas stipr\u012bbas t\u0113rauda vai alum\u012bnija, str\u0113les cilindrs ir konstru\u0113ts t\u0101, lai iztur\u0113tu augstu spiedienu un lielas slodzes, padarot to piem\u0113rotu skarbiem darba apst\u0101k\u013ciem. T\u0101 konstrukcij\u0101 uzsvars tiek likts uz nodilumiztur\u012bbu un aizsardz\u012bbu pret koroziju, lai pagarin\u0101tu t\u0101 kalpo\u0161anas laiku.<\/li>\n<li><strong>Efekt\u012bva hidraulisk\u0101 darb\u012bba:<\/strong> Izmantojot hidraulisk\u0101s e\u013c\u013cas spiedienu, cilindrs nodro\u0161ina vienm\u0113r\u012bgu izvirz\u012b\u0161anos un ievilk\u0161anu, \u013caujot \u0101tri rea\u0123\u0113t uz operatora komand\u0101m. \u0160\u012b funkcija nodro\u0161ina iev\u0113rojamu stum\u0161anas un vilk\u0161anas jaudu, kas ir ide\u0101li piem\u0113rota smagu materi\u0101lu apstr\u0101dei un sare\u017e\u0123\u012btu uzdevumu veik\u0161anai.<\/li>\n<li><strong>Veidu da\u017e\u0101d\u012bba:<\/strong> Klienti var izv\u0113l\u0113ties starp vienas darb\u012bbas (izmantojot hidraulisko jaudu vien\u0101 virzien\u0101) vai divk\u0101r\u0161as darb\u012bbas (izmantojot hidraulisko jaudu abos virzienos) cilindriem, lai apmierin\u0101tu da\u017e\u0101das ekspluat\u0101cijas vajadz\u012bbas. Da\u017ei mode\u013ci ir teleskopiski, kas \u013cauj tos papla\u0161in\u0101t, nepalielinot \u0101r\u0113jos izm\u0113rus, kas ir ide\u0101li piem\u0113rots lietojumiem ar telpiskiem ierobe\u017eojumiem.<\/li>\n<li><strong>Piel\u0101gojamas opcijas:<\/strong> M\u0113s pied\u0101v\u0101jam ra\u017eo\u0161anas iesp\u0113jas, kas \u013cauj piel\u0101gotus risin\u0101jumus, lai apmierin\u0101tu konkr\u0113tas projekta pras\u012bbas, nodro\u0161inot, ka m\u016bsu str\u0113les cilindri var neman\u0101mi aizst\u0101t da\u017e\u0101dus hidraulisko cilindru mode\u013cus.<\/li>\n<li><strong>Sader\u012bba:<\/strong> M\u016bsu produkti var lieliski aizst\u0101t \u0161os hidrauliskos cilindrus, nodro\u0161inot uzticamu risin\u0101jumu j\u016bsu rak\u0161anas vajadz\u012bb\u0101m.<\/li>\n<\/ul>\n<p><img decoding=\"async\" src=\"https:\/\/www.hydraulic-cylinders.net\/wp-content\/uploads\/2025\/04\/songte-cylinder-head-with-all-kinds-excavator-models.webp\" alt=\"Ekskavatoru mode\u013cu sader\u012bba\"><\/p>\n<h2>Str\u0113les cilindra pielietojumi<\/h2>\n<h3>Celtniec\u012bbas apr\u012bkojums<\/h3>\n<p>Str\u0113les cilindrs parasti tiek izmantots ekskavatoros, kur tam ir b\u016btiska loma augsnes vai gru\u017eu rak\u0161an\u0101, iekrau\u0161an\u0101 un p\u0101rvieto\u0161an\u0101. Ekskavatoros-iekr\u0101v\u0113jos kausa cilindrs pal\u012bdz gan rak\u0161an\u0101, gan cel\u0161an\u0101, padarot to par b\u016btisku da\u017e\u0101diem b\u016bvniec\u012bbas darbiem. T\u0101 sp\u0113ja prec\u012bzi p\u0101rvald\u012bt smagas kravas uzlabo b\u016bvniec\u012bbas oper\u0101ciju kop\u0113jo efektivit\u0101ti.<\/p>\n<h3>Lauksaimniec\u012bbas tehnika<\/h3>\n<p>Front\u0101lajos iekr\u0101v\u0113jos str\u0113les cilindrs tiek izmantots augsnes, siena un citu materi\u0101lu sav\u0101k\u0161anai, cel\u0161anai un transport\u0113\u0161anai. T\u0101 uzticam\u0101 darb\u012bba nodro\u0161ina efekt\u012bvu lauksaimniec\u012bbas darbu, piem\u0113ram, iekrau\u0161anas un izkrau\u0161anas, veik\u0161anu, pal\u012bdzot lauksaimniekiem ikdienas darb\u012bb\u0101s.<\/p>\n<h3>Ekskavatori<\/h3>\n<p>Ekskavatori pa\u013caujas uz str\u0113les cilindru, lai kauss var\u0113tu iek\u013c\u016bt augsn\u0113, atvieglojot efekt\u012bvas rak\u0161anas darb\u012bbas. Cilindra nodro\u0161in\u0101t\u0101 hidraulisk\u0101 jauda \u013cauj operatoriem veikt uzdevumus \u0101tri un prec\u012bzi, kas ir b\u016btiski da\u017e\u0101diem rak\u0161anas projektiem.<\/p>\n<h3>Iekr\u0101v\u0113ji<\/h3>\n<p>Front\u0101lajos iekr\u0101v\u0113jos str\u0113les cilindrs pal\u012bdz efekt\u012bvi pacelt un izg\u0101zt materi\u0101lus. T\u0101 konstrukcija nodro\u0161ina, ka operatori var viegli tikt gal\u0101 ar lielgabar\u012bta krav\u0101m, optimiz\u0113jot darbpl\u016bsmu b\u016bvniec\u012bbas un ainavu veido\u0161anas darbos.<\/p>\n<h2>Dizaina apsv\u0113rumi un atlases krit\u0113riji<\/h2>\n<h3>Kravnes\u012bba<\/h3>\n<p>Str\u0113les cilindra projekt\u0113\u0161ana s\u0101kas ar t\u0101 kravnes\u012bbas nov\u0113rt\u0113\u0161anu. \u0160is r\u0101d\u012bt\u0101js nor\u0101da, cik lielu svaru cilindrs var efekt\u012bvi iztur\u0113t, neapdraudot t\u0101 integrit\u0101ti. In\u017eenieriem j\u0101izv\u0113las materi\u0101li un konstrukcijas, kas var iztur\u0113t paredzam\u0101s slodzes, nodro\u0161inot dro\u0161\u012bbu un uzticam\u012bbu ekspluat\u0101cijas laik\u0101. Kravnes\u012bba ir \u013coti svar\u012bga, lai noteiktu cilindra piem\u0113rot\u012bbu konkr\u0113t\u0101m ma\u0161\u012bn\u0101m un uzdevumiem, ietekm\u0113jot gan veiktsp\u0113ju, gan ilgm\u016b\u017e\u012bbu.<\/p>\n<h3>Bl\u012bv\u0113jums un iztur\u012bba<\/h3>\n<p>Pareizi bl\u012bv\u0113\u0161anas meh\u0101nismi ir \u013coti svar\u012bgi str\u0113les cilindra funkcionalit\u0101tei. Augstas kvalit\u0101tes bl\u012bv\u0113jumi nov\u0113r\u0161 hidraulisk\u0101 \u0161\u0137idruma nopl\u016bdes, kas var samazin\u0101t efektivit\u0101ti un izrais\u012bt iesp\u0113jamus boj\u0101jumus. Bl\u012bv\u0113jumiem tiek izv\u0113l\u0113ti iztur\u012bgi materi\u0101li, piem\u0113ram, poliuret\u0101ns un nitrilgumija, lai tie iztur\u0113tu nodilumu. Turkl\u0101t cilindra korpuss un v\u012bt\u0146ot\u0101s virsmas tiek r\u016bp\u012bgi apstr\u0101d\u0101tas, lai uzlabotu nodilumiztur\u012bbu, nodro\u0161inot cilindra funkcionalit\u0101ti laika gait\u0101 un samazinot apkopes nepiecie\u0161am\u012bbu.<\/p>\n<h3>Dro\u0161\u012bba un apkope<\/h3>\n<p>Dro\u0161\u012bba ir galvenais apsv\u0113rums str\u0113les cilindru projekt\u0113\u0161an\u0101. In\u017eenieri iek\u013cauj funkcijas, kas nov\u0113r\u0161 nejau\u0161as k\u013c\u016bmes, piem\u0113ram, p\u0101rspiediena v\u0101rstus un dro\u0161\u012bbas sl\u0113dzenes. Regul\u0101ra apkope ir svar\u012bga ar\u012b, lai nodro\u0161in\u0101tu optim\u0101lu veiktsp\u0113ju un dro\u0161\u012bbu. Tas ietver regul\u0101ras p\u0101rbaudes, savlaic\u012bgu e\u013c\u013co\u0161anu un nodilu\u0161o bl\u012bv\u0113jumu nomai\u0146u. Labi uztur\u0113ts str\u0113les cilindrs iev\u0113rojami samazina negad\u012bjumu un meh\u0101nisku k\u013c\u016bmju risku, veicinot dro\u0161\u0101ku darba vidi.<\/p>\n<p><img decoding=\"async\" src=\"https:\/\/www.hydraulic-cylinders.net\/wp-content\/uploads\/2025\/04\/songte-oil-pipes-and-spare-parts.webp\" alt=\"Hidraulisko cilindru komponenti\"><\/p>\n<h2>Bl\u012bv\u0113\u0161ana un e\u013c\u013co\u0161ana<\/h2>\n<p>Efekt\u012bva bl\u012bv\u0113\u0161ana un e\u013c\u013co\u0161ana ir \u0101rk\u0101rt\u012bgi svar\u012bga, lai nodro\u0161in\u0101tu str\u0113les cilindru optim\u0101lu darb\u012bbu. Lai nov\u0113rstu hidraulisk\u0101 \u0161\u0137idruma nopl\u016bdi un uztur\u0113tu spiedienu, tiek izmantoti da\u017e\u0101di bl\u012bv\u0113jumi, tostarp virzu\u013ca bl\u012bv\u0113jumi un stie\u0146a bl\u012bv\u0113jumi. Bl\u012bv\u0113jumi, kas izgatavoti no nodilumiztur\u012bgiem materi\u0101liem, piem\u0113ram, poliuret\u0101na un nitrila gumijas, ir iecien\u012bti to iztur\u012bbas d\u0113\u013c. Cilindra korpuss un v\u012bt\u0146otie gali ir r\u016bp\u012bgi apstr\u0101d\u0101ti, lai uzlabotu nodilumiztur\u012bbu. Regul\u0101ra e\u013c\u013co\u0161ana ar hidraulisko e\u013c\u013cu ir nepiecie\u0161ama, lai samazin\u0101tu berzi un nodilumu, nodro\u0161inot vienm\u0113r\u012bgu darb\u012bbu un pagarinot cilindra kalpo\u0161anas laiku.<\/p>\n<h2>Prevent\u012bvie apkopes pas\u0101kumi<\/h2>\n<ul>\n<li><strong>Regul\u0101ras p\u0101rbaudes:<\/strong> Veiciet regul\u0101ras str\u0113les cilindra p\u0101rbaudes, lai noteiktu jebk\u0101das nodiluma, nopl\u016b\u017eu vai boj\u0101jumu paz\u012bmes. Probl\u0113mu agr\u012bna atkl\u0101\u0161ana var nov\u0113rst turpm\u0101kas komplik\u0101cijas un d\u0101rgus remontdarbus.<\/li>\n<li><strong>Pareiza e\u013c\u013co\u0161ana:<\/strong> P\u0101rliecinieties, vai cilindrs ir pien\u0101c\u012bgi iee\u013c\u013cots ar atbilsto\u0161u hidraulisko e\u013c\u013cu. \u0160is solis ir b\u016btisks, lai saglab\u0101tu veiktsp\u0113ju un paildzin\u0101tu cilindra kalpo\u0161anas laiku.<\/li>\n<li><strong>Bl\u012bv\u0113juma nomai\u0146a:<\/strong> Regul\u0101ri p\u0101rbaudiet bl\u012bves un nomainiet t\u0101s p\u0113c nepiecie\u0161am\u012bbas, lai nov\u0113rstu hidraulisk\u0101 \u0161\u0137idruma nopl\u016bdes, kas var apdraud\u0113t gan veiktsp\u0113ju, gan dro\u0161\u012bbu.<\/li>\n<\/ul>\n<h2>Uzst\u0101d\u012b\u0161anas vadl\u012bnijas<\/h2>\n<p>Pareiza str\u0113les cilindra uzst\u0101d\u012b\u0161ana ir \u013coti svar\u012bga t\u0101 veiktsp\u0113jai un ilgm\u016b\u017e\u012bbai. Vispirms p\u0101rliecinieties, vai visas sast\u0101vda\u013cas ir t\u012bras un bez gru\u017eiem. Pareizi izl\u012bdziniet cilindru ar stiprin\u0101juma punktiem uz ma\u0161\u012bnas, izmantojot atbilsto\u0161us uzst\u0101d\u012b\u0161anas kron\u0161teinus stabilit\u0101tei. Ir svar\u012bgi cie\u0161i pievilkt visas skr\u016bves un stiprin\u0101jumus, iev\u0113rojot ra\u017eot\u0101ja nor\u0101d\u012btos griezes momenta nor\u0101d\u012bjumus. P\u0113c uzst\u0101d\u012b\u0161anas p\u0101rbaudiet cilindra izl\u012bdzin\u0101jumu un funkcionalit\u0101ti, veicot testa braucienu zem\u0101 spiedien\u0101, pirms darbin\u0101t to ar pilnu slodzi. \u0160\u012b piesardz\u012bg\u0101 pieeja nodro\u0161ina, ka visas deta\u013cas darbojas k\u0101 paredz\u0113ts, un samazina probl\u0113mu risku darb\u012bbas laik\u0101.<\/p>\n<h2>Bie\u017ei sastopamie apkopes uzdevumi<\/h2>\n<h3>Regul\u0101ras p\u0101rbaudes<\/h3>\n<p>Regul\u0101ru p\u0101rbau\u017eu veik\u0161ana ir b\u016btiska, lai identific\u0113tu iesp\u0113jam\u0101s probl\u0113mas, pirms t\u0101s saasin\u0101s. Tehni\u0137iem j\u0101p\u0101rbauda, \u200b\u200bvai uz balona nav nodiluma paz\u012bmju, piem\u0113ram, skr\u0101p\u0113jumu vai iespiedumu, un j\u0101p\u0101rbauda bl\u012bves, vai nav nopl\u016b\u017eu. R\u012bkojoties proakt\u012bvi, operatori var nodro\u0161in\u0101t, ka balons ir optim\u0101l\u0101 st\u0101vokl\u012b, nov\u0113r\u0161ot negaid\u012btus boj\u0101jumus un remontu.<\/p>\n<h3>Pareiza e\u013c\u013co\u0161ana<\/h3>\n<p>Regul\u0101ra str\u0113les cilindra e\u013c\u013co\u0161ana ir \u013coti svar\u012bga nevainojamai darb\u012bbai. Izmantojot ieteicamo hidraulisko e\u013c\u013cu, tehni\u0137iem j\u0101nodro\u0161ina, lai cilindrs b\u016btu pien\u0101c\u012bgi iee\u013c\u013cots, lai samazin\u0101tu kust\u012bgo da\u013cu berzi un nodilumu. E\u013c\u013co\u0161anas grafika iev\u0113ro\u0161ana ir noder\u012bga, lai saglab\u0101tu veiktsp\u0113ju un pagarin\u0101tu cilindra ekspluat\u0101cijas laiku.<\/p>\n<h3>Bl\u012bv\u0113juma nomai\u0146a<\/h3>\n<p>Laika gait\u0101 bl\u012bves var nolietoties, izraisot hidraulisk\u0101 \u0161\u0137idruma nopl\u016bdes. Tehni\u0137iem regul\u0101ri j\u0101p\u0101rbauda bl\u012bves un j\u0101nomaina t\u0101s, kad nepiecie\u0161ams, lai saglab\u0101tu sist\u0113mas integrit\u0101ti. Pareiza bl\u012bvju apkope ne tikai nodro\u0161ina optim\u0101lu veiktsp\u0113ju, bet ar\u012b uzlabo dro\u0161\u012bbu, nov\u0113r\u0161ot \u0161\u0137idruma nopl\u016bdi, kas var\u0113tu rad\u012bt b\u012bstamus apst\u0101k\u013cus.<\/p>\n<p><img decoding=\"async\" src=\"https:\/\/www.hydraulic-cylinders.net\/wp-content\/uploads\/2025\/04\/songte-chushion-collar.webp\" alt=\"Spilvenu apkakle\"><\/p>\n<h2>Dro\u0161\u012bbas apsv\u0113rumi un vides faktori<\/h2>\n<p>Izmantojot str\u0113les cilindrus, ir \u013coti svar\u012bgi ieviest dro\u0161\u012bbas pas\u0101kumus. Operatoriem j\u0101b\u016bt apm\u0101c\u012btiem dro\u0161\u0101 ma\u0161\u012bnu lieto\u0161an\u0101 un j\u0101saprot, cik svar\u012bgi ir iev\u0113rot slodzes ierobe\u017eojumus. Turkl\u0101t, lietojot hidrauliskos cilindrus vid\u0113 ar b\u012bstamiem materi\u0101liem, ir j\u0101iev\u0113ro \u012bpa\u0161a piesardz\u012bba, lai nov\u0113rstu nopl\u016bdes un nopl\u016bdes, kas var rad\u012bt vides riskus. Regul\u0101ra apkope un p\u0101rbaudes nodro\u0161ina, ka iek\u0101rtas darbojas dro\u0161i un efekt\u012bvi, samazinot negad\u012bjumu iesp\u0113jam\u012bbu.<\/p>\n<h2>Probl\u0113mu nov\u0113r\u0161ana un bie\u017ei sastopamas probl\u0113mas<\/h2>\n<ul>\n<li><strong>\u0160\u0137idruma nopl\u016bdes:<\/strong> Viena no visbie\u017e\u0101k sastopamaj\u0101m probl\u0113m\u0101m ar str\u0113les cilindriem ir hidraulisk\u0101 \u0161\u0137idruma nopl\u016bdes. Regul\u0101ri p\u0101rbaudiet bl\u012bves un savienojumus, vai nav nodiluma vai boj\u0101jumu paz\u012bmju. Ja tiek konstat\u0113tas nopl\u016bdes, nomainiet bl\u012bves vai pievelciet savienojumus atbilsto\u0161i nepiecie\u0161am\u012bbai.<\/li>\n<li><strong>Samazin\u0101ta veiktsp\u0113ja:<\/strong> Ja str\u0113les cilindrs nerea\u0123\u0113 atbilsto\u0161i, hidrauliskaj\u0101 sist\u0113m\u0101 var b\u016bt gaiss vai zems \u0161\u0137idruma l\u012bmenis. Atgaisojiet sist\u0113mu, lai izvad\u012btu gaisu, un p\u0101rbaudiet \u0161\u0137idruma l\u012bmeni, nepiecie\u0161am\u012bbas gad\u012bjum\u0101 papildinot.<\/li>\n<li><strong>Neregul\u0101ras kust\u012bbas:<\/strong> Neregul\u0101ras kust\u012bbas var liecin\u0101t par v\u0101rsta darb\u012bbas trauc\u0113jumiem vai nepiecie\u0161am\u012bbu veikt sist\u0113mas apkopi. P\u0101rbaudiet v\u0101rstus un p\u0101rliecinieties, vai tie darbojas pareizi, k\u0101 ar\u012b p\u0101rbaudiet, vai hidrauliskaj\u0101s l\u012bnij\u0101s nav aizsprostojumu.<\/li>\n<\/ul>\n<h2>Probl\u0113mu nov\u0113r\u0161anas padomi<\/h2>\n<p>Diagnostic\u0113jot probl\u0113mas ar str\u0113les cilindru, ir svar\u012bgi pieiet probl\u0113mai sistem\u0101tiski. S\u0101ciet ar nopl\u016b\u017eu vai bl\u012bv\u0113jumu boj\u0101jumu p\u0101rbaudi, kas var b\u016btiski ietekm\u0113t veiktsp\u0113ju. Ja cilindram ir samazin\u0101ta jauda, \u200b\u200bp\u0101rliecinieties, vai hidraulisk\u0101 \u0161\u0137idruma l\u012bmenis ir pietiekams un vai sist\u0113m\u0101 nav iek\u013cuvis gaiss. Regul\u0101ra apkope, tostarp savlaic\u012bga e\u013c\u013co\u0161ana un bl\u012bv\u0113jumu nomai\u0146a, var nov\u0113rst daudzas bie\u017ei sastopamas probl\u0113mas, t\u0101d\u0113j\u0101di uzlabojot uzticam\u012bbu un dro\u0161\u012bbu ekspluat\u0101cijas laik\u0101.<\/p>\n<p><img decoding=\"async\" src=\"https:\/\/www.hydraulic-cylinders.net\/wp-content\/uploads\/2025\/04\/songte-bushings-with-all-kinds-of-excavator-models.webp\" alt=\"Ekskavatora mode\u013ca bukses\"><\/p>\n<h2>Uz\u0146\u0113muma p\u0101rskats<\/h2>\n<p>M\u0113s esam vado\u0161ais hidraulisko cilindru ra\u017eot\u0101js un vairumtirdzniec\u012bbas izplat\u012bt\u0101js, kas specializ\u0113jas da\u017e\u0101du mode\u013cu nomai\u0146\u0101. M\u016bsu produktu kl\u0101sts m\u016bs pozicion\u0113 k\u0101 vienu no vado\u0161ajiem sp\u0113l\u0113t\u0101jiem gan viet\u0113j\u0101, gan starptautiskaj\u0101 tirg\u016b. M\u0113s iev\u0113rojam stingrus kvalit\u0101tes kontroles standartus un izmantojam progres\u012bvas ra\u017eo\u0161anas vad\u012bbas strat\u0113\u0123ijas, ko atbalsta kvalific\u0113ti tehni\u0137i, augstas klases digit\u0101l\u0101s ra\u017eo\u0161anas iek\u0101rtas un profesion\u0101las test\u0113\u0161anas sist\u0113mas. M\u016bsu ap\u0146em\u0161an\u0101s sasniegt izcil\u012bbu \u013cauj mums past\u0101v\u012bgi uzlabot m\u016bsu ra\u017eo\u0161anas platformas, nodro\u0161inot, ka m\u0113s apmierin\u0101m da\u017e\u0101das klientu vajadz\u012bbas ar augstu efektivit\u0101ti, precizit\u0101ti un kvalit\u0101ti.<\/p>\n<p><img decoding=\"async\" src=\"https:\/\/www.hydraulic-cylinders.net\/wp-content\/uploads\/2025\/04\/songte-company-4.webp\" alt=\"Uz\u0146\u0113muma p\u0101rskats 1\"><br \/>\n<img decoding=\"async\" src=\"https:\/\/www.hydraulic-cylinders.net\/wp-content\/uploads\/2025\/04\/songte-company-3.webp\" alt=\"Uz\u0146\u0113muma p\u0101rskats 2\"><\/p>\n<p>M\u016bsu ap\u0146em\u0161anos profesionalit\u0101tei atspogu\u013co m\u016bsu starptautisk\u0101s sertifik\u0101cijas un piel\u0101gotie pakalpojumi. M\u0113s lepojamies ar savu modern\u0101ko ra\u017eo\u0161anas apr\u012bkojumu un uzticamo p\u0113cp\u0101rdo\u0161anas atbalstu, nodro\u0161inot, ka klienti sa\u0146em ne tikai augstas kvalit\u0101tes produktus, bet ar\u012b izcilu apkalpo\u0161anu vis\u0101 sadarb\u012bbas laik\u0101 ar mums.<\/p>\n<p>Autors: lil<\/p>","protected":false},"excerpt":{"rendered":"<p>Boom Cylinder For Kato Small Excavator HD1638R Understanding the Boom Cylinder The boom cylinder is a crucial component of heavy machinery, specifically designed to control the movement of the bucket in various types of equipment, such as excavators, backhoe loaders, and front loaders. This hydraulic cylinder enables the bucket to lift, lower, and tilt, facilitating [&hellip;]<\/p>","protected":false},"featured_media":17876,"comment_status":"open","ping_status":"closed","template":"","meta":{"_et_pb_use_builder":"","_et_pb_old_content":"","_et_gb_content_width":""},"product_brand":[],"product_cat":[1546],"product_tag":[1547,1496],"class_list":{"0":"post-19748","1":"product","2":"type-product","3":"status-publish","4":"has-post-thumbnail","6":"product_cat-boom-cylinders","7":"product_tag-boom-cylinders","8":"product_tag-hydraulic-cylinders","10":"first","11":"instock","12":"shipping-taxable","13":"product-type-simple"},"amp_enabled":true,"_links":{"self":[{"href":"https:\/\/www.hydraulic-cylinders.net\/lv\/wp-json\/wp\/v2\/product\/19748","targetHints":{"allow":["GET"]}}],"collection":[{"href":"https:\/\/www.hydraulic-cylinders.net\/lv\/wp-json\/wp\/v2\/product"}],"about":[{"href":"https:\/\/www.hydraulic-cylinders.net\/lv\/wp-json\/wp\/v2\/types\/product"}],"replies":[{"embeddable":true,"href":"https:\/\/www.hydraulic-cylinders.net\/lv\/wp-json\/wp\/v2\/comments?post=19748"}],"wp:featuredmedia":[{"embeddable":true,"href":"https:\/\/www.hydraulic-cylinders.net\/lv\/wp-json\/wp\/v2\/media\/17876"}],"wp:attachment":[{"href":"https:\/\/www.hydraulic-cylinders.net\/lv\/wp-json\/wp\/v2\/media?parent=19748"}],"wp:term":[{"taxonomy":"product_brand","embeddable":true,"href":"https:\/\/www.hydraulic-cylinders.net\/lv\/wp-json\/wp\/v2\/product_brand?post=19748"},{"taxonomy":"product_cat","embeddable":true,"href":"https:\/\/www.hydraulic-cylinders.net\/lv\/wp-json\/wp\/v2\/product_cat?post=19748"},{"taxonomy":"product_tag","embeddable":true,"href":"https:\/\/www.hydraulic-cylinders.net\/lv\/wp-json\/wp\/v2\/product_tag?post=19748"}],"curies":[{"name":"wp","href":"https:\/\/api.w.org\/{rel}","templated":true}]}}