{"id":19750,"date":"2025-04-07T07:05:31","date_gmt":"2025-04-07T07:05:31","guid":{"rendered":"https:\/\/www.hydraulic-cylinders.net\/product\/boom-cylinder-for-kato-small-excavator-hd512r\/"},"modified":"2025-04-07T07:05:33","modified_gmt":"2025-04-07T07:05:33","slug":"boom-cylinder-for-kato-small-excavator-hd512r","status":"publish","type":"product","link":"https:\/\/www.hydraulic-cylinders.net\/lv\/products\/boom-cylinder-for-kato-small-excavator-hd512r\/","title":{"rendered":"Kato maz\u0101 ekskavatora HD512R str\u0113les cilindrs"},"content":{"rendered":"<h1>Kato maz\u0101 ekskavatora HD512R str\u0113les cilindrs<\/h1>\n<h2>Str\u0113les cilindra p\u0101rskats<\/h2>\n<p>Str\u0113les cilindram ir iz\u0161\u0137iro\u0161a noz\u012bme celtniec\u012bbas tehnikas, \u012bpa\u0161i ekskavatoru, hidrauliskaj\u0101 sist\u0113m\u0101. Tas ir \u012bpa\u0161i izstr\u0101d\u0101ts, lai kontrol\u0113tu kausa kust\u012bbu, un ir b\u016btisks da\u017e\u0101diem lieljaudas darbiem. Str\u0113les cilindrs \u013cauj kausam pacelt, nolaist un noliekt, t\u0101d\u0113j\u0101di atvieglojot efekt\u012bvus materi\u0101lu apstr\u0101des uzdevumus. \u0160is hidrauliskais cilindrs tiek izmantots t\u0101d\u0101s ma\u0161\u012bn\u0101s k\u0101 ekskavatori, ekskavatori-iekr\u0101v\u0113ji un front\u0101lie iekr\u0101v\u0113ji, nodro\u0161inot optim\u0101lu veiktsp\u0113ju un produktivit\u0101ti sare\u017e\u0123\u012btos darba apst\u0101k\u013cos.<\/p>\n<p><img decoding=\"async\" src=\"https:\/\/www.hydraulic-cylinders.net\/wp-content\/uploads\/2025\/04\/songte-company-1.webp\" alt=\"Str\u0113les cilindrs\" \/><\/p>\n<h2>Str\u0113les cilindra \u012bpa\u0161\u012bbas<\/h2>\n<ul>\n<li><strong>Augsta iztur\u012bba un ilgm\u016b\u017e\u012bba:<\/strong> Izgatavots no augstas stipr\u012bbas t\u0113rauda vai alum\u012bnija, \u0161is cilindrs var iztur\u0113t augstu spiedienu un lielas slodzes, padarot to piem\u0113rotu skarbiem darba apst\u0101k\u013ciem.<\/li>\n<li><strong>Efekt\u012bva hidraulisk\u0101 darb\u012bba:<\/strong> Izmanto hidraulisk\u0101s e\u013c\u013cas spiedienu vienm\u0113r\u012bgai izvilk\u0161anai un ievilk\u0161anai, nodro\u0161inot \u0101tru reakciju uz vad\u012bbas komand\u0101m un jaud\u012bgas stum\u0161anas un vilk\u0161anas sp\u0113jas.<\/li>\n<li><strong>Da\u017e\u0101di veidi:<\/strong> Pieejams vienk\u0101r\u0161\u0101s darb\u012bbas (izmantojot hidraulisko jaudu vien\u0101 virzien\u0101) vai divk\u0101r\u0161\u0101s darb\u012bbas (izmantojot hidraulisko jaudu abos virzienos) konfigur\u0101cij\u0101s, lai apmierin\u0101tu da\u017e\u0101das ekspluat\u0101cijas vajadz\u012bbas.<\/li>\n<li><strong>Kompakts dizains:<\/strong> Da\u017eiem mode\u013ciem ir teleskopiskas konstrukcijas, kas nodro\u0161ina liel\u0101ku pagarin\u0101jumu, nepalielinot \u0101r\u0113jos izm\u0113rus, kas ir ide\u0101li piem\u0113rots lieto\u0161anai sl\u0113gt\u0101s telp\u0101s.<\/li>\n<li><strong>Viegli kopjams:<\/strong> Paredz\u0113ts vienk\u0101r\u0161ai apkopei un nomai\u0146ai, nodro\u0161inot minim\u0101lu d\u012bkst\u0101vi darb\u012bbas laik\u0101.<\/li>\n<\/ul>\n<h2>Ra\u017eo\u0161anas jauda<\/h2>\n<p>Mums ir iesp\u0113jas ra\u017eot \u0161o produktu, nodro\u0161inot, ka m\u016bsu hidrauliskie cilindri var perfekti aizst\u0101t eso\u0161os mode\u013cus tirg\u016b.<\/p>\n<p><img decoding=\"async\" src=\"https:\/\/www.hydraulic-cylinders.net\/wp-content\/uploads\/2025\/04\/songte-cylinder-head-with-all-kinds-excavator-models.webp\" alt=\"Cilindru ra\u017eo\u0161ana\" \/><\/p>\n<h2>Lietojumprogrammu scen\u0101riji<\/h2>\n<h3>Celtniec\u012bbas apr\u012bkojums<\/h3>\n<p>Ekskavatoros str\u0113les cilindri ir \u013coti svar\u012bgi augsnes vai gru\u017eu rak\u0161anai, iekrau\u0161anai un p\u0101rvieto\u0161anai. Tie \u013cauj kausam efekt\u012bvi iek\u013c\u016bt zem\u0113, \u013caujot operatoriem efekt\u012bvi veikt uzdevumus. Ekskavatoros-iekr\u0101v\u0113jos str\u0113les cilindrs pal\u012bdz gan rak\u0161anas, gan cel\u0161anas oper\u0101cij\u0101s, nodro\u0161inot daudzpus\u012bbu objekt\u0101.<\/p>\n<h3>Lauksaimniec\u012bbas tehnika<\/h3>\n<p>Front\u0101lo iekr\u0101v\u0113ju str\u0113les cilindri pal\u012bdz gr\u0101bt, pacelt un transport\u0113t augsni, sienu un citus materi\u0101lus, padarot tos nenov\u0113rt\u0113jamus lauksaimniec\u012bbas vid\u0113. To iztur\u012bba un uzticam\u012bba nodro\u0161ina, ka lauksaimnieki var veikt savus uzdevumus bez p\u0101rtraukumiem.<\/p>\n<h3>Ekskavatori<\/h3>\n<p>Str\u0113les cilindri atvieglo rak\u0161anas kust\u012bbu, \u013caujot kausam iek\u013c\u016bt augsn\u0113. \u0160\u012b sp\u0113ja ir b\u016btiska, lai ekskavatori efekt\u012bvi darbotos b\u016bvniec\u012bbas un ainavu veido\u0161anas darbos, nodro\u0161inot optim\u0101lu darb\u012bbu da\u017e\u0101dos reljefos.<\/p>\n<h3>Iekr\u0101v\u0113ji<\/h3>\n<p>Front\u0101lajos iekr\u0101v\u0113jos str\u0113les cilindri ir atbild\u012bgi par efekt\u012bvu kravu pacel\u0161anu un izg\u0101\u0161anu. To veiktsp\u0113ja cel\u0161anas oper\u0101cij\u0101s ir kritiski svar\u012bga materi\u0101lu apstr\u0101dei, nodro\u0161inot pre\u010du efekt\u012bvu transport\u0113\u0161anu un novieto\u0161anu.<\/p>\n<h2>Dizaina apsv\u0113rumi un atlases krit\u0113riji<\/h2>\n<ul>\n<li><strong>Kravnes\u012bba:<\/strong> Projekt\u0113jot j\u0101\u0146em v\u0113r\u0101 maksim\u0101l\u0101 slodze, ko cilindrs iztur\u0113s. Tas noz\u012bm\u0113 izv\u0113l\u0113ties materi\u0101lus, kas var iztur\u0113t ekspluat\u0101cijas pras\u012bbas, neapdraudot dro\u0161\u012bbu.<\/li>\n<li><strong>Bl\u012bv\u0113juma integrit\u0101te:<\/strong> Efekt\u012bva bl\u012bv\u0113\u0161ana ir \u013coti svar\u012bga, lai nov\u0113rstu hidraulisk\u0101 \u0161\u0137idruma nopl\u016bdi. Lai uztur\u0113tu spiedienu un nodro\u0161in\u0101tu darb\u012bbas efektivit\u0101ti, j\u0101izmanto augstas kvalit\u0101tes bl\u012bves.<\/li>\n<li><strong>Iztur\u012bba:<\/strong> Izv\u0113l\u0113tajiem materi\u0101liem j\u0101b\u016bt iztur\u012bgiem pret nodilumu, nodro\u0161inot ilgu kalpo\u0161anas laiku pat skarbos apst\u0101k\u013cos. Tas ietver ar\u012b pretkorozijas apstr\u0101des apsv\u0113rumus.<\/li>\n<li><strong>Dro\u0161\u012bbas funkcijas:<\/strong> Dro\u0161\u012bbas pas\u0101kumu, piem\u0113ram, spiediena samazin\u0101\u0161anas v\u0101rstu, iek\u013cau\u0161ana var nov\u0113rst negad\u012bjumus un uzlabot operatora dro\u0161\u012bbu intens\u012bvas darb\u012bbas laik\u0101.<\/li>\n<li><strong>Apkopes pieejam\u012bba:<\/strong> Projektam j\u0101nodro\u0161ina \u0113rta piek\u013cuve galvenaj\u0101m sast\u0101vda\u013c\u0101m p\u0101rbaudei un apkopei, samazinot d\u012bkst\u0101ves laiku un darb\u012bbas trauc\u0113jumus.<\/li>\n<\/ul>\n<p><img decoding=\"async\" src=\"https:\/\/www.hydraulic-cylinders.net\/wp-content\/uploads\/2025\/04\/songte-oil-pipes-and-spare-parts.webp\" alt=\"Rezerves da\u013cas\" \/><\/p>\n<h2>Bl\u012bv\u0113\u0161ana un e\u013c\u013co\u0161ana<\/h2>\n<p>Hidraulisko cilindru integrit\u0101tes saglab\u0101\u0161anai ir svar\u012bgi izmantot da\u017e\u0101dus bl\u012bv\u0113\u0161anas elementus, piem\u0113ram, virzu\u013ca bl\u012bves un stie\u0146a bl\u012bves. No iztur\u012bgiem materi\u0101liem, piem\u0113ram, poliuret\u0101na un nitrila gumijas, izgatavoti bl\u012bv\u0113jumi nodro\u0161ina nodilumiztur\u012bbu un ilgm\u016b\u017e\u012bbu. Cilindra korpuss un v\u012bt\u0146ot\u0101s gala virsmas ir smalki apstr\u0101d\u0101tas, lai palielin\u0101tu nodilumiztur\u012bbu. Lai nodro\u0161in\u0101tu vienm\u0113r\u012bgu darb\u012bbu un nov\u0113rstu kust\u012bgo da\u013cu nodilumu, ir nepiecie\u0161ama regul\u0101ra e\u013c\u013co\u0161ana ar atbilsto\u0161u hidraulisk\u0101s e\u013c\u013cas daudzumu.<\/p>\n<h2>Regul\u0101ras p\u0101rbaudes un profilaktisk\u0101s apkopes pas\u0101kumi<\/h2>\n<ul>\n<li><strong>Pl\u0101nojiet regul\u0101ras p\u0101rbaudes:<\/strong> Regul\u0101ras p\u0101rbaudes var noteikt nodilumu, pirms tas rada nopietnas probl\u0113mas. Mekl\u0113jiet nopl\u016bdes paz\u012bmes, neparastas ska\u0146as un veiktsp\u0113jas samazin\u0101\u0161anos.<\/li>\n<li><strong>Ieviest e\u013c\u013co\u0161anas protokolus:<\/strong> Izveidojiet grafiku visu kust\u012bgo da\u013cu e\u013c\u013co\u0161anai. Tas pal\u012bdz\u0113s uztur\u0113t vienm\u0113r\u012bgu darb\u012bbu un samazin\u0101t berzes rad\u012bto nodilumu.<\/li>\n<li><strong>Bl\u012bv\u0113juma nomai\u0146as un kalibr\u0113\u0161anas p\u0101rbaudes:<\/strong> Regul\u0101ri nov\u0113rt\u0113jiet bl\u012bv\u0113jumu st\u0101vokli un nomainiet tos p\u0113c nepiecie\u0161am\u012bbas. Kalibr\u0113\u0161anas p\u0101rbaudes nodro\u0161ina, ka hidraulisk\u0101s sist\u0113mas darbojas optim\u0101l\u0101 spiediena l\u012bmen\u012b, uzlabojot veiktsp\u0113ju un dro\u0161\u012bbu.<\/li>\n<\/ul>\n<h2>Pareizas produkta uzst\u0101d\u012b\u0161anas vadl\u012bnijas<\/h2>\n<p>Pareiza str\u0113les cilindra uzst\u0101d\u012b\u0161ana ir \u013coti svar\u012bga t\u0101 veiktsp\u0113jai un ilgm\u016b\u017e\u012bbai. Vispirms p\u0101rliecinieties, vai mont\u0101\u017eas virsmas ir t\u012bras un bez gru\u017eiem. Uzst\u0101d\u012b\u0161anas laik\u0101 izmantojiet atbilsto\u0161u izl\u012bdzin\u0101jumu; nepareiza izl\u012bdzin\u0101\u0161ana var izrais\u012bt priek\u0161laic\u012bgu nodilumu vai boj\u0101jumus. Izmantojiet piem\u0113rotus mont\u0101\u017eas kron\u0161teinus, lai dro\u0161i stabiliz\u0113tu cilindru. P\u0113c uzst\u0101d\u012b\u0161anas veiciet r\u016bp\u012bgu funkcion\u0101lo p\u0101rbaudi, lai nodro\u0161in\u0101tu pareizu darb\u012bbu pirms pilna m\u0113roga lieto\u0161anas. Turkl\u0101t iepaz\u012bstieties ar ra\u017eot\u0101ja specifik\u0101cij\u0101m attiec\u012bb\u0101 uz griezes momenta iestat\u012bjumiem uzst\u0101d\u012b\u0161anas laik\u0101, lai izvair\u012btos no probl\u0113m\u0101m v\u0113l\u0101k.<\/p>\n<h2>Bie\u017ei sastopamie apkopes uzdevumi<\/h2>\n<ul>\n<li><strong>Regul\u0101ras p\u0101rbaudes:<\/strong> Regul\u0101ras p\u0101rbaudes var pal\u012bdz\u0113t laikus identific\u0113t probl\u0113mas, \u013caujot savlaic\u012bgi iejaukties un veikt remontu. \u0160\u012b proakt\u012bv\u0101 pieeja samazina d\u012bkst\u0101ves laiku un pagarina cilindru kalpo\u0161anas laiku.<\/li>\n<li><strong>Pareiza e\u013c\u013co\u0161ana:<\/strong> Regul\u0101ra e\u013c\u013co\u0161ana ir b\u016btiska, lai cilindrs darbotos nevainojami. P\u0101rliecinieties, ka izmantojat ra\u017eot\u0101ja ieteikto hidraulisko e\u013c\u013cu un stingri iev\u0113rojat e\u013c\u013co\u0161anas grafiku.<\/li>\n<li><strong>Bl\u012bv\u0113juma nomai\u0146as un kalibr\u0113\u0161anas p\u0101rbaudes:<\/strong> Laika gait\u0101 bl\u012bves var nolietoties un t\u0101s ir j\u0101nomaina, lai nov\u0113rstu nopl\u016bdes. Kalibr\u0113\u0161anas p\u0101rbaudes nodro\u0161ina, ka hidrauliskie cilindri darbojas ar v\u0113lamo spiedienu, saglab\u0101jot efektivit\u0101ti.<\/li>\n<\/ul>\n<h2>Dro\u0161\u012bbas apsv\u0113rumi un vides faktori<\/h2>\n<p>Darbinot hidrauliskos cilindrus, ir \u0101rk\u0101rt\u012bgi svar\u012bgi priorit\u0101ri piev\u0113rsties dro\u0161\u012bbas pas\u0101kumiem. Tas ietver operatoru apm\u0101c\u012bbu par dro\u0161\u0101m apstr\u0101des proced\u016br\u0101m un visu iek\u0101rtu regul\u0101ru p\u0101rbaudi un apkopi. Svar\u012bgi ir ar\u012b vides apsv\u0113rumi; videi draudz\u012bgu hidraulisko \u0161\u0137idrumu izmanto\u0161ana var samazin\u0101t negat\u012bvo ietekmi uz apk\u0101rt\u0113jo ekosist\u0113mu, apliecinot ap\u0146em\u0161anos nodro\u0161in\u0101t ilgtsp\u0113j\u012bbu darb\u012bb\u0101.<\/p>\n<h2>Probl\u0113mu nov\u0113r\u0161ana un bie\u017ei sastopamas probl\u0113mas<\/h2>\n<ul>\n<li><strong>Nopl\u016bde:<\/strong> Bie\u017ei vien to izraisa nodilu\u0161i bl\u012bvsl\u0113gi \u200b\u200bvai boj\u0101ti cilindru korpusi. Regul\u0101ras p\u0101rbaudes var pal\u012bdz\u0113t laikus atkl\u0101t nopl\u016bdes un nov\u0113rst \u0161\u0137idruma zudumus.<\/li>\n<li><strong>L\u0113na darb\u012bba:<\/strong> Tas var liecin\u0101t par zemu hidraulisk\u0101 \u0161\u0137idruma l\u012bmeni vai nepiecie\u0161am\u012bbu atgaisot sist\u0113mu, lai izvad\u012btu iesprostoto gaisu. Nekav\u0113joties nov\u0113rsiet \u0161\u012bs probl\u0113mas, lai atjaunotu darb\u012bbu.<\/li>\n<li><strong>Neparastas ska\u0146as:<\/strong> Sl\u012bpo\u0161a vai klauv\u0113jo\u0161a ska\u0146a var liecin\u0101t par meh\u0101nisku k\u013c\u016bmi vai gru\u017eiem sist\u0113m\u0101. Nekav\u0113joties veiciet izmekl\u0113\u0161anu, lai nov\u0113rstu turpm\u0101kus boj\u0101jumus.<\/li>\n<\/ul>\n<p>Ievie\u0161ot prevent\u012bvus pas\u0101kumus, piem\u0113ram, regul\u0101ras apkopes p\u0101rbaudes un nodro\u0161inot, ka operatori ir apm\u0101c\u012bti pareiz\u0101 lieto\u0161an\u0101, var samazin\u0101t iesp\u0113jam\u0101s probl\u0113mas un pagarin\u0101t str\u0113les cilindra kalpo\u0161anas laiku.<\/p>\n<p><img decoding=\"async\" src=\"https:\/\/www.hydraulic-cylinders.net\/wp-content\/uploads\/2025\/04\/songte-bushings-with-all-kinds-of-excavator-models.webp\" alt=\"Ekskavatoru mode\u013ci\" \/><\/p>\n<h2>Par m\u016bsu uz\u0146\u0113mumu<\/h2>\n<p>M\u0113s esam vado\u0161ais rezerves hidraulisko cilindru ra\u017eot\u0101js un vairumtirdzniec\u012bbas izplat\u012bt\u0101js, kas pied\u0101v\u0101 pla\u0161u produktu kl\u0101stu, kas apmierina gan viet\u0113jo, gan starptautisko tirgu. M\u016bsu ap\u0146em\u0161an\u0101s sasniegt izcil\u012bbu atspogu\u013cojas m\u016bsu pilnveidotaj\u0101s ra\u017eo\u0161anas strat\u0113\u0123ij\u0101s, kas izmanto tehniskos talantus, modernu digit\u0101lo ra\u017eo\u0161anas apr\u012bkojumu un profesion\u0101las test\u0113\u0161anas sist\u0113mas. \u0160\u012b nep\u0101rtraukt\u0101 m\u016bsu ra\u017eo\u0161anas platformas uzlabo\u0161ana nodro\u0161ina kvalitat\u012bvu produkciju, \u013caujot mums apmierin\u0101t da\u017e\u0101das klientu vajadz\u012bbas ar augstu efektivit\u0101ti, precizit\u0101ti un kvalit\u0101ti.<\/p>\n<h3>M\u016bsu profesion\u0101l\u0101 priek\u0161roc\u012bba<\/h3>\n<ul>\n<li><strong>Ekspert\u012bze:<\/strong> M\u016bsu komandu veido kvalific\u0113ti speci\u0101listi ar pla\u0161u pieredzi hidraulisko cilindru ra\u017eo\u0161an\u0101, nodro\u0161inot augst\u0101ko kvalit\u0101ti un veiktsp\u0113ju.<\/li>\n<li><strong>Starptautisk\u0101s sertifik\u0101cijas:<\/strong> We comply with various international standards, providing assurance of our products&#8217; quality and reliability.<\/li>\n<li><strong>Piel\u0101goti risin\u0101jumi:<\/strong> M\u0113s pied\u0101v\u0101jam piel\u0101gotus pakalpojumus, lai apmierin\u0101tu \u012bpa\u0161as klientu pras\u012bbas, nodro\u0161inot, ka m\u016bsu produkti piln\u012bb\u0101 atbilst vi\u0146u darb\u012bbas vajadz\u012bb\u0101m.<\/li>\n<li><strong>Uzlabots ra\u017eo\u0161anas apr\u012bkojums:<\/strong> M\u016bsu modern\u0101k\u0101s ra\u017eo\u0161anas iek\u0101rtas ir apr\u012bkotas ar jaun\u0101kaj\u0101m tehnolo\u0123ij\u0101m, kas \u013cauj mums efekt\u012bvi ra\u017eot augstas kvalit\u0101tes hidrauliskos cilindrus.<\/li>\n<li><strong>P\u0113cp\u0101rdo\u0161anas atbalsts:<\/strong> M\u0113s nodro\u0161in\u0101m stabilus p\u0113cp\u0101rdo\u0161anas pakalpojumus, nodro\u0161inot klientu apmierin\u0101t\u012bbu un atbalstu vis\u0101 produkta dz\u012bves cikl\u0101.<\/li>\n<\/ul>\n<p><img decoding=\"async\" src=\"https:\/\/www.hydraulic-cylinders.net\/wp-content\/uploads\/2025\/04\/songte-company-4.webp\" alt=\"Uz\u0146\u0113muma p\u0101rskats\" \/><br \/>\n<img decoding=\"async\" src=\"https:\/\/www.hydraulic-cylinders.net\/wp-content\/uploads\/2025\/04\/songte-company-3.webp\" alt=\"Uz\u0146\u0113muma telpas\" \/><\/p>\n<p>Autors: lil<\/p>","protected":false},"excerpt":{"rendered":"<p>Boom Cylinder For Kato Small Excavator HD512R Overview of the Boom Cylinder The boom cylinder plays a crucial role in the hydraulic system of construction machinery, particularly in excavators. It is specifically designed to control the movement of the bucket and is essential for various heavy-duty applications. The boom cylinder allows the bucket to lift, [&hellip;]<\/p>","protected":false},"featured_media":17878,"comment_status":"open","ping_status":"closed","template":"","meta":{"_et_pb_use_builder":"","_et_pb_old_content":"","_et_gb_content_width":""},"product_brand":[],"product_cat":[1546],"product_tag":[1547,1496],"class_list":{"0":"post-19750","1":"product","2":"type-product","3":"status-publish","4":"has-post-thumbnail","6":"product_cat-boom-cylinders","7":"product_tag-boom-cylinders","8":"product_tag-hydraulic-cylinders","10":"first","11":"instock","12":"shipping-taxable","13":"product-type-simple"},"amp_enabled":true,"_links":{"self":[{"href":"https:\/\/www.hydraulic-cylinders.net\/lv\/wp-json\/wp\/v2\/product\/19750","targetHints":{"allow":["GET"]}}],"collection":[{"href":"https:\/\/www.hydraulic-cylinders.net\/lv\/wp-json\/wp\/v2\/product"}],"about":[{"href":"https:\/\/www.hydraulic-cylinders.net\/lv\/wp-json\/wp\/v2\/types\/product"}],"replies":[{"embeddable":true,"href":"https:\/\/www.hydraulic-cylinders.net\/lv\/wp-json\/wp\/v2\/comments?post=19750"}],"wp:featuredmedia":[{"embeddable":true,"href":"https:\/\/www.hydraulic-cylinders.net\/lv\/wp-json\/wp\/v2\/media\/17878"}],"wp:attachment":[{"href":"https:\/\/www.hydraulic-cylinders.net\/lv\/wp-json\/wp\/v2\/media?parent=19750"}],"wp:term":[{"taxonomy":"product_brand","embeddable":true,"href":"https:\/\/www.hydraulic-cylinders.net\/lv\/wp-json\/wp\/v2\/product_brand?post=19750"},{"taxonomy":"product_cat","embeddable":true,"href":"https:\/\/www.hydraulic-cylinders.net\/lv\/wp-json\/wp\/v2\/product_cat?post=19750"},{"taxonomy":"product_tag","embeddable":true,"href":"https:\/\/www.hydraulic-cylinders.net\/lv\/wp-json\/wp\/v2\/product_tag?post=19750"}],"curies":[{"name":"wp","href":"https:\/\/api.w.org\/{rel}","templated":true}]}}