{"id":19979,"date":"2025-04-21T01:11:28","date_gmt":"2025-04-21T01:11:28","guid":{"rendered":"https:\/\/www.hydraulic-cylinders.net\/?post_type=product&#038;p=19979"},"modified":"2025-04-21T03:47:37","modified_gmt":"2025-04-21T03:47:37","slug":"top-link-hydraulic-cylinder","status":"publish","type":"product","link":"https:\/\/www.hydraulic-cylinders.net\/lv\/products\/top-link-hydraulic-cylinder\/","title":{"rendered":"Aug\u0161\u0113j\u0101s sviras hidrauliskais cilindrs"},"content":{"rendered":"<h1 style=\"text-align: center;\"><strong>Aug\u0161\u0113j\u0101s sviras hidrauliskais cilindrs<\/strong><\/h1>\n<p><img loading=\"lazy\" decoding=\"async\" class=\"aligncenter wp-image-19981\" src=\"https:\/\/www.hydraulic-cylinders.net\/wp-content\/uploads\/2025\/04\/top-link-hydraulic-cylinder-product-2.webp\" alt=\"Aug\u0161\u0113j\u0101s sviras hidrauliskais cilindrs \" width=\"500\" height=\"500\" srcset=\"https:\/\/www.hydraulic-cylinders.net\/wp-content\/uploads\/2025\/04\/top-link-hydraulic-cylinder-product-2.webp 500w, https:\/\/www.hydraulic-cylinders.net\/wp-content\/uploads\/2025\/04\/top-link-hydraulic-cylinder-product-2-480x480.webp 480w\" sizes=\"(min-width: 0px) and (max-width: 480px) 480px, (min-width: 481px) 500px, 100vw\" \/><\/p>\n<p>M\u016bsu traktoru aug\u0161\u0113j\u0101s sviras hidrauliskais cilindrs ir izstr\u0101d\u0101ts neman\u0101mai integr\u0101cijai ar tr\u012bspunktu uzkares sist\u0113m\u0101m, nodro\u0161inot prec\u012bzu lauksaimniec\u012bbas instrumentu vad\u012bbu. \u0160is hidrauliskais risin\u0101jums, kas paredz\u0113ts efektivit\u0101tes uzlabo\u0161anai, prec\u012bzi regul\u0113 arklus, s\u0113jma\u0161\u012bnas un p\u013caujma\u0161\u012bnas, padarot to ide\u0101li piem\u0113rotu ar\u0161anai, s\u0113jai bez augsnes apstr\u0101des un z\u0101l\u0101ju kop\u0161anai.<\/p>\n<p>Tas ir izgatavots no augstas iztur\u012bbas materi\u0101liem un nodro\u0161ina iztur\u012bbu sare\u017e\u0123\u012btos lauksaimniec\u012bbas apst\u0101k\u013cos, piem\u0113ram, dub\u013cainos vai mitros laukos. Neatkar\u012bgi no t\u0101, vai optimiz\u0113jat s\u0113klu izvietojumu ilgtsp\u0113j\u012bg\u0101 lauksaimniec\u012bb\u0101 vai p\u0101rvald\u0101t gan\u012bbas, m\u016bsu aug\u0161\u0113j\u0101s saites hidrauliskais cilindrs nodro\u0161ina uzticamu veiktsp\u0113ju, lai palielin\u0101tu produktivit\u0101ti da\u017e\u0101dos lauksaimniec\u012bbas darbos.<\/p>\n<h2><strong>Aug\u0161\u0113j\u0101s saites hidraulisk\u0101 cilindra parametrs:<img loading=\"lazy\" decoding=\"async\" class=\"wp-image-19983 aligncenter\" src=\"https:\/\/www.hydraulic-cylinders.net\/wp-content\/uploads\/2025\/04\/top-link-hydraulic-cylinder-product-1-1.webp\" alt=\"Aug\u0161\u0113j\u0101s sviras hidrauliskais cilindrs\" width=\"500\" height=\"500\" srcset=\"https:\/\/www.hydraulic-cylinders.net\/wp-content\/uploads\/2025\/04\/top-link-hydraulic-cylinder-product-1-1.webp 500w, https:\/\/www.hydraulic-cylinders.net\/wp-content\/uploads\/2025\/04\/top-link-hydraulic-cylinder-product-1-1-480x480.webp 480w\" sizes=\"(min-width: 0px) and (max-width: 480px) 480px, (min-width: 481px) 500px, 100vw\" \/><\/strong><\/h2>\n<p><img loading=\"lazy\" decoding=\"async\" class=\"size-full wp-image-19984 aligncenter\" src=\"https:\/\/www.hydraulic-cylinders.net\/wp-content\/uploads\/2025\/04\/top-link-hydraulic-cylinder-parameter.webp\" alt=\"\" width=\"718\" height=\"458\" srcset=\"https:\/\/www.hydraulic-cylinders.net\/wp-content\/uploads\/2025\/04\/top-link-hydraulic-cylinder-parameter.webp 718w, https:\/\/www.hydraulic-cylinders.net\/wp-content\/uploads\/2025\/04\/top-link-hydraulic-cylinder-parameter-480x306.webp 480w\" sizes=\"(min-width: 0px) and (max-width: 480px) 480px, (min-width: 481px) 718px, 100vw\" \/><\/p>\n<table class=\"all magic-6\">\n<tbody>\n<tr>\n<td colspan=\"1\" rowspan=\"1\">\n<div class=\"magic-7\"><b>Produkta nosaukums<\/b><\/div>\n<\/td>\n<td colspan=\"1\" rowspan=\"1\">\n<div class=\"magic-8\">Aug\u0161\u0113j\u0101s sviras cilindrs<\/div>\n<\/td>\n<\/tr>\n<tr>\n<td colspan=\"1\" rowspan=\"1\">\n<div class=\"magic-9\"><b>Sertifik\u0101cija<\/b><\/div>\n<\/td>\n<td colspan=\"1\" rowspan=\"1\">\n<div class=\"magic-10\">ISO9001:2000<\/div>\n<\/td>\n<\/tr>\n<tr>\n<td colspan=\"1\" rowspan=\"1\">\n<div class=\"magic-11\"><b>Urbuma izm\u0113rs<\/b><\/div>\n<\/td>\n<td colspan=\"1\" rowspan=\"1\">\n<div class=\"magic-12\">2\u20136 collas<\/div>\n<\/td>\n<\/tr>\n<tr>\n<td colspan=\"1\" rowspan=\"1\">\n<div class=\"magic-11\"><b>Stie\u0146a izm\u0113rs<\/b><\/div>\n<\/td>\n<td colspan=\"1\" rowspan=\"1\">\n<div class=\"magic-12\">1,125\u20134 collas<\/div>\n<\/td>\n<\/tr>\n<tr>\n<td colspan=\"1\" rowspan=\"1\">\n<div class=\"magic-11\"><b>Trieciena izm\u0113rs<\/b><\/div>\n<\/td>\n<td colspan=\"1\" rowspan=\"1\">\n<div class=\"magic-12\">4\u2013100 collas<\/div>\n<\/td>\n<\/tr>\n<tr>\n<td colspan=\"1\" rowspan=\"1\">\n<div class=\"magic-11\"><b>Tapas izm\u0113rs<\/b><\/div>\n<\/td>\n<td colspan=\"1\" rowspan=\"1\">\n<div class=\"magic-12\">0,5\u20132 collas<\/div>\n<\/td>\n<\/tr>\n<tr>\n<td colspan=\"1\" rowspan=\"1\">\n<div class=\"magic-11\"><b>Ostas<\/b><\/div>\n<\/td>\n<td colspan=\"1\" rowspan=\"1\">\n<div class=\"magic-12\" data-spm-anchor-id=\"a2700.details-description.0.i0.3642vGtMvGtMlh\">G\/SAE\/NPT\/M<\/div>\n<\/td>\n<\/tr>\n<\/tbody>\n<\/table>\n<div><\/div>\n<h2><strong>Aug\u0161\u0113j\u0101s sviras hidraulisk\u0101 cilindra priek\u0161roc\u012bbas:<\/strong><\/h2>\n<div>\n<p class=\"break-words\" dir=\"auto\"><strong>Prec\u012bza dzi\u013cuma un le\u0146\u0137a kontrole<\/strong>Aug\u0161\u0113j\u0101s sviras hidrauliskie cilindri nodro\u0161ina hidraulisku precizit\u0101ti traktora agreg\u0101tu, piem\u0113ram, arklu un s\u0113jma\u0161\u012bnu, regul\u0113\u0161anai, garant\u0113jot vienm\u0113r\u012bgu dzi\u013cumu un le\u0146\u0137i. \u0160\u012b precizit\u0101te uzlabo augsnes sagatavo\u0161anu un s\u0113klu izvieto\u0161anu, t\u0101d\u0113j\u0101di nodro\u0161inot vienm\u0113r\u012bgu kult\u016braugu aug\u0161anu un liel\u0101ku ra\u017eu.<\/p>\n<p class=\"break-words\" dir=\"auto\"><strong>Iztur\u012bgs un ilgm\u016b\u017e\u012bgs dizains<\/strong>\u0160ie cilindri, kas izgatavoti no augstas stipr\u012bbas t\u0113rauda un korozijiztur\u012bgiem p\u0101rkl\u0101jumiem, ir paredz\u0113ti, lai iztur\u0113tu skarbus lauksaimniec\u012bbas apst\u0101k\u013cus, piem\u0113ram, dub\u013cainus laukus, mitrus apst\u0101k\u013cus un abraz\u012bvu augsni, nodro\u0161inot ilgsto\u0161u uzticam\u012bbu.<\/p>\n<p class=\"break-words\" dir=\"auto\"><strong>Elast\u012bga un daudzpus\u012bga darb\u012bba<\/strong>Aug\u0161\u0113j\u0101s sviras hidrauliskie cilindri ar divk\u0101r\u0161as darb\u012bbas funkcionalit\u0101ti nodro\u0161ina vienm\u0113r\u012bgas stum\u0161anas un vilk\u0161anas kust\u012bbas, \u013caujot lauksaimniekiem dinamiski piel\u0101got agreg\u0101tus t\u0101diem uzdevumiem k\u0101 ar\u0161ana, s\u0113ja bez augsnes apstr\u0101des un z\u0101l\u0101ju kop\u0161ana.<\/p>\n<p class=\"break-words\" dir=\"auto\"><strong>Kompakts un vietu taupo\u0161s<\/strong>Izstr\u0101d\u0101ti t\u0101, lai neman\u0101mi integr\u0113tos traktora tr\u012bspunktu uzkares sist\u0113m\u0101s, to kompaktais dizains nodro\u0161ina vienk\u0101r\u0161u uzst\u0101d\u012b\u0161anu un lieto\u0161anu pat \u0161aur\u0101s viet\u0101s, nezaud\u0113jot veiktsp\u0113ju vai manevr\u0113tsp\u0113ju.<\/p>\n<p class=\"break-words\" dir=\"auto\"><strong>Laika un darba efektivit\u0101te<\/strong>Nodro\u0161inot \u0101tru un prec\u012bzu regul\u0113\u0161anu, aug\u0161\u0113j\u0101s sviras hidrauliskie cilindri samazina nepiecie\u0161am\u012bbu p\u0113c manu\u0101las iejauk\u0161an\u0101s, ietaupot lauksaimnieku laiku un p\u016bles sare\u017e\u0123\u012btu uzdevumu, piem\u0113ram, lauka sagatavo\u0161anas, s\u0113\u0161anas un siena nov\u0101k\u0161anas, laik\u0101.<\/p>\n<p class=\"break-words\" dir=\"auto\"><strong>Piel\u0101gojama sader\u012bba<\/strong>\u0160ie cilindri ir pieejami p\u0113c pas\u016bt\u012bjuma un piem\u0113roti da\u017e\u0101diem traktoru mode\u013ciem un darbar\u012bkiem, nodro\u0161inot perfektu sader\u012bbu ar da\u017e\u0101diem lauksaimniec\u012bbas darbiem, s\u0101kot no maz\u0101m saimniec\u012bb\u0101m l\u012bdz liela m\u0113roga darb\u012bb\u0101m.<\/p>\n<\/div>\n<h2><strong>Aug\u0161\u0113j\u0101s saites hidraulisk\u0101 cilindra pielietojums:<\/strong><\/h2>\n<p><img loading=\"lazy\" decoding=\"async\" class=\"alignnone size-full wp-image-19967\" src=\"https:\/\/www.hydraulic-cylinders.net\/wp-content\/uploads\/2025\/04\/top-link-hydraulic-cylinder-application-scaled.webp\" alt=\"Aug\u0161\u0113j\u0101s saites hidraulisk\u0101 cilindra pielietojums\" width=\"2560\" height=\"1440\" srcset=\"https:\/\/www.hydraulic-cylinders.net\/wp-content\/uploads\/2025\/04\/top-link-hydraulic-cylinder-application-scaled.webp 2560w, https:\/\/www.hydraulic-cylinders.net\/wp-content\/uploads\/2025\/04\/top-link-hydraulic-cylinder-application-1280x720.webp 1280w, https:\/\/www.hydraulic-cylinders.net\/wp-content\/uploads\/2025\/04\/top-link-hydraulic-cylinder-application-980x551.webp 980w, https:\/\/www.hydraulic-cylinders.net\/wp-content\/uploads\/2025\/04\/top-link-hydraulic-cylinder-application-480x270.webp 480w\" sizes=\"(min-width: 0px) and (max-width: 480px) 480px, (min-width: 481px) and (max-width: 980px) 980px, (min-width: 981px) and (max-width: 1280px) 1280px, (min-width: 1281px) 2560px, 100vw\" \/><\/p>\n<h4><strong>Traktora tr\u012bspunktu uzkares regul\u0113\u0161ana<\/strong>:<\/h4>\n<div>\n<p>M\u016bsu aug\u0161\u0113j\u0101s sviras hidrauliskie cilindri \u013cauj prec\u012bzi regul\u0113t traktora agreg\u0101tus, piem\u0113ram, arklus un s\u0113jma\u0161\u012bnas, nodro\u0161inot nemain\u012bgu dzi\u013cumu un le\u0146\u0137i efekt\u012bvai ar\u0161anai un s\u0113\u0161anai pat sare\u017e\u0123\u012btos lauka apst\u0101k\u013cos, piem\u0113ram, nel\u012bdzen\u0101 reljef\u0101 vai akme\u0146ain\u0101 augsn\u0113. \u0160\u012b precizit\u0101te samazina kult\u016braugu main\u012bgumu, uzlabo augsnes sagatavo\u0161anu un galu gal\u0101 palielina ra\u017eu sezonu p\u0113c sezonas.<\/p>\n<h4><strong>S\u0113\u0161anas dzi\u013cuma kontrole bez augsnes apstr\u0101des<\/strong>:<\/h4>\n<p>Aug\u0161\u0113j\u0101s sviras hidrauliskais cilindrs bezar\u0161anas s\u0113jai nodro\u0161ina prec\u012bzu dzi\u013cuma regul\u0113\u0161anu, samazinot augsnes trauc\u0113jumus un vienlaikus optimiz\u0113jot s\u0113klu izvietojumu t\u0101d\u0101m kult\u016br\u0101m k\u0101 kukur\u016bza un sojas pupi\u0146as. Tas ir ide\u0101li piem\u0113rots ilgtsp\u0113j\u012bgai lauksaimniec\u012bbai, jo pal\u012bdz saglab\u0101t augsnes mitrumu, samazina eroziju un veicina vesel\u012bg\u0101ku sak\u0146u sist\u0113mu, lai uzlabotu kult\u016braugu iztur\u012bbu un aug\u0161anu.<\/p>\n<h4><strong>Z\u0101l\u0101ju apsaimnieko\u0161ana un siena nov\u0101k\u0161ana<\/strong>:<\/h4>\n<p>M\u016bsu aug\u0161\u0113j\u0101s sviras hidrauliskie cilindri, kas paredz\u0113ti p\u013caujma\u0161\u012bn\u0101m un pres\u0113m, prec\u012bzi regul\u0113 p\u013cau\u0161anas augstumu, nodro\u0161inot vienm\u0113r\u012bgus rezult\u0101tus gan\u012bbu darbos un siena ra\u017eo\u0161an\u0101 da\u017e\u0101d\u0101s ainav\u0101s. Tas nodro\u0161ina augstas kvalit\u0101tes lopbar\u012bbu, samazina apr\u012bkojuma slodzi un ietaupa v\u0113rt\u012bgu laiku ra\u017eas nov\u0101k\u0161anas laik\u0101.<\/p>\n<h4><strong>Lauka transport\u0113\u0161ana un agreg\u0101tu pozicion\u0113\u0161ana<\/strong>:<\/h4>\n<p>Lauka transport\u0113\u0161anas laik\u0101 m\u016bsu traktoru aug\u0161\u0113j\u0101s sviras hidrauliskie cilindri pace\u013c agreg\u0101tus, lai izvair\u012btos no \u0161\u0137\u0113r\u0161\u013ciem, piem\u0113ram, akme\u0146iem vai gr\u0101vjiem, pied\u0101v\u0101jot elast\u012bgu pozicion\u0113\u0161anu, lai uzlabotu manevr\u0113tsp\u0113ju un aizsarg\u0101tu v\u0113rt\u012bgu apr\u012bkojumu. \u0160\u012b neman\u0101m\u0101 vad\u012bba \u013cauj lauksaimniekiem \u0101tri p\u0101rsl\u0113gties starp uzdevumiem, uzlabojot kop\u0113jo darb\u012bbas efektivit\u0101ti.<\/p>\n<\/div>\n<h2><strong>K\u0101 aug\u0161\u0113j\u0101s saites hidrauliskais cilindrs var uzlabot bezapstr\u0101des s\u0113\u0161anas efektivit\u0101ti nel\u012bdzen\u0101 reljef\u0101?<\/strong><\/h2>\n<p>Aug\u0161\u0113j\u0101s saites hidrauliskais cilindrs tie\u0161ai s\u0113jai revolucioniz\u0113 efektivit\u0101ti, nodro\u0161inot nep\u0101rsp\u0113jamu dzi\u013cuma kontroli s\u0113jma\u0161\u012bn\u0101m pat nel\u012bdzen\u0101 reljef\u0101, piem\u0113ram, st\u0101v\u0101s nog\u0101z\u0113s, akme\u0146ainos laukumos vai sabl\u012bv\u0113t\u0101 augsn\u0113. Iedom\u0101jieties sojas pupi\u0146u audz\u0113t\u0101ju Vid\u0113jos Rietumos, kas saskaras ar kalnainu lauku \u2014 m\u016bsu aug\u0161\u0113j\u0101s saites hidrauliskais cilindrs nodro\u0161ina, ka s\u0113klas, piem\u0113ram, kukur\u016bza un sojas pupi\u0146as, tiek ies\u0113tas vienm\u0113r\u012bg\u0101 2\u20135 cm dzi\u013cum\u0101, veicinot vienm\u0113r\u012bgu d\u012bg\u0161anu un sp\u0113c\u012bgu sak\u0146u att\u012bst\u012bbu. T\u0101 divk\u0101r\u0161\u0101s darb\u012bbas funkcionalit\u0101te nodro\u0161ina neman\u0101mas stum\u0161anas un vilk\u0161anas regul\u0113\u0161anas, acumirkl\u012b piel\u0101gojoties reljefa izmai\u0146\u0101m, neapst\u0101joties, lai manu\u0101li piel\u0101gotu iestat\u012bjumus.<\/p>\n<p>Tas noz\u012bm\u0113 maz\u0101k d\u012bkst\u0101ves laika \u0161auros s\u0113jas periodos, ietaupot stundas uz lauka. Samazinot augsnes trauc\u0113jumus, traktoru aug\u0161\u0113j\u0101s sviras hidrauliskais cilindrs ar\u012b saglab\u0101 augsnes strukt\u016bru, uzlabo mitruma saglab\u0101\u0161anu un samazina eroziju, veicinot ilgtsp\u0113j\u012bgu lauksaimniec\u012bbas praksi, kas laika gait\u0101 nodro\u0161ina vesel\u012bg\u0101kas kult\u016bras un liel\u0101ku ra\u017eu. Lauksaimnieki var p\u0101rliecino\u0161i tikt gal\u0101 ar sare\u017e\u0123\u012bt\u0101m ainav\u0101m, zinot, ka vi\u0146u apr\u012bkojums ir aizsarg\u0101ts un vi\u0146u darb\u012bbas ir racionaliz\u0113tas, lai nodro\u0161in\u0101tu maksim\u0101lu produktivit\u0101ti.<\/p>\n<h2><strong>Hidraulisko cilindru ra\u017eo\u0161anas zona:<\/strong><\/h2>\n<h2><img loading=\"lazy\" decoding=\"async\" class=\"alignnone size-full wp-image-16972\" src=\"https:\/\/www.hydraulic-cylinders.net\/wp-content\/uploads\/2025\/01\/hydraulic-cylinder-factory-1-scaled.webp\" sizes=\"(min-width: 0px) and (max-width: 480px) 480px, (min-width: 481px) and (max-width: 980px) 980px, (min-width: 981px) and (max-width: 1280px) 1280px, (min-width: 1281px) 2016px, 100vw\" srcset=\"https:\/\/www.hydraulic-cylinders.net\/wp-content\/uploads\/2025\/01\/hydraulic-cylinder-factory-1-scaled.webp 2016w, https:\/\/www.hydraulic-cylinders.net\/wp-content\/uploads\/2025\/01\/hydraulic-cylinder-factory-1-1280x1625.webp 1280w, https:\/\/www.hydraulic-cylinders.net\/wp-content\/uploads\/2025\/01\/hydraulic-cylinder-factory-1-980x1244.webp 980w, https:\/\/www.hydraulic-cylinders.net\/wp-content\/uploads\/2025\/01\/hydraulic-cylinder-factory-1-480x610.webp 480w\" alt=\"\" width=\"2016\" height=\"2560\" \/><\/h2>\n<p>Mums ir pirmklas\u012bga neatkar\u012bga p\u0113tniec\u012bbas un att\u012bst\u012bbas platforma mont\u0101\u017eai. Iekr\u0101v\u0113ju cilindru ra\u017eo\u0161anas ceh\u0101 ir \u010detras pusautom\u0101tiskas pacel\u0161anas cilindru mont\u0101\u017eas l\u012bnijas un piln\u012bb\u0101 autom\u0101tiska noliecamo cilindru mont\u0101\u017eas l\u012bnija ar projekt\u0113to gada ra\u017eo\u0161anas jaudu miljons vien\u012bbu. Speci\u0101laj\u0101 cilindru ceh\u0101 ir da\u017e\u0101du specifik\u0101ciju pusautom\u0101tiskas t\u012br\u012b\u0161anas un mont\u0101\u017eas sist\u0113mas ar projekt\u0113to gada ra\u017eo\u0161anas jaudu 200\u00a0000 vien\u012bbu. T\u0101 ir apr\u012bkota ar slavenu z\u012bmolu CNC apstr\u0101des iek\u0101rt\u0101m, apstr\u0101des centriem, speci\u0101lu apr\u012bkojumu augstas precizit\u0101tes cilindru apstr\u0101dei, robotiz\u0113t\u0101m metin\u0101\u0161anas iek\u0101rt\u0101m, autom\u0101tisk\u0101m t\u012br\u012b\u0161anas iek\u0101rt\u0101m, autom\u0101tisk\u0101m cilindru mont\u0101\u017eas iek\u0101rt\u0101m un autom\u0101tisk\u0101m kr\u0101so\u0161anas ra\u017eo\u0161anas l\u012bnij\u0101m. Mums darbojas vair\u0101k nek\u0101 300 galveno iek\u0101rtu komplekti. Optimiz\u0113ta iek\u0101rtu resursu sadale un efekt\u012bva izmanto\u0161ana nodro\u0161ina produktu precizit\u0101tes pras\u012bbas un atbilst\u012bbu augstaj\u0101m produktu kvalit\u0101tes pras\u012bb\u0101m.<\/p>\n<p>Apstr\u0101des cehs ir apr\u012bkots ar p\u0113c pas\u016bt\u012bjuma izgatavotiem sl\u012bpuma vadot\u0146u slie\u017eu virpo\u0161anas centriem, apstr\u0101des centriem, \u0101trgaitas asin\u0101\u0161anas ma\u0161\u012bn\u0101m, metin\u0101\u0161anas robotiem un citu atbilsto\u0161u apr\u012bkojumu, kas var apstr\u0101d\u0101t cilindriskas caurules ar maksim\u0101lo iek\u0161\u0113jo diametru 400 mm un maksim\u0101lo garumu 6 metri.<\/p>\n<h2><img loading=\"lazy\" decoding=\"async\" class=\"alignnone size-full wp-image-16973\" src=\"https:\/\/www.hydraulic-cylinders.net\/wp-content\/uploads\/2025\/01\/hydraulic-cylinder-factory-2-scaled.webp\" sizes=\"(min-width: 0px) and (max-width: 480px) 480px, (min-width: 481px) and (max-width: 980px) 980px, (min-width: 981px) and (max-width: 1280px) 1280px, (min-width: 1281px) 2011px, 100vw\" srcset=\"https:\/\/www.hydraulic-cylinders.net\/wp-content\/uploads\/2025\/01\/hydraulic-cylinder-factory-2-scaled.webp 2011w, https:\/\/www.hydraulic-cylinders.net\/wp-content\/uploads\/2025\/01\/hydraulic-cylinder-factory-2-1280x1629.webp 1280w, https:\/\/www.hydraulic-cylinders.net\/wp-content\/uploads\/2025\/01\/hydraulic-cylinder-factory-2-980x1248.webp 980w, https:\/\/www.hydraulic-cylinders.net\/wp-content\/uploads\/2025\/01\/hydraulic-cylinder-factory-2-480x611.webp 480w\" alt=\"\" width=\"2011\" height=\"2560\" \/><\/h2>\n<p>Mums ir piln\u012bb\u0101 autom\u0101tiska \u016bdens b\u0101zes kr\u0101so\u0161anas l\u012bnija maziem un vid\u0113jiem cilindriem, kas realiz\u0113 autom\u0101tiskus iekrau\u0161anas un izkrau\u0161anas, k\u0101 ar\u012b autom\u0101tiskos izsmidzin\u0101\u0161anas robotus ar projekt\u0113to ra\u017eo\u0161anas jaudu 4000 vietas mai\u0146\u0101. Mums ir v\u0113l viena pusautom\u0101tiska kr\u0101so\u0161anas l\u012bnija lielizm\u0113ra cilindriem, ko darbina sp\u0113ka \u0137\u0113de, un projekt\u0113t\u0101 jauda ir 60 kastes mai\u0146\u0101.<\/p>\n<p>Lai v\u0113l vair\u0101k uzlabotu produktu veiktsp\u0113ju un nostiprin\u0101tu m\u016bsu hidraulisko cilindru vado\u0161o poz\u012bciju nozar\u0113, m\u016bsu uz\u0146\u0113mums un zjimee kop\u012bgi izveidoja visaptvero\u0161u hidraulisko cilindru, hidraulisko v\u0101rstu un hidraulisko s\u016bk\u0146u veiktsp\u0113jas laboratoriju; laboratorij\u0101 tiek veikta datoriz\u0113ta test\u0113\u0161ana, izmantojot elektrohidraulisko tehnolo\u0123iju, testa apst\u0101k\u013cus iepriek\u0161 iestata dators, kas uzlabo testa precizit\u0101ti un sist\u0113mas daudzpus\u012bbu, k\u0101 ar\u012b eksperiment\u0101los datus.<\/p>\n<p>Autom\u0101tisk\u0101 datu v\u0101k\u0161ana tiek realiz\u0113ta, izmantojot sensorus, un izejas dati, piem\u0113ram, cilindra vai v\u0101rsta iek\u0161\u0113j\u0101 nopl\u016bde un slodzes efektivit\u0101te, tiek tie\u0161i apstr\u0101d\u0101ti dator\u0101 un konvert\u0113ti standarta m\u0113rvien\u012bb\u0101s (ml\/min\u00b3TP\u00b3T). Vienlaikus, lai nodro\u0161in\u0101tu hidraulisk\u0101s sist\u0113mas darba dro\u0161\u012bbu, tiek veikta st\u0101vok\u013ca uzraudz\u012bbas funkcija galvenajiem veiktsp\u0113jas parametriem, piem\u0113ram, \"e\u013c\u013cas temperat\u016bras uzraudz\u012bbai, \u0161\u0137idruma l\u012bme\u0146a uzraudz\u012bbai, filtra ier\u012bces uzraudz\u012bbai\" utt. Hidraulisk\u0101 cilindra testa stends var p\u0101rbaud\u012bt \"slodzes\" veiktsp\u0113ju.<br \/>\nefektivit\u0101te \"un\" iek\u0161\u0113j\u0101 nopl\u016bde\" p\u0113c nolas\u012bjumiem. Vienlaikus tas ir apr\u012bkots ar re\u017e\u0123a line\u0101la m\u0113rinstrumentu, kas atbilst visu hidraulisko cilindru izstr\u0101d\u0101jumu testa vien\u012bbu pras\u012bb\u0101m saska\u0146\u0101 ar valsts standartu.<\/p>","protected":false},"excerpt":{"rendered":"<p>Top Link Hydraulic Cylinder Our top link hydraulic cylinder for tractors is engineered for seamless integration with three-point hitch systems, providing precise control for agricultural implements. Designed to enhance efficiency, this hydraulic solution adjusts plows, seeders, and mowers accurately, making it ideal for plowing, no-till seeding, and grassland management. It is built with high-strength materials [&hellip;]<\/p>","protected":false},"featured_media":19982,"comment_status":"open","ping_status":"closed","template":"","meta":{"_et_pb_use_builder":"","_et_pb_old_content":"","_et_gb_content_width":""},"product_brand":[],"product_cat":[1554],"product_tag":[],"class_list":{"0":"post-19979","1":"product","2":"type-product","3":"status-publish","4":"has-post-thumbnail","6":"product_cat-top-link-hydraulic-cylinder","8":"first","9":"instock","10":"shipping-taxable","11":"product-type-simple"},"amp_enabled":true,"_links":{"self":[{"href":"https:\/\/www.hydraulic-cylinders.net\/lv\/wp-json\/wp\/v2\/product\/19979","targetHints":{"allow":["GET"]}}],"collection":[{"href":"https:\/\/www.hydraulic-cylinders.net\/lv\/wp-json\/wp\/v2\/product"}],"about":[{"href":"https:\/\/www.hydraulic-cylinders.net\/lv\/wp-json\/wp\/v2\/types\/product"}],"replies":[{"embeddable":true,"href":"https:\/\/www.hydraulic-cylinders.net\/lv\/wp-json\/wp\/v2\/comments?post=19979"}],"wp:featuredmedia":[{"embeddable":true,"href":"https:\/\/www.hydraulic-cylinders.net\/lv\/wp-json\/wp\/v2\/media\/19982"}],"wp:attachment":[{"href":"https:\/\/www.hydraulic-cylinders.net\/lv\/wp-json\/wp\/v2\/media?parent=19979"}],"wp:term":[{"taxonomy":"product_brand","embeddable":true,"href":"https:\/\/www.hydraulic-cylinders.net\/lv\/wp-json\/wp\/v2\/product_brand?post=19979"},{"taxonomy":"product_cat","embeddable":true,"href":"https:\/\/www.hydraulic-cylinders.net\/lv\/wp-json\/wp\/v2\/product_cat?post=19979"},{"taxonomy":"product_tag","embeddable":true,"href":"https:\/\/www.hydraulic-cylinders.net\/lv\/wp-json\/wp\/v2\/product_tag?post=19979"}],"curies":[{"name":"wp","href":"https:\/\/api.w.org\/{rel}","templated":true}]}}