{"id":20141,"date":"2025-05-11T14:31:41","date_gmt":"2025-05-11T14:31:41","guid":{"rendered":"https:\/\/www.hydraulic-cylinders.net\/?post_type=product&#038;p=20141"},"modified":"2025-05-12T05:30:19","modified_gmt":"2025-05-12T05:30:19","slug":"hydraulic-cylinders-for-crawler-crane","status":"publish","type":"product","link":"https:\/\/www.hydraulic-cylinders.net\/lv\/products\/hydraulic-cylinders-for-crawler-crane\/","title":{"rendered":"Hidrauliskie cilindri k\u0101pur\u0137\u0113\u017eu celtnim"},"content":{"rendered":"<h1 style=\"text-align: center;\"><strong>Hidrauliskie cilindri k\u0101pur\u0137\u0113\u017eu celtnim<\/strong><\/h1>\n<p><img loading=\"lazy\" decoding=\"async\" class=\"wp-image-20150 aligncenter\" src=\"https:\/\/www.hydraulic-cylinders.net\/wp-content\/uploads\/2025\/05\/hydraulic-cylinders-for-crawler-crane-scaled.webp\" alt=\"\" width=\"500\" height=\"500\" \/><\/p>\n<section id=\"introduction\">Ever-Power Huachang Hydraulic k\u0101pur\u0137\u0113\u017eu celt\u0146a hidrauliskais cilindrs ir iztur\u012bgs k\u0101pur\u0137\u0113\u017eu celt\u0146a cilindrs, kas paredz\u0113ts lielas slodzes cel\u0161anai un ir sader\u012bgs ar t\u0101diem mode\u013ciem k\u0101 Liebherr LR 1300 un Manitowoc 14000. \u0160is hidrauliskais cilindrs k\u0101pur\u0137\u0113\u017eu celt\u0146a cel\u0161anai, kas izstr\u0101d\u0101ts prec\u012bzai darb\u012bbai, uzlabo celt\u0146a hidraulisk\u0101s sist\u0113mas veiktsp\u0113ju b\u016bvniec\u012bbas, ieguves r\u016bpniec\u012bbas un r\u016bpniec\u012bbas projektos, nodro\u0161inot uzticamu jaudu un stabilit\u0101ti sare\u017e\u0123\u012btiem uzdevumiem.<\/section>\n<section id=\"specifications\">\n<h2><strong>Tehnisk\u0101s specifik\u0101cijas:<\/strong><\/h2>\n<p><strong>Funkcija:<\/strong>\u00a0Buferiz\u0101cijas efekts<br \/>\n<strong>Cilindra diametrs:<\/strong>\u00a0120 mm\u2013300 mm<br \/>\n<strong>Stie\u0146a diametrs:<\/strong>\u00a0100 mm\u2013280 mm<br \/>\n<strong>Ce\u013cojums:<\/strong>\u00a0148 mm\u2013320 mm<br \/>\n<strong>Maksim\u0101lais spiediens:<\/strong>\u00a040MPa<br \/>\n<strong>Maksim\u0101l\u0101 vilce:<\/strong>\u00a02463KN<\/p>\n<\/section>\n<section id=\"features\">\n<h2><strong>K\u0101pur\u0137\u0113\u017eu celt\u0146a hidraulisk\u0101 cilindra galven\u0101s iez\u012bmes:<\/strong><\/h2>\n<ul>\n<li><strong>Iztur\u012bga celtsp\u0113ja:<\/strong>\u00a0K\u0101pur\u0137\u0113\u017eu celt\u0146a hidrauliskais cilindrs pied\u0101v\u0101 izcilu nestsp\u0113ju, padarot to par ide\u0101lu k\u0101pur\u0137\u0113\u017eu celt\u0146a cilindru lielas slodzes cel\u0161anai sare\u017e\u0123\u012bt\u0101 vid\u0113.<\/li>\n<li><strong>Iztur\u012bga konstrukcija:<\/strong>\u00a0\u0160is \u012bpa\u0161i iztur\u012bgais hidrauliskais cilindrs, kas izgatavots no augstas stipr\u012bbas t\u0113rauda un korozijiztur\u012bga p\u0101rkl\u0101juma, iztur skarbus apst\u0101k\u013cus, nodro\u0161inot ilgsto\u0161u veiktsp\u0113ju celt\u0146a hidrauliskaj\u0101s sist\u0113m\u0101s.<\/li>\n<li><strong>Prec\u012bzijas in\u017eenierija:<\/strong>\u00a0\u0160is r\u016bpnieciskais hidrauliskais cilindrs, kas paredz\u0113ts neman\u0101mai integr\u0101cijai ar k\u0101pur\u0137\u0113\u017eu celt\u0146iem, uzlabo hidraulisk\u0101 cilindra stabilit\u0101ti un efektivit\u0101ti k\u0101pur\u0137\u0113\u017eu celt\u0146u darb\u012bb\u0101.<\/li>\n<li><strong>Viegli kopjams dizains:<\/strong>\u00a0Pateicoties uzlabotajai bl\u012bv\u0113\u0161anas tehnolo\u0123ijai, k\u0101pur\u0137\u0113\u017eu celt\u0146a cilindrs samazina nodilumu, samazinot apkopes izmaksas un nodro\u0161inot uzticamu hidraulisko cilindru k\u0101pur\u0137\u0113\u017eu celt\u0146a cel\u0161anai.<\/li>\n<\/ul>\n<\/section>\n<section id=\"applications\">\n<h2><strong>K\u0101pur\u0137\u0113\u017eu celt\u0146a hidraulisk\u0101 cilindra pielietojums:<\/strong><\/h2>\n<p><img loading=\"lazy\" decoding=\"async\" class=\"alignnone size-full wp-image-20166\" src=\"https:\/\/www.hydraulic-cylinders.net\/wp-content\/uploads\/2025\/05\/hydraulic-cylinder-application-1.webp\" alt=\"\" width=\"2048\" height=\"1152\" srcset=\"https:\/\/www.hydraulic-cylinders.net\/wp-content\/uploads\/2025\/05\/hydraulic-cylinder-application-1.webp 2048w, https:\/\/www.hydraulic-cylinders.net\/wp-content\/uploads\/2025\/05\/hydraulic-cylinder-application-1-1280x720.webp 1280w, https:\/\/www.hydraulic-cylinders.net\/wp-content\/uploads\/2025\/05\/hydraulic-cylinder-application-1-980x551.webp 980w, https:\/\/www.hydraulic-cylinders.net\/wp-content\/uploads\/2025\/05\/hydraulic-cylinder-application-1-480x270.webp 480w\" sizes=\"(min-width: 0px) and (max-width: 480px) 480px, (min-width: 481px) and (max-width: 980px) 980px, (min-width: 981px) and (max-width: 1280px) 1280px, (min-width: 1281px) 2048px, 100vw\" \/><\/p>\n<ul>\n<li><strong>B\u016bvniec\u012bbas projekti:<\/strong>\u00a0K\u0101pur\u0137\u0113\u017eu celt\u0146a hidrauliskais cilindrs izce\u013cas b\u016bvniec\u012bb\u0101, nodro\u0161inot jaud\u012bgu hidraulisko cilindru k\u0101pur\u0137\u0113\u017eu celt\u0146iem, lai prec\u012bzi paceltu t\u0113rauda sijas un betona pl\u0101tnes.<\/li>\n<li><strong>Kalnr\u016bpniec\u012bbas oper\u0101cijas:<\/strong>\u00a0\u0160is k\u0101pur\u0137\u0113\u017eu celt\u0146a cilindrs, kas paredz\u0113ts ieguves r\u016bpniec\u012bbai, nodro\u0161ina efekt\u012bvu smagu kravu, piem\u0113ram, r\u016bdas, cel\u0161anu, uzlabojot hidraulisko cilindru k\u0101pur\u0137\u0113\u017eu celt\u0146a darb\u012bbai nel\u012bdzen\u0101 reljef\u0101.<\/li>\n<li><strong>R\u016bpniecisk\u0101s smag\u0101s ma\u0161\u012bnas:<\/strong>\u00a0Ide\u0101li piem\u0113rots r\u016bpnieciskiem apst\u0101k\u013ciem, r\u016bpnieciskais hidrauliskais cilindrs smagaj\u0101m ma\u0161\u012bn\u0101m nodro\u0161ina dro\u0161u un uzticamu darb\u012bbu r\u016bpn\u012bc\u0101s un liela m\u0113roga projektos.<\/li>\n<\/ul>\n<\/section>\n<section id=\"explore-more\">\n<h2><strong>Apskatiet citus k\u0101pur\u0137\u0113\u017eu celt\u0146u cilindrus:<\/strong><\/h2>\n<p>M\u0113s pied\u0101v\u0101jam ar\u012b da\u017e\u0101dus citus k\u0101pur\u0137\u0113\u017eu celt\u0146u cilindrus, lai apmierin\u0101tu da\u017e\u0101das cel\u0161anas vajadz\u012bbas. Neatkar\u012bgi no t\u0101, vai jums ir nepiecie\u0161ams hidrauliskais cilindrs k\u0101pur\u0137\u0113\u017eu celt\u0146a darb\u012bbai vai k\u0101pur\u0137\u0113\u017eu celt\u0146a cilindra nomai\u0146a, Ever-Power Huachang Hydraulic pied\u0101v\u0101 risin\u0101jumu. Apskatiet m\u016bsu pilnu kl\u0101stu. <a href=\"https:\/\/www.hydraulic-cylinders.net\/lv\/mobile-crane-hydraulic-cylinders\/\">k\u0101pur\u0137\u0113\u017eu celt\u0146a cilindri<\/a>.<\/p>\n<h2 dir=\"auto\"><strong>K\u0101ds ir k\u0101pur\u0137\u0113\u017eu celt\u0146a hidraulisk\u0101 cilindra maksim\u0101lais darba spiediens?<\/strong><\/h2>\n<p dir=\"auto\">K\u0101pur\u0137\u0113\u017eu celt\u0146a hidraulisk\u0101 cilindra maksim\u0101lais darba spiediens ir 350 b\u0101ri, k\u0101 nor\u0101d\u012bts produkta lapas sada\u013c\u0101 \u201cTehnisk\u0101s specifik\u0101cijas\u201d. \u0160\u012b augstspiediena sp\u0113ja nodro\u0161ina, ka k\u0101pur\u0137\u0113\u017eu celt\u0146a hidrauliskais cilindrs var tikt gal\u0101 ar lieljaudas cel\u0161anas un prec\u012bzas k\u0101pur\u0137\u0113\u017eu celt\u0146a cilindra darb\u012bbas ekstrem\u0101laj\u0101m pras\u012bb\u0101m sare\u017e\u0123\u012btos apst\u0101k\u013cos, piem\u0113ram, b\u016bvlaukumos, ieguves darbos un r\u016bpnieciskos projektos. 350 b\u0101ru v\u0113rt\u0113jums atspogu\u013co \u0161\u012b lieljaudas hidraulisk\u0101 cilindra robusto konstrukciju, kas \u013cauj tam iztur\u0113t iev\u0113rojamas slodzes \u2014 l\u012bdz pat vair\u0101k\u0101m tonn\u0101m \u2014, vienlaikus saglab\u0101jot celt\u0146a hidraulisk\u0101s sist\u0113mas konstrukcijas integrit\u0101ti un darb\u012bbas stabilit\u0101ti.<\/p>\n<p dir=\"auto\">\u0160is spiediena slieksnis tiek sasniegts, izmantojot augstas stipr\u012bbas t\u0113rauda konstrukciju un modernu bl\u012bv\u0113\u0161anas tehnolo\u0123iju, kas nov\u0113r\u0161 nopl\u016bdes un iztur nep\u0101rtrauktas lieto\u0161anas slodzi skarbos apst\u0101k\u013cos, piem\u0113ram, putek\u013cain\u0101 reljef\u0101 vai mitr\u0101s piekrastes zon\u0101s. Turkl\u0101t k\u0101pur\u0137\u0113\u017eu celt\u0146a hidrauliskais cilindrs ir izstr\u0101d\u0101ts ar piel\u0101gojamiem urbuma izm\u0113riem (no 180 mm l\u012bdz 300 mm) un g\u0101jiena garumiem (no 600 mm l\u012bdz 2500 mm), \u013caujot tam piel\u0101goties da\u017e\u0101d\u0101m spiediena pras\u012bb\u0101m da\u017e\u0101dos k\u0101pur\u0137\u0113\u017eu celt\u0146u mode\u013cos, piem\u0113ram, Liebherr LR 1300 un Manitowoc 14000.<\/p>\n<p dir=\"auto\">\u0160\u012bs spiediena iztur\u012bbas un iztur\u012bg\u0101 dizaina kombin\u0101cija samazina nodilumu, samazina apkopes bie\u017eumu un pagarina r\u016bpniecisk\u0101 hidraulisk\u0101 cilindra kalpo\u0161anas laiku, padarot to par lielisku k\u0101pur\u0137\u0113\u017eu celt\u0146a cilindra aizst\u0101j\u0113ju operatoriem, kuri mekl\u0113 uzticamu veiktsp\u0113ju lieljaudas lietojumos. Lai ieg\u016btu konkr\u0113tu spiediena piel\u0101go\u0161anas vai sader\u012bbas inform\u0101ciju, sazinieties ar Ever-Power Huachang Hydraulic ekspertu komandu.<\/p>\n<\/section>\n<section id=\"company-introduction\">\n<h2><strong>Par Ever-Power Huachang Hydraulic:<\/strong><\/h2>\n<h2><img loading=\"lazy\" decoding=\"async\" class=\"alignnone size-full wp-image-16972\" src=\"https:\/\/www.hydraulic-cylinders.net\/wp-content\/uploads\/2025\/01\/hydraulic-cylinder-factory-1-scaled.webp\" alt=\"\" width=\"2016\" height=\"2560\" srcset=\"https:\/\/www.hydraulic-cylinders.net\/wp-content\/uploads\/2025\/01\/hydraulic-cylinder-factory-1-scaled.webp 2016w, https:\/\/www.hydraulic-cylinders.net\/wp-content\/uploads\/2025\/01\/hydraulic-cylinder-factory-1-1280x1625.webp 1280w, https:\/\/www.hydraulic-cylinders.net\/wp-content\/uploads\/2025\/01\/hydraulic-cylinder-factory-1-980x1244.webp 980w, https:\/\/www.hydraulic-cylinders.net\/wp-content\/uploads\/2025\/01\/hydraulic-cylinder-factory-1-480x610.webp 480w\" sizes=\"(min-width: 0px) and (max-width: 480px) 480px, (min-width: 481px) and (max-width: 980px) 980px, (min-width: 981px) and (max-width: 1280px) 1280px, (min-width: 1281px) 2016px, 100vw\" \/><\/h2>\n<p>M\u0113s lepojamies ar modernu neatkar\u012bgu p\u0113tniec\u012bbas un att\u012bst\u012bbas platformu, kas velt\u012bta mont\u0101\u017eai, nodro\u0161inot augst\u0101k\u0101 l\u012bme\u0146a inov\u0101cijas un kvalit\u0101ti m\u016bsu ra\u017eo\u0161anas procesos. M\u016bsu iekr\u0101v\u0113ju cilindru ra\u017eo\u0161anas darbn\u012bc\u0101 ir \u010detras pusautom\u0101tiskas pacel\u0161anas cilindru mont\u0101\u017eas l\u012bnijas un piln\u012bb\u0101 autom\u0101tiska noliecamo cilindru mont\u0101\u017eas l\u012bnija, kas kop\u0101 ir paredz\u0113tas, lai sara\u017eotu l\u012bdz pat vienam miljonam vien\u012bbu gad\u0101.<\/p>\n<p>M\u016bsu apstr\u0101des ceh\u0101 ir piel\u0101goti sl\u012bpo vadot\u0146u slie\u017eu virpo\u0161anas centri, apstr\u0101des centri, \u0101trgaitas asin\u0101\u0161anas ma\u0161\u012bnas, metin\u0101\u0161anas roboti un cits svar\u012bgs apr\u012bkojums. \u0160\u012b iek\u0101rta \u013cauj mums apstr\u0101d\u0101t cilindriskas caurules ar maksim\u0101lo iek\u0161\u0113jo diametru 400 mm un garumu l\u012bdz 6 metriem, v\u0113l vair\u0101k uzlabojot m\u016bsu ra\u017eo\u0161anas jaudas.<\/p>\n<p>M\u0113s izmantojam piln\u012bb\u0101 autom\u0101tisku \u016bdens b\u0101zes kr\u0101so\u0161anas l\u012bniju, kas \u012bpa\u0161i paredz\u0113ta maziem un vid\u0113jiem baloniem, ar automatiz\u0113tiem iekrau\u0161anas, izkrau\u0161anas un izsmidzin\u0101\u0161anas robotiem. \u0160\u012b modern\u0101 sist\u0113ma lepojas ar ra\u017eo\u0161anas jaudu 4000 vien\u012bbu mai\u0146\u0101. Turkl\u0101t mums ir pusautom\u0101tiska kr\u0101so\u0161anas l\u012bnija lielizm\u0113ra baloniem, ko darbina \u0137\u0113des piedzi\u0146a, ar projekt\u0113to jaudu 60 kastes mai\u0146\u0101.<\/p>\n<h2><img loading=\"lazy\" decoding=\"async\" class=\"alignnone size-full wp-image-16973\" src=\"https:\/\/www.hydraulic-cylinders.net\/wp-content\/uploads\/2025\/01\/hydraulic-cylinder-factory-2-scaled.webp\" alt=\"\" width=\"2011\" height=\"2560\" srcset=\"https:\/\/www.hydraulic-cylinders.net\/wp-content\/uploads\/2025\/01\/hydraulic-cylinder-factory-2-scaled.webp 2011w, https:\/\/www.hydraulic-cylinders.net\/wp-content\/uploads\/2025\/01\/hydraulic-cylinder-factory-2-1280x1629.webp 1280w, https:\/\/www.hydraulic-cylinders.net\/wp-content\/uploads\/2025\/01\/hydraulic-cylinder-factory-2-980x1248.webp 980w, https:\/\/www.hydraulic-cylinders.net\/wp-content\/uploads\/2025\/01\/hydraulic-cylinder-factory-2-480x611.webp 480w\" sizes=\"(min-width: 0px) and (max-width: 480px) 480px, (min-width: 481px) and (max-width: 980px) 980px, (min-width: 981px) and (max-width: 1280px) 1280px, (min-width: 1281px) 2011px, 100vw\" \/><\/h2>\n<p>Lai uzlabotu produktu veiktsp\u0113ju un nostiprin\u0101tu m\u016bsu l\u012bderpoz\u012bcijas hidraulisko cilindru nozar\u0113, m\u0113s sadarbojamies ar ZJIMEE, lai izveidotu visaptvero\u0161u veiktsp\u0113jas laboratoriju, kas velt\u012bta hidrauliskajiem cilindriem, v\u0101rstiem un s\u016bk\u0146iem. \u0160\u012b modern\u0101 laboratorija izmanto datoriz\u0113tu test\u0113\u0161anu ar elektrohidraulisko tehnolo\u0123iju, \u013caujot izmantot iepriek\u0161 iestat\u012btus testa apst\u0101k\u013cus, kas uzlabo precizit\u0101ti un sist\u0113mas daudzpus\u012bbu. Automatiz\u0113taj\u0101 datu v\u0101k\u0161anas proces\u0101 tiek izmantoti sensori, lai apkopotu izejas datus, piem\u0113ram, iek\u0161\u0113jo nopl\u016bdi un slodzes efektivit\u0101ti, kurus p\u0113c tam apstr\u0101d\u0101 dators un konvert\u0113 standarta m\u0113rvien\u012bb\u0101s (ml\/min%).<\/p>\n<p>K\u0101pur\u0137\u0113\u017eu celt\u0146a hidrauliskais cilindrs apliecina m\u016bsu ap\u0146em\u0161anos nodro\u0161in\u0101t kvalit\u0101ti un veiktsp\u0113ju, un tas ir izstr\u0101d\u0101ts k\u0101 \u012bpa\u0161i iztur\u012bga hidraulisk\u0101 cilindra k\u0101pur\u0137\u0113\u017eu celt\u0146u cel\u0161anai, \u012bpa\u0161i Liebherr, Manitowoc un Kobelco mode\u013ciem. M\u016bsu produkti, kuriem uzticas lieli iek\u0101rtu ra\u017eot\u0101ji vis\u0101 pasaul\u0113, ir ieguvu\u0161i sp\u0113c\u012bgu reput\u0101ciju uzticam\u012bbas zi\u0146\u0101, un Ever-Power Huachang Hydraulic ir atz\u012bts par l\u012bderi hidraulisko cilindru ra\u017eo\u0161an\u0101.<\/p>\n<\/section>","protected":false},"excerpt":{"rendered":"<p>Hydraulic Cylinders for Crawler Crane The Hydraulic Cylinder for Crawler Crane from Ever-Power Huachang Hydraulic is a robust crawler crane cylinder designed for heavy-duty lifting, compatible with models like Liebherr LR 1300 and Manitowoc 14000. Engineered for precision, this hydraulic cylinder for crawler crane lifting enhances crane hydraulic system performance in construction, mining, and industrial [&hellip;]<\/p>","protected":false},"featured_media":20162,"comment_status":"open","ping_status":"closed","template":"","meta":{"_et_pb_use_builder":"","_et_pb_old_content":"","_et_gb_content_width":""},"product_brand":[],"product_cat":[1514],"product_tag":[],"class_list":{"0":"post-20141","1":"product","2":"type-product","3":"status-publish","4":"has-post-thumbnail","6":"product_cat-mobile-crane-hydraulic-cylinders","8":"first","9":"instock","10":"shipping-taxable","11":"product-type-simple"},"amp_enabled":true,"_links":{"self":[{"href":"https:\/\/www.hydraulic-cylinders.net\/lv\/wp-json\/wp\/v2\/product\/20141","targetHints":{"allow":["GET"]}}],"collection":[{"href":"https:\/\/www.hydraulic-cylinders.net\/lv\/wp-json\/wp\/v2\/product"}],"about":[{"href":"https:\/\/www.hydraulic-cylinders.net\/lv\/wp-json\/wp\/v2\/types\/product"}],"replies":[{"embeddable":true,"href":"https:\/\/www.hydraulic-cylinders.net\/lv\/wp-json\/wp\/v2\/comments?post=20141"}],"wp:featuredmedia":[{"embeddable":true,"href":"https:\/\/www.hydraulic-cylinders.net\/lv\/wp-json\/wp\/v2\/media\/20162"}],"wp:attachment":[{"href":"https:\/\/www.hydraulic-cylinders.net\/lv\/wp-json\/wp\/v2\/media?parent=20141"}],"wp:term":[{"taxonomy":"product_brand","embeddable":true,"href":"https:\/\/www.hydraulic-cylinders.net\/lv\/wp-json\/wp\/v2\/product_brand?post=20141"},{"taxonomy":"product_cat","embeddable":true,"href":"https:\/\/www.hydraulic-cylinders.net\/lv\/wp-json\/wp\/v2\/product_cat?post=20141"},{"taxonomy":"product_tag","embeddable":true,"href":"https:\/\/www.hydraulic-cylinders.net\/lv\/wp-json\/wp\/v2\/product_tag?post=20141"}],"curies":[{"name":"wp","href":"https:\/\/api.w.org\/{rel}","templated":true}]}}