{"id":20145,"date":"2025-05-11T15:02:40","date_gmt":"2025-05-11T15:02:40","guid":{"rendered":"https:\/\/www.hydraulic-cylinders.net\/?post_type=product&#038;p=20145"},"modified":"2025-05-12T05:30:46","modified_gmt":"2025-05-12T05:30:46","slug":"arm-anti-tilt-hydraulic-cylinders-for-crawler-crane-2","status":"publish","type":"product","link":"https:\/\/www.hydraulic-cylinders.net\/lv\/products\/arm-anti-tilt-hydraulic-cylinders-for-crawler-crane-2\/","title":{"rendered":"K\u0101pur\u0137\u0113\u017eu celt\u0146a hidrauliskie cilindri ar pretsl\u012bd\u0113\u0161anas funkciju"},"content":{"rendered":"<h1 style=\"text-align: center;\"><strong>K\u0101pur\u0137\u0113\u017eu celt\u0146a hidrauliskie cilindri ar pretsl\u012bd\u0113\u0161anas funkciju<\/strong><\/h1>\n<p><img loading=\"lazy\" decoding=\"async\" class=\"wp-image-20149 aligncenter\" src=\"https:\/\/www.hydraulic-cylinders.net\/wp-content\/uploads\/2025\/05\/arm-anti-tilt-hydraulic-cylinders-for-crawler-crane.webp\" alt=\"\" width=\"500\" height=\"500\" srcset=\"https:\/\/www.hydraulic-cylinders.net\/wp-content\/uploads\/2025\/05\/arm-anti-tilt-hydraulic-cylinders-for-crawler-crane.webp 500w, https:\/\/www.hydraulic-cylinders.net\/wp-content\/uploads\/2025\/05\/arm-anti-tilt-hydraulic-cylinders-for-crawler-crane-480x480.webp 480w\" sizes=\"(min-width: 0px) and (max-width: 480px) 480px, (min-width: 481px) 500px, 100vw\" \/><\/p>\n<section id=\"introduction\">Ever-Power Huachang Hydraulic profesion\u0101li izstr\u0101d\u0101tie k\u0101pur\u0137\u0113\u017eu celt\u0146a sviras pretsl\u012bdes hidrauliskie cilindri ir paredz\u0113ti, lai uzlabotu celt\u0146a stabilit\u0101ti un dro\u0161\u012bbu smagu cel\u0161anas oper\u0101ciju laik\u0101, un tie ir sader\u012bgi ar da\u017e\u0101diem mode\u013ciem. \u0160is k\u0101pur\u0137\u0113\u017eu celt\u0146a hidrauliskais cilindrs ir apr\u012bkots ar uzlabotu pretsl\u012bdes cilindra meh\u0101nismu, kas nov\u0113r\u0161 nev\u0113lamu celt\u0146a sviras sasv\u0113r\u0161anos, nodro\u0161inot prec\u012bzu slodzes kontroli pat sare\u017e\u0123\u012btos apst\u0101k\u013cos, piem\u0113ram, nel\u012bdzen\u0101 reljef\u0101 vai stipr\u0101 v\u0113j\u0101. Izgatavots no augstas stipr\u012bbas le\u0123\u0113t\u0101 t\u0113rauda un ar korozijiztur\u012bgu p\u0101rkl\u0101jumu, \u0161is iztur\u012bgie hidrauliskie cilindri iztur skarbu vidi, piem\u0113ram, putek\u013cainas b\u016bvlaukumus, mitrus piekrastes re\u0123ionus vai nel\u012bdzenus ieguves laukus, nodro\u0161inot uzticamu veiktsp\u0113ju pras\u012bgiem pielietojumiem. Ar piel\u0101gojamiem urbuma izm\u0113riem (no 180 mm l\u012bdz 300 mm) un g\u0101jiena garumiem (no 1000 mm l\u012bdz 4000 mm), k\u0101pur\u0137\u0113\u017eu celt\u0146a sviras pretsl\u012bdes hidrauliskie cilindri nodro\u0161ina piel\u0101gotus risin\u0101jumus, lai apmierin\u0101tu da\u017e\u0101das ekspluat\u0101cijas vajadz\u012bbas, padarot tos par b\u016btisku k\u0101pur\u0137\u0113\u017eu celt\u0146a cilindru slodzes kontrolei b\u016bvniec\u012bbas, ieguves r\u016bpniec\u012bbas un r\u016bpniec\u012bbas projektos. Pateicoties m\u016bsu modern\u0101kajiem ra\u017eo\u0161anas un stingrajiem test\u0113\u0161anas standartiem, \u0161is pretsl\u012bdes cilindrs celt\u0146a stabilit\u0101tei nodro\u0161ina minim\u0101lu d\u012bkst\u0101vi un maksim\u0101lu efektivit\u0101ti.<\/section>\n<section id=\"specifications\">\n<h2><strong>Tehnisk\u0101s specifik\u0101cijas:<\/strong><\/h2>\n<p><strong>Funkcija:<\/strong> Kontrol\u0113jiet rokas r\u0101mja kust\u012bbu<br \/>\n<strong>Cilindra diametrs:<\/strong> 100\u2013320 mm<br \/>\n<strong>Stie\u0146a diametrs:<\/strong> 85\u2013220 mm<br \/>\n<strong>Ce\u013cojums:<\/strong> 1200 mm\u20133550 mm<br \/>\n<strong>Maksim\u0101lais spiediens:<\/strong> 31,5 MPa<br \/>\n<strong>Maksim\u0101l\u0101 vilce:<\/strong> 2533KN<\/p>\n<\/section>\n<section id=\"features\">\n<h2><strong>K\u0101pur\u0137\u0113\u017eu celt\u0146a sviras pretsl\u012bdes hidraulisko cilindru galven\u0101s iez\u012bmes:<\/strong><\/h2>\n<ul>\n<li><strong>Uzlabots pretsl\u012bdes meh\u0101nisms:<\/strong>\u00a0K\u0101pur\u0137\u0113\u017eu celt\u0146a sviras pretsl\u012bdes hidrauliskajiem cilindriem ir pretsl\u012bdes cilindrs, kas nodro\u0161ina celt\u0146a sviras stabilit\u0101ti, padarot to par uzticamu k\u0101pur\u0137\u0113\u017eu celt\u0146a cilindru slodzes kontrolei smagas cel\u0161anas laik\u0101.<\/li>\n<li><strong>Iztur\u012bga iztur\u012bba:<\/strong>\u00a0\u0160is \u012bpa\u0161i iztur\u012bgais hidrauliskais cilindrs, kas izgatavots no augstas stipr\u012bbas le\u0123\u0113t\u0101 t\u0113rauda un korozijiztur\u012bga p\u0101rkl\u0101juma, iztur ekstrem\u0101lus apst\u0101k\u013cus, nodro\u0161inot ilgsto\u0161u veiktsp\u0113ju skarbos apst\u0101k\u013cos.<\/li>\n<li><strong>Prec\u012bza slodzes kontrole:<\/strong>\u00a0K\u0101pur\u0137\u0113\u017eu celt\u0146a hidrauliskais cilindrs nodro\u0161ina prec\u012bzu kust\u012bbas kontroli, uzlabojot dro\u0161\u012bbu un efektivit\u0101ti pras\u012bgos r\u016bpnieciskos uzdevumos, ar pretsl\u012bdes cilindru celt\u0146a stabilit\u0101tei.<\/li>\n<li><strong>Viegli kopjams dizains:<\/strong>\u00a0Apr\u012bkots ar modernu bl\u012bv\u0113\u0161anas tehnolo\u0123iju, \u0161is \u012bpa\u0161i iztur\u012bgais hidrauliskais cilindrs pret sasv\u0113r\u0161anos samazina nodilumu, samazinot k\u0101pur\u0137\u0113\u017eu celt\u0146u apkopes izmaksas.<\/li>\n<li><\/li>\n<\/ul>\n<\/section>\n<section id=\"applications\">\n<h2><strong>K\u0101pur\u0137\u0113\u017eu celt\u0146a hidraulisko cilindru rokas pretsl\u012bdes pielietojums:<\/strong><\/h2>\n<p><img loading=\"lazy\" decoding=\"async\" class=\"size-full wp-image-20164 aligncenter\" src=\"https:\/\/www.hydraulic-cylinders.net\/wp-content\/uploads\/2025\/05\/arm-anti-tilt-hydrauilc-cylinder-application.webp\" alt=\"\" width=\"1648\" height=\"939\" srcset=\"https:\/\/www.hydraulic-cylinders.net\/wp-content\/uploads\/2025\/05\/arm-anti-tilt-hydrauilc-cylinder-application.webp 1648w, https:\/\/www.hydraulic-cylinders.net\/wp-content\/uploads\/2025\/05\/arm-anti-tilt-hydrauilc-cylinder-application-1280x729.webp 1280w, https:\/\/www.hydraulic-cylinders.net\/wp-content\/uploads\/2025\/05\/arm-anti-tilt-hydrauilc-cylinder-application-980x558.webp 980w, https:\/\/www.hydraulic-cylinders.net\/wp-content\/uploads\/2025\/05\/arm-anti-tilt-hydrauilc-cylinder-application-480x273.webp 480w\" sizes=\"(min-width: 0px) and (max-width: 480px) 480px, (min-width: 481px) and (max-width: 980px) 980px, (min-width: 981px) and (max-width: 1280px) 1280px, (min-width: 1281px) 1648px, 100vw\" \/><\/p>\n<ul>\n<li><strong>B\u016bvniec\u012bbas projekti:<\/strong>\u00a0Hidrauliskais cilindrs ar pretsl\u012bdes sviru nodro\u0161ina stabilu smagu materi\u0101lu, piem\u0113ram, t\u0113rauda siju un betona pl\u0101t\u0146u, cel\u0161anu b\u016bvniec\u012bb\u0101, ko atbalsta k\u0101pur\u0137\u0113\u017eu celt\u0146a cilindrs slodzes kontrolei.<\/li>\n<li><strong>Kalnr\u016bpniec\u012bbas oper\u0101cijas:<\/strong>\u00a0\u0160is k\u0101pur\u0137\u0113\u017eu celt\u0146a hidrauliskais cilindrs, kas paredz\u0113ts ieguves r\u016bpniec\u012bbai, saglab\u0101 stabilit\u0101ti, str\u0101d\u0101jot ar smag\u0101m krav\u0101m, piem\u0113ram, r\u016bdu, un to uzlabo pretsl\u012bdes cilindrs celt\u0146a stabilit\u0101tei.<\/li>\n<li><strong>R\u016bpniecisk\u0101 smag\u0101 cel\u0161ana:<\/strong>\u00a0Ide\u0101li piem\u0113rots r\u016bpnieciskiem apst\u0101k\u013ciem, iztur\u012bgais hidrauliskais cilindrs ar pretsl\u012bdes funkciju nodro\u0161ina prec\u012bzu kravas apstr\u0101di r\u016bpn\u012bc\u0101s un liela m\u0113roga projektos, kuros nepiecie\u0161amas k\u0101pur\u0137\u0113\u017eu celt\u0146a darb\u012bbas.<\/li>\n<\/ul>\n<\/section>\n<h2 dir=\"auto\"><strong>K\u0101 hidrauliskais cilindrs pret sasv\u0113r\u0161anos ar roku uzlabo k\u0101pur\u0137\u0113\u017eu celt\u0146a dro\u0161\u012bbu?<\/strong><\/h2>\n<section id=\"applications\">\n<p dir=\"auto\">The Arm Anti Tilt Hydraulic Cylinder significantly improves crawler crane safety through its specialized design and advanced engineering, tailored to address the inherent risks associated with heavy lifting in demanding environments. At its core, this hydraulic cylinder for crawler crane arm incorporates an innovative anti tilt cylinder mechanism that actively prevents unwanted tilting of the crane arm, a common hazard during operations on uneven terrains, under high winds, or when handling off-center loads. By maintaining the arm&#8217;s stability, the Arm Anti Tilt Hydraulic Cylinders for Crawler Crane ensure precise load control, minimizing the risk of sudden load shifts or crane tipping\u2014critical factors that could otherwise lead to accidents, equipment damage, or operational downtime in high-stakes settings like construction sites and mining fields.<\/p>\n<p dir=\"auto\">Iztur\u012bgais hidrauliskais cilindrs ir izgatavots no augstas stipr\u012bbas le\u0123\u0113t\u0101 t\u0113rauda un korozijiztur\u012bga p\u0101rkl\u0101juma, kas \u013cauj tam iztur\u0113t ekstrem\u0101lus apst\u0101k\u013cus, vienlaikus saglab\u0101jot konstrukcijas integrit\u0101ti un v\u0113l vair\u0101k uzlabojot dro\u0161\u012bbu, nodro\u0161inot nemain\u012bgu veiktsp\u0113ju laika gait\u0101. Ar maksim\u0101lo darba spiedienu 350 bar un piel\u0101gojamiem urbuma izm\u0113riem (no 180 mm l\u012bdz 300 mm) un g\u0101jiena garumiem (no 1000 mm l\u012bdz 4000 mm) \u0161is k\u0101pur\u0137\u0113\u017eu celt\u0146a cilindrs slodzes kontrolei piel\u0101gojas da\u017e\u0101d\u0101m ekspluat\u0101cijas pras\u012bb\u0101m, nodro\u0161inot uzticamu stabilit\u0101ti pat pie maksim\u0101l\u0101s slodzes. Turkl\u0101t pretsl\u012bdes cilindrs celt\u0146a stabilit\u0101tei ir apr\u012bkots ar uzlabotu bl\u012bv\u0113\u0161anas tehnolo\u0123iju, kas nov\u0113r\u0161 hidraulisk\u0101 \u0161\u0137idruma nopl\u016bdes, nodro\u0161inot vienm\u0113r\u012bgu un paredzamu darb\u012bbu bez negaid\u012btiem boj\u0101jumiem, kas var\u0113tu apdraud\u0113t dro\u0161\u012bbu.<\/p>\n<p dir=\"auto\">\u0160\u012b konstrukcija ar\u012b samazina kritiski svar\u012bgu komponentu nodilumu, samazinot meh\u0101nisku probl\u0113mu iesp\u0113jam\u012bbu ekspluat\u0101cijas laik\u0101, kas ir svar\u012bgi dro\u0161as darba vides uztur\u0113\u0161anai. \u0160is \u012bpa\u0161i iztur\u012bgais pretsl\u012bdes hidrauliskais cilindrs, kas ir sader\u012bgs ar vado\u0161ajiem k\u0101pur\u0137\u0113\u017eu celt\u0146u mode\u013ciem, piem\u0113ram, Liebherr LR 1300, Manitowoc 14000 un Kobelco CKE2500, tiek stingri p\u0101rbaud\u012bts Ever-Power Huachang Hydraulic veiktsp\u0113jas laboratorij\u0101, lai noteiktu slodzes efektivit\u0101ti un iek\u0161\u0113jo nopl\u016bdi, nodro\u0161inot atbilst\u012bbu valsts dro\u0161\u012bbas standartiem. Mazinot ar sasv\u0113r\u0161anos saist\u012btos riskus un nodro\u0161inot darb\u012bbas uzticam\u012bbu, sviras pretsl\u012bdes hidrauliskais cilindrs sniedz k\u0101pur\u0137\u0113\u017eu celt\u0146u operatoriem p\u0101rliec\u012bbu dro\u0161i un efekt\u012bvi apstr\u0101d\u0101t smagas kravas da\u017e\u0101dos r\u016bpnieciskos pielietojumos.<\/p>\n<\/section>\n<section id=\"explore-more\">\n<h2><strong>Apskatiet citus k\u0101pur\u0137\u0113\u017eu celt\u0146u cilindrus:<\/strong><\/h2>\n<p>M\u0113s pied\u0101v\u0101jam ar\u012b da\u017e\u0101dus citus k\u0101pur\u0137\u0113\u017eu celt\u0146u cilindrus, lai apmierin\u0101tu da\u017e\u0101das cel\u0161anas vajadz\u012bbas. Neatkar\u012bgi no t\u0101, vai jums ir nepiecie\u0161ams hidrauliskais cilindrs k\u0101pur\u0137\u0113\u017eu celt\u0146a svirai vai jaud\u012bgs risin\u0101jums stabilit\u0101tes nodro\u0161in\u0101\u0161anai, Ever-Power Huachang Hydraulic pied\u0101v\u0101 risin\u0101jumu. Apskatiet m\u016bsu pilno kl\u0101stu. <a href=\"https:\/\/www.hydraulic-cylinders.net\/lv\/mobile-crane-hydraulic-cylinders\/\">k\u0101pur\u0137\u0113\u017eu celt\u0146a cilindri<\/a>.<\/p>\n<\/section>\n<section id=\"company-introduction\">\n<h2><strong>Par Ever-Power Huachang Hydraulic:<\/strong><\/h2>\n<h2><img loading=\"lazy\" decoding=\"async\" class=\"alignnone size-full wp-image-16972\" src=\"https:\/\/www.hydraulic-cylinders.net\/wp-content\/uploads\/2025\/01\/hydraulic-cylinder-factory-1-scaled.webp\" alt=\"\" width=\"2016\" height=\"2560\" srcset=\"https:\/\/www.hydraulic-cylinders.net\/wp-content\/uploads\/2025\/01\/hydraulic-cylinder-factory-1-scaled.webp 2016w, https:\/\/www.hydraulic-cylinders.net\/wp-content\/uploads\/2025\/01\/hydraulic-cylinder-factory-1-1280x1625.webp 1280w, https:\/\/www.hydraulic-cylinders.net\/wp-content\/uploads\/2025\/01\/hydraulic-cylinder-factory-1-980x1244.webp 980w, https:\/\/www.hydraulic-cylinders.net\/wp-content\/uploads\/2025\/01\/hydraulic-cylinder-factory-1-480x610.webp 480w\" sizes=\"(min-width: 0px) and (max-width: 480px) 480px, (min-width: 481px) and (max-width: 980px) 980px, (min-width: 981px) and (max-width: 1280px) 1280px, (min-width: 1281px) 2016px, 100vw\" \/><\/h2>\n<p>M\u0113s lepojamies ar modernu neatkar\u012bgu p\u0113tniec\u012bbas un att\u012bst\u012bbas platformu, kas velt\u012bta mont\u0101\u017eai, nodro\u0161inot augst\u0101k\u0101 l\u012bme\u0146a inov\u0101cijas un kvalit\u0101ti m\u016bsu ra\u017eo\u0161anas procesos. M\u016bsu iekr\u0101v\u0113ju cilindru ra\u017eo\u0161anas darbn\u012bc\u0101 ir \u010detras pusautom\u0101tiskas pacel\u0161anas cilindru mont\u0101\u017eas l\u012bnijas un piln\u012bb\u0101 autom\u0101tiska noliecamo cilindru mont\u0101\u017eas l\u012bnija, kas kop\u0101 ir paredz\u0113tas, lai sara\u017eotu l\u012bdz pat vienam miljonam vien\u012bbu gad\u0101.<\/p>\n<p>Turkl\u0101t m\u016bsu specializ\u0113t\u0101 cilindru darbn\u012bca ir apr\u012bkota ar pusautom\u0101tisk\u0101m t\u012br\u012b\u0161anas un mont\u0101\u017eas sist\u0113m\u0101m, kas piel\u0101gotas da\u017e\u0101d\u0101m specifik\u0101cij\u0101m, ar gada ra\u017eo\u0161anas jaudu 200\u00a0000 vien\u012bbu. M\u0113s izmantojam atz\u012btas CNC iek\u0101rtas, apstr\u0101des centrus un specializ\u0113tus instrumentus augstas precizit\u0101tes hidraulisko cilindru apstr\u0101dei. M\u016bsu iek\u0101rt\u0101s ir ar\u012b modernas robotiz\u0113tas metin\u0101\u0161anas iek\u0101rtas, autom\u0101tisk\u0101s t\u012br\u012b\u0161anas sist\u0113mas un piln\u012bb\u0101 automatiz\u0113tas cilindru mont\u0101\u017eas un kr\u0101so\u0161anas l\u012bnijas. Ar vair\u0101k nek\u0101 300 galvenaj\u0101m iek\u0101rt\u0101m, kas darbojas, m\u0113s optimiz\u0113jam resursu sadali un nodro\u0161in\u0101m efekt\u012bvu izmanto\u0161anu, iev\u0113rojot stingrus precizit\u0101tes un kvalit\u0101tes standartus.<\/p>\n<h2><img loading=\"lazy\" decoding=\"async\" class=\"alignnone size-full wp-image-16973\" src=\"https:\/\/www.hydraulic-cylinders.net\/wp-content\/uploads\/2025\/01\/hydraulic-cylinder-factory-2-scaled.webp\" alt=\"\" width=\"2011\" height=\"2560\" srcset=\"https:\/\/www.hydraulic-cylinders.net\/wp-content\/uploads\/2025\/01\/hydraulic-cylinder-factory-2-scaled.webp 2011w, https:\/\/www.hydraulic-cylinders.net\/wp-content\/uploads\/2025\/01\/hydraulic-cylinder-factory-2-1280x1629.webp 1280w, https:\/\/www.hydraulic-cylinders.net\/wp-content\/uploads\/2025\/01\/hydraulic-cylinder-factory-2-980x1248.webp 980w, https:\/\/www.hydraulic-cylinders.net\/wp-content\/uploads\/2025\/01\/hydraulic-cylinder-factory-2-480x611.webp 480w\" sizes=\"(min-width: 0px) and (max-width: 480px) 480px, (min-width: 481px) and (max-width: 980px) 980px, (min-width: 981px) and (max-width: 1280px) 1280px, (min-width: 1281px) 2011px, 100vw\" \/><\/h2>\n<p>M\u0113s izmantojam piln\u012bb\u0101 autom\u0101tisku \u016bdens b\u0101zes kr\u0101so\u0161anas l\u012bniju, kas \u012bpa\u0161i paredz\u0113ta maziem un vid\u0113jiem baloniem, ar automatiz\u0113tiem iekrau\u0161anas, izkrau\u0161anas un izsmidzin\u0101\u0161anas robotiem. \u0160\u012b modern\u0101 sist\u0113ma lepojas ar ra\u017eo\u0161anas jaudu 4000 vien\u012bbu mai\u0146\u0101. Turkl\u0101t mums ir pusautom\u0101tiska kr\u0101so\u0161anas l\u012bnija lielizm\u0113ra baloniem, ko darbina \u0137\u0113des piedzi\u0146a, ar projekt\u0113to jaudu 60 kastes mai\u0146\u0101.<\/p>\n<p>Lai uzlabotu produktu veiktsp\u0113ju un nostiprin\u0101tu m\u016bsu l\u012bderpoz\u012bcijas hidraulisko cilindru nozar\u0113, m\u0113s sadarbojamies ar ZJIMEE, lai izveidotu visaptvero\u0161u veiktsp\u0113jas laboratoriju, kas velt\u012bta hidrauliskajiem cilindriem, v\u0101rstiem un s\u016bk\u0146iem. \u0160\u012b modern\u0101 laboratorija izmanto datoriz\u0113tu test\u0113\u0161anu ar elektrohidraulisko tehnolo\u0123iju, \u013caujot izmantot iepriek\u0161 iestat\u012btus testa apst\u0101k\u013cus, kas uzlabo precizit\u0101ti un sist\u0113mas daudzpus\u012bbu. Automatiz\u0113taj\u0101 datu v\u0101k\u0161anas proces\u0101 tiek izmantoti sensori, lai apkopotu izejas datus, piem\u0113ram, iek\u0161\u0113jo nopl\u016bdi un slodzes efektivit\u0101ti, kurus p\u0113c tam apstr\u0101d\u0101 dators un konvert\u0113 standarta m\u0113rvien\u012bb\u0101s (ml\/min%).<\/p>\n<p>K\u0101pur\u0137\u0113\u017eu celt\u0146a sviras pretsl\u012bdes hidrauliskie cilindri demonstr\u0113 m\u016bsu ap\u0146em\u0161anos nodro\u0161in\u0101t kvalit\u0101ti un veiktsp\u0113ju, un tie ir izstr\u0101d\u0101ti k\u0101 \u012bpa\u0161i iztur\u012bgi hidrauliskie cilindri k\u0101pur\u0137\u0113\u017eu celt\u0146a sviras stabilit\u0101tei, \u012bpa\u0161i Liebherr, Manitowoc un Kobelco mode\u013ciem. M\u016bsu produkti, kuriem uzticas lieli iek\u0101rtu ra\u017eot\u0101ji vis\u0101 pasaul\u0113, ir ieguvu\u0161i sp\u0113c\u012bgu reput\u0101ciju uzticam\u012bbas zi\u0146\u0101, un Ever-Power Huachang Hydraulic ir atz\u012bts par l\u012bderi hidraulisko cilindru ra\u017eo\u0161an\u0101.<\/p>\n<\/section>\n<p>&nbsp;<\/p>","protected":false},"excerpt":{"rendered":"<p>Arm Anti Tilt Hydraulic Cylinders for Crawler Crane The Arm Anti Tilt Hydraulic Cylinders for Crawler Crane, expertly engineered by Ever-Power Huachang Hydraulic, are designed to enhance crane stability and safety during heavy lifting operations, compatible with models. This hydraulic cylinder for crawler crane arm integrates an advanced anti tilt cylinder mechanism that prevents unwanted [&hellip;]<\/p>","protected":false},"featured_media":20156,"comment_status":"open","ping_status":"closed","template":"","meta":{"_et_pb_use_builder":"","_et_pb_old_content":"","_et_gb_content_width":""},"product_brand":[],"product_cat":[1514],"product_tag":[],"class_list":{"0":"post-20145","1":"product","2":"type-product","3":"status-publish","4":"has-post-thumbnail","6":"product_cat-mobile-crane-hydraulic-cylinders","8":"first","9":"instock","10":"shipping-taxable","11":"product-type-simple"},"amp_enabled":true,"_links":{"self":[{"href":"https:\/\/www.hydraulic-cylinders.net\/lv\/wp-json\/wp\/v2\/product\/20145","targetHints":{"allow":["GET"]}}],"collection":[{"href":"https:\/\/www.hydraulic-cylinders.net\/lv\/wp-json\/wp\/v2\/product"}],"about":[{"href":"https:\/\/www.hydraulic-cylinders.net\/lv\/wp-json\/wp\/v2\/types\/product"}],"replies":[{"embeddable":true,"href":"https:\/\/www.hydraulic-cylinders.net\/lv\/wp-json\/wp\/v2\/comments?post=20145"}],"wp:featuredmedia":[{"embeddable":true,"href":"https:\/\/www.hydraulic-cylinders.net\/lv\/wp-json\/wp\/v2\/media\/20156"}],"wp:attachment":[{"href":"https:\/\/www.hydraulic-cylinders.net\/lv\/wp-json\/wp\/v2\/media?parent=20145"}],"wp:term":[{"taxonomy":"product_brand","embeddable":true,"href":"https:\/\/www.hydraulic-cylinders.net\/lv\/wp-json\/wp\/v2\/product_brand?post=20145"},{"taxonomy":"product_cat","embeddable":true,"href":"https:\/\/www.hydraulic-cylinders.net\/lv\/wp-json\/wp\/v2\/product_cat?post=20145"},{"taxonomy":"product_tag","embeddable":true,"href":"https:\/\/www.hydraulic-cylinders.net\/lv\/wp-json\/wp\/v2\/product_tag?post=20145"}],"curies":[{"name":"wp","href":"https:\/\/api.w.org\/{rel}","templated":true}]}}