{"id":20173,"date":"2025-05-12T02:57:12","date_gmt":"2025-05-12T02:57:12","guid":{"rendered":"https:\/\/www.hydraulic-cylinders.net\/?post_type=product&#038;p=20173"},"modified":"2025-05-12T05:09:56","modified_gmt":"2025-05-12T05:09:56","slug":"luffing-hydraulic-cylinders-for-telescopic-crawler-crane","status":"publish","type":"product","link":"https:\/\/www.hydraulic-cylinders.net\/lv\/products\/luffing-hydraulic-cylinders-for-telescopic-crawler-crane\/","title":{"rendered":"Teleskopisk\u0101 k\u0101pur\u0137\u0113\u017eu celt\u0146a hidrauliskie cilindri"},"content":{"rendered":"<h1 style=\"text-align: center;\"><strong>Teleskopisk\u0101 k\u0101pur\u0137\u0113\u017eu celt\u0146a hidrauliskie cilindri<\/strong><\/h1>\n<p><img loading=\"lazy\" decoding=\"async\" class=\"wp-image-20174 aligncenter\" src=\"https:\/\/www.hydraulic-cylinders.net\/wp-content\/uploads\/2025\/05\/luffing-hydraulic-cylinder-for-telescopic.webp\" alt=\"Teleskopisk\u0101 k\u0101pur\u0137\u0113\u017eu celt\u0146a hidrauliskais cilindrs\" width=\"500\" height=\"500\" srcset=\"https:\/\/www.hydraulic-cylinders.net\/wp-content\/uploads\/2025\/05\/luffing-hydraulic-cylinder-for-telescopic.webp 500w, https:\/\/www.hydraulic-cylinders.net\/wp-content\/uploads\/2025\/05\/luffing-hydraulic-cylinder-for-telescopic-480x480.webp 480w\" sizes=\"(min-width: 0px) and (max-width: 480px) 480px, (min-width: 481px) 500px, 100vw\" \/><\/p>\n<section id=\"introduction\">Ever-Power Huachang Hydraulic teleskopisko k\u0101pur\u0137\u0113\u017eu celt\u0146u pace\u013camie hidrauliskie cilindri ir uzlaboti hidrauliskie cilindri teleskopisko k\u0101pur\u0137\u0113\u017eu celt\u0146u risin\u0101jumiem, kas paredz\u0113ti prec\u012bzai str\u0113les le\u0146\u0137a kontrolei. \u0160is pace\u013camais hidrauliskais cilindrs, kas ir sader\u012bgs ar da\u017e\u0101diem mode\u013ciem, uzlabo teleskopisko celt\u0146u cel\u0161anas oper\u0101cijas b\u016bvniec\u012bb\u0101, ieguves r\u016bpniec\u012bb\u0101 un r\u016bpniecisk\u0101 vid\u0113. K\u0101pur\u0137\u0113\u017eu celt\u0146a hidrauliskais cilindrs, kas izstr\u0101d\u0101ts iztur\u012bbai, pied\u0101v\u0101 jaud\u012bgu hidraulisko cilindru, kas paredz\u0113ts, lai viegli veiktu sare\u017e\u0123\u012btus uzdevumus.<\/section>\n<section id=\"specifications\">\n<h2><strong>Tehnisk\u0101s specifik\u0101cijas:<\/strong><\/h2>\n<p><img loading=\"lazy\" decoding=\"async\" class=\"aligncenter wp-image-20176 size-full\" src=\"https:\/\/www.hydraulic-cylinders.net\/wp-content\/uploads\/2025\/05\/telescopic-crawler-crane.webp\" alt=\"Teleskopisk\u0101 k\u0101pur\u0137\u0113\u017eu celt\u0146a konstrukcija\" width=\"640\" height=\"358\" srcset=\"https:\/\/www.hydraulic-cylinders.net\/wp-content\/uploads\/2025\/05\/telescopic-crawler-crane.webp 640w, https:\/\/www.hydraulic-cylinders.net\/wp-content\/uploads\/2025\/05\/telescopic-crawler-crane-480x269.webp 480w\" sizes=\"(min-width: 0px) and (max-width: 480px) 480px, (min-width: 481px) 640px, 100vw\" \/><\/p>\n<p><strong>Funkcija:<\/strong> Kontrol\u0113jiet galven\u0101s rokas kust\u012bbu<br \/>\n<strong>Cilindra diametrs:<\/strong> 220 mm\u2013320 mm<br \/>\n<strong>Stie\u0146a diametrs:<\/strong> 180 mm\u2013280 mm<br \/>\n<strong>Ce\u013cojums:<\/strong> 2000 mm\u20134000 mm<br \/>\n<strong>Maksim\u0101lais spiediens:<\/strong> 32MPa<br \/>\n<strong>Maksim\u0101l\u0101 vilce:<\/strong> 2574KN<\/p>\n<\/section>\n<section id=\"features\">\n<h2><strong>Teleskopisk\u0101 k\u0101pur\u0137\u0113\u017eu celt\u0146a Luffing hidraulisko cilindru galven\u0101s iez\u012bmes:<\/strong><\/h2>\n<ul>\n<li><strong>Prec\u012bza sl\u012bpuma kontrole:<\/strong> Teleskopisko k\u0101pur\u0137\u0113\u017eu celt\u0146u pace\u013camie hidrauliskie cilindri nodro\u0161ina prec\u012bzu str\u0113les le\u0146\u0137a regul\u0113\u0161anu, padarot \u0161o teleskopisk\u0101 celt\u0146a cilindru ide\u0101li piem\u0113rotu cel\u0161anai sl\u0113gt\u0101s telp\u0101s un sare\u017e\u0123\u012bt\u0101 reljef\u0101.<\/li>\n<li><strong>Iztur\u012bga konstrukcija:<\/strong>\u00a0\u0160is teleskopisk\u0101 k\u0101pur\u0137\u0113\u017eu celt\u0146a hidrauliskais cilindrs, kas izgatavots no augstas stipr\u012bbas le\u0123\u0113t\u0101 t\u0113rauda un ar korozijiztur\u012bgu p\u0101rkl\u0101jumu, iztur skarbus vides apst\u0101k\u013cus, nodro\u0161inot ilgsto\u0161u veiktsp\u0113ju k\u0101 lieljaudas pacel\u0161anas cilindrs celt\u0146iem.<\/li>\n<li><strong>Piel\u0101gojams dizains:<\/strong>\u00a0Ar regul\u0113jamu g\u0101jiena garumu un urbuma izm\u0113ru k\u0101pur\u0137\u0113\u017eu celt\u0146a hidrauliskais cilindrs ar pac\u0113luma kontroli piel\u0101gojas da\u017e\u0101d\u0101m teleskopisk\u0101 celt\u0146a cel\u0161anas vajadz\u012bb\u0101m, uzlabojot darb\u012bbas elast\u012bbu.<\/li>\n<li><strong>Augstspiediena efektivit\u0101te:<\/strong>\u00a0\u0160is pace\u013camais hidrauliskais cilindrs, kas izstr\u0101d\u0101ts, lai iztur\u0113tu spiedienu l\u012bdz 400 b\u0101riem, nodro\u0161ina uzticamu jaudu lieljaudas hidraulisko cilindru lietojumprogramm\u0101m, samazinot d\u012bkst\u0101ves laiku celt\u0146a darb\u012bbas laik\u0101.<\/li>\n<\/ul>\n<\/section>\n<section id=\"applications\">\n<h2><strong>Teleskopisk\u0101 k\u0101pur\u0137\u0113\u017eu celt\u0146a Luffing hidraulisko cilindru pielietojums:<\/strong><\/h2>\n<p><img loading=\"lazy\" decoding=\"async\" class=\"alignnone size-full wp-image-20177\" src=\"https:\/\/www.hydraulic-cylinders.net\/wp-content\/uploads\/2025\/05\/luffing-hydraulic-cylinders-for-telescopic-crawler-crane-application.webp\" alt=\"Teleskopisk\u0101 k\u0101pur\u0137\u0113\u017eu celt\u0146a hidrauliskie cilindri\" width=\"1077\" height=\"616\" srcset=\"https:\/\/www.hydraulic-cylinders.net\/wp-content\/uploads\/2025\/05\/luffing-hydraulic-cylinders-for-telescopic-crawler-crane-application.webp 1077w, https:\/\/www.hydraulic-cylinders.net\/wp-content\/uploads\/2025\/05\/luffing-hydraulic-cylinders-for-telescopic-crawler-crane-application-980x561.webp 980w, https:\/\/www.hydraulic-cylinders.net\/wp-content\/uploads\/2025\/05\/luffing-hydraulic-cylinders-for-telescopic-crawler-crane-application-480x275.webp 480w\" sizes=\"(min-width: 0px) and (max-width: 480px) 480px, (min-width: 481px) and (max-width: 980px) 980px, (min-width: 981px) 1077px, 100vw\" \/><\/p>\n<ul>\n<li><strong>Augstcelt\u0146u b\u016bvniec\u012bbas projekti:<\/strong> Teleskopisko k\u0101pur\u0137\u0113\u017eu celt\u0146u pace\u013camie hidrauliskie cilindri lieliski noder augstcelt\u0146u b\u016bvniec\u012bb\u0101, piem\u0113ram, debesskr\u0101pju un tiltu uzst\u0101d\u012b\u0161an\u0101, pied\u0101v\u0101jot teleskopisk\u0101 k\u0101pur\u0137\u0113\u017eu celt\u0146a cilindra aizst\u0101j\u0113ju prec\u012bzai kravas pozicion\u0113\u0161anai. Ar k\u0101pur\u0137\u0113\u017eu celt\u0146a hidraulisko cilindru ar pace\u013cam\u0101s str\u0113les kontroli tas nodro\u0161ina prec\u012bzu str\u0113les regul\u0113\u0161anu \u0161aur\u0101s pils\u0113tvid\u0113, uzlabojot dro\u0161\u012bbu un produktivit\u0101ti operatoriem, kas str\u0101d\u0101 ar smagiem materi\u0101liem, piem\u0113ram, t\u0113rauda sij\u0101m un saliekam\u0101 betona pane\u013ciem.<\/li>\n<li><strong>Kalnr\u016bpniec\u012bbas oper\u0101cijas nel\u012bdzen\u0101 reljef\u0101:<\/strong>\u00a0\u0160is teleskopisk\u0101 celt\u0146a hidrauliskais cilindrs, kas paredz\u0113ts vissmag\u0101kajiem ieguves apst\u0101k\u013ciem, nodro\u0161ina stabilu un kontrol\u0113tu str\u0113les regul\u0113\u0161anu, apstr\u0101d\u0101jot smagas kravas, piem\u0113ram, r\u016bdu vai lielu apr\u012bkojumu, nel\u012bdzen\u0101 reljef\u0101. Iztur\u012bgais celt\u0146u pacel\u0161anas cilindrs iztur abraz\u012bvus apst\u0101k\u013cus, piem\u0113ram, putek\u013cus un mitrumu, nodro\u0161inot uzticamu k\u0101pur\u0137\u0113\u017eu celt\u0146a hidraulisk\u0101 cilindra risin\u0101jumu, kas palielina darb\u012bbas efektivit\u0101ti un samazina d\u012bkst\u0101ves laiku att\u0101l\u0101s ieguves viet\u0101s.<\/li>\n<li><strong>R\u016bpniecisk\u0101 cel\u0161ana smagaj\u0101 r\u016bpniec\u012bb\u0101:<\/strong>\u00a0Teleskopiskais celt\u0146a cilindrs, kas ir ide\u0101li piem\u0113rots r\u016bpnieciskiem lietojumiem, piem\u0113ram, elektrostaciju apkopei un ku\u0123u b\u016bv\u0113tavu darb\u012bbai, atvieglo dro\u0161u un efekt\u012bvu lielgabar\u012bta kravu, piem\u0113ram, turb\u012bnu vai ku\u0123niec\u012bbas konteineru, apstr\u0101di. Pace\u013camais hidrauliskais cilindrs nodro\u0161ina vienm\u0113r\u012bgu vad\u012bbu sare\u017e\u0123\u012btiem cel\u0161anas uzdevumiem, ko atbalsta iztur\u012bga hidraulisk\u0101 cilindra konstrukcija, kas nodro\u0161ina iztur\u012bbu un precizit\u0101ti sare\u017e\u0123\u012btos apst\u0101k\u013cos, uzlabojot darbpl\u016bsmu augstas intensit\u0101tes r\u016bpniecisk\u0101 vid\u0113.<\/li>\n<\/ul>\n<\/section>\n<section id=\"explore-more\">\n<h2><strong>Apskatiet citus k\u0101pur\u0137\u0113\u017eu celt\u0146u cilindrus:<\/strong><\/h2>\n<p dir=\"auto\">M\u0113s pied\u0101v\u0101jam pla\u0161u k\u0101pur\u0137\u0113\u017eu celt\u0146u cilindru izv\u0113li, lai apmierin\u0101tu visda\u017e\u0101d\u0101k\u0101s cel\u0161anas pras\u012bbas. S\u0101kot ar hidrauliskajiem cilindriem teleskopisko celt\u0146u cel\u0161anai un beidzot ar lieljaudas pacel\u0161anas cilindriem celt\u0146iem, Ever-Power Huachang Hydraulic pied\u0101v\u0101 piel\u0101gotus risin\u0101jumus j\u016bsu vajadz\u012bb\u0101m. Iepaz\u012bstieties ar m\u016bsu pilno kl\u0101stu. <a href=\"https:\/\/www.hydraulic-cylinders.net\/lv\/mobile-crane-hydraulic-cylinders\/\">k\u0101pur\u0137\u0113\u017eu celt\u0146a cilindri<\/a> lai atrastu sav\u0101m celt\u0146a darb\u012bb\u0101m vispiem\u0113rot\u0101ko variantu.<\/p>\n<h2 class=\"header-jfw95c auto-hide-last-sibling-br\"><strong>K\u0101di ir bie\u017e\u0101kie apkopes priek\u0161meti teleskopisko k\u0101pur\u0137\u0113\u017eu celt\u0146u hidrauliskajiem cilindriem?<\/strong><\/h2>\n<ul class=\"auto-hide-last-sibling-br\">\n<li><strong>Regul\u0101ras p\u0101rbaudes<\/strong>Vizu\u0101li p\u0101rbaudiet hidrauliskos pacel\u0161anas cilindrus, vai nav boj\u0101jumu, nopl\u016b\u017eu vai p\u0101rm\u0113r\u012bga nodiluma paz\u012bmju. P\u0101rbaudiet e\u013c\u013cas bl\u012bves ap cilindru, vai nav boj\u0101tu bl\u012bv\u0113jumu, saliektu stie\u0146u vai citu redzamu probl\u0113mu. P\u0101rbaudiet ar\u012b hidraulisk\u0101s \u0161\u013c\u016btenes un savienojumus, vai nav nodiluma, plaisu vai nopl\u016b\u017eu.<\/li>\n<li><strong>\u0160\u0137idruma l\u012bme\u0146a p\u0101rbaude<\/strong>Regul\u0101ri p\u0101rbaudiet hidraulisk\u0101 \u0161\u0137idruma l\u012bmeni sist\u0113m\u0101, lai p\u0101rliecin\u0101tos, ka tas ir pareizaj\u0101 l\u012bmen\u012b saska\u0146\u0101 ar ra\u017eot\u0101ja ieteikumiem. Ja \u0161\u0137idruma l\u012bmenis ir zems, pievienojiet atbilsto\u0161u hidraulisko \u0161\u0137idrumu, k\u0101 nor\u0101d\u012bts.<\/li>\n<li><strong>\u0160\u0137idruma kvalit\u0101te<\/strong>P\u0101rbaudiet hidraulisk\u0101 \u0161\u0137idruma kvalit\u0101ti un st\u0101vokli. Mekl\u0113jiet jebk\u0101das pies\u0101r\u0146ojuma paz\u012bmes, piem\u0113ram, net\u012brumus, \u016bdeni vai gru\u017eus. Ja \u0161\u0137idrums izskat\u0101s du\u013c\u0137ains vai pies\u0101r\u0146ots, tas, iesp\u0113jams, ir j\u0101izlej un j\u0101nomaina.<\/li>\n<li><strong>Komponentu e\u013c\u013co\u0161ana<\/strong>Iee\u013c\u013cojiet hidraulisk\u0101 pac\u0113l\u0101jcilindra kust\u012bg\u0101s sast\u0101vda\u013cas saska\u0146\u0101 ar ra\u017eot\u0101ja ieteikumiem. Tas var ietvert sm\u0113rvielas uzkl\u0101\u0161anu noteiktos punktos, piem\u0113ram, \u0161arn\u012brsavienojumos vai stie\u0146u galos, lai nodro\u0161in\u0101tu vienm\u0113r\u012bgu darb\u012bbu un samazin\u0101tu berzi.<\/li>\n<li><strong>Bl\u012bvju p\u0101rbaude un nomai\u0146a<\/strong>Hidrauliskie pacel\u0161anas cilindri izmanto bl\u012bves, lai nov\u0113rstu \u0161\u0137idruma nopl\u016bdes un uztur\u0113tu sist\u0113mas integrit\u0101ti. Regul\u0101ri p\u0101rbaudiet bl\u012bves, vai t\u0101s nav nodilu\u0161as, boj\u0101tas vai nav nopl\u016bdes paz\u012bmju. Ja k\u0101das bl\u012bves ir boj\u0101tas, t\u0101s nekav\u0113joties j\u0101nomaina, lai nov\u0113rstu \u0161\u0137idruma zudumu un iesp\u0113jamu cilindra boj\u0101jumu.<\/li>\n<\/ul>\n<\/section>\n<section id=\"company-introduction\">\n<h2><strong>Par Ever-Power Huachang Hydraulic:<\/strong><\/h2>\n<h2><img loading=\"lazy\" decoding=\"async\" class=\"alignnone size-full wp-image-16972\" src=\"https:\/\/www.hydraulic-cylinders.net\/wp-content\/uploads\/2025\/01\/hydraulic-cylinder-factory-1-scaled.webp\" alt=\"\" width=\"2016\" height=\"2560\" srcset=\"https:\/\/www.hydraulic-cylinders.net\/wp-content\/uploads\/2025\/01\/hydraulic-cylinder-factory-1-scaled.webp 2016w, https:\/\/www.hydraulic-cylinders.net\/wp-content\/uploads\/2025\/01\/hydraulic-cylinder-factory-1-1280x1625.webp 1280w, https:\/\/www.hydraulic-cylinders.net\/wp-content\/uploads\/2025\/01\/hydraulic-cylinder-factory-1-980x1244.webp 980w, https:\/\/www.hydraulic-cylinders.net\/wp-content\/uploads\/2025\/01\/hydraulic-cylinder-factory-1-480x610.webp 480w\" sizes=\"(min-width: 0px) and (max-width: 480px) 480px, (min-width: 481px) and (max-width: 980px) 980px, (min-width: 981px) and (max-width: 1280px) 1280px, (min-width: 1281px) 2016px, 100vw\" \/><\/h2>\n<p dir=\"auto\">Ever-Power Huachang Hydraulic ir nozares l\u012bderis ar modernu p\u0113tniec\u012bbas un att\u012bst\u012bbas platformu, kas koncentr\u0113jas uz inovat\u012bviem hidraulisko cilindru risin\u0101jumiem. M\u016bsu pieredz\u0113ju\u0161ie in\u017eenieri izstr\u0101d\u0101 augstas veiktsp\u0113jas komponentus, nodro\u0161inot augst\u0101k\u0101s klases kvalit\u0101ti t\u0101diem lietojumiem k\u0101 autocelt\u0146i un teleskopiskie k\u0101pur\u0137\u0113\u017eu celt\u0146i.<\/p>\n<p dir=\"auto\">M\u016bsu modernaj\u0101 ra\u017eotn\u0113 ir apvienotas automatiz\u0113tas mont\u0101\u017eas l\u012bnijas un prec\u012bza apstr\u0101de, sara\u017eojot l\u012bdz pat 1 miljonam cilindru gad\u0101. Ar specializ\u0113t\u0101m t\u012br\u012b\u0161anas, mont\u0101\u017eas un p\u0101rkl\u0101\u0161anas darbn\u012bc\u0101m m\u0113s pieg\u0101d\u0101jam iztur\u012bgus cilindrus, kas piel\u0101goti da\u017e\u0101d\u0101m specifik\u0101cij\u0101m, uzlabojot darb\u012bbas efektivit\u0101ti.<\/p>\n<h2><img loading=\"lazy\" decoding=\"async\" class=\"alignnone size-full wp-image-16973\" src=\"https:\/\/www.hydraulic-cylinders.net\/wp-content\/uploads\/2025\/01\/hydraulic-cylinder-factory-2-scaled.webp\" alt=\"\" width=\"2011\" height=\"2560\" srcset=\"https:\/\/www.hydraulic-cylinders.net\/wp-content\/uploads\/2025\/01\/hydraulic-cylinder-factory-2-scaled.webp 2011w, https:\/\/www.hydraulic-cylinders.net\/wp-content\/uploads\/2025\/01\/hydraulic-cylinder-factory-2-1280x1629.webp 1280w, https:\/\/www.hydraulic-cylinders.net\/wp-content\/uploads\/2025\/01\/hydraulic-cylinder-factory-2-980x1248.webp 980w, https:\/\/www.hydraulic-cylinders.net\/wp-content\/uploads\/2025\/01\/hydraulic-cylinder-factory-2-480x611.webp 480w\" sizes=\"(min-width: 0px) and (max-width: 480px) 480px, (min-width: 481px) and (max-width: 980px) 980px, (min-width: 981px) and (max-width: 1280px) 1280px, (min-width: 1281px) 2011px, 100vw\" \/><\/h2>\n<p dir=\"auto\">M\u0113s pie\u0161\u0137iram priorit\u0101ti kvalit\u0101tei, pateicoties \u012bpa\u0161ai test\u0113\u0161anas laboratorijai sadarb\u012bb\u0101 ar ZJIMEE, kur\u0101 tiek izmantota datoriz\u0113ta elektrohidraulisk\u0101 test\u0113\u0161ana, lai m\u0113r\u012btu t\u0101dus veiktsp\u0113jas r\u0101d\u012bt\u0101jus k\u0101 slodzes efektivit\u0101te un iek\u0161\u0113j\u0101 nopl\u016bde. Tas nodro\u0161ina, ka m\u016bsu produkti atbilst stingriem starptautiskajiem dro\u0161\u012bbas un uzticam\u012bbas standartiem.<\/p>\n<p dir=\"auto\">Autocelt\u0146u pretsvara hidrauliskie cilindri ir m\u016bsu ap\u0146em\u0161an\u0101s p\u0113c izcil\u012bbas piem\u0113rs, un tie ir izstr\u0101d\u0101ti k\u0101 \u012bpa\u0161i iztur\u012bgi hidrauliskie cilindri t\u0101diem mode\u013ciem k\u0101 Terex un Grove. Ever-Power Huachang Hydraulic, kam uzticas vis\u0101 pasaul\u0113, ir atz\u012bts l\u012bderis hidraulisko cilindru ra\u017eo\u0161an\u0101.<\/p>\n<\/section>","protected":false},"excerpt":{"rendered":"<p>Luffing Hydraulic Cylinders for Telescopic Crawler Crane The luffing hydraulic cylinders for telescopic crawler crane from ever-power huachang hydraulic are advanced hydraulic cylinder for telescopic crawler crane solutions, designed to control boom angle with precision. Compatible with models, this luffing hydraulic cylinder enhances telescopic crane lifting operations in construction, mining, and industrial settings. Engineered for [&hellip;]<\/p>","protected":false},"featured_media":20175,"comment_status":"open","ping_status":"closed","template":"","meta":{"_et_pb_use_builder":"","_et_pb_old_content":"","_et_gb_content_width":""},"product_brand":[],"product_cat":[1514],"product_tag":[],"class_list":{"0":"post-20173","1":"product","2":"type-product","3":"status-publish","4":"has-post-thumbnail","6":"product_cat-mobile-crane-hydraulic-cylinders","8":"first","9":"instock","10":"shipping-taxable","11":"product-type-simple"},"amp_enabled":true,"_links":{"self":[{"href":"https:\/\/www.hydraulic-cylinders.net\/lv\/wp-json\/wp\/v2\/product\/20173","targetHints":{"allow":["GET"]}}],"collection":[{"href":"https:\/\/www.hydraulic-cylinders.net\/lv\/wp-json\/wp\/v2\/product"}],"about":[{"href":"https:\/\/www.hydraulic-cylinders.net\/lv\/wp-json\/wp\/v2\/types\/product"}],"replies":[{"embeddable":true,"href":"https:\/\/www.hydraulic-cylinders.net\/lv\/wp-json\/wp\/v2\/comments?post=20173"}],"wp:featuredmedia":[{"embeddable":true,"href":"https:\/\/www.hydraulic-cylinders.net\/lv\/wp-json\/wp\/v2\/media\/20175"}],"wp:attachment":[{"href":"https:\/\/www.hydraulic-cylinders.net\/lv\/wp-json\/wp\/v2\/media?parent=20173"}],"wp:term":[{"taxonomy":"product_brand","embeddable":true,"href":"https:\/\/www.hydraulic-cylinders.net\/lv\/wp-json\/wp\/v2\/product_brand?post=20173"},{"taxonomy":"product_cat","embeddable":true,"href":"https:\/\/www.hydraulic-cylinders.net\/lv\/wp-json\/wp\/v2\/product_cat?post=20173"},{"taxonomy":"product_tag","embeddable":true,"href":"https:\/\/www.hydraulic-cylinders.net\/lv\/wp-json\/wp\/v2\/product_tag?post=20173"}],"curies":[{"name":"wp","href":"https:\/\/api.w.org\/{rel}","templated":true}]}}