{"id":20701,"date":"2025-05-27T06:21:24","date_gmt":"2025-05-27T06:21:24","guid":{"rendered":"https:\/\/www.hydraulic-cylinders.net\/product\/forklift-truck-tilt-cylinder\/"},"modified":"2025-05-27T06:21:27","modified_gmt":"2025-05-27T06:21:27","slug":"forklift-truck-tilt-cylinder","status":"publish","type":"product","link":"https:\/\/www.hydraulic-cylinders.net\/lv\/products\/forklift-truck-tilt-cylinder\/","title":{"rendered":"Iekr\u0101v\u0113ja sl\u012bpuma cilindrs"},"content":{"rendered":"<h1>Iekr\u0101v\u0113ja sl\u012bpuma cilindrs<\/h1>\n<h2>Produkta ievads<\/h2>\n<p>Iekr\u0101v\u0113ja noliek\u0161anas cilindrs ir b\u016btiska iekr\u0101v\u0113ja hidraulisk\u0101s sist\u0113mas sast\u0101vda\u013ca, kas \u013cauj regul\u0113t masta le\u0146\u0137i optim\u0101lai kravas apstr\u0101dei. \u0160im hidrauliskajam cilindram ir iz\u0161\u0137iro\u0161a noz\u012bme priek\u0161\u0113jo dak\u0161u pacel\u0161an\u0101, nolai\u0161an\u0101 un noliek\u0161an\u0101, nodro\u0161inot prec\u012bzu da\u017e\u0101du kravu apstr\u0101di. Tas sast\u0101v no cilindra korpusa, virzu\u013ca un stie\u0146a, kas visi ir izstr\u0101d\u0101ti, lai iztur\u0113tu augstu spiedienu un nodro\u0161in\u0101tu vienm\u0113r\u012bgu darb\u012bbu. Noliek\u0161anas funkcija pal\u012bdz uztur\u0113t stabilit\u0101ti pacel\u0161anas laik\u0101, nodro\u0161inot dro\u0161\u012bbu un efektivit\u0101ti noliktavas darb\u012bb\u0101s. Ar uzticamu noliek\u0161anas cilindru iekr\u0101v\u0113ju operatori var efekt\u012bv\u0101k manevr\u0113t ar krav\u0101m, iev\u0113rojami samazinot negad\u012bjumu risku un uzlabojot produktivit\u0101ti materi\u0101lu apstr\u0101d\u0113.<\/p>\n<h2>Produkta specifik\u0101cijas<\/h2>\n<h3>Cilindra diametrs<\/h3>\n<p>Cilindra diametrs ir 70 mm, kas veicina cilindra kop\u0113jo iztur\u012bbu un sp\u0113ju iztur\u0113t iev\u0113rojamas slodzes.<\/p>\n<h3>Stie\u0146a diametrs<\/h3>\n<p>32 mm stie\u0146a diametrs nodro\u0161ina iztur\u012bbu un notur\u012bbu pret saliek\u0161anos un deform\u0101ciju lielas slodzes gad\u012bjum\u0101.<\/p>\n<h3>Ce\u013cojuma att\u0101lums<\/h3>\n<p>Ar 167 mm g\u0101jienu \u0161is cilindrs nodro\u0161ina pietiekamu kust\u012bbu efekt\u012bvai sl\u012bpuma regul\u0113\u0161anai.<\/p>\n<h3>Uzst\u0101d\u012b\u0161anas att\u0101lums<\/h3>\n<p>455 mm uzst\u0101d\u012b\u0161anas att\u0101lums nodro\u0161ina sader\u012bbu ar da\u017e\u0101diem iekr\u0101v\u0113ju mode\u013ciem, t\u0101d\u0113j\u0101di atvieglojot integr\u0101ciju eso\u0161aj\u0101s sist\u0113m\u0101s.<\/p>\n<h2>Produkta funkcijas<\/h2>\n<ul>\n<li>Augsta iztur\u012bba, pateicoties ra\u017eo\u0161an\u0101 izmantotajiem iztur\u012bgajiem materi\u0101liem.<\/li>\n<li>Izcila veiktsp\u0113ja intens\u012bvas slodzes apst\u0101k\u013cos.<\/li>\n<li>Piel\u0101gojamas opcijas ir pieejamas, lai atbilstu \u012bpa\u0161\u0101m pras\u012bb\u0101m.<\/li>\n<li>Vienk\u0101r\u0161a uzst\u0101d\u012b\u0161ana un apkope, nodro\u0161inot minim\u0101lu d\u012bkst\u0101ves laiku.<\/li>\n<li>Izstr\u0101d\u0101ts optim\u0101lai dro\u0161\u012bbai un efektivit\u0101tei ekspluat\u0101cijas laik\u0101.<\/li>\n<\/ul>\n<h2>Lietojumprogrammu scen\u0101riji<\/h2>\n<h3>Noliktavas darb\u012bbas<\/h3>\n<p>Noliktavu vid\u0113 iekr\u0101v\u0113ja nolieces cilindrs atvieglo pre\u010du efekt\u012bvu iekrau\u0161anu un izkrau\u0161anu. Piel\u0101gojot dak\u0161u le\u0146\u0137i, operatori var dro\u0161i sakraut preces da\u017e\u0101dos augstumos, uzlabojot telpas izmanto\u0161anu. \u0160\u012b funkcionalit\u0101te samazina produktu boj\u0101jumu risku un uzlabo kop\u0113jo darbpl\u016bsmas efektivit\u0101ti.<\/p>\n<h3>B\u016bvlaukumi<\/h3>\n<p>B\u016bvlaukumos \u0161is hidrauliskais cilindrs ir b\u016btisks smagu materi\u0101lu, piem\u0113ram, t\u0113rauda siju un betona bloku, cel\u0161anai. Dak\u0161u noliek\u0161anas iesp\u0113ja \u013cauj operatoriem prec\u012bzi novietot kravas, kas ir \u013coti svar\u012bgi, str\u0101d\u0101jot uz nel\u012bdzen\u0101m virsm\u0101m vai \u0161aur\u0101s telp\u0101s, nodro\u0161inot dro\u0161\u012bbu un precizit\u0101ti materi\u0101lu apstr\u0101d\u0113.<\/p>\n<h3>Transports un lo\u0123istika<\/h3>\n<p>Transporta un lo\u0123istikas nozar\u0113 sl\u012bpuma cilindrs pal\u012bdz efekt\u012bvi iekraut kravas automa\u0161\u012bnas un konteinerus. \u013baujot regul\u0113t dak\u0161u le\u0146\u0137us, tas nodro\u0161ina, ka kravas transport\u0113\u0161anas laik\u0101 ir l\u012bdzsvarotas un dro\u0161as, samazinot negad\u012bjumu iesp\u0113jam\u012bbu p\u0101rvad\u0101\u0161anas laik\u0101.<\/p>\n<h2>Dizaina apsv\u0113rumi un atlases krit\u0113riji<\/h2>\n<h3>Kravnes\u012bba<\/h3>\n<p>Projekt\u0113jot iekr\u0101v\u0113ja sasv\u0113r\u0161anas cilindru, kravnes\u012bba ir \u0101rk\u0101rt\u012bgi svar\u012bga. Tam j\u0101sp\u0113j iztur\u0113t maksim\u0101lo pace\u013camo kravu svaru. In\u017eenieriem j\u0101apr\u0113\u0137ina paredzamie sp\u0113ki un dro\u0161\u012bbas rezervju faktori, lai nodro\u0161in\u0101tu cilindra darb\u012bbu da\u017e\u0101dos apst\u0101k\u013cos. Iztur\u012bga konstrukcija nov\u0113r\u0161 boj\u0101jumus, kas var\u0113tu izrais\u012bt negad\u012bjumus vai materi\u0101lu boj\u0101jumus.<\/p>\n<h3>Bl\u012bv\u0113\u0161anas meh\u0101nisms<\/h3>\n<p>Bl\u012bv\u0113jums ir \u013coti svar\u012bgs, lai nov\u0113rstu hidraulisk\u0101 \u0161\u0137idruma nopl\u016bdi un uztur\u0113tu spiedienu sist\u0113m\u0101. Konstrukcij\u0101 ir iek\u013cauti prec\u012bzi konstru\u0113ti bl\u012bv\u0113jumi, kas nodro\u0161ina herm\u0113tisku vidi, uzlabojot cilindra efektivit\u0101ti un ilgm\u016b\u017e\u012bbu. Bl\u012bv\u0113jumiem ir j\u0101iztur da\u017e\u0101das temperat\u016bras un spiedieni, vienlaikus nodro\u0161inot uzticamu darb\u012bbu laika gait\u0101.<\/p>\n<h3>Iztur\u012bba<\/h3>\n<p>Iztur\u012bba ir galvenais apsv\u0113rums hidraulisko cilindru projekt\u0113\u0161an\u0101. Izmantotajiem materi\u0101liem j\u0101b\u016bt iztur\u012bgiem pret nodilumu nep\u0101rtrauktas lieto\u0161anas laik\u0101 sare\u017e\u0123\u012btos apst\u0101k\u013cos. Lai aizsarg\u0101tu pret koroziju un nodilumu, tiek izmantoti augstas kvalit\u0101tes met\u0101li un p\u0101rkl\u0101jumi, t\u0101d\u0113j\u0101di pagarinot cilindra kalpo\u0161anas laiku.<\/p>\n<h3>Dro\u0161\u012bbas funkcijas<\/h3>\n<p>Dro\u0161\u012bbas funkcijas ir neat\u0146emama autoiekr\u0101v\u0113ja noliek\u0161anas cilindra konstrukcijas sast\u0101vda\u013ca. T\u0101s var ietvert spiediena samazin\u0101\u0161anas v\u0101rstus un dro\u0161\u012bbas sl\u0113dzenes, kas nov\u0113r\u0161 nejau\u0161u noliek\u0161anas regul\u0113\u0161anu, kam\u0113r krava tiek pacelta. \u0160\u0101di meh\u0101nismi aizsarg\u0101 operatorus un blakus eso\u0161os, nodro\u0161inot dro\u0161u darb\u012bbu lieto\u0161anas laik\u0101.<\/p>\n<h3>Apkopes pieejam\u012bba<\/h3>\n<p>Projekt\u0113t\u0101ji \u0146em v\u0113r\u0101 ar\u012b apkopes pieejam\u012bbu, lai nodro\u0161in\u0101tu, ka regul\u0101ras p\u0101rbaudes un remontu var veikt \u0101tri un efekt\u012bvi. Tas ietver \u0113rtu piek\u013cuvi bl\u012bv\u0113m un sm\u0113rviel\u0101m, kas \u013cauj veikt savlaic\u012bgu apkopi, t\u0101d\u0113j\u0101di samazinot iek\u0101rtu d\u012bkst\u0101vi un pagarinot cilindra kalpo\u0161anas laiku.<\/p>\n<h2>Bl\u012bv\u0113\u0161ana un e\u013c\u013co\u0161ana<\/h2>\n<p>Iekr\u0101v\u0113ja nolieces cilindra efektivit\u0101ti liel\u0101 m\u0113r\u0101 ietekm\u0113 t\u0101 bl\u012bv\u0113\u0161anas un e\u013c\u013co\u0161anas sist\u0113mas. Hidraulisk\u0101s integrit\u0101tes uztur\u0113\u0161anai tiek izmantoti da\u017e\u0101di bl\u012bv\u0113\u0161anas komponenti, piem\u0113ram, virzu\u013ca bl\u012bv\u0113jumi un stie\u0146a bl\u012bv\u0113jumi. \u0160ie bl\u012bv\u0113jumi bie\u017ei tiek izgatavoti no iztur\u012bgiem materi\u0101liem, piem\u0113ram, poliuret\u0101na un nitrila gumijas, kas ir iztur\u012bgi pret nodilumu un nodro\u0161ina uzticamu darb\u012bbu. Cilindra korpuss un v\u012bt\u0146otie gali tiek prec\u012bzi apstr\u0101d\u0101ti, lai uzlabotu nodilumiztur\u012bbu, nodro\u0161inot, ka virsmas var iztur\u0113t ekspluat\u0101cijas slodzi.<\/p>\n<p>Regul\u0101ra e\u013c\u013co\u0161ana ir \u013coti svar\u012bga optim\u0101las darb\u012bbas uztur\u0113\u0161anai. Operatoriem j\u0101nodro\u0161ina, lai cilindram periodiski tiktu pievienots pietiekams hidraulisk\u0101s e\u013c\u013cas daudzums, lai nov\u0113rstu kust\u012bgo da\u013cu berzi un nodilumu. E\u013c\u013co\u0161anas process ne tikai aizsarg\u0101 bl\u012bves, bet ar\u012b veicina vienm\u0113r\u012bgu darb\u012bbu, samazinot sist\u0113mas atteices risku.<\/p>\n<h2>Prevent\u012bvie apkopes pas\u0101kumi<\/h2>\n<ul>\n<li><strong>Regul\u0101ras p\u0101rbaudes:<\/strong> Regul\u0101ras sl\u012bpuma cilindra p\u0101rbaudes ir b\u016btiskas, lai identific\u0113tu jebk\u0101das nodiluma vai boj\u0101jumu paz\u012bmes. Tas ietver nopl\u016b\u017eu p\u0101rbaudi, bl\u012bv\u0113jumu p\u0101rbaudi un cilindra korpusa integrit\u0101tes nodro\u0161in\u0101\u0161anu. Probl\u0113mu agr\u012bna atkl\u0101\u0161ana var nov\u0113rst d\u0101rgus remontdarbus un d\u012bkst\u0101ves.<\/li>\n<li><strong>E\u013c\u013co\u0161ana:<\/strong> Hidraulisk\u0101s sist\u0113mas pareiza e\u013c\u013co\u0161ana ir \u013coti svar\u012bga t\u0101s veiktsp\u0113jai. Operatoriem j\u0101iev\u0113ro ra\u017eot\u0101ja ieteikumi par e\u013c\u013co\u0161anas interv\u0101liem un j\u0101nodro\u0161ina, ka tiek izmantota tikai augstas kvalit\u0101tes hidraulisk\u0101 e\u013c\u013ca, lai nov\u0113rstu bl\u012bv\u0113jumu un deta\u013cu nodilumu.<\/li>\n<li><strong>Bl\u012bv\u0113juma nomai\u0146a:<\/strong> Laika gait\u0101 bl\u012bves var nolietoties un, lai saglab\u0101tu sist\u0113mas efektivit\u0101ti, t\u0101s var b\u016bt j\u0101nomaina. Operatoriem ir j\u0101izveido bl\u012bvju p\u0101rbau\u017eu un nomai\u0146as grafiks k\u0101 da\u013ca no ikdienas apkopes, lai izvair\u012btos no negaid\u012btiem boj\u0101jumiem.<\/li>\n<\/ul>\n<h2>Uzst\u0101d\u012b\u0161anas vadl\u012bnijas<\/h2>\n<p>Pareiza iekr\u0101v\u0113ja sasv\u0113r\u0161anas cilindra uzst\u0101d\u012b\u0161ana ir \u013coti svar\u012bga dro\u0161ai un efekt\u012bvai darb\u012bbai. Vispirms p\u0101rliecinieties, vai uzst\u0101d\u012b\u0161anas vieta ir t\u012bra un bez gru\u017eiem. Novietojiet cilindru atbilsto\u0161i nor\u0101d\u012btajiem stiprin\u0101juma punktiem uz iekr\u0101v\u0113ja, izmantojot atbilsto\u0161us stiprin\u0101juma kron\u0161teinus, lai to stingri nostiprin\u0101tu. Ir \u013coti svar\u012bgi nodro\u0161in\u0101t, lai cilindra stienis b\u016btu pareizi izl\u012bdzin\u0101ts ar iekr\u0101v\u0113ja hidraulisko sist\u0113mu, lai izvair\u012btos no p\u0101rm\u0113r\u012bga sprieguma darb\u012bbas laik\u0101.<\/p>\n<p>Kad sist\u0113ma ir pareizi novietota, dro\u0161i pievelciet visas skr\u016bves un savienojumus, lai nov\u0113rstu to atsl\u0101b\u0161anu lieto\u0161anas laik\u0101. P\u0113c uzst\u0101d\u012b\u0161anas veiciet r\u016bp\u012bgu hidraulisko savienojumu p\u0101rbaudi un p\u0101rbaudiet, vai nav nopl\u016b\u017eu paz\u012bmju. Visbeidzot, pirms piln\u012bgas darb\u012bbas uzs\u0101k\u0161anas p\u0101rbaudiet sist\u0113mu zem\u0101 spiedien\u0101, lai p\u0101rliecin\u0101tos, ka viss darbojas, k\u0101 paredz\u0113ts.<\/p>\n<h2>Bie\u017ei sastopamie apkopes uzdevumi<\/h2>\n<h3>Regul\u0101ras p\u0101rbaudes<\/h3>\n<p>Regul\u0101ras p\u0101rbaudes ir \u013coti svar\u012bgas, lai identific\u0113tu potenci\u0101l\u0101s probl\u0113mas ar iekr\u0101v\u0113ja noliek\u0161anas cilindru, pirms t\u0101s saasin\u0101s. Operatoriem j\u0101pl\u0101no regul\u0101ras p\u0101rbaudes, lai nov\u0113rt\u0113tu bl\u012bv\u0113jumu, hidraulisko savienojumu st\u0101vokli un cilindra visp\u0101r\u0113jo integrit\u0101ti. P\u0101rbau\u017eu laik\u0101 mekl\u0113jiet visas \u0161\u0137idruma nopl\u016bdes vai nodiluma paz\u012bmes uz cilindra virsmas. Savlaic\u012bga nelielu probl\u0113mu nov\u0113r\u0161ana var nov\u0113rst nopietnus boj\u0101jumus un uzlabot ekspluat\u0101cijas dro\u0161\u012bbu.<\/p>\n<h3>Pareiza e\u013c\u013co\u0161ana<\/h3>\n<p>Pareiza hidraulisk\u0101s sist\u0113mas e\u013c\u013co\u0161ana ir b\u016btiska cilindra netrauc\u0113tai darb\u012bbai un ilgm\u016b\u017e\u012bbai. Operatoriem j\u0101iev\u0113ro ra\u017eot\u0101ja nor\u0101d\u012bjumi par e\u013c\u013co\u0161anas interv\u0101liem un j\u0101nodro\u0161ina pareiz\u0101 veida hidraulisk\u0101s e\u013c\u013cas izmanto\u0161ana. Nepietiekama e\u013c\u013co\u0161ana var izrais\u012bt palielin\u0101tu berzi, priek\u0161laic\u012bgu nodilumu un iesp\u0113jamu hidraulisk\u0101s sist\u0113mas boj\u0101jumu. Regul\u0101ri p\u0101rbaudiet e\u013c\u013cas l\u012bmeni un, ja nepiecie\u0161ams, papildiniet to, lai uztur\u0113tu optim\u0101lu veiktsp\u0113ju.<\/p>\n<h3>Bl\u012bvju nomai\u0146as un kalibr\u0113\u0161anas p\u0101rbaudes<\/h3>\n<p>Bl\u012bvju nomai\u0146a ir kritiski svar\u012bgs apkopes uzdevums, kas nodro\u0161ina hidraulisk\u0101s sist\u0113mas herm\u0113tiskumu. Operatoriem regul\u0101ri j\u0101p\u0101rbauda bl\u012bves, vai nav nodiluma paz\u012bmju, un j\u0101nomaina t\u0101s p\u0113c nepiecie\u0161am\u012bbas, lai nov\u0113rstu \u0161\u0137idruma zudumus. Turkl\u0101t j\u0101veic kalibr\u0113\u0161anas p\u0101rbaudes, lai p\u0101rliecin\u0101tos, ka cilindrs darbojas noteiktos parametros, kas ir \u013coti svar\u012bgi uzticamai darb\u012bbai. Tas var ietvert spiediena iestat\u012bjumu regul\u0113\u0161anu un p\u0101rliecin\u0101\u0161anos, ka sl\u012bpuma funkcija darbojas vienm\u0113r\u012bgi bez jebk\u0101diem \u0161\u0137\u0113r\u0161\u013ciem.<\/p>\n<h2>Dro\u0161\u012bbas apsv\u0113rumi un vides faktori<\/h2>\n<p>Izmantojot iekr\u0101v\u0113ja noliek\u0161anas cilindru, \u0101rk\u0101rt\u012bgi svar\u012bgi ir iev\u0113rot dro\u0161\u012bbas pas\u0101kumus. Operatoriem j\u0101b\u016bt apm\u0101c\u012btiem dro\u0161i r\u012bkoties ar hidraulisko apr\u012bkojumu, nodro\u0161inot, ka vi\u0146i izprot iesp\u0113jamos apdraud\u0113jumus, kas saist\u012bti ar hidrauliskaj\u0101m sist\u0113m\u0101m. Lai samazin\u0101tu risku darb\u012bbas laik\u0101, ir svar\u012bgi pareizi lietot individu\u0101los aizsardz\u012bbas l\u012bdzek\u013cus (IAL), tostarp cimdus un acu aizsargus. Turkl\u0101t t\u012bras darba vides uztur\u0113\u0161ana pal\u012bdz nov\u0113rst negad\u012bjumus un nodro\u0161ina, ka visi darbinieki ir inform\u0113ti par apk\u0101rt\u0113jo vidi. Svar\u012bgi ir ar\u012b vides apsv\u0113rumi; hidraulisko \u0161\u0137idrumu un komponentu utiliz\u0101cija j\u0101veic saska\u0146\u0101 ar viet\u0113jiem noteikumiem, lai samazin\u0101tu ietekmi uz vidi.<\/p>\n<h2>Probl\u0113mu nov\u0113r\u0161ana un bie\u017ei sastopamas probl\u0113mas<\/h2>\n<ul>\n<li><strong>Hidraulisk\u0101s nopl\u016bdes:<\/strong> Viena no visbie\u017e\u0101k sastopamaj\u0101m hidraulisko cilindru probl\u0113m\u0101m ir \u0161\u0137idruma nopl\u016bde. T\u0101 var rasties nolietotu bl\u012bv\u0113jumu vai boj\u0101tu deta\u013cu d\u0113\u013c. Operatoriem regul\u0101ri j\u0101p\u0101rbauda bl\u012bv\u0113jumi un j\u0101nomaina tie pie pirmaj\u0101m nodiluma paz\u012bm\u0113m, lai nov\u0113rstu \u0161\u0137idruma zudumu.<\/li>\n<li><strong>Nepietiekama celtsp\u0113ja:<\/strong> Ja cilindrs nesp\u0113j efekt\u012bvi pacelt slodzes, tas var liecin\u0101t par zemu hidraulisk\u0101 \u0161\u0137idruma l\u012bmeni vai iek\u0161\u0113jiem boj\u0101jumiem. \u0160\u0137idruma l\u012bme\u0146a p\u0101rbaude un cilindra apskate, vai nav nodiluma paz\u012bmju, var pal\u012bdz\u0113t diagnostic\u0113t probl\u0113mu.<\/li>\n<li><strong>Negaid\u012bta sl\u012bpums:<\/strong> Ja sasv\u0113r\u0161anas funkcija darbojas neregul\u0101ri, tas var\u0113tu b\u016bt saist\u012bts ar hidrauliskaj\u0101 sist\u0113m\u0101 iesprostotu gaisu vai nepareizi funkcion\u0113jo\u0161u vad\u012bbas v\u0101rstu. Bie\u017ei vien \u0161o probl\u0113mu var atrisin\u0101t, izlai\u017eot gaisu no sist\u0113mas un p\u0101rbaudot vad\u012bbas meh\u0101nismus.<\/li>\n<\/ul>\n<h2>Probl\u0113mu nov\u0113r\u0161anas padomi<\/h2>\n<p>Lai efekt\u012bvi diagnostic\u0113tu probl\u0113mas ar iekr\u0101v\u0113ja sasv\u0113r\u0161anas cilindru, operatoriem j\u0101iev\u0113ro sistem\u0101tiska pieeja. S\u0101ciet ar hidraulisk\u0101 \u0161\u0137idruma l\u012bme\u0146a p\u0101rbaudi un nopl\u016b\u017eu p\u0101rbaudi. Ja \u0161\u0137idruma l\u012bmenis ir zems, papildiniet ieteicamo hidraulisko e\u013c\u013cu un uzraugiet, vai nopl\u016bdes atk\u0101rtojas. Probl\u0113mu gad\u012bjum\u0101, kas saist\u012btas ar nepietiekamu celtsp\u0113ju, p\u0101rbaudiet cilindru, vai taj\u0101 nav aizsprostojumu vai boj\u0101jumu, un p\u0101rliecinieties, vai hidraulisk\u0101 sist\u0113ma darbojas pareizi.<\/p>\n<p>Negaid\u012btas sasv\u0113r\u0161an\u0101s gad\u012bjum\u0101 r\u016bp\u012bgi p\u0101rbaudiet hidraulisk\u0101s l\u012bnijas un v\u0101rstus, lai p\u0101rliecin\u0101tos, ka tie nav aizsprostoti un darbojas, k\u0101 paredz\u0113ts. Ja probl\u0113mas joproj\u0101m past\u0101v, konsult\u0113\u0161an\u0101s ar kvalific\u0113tu tehni\u0137i var sniegt papildu ieskatu un risin\u0101\u0161anas metodes.<\/p>\n<p><img decoding=\"async\" src=\"https:\/\/www.hydraulic-cylinders.net\/wp-content\/uploads\/2025\/05\/hydraulic-cylinder-all-2.webp\" alt=\"Hidraulisk\u0101 cilindra att\u0113ls\" \/><\/p>\n<h2>Par m\u016bsu uz\u0146\u0113mumu<\/h2>\n<p>M\u0113s esam vado\u0161ais hidraulisko cilindru ra\u017eot\u0101js, kas pied\u0101v\u0101 pla\u0161u produktu kl\u0101stu, lai apmierin\u0101tu gan viet\u0113j\u0101, gan starptautisk\u0101 tirgus piepras\u012bjumu. Ar ap\u0146em\u0161anos nodro\u0161in\u0101t kvalit\u0101ti un inov\u0101cijas m\u0113s esam k\u013cuvu\u0161i par uzticamu pieg\u0101d\u0101t\u0101ju hidraulikas nozar\u0113. M\u016bsu pieredze aptver da\u017e\u0101das nozares, \u013caujot mums pied\u0101v\u0101t piel\u0101gotus risin\u0101jumus, kas atbilst konkr\u0113t\u0101m klientu vajadz\u012bb\u0101m.<\/p>\n<p>M\u016bsu ra\u017eo\u0161anas iesp\u0113jas papildina modernas ra\u017eo\u0161anas iek\u0101rtas, kas nodro\u0161ina, ka visi produkti atbilst stingriem kvalit\u0101tes standartiem. M\u0113s iev\u0113rojam starptautiskos sertifik\u0101tus, garant\u0113jot m\u016bsu hidraulisko cilindru uzticam\u012bbu un dro\u0161\u012bbu. Turkl\u0101t m\u0113s pied\u0101v\u0101jam piel\u0101gotus pakalpojumus, lai piel\u0101gotos unik\u0101l\u0101m specifik\u0101cij\u0101m, nodro\u0161inot, ka m\u016bsu klienti sa\u0146em produktus, kas lieliski atbilst vi\u0146u vajadz\u012bb\u0101m.<\/p>\n<p><img decoding=\"async\" src=\"https:\/\/www.hydraulic-cylinders.net\/wp-content\/uploads\/2025\/05\/xinxin-hydraulic-cylinder-factory-1.webp\" alt=\"Uz\u0146\u0113muma r\u016bpn\u012bcas att\u0113ls\" \/><\/p>\n<p>M\u016bsu \u012bpa\u0161i atlas\u012bt\u0101 p\u0113cp\u0101rdo\u0161anas apkalpo\u0161anas komanda ir gatava pal\u012bdz\u0113t klientiem ar jebk\u0101diem jaut\u0101jumiem vai atbalsta vajadz\u012bb\u0101m, nodro\u0161inot nevainojamu pieredzi no ieg\u0101des br\u012b\u017ea l\u012bdz pat lieto\u0161anai. Sadarbojieties ar mums savu hidraulisko cilindru vajadz\u012bbu apmierin\u0101\u0161anai un izbaudiet at\u0161\u0137ir\u012bbu kvalit\u0101t\u0113 un apkalpo\u0161an\u0101.<\/p>\n<p>Autors: lil<\/p>","protected":false},"excerpt":{"rendered":"<p>Forklift Truck Tilt Cylinder Product Introduction The Forklift Truck Tilt Cylinder is a vital component in the hydraulic system of a forklift, enabling the adjustment of the mast??s angle for optimal load handling. This hydraulic cylinder plays a crucial role in lifting, lowering, and tilting the front forks, allowing for precision in handling various loads. [&hellip;]<\/p>","protected":false},"featured_media":20609,"comment_status":"open","ping_status":"closed","template":"","meta":{"_et_pb_use_builder":"","_et_pb_old_content":"","_et_gb_content_width":""},"product_brand":[],"product_cat":[1483,1556],"product_tag":[],"class_list":{"0":"post-20701","1":"product","2":"type-product","3":"status-publish","4":"has-post-thumbnail","6":"product_cat-construction-machinery-hydraulic-cylinders","7":"product_cat-forklift-hydraulic-cylinders-2","9":"first","10":"instock","11":"shipping-taxable","12":"product-type-simple"},"amp_enabled":true,"_links":{"self":[{"href":"https:\/\/www.hydraulic-cylinders.net\/lv\/wp-json\/wp\/v2\/product\/20701","targetHints":{"allow":["GET"]}}],"collection":[{"href":"https:\/\/www.hydraulic-cylinders.net\/lv\/wp-json\/wp\/v2\/product"}],"about":[{"href":"https:\/\/www.hydraulic-cylinders.net\/lv\/wp-json\/wp\/v2\/types\/product"}],"replies":[{"embeddable":true,"href":"https:\/\/www.hydraulic-cylinders.net\/lv\/wp-json\/wp\/v2\/comments?post=20701"}],"wp:featuredmedia":[{"embeddable":true,"href":"https:\/\/www.hydraulic-cylinders.net\/lv\/wp-json\/wp\/v2\/media\/20609"}],"wp:attachment":[{"href":"https:\/\/www.hydraulic-cylinders.net\/lv\/wp-json\/wp\/v2\/media?parent=20701"}],"wp:term":[{"taxonomy":"product_brand","embeddable":true,"href":"https:\/\/www.hydraulic-cylinders.net\/lv\/wp-json\/wp\/v2\/product_brand?post=20701"},{"taxonomy":"product_cat","embeddable":true,"href":"https:\/\/www.hydraulic-cylinders.net\/lv\/wp-json\/wp\/v2\/product_cat?post=20701"},{"taxonomy":"product_tag","embeddable":true,"href":"https:\/\/www.hydraulic-cylinders.net\/lv\/wp-json\/wp\/v2\/product_tag?post=20701"}],"curies":[{"name":"wp","href":"https:\/\/api.w.org\/{rel}","templated":true}]}}