{"id":20702,"date":"2025-05-27T06:21:27","date_gmt":"2025-05-27T06:21:27","guid":{"rendered":"https:\/\/www.hydraulic-cylinders.net\/product\/forklift-truck-steering-cylinder\/"},"modified":"2025-05-27T06:21:36","modified_gmt":"2025-05-27T06:21:36","slug":"forklift-truck-steering-cylinder","status":"publish","type":"product","link":"https:\/\/www.hydraulic-cylinders.net\/lv\/products\/forklift-truck-steering-cylinder\/","title":{"rendered":"Iekr\u0101v\u0113ja st\u016bres cilindrs"},"content":{"rendered":"<h1>Iekr\u0101v\u0113ja st\u016bres cilindrs<\/h1>\n<h2>Produkta p\u0101rskats<\/h2>\n<p>Autoiekr\u0101v\u0113ja st\u016bres cilindrs ir b\u016btiska autoiekr\u0101v\u0113ju hidraulisk\u0101s st\u016bres sist\u0113mas sast\u0101vda\u013ca. T\u0101 galven\u0101 funkcija ir p\u0101rveidot hidraulisko ener\u0123iju meh\u0101nisk\u0101 sp\u0113k\u0101, nodro\u0161inot prec\u012bzu st\u016br\u0113\u0161anas vad\u012bbu. \u0160is hidrauliskais cilindrs darbojas augsta spiediena apst\u0101k\u013cos, nodro\u0161inot autoiekr\u0101v\u0113ja netrauc\u0113tu manevr\u0113tsp\u0113ju, \u012bpa\u0161i \u0161aur\u0101s telp\u0101s vai smagu kravu cel\u0161anas laik\u0101. Autoiekr\u0101v\u0113ja efektivit\u0101te liel\u0101 m\u0113r\u0101 ir atkar\u012bga no st\u016bres cilindra veiktsp\u0113jas, nodro\u0161inot dro\u0161\u012bbu un darb\u012bbas efektivit\u0101ti. \u012apa\u0161u uzman\u012bbu piev\u0113r\u0161ot veiktsp\u0113jai, iztur\u012bbai un uzticam\u012bbai, \u0161is produkts ir izstr\u0101d\u0101ts, lai atbilstu da\u017e\u0101du r\u016bpniecisko pielietojumu stingraj\u0101m pras\u012bb\u0101m.<\/p>\n<h2>Produkta specifik\u0101cijas<\/h2>\n<h3>Galvenie parametri<\/h3>\n<ul>\n<li><strong>Cilindra diametrs:<\/strong> 70 mm<\/li>\n<li><strong>Stie\u0146a diametrs:<\/strong> 40 mm<\/li>\n<li><strong>Ce\u013cojums:<\/strong> 178 mm<\/li>\n<li><strong>Uzst\u0101d\u012b\u0161anas att\u0101lums:<\/strong> 766 mm<\/li>\n<\/ul>\n<p>\u0160\u012bs specifik\u0101cijas izce\u013c cilindra izm\u0113rus un iesp\u0113jas, kas ir b\u016btiski, lai nodro\u0161in\u0101tu sader\u012bbu ar da\u017e\u0101diem iekr\u0101v\u0113ju mode\u013ciem. Cilindra diametrs ir paredz\u0113ts optim\u0101lai hidrauliskajai pl\u016bsmai, savuk\u0101rt stie\u0146a diametrs veicina iztur\u012bbu un ilgm\u016b\u017e\u012bbu, kas nepiecie\u0161ama lieljaudas lietojumiem. Kust\u012bbas att\u0101lums ir \u013coti svar\u012bgs cilindra sp\u0113jai nodro\u0161in\u0101t atbilsto\u0161u st\u016br\u0113\u0161anas reakciju, un uzst\u0101d\u012b\u0161anas att\u0101lums nodro\u0161ina pareizu atbilst\u012bbu da\u017e\u0101d\u0101m iekr\u0101v\u0113ju konfigur\u0101cij\u0101m.<\/p>\n<h2>Iekr\u0101v\u0113ja st\u016bres cilindra \u012bpa\u0161\u012bbas<\/h2>\n<ul>\n<li>Augsta iztur\u012bba un nodilumiztur\u012bba<\/li>\n<li>Prec\u012bzi izstr\u0101d\u0101ts optim\u0101lai veiktsp\u0113jai<\/li>\n<li>Nosl\u0113gta konstrukcija, lai nov\u0113rstu hidraulisk\u0101 \u0161\u0137idruma nopl\u016bdi<\/li>\n<li>Savietojams ar da\u017e\u0101diem iekr\u0101v\u0113ju mode\u013ciem<\/li>\n<li>Vienk\u0101r\u0161a uzst\u0101d\u012b\u0161ana un apkopes iesp\u0113jas<\/li>\n<\/ul>\n<p>M\u0113s specializ\u0113jamies \u0161\u012b hidraulisk\u0101 cilindra ra\u017eo\u0161an\u0101, nodro\u0161inot, ka m\u016bsu produkti var perfekti aizst\u0101t tirg\u016b eso\u0161os st\u016bres cilindrus. M\u016bsu ap\u0146em\u0161an\u0101s nodro\u0161in\u0101t kvalit\u0101ti garant\u0113, ka j\u016bs sa\u0146emat uzticamu un efekt\u012bvu komponentu saviem iekr\u0101v\u0113jiem.<\/p>\n<h2>Iekr\u0101v\u0113ja st\u016bres cilindra pielietojums<\/h2>\n<h3>R\u016bpniecisk\u0101 noliktava<\/h3>\n<p>R\u016bpnieciskaj\u0101s noliktav\u0101s iekr\u0101v\u0113ja st\u016bres cilindram ir b\u016btiska loma smagu kravu manevr\u0113\u0161an\u0101 \u0161aur\u0101s ej\u0101s. Prec\u012bza st\u016bres vad\u012bba, ko nodro\u0161ina \u0161is hidrauliskais komponents, nodro\u0161ina, ka iekr\u0101v\u0113ji var p\u0101rvietoties \u0161aur\u0101s telp\u0101s, uzlabojot darb\u012bbas efektivit\u0101ti un dro\u0161\u012bbu. Sp\u0113ja \u0101tri piel\u0101got virzienus, nezaud\u0113jot stabilit\u0101ti, ir \u013coti svar\u012bga vid\u0113, kur laiks un telpa ir \u013coti svar\u012bgi.<\/p>\n<h3>B\u016bvlaukumi<\/h3>\n<p>B\u016bvlaukumos iekr\u0101v\u0113ji, kas apr\u012bkoti ar uzticamiem st\u016bres cilindriem, ir b\u016btiski materi\u0101lu transport\u0113\u0161anai uz da\u017e\u0101d\u0101m viet\u0101m. St\u016bres cilindra iztur\u012bba \u013cauj p\u0101rvietot smagas kravas pa nel\u012bdzenu reljefu, nodro\u0161inot nepiecie\u0161amo kontroli, lai nov\u0113rstu negad\u012bjumus un gan apr\u012bkojuma, gan p\u0101rvad\u0101jamo materi\u0101lu boj\u0101jumus.<\/p>\n<h3>Mazumtirdzniec\u012bbas vides<\/h3>\n<p>Mazumtirdzniec\u012bbas vid\u0113, \u012bpa\u0161i noliktav\u0101s un izplat\u012b\u0161anas centros, iekr\u0101v\u0113jiem ir nepiecie\u0161ama efekt\u012bva st\u016br\u0113\u0161ana, lai efekt\u012bvi p\u0101rvald\u012btu kr\u0101jumus. St\u016bres cilindrs nodro\u0161ina, ka preces tiek \u0101tri p\u0101rvietotas no noliktavas zon\u0101m uz iekrau\u0161anas platform\u0101m, saglab\u0101jot vienm\u0113r\u012bgu darb\u012bbu pl\u016bsmu. \u0160\u012b efektivit\u0101te tie\u0161i ietekm\u0113 klientu apkalpo\u0161anas \u0101trumu un kr\u0101jumu p\u0101rvald\u012bbu.<\/p>\n<h2>Dizaina apsv\u0113rumi un atlases krit\u0113riji<\/h2>\n<h3>Kravnes\u012bba<\/h3>\n<p>Projekt\u0113jot iekr\u0101v\u0113ja st\u016bres cilindru, kravnes\u012bba ir \u0101rk\u0101rt\u012bgi svar\u012bga. Cilindram j\u0101b\u016bt konstru\u0113tam t\u0101, lai tas iztur\u0113tu maksim\u0101lo svaru, ar ko tas saskarsies, nodro\u0161inot t\u0101 efekt\u012bvu darb\u012bbu bez boj\u0101jumu riska. Tas prasa r\u016bp\u012bgu apr\u0113\u0137inu un materi\u0101lu izv\u0113li, kas var iztur\u0113t lielu slodzi, nedeform\u0113joties un nel\u016bstot.<\/p>\n<h3>Bl\u012bv\u0113juma integrit\u0101te<\/h3>\n<p>Bl\u012bv\u0113juma integrit\u0101te ir \u013coti svar\u012bgs hidraulisko cilindru konstrukcijas elements. Efekt\u012bvi bl\u012bv\u0113jumi nov\u0113r\u0161 hidraulisk\u0101 \u0161\u0137idruma nopl\u016bdi, kas ir vit\u0101li svar\u012bgi spiediena un veiktsp\u0113jas uztur\u0113\u0161anai. Bl\u012bv\u0113juma materi\u0101lu, piem\u0113ram, poliuret\u0101na vai nitrilgumijas, izv\u0113le ir b\u016btiska, lai iztur\u0113tu augsto spiedienu un skarbos apst\u0101k\u013cus, kas bie\u017ei rodas r\u016bpnieciskos lietojumos.<\/p>\n<h3>Iztur\u012bba<\/h3>\n<p>Iztur\u012bba ir v\u0113l viens svar\u012bgs apsv\u0113rums. St\u016bres cilindram j\u0101sp\u0113j iztur\u0113t past\u0101v\u012bgu lieto\u0161anu sare\u017e\u0123\u012btos apst\u0101k\u013cos, neradot t\u0101 degrad\u0101ciju. Tas ietver augstas kvalit\u0101tes materi\u0101lu izv\u0113li un modernu ra\u017eo\u0161anas meto\u017eu izmanto\u0161anu, lai uzlabotu nodilumiztur\u012bbu un pagarin\u0101tu cilindra ekspluat\u0101cijas laiku.<\/p>\n<h3>Dro\u0161\u012bbas funkcijas<\/h3>\n<p>Dro\u0161\u012bba ir \u0101rk\u0101rt\u012bgi svar\u012bga hidraulisko komponentu projekt\u0113\u0161an\u0101. Dro\u0161\u012bbas elementu, piem\u0113ram, spiediena samazin\u0101\u0161anas v\u0101rstu, un iztur\u012bgas konstrukcijas iek\u013cau\u0161ana pal\u012bdz mazin\u0101t ar hidrauliskaj\u0101m k\u013c\u016bm\u0113m saist\u012btos riskus. \u0160o dro\u0161\u012bbas pas\u0101kumu nodro\u0161in\u0101\u0161ana aizsarg\u0101 ne tikai apr\u012bkojumu, bet ar\u012b ar to str\u0101d\u0101jo\u0161os operatorus.<\/p>\n<h3>Apkopes pieejam\u012bba<\/h3>\n<p>Projekt\u0113jot apkopes pieejam\u012bbu, tiek nodro\u0161in\u0101ta regul\u0101ru p\u0101rbau\u017eu un apkopes efekt\u012bva veik\u0161ana. \u0160is apsv\u0113rums pal\u012bdz lietot\u0101jiem uztur\u0113t hidraulisko sist\u0113mu optim\u0101l\u0101 st\u0101vokl\u012b, samazinot d\u012bkst\u0101ves laiku un pagarinot iek\u0101rtas kalpo\u0161anas laiku.<\/p>\n<h2>Bl\u012bv\u0113\u0161ana un e\u013c\u013co\u0161ana<\/h2>\n<p>Pareiza bl\u012bv\u0113\u0161ana un e\u013c\u013co\u0161ana ir b\u016btiska iekr\u0101v\u0113ja st\u016bres cilindra ilgm\u016b\u017e\u012bbai un efektivit\u0101tei. Da\u017e\u0101di bl\u012bv\u0113\u0161anas komponenti, piem\u0113ram, virzu\u013ca bl\u012bv\u0113jumi un stie\u0146a bl\u012bv\u0113jumi, ir \u013coti svar\u012bgi hidraulisk\u0101 spiediena uztur\u0113\u0161anai, vienlaikus nov\u0113r\u0161ot nopl\u016bdes. Iztur\u012bgu materi\u0101lu, piem\u0113ram, poliuret\u0101na un nitrila gumijas, izmanto\u0161ana nodro\u0161ina, ka bl\u012bv\u0113jumi var iztur\u0113t skarbos apst\u0101k\u013cus, k\u0101dos tie darbojas.<\/p>\n<p>Cilindra korpusa virsma un v\u012bt\u0146otie gali ir r\u016bp\u012bgi j\u0101apstr\u0101d\u0101, lai uzlabotu nodilumiztur\u012bbu, t\u0101d\u0113j\u0101di veicinot bl\u012bv\u0113jumu kop\u0113jo efektivit\u0101ti. Regul\u0101ra e\u013c\u013co\u0161ana ar atbilsto\u0161u hidraulisko e\u013c\u013cu ir nepiecie\u0161ama, lai samazin\u0101tu berzi un nodilumu, nodro\u0161inot vienm\u0113r\u012bgu darb\u012bbu un pagarinot cilindra kalpo\u0161anas laiku. Operatoriem j\u0101ievie\u0161 rut\u012bna \u0161\u0137idruma l\u012bme\u0146a p\u0101rbaudei un nepiecie\u0161am\u012bbas gad\u012bjum\u0101 papildin\u0101\u0161anai, lai izvair\u012btos no e\u013c\u013co\u0161anas probl\u0113m\u0101m.<\/p>\n<h2>Prevent\u012bvie apkopes pas\u0101kumi<\/h2>\n<ul>\n<li><strong>Regul\u0101ras p\u0101rbaudes:<\/strong> Veiciet regul\u0101ras hidraulisk\u0101s sist\u0113mas p\u0101rbaudes, lai noteiktu nodiluma vai boj\u0101jumu paz\u012bmes. Tas ietver cilindra p\u0101rbaudi, vai nav nopl\u016b\u017eu, un visu bl\u012bv\u0113jumu neskart\u012bbu.<\/li>\n<li><strong>E\u013c\u013co\u0161ana:<\/strong> Nodro\u0161iniet, lai hidraulisk\u0101 e\u013c\u013ca tiktu regul\u0101ri papildin\u0101ta un e\u013c\u013co\u0161anas punkti tiktu pien\u0101c\u012bgi apkopti, lai nodro\u0161in\u0101tu nevainojamu darb\u012bbu.<\/li>\n<li><strong>Bl\u012bv\u0113juma nomai\u0146a:<\/strong> Iepl\u0101nojiet regul\u0101ru bl\u012bvju nomai\u0146u, lai nov\u0113rstu nopl\u016bdes un nodro\u0161in\u0101tu hidraulisk\u0101s sist\u0113mas efekt\u012bvu darb\u012bbu.<\/li>\n<\/ul>\n<p>\u0160o prevent\u012bvo apkopes pas\u0101kumu ievie\u0161ana ir b\u016btiska, lai nodro\u0161in\u0101tu iekr\u0101v\u0113ja st\u016bres cilindra uzticamu darb\u012bbu. Koncentr\u0113joties uz regul\u0101r\u0101m p\u0101rbaud\u0113m un savlaic\u012bg\u0101m iejauk\u0161an\u0101s darb\u012bb\u0101m, operatori var mazin\u0101t negaid\u012btu boj\u0101jumu un d\u0101rgu remontu riskus.<\/p>\n<h2>Uzst\u0101d\u012b\u0161anas vadl\u012bnijas<\/h2>\n<p>Pareiza iekr\u0101v\u0113ja st\u016bres cilindra uzst\u0101d\u012b\u0161ana ir \u013coti svar\u012bga optim\u0101lai veiktsp\u0113jai. Vispirms p\u0101rliecinieties, vai uzst\u0101d\u012b\u0161anas vieta ir t\u012bra un bez gru\u017eiem. Pareizi izl\u012bdziniet cilindru ar iekr\u0101v\u0113ja hidraulisko sist\u0113mu, nodro\u0161inot, ka visi stiprin\u0101juma punkti ir prec\u012bzi saska\u0146oti. Ir svar\u012bgi izmantot atbilsto\u0161us stiprin\u0101juma kron\u0161teinus, lai nostiprin\u0101tu cilindru viet\u0101, nodro\u0161inot stabilit\u0101ti darb\u012bbas laik\u0101. Pievelciet visas skr\u016bves atbilsto\u0161i ra\u017eot\u0101ja specifik\u0101cij\u0101m un divreiz p\u0101rbaudiet izl\u012bdzin\u0101jumu, lai nov\u0113rstu p\u0101rm\u0113r\u012bgu slodzi uz cilindru.<\/p>\n<p>P\u0113c uzst\u0101d\u012b\u0161anas uzman\u012bgi pievienojiet hidraulisk\u0101s l\u012bnijas, izvairoties no asiem l\u012bkumiem, kas var\u0113tu trauc\u0113t \u0161\u0137idruma pl\u016bsmu. P\u0113c savienojumu nostiprin\u0101\u0161anas piepildiet hidraulisko sist\u0113mu ar ieteicamo e\u013c\u013cu un izlaidiet gaisu no sist\u0113mas, lai nodro\u0161in\u0101tu vienm\u0113r\u012bgu darb\u012bbu. Visbeidzot, veiciet testa braucienu, lai p\u0101rliecin\u0101tos, ka cilindrs darbojas pareizi un bez vilcin\u0101\u0161an\u0101s rea\u0123\u0113 uz st\u016br\u0113\u0161anas ievadi. Regul\u0101ri uzraugiet uzst\u0101d\u012bjumu, vai nav nopl\u016b\u017eu vai nepareizas izl\u012bdzin\u0101\u0161anas paz\u012bmju, lai nodro\u0161in\u0101tu nep\u0101rtrauktu darb\u012bbu.<\/p>\n<h2>Bie\u017ei sastopamie apkopes uzdevumi<\/h2>\n<h3>Regul\u0101ras p\u0101rbaudes<\/h3>\n<p>Regul\u0101ras p\u0101rbaudes ir \u013coti svar\u012bgas, lai identific\u0113tu potenci\u0101l\u0101s probl\u0113mas, pirms t\u0101s saasin\u0101s. Operatoriem vizu\u0101li j\u0101p\u0101rbauda, \u200b\u200bvai st\u016bres cilindram un apk\u0101rt\u0113j\u0101m deta\u013c\u0101m nav nodiluma, nopl\u016b\u017eu vai boj\u0101jumu paz\u012bmju. \u0160\u012b proakt\u012bv\u0101 pieeja \u013cauj savlaic\u012bgi iejaukties, nov\u0113r\u0161ot negaid\u012btas d\u012bkst\u0101ves un d\u0101rgus remontdarbus.<\/p>\n<h3>Pareiza e\u013c\u013co\u0161ana<\/h3>\n<p>Pareiza e\u013c\u013co\u0161anas l\u012bme\u0146a uztur\u0113\u0161ana ir b\u016btiska hidraulisk\u0101s sist\u0113mas nevainojamai darb\u012bbai. Regul\u0101ri p\u0101rbaudiet hidraulisk\u0101 \u0161\u0137idruma l\u012bmeni un p\u0101rliecinieties, ka tas ir svaigs un t\u012brs. Pies\u0101r\u0146ots vai zems \u0161\u0137idruma l\u012bmenis var izrais\u012bt palielin\u0101tu nodilumu un darb\u012bbas neefektivit\u0101ti.<\/p>\n<h3>Bl\u012bv\u0113juma nomai\u0146a<\/h3>\n<p>Laika gait\u0101 bl\u012bves var nolietoties past\u0101v\u012bgas hidraulisk\u0101 \u0161\u0137idruma un spiediena sv\u0101rst\u012bbu iedarb\u012bbas d\u0113\u013c. Regul\u0101ra bl\u012bvju nomai\u0146a var nov\u0113rst nopl\u016bdes un uztur\u0113t hidraulisk\u0101s sist\u0113mas efektivit\u0101ti. Izveidojiet bl\u012bvju p\u0101rbaudes un nomai\u0146as rut\u012bnu, pamatojoties uz lieto\u0161anas un vides apst\u0101k\u013ciem.<\/p>\n<h2>Dro\u0161\u012bbas apsv\u0113rumi un vides faktori<\/h2>\n<p>Str\u0101d\u0101jot ar hidrauliskaj\u0101m sist\u0113m\u0101m, dro\u0161\u012bbas pas\u0101kumi ir \u0101rk\u0101rt\u012bgi svar\u012bgi. Operatoriem j\u0101b\u016bt apm\u0101c\u012btiem dro\u0161\u0101 hidraulisko \u0161\u0137idrumu lieto\u0161an\u0101 un j\u0101apzin\u0101s iesp\u0113jamie riski, kas saist\u012bti ar hidrauliskaj\u0101m k\u013c\u016bm\u0113m. Dro\u0161\u012bbas protokolu ievie\u0161ana, piem\u0113ram, aizsargl\u012bdzek\u013cu valk\u0101\u0161ana un atbilsto\u0161as \u200b\u200bventil\u0101cijas nodro\u0161in\u0101\u0161ana darba zon\u0101s, ir b\u016btiska person\u0101la aizsardz\u012bbai.<\/p>\n<p>Ar\u012b vides apsv\u0113rumi ietekm\u0113 hidraulisko sist\u0113mu p\u0101rvald\u012bbu. Pareiza hidraulisko \u0161\u0137idrumu un apkopes atkritumu utiliz\u0101cija ir \u013coti svar\u012bga, lai nov\u0113rstu vides pies\u0101r\u0146ojumu. Iev\u0113rojot viet\u0113jos noteikumus par b\u012bstamiem materi\u0101liem, tiek nodro\u0161in\u0101ta atbilst\u012bba pras\u012bb\u0101m un aizsarg\u0101ta apk\u0101rt\u0113j\u0101 ekosist\u0113ma.<\/p>\n<h2>K\u013c\u016bmju diagnostika un bie\u017e\u0101k sastopam\u0101s probl\u0113mas<\/h2>\n<h3>Nopl\u016bde<\/h3>\n<p>Viena no visbie\u017e\u0101k sastopamaj\u0101m hidraulisko cilindru probl\u0113m\u0101m ir nopl\u016bde. T\u0101 var rasties nolietotu bl\u012bv\u0113jumu, nepareizas uzst\u0101d\u012b\u0161anas vai cilindra boj\u0101juma d\u0113\u013c. Operatoriem regul\u0101ri vizu\u0101li j\u0101p\u0101rbauda cilindrs, vai nav \u0161\u0137idruma zuduma paz\u012bmju, un nekav\u0113joties j\u0101nov\u0113r\u0161 visas nopl\u016bdes.<\/p>\n<h3>Samazin\u0101ta veiktsp\u0113ja<\/h3>\n<p>Ja st\u016bres cilindra veiktsp\u0113ja ir samazin\u0101ta, tas var nor\u0101d\u012bt uz probl\u0113m\u0101m ar hidraulisk\u0101 \u0161\u0137idruma l\u012bmeni vai aizsprostojumiem hidrauliskaj\u0101s l\u012bnij\u0101s. Operatoriem j\u0101p\u0101rbauda \u0161\u0137idruma l\u012bmenis un j\u0101p\u0101rliecin\u0101s, ka visas l\u012bnijas ir t\u012bras un bez aizsprostojumiem.<\/p>\n<h3>Neparastas ska\u0146as<\/h3>\n<p>Neparasti trok\u0161\u0146i darb\u012bbas laik\u0101 var liecin\u0101t par probl\u0113m\u0101m hidrauliskaj\u0101 sist\u0113m\u0101. Tas var liecin\u0101t par sist\u0113m\u0101 iesprostotu gaisu vai nolietot\u0101m deta\u013c\u0101m. R\u016bp\u012bga p\u0101rbaude un nepiecie\u0161am\u0101 sist\u0113mas atgaiso\u0161ana var pal\u012bdz\u0113t atrisin\u0101t \u0161\u012bs probl\u0113mas.<\/p>\n<h2>Probl\u0113mu nov\u0113r\u0161anas padomi<\/h2>\n<p>Lai efekt\u012bvi diagnostic\u0113tu un nov\u0113rstu probl\u0113mas ar iekr\u0101v\u0113ja st\u016bres cilindru, operatoriem j\u0101iev\u0113ro sistem\u0101tiska pieeja. S\u0101ciet ar hidraulisk\u0101 \u0161\u0137idruma l\u012bme\u0146u p\u0101rbaudi, p\u0101rliecinoties, ka tie ir ieteicamaj\u0101 diapazon\u0101. P\u0113c tam p\u0101rbaudiet, vai nav redzamu boj\u0101jumu vai nodiluma paz\u012bmju uz bl\u012bv\u0113m un cilindru virsm\u0101m.<\/p>\n<p>K\u0101 prevent\u012bvus pas\u0101kumus j\u0101ievie\u0161 regul\u0101ras apkopes proced\u016bras, koncentr\u0113joties uz p\u0101rbaud\u0113m, e\u013c\u013co\u0161anu un savlaic\u012bgu bl\u012bvju nomai\u0146u. \u0160\u012b prakse pal\u012bdz\u0113s samazin\u0101t d\u012bkst\u0101ves laiku un pagarin\u0101t st\u016bres cilindra kalpo\u0161anas laiku.<\/p>\n<p><img decoding=\"async\" src=\"https:\/\/www.hydraulic-cylinders.net\/wp-content\/uploads\/2025\/05\/hydraulic-cylinder-all-2.webp\" alt=\"Hidraulisk\u0101 cilindra att\u0113ls\"><\/p>\n<h2>Par m\u016bsu uz\u0146\u0113mumu<\/h2>\n<p>M\u0113s esam vado\u0161ais hidraulisko cilindru ra\u017eot\u0101js, kas lepojas ar pla\u0161u produktu kl\u0101stu, kas piel\u0101gots da\u017e\u0101du nozaru vajadz\u012bb\u0101m. M\u016bsu ap\u0146em\u0161an\u0101s sasniegt izcil\u012bbu ir pozicion\u0113jusi m\u016bs k\u0101 vienu no vado\u0161ajiem hidraulisko cilindru ra\u017eot\u0101jiem un vairumtirgot\u0101jiem gan viet\u0113j\u0101, gan starptautiskaj\u0101 tirg\u016b. M\u0113s lepojamies ar savu profesion\u0101lo pieredzi, starptautiskajiem sertifik\u0101tiem un sp\u0113ju sniegt piel\u0101gotus pakalpojumus, kas atbilst konkr\u0113t\u0101m klientu pras\u012bb\u0101m.<\/p>\n<p>M\u016bsu modern\u0101kais ra\u017eo\u0161anas apr\u012bkojums nodro\u0161ina augst\u0101ko kvalit\u0101tes standartu iev\u0113ro\u0161anu visos ra\u017eo\u0161anas procesos. Turkl\u0101t m\u016bsu specializ\u0113t\u0101 p\u0113cp\u0101rdo\u0161anas apkalpo\u0161anas komanda vienm\u0113r ir pieejama, lai pal\u012bdz\u0113tu m\u016bsu klientiem ar visiem jaut\u0101jumiem vai sniegtu nepiecie\u0161amo atbalstu, nodro\u0161inot, ka klientu apmierin\u0101t\u012bba joproj\u0101m ir galven\u0101 priorit\u0101te.<\/p>\n<p><img decoding=\"async\" src=\"https:\/\/www.hydraulic-cylinders.net\/wp-content\/uploads\/2025\/05\/xinxin-hydraulic-cylinder-factory-1.webp\" alt=\"Uz\u0146\u0113muma r\u016bpn\u012bcas att\u0113ls\"><\/p>\n<p>Autors: lil<\/p>","protected":false},"excerpt":{"rendered":"<p>Forklift Truck Steering Cylinder Product Overview The Forklift Truck Steering Cylinder is a critical component in the hydraulic steering system of forklifts. Its primary function is to convert hydraulic energy into mechanical force, allowing for precise steering control. This hydraulic cylinder operates under high pressure, enabling seamless maneuverability of the forklift, particularly in tight spaces [&hellip;]<\/p>","protected":false},"featured_media":20609,"comment_status":"open","ping_status":"closed","template":"","meta":{"_et_pb_use_builder":"","_et_pb_old_content":"","_et_gb_content_width":""},"product_brand":[],"product_cat":[1483,1556],"product_tag":[],"class_list":{"0":"post-20702","1":"product","2":"type-product","3":"status-publish","4":"has-post-thumbnail","6":"product_cat-construction-machinery-hydraulic-cylinders","7":"product_cat-forklift-hydraulic-cylinders-2","9":"first","10":"instock","11":"shipping-taxable","12":"product-type-simple"},"amp_enabled":true,"_links":{"self":[{"href":"https:\/\/www.hydraulic-cylinders.net\/lv\/wp-json\/wp\/v2\/product\/20702","targetHints":{"allow":["GET"]}}],"collection":[{"href":"https:\/\/www.hydraulic-cylinders.net\/lv\/wp-json\/wp\/v2\/product"}],"about":[{"href":"https:\/\/www.hydraulic-cylinders.net\/lv\/wp-json\/wp\/v2\/types\/product"}],"replies":[{"embeddable":true,"href":"https:\/\/www.hydraulic-cylinders.net\/lv\/wp-json\/wp\/v2\/comments?post=20702"}],"wp:featuredmedia":[{"embeddable":true,"href":"https:\/\/www.hydraulic-cylinders.net\/lv\/wp-json\/wp\/v2\/media\/20609"}],"wp:attachment":[{"href":"https:\/\/www.hydraulic-cylinders.net\/lv\/wp-json\/wp\/v2\/media?parent=20702"}],"wp:term":[{"taxonomy":"product_brand","embeddable":true,"href":"https:\/\/www.hydraulic-cylinders.net\/lv\/wp-json\/wp\/v2\/product_brand?post=20702"},{"taxonomy":"product_cat","embeddable":true,"href":"https:\/\/www.hydraulic-cylinders.net\/lv\/wp-json\/wp\/v2\/product_cat?post=20702"},{"taxonomy":"product_tag","embeddable":true,"href":"https:\/\/www.hydraulic-cylinders.net\/lv\/wp-json\/wp\/v2\/product_tag?post=20702"}],"curies":[{"name":"wp","href":"https:\/\/api.w.org\/{rel}","templated":true}]}}