{"id":20703,"date":"2025-05-27T06:21:36","date_gmt":"2025-05-27T06:21:36","guid":{"rendered":"https:\/\/www.hydraulic-cylinders.net\/product\/micro-digging-side-hydraulic-cylinders\/"},"modified":"2025-05-27T06:21:41","modified_gmt":"2025-05-27T06:21:41","slug":"micro-digging-side-hydraulic-cylinders","status":"publish","type":"product","link":"https:\/\/www.hydraulic-cylinders.net\/lv\/products\/micro-digging-side-hydraulic-cylinders\/","title":{"rendered":"Mikrorak\u0161anas s\u0101nu hidrauliskie cilindri"},"content":{"rendered":"<h1>Mikrorak\u0161anas s\u0101nu hidrauliskie cilindri<\/h1>\n<h2>Produkta p\u0101rskats<\/h2>\n<p>Mikrorak\u0161anas s\u0101nu hidrauliskais cilindrs ir specializ\u0113ts hidrauliskais izpildmeh\u0101nisms, kas paredz\u0113ts prec\u012bzai vad\u012bbai un jaud\u012bgai veiktsp\u0113jai kompaktos pielietojumos. \u0160ie cilindri ir b\u016btiskas sast\u0101vda\u013cas da\u017e\u0101d\u0101s ma\u0161\u012bn\u0101s, \u013caujot operatoriem veikt uzdevumus ar iev\u0113rojamu precizit\u0101ti un efektivit\u0101ti. Tie ir izstr\u0101d\u0101ti, lai nodro\u0161in\u0101tu optim\u0101lu sp\u0113ku sl\u0113gt\u0101s telp\u0101s, un tie atrod savu vietu b\u016bvniec\u012bb\u0101, rak\u0161anas darbos un cit\u0101s lieljaudas lietojumprogramm\u0101s. Kompaktais dizains \u013cauj tos viegli integr\u0113t da\u017e\u0101d\u0101s sist\u0113m\u0101s, nodro\u0161inot, ka operatori var sasniegt izcilu veiktsp\u0113ju, neupur\u0113jot vietu vai mobilit\u0101ti.<\/p>\n<h2>Produkta specifik\u0101cijas<\/h2>\n<p>\u0160\u012bs ir galven\u0101s mikrorak\u0161anas s\u0101nu hidraulisk\u0101 cilindra specifik\u0101cijas:<\/p>\n<ul>\n<li>Cilindra diametrs: 50 mm<\/li>\n<li>Stie\u0146a diametrs: 30 mm<\/li>\n<li>Ce\u013cojums: 430 mm<\/li>\n<li>Uzst\u0101d\u012b\u0161anas att\u0101lums: 670 mm<\/li>\n<\/ul>\n<p>\u0160ie izm\u0113ri ir iz\u0161\u0137iro\u0161i, lai noteiktu cilindra efektivit\u0101ti un sader\u012bbu ar da\u017e\u0101d\u0101m iek\u0101rt\u0101m. Cilindra diametrs nodro\u0161ina pietiekamu iztur\u012bbu, savuk\u0101rt stie\u0146a diametrs ietekm\u0113 kravnes\u012bbu. Kust\u012bbas att\u0101lums ir kritiski svar\u012bgs kust\u012bbas diapazonam, un uzst\u0101d\u012b\u0161anas att\u0101lums atvieglo pareizu uzst\u0101d\u012b\u0161anu.<\/p>\n<h2>Galven\u0101s iez\u012bmes<\/h2>\n<p>M\u016bsu mikrorak\u0161anas s\u0101nu hidrauliskie cilindri ir izstr\u0101d\u0101ti ar vair\u0101k\u0101m izcil\u0101m funkcij\u0101m:<\/p>\n<ul>\n<li><strong>Iztur\u012bba:<\/strong> Izgatavots no augstas kvalit\u0101tes materi\u0101liem, lai iztur\u0113tu skarbus apst\u0101k\u013cus.<\/li>\n<li><strong>Kompakts izm\u0113rs:<\/strong> Ide\u0101li piem\u0113rots lietojumprogramm\u0101m ar ierobe\u017eotu vietu.<\/li>\n<li><strong>Augsta efektivit\u0101te:<\/strong> Nodro\u0161ina jaud\u012bgu veiktsp\u0113ju, vienlaikus pat\u0113r\u0113jot maz\u0101k ener\u0123ijas.<\/li>\n<li><strong>Piel\u0101gojamas opcijas:<\/strong> M\u0113s varam piel\u0101got specifik\u0101cijas, lai apmierin\u0101tu \u012bpa\u0161as vajadz\u012bbas.<\/li>\n<li><strong>Uzticama bl\u012bv\u0113\u0161ana:<\/strong> Izstr\u0101d\u0101ts, lai nov\u0113rstu nopl\u016bdes un uzlabotu kalpo\u0161anas laiku.<\/li>\n<\/ul>\n<p>M\u0113s lepojamies ar savu sp\u0113ju ra\u017eot \u0161os hidrauliskos cilindrus, nodro\u0161inot, ka tie perfekti aizvieto eso\u0161os mode\u013cus j\u016bsu ma\u0161\u012bn\u0101s.<\/p>\n<h2>Pieteikumi<\/h2>\n<p>Mikrorak\u0161anas s\u0101nu hidrauliskais cilindrs ir daudzpus\u012bgs un to var izmantot da\u017e\u0101dos pielietojumos:<\/p>\n<h3>1. Rak\u0161anas apr\u012bkojums<\/h3>\n<p>Rak\u0161anas ma\u0161\u012bn\u0101s \u0161ie cilindri nodro\u0161ina nepiecie\u0161amo sp\u0113ku augsnes vai gru\u017eu rak\u0161anai un pacel\u0161anai. To kompaktais dizains \u013cauj tos uzst\u0101d\u012bt \u0161aur\u0101s viet\u0101s, padarot tos ide\u0101li piem\u0113rotus mini ekskavatoriem. \u0160o hidraulisko cilindru pied\u0101v\u0101t\u0101 prec\u012bz\u0101 vad\u012bba nodro\u0161ina, ka operatori var vienm\u0113r\u012bgi manevr\u0113t ar apr\u012bkojumu, samazinot apk\u0101rt\u0113jo konstrukciju boj\u0101jumu risku. \u0160\u012b efektivit\u0101te rak\u0161anas darbos iev\u0113rojami uzlabo produktivit\u0101ti objekt\u0101.<\/p>\n<h3>2. Lauksaimniec\u012bbas tehnika<\/h3>\n<p>Lauksaimniec\u012bb\u0101 \u0161ie hidrauliskie cilindri tiek izmantoti t\u0101d\u0101s iek\u0101rt\u0101s k\u0101 arkli un kombaini. To sp\u0113ja uztur\u0113t nemain\u012bgu sp\u0113ku nodro\u0161ina vienm\u0113r\u012bgu augsnes apstr\u0101di un s\u0113\u0161anu, kas ir \u013coti svar\u012bgi ra\u017eas nov\u0101k\u0161anai. \u0160o cilindru iztur\u012bg\u0101 konstrukcija \u013cauj tiem efekt\u012bvi darboties da\u017e\u0101dos laika apst\u0101k\u013cos, veicinot lauksaimniec\u012bbas darb\u012bbu uzticam\u012bbu. To pied\u0101v\u0101t\u0101 precizit\u0101te \u013cauj lauksaimniekiem optimiz\u0113t savu tehniku, lai sasniegtu lab\u0101kus rezult\u0101tus.<\/p>\n<h3>3. Materi\u0101lu apstr\u0101de<\/h3>\n<p>Materi\u0101lu apstr\u0101des sist\u0113m\u0101s \u0161ie hidrauliskie cilindri atvieglo smagu kravu p\u0101rvieto\u0161anu. Tie bie\u017ei tiek integr\u0113ti iekr\u0101v\u0113jos un konveijeros, nodro\u0161inot nepiecie\u0161am\u0101s pacel\u0161anas un nolai\u0161anas kust\u012bbas. To efektivit\u0101te pal\u012bdz samazin\u0101t ekspluat\u0101cijas izmaksas, jo tiem nepiecie\u0161ams maz\u0101k ener\u0123ijas, lai veiktu tos pa\u0161us uzdevumus, sal\u012bdzinot ar liel\u0101kiem mode\u013ciem. Tas padara tos par v\u0113rt\u012bgu resursu noliktav\u0101s un izplat\u012b\u0161anas centros.<\/p>\n<h2>Dizaina apsv\u0113rumi<\/h2>\n<p>Projekt\u0113jot hidrauliskos cilindrus, tiek \u0146emti v\u0113r\u0101 vair\u0101ki galvenie faktori:<\/p>\n<h3>Kravnes\u012bba<\/h3>\n<p>Hidraulisko cilindru kravnes\u012bbas izpratne ir kritiski svar\u012bga. Konstrukcijai j\u0101sp\u0113j iztur\u0113t maksim\u0101lo svaru, ko cilindrs var pacelt vai stumt. Tas ietver atbilsto\u0161u materi\u0101lu un izm\u0113ru izv\u0113li, lai nov\u0113rstu boj\u0101jumus spiediena ietekm\u0113. Turkl\u0101t kravnes\u012bbai j\u0101atbilst ma\u0161\u012bnas pras\u012bb\u0101m, lai nodro\u0161in\u0101tu dro\u0161\u012bbu un veiktsp\u0113ju.<\/p>\n<h3>Bl\u012bv\u0113\u0161anas efektivit\u0101te<\/h3>\n<p>Hidrauliskaj\u0101s sist\u0113m\u0101s bl\u012bv\u0113jums ir b\u016btisks, lai nov\u0113rstu nopl\u016bdes un uztur\u0113tu spiedienu. Bl\u012bv\u0113\u0161anas materi\u0101lu un konstrukciju izv\u0113le tie\u0161i ietekm\u0113 hidraulisk\u0101 cilindra ilgm\u016b\u017e\u012bbu un uzticam\u012bbu. Lai nodro\u0161in\u0101tu efekt\u012bvu bl\u012bv\u0113jumu, vienlaikus saglab\u0101jot elast\u012bbu un iztur\u012bbu, tiek izmantoti moderni bl\u012bv\u0113\u0161anas risin\u0101jumi, piem\u0113ram, poliuret\u0101ns un nitrilgumija. Lai izvair\u012btos no veiktsp\u0113jas probl\u0113m\u0101m, ir nepiecie\u0161amas regul\u0101ras bl\u012bv\u0113jumu p\u0101rbaudes un nomai\u0146a.<\/p>\n<h3>Iztur\u012bba<\/h3>\n<p>Iztur\u012bba ir hidraulisko cilindru konstrukcijas pamatelements. \u0160\u012bm sast\u0101vda\u013c\u0101m j\u0101iztur ekstrem\u0101li apst\u0101k\u013ci, piem\u0113ram, temperat\u016bras sv\u0101rst\u012bbas un pak\u013cau\u0161ana agres\u012bv\u0101m \u0137\u012bmisk\u0101m viel\u0101m. Izmantojot augstas iztur\u012bbas materi\u0101lus un korozijiztur\u012bgus p\u0101rkl\u0101jumus, var iev\u0113rojami pagarin\u0101t cilindru kalpo\u0161anas laiku. Regul\u0101ra apkope ir iz\u0161\u0137iro\u0161a noz\u012bme to iztur\u012bbas saglab\u0101\u0161an\u0101 laika gait\u0101.<\/p>\n<h3>Dro\u0161\u012bbas funkcijas<\/h3>\n<p>Dro\u0161\u012bba hidraulisko sist\u0113mu projekt\u0113\u0161an\u0101 ir \u0101rk\u0101rt\u012bgi svar\u012bga. T\u0101du funkciju k\u0101 spiediena samazin\u0101\u0161anas v\u0101rstu un av\u0101rijas dro\u0161\u012bbas meh\u0101nismu iek\u013cau\u0161ana nodro\u0161ina, ka sist\u0113ma darbojas dro\u0161os parametros. Regul\u0101ras dro\u0161\u012bbas p\u0101rbaudes un nozares standartu iev\u0113ro\u0161ana ir b\u016btiska, lai nov\u0113rstu negad\u012bjumus un nodro\u0161in\u0101tu operatora dro\u0161\u012bbu ekspluat\u0101cijas laik\u0101.<\/p>\n<h3>Apkopes pieejam\u012bba<\/h3>\n<p>Hidraulisko cilindru projekt\u0113\u0161ana, \u0146emot v\u0113r\u0101 apkopi, pal\u012bdz pagarin\u0101t to ekspluat\u0101cijas laiku. T\u0101das funkcijas k\u0101 viegla piek\u013cuve regul\u0101r\u0101m p\u0101rbaud\u0113m un apkopes punktiem e\u013c\u013co\u0161anai var b\u016btiski uzlabot apkopes efektivit\u0101ti. P\u0101rdom\u0101ts dizains samazina d\u012bkst\u0101ves laiku un nodro\u0161ina cilindru optim\u0101lu darba st\u0101vokli.<\/p>\n<h2>Bl\u012bv\u0113\u0161ana un e\u013c\u013co\u0161ana<\/h2>\n<p>Efekt\u012bvs bl\u012bv\u0113jums ir \u013coti svar\u012bgs hidraulisko cilindru darb\u012bbai. Da\u017e\u0101diem bl\u012bv\u0113jumiem, tostarp virzu\u013ca bl\u012bv\u0113jumiem un stie\u0146a bl\u012bv\u0113jumiem, ir svar\u012bga loma hidraulisk\u0101 spiediena uztur\u0113\u0161an\u0101. Bl\u012bv\u0113jumi bie\u017ei tiek izgatavoti no iztur\u012bgiem materi\u0101liem, piem\u0113ram, poliuret\u0101na un nitrila gumijas, kas paredz\u0113ti nodiluma un pl\u012bsumu iztur\u012bbai. Cilindra korpuss un v\u012bt\u0146otie gali tiek prec\u012bzi apstr\u0101d\u0101ti, lai uzlabotu iztur\u012bbu un nodilumiztur\u012bbu.<\/p>\n<p>Regul\u0101ra e\u013c\u013co\u0161ana ir v\u0113l viens svar\u012bgs apkopes aspekts. Ir svar\u012bgi nodro\u0161in\u0101t pietiekamu hidraulisk\u0101s e\u013c\u013cas pieg\u0101di, lai nodro\u0161in\u0101tu netrauc\u0113tu darb\u012bbu. Operatoriem j\u0101izveido rut\u012bna e\u013c\u013cas l\u012bme\u0146a p\u0101rbaudei un nepiecie\u0161am\u012bbas gad\u012bjum\u0101 papildin\u0101\u0161anai, jo pareiza e\u013c\u013co\u0161ana samazina berzi starp kust\u012bgaj\u0101m da\u013c\u0101m, t\u0101d\u0113j\u0101di uzlabojot hidraulisko komponentu efektivit\u0101ti un ilgm\u016b\u017e\u012bbu.<\/p>\n<h2>Prevent\u012bvie apkopes pas\u0101kumi<\/h2>\n<p>Regul\u0101ra apkope ir b\u016btiska, lai nodro\u0161in\u0101tu hidraulisko cilindru ilgm\u016b\u017e\u012bbu un efektivit\u0101ti. \u0160eit ir da\u017ei prevent\u012bvie pas\u0101kumi:<\/p>\n<ul>\n<li><strong>Regul\u0101ras p\u0101rbaudes:<\/strong> Regul\u0101ra nodiluma paz\u012bmju, nopl\u016b\u017eu un citu probl\u0113mu p\u0101rbaude var pal\u012bdz\u0113t identific\u0113t probl\u0113mas, pirms t\u0101s saasin\u0101s.<\/li>\n<li><strong>E\u013c\u013co\u0161anas rut\u012bna:<\/strong> E\u013c\u013co\u0161anas grafika izveide var nov\u0113rst nevajadz\u012bgu kust\u012bgo da\u013cu nodilumu.<\/li>\n<li><strong>Bl\u012bv\u0113juma nomai\u0146a:<\/strong> Nodilu\u0161o bl\u012bv\u0113jumu uzraudz\u012bba un savlaic\u012bga nomai\u0146a var nov\u0113rst nopl\u016bdes un uztur\u0113t sist\u0113mas spiedienu.<\/li>\n<\/ul>\n<h2>Uzst\u0101d\u012b\u0161anas vadl\u012bnijas<\/h2>\n<p>Pareiza hidraulisko cilindru uzst\u0101d\u012b\u0161ana ir \u013coti svar\u012bga optim\u0101lai veiktsp\u0113jai. Iev\u0113rojiet \u0161\u012bs vadl\u012bnijas:<\/p>\n<ol>\n<li><strong>Izl\u012bdziniet cilindru:<\/strong> P\u0101rliecinieties, vai cilindrs ir pareizi izl\u012bdzin\u0101ts ar stiprin\u0101juma punktiem, lai izvair\u012btos no p\u0101rm\u0113r\u012bga sprieguma uz deta\u013c\u0101m.<\/li>\n<li><strong>Izmantojiet atbilsto\u0161us mont\u0101\u017eas kron\u0161teinus:<\/strong> Nostipriniet cilindru ar piem\u0113rotiem kron\u0161teiniem, lai nov\u0113rstu kust\u012bbu darb\u012bbas laik\u0101.<\/li>\n<li><strong>P\u0101rbaudiet hidrauliskos savienojumus:<\/strong> P\u0101rliecinieties, vai visas hidraulisk\u0101s l\u012bnijas ir dro\u0161i pievienotas, lai nov\u0113rstu nopl\u016bdes.<\/li>\n<li><strong>Sist\u0113mas p\u0101rbaude:<\/strong> Pirms piln\u012bgas darb\u012bbas uzs\u0101k\u0161anas veiciet p\u0101rbaudi, lai p\u0101rliecin\u0101tos, ka viss darbojas pareizi.<\/li>\n<\/ol>\n<h2>Bie\u017ei sastopamie apkopes uzdevumi<\/h2>\n<p>B\u016btiski apkopes uzdevumi ietver:<\/p>\n<h3>1. Regul\u0101ras p\u0101rbaudes<\/h3>\n<p>Regul\u0101ru p\u0101rbau\u017eu veik\u0161ana pal\u012bdz laikus identific\u0113t nodiluma paz\u012bmes un potenci\u0101las probl\u0113mas. \u0160\u012b proakt\u012bv\u0101 pieeja var nov\u0113rst d\u0101rgus remontdarbus un d\u012bkst\u0101ves. Bl\u012bvju, \u0161\u013c\u016bte\u0146u un savienojumu p\u0101rbaude var nodro\u0161in\u0101t, ka sist\u0113ma saglab\u0101jas bez nopl\u016bd\u0113m un darbojas nevainojami. Lai laika gait\u0101 izsekotu st\u0101vokli, j\u0101veic apkopes uzskaite.<\/p>\n<h3>2. Atbilsto\u0161a e\u013c\u013co\u0161ana<\/h3>\n<p>Hidraulisko komponentu e\u013c\u013co\u0161ana saska\u0146\u0101 ar ra\u017eot\u0101ja vadl\u012bnij\u0101m ir \u013coti svar\u012bga, lai nov\u0113rstu nodilumu un pagarin\u0101tu kalpo\u0161anas laiku. Pareiza hidraulisk\u0101s e\u013c\u013cas veida izmanto\u0161ana un t\u0101s l\u012bme\u0146a nodro\u0161in\u0101\u0161ana var b\u016btiski ietekm\u0113t sist\u0113mas veiktsp\u0113ju un efektivit\u0101ti. Regul\u0101ras p\u0101rbaudes un regul\u0113\u0161anas j\u0101veic, lai sist\u0113ma darbotos optim\u0101li.<\/p>\n<h3>3. Bl\u012bv\u0113juma nomai\u0146a<\/h3>\n<p>Bl\u012bvju nomai\u0146a ir \u013coti svar\u012bga, lai saglab\u0101tu hidraulisko integrit\u0101ti. Paz\u012bmes, kas liecina par nepiecie\u0161am\u012bbu nomain\u012bt bl\u012bves, ir redzamas nopl\u016bdes vai spiediena sv\u0101rst\u012bbas. Regul\u0101ra nomai\u0146a, pamatojoties uz lieto\u0161anu, var pal\u012bdz\u0113t uztur\u0113t hidraulisk\u0101s sist\u0113mas efektivit\u0101ti un nov\u0113rst negaid\u012btus boj\u0101jumus.<\/p>\n<h2>Dro\u0161\u012bbas un vides apsv\u0113rumi<\/h2>\n<p>Str\u0101d\u0101jot ar hidrauliskaj\u0101m sist\u0113m\u0101m, dro\u0161\u012bbas pas\u0101kumi ir \u0101rk\u0101rt\u012bgi svar\u012bgi. Operatoriem j\u0101b\u016bt apm\u0101c\u012btiem atpaz\u012bt potenci\u0101lus apdraud\u0113jumus, piem\u0113ram, \u0161\u0137idruma nopl\u016bdes un spiediena palielin\u0101\u0161anos. Lietojot hidrauliskos cilindrus, ir svar\u012bgi iev\u0113rot dro\u0161\u012bbas protokolus, tostarp valk\u0101t aizsargl\u012bdzek\u013cus un iev\u0113rot ekspluat\u0101cijas vadl\u012bnijas. Turkl\u0101t j\u0101iev\u0113ro pareizas hidraulisko \u0161\u0137idrumu utiliz\u0101cijas metodes, nodro\u0161inot minim\u0101lu ietekmi uz vidi.<\/p>\n<h2>Probl\u0113mu nov\u0113r\u0161ana un bie\u017ei sastopamas probl\u0113mas<\/h2>\n<p>Izpratne par iesp\u0113jam\u0101m probl\u0113m\u0101m ar hidrauliskajiem cilindriem var pal\u012bdz\u0113t efekt\u012bvi nov\u0113rst probl\u0113mas:<\/p>\n<ul>\n<li><strong>Nopl\u016bde:<\/strong> Parasti to izraisa nodilu\u0161as bl\u012bves vai nepareiza mont\u0101\u017ea. P\u0101rbaudiet, vai bl\u012bves un savienojumi nav boj\u0101ti.<\/li>\n<li><strong>Spiediena kritumi:<\/strong> Var liecin\u0101t par aizsprostojumiem hidrauliskaj\u0101s l\u012bnij\u0101s vai zemu \u0161\u0137idruma l\u012bmeni. P\u0101rbaudiet, vai nav aizsprostojumu, un nepiecie\u0161am\u012bbas gad\u012bjum\u0101 uzpildiet \u0161\u0137idrumu.<\/li>\n<li><strong>Nerea\u0123\u0113jo\u0161s cilindrs:<\/strong> Var rasties sist\u0113m\u0101 iespr\u016bdu\u0161a gaisa vai nepietiekama \u0161\u0137idruma spiediena d\u0113\u013c. Ieteicams atgaisot sist\u0113mu un p\u0101rbaud\u012bt \u0161\u0137idruma l\u012bmeni.<\/li>\n<\/ul>\n<h2>Probl\u0113mu nov\u0113r\u0161anas padomi<\/h2>\n<p>Ja rodas k\u0101das probl\u0113mas, \u0146emiet v\u0113r\u0101 \u0161\u0101dus padomus:<\/p>\n<ul>\n<li><strong>Regul\u0101ri uzraugiet veiktsp\u0113ju:<\/strong> Sekojot l\u012bdzi cilindra darb\u012bbai, var laikus atkl\u0101t probl\u0113mas.<\/li>\n<li><strong>Skatiet ra\u017eot\u0101ja vadl\u012bnijas:<\/strong> Ra\u017eot\u0101ja dokument\u0101cij\u0101 bie\u017ei ir sniegtas probl\u0113mu nov\u0113r\u0161anas darb\u012bbas un risin\u0101jumi konkr\u0113t\u0101m probl\u0113m\u0101m.<\/li>\n<li><strong>\u012astenot prevent\u012bvus pas\u0101kumus:<\/strong> Regul\u0101ras p\u0101rbaudes un apkopes ievie\u0161ana var samazin\u0101t probl\u0113mu ra\u0161an\u0101s iesp\u0113jam\u012bbu.<\/li>\n<\/ul>\n<p><img decoding=\"async\" src=\"https:\/\/www.hydraulic-cylinders.net\/wp-content\/uploads\/2025\/05\/hydraulic-cylinder-all-2.webp\" alt=\"Hidraulisk\u0101 cilindra att\u0113ls\"><\/p>\n<h2>Par m\u016bsu uz\u0146\u0113mumu<\/h2>\n<p>K\u0101 vado\u0161ais hidraulisko cilindru ra\u017eot\u0101js, m\u0113s lepojamies ar savu pla\u0161o produktu kl\u0101stu, kas apmierina gan viet\u0113jo, gan starptautisko tirgu vajadz\u012bbas. M\u016bsu ap\u0146em\u0161an\u0101s nodro\u0161in\u0101t kvalit\u0101ti un inov\u0101cijas padara m\u016bs par vienu no vado\u0161ajiem hidraulisko cilindru ra\u017eot\u0101jiem un vairumtirgot\u0101jiem nozar\u0113. M\u0113s pied\u0101v\u0101jam:<\/p>\n<ul>\n<li><strong>Profesion\u0101l\u0101 pieredze:<\/strong> M\u016bsu komandu veido pieredz\u0113ju\u0161i speci\u0101listi, kas ir ap\u0146\u0113mu\u0161ies nodro\u0161in\u0101t augst\u0101k\u0101s klases produktus.<\/li>\n<li><strong>Starptautisk\u0101s sertifik\u0101cijas:<\/strong> M\u016bsu produkti atbilst stingriem starptautiskajiem standartiem, nodro\u0161inot uzticam\u012bbu un dro\u0161\u012bbu.<\/li>\n<li><strong>Piel\u0101goti risin\u0101jumi:<\/strong> M\u0113s pied\u0101v\u0101jam piel\u0101gotus pakalpojumus, lai apmierin\u0101tu \u012bpa\u0161as pras\u012bbas, nodro\u0161inot klientu apmierin\u0101t\u012bbu.<\/li>\n<li><strong>Uzlabots ra\u017eo\u0161anas apr\u012bkojums:<\/strong> M\u016bsu modern\u0101k\u0101s ra\u017eo\u0161anas iek\u0101rtas garant\u0113 augstas kvalit\u0101tes produkciju.<\/li>\n<li><strong>Visaptvero\u0161s p\u0113cp\u0101rdo\u0161anas atbalsts:<\/strong> M\u0113s pied\u0101v\u0101jam saviem klientiem stabilu atbalstu, nodro\u0161inot vi\u0146iem pal\u012bdz\u012bbu ikreiz, kad t\u0101 nepiecie\u0161ama.<\/li>\n<\/ul>\n<p><img decoding=\"async\" src=\"https:\/\/www.hydraulic-cylinders.net\/wp-content\/uploads\/2025\/05\/xinxin-hydraulic-cylinder-factory-1.webp\" alt=\"Hidraulisk\u0101 cilindra r\u016bpn\u012bcas att\u0113ls\"><\/p>\n<p>Autors: lil<\/p>\n<p><img decoding=\"async\" src=\"https:\/\/hzpt.com\/wp-content\/uploads\/2024\/11\/songte-company-1.webp\" alt=\"Uz\u0146\u0113muma t\u0113ls\"><\/p>","protected":false},"excerpt":{"rendered":"<p>Micro Digging Side Hydraulic Cylinders Product Overview The Micro Digging Side Hydraulic Cylinder is a specialized hydraulic actuator designed for precise control and powerful performance in compact applications. These cylinders are essential components in various machinery, enabling operators to execute tasks with remarkable accuracy and efficiency. Engineered to deliver optimal force in confined spaces, they [&hellip;]<\/p>","protected":false},"featured_media":20629,"comment_status":"open","ping_status":"closed","template":"","meta":{"_et_pb_use_builder":"","_et_pb_old_content":"","_et_gb_content_width":""},"product_brand":[],"product_cat":[1483,1557],"product_tag":[],"class_list":{"0":"post-20703","1":"product","2":"type-product","3":"status-publish","4":"has-post-thumbnail","6":"product_cat-construction-machinery-hydraulic-cylinders","7":"product_cat-micro-digging-side-hydraulic-cylinders","9":"first","10":"instock","11":"shipping-taxable","12":"product-type-simple"},"amp_enabled":true,"_links":{"self":[{"href":"https:\/\/www.hydraulic-cylinders.net\/lv\/wp-json\/wp\/v2\/product\/20703","targetHints":{"allow":["GET"]}}],"collection":[{"href":"https:\/\/www.hydraulic-cylinders.net\/lv\/wp-json\/wp\/v2\/product"}],"about":[{"href":"https:\/\/www.hydraulic-cylinders.net\/lv\/wp-json\/wp\/v2\/types\/product"}],"replies":[{"embeddable":true,"href":"https:\/\/www.hydraulic-cylinders.net\/lv\/wp-json\/wp\/v2\/comments?post=20703"}],"wp:featuredmedia":[{"embeddable":true,"href":"https:\/\/www.hydraulic-cylinders.net\/lv\/wp-json\/wp\/v2\/media\/20629"}],"wp:attachment":[{"href":"https:\/\/www.hydraulic-cylinders.net\/lv\/wp-json\/wp\/v2\/media?parent=20703"}],"wp:term":[{"taxonomy":"product_brand","embeddable":true,"href":"https:\/\/www.hydraulic-cylinders.net\/lv\/wp-json\/wp\/v2\/product_brand?post=20703"},{"taxonomy":"product_cat","embeddable":true,"href":"https:\/\/www.hydraulic-cylinders.net\/lv\/wp-json\/wp\/v2\/product_cat?post=20703"},{"taxonomy":"product_tag","embeddable":true,"href":"https:\/\/www.hydraulic-cylinders.net\/lv\/wp-json\/wp\/v2\/product_tag?post=20703"}],"curies":[{"name":"wp","href":"https:\/\/api.w.org\/{rel}","templated":true}]}}