{"id":20710,"date":"2025-05-27T06:21:58","date_gmt":"2025-05-27T06:21:58","guid":{"rendered":"https:\/\/www.hydraulic-cylinders.net\/product\/sanitation-vehicle-locking-hook-hydraulic-cylinder\/"},"modified":"2025-05-27T06:22:00","modified_gmt":"2025-05-27T06:22:00","slug":"sanitation-vehicle-locking-hook-hydraulic-cylinder","status":"publish","type":"product","link":"https:\/\/www.hydraulic-cylinders.net\/lv\/products\/sanitation-vehicle-locking-hook-hydraulic-cylinder\/","title":{"rendered":"Sanit\u0101rijas transportl\u012bdzek\u013ca blo\u0137\u0113\u0161anas \u0101\u0137a hidrauliskais cilindrs"},"content":{"rendered":"<h1>Sanit\u0101rijas transportl\u012bdzek\u013ca blo\u0137\u0113\u0161anas \u0101\u0137a hidrauliskais cilindrs<\/h1>\n<h2>Ievads hidrauliskaj\u0101 cilindr\u0101<\/h2>\n<p>Sanit\u0101rijas transportl\u012bdzek\u013ca blo\u0137\u0113\u0161anas \u0101\u0137a hidrauliskais cilindrs ir b\u016btiska sast\u0101vda\u013ca, kas paredz\u0113ta, lai uzlabotu sanit\u0101rijas transportl\u012bdzek\u013cu funkcionalit\u0101ti. \u0160is hidrauliskais cilindrs darbojas, p\u0101rveidojot \u0161\u0137idruma spiedienu meh\u0101nisk\u0101 sp\u0113k\u0101, nodro\u0161inot blo\u0137\u0113\u0161anas un atblo\u0137\u0113\u0161anas meh\u0101nismus efekt\u012bvai slodzes p\u0101rvald\u012bbai. Cilindram ir b\u016btiska loma apr\u012bkojuma un stiprin\u0101jumu nostiprin\u0101\u0161an\u0101, nodro\u0161inot dro\u0161\u012bbu un uzticam\u012bbu darb\u012bbas laik\u0101. Ar cilindra diametru 40 mm un stie\u0146a diametru 22 mm \u0161\u012b hidraulisk\u0101 iek\u0101rta lepojas ar 50 mm g\u0101jiena garumu, padarot to ide\u0101li piem\u0113rotu da\u017e\u0101diem pielietojumiem sanit\u0101rijas transportl\u012bdzek\u013cos. Uzst\u0101d\u012b\u0161anas att\u0101lums 305 mm \u013cauj to daudzpus\u012bgi integr\u0113t eso\u0161aj\u0101s sist\u0113m\u0101s, nodro\u0161inot, ka tas atbilst m\u016bsdienu sanit\u0101rijas darb\u012bbu pras\u012bb\u0101m.<\/p>\n<h2>Produkta specifik\u0101cijas<\/h2>\n<h3>Galvenie parametri<\/h3>\n<ul>\n<li><strong>Cilindra diametrs:<\/strong> 40 mm<\/li>\n<li><strong>Stie\u0146a diametrs:<\/strong> 22 mm<\/li>\n<li><strong>Ce\u013cojuma ilgums:<\/strong> 50 mm<\/li>\n<li><strong>Uzst\u0101d\u012b\u0161anas att\u0101lums:<\/strong> 305 mm<\/li>\n<\/ul>\n<p>\u0160\u012bs specifik\u0101cijas izce\u013c hidraulisk\u0101 cilindra izm\u0113rus un iesp\u0113jas, pied\u0101v\u0101jot iztur\u012bgu risin\u0101jumu da\u017e\u0101diem blo\u0137\u0113\u0161anas meh\u0101nismiem sanit\u0101rijas transportl\u012bdzek\u013cos.<\/p>\n<h2>Hidraulisk\u0101 cilindra \u012bpa\u0161\u012bbas<\/h2>\n<ul>\n<li>Augsta iztur\u012bba: izstr\u0101d\u0101ts, lai iztur\u0113tu skarbus ekspluat\u0101cijas apst\u0101k\u013cus.<\/li>\n<li>Prec\u012bza in\u017eenierija: Nodro\u0161ina nemain\u012bgu veiktsp\u0113ju un uzticam\u012bbu.<\/li>\n<li>Vienk\u0101r\u0161a uzst\u0101d\u012b\u0161ana: Savietojams ar standarta mont\u0101\u017eas konfigur\u0101cij\u0101m.<\/li>\n<li>Lielisks bl\u012bv\u0113jums: Nov\u0113r\u0161 \u0161\u0137idruma nopl\u016bdi, uzlabojot efektivit\u0101ti.<\/li>\n<li>Piel\u0101gojamas opcijas: piel\u0101gotas konkr\u0113t\u0101m klientu pras\u012bb\u0101m.<\/li>\n<\/ul>\n<p>M\u0113s specializ\u0113jamies augstas kvalit\u0101tes hidraulisko cilindru ra\u017eo\u0161an\u0101, kas lieliski aizst\u0101j eso\u0161os mode\u013cus, nodro\u0161inot neman\u0101mu integr\u0101ciju un optim\u0101lu veiktsp\u0113ju.<\/p>\n<h2>Hidraulisk\u0101 cilindra pielietojums<\/h2>\n<h3>1. Sanit\u0101rijas transportl\u012bdzek\u013cu darb\u012bba<\/h3>\n<p>\u0160o hidraulisko cilindru galvenok\u0101rt izmanto sanit\u0101rijas transportl\u012bdzek\u013cos, lai darbin\u0101tu atkritumu konteineru nostiprin\u0101\u0161anas \u0101\u0137us. Tas nodro\u0161ina, ka konteineri transport\u0113\u0161anas laik\u0101 ir dro\u0161i nofiks\u0113ti, nov\u0113r\u0161ot izbir\u0161anu un uzlabojot gan autovad\u012bt\u0101ju, gan g\u0101j\u0113ju dro\u0161\u012bbu. Atvieglojot konteineru \u0101tru atbr\u012bvo\u0161anu un nofiks\u0113\u0161anu, tas palielina atkritumu sav\u0101k\u0161anas procesu darb\u012bbas efektivit\u0101ti.<\/p>\n<h3>2. Atkritumu sav\u0101k\u0161anas sist\u0113mas<\/h3>\n<p>Atkritumu sav\u0101k\u0161anas sist\u0113m\u0101s hidrauliskais cilindrs pal\u012bdz meh\u0101nismam, kas pace\u013c un izg\u0101\u017e konteinerus sav\u0101k\u0161anas transportl\u012bdzekl\u012b. T\u0101 uzticam\u0101 funkcija nodro\u0161ina vienm\u0113r\u012bgu pacel\u0161anas procesu, samazinot gan transportl\u012bdzek\u013ca, gan konteinera nodilumu. Tas veicina videi draudz\u012bg\u0101ku darb\u012bbu, samazinot izbirumus un nodro\u0161inot visu atkritumu efekt\u012bvu sav\u0101k\u0161anu.<\/p>\n<h3>3. P\u0101rstr\u0101des programmas<\/h3>\n<p>P\u0101rstr\u0101des programm\u0101s hidrauliskais cilindrs tiek izmantots, lai darbin\u0101tu meh\u0101nismus, kas \u0161\u0137iro un transport\u0113 p\u0101rstr\u0101d\u0101jamus materi\u0101lus. T\u0101 precizit\u0101te un uzticam\u012bba pal\u012bdz p\u0101rvald\u012bt materi\u0101lu pl\u016bsmu, nodro\u0161inot, ka p\u0101rstr\u0101des process saglab\u0101jas efekt\u012bvs un lietder\u012bgs, t\u0101d\u0113j\u0101di veicinot ilgtsp\u0113j\u012bbu atkritumu apsaimnieko\u0161an\u0101.<\/p>\n<h2>Dizaina apsv\u0113rumi un atlases krit\u0113riji<\/h2>\n<h3>1. Kravnes\u012bba<\/h3>\n<p>Hidraulisk\u0101 cilindra kravnes\u012bba ir kritisks faktors, kas nosaka, cik lielu svaru tas var dro\u0161i iztur\u0113t bez atteices. Tas ietver maksim\u0101l\u0101s slodzes, kas tiks pielietota ekspluat\u0101cijas laik\u0101, \u0146em\u0161anu v\u0113r\u0101, nodro\u0161inot, ka cilindrs ir pietiekami iztur\u012bgs, lai iztur\u0113tu radu\u0161\u0101s slodzes. Pareizi slodzes apr\u0113\u0137ini nov\u0113r\u0161 priek\u0161laic\u012bgu nodilumu un pagarina cilindra kalpo\u0161anas laiku.<\/p>\n<h3>2. Bl\u012bv\u0113juma veiktsp\u0113ja<\/h3>\n<p>Efekt\u012bvs bl\u012bv\u0113jums ir b\u016btisks hidrauliskajiem cilindriem, lai uztur\u0113tu spiedienu un nov\u0113rstu nopl\u016bdes. Bl\u012bv\u0113\u0161anas materi\u0101lu, piem\u0113ram, poliuret\u0101na vai nitrila gumijas, izv\u0113lei ir b\u016btiska loma ilgtermi\u0146a darb\u012bbas nodro\u0161in\u0101\u0161an\u0101. \u0160ie materi\u0101li nodro\u0161ina izcilu iztur\u012bbu pret nodilumu, vienlaikus saglab\u0101jot herm\u0113tiskumu darba spiediena apst\u0101k\u013cos.<\/p>\n<h3>3. Iztur\u012bba un ilgm\u016b\u017e\u012bba<\/h3>\n<p>Iztur\u012bbas apsv\u0113rumi ietver augstas kvalit\u0101tes materi\u0101lu un aizsargp\u0101rkl\u0101jumu izv\u0113li, kas sp\u0113j iztur\u0113t skarbus vides apst\u0101k\u013cus. Tas ir \u012bpa\u0161i svar\u012bgi sanit\u0101rijas pielietojumos, kur bie\u017ei tiek pak\u013cauti kod\u012bg\u0101m viel\u0101m. Labi projekt\u0113tam cilindram b\u016bs iztur\u012bga konstrukcija, lai maksim\u0101li palielin\u0101tu kalpo\u0161anas laiku un samazin\u0101tu nepiecie\u0161am\u012bbu p\u0113c bie\u017eas nomai\u0146as.<\/p>\n<h3>4. Dro\u0161\u012bbas funkcijas<\/h3>\n<p>Dro\u0161\u012bba hidrauliskaj\u0101s sist\u0113m\u0101s ir \u0101rk\u0101rt\u012bgi svar\u012bga. Projekt\u0113\u0161an\u0101 j\u0101iek\u013cauj funkcijas, kas samazina atteices risku, piem\u0113ram, spiediena samazin\u0101\u0161anas v\u0101rsti un dro\u0161\u012bbas meh\u0101nismi. \u0160\u012bs sast\u0101vda\u013cas nodro\u0161ina, ka darb\u012bbas trauc\u0113jumu gad\u012bjum\u0101 sist\u0113ma var dro\u0161i atbr\u012bvot spiedienu un nov\u0113rst negad\u012bjumus darb\u012bbas laik\u0101.<\/p>\n<h3>5. Apkopes un remonta apsv\u0113rumi<\/h3>\n<p>Apkope ir \u013coti svar\u012bga hidraulisko cilindru ilgm\u016b\u017e\u012bbai. Projekt\u0113\u0161anas apsv\u0113rumiem j\u0101nodro\u0161ina \u0113rta piek\u013cuve komponentiem p\u0101rbaudei un apkopei, tostarp bl\u012bv\u0113m un e\u013c\u013co\u0161anas punktiem. Modul\u0101ru komponentu iek\u013cau\u0161ana var vienk\u0101r\u0161ot remontu un samazin\u0101t d\u012bkst\u0101ves laiku, nodro\u0161inot sist\u0113mas darb\u012bbu.<\/p>\n<h2>Bl\u012bv\u0113\u0161ana un e\u013c\u013co\u0161ana<\/h2>\n<p>Pareiza bl\u012bv\u0113\u0161ana un e\u013c\u013co\u0161ana ir b\u016btiska hidraulisko cilindru efekt\u012bvai darb\u012bbai. Lai nodro\u0161in\u0101tu herm\u0113tisku bl\u012bv\u0113jumu cilindr\u0101, tiek izmantoti da\u017e\u0101di bl\u012bv\u0113\u0161anas komponenti, piem\u0113ram, virzu\u013ca un stie\u0146a bl\u012bv\u0113jumi. Bl\u012bv\u0113jumi, kas izgatavoti no nodilumiztur\u012bgiem materi\u0101liem, piem\u0113ram, poliuret\u0101na un nitrila gumijas, nodro\u0161ina izcilu iztur\u012bbu pret nodilumu un vides faktoriem.<\/p>\n<p>Cilindra korpuss un v\u012bt\u0146ot\u0101s gala virsmas ir r\u016bp\u012bgi apstr\u0101d\u0101tas, lai uzlabotu nodilumiztur\u012bbu. Regul\u0101rai apkopei nepiecie\u0161ama periodiska e\u013c\u013co\u0161ana ar hidraulisko e\u013c\u013cu, lai samazin\u0101tu berzi un veicin\u0101tu vienm\u0113r\u012bgu darb\u012bbu. Tas ne tikai pagarina bl\u012bv\u0113jumu kalpo\u0161anas laiku, bet ar\u012b uzlabo sist\u0113mas kop\u0113jo veiktsp\u0113ju.<\/p>\n<h2>Regul\u0101ra p\u0101rbaude un profilaktisk\u0101 apkope<\/h2>\n<ul>\n<li><strong>Regul\u0101ras p\u0101rbaudes:<\/strong> Regul\u0101ri veiciet vizu\u0101las p\u0101rbaudes, lai noteiktu nodiluma, nopl\u016b\u017eu vai boj\u0101jumu paz\u012bmes. Probl\u0113mu agr\u012bna atkl\u0101\u0161ana var nov\u0113rst nopietnus boj\u0101jumus.<\/li>\n<li><strong>E\u013c\u013co\u0161anas grafiks:<\/strong> Izveidojiet e\u013c\u013co\u0161anas grafiku, lai nodro\u0161in\u0101tu, ka bl\u012bves un kust\u012bg\u0101s da\u013cas ir pien\u0101c\u012bgi iee\u013c\u013cotas, uzlabojot veiktsp\u0113ju un samazinot nodilumu.<\/li>\n<li><strong>Bl\u012bv\u0113juma nomai\u0146a:<\/strong> Regul\u0101ri p\u0101rbaudiet bl\u012bves, vai nav nodiluma paz\u012bmju, un nomainiet t\u0101s p\u0113c nepiecie\u0161am\u012bbas, lai uztur\u0113tu optim\u0101lu bl\u012bv\u0113juma veiktsp\u0113ju un nov\u0113rstu \u0161\u0137idruma zudumus.<\/li>\n<\/ul>\n<p>Prevent\u012bvie apkopes pas\u0101kumi ir b\u016btiski, lai nodro\u0161in\u0101tu hidraulisk\u0101 cilindra efekt\u012bvu un dro\u0161u darb\u012bbu, samazinot negaid\u012btu k\u013c\u016bmju risku.<\/p>\n<h2>Uzst\u0101d\u012b\u0161anas vadl\u012bnijas<\/h2>\n<p>Pareiza hidraulisk\u0101 cilindra uzst\u0101d\u012b\u0161ana ir \u013coti svar\u012bga optim\u0101lai darb\u012bbai. Vispirms p\u0101rliecinieties, vai mont\u0101\u017eas virsmas ir t\u012bras un bez gru\u017eiem. Prec\u012bzi izl\u012bdziniet cilindru ar mont\u0101\u017eas kron\u0161teiniem un nostipriniet to, izmantojot ieteicam\u0101s skr\u016bves un stiprin\u0101jumus. Ir svar\u012bgi izmantot atbilsto\u0161us mont\u0101\u017eas kron\u0161teinus, lai nov\u0113rstu nepareizu izl\u012bdzin\u0101\u0161anu, kas var izrais\u012bt priek\u0161laic\u012bgu nodilumu vai boj\u0101jumus.<\/p>\n<p>Uzst\u0101d\u012b\u0161anas laik\u0101 iev\u0113rojiet ra\u017eot\u0101ja nor\u0101d\u012bjumus par griezes momenta specifik\u0101cij\u0101m, lai nodro\u0161in\u0101tu pareizu stingr\u012bbu, nep\u0101rspie\u017eot deta\u013cas. P\u0113c uzst\u0101d\u012b\u0161anas p\u0101rbaudiet, vai ir pareizs izl\u012bdzin\u0101jums, un nepiecie\u0161am\u012bbas gad\u012bjum\u0101 noregul\u0113jiet. Visbeidzot, p\u0113c uzst\u0101d\u012b\u0161anas veiciet funkcion\u0101lo p\u0101rbaudi, lai p\u0101rliecin\u0101tos, ka cilindrs sist\u0113m\u0101 darbojas vienm\u0113r\u012bgi un efekt\u012bvi.<\/p>\n<h2>Bie\u017ei sastopamie apkopes uzdevumi<\/h2>\n<h3>1. Regul\u0101ras p\u0101rbaudes<\/h3>\n<p>Regul\u0101ru p\u0101rbau\u017eu veik\u0161ana ir \u013coti svar\u012bga, lai identific\u0113tu potenci\u0101l\u0101s probl\u0113mas, pirms t\u0101s saasin\u0101s. P\u0101rbaudiet, vai nav nopl\u016b\u017eu paz\u012bmju ap bl\u012bv\u0113m, p\u0101rliecinieties, vai kust\u012bg\u0101s da\u013cas darbojas nevainojami, un nov\u0113rt\u0113jiet balona visp\u0101r\u0113jo st\u0101vokli. Agr\u012bna iejauk\u0161an\u0101s var nov\u0113rst d\u0101rgus remontdarbus un d\u012bkst\u0101ves.<\/p>\n<h3>2. Pareiza e\u013c\u013co\u0161ana<\/h3>\n<p>Lai uztur\u0113tu optim\u0101lu veiktsp\u0113ju, ir svar\u012bgi nodro\u0161in\u0101t, lai hidrauliskais cilindrs b\u016btu pien\u0101c\u012bgi iee\u013c\u013cots. Izmantojiet ieteicam\u0101s hidraulisk\u0101s e\u013c\u013cas un uzkl\u0101jiet t\u0101s uz atbilsto\u0161ajiem bl\u012bv\u0113jumiem un kust\u012bgaj\u0101m da\u013c\u0101m. Pareiza e\u013c\u013co\u0161ana samazina berzi un nodilumu, t\u0101d\u0113j\u0101di uzlabojot cilindra kalpo\u0161anas laiku.<\/p>\n<h3>3. Bl\u012bv\u0113juma nomai\u0146as un kalibr\u0113\u0161anas p\u0101rbaudes<\/h3>\n<p>Regul\u0101ri nomainiet bl\u012bves k\u0101 da\u013cu no apkopes rut\u012bnas, lai nov\u0113rstu nopl\u016bdes un uztur\u0113tu spiedienu sist\u0113m\u0101. Kalibr\u0113\u0161anas p\u0101rbaudes ir tikpat svar\u012bgas, lai nodro\u0161in\u0101tu, ka cilindrs darbojas noteikto parametru robe\u017e\u0101s, nodro\u0161inot prec\u012bzu veiktsp\u0113ju un nov\u0113r\u0161ot k\u013c\u016bmes.<\/p>\n<h2>Dro\u0161\u012bbas apsv\u0113rumi un vides faktori<\/h2>\n<p>Str\u0101d\u0101jot ar hidrauliskajiem cilindriem, dro\u0161\u012bbas pas\u0101kumi ir \u013coti svar\u012bgi. P\u0101rliecinieties, ka viss person\u0101ls ir apm\u0101c\u012bts dro\u0161\u0101 hidraulisko sist\u0113mu lieto\u0161an\u0101 un ekspluat\u0101cij\u0101. Ieviesiet atbilsto\u0161us blo\u0137\u0113\u0161anas meh\u0101nismus, piem\u0113ram, blo\u0137\u0113\u0161anas \u0101\u0137i \u0161aj\u0101 hidrauliskaj\u0101 cilindr\u0101, lai nov\u0113rstu nejau\u0161u atbr\u012bvo\u0161anos apkopes vai ekspluat\u0101cijas laik\u0101. Turkl\u0101t \u0146emiet v\u0113r\u0101 vides faktorus, nodro\u0161inot, ka hidrauliskais \u0161\u0137idrums tiek p\u0101rvald\u012bts atbild\u012bgi, lai nov\u0113rstu nopl\u016bdes un pies\u0101r\u0146ojumu.<\/p>\n<h2>Probl\u0113mu nov\u0113r\u0161ana un bie\u017ei sastopamas probl\u0113mas<\/h2>\n<ul>\n<li><strong>Nopl\u016bde:<\/strong> Ja paman\u0101t hidraulisk\u0101 \u0161\u0137idruma nopl\u016bdi no cilindra, p\u0101rbaudiet bl\u012bv\u0113jumu nodilumu un, ja nepiecie\u0161ams, nomainiet tos.<\/li>\n<li><strong>Spiediena zudums:<\/strong> Spiediena zudums var liecin\u0101t par aizsprostojumu vai nopl\u016bdi sist\u0113m\u0101. P\u0101rbaudiet l\u012bnijas un savienojumus, vai nav boj\u0101jumu paz\u012bmju.<\/li>\n<li><strong>Iestr\u0113g\u0161ana vai iespr\u016b\u0161ana:<\/strong> Ja cilindrs nekustas vienm\u0113r\u012bgi, p\u0101rbaudiet, vai sist\u0113m\u0101 nav gru\u017eu, un p\u0101rliecinieties, vai t\u0101 ir pareizi iee\u013c\u013cota.<\/li>\n<\/ul>\n<p>\u0160o bie\u017ei sastopamo probl\u0113mu savlaic\u012bga risin\u0101\u0161ana var pal\u012bdz\u0113t saglab\u0101t hidraulisko darb\u012bbu efektivit\u0101ti un dro\u0161\u012bbu.<\/p>\n<p>Lai efekt\u012bvi nov\u0113rstu probl\u0113mas, vienm\u0113r skatiet ra\u017eot\u0101ja nor\u0101d\u012bjumus un uzturiet atk\u0101rtotu probl\u0113mu \u017eurn\u0101lu, lai identific\u0113tu mode\u013cus, kuriem var b\u016bt nepiecie\u0161ama turpm\u0101ka iejauk\u0161an\u0101s.<\/p>\n<p><img decoding=\"async\" src=\"https:\/\/www.hydraulic-cylinders.net\/wp-content\/uploads\/2025\/05\/hydraulic-cylinder-all-2.webp\" alt=\"Hidrauliskais cilindrs\" \/><\/p>\n<h2>Par m\u016bsu uz\u0146\u0113mumu<\/h2>\n<p>M\u0113s esam vado\u0161ais hidraulisko cilindru ra\u017eot\u0101js, kas pied\u0101v\u0101 pla\u0161u augstas kvalit\u0101tes produktu kl\u0101stu da\u017e\u0101diem pielietojumiem. M\u016bsu ap\u0146em\u0161an\u0101s sasniegt izcil\u012bbu ir pozicion\u0113jusi m\u016bs k\u0101 l\u012bderus gan viet\u0113j\u0101, gan starptautiskaj\u0101 tirg\u016b. M\u0113s lepojamies ar to, ka pieg\u0101d\u0101jam profesion\u0101las klases hidrauliskos risin\u0101jumus, ko apliecina starptautiski sertifik\u0101ti, kas garant\u0113 uzticam\u012bbu un dro\u0161\u012bbu.<\/p>\n<p>M\u016bsu ra\u017eotne ir apr\u012bkota ar modern\u0101kaj\u0101m iek\u0101rt\u0101m, kas \u013cauj mums pied\u0101v\u0101t piel\u0101gojamus risin\u0101jumus, kas piel\u0101goti konkr\u0113t\u0101m klientu pras\u012bb\u0101m. Turkl\u0101t m\u0113s nodro\u0161in\u0101m visaptvero\u0161u p\u0113cp\u0101rdo\u0161anas atbalstu, nodro\u0161inot, ka m\u016bsu klienti sa\u0146em nepiecie\u0161amo pal\u012bdz\u012bbu vis\u0101 m\u016bsu produktu dz\u012bves cikl\u0101.<\/p>\n<p><img decoding=\"async\" src=\"https:\/\/www.hydraulic-cylinders.net\/wp-content\/uploads\/2025\/05\/xinxin-hydraulic-cylinder-factory-1.webp\" alt=\"Hidraulisko cilindru r\u016bpn\u012bca\" \/><\/p>\n<p>Autors: lil<\/p>","protected":false},"excerpt":{"rendered":"<p>Sanitation Vehicle Locking Hook Hydraulic Cylinder Introduction to the Hydraulic Cylinder The Sanitation Vehicle Locking Hook Hydraulic Cylinder is a crucial component designed to enhance the functionality of sanitation vehicles. This hydraulic cylinder operates by converting fluid pressure into mechanical force, enabling the locking and unlocking mechanisms for effective load management. The cylinder plays a [&hellip;]<\/p>","protected":false},"featured_media":20625,"comment_status":"open","ping_status":"closed","template":"","meta":{"_et_pb_use_builder":"","_et_pb_old_content":"","_et_gb_content_width":""},"product_brand":[],"product_cat":[1483,1558],"product_tag":[],"class_list":{"0":"post-20710","1":"product","2":"type-product","3":"status-publish","4":"has-post-thumbnail","6":"product_cat-construction-machinery-hydraulic-cylinders","7":"product_cat-sanitation-machinery-hydraulic-cylinders-2","9":"first","10":"instock","11":"shipping-taxable","12":"product-type-simple"},"amp_enabled":true,"_links":{"self":[{"href":"https:\/\/www.hydraulic-cylinders.net\/lv\/wp-json\/wp\/v2\/product\/20710","targetHints":{"allow":["GET"]}}],"collection":[{"href":"https:\/\/www.hydraulic-cylinders.net\/lv\/wp-json\/wp\/v2\/product"}],"about":[{"href":"https:\/\/www.hydraulic-cylinders.net\/lv\/wp-json\/wp\/v2\/types\/product"}],"replies":[{"embeddable":true,"href":"https:\/\/www.hydraulic-cylinders.net\/lv\/wp-json\/wp\/v2\/comments?post=20710"}],"wp:featuredmedia":[{"embeddable":true,"href":"https:\/\/www.hydraulic-cylinders.net\/lv\/wp-json\/wp\/v2\/media\/20625"}],"wp:attachment":[{"href":"https:\/\/www.hydraulic-cylinders.net\/lv\/wp-json\/wp\/v2\/media?parent=20710"}],"wp:term":[{"taxonomy":"product_brand","embeddable":true,"href":"https:\/\/www.hydraulic-cylinders.net\/lv\/wp-json\/wp\/v2\/product_brand?post=20710"},{"taxonomy":"product_cat","embeddable":true,"href":"https:\/\/www.hydraulic-cylinders.net\/lv\/wp-json\/wp\/v2\/product_cat?post=20710"},{"taxonomy":"product_tag","embeddable":true,"href":"https:\/\/www.hydraulic-cylinders.net\/lv\/wp-json\/wp\/v2\/product_tag?post=20710"}],"curies":[{"name":"wp","href":"https:\/\/api.w.org\/{rel}","templated":true}]}}