{"id":20711,"date":"2025-05-27T06:22:00","date_gmt":"2025-05-27T06:22:00","guid":{"rendered":"https:\/\/www.hydraulic-cylinders.net\/product\/sanitation-vehicle-top-cover-hydraulic-cylinder\/"},"modified":"2025-05-27T06:22:02","modified_gmt":"2025-05-27T06:22:02","slug":"sanitation-vehicle-top-cover-hydraulic-cylinder","status":"publish","type":"product","link":"https:\/\/www.hydraulic-cylinders.net\/lv\/products\/sanitation-vehicle-top-cover-hydraulic-cylinder\/","title":{"rendered":"Sanit\u0101rijas transportl\u012bdzek\u013ca aug\u0161\u0113j\u0101 v\u0101ka hidrauliskais cilindrs"},"content":{"rendered":"<h1>Sanit\u0101rijas transportl\u012bdzek\u013ca aug\u0161\u0113j\u0101 v\u0101ka hidrauliskais cilindrs<\/h1>\n<h2>Produkta p\u0101rskats<\/h2>\n<p>Sanit\u0101rijas transportl\u012bdzek\u013ca aug\u0161\u0113j\u0101 v\u0101ka hidrauliskais cilindrs ir b\u016btiska sast\u0101vda\u013ca, kas paredz\u0113ta sanit\u0101rijas transportl\u012bdzek\u013cu efekt\u012bvai darb\u012bbai. \u0160is hidrauliskais cilindrs ir atbild\u012bgs par aug\u0161\u0113j\u0101 v\u0101ka pacel\u0161anu un nolai\u0161anu, nodro\u0161inot, ka atkritumu apsaimnieko\u0161anas procesi tiek veikti neman\u0101mi. Izgatavots no augstas kvalit\u0101tes materi\u0101liem, tas nodro\u0161ina uzticamu risin\u0101jumu da\u017e\u0101diem sanit\u0101rijas nozares pielietojumiem. Hidrauliskais cilindrs darbojas, p\u0101rveidojot \u0161\u0137idruma ener\u0123iju meh\u0101niskaj\u0101 ener\u0123ij\u0101, nodro\u0161inot vienm\u0113r\u012bgu kust\u012bbu un kontroli. T\u0101 iztur\u012bg\u0101 konstrukcija nodro\u0161ina iztur\u012bbu, padarot to piem\u0113rotu smagiem uzdevumiem. Ar 63 mm diametru un 35 mm stie\u0146a diametru t\u0101 g\u0101jiena att\u0101lums ir 140 mm un uzst\u0101d\u012b\u0161anas att\u0101lums ir 405 mm, padarot to daudzpus\u012bgu da\u017e\u0101diem sanit\u0101rijas transportl\u012bdzek\u013cu konstrukcij\u0101m.<\/p>\n<h2>Produkta specifik\u0101cijas<\/h2>\n<h3>Specifik\u0101ciju p\u0101rskats<\/h3>\n<ul>\n<li>Cilindra diametrs: 63 mm<\/li>\n<li>Stie\u0146a diametrs: 35 mm<\/li>\n<li>Ce\u013cojums: 140 mm<\/li>\n<li>Uzst\u0101d\u012b\u0161anas att\u0101lums: 405 mm<\/li>\n<\/ul>\n<p>\u0160\u012bs specifik\u0101cijas izce\u013c hidraulisk\u0101 cilindra sp\u0113ju iztur\u0113t iev\u0113rojamas slodzes, vienlaikus saglab\u0101jot efektivit\u0101ti. Konkr\u0113tie izm\u0113ri nodro\u0161ina sader\u012bbu ar da\u017e\u0101diem sanit\u0101rijas transportl\u012bdzek\u013cu mode\u013ciem, nodro\u0161inot prec\u012bzu atbilst\u012bbu optim\u0101lai veiktsp\u0113jai.<\/p>\n<h2>Galven\u0101s iez\u012bmes<\/h2>\n<ul>\n<li>Augsta kravnes\u012bba sare\u017e\u0123\u012btiem sanit\u0101rijas darbiem.<\/li>\n<li>Efekt\u012bva bl\u012bv\u0113\u0161anas sist\u0113ma nopl\u016b\u017eu nov\u0113r\u0161anai.<\/li>\n<li>Iztur\u012bga konstrukcija ilgsto\u0161ai veiktsp\u0113jai.<\/li>\n<li>Rea\u0123\u0113jo\u0161a darb\u012bba, kas pal\u012bdz \u0101tri p\u0101rvietot p\u0101rsegu.<\/li>\n<li>Piel\u0101gojamas opcijas, kas pieejamas \u012bpa\u0161\u0101m vajadz\u012bb\u0101m.<\/li>\n<\/ul>\n<p>M\u016bsu ra\u017eo\u0161anas iesp\u0113jas \u013cauj mums ra\u017eot \u0161o hidraulisko cilindru, nodro\u0161inot, ka tas var perfekti aizst\u0101t eso\u0161\u0101s vien\u012bbas ar uzlabotu veiktsp\u0113ju un uzticam\u012bbu.<\/p>\n<h2>Lietojumprogrammu scen\u0101riji<\/h2>\n<h3>Atkritumu apsaimnieko\u0161anas transportl\u012bdzek\u013ci<\/h3>\n<p>\u0160o hidraulisko cilindru galvenok\u0101rt izmanto atkritumu apsaimnieko\u0161anas transportl\u012bdzek\u013cos, lai atvieglotu aug\u0161\u0113j\u0101 v\u0101ka pacel\u0161anu un nolai\u0161anu. Cilindra efekt\u012bva darb\u012bba ir \u013coti svar\u012bga, lai nodro\u0161in\u0101tu atkritumu dro\u0161u notur\u0113\u0161anu transport\u0113\u0161anas laik\u0101, samazinot iz\u0161\u013cakst\u012b\u0161anos un smaku. \u0160ie transportl\u012bdzek\u013ci izmanto hidraulisko cilindru, lai nodro\u0161in\u0101tu \u0101tru piek\u013cuvi atkritumu nodal\u012bjumam, t\u0101d\u0113j\u0101di operatoriem atvieglojot atkritumu efekt\u012bvu apsaimnieko\u0161anu. Cilindra uzticam\u0101 darb\u012bba veicina atkritumu sav\u0101k\u0161anas procesu kop\u0113jo efektivit\u0101ti.<\/p>\n<h3>Kravas automa\u0161\u012bnu p\u0101rstr\u0101de<\/h3>\n<p>P\u0101rstr\u0101des oper\u0101cij\u0101s hidrauliskajam cilindram ir b\u016btiska loma p\u0101rstr\u0101des kravas automa\u0161\u012bnu v\u0101ku atv\u0113r\u0161an\u0101 un aizv\u0113r\u0161an\u0101. Tas nodro\u0161ina, ka da\u017e\u0101dus materi\u0101lus var atdal\u012bt un atbilsto\u0161i p\u0101rvald\u012bt p\u0101rvad\u0101\u0161anas laik\u0101. Sp\u0113ja netrauc\u0113ti darboties da\u017e\u0101dos apst\u0101k\u013cos ir b\u016btiska, lai saglab\u0101tu p\u0101rstr\u0101d\u0101jamo materi\u0101lu integrit\u0101ti. Pieaugot ba\u017e\u0101m par vidi, \u0161\u012bs lietojumprogrammas k\u013c\u016bst arvien svar\u012bg\u0101kas ilgtsp\u0113j\u012bgas prakses veicin\u0101\u0161an\u0101 pils\u0113tvid\u0113.<\/p>\n<h3>Kompaktori<\/h3>\n<p>Ar\u012b kompaktori g\u016bst labumu no hidraulisk\u0101 cilindra funkcionalit\u0101tes. Meh\u0101nisms ir \u013coti svar\u012bgs atkritumu efekt\u012bvai saspie\u0161anai, \u013caujot optim\u0101li izmantot telpu kravas automa\u0161\u012bn\u0101. Cilindra konstrukcija nodro\u0161ina stabilu veiktsp\u0113ju pat str\u0101d\u0101jot ar smag\u0101m krav\u0101m, nodro\u0161inot efekt\u012bvu bl\u012bv\u0113\u0161anas procesu. \u0160\u012b efektivit\u0101te ne tikai uzlabo atkritumu sav\u0101k\u0161anas darb\u012bbas, bet ar\u012b palielina degvielas ekonomiju, maksim\u0101li palielinot kravnes\u012bbu.<\/p>\n<h2>Dizaina apsv\u0113rumi<\/h2>\n<h3>Kravnes\u012bba<\/h3>\n<p>Projekt\u0113jot hidrauliskos cilindrus, kravnes\u012bba ir galvenais apsv\u0113rums. Cilindram ir j\u0101iztur iev\u0113rojamas slodzes, neapdraudot t\u0101 konstrukcijas integrit\u0101ti. Labi projekt\u0113ts cilindrs nodro\u0161ina uzticam\u012bbu, garant\u0113jot, ka tas var darboties lielas ekspluat\u0101cijas slodzes apst\u0101k\u013cos, kas parasti rodas sanit\u0101rijas transportl\u012bdzek\u013cos.<\/p>\n<h3>Bl\u012bv\u0113\u0161anas efektivit\u0101te<\/h3>\n<p>Efekt\u012bva bl\u012bv\u0113\u0161ana ir \u013coti svar\u012bga, lai nov\u0113rstu hidraulisk\u0101 \u0161\u0137idruma nopl\u016bdi. Lai uzlabotu cilindra veiktsp\u0113ju un kalpo\u0161anas laiku, tiek izmantoti augstas kvalit\u0101tes bl\u012bv\u0113\u0161anas materi\u0101li, piem\u0113ram, poliuret\u0101ns un nitrilgumija. \u0160ie bl\u012bv\u0113jumi ir izstr\u0101d\u0101ti, lai iztur\u0113tu hidrauliskaj\u0101m sist\u0113m\u0101m rakstur\u012bgo augsto spiedienu un main\u012bgo temperat\u016bru, nodro\u0161inot darb\u012bbas efektivit\u0101ti.<\/p>\n<h3>Iztur\u012bba<\/h3>\n<p>Hidraulisk\u0101 cilindra iztur\u012bba ir \u0101rk\u0101rt\u012bgi svar\u012bga, \u012bpa\u0161i sare\u017e\u0123\u012btos apst\u0101k\u013cos. Augstas kvalit\u0101tes materi\u0101lu un prec\u012bzu in\u017eeniertehnisko meto\u017eu izmanto\u0161ana uzlabo produkta ilgm\u016b\u017e\u012bbu. Iztur\u012bba nodro\u0161ina cilindra nemain\u012bgu darb\u012bbu laika gait\u0101, samazinot nomai\u0146as un apkopes bie\u017eumu.<\/p>\n<h3>Dro\u0161\u012bbas funkcijas<\/h3>\n<p>Dro\u0161\u012bbas elementu iek\u013cau\u0161ana hidraulisko cilindru konstrukcij\u0101 ir b\u016btiska, lai aizsarg\u0101tu operatorus un apr\u012bkojumu. T\u0101das funkcijas k\u0101 spiediena samazin\u0101\u0161anas v\u0101rsti un p\u0101rslodzes aizsardz\u012bbas meh\u0101nismi ir vit\u0101li svar\u012bgas, lai nov\u0113rstu negad\u012bjumus un nodro\u0161in\u0101tu dro\u0161u darb\u012bbu. \u0160is apsv\u0113rums ir \u012bpa\u0161i svar\u012bgs vid\u0113, kur bie\u017ei sastopamas lielas slodzes un hidrauliskais spiediens.<\/p>\n<h3>Apkope un izmantojam\u012bba<\/h3>\n<p>Hidraulisko cilindru projekt\u0113\u0161ana t\u0101, lai tos b\u016btu viegli apkopt, ir \u013coti svar\u012bga, lai samazin\u0101tu d\u012bkst\u0101ves laiku. T\u0101das funkcijas k\u0101 viegli pieejamas bl\u012bves un e\u013c\u013co\u0161anas punkti nodro\u0161ina vienk\u0101r\u0161u apkopi. \u0160\u012b projekt\u0113\u0161anas strat\u0113\u0123ija nodro\u0161ina, ka regul\u0101ru apkopi var veikt bez specializ\u0113tiem instrumentiem vai p\u0101rm\u0113r\u012bgas demont\u0101\u017eas.<\/p>\n<h2>Bl\u012bv\u0113\u0161ana un e\u013c\u013co\u0161ana<\/h2>\n<p>Hidraulisko cilindru bl\u012bv\u0113\u0161ana un e\u013c\u013co\u0161ana ir kritiski svar\u012bga to veiktsp\u0113jai un ilgm\u016b\u017e\u012bbai. Tiek izmantoti da\u017e\u0101di bl\u012bv\u0113jumi, tostarp virzu\u013ca bl\u012bv\u0113jumi un stie\u0146a bl\u012bv\u0113jumi, kas ir b\u016btiski sist\u0113mas spiediena uztur\u0113\u0161anai. Bl\u012bv\u0113jumu materi\u0101lu, piem\u0113ram, poliuret\u0101na un nitrila gumijas, izv\u0113le uzlabo nodilumiztur\u012bbu un ilgm\u016b\u017e\u012bbu, nodro\u0161inot, ka bl\u012bv\u0113jumi var iztur\u0113t skarbus ekspluat\u0101cijas apst\u0101k\u013cus.<\/p>\n<p>Cilindra korpuss un v\u012bt\u0146ot\u0101s gala virsmas tiek r\u016bp\u012bgi apstr\u0101d\u0101tas, lai uzlabotu nodilumiztur\u012bbu. \u0160\u012b apstr\u0101de ir vit\u0101li svar\u012bga, jo t\u0101 samazina bl\u012bv\u0113jumu nomai\u0146as bie\u017eumu un uzlabo kop\u0113jo veiktsp\u0113ju. Regul\u0101ra e\u013c\u013co\u0161ana ar atbilsto\u0161u hidraulisko e\u013c\u013cu ir b\u016btiska, lai samazin\u0101tu berzi un nodilumu, nodro\u0161inot vienm\u0113r\u012bgu darb\u012bbu un pagarinot cilindra kalpo\u0161anas laiku.<\/p>\n<h2>Prevent\u012bvie apkopes pas\u0101kumi<\/h2>\n<ul>\n<li>Regul\u0101ri veiciet p\u0101rbaudes, lai noteiktu nopl\u016bdes un nodilumu.<\/li>\n<li>Nodro\u0161iniet kust\u012bgo da\u013cu pareizu e\u013c\u013co\u0161anu.<\/li>\n<li>Regul\u0101ri p\u0101rbaudiet bl\u012bves, vai nav boj\u0101jumu vai nodiluma paz\u012bmju.<\/li>\n<\/ul>\n<p>\u0160o prevent\u012bvo pas\u0101kumu ievie\u0161ana pal\u012bdz uztur\u0113t optim\u0101lu veiktsp\u0113ju un pagarina hidraulisk\u0101 cilindra kalpo\u0161anas laiku. Regul\u0101ras p\u0101rbaudes var identific\u0113t potenci\u0101l\u0101s probl\u0113mas, pirms t\u0101s saasin\u0101s, t\u0101d\u0113j\u0101di ietaupot laiku un izmaksas, kas saist\u012btas ar lieliem remontiem.<\/p>\n<h2>Uzst\u0101d\u012b\u0161anas vadl\u012bnijas<\/h2>\n<p>Pareiza hidraulisk\u0101 cilindra uzst\u0101d\u012b\u0161ana ir \u013coti svar\u012bga t\u0101 darb\u012bbai. Vispirms p\u0101rliecinieties, vai visas sast\u0101vda\u013cas ir t\u012bras un bez gru\u017eiem. Prec\u012bzi izl\u012bdziniet cilindru ar uzst\u0101d\u012b\u0161anas kron\u0161teiniem, izmantojot atbilsto\u0161us stiprin\u0101jumus, lai to nostiprin\u0101tu viet\u0101. Ir \u013coti svar\u012bgi p\u0101rbaud\u012bt, vai visi hidrauliskie savienojumi ir cie\u0161i un bez nopl\u016bd\u0113m.<\/p>\n<p>Uzst\u0101d\u012b\u0161anas laik\u0101 skatiet ra\u017eot\u0101ja specifik\u0101cijas attiec\u012bb\u0101 uz griezes momenta iestat\u012bjumiem un citiem parametriem. P\u0113c uzst\u0101d\u012b\u0161anas veiciet r\u016bp\u012bgu p\u0101rbaudi, lai p\u0101rliecin\u0101tos, ka cilindrs darbojas nevainojami vis\u0101 t\u0101 kust\u012bbas diapazon\u0101. Regul\u0101ri p\u0101rbaudiet visus stiprin\u0101juma punktus un savienojumus, jo vibr\u0101cijas un citi faktori laika gait\u0101 var izrais\u012bt to atsl\u0101b\u0161anu.<\/p>\n<h2>Apkopes uzdevumi<\/h2>\n<h3>Regul\u0101ras p\u0101rbaudes<\/h3>\n<p>Regul\u0101ru p\u0101rbau\u017eu veik\u0161ana ir \u013coti svar\u012bga, lai laikus identific\u0113tu iesp\u0113jam\u0101s probl\u0113mas. Mekl\u0113jiet nodiluma, korozijas un \u0161\u0137idrumu nopl\u016b\u017eu paz\u012bmes, kas var liecin\u0101t par nepiecie\u0161am\u012bbu veikt remontu vai nomain\u012bt deta\u013cas. P\u0101rbaudes j\u0101veic pl\u0101notos interv\u0101los, \u012bpa\u0161i p\u0113c iev\u0113rojamiem ekspluat\u0101cijas periodiem.<\/p>\n<h3>Pareiza e\u013c\u013co\u0161ana<\/h3>\n<p>E\u013c\u013co\u0161ana ir \u013coti svar\u012bga, lai nov\u0113rstu kust\u012bgo da\u013cu nodilumu. P\u0101rliecinieties, vai izmantot\u0101 hidraulisk\u0101 e\u013c\u013ca ir sader\u012bga ar cilindru, un uzpildiet to p\u0113c nepiecie\u0161am\u012bbas, lai uztur\u0113tu atbilsto\u0161u l\u012bmeni. Labi iee\u013c\u013cots cilindrs darbojas efekt\u012bv\u0101k un tam ir ilg\u0101ks kalpo\u0161anas laiks.<\/p>\n<h3>Bl\u012bv\u0113juma nomai\u0146a un kalibr\u0113\u0161ana<\/h3>\n<p>Nodilu\u0161u bl\u012bv\u0113jumu nomai\u0146a ir \u013coti svar\u012bga cilindra darb\u012bbas uztur\u0113\u0161anai. Regul\u0101ri p\u0101rbaudiet, vai bl\u012bv\u0113jumiem nav nodiluma paz\u012bmju, un nomainiet tos p\u0113c nepiecie\u0161am\u012bbas, lai nov\u0113rstu hidraulisk\u0101 \u0161\u0137idruma nopl\u016bdi. J\u0101veic ar\u012b kalibr\u0113\u0161anas p\u0101rbaudes, lai nodro\u0161in\u0101tu, ka cilindrs darbojas noteikto parametru robe\u017e\u0101s, saglab\u0101jot optim\u0101lu veiktsp\u0113ju.<\/p>\n<h2>Dro\u0161\u012bbas apsv\u0113rumi un vides faktori<\/h2>\n<p>Izmantojot hidrauliskos cilindrus, stingri j\u0101iev\u0113ro dro\u0161\u012bbas pas\u0101kumi. Operatoriem j\u0101b\u016bt apm\u0101c\u012btiem pareiz\u0101s lieto\u0161anas proced\u016br\u0101s, lai mazin\u0101tu riskus. Tas ietver izpratni par potenci\u0101lajiem apdraud\u0113jumiem, kas saist\u012bti ar hidraulisko \u0161\u0137idrumu zem spiediena, un atbilsto\u0161u individu\u0101lo aizsardz\u012bbas l\u012bdzek\u013cu (IAL) noz\u012bmi. Dro\u0161ai darb\u012bbai ir svar\u012bgi nodro\u0161in\u0101t, lai visi dro\u0161\u012bbas meh\u0101nismi darbotos pareizi.<\/p>\n<h2>K\u013c\u016bmju diagnostika un bie\u017e\u0101k sastopam\u0101s probl\u0113mas<\/h2>\n<ul>\n<li>Veiktsp\u0113jas probl\u0113mu identific\u0113\u0161ana<\/li>\n<li>Nopl\u016b\u017eu noteik\u0161anas metodes<\/li>\n<li>Bie\u017ei sastopamas bl\u012bv\u0113juma k\u013c\u016bmes<\/li>\n<\/ul>\n<p>Hidraulisko cilindru defektu diagnostikai nepiecie\u0161ama metodiska pieeja. S\u0101ciet, nov\u0113rojot visas veiktsp\u0113jas probl\u0113mas, piem\u0113ram, samazin\u0101tu celtsp\u0113ju vai neregul\u0101ras kust\u012bbas. Ja tiek konstat\u0113tas nopl\u016bdes, nov\u0113rt\u0113jiet bl\u012bv\u0113jumu un savienojumu nodilumu vai boj\u0101jumus. Bie\u017ei sastopamas bl\u012bv\u0113jumu atteices bie\u017ei vien var b\u016bt saist\u012btas ar nepareizu uzst\u0101d\u012b\u0161anu vai nesader\u012bgu materi\u0101lu izmanto\u0161anu, t\u0101p\u0113c ir nepiecie\u0161ama r\u016bp\u012bga izv\u0113le un regul\u0101ra apkope.<\/p>\n<h2>Probl\u0113mu nov\u0113r\u0161anas padomi<\/h2>\n<p>Lai efekt\u012bvi nov\u0113rstu hidraulisko cilindru probl\u0113mas, uzturiet visu apkopes uzdevumu un visu veiktsp\u0113jas izmai\u0146u \u017eurn\u0101lu. \u0160\u012b inform\u0101cija var pal\u012bdz\u0113t identific\u0113t mode\u013cus, kas nor\u0101da uz pamatprobl\u0113m\u0101m. Regul\u0101ra operatoru apm\u0101c\u012bba par agr\u012bnu k\u013c\u016bmju paz\u012bmju atpaz\u012b\u0161anu var nodro\u0161in\u0101t savlaic\u012bgu iejauk\u0161anos un nov\u0113rst turpm\u0101kas probl\u0113mas.<\/p>\n<p><img decoding=\"async\" src=\"https:\/\/www.hydraulic-cylinders.net\/wp-content\/uploads\/2025\/05\/hydraulic-cylinder-all-2.webp\" alt=\"Hidraulisk\u0101 cilindra att\u0113ls\"><\/p>\n<h2>Par m\u016bsu uz\u0146\u0113mumu<\/h2>\n<p>K\u0101 vado\u0161ais hidraulisko cilindru ra\u017eot\u0101js, m\u016bsu uz\u0146\u0113mums izce\u013cas ar pla\u0161a produktu kl\u0101sta nodro\u0161in\u0101\u0161anu, kas piel\u0101gots gan viet\u0113j\u0101, gan starptautisk\u0101 tirgus vajadz\u012bb\u0101m. M\u016bsu pieredze hidraulisko sist\u0113mu jom\u0101 nodro\u0161ina, ka m\u0113s pieg\u0101d\u0101jam augstas kvalit\u0101tes risin\u0101jumus, kas atbilst nozares standartiem.<\/p>\n<p>M\u0113s lepojamies ar savu profesion\u0101lo pieeju un starptautiskiem sertifik\u0101tiem, kas apstiprina m\u016bsu kvalit\u0101tes nodro\u0161in\u0101\u0161anas procesus. M\u016bsu piel\u0101gotie pakalpojumi atbilst konkr\u0113t\u0101m klientu pras\u012bb\u0101m, nodro\u0161inot, ka katrs produkts ir izstr\u0101d\u0101ts atbilsto\u0161i unik\u0101l\u0101m darb\u012bbas vajadz\u012bb\u0101m.<\/p>\n<p>Apr\u012bkoti ar modern\u0101m ra\u017eo\u0161anas iek\u0101rt\u0101m, m\u0113s izmantojam jaun\u0101k\u0101s tehnolo\u0123ijas, lai ra\u017eotu hidrauliskos cilindrus, kas iztur laika p\u0101rbaudi. M\u016bsu specializ\u0113t\u0101 p\u0113cp\u0101rdo\u0161anas servisa komanda vienm\u0113r ir pieejama, lai pal\u012bdz\u0113tu klientiem nov\u0113rst probl\u0113mas un optimiz\u0113t vi\u0146u hidraulisk\u0101s sist\u0113mas.<\/p>\n<p><img decoding=\"async\" src=\"https:\/\/www.hydraulic-cylinders.net\/wp-content\/uploads\/2025\/05\/xinxin-hydraulic-cylinder-factory-1.webp\" alt=\"Uz\u0146\u0113muma r\u016bpn\u012bcas att\u0113ls\"><\/p>\n<p>Autors: lil<\/p>","protected":false},"excerpt":{"rendered":"<p>Sanitation Vehicle Top Cover Hydraulic Cylinder Product Overview The Sanitation Vehicle Top Cover Hydraulic Cylinder is an essential component designed for the efficient operation of sanitation vehicles. This hydraulic cylinder is responsible for the lifting and lowering of the top cover, ensuring that waste management processes are carried out seamlessly. Made with high-quality materials, it [&hellip;]<\/p>","protected":false},"featured_media":20663,"comment_status":"open","ping_status":"closed","template":"","meta":{"_et_pb_use_builder":"","_et_pb_old_content":"","_et_gb_content_width":""},"product_brand":[],"product_cat":[1483,1558],"product_tag":[],"class_list":{"0":"post-20711","1":"product","2":"type-product","3":"status-publish","4":"has-post-thumbnail","6":"product_cat-construction-machinery-hydraulic-cylinders","7":"product_cat-sanitation-machinery-hydraulic-cylinders-2","9":"first","10":"instock","11":"shipping-taxable","12":"product-type-simple"},"amp_enabled":true,"_links":{"self":[{"href":"https:\/\/www.hydraulic-cylinders.net\/lv\/wp-json\/wp\/v2\/product\/20711","targetHints":{"allow":["GET"]}}],"collection":[{"href":"https:\/\/www.hydraulic-cylinders.net\/lv\/wp-json\/wp\/v2\/product"}],"about":[{"href":"https:\/\/www.hydraulic-cylinders.net\/lv\/wp-json\/wp\/v2\/types\/product"}],"replies":[{"embeddable":true,"href":"https:\/\/www.hydraulic-cylinders.net\/lv\/wp-json\/wp\/v2\/comments?post=20711"}],"wp:featuredmedia":[{"embeddable":true,"href":"https:\/\/www.hydraulic-cylinders.net\/lv\/wp-json\/wp\/v2\/media\/20663"}],"wp:attachment":[{"href":"https:\/\/www.hydraulic-cylinders.net\/lv\/wp-json\/wp\/v2\/media?parent=20711"}],"wp:term":[{"taxonomy":"product_brand","embeddable":true,"href":"https:\/\/www.hydraulic-cylinders.net\/lv\/wp-json\/wp\/v2\/product_brand?post=20711"},{"taxonomy":"product_cat","embeddable":true,"href":"https:\/\/www.hydraulic-cylinders.net\/lv\/wp-json\/wp\/v2\/product_cat?post=20711"},{"taxonomy":"product_tag","embeddable":true,"href":"https:\/\/www.hydraulic-cylinders.net\/lv\/wp-json\/wp\/v2\/product_tag?post=20711"}],"curies":[{"name":"wp","href":"https:\/\/api.w.org\/{rel}","templated":true}]}}