{"id":20713,"date":"2025-05-27T06:22:09","date_gmt":"2025-05-27T06:22:09","guid":{"rendered":"https:\/\/www.hydraulic-cylinders.net\/product\/sanitation-vehicle-switching-hydraulic-cylinder\/"},"modified":"2025-05-27T06:22:11","modified_gmt":"2025-05-27T06:22:11","slug":"sanitation-vehicle-switching-hydraulic-cylinder","status":"publish","type":"product","link":"https:\/\/www.hydraulic-cylinders.net\/lv\/products\/sanitation-vehicle-switching-hydraulic-cylinder\/","title":{"rendered":"Sanit\u0101rijas transportl\u012bdzek\u013ca p\u0101rsl\u0113g\u0161anas hidrauliskais cilindrs"},"content":{"rendered":"<h1>Sanit\u0101rijas transportl\u012bdzek\u013ca p\u0101rsl\u0113g\u0161anas hidrauliskais cilindrs<\/h1>\n<h2>Produkta p\u0101rskats<\/h2>\n<p>Sanit\u0101rijas transportl\u012bdzek\u013ca p\u0101rsl\u0113g\u0161anas hidrauliskais cilindrs ir b\u016btiska sast\u0101vda\u013ca, kas paredz\u0113ta sanit\u0101rijas transportl\u012bdzek\u013cu efekt\u012bvai darb\u012bbai. \u0160is specializ\u0113tais hidrauliskais cilindrs atvieglo p\u0101rsl\u0113g\u0161anas meh\u0101nismu, kas ir b\u016btisks da\u017e\u0101du sanit\u0101rijas iek\u0101rtu efekt\u012bvai darb\u012bbai. T\u0101 galvenais m\u0113r\u0137is ir p\u0101rveidot hidraulisko ener\u0123iju meh\u0101nisk\u0101 sp\u0113k\u0101, nodro\u0161inot vienm\u0113r\u012bgu sanit\u0101rijas iek\u0101rtu kust\u012bbu un vad\u012bbu. \u0160im hidrauliskajam cilindram ir noz\u012bm\u012bga loma transportl\u012bdzek\u013cu darb\u012bbas efektivit\u0101tes uzlabo\u0161an\u0101, \u013caujot prec\u012bzi kontrol\u0113t cel\u0161anas, noliek\u0161anas un manevr\u0113\u0161anas funkcijas. Ar iztur\u012bgu konstrukciju un uzticamu veiktsp\u0113ju tas nodro\u0161ina, ka sanit\u0101rijas darb\u012bbas tiek veiktas nevainojami, veicinot t\u012br\u0101ku vidi.<\/p>\n<h2>Produkta specifik\u0101cijas<\/h2>\n<p>Zem\u0101k ir sniegtas detaliz\u0113tas sanit\u0101rijas transportl\u012bdzek\u013ca komut\u0101cijas hidraulisk\u0101 cilindra specifik\u0101cijas:<\/p>\n<ul>\n<li>Cilindra diametrs: <strong>32 mm<\/strong><\/li>\n<li>Stie\u0146a diametrs: <strong>20 mm<\/strong><\/li>\n<li>Ce\u013cojums: <strong>20 mm<\/strong><\/li>\n<li>Uzst\u0101d\u012b\u0161anas att\u0101lums: <strong>84 mm<\/strong><\/li>\n<\/ul>\n<h3>Detaliz\u0113ta specifik\u0101ciju skaidrojums<\/h3>\n<p>Cilindra diametrs 32 mm nodro\u0161ina stabilu pamatu hidrauliskaj\u0101m darb\u012bb\u0101m, pied\u0101v\u0101jot iev\u0113rojamu sp\u0113ku. Stie\u0146a diametrs 20 mm ir konstru\u0113ts optim\u0101lai iztur\u012bbai, vienlaikus saglab\u0101jot vieglu profilu. Ar 20 mm g\u0101jienu \u0161is cilindrs nodro\u0161ina efekt\u012bvu kust\u012bbu sl\u0113gt\u0101s telp\u0101s. 84 mm uzst\u0101d\u012b\u0161anas att\u0101lums ir paredz\u0113ts, lai nodro\u0161in\u0101tu sader\u012bbu ar standarta sanit\u0101ro transportl\u012bdzek\u013cu r\u0101mjiem, atvieglojot integr\u0101ciju uzst\u0101d\u012b\u0161anas laik\u0101.<\/p>\n<h2>Hidraulisk\u0101 cilindra \u012bpa\u0161\u012bbas<\/h2>\n<ul>\n<li><strong>Augsta iztur\u012bba:<\/strong> Izstr\u0101d\u0101ts, lai iztur\u0113tu skarbus apst\u0101k\u013cus, nodro\u0161inot ilgu kalpo\u0161anas laiku.<\/li>\n<li><strong>Efekt\u012bva veiktsp\u0113ja:<\/strong> Nodro\u0161ina vienm\u0113r\u012bgu un uzticamu darb\u012bbu sanit\u0101rijas lietojumprogramm\u0101s.<\/li>\n<li><strong>Piel\u0101gojamas opcijas:<\/strong> Pieejams da\u017e\u0101d\u0101s konfigur\u0101cij\u0101s, lai apmierin\u0101tu \u012bpa\u0161as klientu vajadz\u012bbas.<\/li>\n<li><strong>Vienk\u0101r\u0161a uzst\u0101d\u012b\u0161ana:<\/strong> Izstr\u0101d\u0101ts vienk\u0101r\u0161ai uzst\u0101d\u012b\u0161anai un apkopei.<\/li>\n<li><strong>Izmaksu zi\u0146\u0101 efekt\u012bvs:<\/strong> Konkur\u0113tsp\u0113j\u012bgs risin\u0101jums, kas laika gait\u0101 samazina ekspluat\u0101cijas izmaksas.<\/li>\n<\/ul>\n<p>M\u0113s ra\u017eojam \u0161o produktu ar precizit\u0101ti, nodro\u0161inot, ka tas perfekti aizst\u0101j eso\u0161os hidrauliskos cilindrus sanit\u0101rijas transportl\u012bdzek\u013cos, uzlabojot to darb\u012bbas efektivit\u0101ti.<\/p>\n<h2>Hidraulisk\u0101 cilindra pielietojums<\/h2>\n<h3>Sanit\u0101rijas transportl\u012bdzek\u013cu darb\u012bba<\/h3>\n<p>\u0160\u012b hidraulisk\u0101 cilindra galvenais pielietojums ir sanit\u0101rijas transportl\u012bdzek\u013cos, kur to izmanto atkritumu sav\u0101k\u0161anas tvert\u0146u pacel\u0161anas un noliek\u0161anas meh\u0101nismu darbin\u0101\u0161anai. \u0160\u012b funkcionalit\u0101te ir b\u016btiska, lai efekt\u012bvi iztuk\u0161otu tvertnes bez manu\u0101las iejauk\u0161an\u0101s, t\u0101d\u0113j\u0101di uzlabojot dro\u0161\u012bbu un produktivit\u0101ti. Hidraulisk\u0101 sist\u0113ma \u013cauj operatoram kontrol\u0113t pacel\u0161anas augstumu un le\u0146\u0137i, nodro\u0161inot, ka atkritumi tiek efekt\u012bvi izg\u0101zti pat \u0161aur\u0101s viet\u0101s.<\/p>\n<h3>R\u016bpniecisk\u0101s t\u012br\u012b\u0161anas iek\u0101rtas<\/h3>\n<p>V\u0113l viens noz\u012bm\u012bgs pielietojums ir r\u016bpniecisk\u0101s t\u012br\u012b\u0161anas iek\u0101rtas. Hidrauliskais cilindrs atvieglo suku un citu t\u012br\u012b\u0161anas komponentu kust\u012bbu, nodro\u0161inot r\u016bp\u012bgu t\u012br\u012b\u0161anu liel\u0101s telp\u0101s. T\u0101 iztur\u012bg\u0101 konstrukcija \u013cauj tam iztur\u0113t nep\u0101rtrauktu darb\u012bbu, padarot to ide\u0101li piem\u0113rotu intens\u012bviem t\u012br\u012b\u0161anas darbiem.<\/p>\n<h3>Atkritumu apsaimnieko\u0161anas iek\u0101rtas<\/h3>\n<p>Atkritumu apsaimnieko\u0161anas objektos \u0161o hidraulisko cilindru izmanto \u0161\u0137iro\u0161anas un apstr\u0101des iek\u0101rt\u0101s. Tas pal\u012bdz autom\u0101tiski piel\u0101got \u0161\u0137iro\u0161anas meh\u0101nismu poz\u012bciju, kas ir \u013coti svar\u012bgi atkritumu \u0161\u0137iro\u0161anas procesa optimiz\u0113\u0161anai. Automatiz\u0113jot \u0161o funkciju, objekti var uzlabot savu efektivit\u0101ti un samazin\u0101t darbasp\u0113ka izmaksas.<\/p>\n<h3>Lauksaimniec\u012bbas pielietojumi<\/h3>\n<p>Hidraulisko cilindru var piel\u0101got ar\u012b lauksaimniec\u012bbas tehnikai, piem\u0113ram, atkritumu sav\u0101k\u0161anas piekab\u0113m. T\u0101 sp\u0113ja atvieglot smagu kravu cel\u0161anu padara to piem\u0113rotu da\u017e\u0101diem lauksaimniec\u012bbas darbiem, tostarp organisko atkritumu transport\u0113\u0161anai no saimniec\u012bb\u0101m, t\u0101d\u0113j\u0101di veicinot ilgtsp\u0113j\u012bgu lauksaimniec\u012bbas praksi.<\/p>\n<h3>P\u0101rstr\u0101des iek\u0101rtas<\/h3>\n<p>\u0160is cilindrs ir b\u016btisks p\u0101rstr\u0101des nozares iek\u0101rt\u0101s, kur tas darbina kompaktorus un preses. Nodro\u0161inot nepiecie\u0161amo sp\u0113ku materi\u0101lu saspie\u0161anai, tas iev\u0113rojami palielina p\u0101rstr\u0101des darb\u012bbu efektivit\u0101ti, veicinot lab\u0101ku telpas izmanto\u0161anu un p\u0101rstr\u0101d\u0101to materi\u0101lu transport\u0113\u0161anu.<\/p>\n<h2>Dizaina apsv\u0113rumi un atlases krit\u0113riji<\/h2>\n<h3>Kravnes\u012bba<\/h3>\n<p>Projekt\u0113jot hidrauliskos cilindrus, kravnes\u012bba ir kritisks faktors. T\u0101 nosaka, cik lielu svaru cilindrs var iztur\u0113t bez atteices. Lai nodro\u0161in\u0101tu, ka cilindrs var iztur\u0113t paredz\u0113to slodzi, nodro\u0161inot dro\u0161\u012bbu un uzticam\u012bbu vis\u0101 t\u0101 kalpo\u0161anas laik\u0101, ir nepiecie\u0161ama r\u016bp\u012bga ekspluat\u0101cijas pras\u012bbu anal\u012bze.<\/p>\n<h3>Bl\u012bv\u0113\u0161anas meh\u0101nismi<\/h3>\n<p>Bl\u012bv\u0113jums ir \u013coti svar\u012bgs hidraulisko cilindru efekt\u012bvai darb\u012bbai. Augstas kvalit\u0101tes bl\u012bv\u0113jumi nov\u0113r\u0161 \u0161\u0137idruma nopl\u016bdi, saglab\u0101jot spiedienu un veiktsp\u0113ju. Bl\u012bv\u0113\u0161anas materi\u0101lu, piem\u0113ram, poliuret\u0101na un nitrila gumijas, izv\u0113le ir \u013coti svar\u012bga, lai nodro\u0161in\u0101tu iztur\u012bbu un efektivit\u0101ti, \u012bpa\u0161i skarbos darba apst\u0101k\u013cos.<\/p>\n<h3>Iztur\u012bba<\/h3>\n<p>Iztur\u012bba ir galvenais apsv\u0113rums hidraulisko cilindru konstrukcij\u0101. Izmantotajiem materi\u0101liem j\u0101iztur iev\u0113rojama meh\u0101nisk\u0101 slodze un vides faktori, piem\u0113ram, mitrums un temperat\u016bras sv\u0101rst\u012bbas. Tas nodro\u0161ina ilg\u0101ku kalpo\u0161anas laiku un samazina nepiecie\u0161am\u012bbu p\u0113c bie\u017eas nomai\u0146as, t\u0101d\u0113j\u0101di samazinot kop\u0113j\u0101s ekspluat\u0101cijas izmaksas.<\/p>\n<h3>Dro\u0161\u012bbas funkcijas<\/h3>\n<p>Dro\u0161\u012bba hidrauliskaj\u0101s sist\u0113m\u0101s ir \u0101rk\u0101rt\u012bgi svar\u012bga. Dro\u0161\u012bbas funkciju, piem\u0113ram, spiediena samazin\u0101\u0161anas v\u0101rstu, iek\u013cau\u0161ana var nov\u0113rst p\u0101rslodzi un potenci\u0101lus boj\u0101jumus. \u0160ie konstrukcijas apsv\u0113rumi ir b\u016btiski, lai aizsarg\u0101tu operatorus un apr\u012bkojumu darb\u012bbas laik\u0101, nodro\u0161inot dro\u0161u darba vidi.<\/p>\n<h3>Apkope un pieejam\u012bba<\/h3>\n<p>V\u0113l viens svar\u012bgs konstrukcijas aspekts ir viegla apkope. Hidrauliskajiem cilindriem j\u0101b\u016bt konstru\u0113tiem t\u0101, lai tos b\u016btu viegli p\u0101rbaud\u012bt un apkalpot, \u013caujot \u0101tri nomain\u012bt bl\u012bves un citas sast\u0101vda\u013cas. Tas samazina d\u012bkst\u0101ves laiku un uzlabo darb\u012bbas efektivit\u0101ti.<\/p>\n<h2>Bl\u012bv\u0113\u0161ana un e\u013c\u013co\u0161ana<\/h2>\n<p>Lai nodro\u0161in\u0101tu optim\u0101lu veiktsp\u0113ju, hidrauliskajos cilindros tiek izmantoti vair\u0101ki bl\u012bv\u0113\u0161anas komponenti, tostarp virzu\u013ca bl\u012bvsl\u0113gi \u200b\u200bun stie\u0146a bl\u012bvsl\u0113gi. \u0160ie bl\u012bvsl\u0113gi \u200b\u200bparasti ir izgatavoti no nodilumiztur\u012bgiem materi\u0101liem, piem\u0113ram, poliuret\u0101na un nitrila gumijas, kas nodro\u0161ina izcilu iztur\u012bbu un iztur\u012bbu pret hidrauliskajiem \u0161\u0137idrumiem. Pareiza bl\u012bv\u0113\u0161ana nov\u0113r\u0161 jebk\u0101du hidraulisk\u0101 \u0161\u0137idruma nopl\u016bdi, saglab\u0101jot sist\u0113mas efektivit\u0101ti.<\/p>\n<p>Cilindra korpuss un v\u012bt\u0146otie gali tiek prec\u012bzi apstr\u0101d\u0101ti, lai uzlabotu nodilumiztur\u012bbu, pagarinot hidraulisk\u0101 cilindra kalpo\u0161anas laiku. Svar\u012bga ir ar\u012b regul\u0101ra e\u013c\u013co\u0161ana, periodiski pievienojot hidraulisko e\u013c\u013cu, lai samazin\u0101tu kust\u012bgo da\u013cu berzi un nodilumu, nodro\u0161inot vienm\u0113r\u012bgu darb\u012bbu.<\/p>\n<h2>Prevent\u012bvie apkopes pas\u0101kumi<\/h2>\n<ul>\n<li><strong>Regul\u0101ras p\u0101rbaudes:<\/strong> Regul\u0101ri p\u0101rbaudiet, vai nav nopl\u016b\u017eu, nodiluma un boj\u0101jumu, lai nodro\u0161in\u0101tu probl\u0113mu agr\u012bnu atkl\u0101\u0161anu un nov\u0113rstu k\u013c\u016bmes.<\/li>\n<li><strong>E\u013c\u013co\u0161ana:<\/strong> Ensure timely addition of hydraulic oil to maintain proper lubrication of the cylinder&#8217;s moving parts, reducing friction and wear.<\/li>\n<li><strong>Bl\u012bv\u0113juma nomai\u0146a:<\/strong> Regul\u0101ri nomainiet nolietot\u0101s bl\u012bves, lai nov\u0113rstu nopl\u016bdes un saglab\u0101tu sist\u0113mas efektivit\u0101ti, saglab\u0101jot spiediena integrit\u0101ti.<\/li>\n<\/ul>\n<h2>Uzst\u0101d\u012b\u0161anas vadl\u012bnijas<\/h2>\n<p>Correct installation of the Sanitation Vehicle Switching Hydraulic Cylinder is crucial for optimal performance. Begin by ensuring that the cylinder is aligned with the system&#8217;s mounting points. Utilize appropriate mounting brackets to secure the cylinder firmly, avoiding any undue stress on the unit. The hydraulic lines should be connected as per the manufacturer??s specifications, avoiding sharp bends that could restrict fluid flow.<\/p>\n<p>P\u0113c uzst\u0101d\u012b\u0161anas p\u0101rbaudiet cilindra izl\u012bdzin\u0101jumu, lai nodro\u0161in\u0101tu t\u0101 vienm\u0113r\u012bgu darb\u012bbu bez \u0161\u0137\u0113r\u0161\u013ciem. Lai uztur\u0113tu spiediena efektivit\u0101ti, ir svar\u012bgi atgaisot hidraulisko sist\u0113mu no gaisa. Visbeidzot, veiciet funkcion\u0101lo p\u0101rbaudi, lai p\u0101rliecin\u0101tos, ka cilindrs darbojas, k\u0101 paredz\u0113ts, un nepiecie\u0161am\u012bbas gad\u012bjum\u0101 veiciet regul\u0113jumus.<\/p>\n<h2>Bie\u017ei sastopamie apkopes uzdevumi<\/h2>\n<h3>Regul\u0101ras p\u0101rbaudes<\/h3>\n<p>Regul\u0101ru p\u0101rbau\u017eu veik\u0161ana ir \u013coti svar\u012bga, lai identific\u0113tu iesp\u0113jam\u0101s probl\u0113mas, pirms t\u0101s saasin\u0101s. Piev\u0113rsiet uzman\u012bbu nodiluma paz\u012bmju, \u0161\u0137idruma nopl\u016b\u017eu un neparastu ska\u0146u p\u0101rbaudei darb\u012bbas laik\u0101. \u0160\u012b proakt\u012bv\u0101 pieeja pal\u012bdz nodro\u0161in\u0101t hidraulisk\u0101 cilindra efekt\u012bvu darb\u012bbu vis\u0101 t\u0101 kalpo\u0161anas laik\u0101.<\/p>\n<h3>Pareiza e\u013c\u013co\u0161ana<\/h3>\n<p>Lubrication is integral to the longevity of hydraulic cylinders. Ensure that the hydraulic fluid is at the correct level and that it is changed regularly to prevent contamination. This will enhance the cylinder&#8217;s performance and reduce the risk of premature wear.<\/p>\n<h3>Bl\u012bvju nomai\u0146as un kalibr\u0113\u0161anas p\u0101rbaudes<\/h3>\n<p>Bl\u012bvju nomai\u0146a pie pirmaj\u0101m nodiluma paz\u012bm\u0113m nov\u0113rs\u012bs \u0161\u0137idruma nopl\u016bdes un uztur\u0113s hidraulisko spiedienu. Turkl\u0101t kalibr\u0113\u0161anas p\u0101rbau\u017eu veik\u0161ana nodro\u0161ina, ka cilindrs darbojas paredz\u0113tajos parametros, nov\u0113r\u0161ot iesp\u0113jamus boj\u0101jumus un garant\u0113jot dro\u0161\u012bbu ekspluat\u0101cijas laik\u0101.<\/p>\n<h2>Dro\u0161\u012bbas apsv\u0113rumi un vides faktori<\/h2>\n<p>Hidraulisko cilindru projekt\u0113\u0161an\u0101 un ekspluat\u0101cij\u0101 ir svar\u012bgi priorit\u0101ri piev\u0113rsties dro\u0161\u012bbai. Pareiza operatoru apm\u0101c\u012bba un dro\u0161\u012bbas protokolu iev\u0113ro\u0161ana var mazin\u0101t riskus, kas saist\u012bti ar hidraulisk\u0101 \u0161\u0137idruma nopl\u016bd\u0113m vai cilindru boj\u0101jumiem. Turkl\u0101t, izv\u0113loties materi\u0101lus un \u0161\u0137idrumus, \u0146emot v\u0113r\u0101 ietekmi uz vidi, tiek veicin\u0101ta ilgtsp\u0113j\u012bba hidrauliskaj\u0101s darb\u012bb\u0101s.<\/p>\n<h2>Probl\u0113mu nov\u0113r\u0161ana un bie\u017ei sastopamas probl\u0113mas<\/h2>\n<ul>\n<li><strong>\u0160\u0137idruma nopl\u016bdes:<\/strong> P\u0101rbaudiet bl\u012bves un savienojumus, lai identific\u0113tu un nov\u0113rstu jebk\u0101das nopl\u016bdes, lai uztur\u0113tu sist\u0113mas spiedienu.<\/li>\n<li><strong>Samazin\u0101ta veiktsp\u0113ja:<\/strong> P\u0101rbaudiet hidraulisk\u0101 \u0161\u0137idruma l\u012bmeni un kvalit\u0101ti; zems vai pies\u0101r\u0146ots \u0161\u0137idrums var izrais\u012bt neefektivit\u0101ti.<\/li>\n<li><strong>Neparastas ska\u0146as:<\/strong> Trok\u0161\u0146i darb\u012bbas laik\u0101 var liecin\u0101t par meh\u0101nisku nodilumu vai nepietiekamu e\u013c\u013co\u0161anu; nekav\u0113joties p\u0101rbaudiet.<\/li>\n<\/ul>\n<h2>Probl\u0113mu nov\u0113r\u0161anas padomi<\/h2>\n<p>Saskaroties ar probl\u0113m\u0101m ar hidraulisko cilindru, ir \u013coti svar\u012bgi to efekt\u012bvi diagnostic\u0113t. S\u0101ciet ar redzamu nopl\u016b\u017eu p\u0101rbaudi, kuras bie\u017ei vien var nov\u0113rst, nomainot bl\u012bves. Ja veiktsp\u0113ja ir nepietiekama, nov\u0113rt\u0113jiet hidraulisk\u0101 \u0161\u0137idruma l\u012bmeni un kvalit\u0101ti; zems vai pies\u0101r\u0146ots \u0161\u0137idrums var nopietni ietekm\u0113t efektivit\u0101ti. Neparastu ska\u0146u ieklaus\u012b\u0161an\u0101s darb\u012bbas laik\u0101 var sniegt ar\u012b nor\u0101des; t\u0101s var liecin\u0101t par nepiecie\u0161am\u012bbu p\u0113c e\u013c\u013co\u0161anas vai iek\u0161\u0113jo komponentu nodilumu. Prevent\u012bvu pas\u0101kumu, piem\u0113ram, regul\u0101ras apkopes, veik\u0161ana var iev\u0113rojami samazin\u0101t \u0161o probl\u0113mu ra\u0161an\u0101s iesp\u0113jam\u012bbu.<\/p>\n<p><img decoding=\"async\" src=\"https:\/\/www.hydraulic-cylinders.net\/wp-content\/uploads\/2025\/05\/hydraulic-cylinder-all-2.webp\" alt=\"Hidraulisk\u0101 cilindra att\u0113ls\" \/><\/p>\n<h2>Par m\u016bsu uz\u0146\u0113mumu<\/h2>\n<p>M\u0113s esam vado\u0161ais hidraulisko cilindru ra\u017eot\u0101js, kas pied\u0101v\u0101 pla\u0161u produktu kl\u0101stu, kas apmierina gan viet\u0113jo, gan starptautisko tirgu vajadz\u012bbas. M\u016bsu ap\u0146em\u0161an\u0101s nodro\u0161in\u0101t kvalit\u0101ti ir padar\u012bjusi m\u016bs par vienu no vado\u0161ajiem hidraulisko cilindru ra\u017eot\u0101jiem un vairumtirgot\u0101jiem. M\u0113s lepojamies ar savu pieredzi, ko apliecina starptautiski sertifik\u0101ti, kas apstiprina m\u016bsu augstos ra\u017eo\u0161anas standartus.<\/p>\n<p>M\u016bsu piel\u0101go\u0161anas pakalpojumi \u013cauj mums apmierin\u0101t \u012bpa\u0161as klientu vajadz\u012bbas, nodro\u0161inot, ka m\u0113s pied\u0101v\u0101jam piel\u0101gotus risin\u0101jumus da\u017e\u0101diem pielietojumiem. Izmantojot modern\u0101k\u0101s ra\u017eo\u0161anas iek\u0101rtas, m\u0113s saglab\u0101jam efektivit\u0101ti un precizit\u0101ti visos m\u016bsu ra\u017eo\u0161anas procesos. Turkl\u0101t m\u016bsu specializ\u0113tais p\u0113cp\u0101rdo\u0161anas serviss nodro\u0161ina, ka m\u016bsu klienti sa\u0146em past\u0101v\u012bgu atbalstu, palielinot vi\u0146u apmierin\u0101t\u012bbu un uztic\u012bbu m\u016bsu produktiem.<\/p>\n<p><img decoding=\"async\" src=\"https:\/\/www.hydraulic-cylinders.net\/wp-content\/uploads\/2025\/05\/xinxin-hydraulic-cylinder-factory-1.webp\" alt=\"Uz\u0146\u0113muma r\u016bpn\u012bcas att\u0113ls\" \/><\/p>\n<p>Autors: lil<\/p>","protected":false},"excerpt":{"rendered":"<p>Sanitation Vehicle Switching Hydraulic Cylinder Product Overview The Sanitation Vehicle Switching Hydraulic Cylinder is a crucial component designed for the efficient operation of sanitation vehicles. This specialized hydraulic cylinder facilitates the switching mechanism essential for the effective functioning of various sanitation equipment. Its primary purpose is to convert hydraulic energy into mechanical force, enabling the [&hellip;]<\/p>","protected":false},"featured_media":20655,"comment_status":"open","ping_status":"closed","template":"","meta":{"_et_pb_use_builder":"","_et_pb_old_content":"","_et_gb_content_width":""},"product_brand":[],"product_cat":[1483,1558],"product_tag":[],"class_list":{"0":"post-20713","1":"product","2":"type-product","3":"status-publish","4":"has-post-thumbnail","6":"product_cat-construction-machinery-hydraulic-cylinders","7":"product_cat-sanitation-machinery-hydraulic-cylinders-2","9":"first","10":"instock","11":"shipping-taxable","12":"product-type-simple"},"amp_enabled":true,"_links":{"self":[{"href":"https:\/\/www.hydraulic-cylinders.net\/lv\/wp-json\/wp\/v2\/product\/20713","targetHints":{"allow":["GET"]}}],"collection":[{"href":"https:\/\/www.hydraulic-cylinders.net\/lv\/wp-json\/wp\/v2\/product"}],"about":[{"href":"https:\/\/www.hydraulic-cylinders.net\/lv\/wp-json\/wp\/v2\/types\/product"}],"replies":[{"embeddable":true,"href":"https:\/\/www.hydraulic-cylinders.net\/lv\/wp-json\/wp\/v2\/comments?post=20713"}],"wp:featuredmedia":[{"embeddable":true,"href":"https:\/\/www.hydraulic-cylinders.net\/lv\/wp-json\/wp\/v2\/media\/20655"}],"wp:attachment":[{"href":"https:\/\/www.hydraulic-cylinders.net\/lv\/wp-json\/wp\/v2\/media?parent=20713"}],"wp:term":[{"taxonomy":"product_brand","embeddable":true,"href":"https:\/\/www.hydraulic-cylinders.net\/lv\/wp-json\/wp\/v2\/product_brand?post=20713"},{"taxonomy":"product_cat","embeddable":true,"href":"https:\/\/www.hydraulic-cylinders.net\/lv\/wp-json\/wp\/v2\/product_cat?post=20713"},{"taxonomy":"product_tag","embeddable":true,"href":"https:\/\/www.hydraulic-cylinders.net\/lv\/wp-json\/wp\/v2\/product_tag?post=20713"}],"curies":[{"name":"wp","href":"https:\/\/api.w.org\/{rel}","templated":true}]}}