{"id":20773,"date":"2025-05-28T05:32:13","date_gmt":"2025-05-28T05:32:13","guid":{"rendered":"https:\/\/www.hydraulic-cylinders.net\/product\/qj1254-31-021-steering-cylinder\/"},"modified":"2025-05-28T05:32:16","modified_gmt":"2025-05-28T05:32:16","slug":"qj1254-31-021-steering-cylinder","status":"publish","type":"product","link":"https:\/\/www.hydraulic-cylinders.net\/lv\/products\/qj1254-31-021-steering-cylinder\/","title":{"rendered":"QJ1254 31 021 St\u016bres cilindrs"},"content":{"rendered":"<h1>ZY254 31F 019A st\u016bres cilindrs<\/h1>\n<p><img decoding=\"async\" src=\"https:\/\/www.hydraulic-cylinders.net\/wp-content\/uploads\/2025\/05\/zy254-31f-019a-hydraulic-cylinder-1.webp\" alt=\"ZY254 31F 019A st\u016bres cilindrs\" \/><\/p>\n<h2><strong>Ievads st\u016bres cilindr\u0101<\/strong><\/h2>\n<p>ZY254 31F 019A st\u016bres cilindrs ir b\u016btiska hidraulisko st\u016bres sist\u0113mu sast\u0101vda\u013ca, kas paredz\u0113ta transportl\u012bdzek\u013cu efektivit\u0101tes un rea\u0123\u0113tsp\u0113jas uzlabo\u0161anai. \u0160is hidrauliskais st\u016bres cilindrs nodro\u0161ina uzticamu risin\u0101jumu automobi\u013cu st\u016bres meh\u0101nismiem, pied\u0101v\u0101jot izcilu kontroli un precizit\u0101ti. Ar cilindra diametru 40 mm, stie\u0146a diametru 25 mm, g\u0101jiena att\u0101lumu 140 mm un uzst\u0101d\u012b\u0161anas att\u0101lumu 385 mm tas nodro\u0161ina optim\u0101lu veiktsp\u0113ju da\u017e\u0101dos pielietojumos. \u0160\u012b st\u016bres cilindra izmanto\u0161anas priek\u0161roc\u012bbas ietver uzlabotu manevr\u0113tsp\u0113ju, samazin\u0101tu st\u016br\u0113\u0161anas piep\u016bli un uzlabotu dro\u0161\u012bbu vad\u012bt\u0101jiem, padarot to par b\u016btisku jebkuras st\u016bres sist\u0113mas sast\u0101vda\u013cu.<\/p>\n<h2><strong>ZY254 31F 019A st\u016bres cilindra \u012bpa\u0161\u012bbas<\/strong><\/h2>\n<ul>\n<li><strong>Augsta efektivit\u0101te:<\/strong> \u0160is hidrauliskais st\u016bres cilindrs optimiz\u0113 st\u016bres reakciju, padarot transportl\u012bdzek\u013ca vad\u0101m\u012bbu vienm\u0113r\u012bg\u0101ku un prec\u012bz\u0101ku.<\/li>\n<li><strong>Iztur\u012bga konstrukcija:<\/strong> Izgatavots no augstas kvalit\u0101tes materi\u0101liem, tas nodro\u0161ina ilgsto\u0161u veiktsp\u0113ju sare\u017e\u0123\u012btos apst\u0101k\u013cos.<\/li>\n<li><strong>Kompakts dizains:<\/strong> Pateicoties kompaktajam uzst\u0101d\u012b\u0161anas att\u0101lumam, tas lieliski iederas da\u017e\u0101dos automobi\u013cu dizainos, saglab\u0101jot telpas efektivit\u0101ti.<\/li>\n<li><strong>Daudzpus\u012bgi pielietojumi:<\/strong> Ide\u0101li piem\u0113rots automobi\u013cu st\u016bres sist\u0113m\u0101m, lauksaimniec\u012bbas tehnikai un r\u016bpniec\u012bbas iek\u0101rt\u0101m.<\/li>\n<li><strong>Pastiprin\u0101ta dro\u0161\u012bba:<\/strong> Nodro\u0161ina uzticamu st\u016br\u0113\u0161anas kontroli, iev\u0113rojami samazinot st\u016bres atteices izrais\u012btu negad\u012bjumu risku.<\/li>\n<\/ul>\n<h2><strong>Pielietojumi da\u017e\u0101d\u0101s nozar\u0113s<\/strong><\/h2>\n<p>ZY254 31F 019A st\u016bres cilindrs tiek izmantots vair\u0101k\u0101s nozar\u0113s, tostarp:<\/p>\n<ul>\n<li><strong>Lauksaimniec\u012bba:<\/strong> Izmantojot to traktoros un cit\u0101s tehnik\u0101, t\u0101 nodro\u0161ina prec\u012bzu st\u016br\u0113\u0161anas vad\u012bbu lab\u0101kai manevr\u0113tsp\u0113jai uz lauka.<\/li>\n<li><strong>Automobi\u013ci:<\/strong> B\u016btiska automa\u0161\u012bnai un kravas automa\u0161\u012bnai efekt\u012bv\u0101m st\u016bres sist\u0113m\u0101m, uzlabojot transportl\u012bdzek\u013ca visp\u0101r\u0113jo funkcionalit\u0101ti.<\/li>\n<li><strong>R\u016bpniecisk\u0101s iek\u0101rtas:<\/strong> Atbalsta da\u017e\u0101da veida iek\u0101rtas, kur\u0101m nepiecie\u0161ama prec\u012bza vad\u012bba un jauda.<\/li>\n<\/ul>\n<p><img decoding=\"async\" src=\"https:\/\/www.hydraulic-cylinders.net\/wp-content\/uploads\/2025\/05\/steering-cylinder-application.webp\" alt=\"St\u016bres cilindra pielietojums\" \/><\/p>\n<h2><strong>Dizaina apsv\u0113rumi un atlases krit\u0113riji<\/strong><\/h2>\n<h3>Kravnes\u012bba<\/h3>\n<p>Izv\u0113loties st\u016bres hidraulisko cilindru, ir \u013coti svar\u012bgi izprast t\u0101 kravnes\u012bbu. ZY254 31F 019A ir konstru\u0113ts, lai iztur\u0113tu iev\u0113rojamas slodzes, nodro\u0161inot, ka tas var p\u0101rvald\u012bt darb\u012bbas laik\u0101 rad\u012btos sp\u0113kus, neapdraudot veiktsp\u0113ju. Iztur\u012bg\u0101 konstrukcija nodro\u0161ina dro\u0161u darb\u012bbu lielas slodzes apst\u0101k\u013cos, padarot to piem\u0113rotu lieljaudas lietojumiem.<\/p>\n<h3>Bl\u012bv\u0113\u0161anas meh\u0101nismi<\/h3>\n<p>Efekt\u012bva bl\u012bv\u0113\u0161ana ir \u013coti svar\u012bga, lai nov\u0113rstu hidraulisk\u0101 \u0161\u0137idruma nopl\u016bdi, kas var izrais\u012bt veiktsp\u0113jas samazin\u0101\u0161anos un potenci\u0101lus boj\u0101jumus. ZY254 ietver progres\u012bvas bl\u012bv\u0113\u0161anas tehnolo\u0123ijas, izmantojot t\u0101dus materi\u0101lus k\u0101 poliuret\u0101ns un nitrilgumija, nodro\u0161inot iztur\u012bbu un nodilumiztur\u012bbu. \u0160is konstrukcijas apsv\u0113rums uzlabo cilindra ilgm\u016b\u017e\u012bbu un samazina apkopes izmaksas.<\/p>\n<h3>Iztur\u012bba<\/h3>\n<p>St\u016bres cilindra iztur\u012bba ir b\u016btisks faktors t\u0101 konstrukcij\u0101. ZY254 ir izgatavots no augstas iztur\u012bbas materi\u0101liem, kas iztur vides apst\u0101k\u013cu ietekmi, tostarp temperat\u016bras sv\u0101rst\u012bbas, mitrumu un putek\u013cus. \u0160\u012b iztur\u012bba ir svar\u012bga, lai saglab\u0101tu nemain\u012bgu veiktsp\u0113ju da\u017e\u0101dos ekspluat\u0101cijas apst\u0101k\u013cos.<\/p>\n<h3>Dro\u0161\u012bbas funkcijas<\/h3>\n<p>Dro\u0161\u012bba hidrauliskaj\u0101s sist\u0113m\u0101s ir \u0101rk\u0101rt\u012bgi svar\u012bga. ZY254 st\u016bres cilindrs ir apr\u012bkots ar dro\u0161\u012bbas funkcij\u0101m, kas nov\u0113r\u0161 p\u0101rspiedienu un nodro\u0161ina uzticamu darb\u012bbu. \u0160is konstrukcijas apsv\u0113rums nodro\u0161ina sist\u0113mas dro\u0161\u012bbu ikdienas lieto\u0161an\u0101, samazinot iesp\u0113jamos riskus, kas saist\u012bti ar hidrauliskaj\u0101m k\u013c\u016bm\u0113m.<\/p>\n<h3>Apkope un remont\u0113jam\u012bba<\/h3>\n<p>Visbeidzot, apkopes apsv\u0113rumi ir kritiski svar\u012bgi st\u016bres cilindra ilgtermi\u0146a funkcionalit\u0101tei. ZY254 ir izstr\u0101d\u0101ts t\u0101, lai b\u016btu viegli piek\u013c\u016bt deta\u013c\u0101m, kur\u0101m var b\u016bt nepiecie\u0161amas regul\u0101ras p\u0101rbaudes vai remonts, t\u0101d\u0113j\u0101di atvieglojot efekt\u012bvas apkopes proced\u016bras un samazinot d\u012bkst\u0101ves laiku.<\/p>\n<h2><strong>St\u016bres cilindra bl\u012bv\u0113\u0161ana un e\u013c\u013co\u0161ana<\/strong><\/h2>\n<p>Bl\u012bv\u0113jums un e\u013c\u013co\u0161ana ir b\u016btiska ZY254 31F 019A st\u016bres cilindra optim\u0101lai darb\u012bbai. Da\u017e\u0101du bl\u012bv\u0113\u0161anas komponentu, tostarp virzu\u013ca bl\u012bv\u0113jumu un stie\u0146a bl\u012bv\u0113jumu, izmanto\u0161ana nodro\u0161ina, ka hidrauliskais \u0161\u0137idrums paliek cilindr\u0101, nov\u0113r\u0161ot nopl\u016bdes. Augstas kvalit\u0101tes materi\u0101lu, piem\u0113ram, poliuret\u0101na un nitrila gumijas, izv\u0113le uzlabo \u0161o bl\u012bv\u0113jumu iztur\u012bbu, \u013caujot tiem iztur\u0113t hidraulisk\u0101 spiediena un vides iedarb\u012bbas rad\u012btos slodzi.<\/p>\n<p>Cilindra korpusa un v\u012bt\u0146oto galu virsmas apstr\u0101de ir r\u016bp\u012bgi veikta, lai uzlabotu nodilumiztur\u012bbu. Lai uztur\u0113tu bl\u012bv\u0113jumu veiktsp\u0113ju un cilindra vienm\u0113r\u012bgu darb\u012bbu, ir nepiecie\u0161ama regul\u0101ra e\u013c\u013co\u0161ana ar atbilsto\u0161u hidraulisko \u0161\u0137idrumu. \u0160\u012b apkopes prakse pal\u012bdz samazin\u0101t berzi un nodilumu, pagarinot st\u016bres cilindra kalpo\u0161anas laiku.<\/p>\n<h2><strong>Prevent\u012bvie apkopes pas\u0101kumi<\/strong><\/h2>\n<ul>\n<li><strong>Regul\u0101ras p\u0101rbaudes:<\/strong> Veiciet regul\u0101ras p\u0101rbaudes, lai p\u0101rbaud\u012btu, vai nav nodiluma vai boj\u0101jumu paz\u012bmju. Tas ietver nopl\u016b\u017eu mekl\u0113\u0161anu ap bl\u012bv\u0113m un visu savienojumu dro\u0161\u012bbu.<\/li>\n<li><strong>E\u013c\u013co\u0161ana:<\/strong> P\u0101rliecinieties, vai cilindrs ir pien\u0101c\u012bgi iee\u013c\u013cots ar ieteicamo hidraulisko e\u013c\u013cu. Regul\u0101ra e\u013c\u013co\u0161ana ir \u013coti svar\u012bga, lai nov\u0113rstu iek\u0161\u0113jo berzi un nodilumu.<\/li>\n<li><strong>Bl\u012bv\u0113juma nomai\u0146a:<\/strong> Nomainiet bl\u012bves p\u0113c nepiecie\u0161am\u012bbas, lai saglab\u0101tu hidraulisko integrit\u0101ti. Regul\u0101ras p\u0101rbaudes var pal\u012bdz\u0113t laikus atkl\u0101t bl\u012bv\u0113jumu nodilumu, nov\u0113r\u0161ot \u0161\u0137idruma nopl\u016bdes.<\/li>\n<\/ul>\n<h2><strong>ZY254 31F 019A st\u016bres cilindra uzst\u0101d\u012b\u0161anas vadl\u012bnijas<\/strong><\/h2>\n<p>Pareiza ZY254 31F 019A st\u016bres cilindra uzst\u0101d\u012b\u0161ana ir \u013coti svar\u012bga, lai nodro\u0161in\u0101tu t\u0101 funkcionalit\u0101ti un ilgm\u016b\u017e\u012bbu. Vispirms p\u0101rliecinieties, vai mont\u0101\u017eas virsmas ir t\u012bras un bez gru\u017eiem. Pareizi izl\u012bdziniet cilindru ar st\u016bres sist\u0113mu, p\u0101rliecinoties, ka tas ir novietots pareizaj\u0101 le\u0146\u0137\u012b, lai darb\u012bbas laik\u0101 izvair\u012btos no sprieguma. Izmantojiet atbilsto\u0161us mont\u0101\u017eas kron\u0161teinus, lai nostiprin\u0101tu cilindru viet\u0101.<\/p>\n<p>Kad savienojums ir izl\u012bdzin\u0101ts, pievelciet visus stiprin\u0101jumus atbilsto\u0161i ra\u017eot\u0101ja specifik\u0101cij\u0101m, nodro\u0161inot stabilu savienojumu. Ir svar\u012bgi izvair\u012bties no p\u0101r\u0101k lielas pievilk\u0161anas, kas var izrais\u012bt boj\u0101jumus. P\u0113c uzst\u0101d\u012b\u0161anas p\u0101rbaudiet, vai nav iesp\u0113jamu nopl\u016b\u017eu, p\u0101rbaudot sist\u0113mu zem spiediena. Visbeidzot, p\u0101rbaudiet cilindra kust\u012bbu un reakciju, lai nodro\u0161in\u0101tu, ka tas sist\u0113m\u0101 darbojas vienm\u0113r\u012bgi.<\/p>\n<h2><strong>St\u016bres cilindra apkopes darbi<\/strong><\/h2>\n<ul>\n<li><strong>Regul\u0101ras p\u0101rbaudes:<\/strong> Regul\u0101ru p\u0101rbau\u017eu veik\u0161ana ir \u013coti svar\u012bga, lai identific\u0113tu iesp\u0113jam\u0101s probl\u0113mas, pirms t\u0101s saasin\u0101s. P\u0101rbaudiet, vai nav nopl\u016b\u017eu, nodiluma un vai savienojumi ir dro\u0161i, lai uztur\u0113tu optim\u0101lu veiktsp\u0113ju.<\/li>\n<li><strong>Pareiza e\u013c\u013co\u0161ana:<\/strong> Nodro\u0161inot, ka st\u016bres cilindrs ir pien\u0101c\u012bgi iee\u013c\u013cots, tiek nov\u0113rsts nodilums. Izmantojiet pareizo hidraulisko e\u013c\u013cu, k\u0101 nor\u0101d\u012bjis ra\u017eot\u0101js, un iev\u0113rojiet regul\u0101ru e\u013c\u013co\u0161anas grafiku.<\/li>\n<li><strong>Bl\u012bv\u0113juma nomai\u0146a:<\/strong> Laika gait\u0101 bl\u012bves var nolietoties, izraisot \u0161\u0137idruma nopl\u016bdes. Regul\u0101ri p\u0101rbaudiet bl\u012bves un nomainiet t\u0101s p\u0113c nepiecie\u0161am\u012bbas, lai saglab\u0101tu cilindra integrit\u0101ti.<\/li>\n<\/ul>\n<h2><strong>Dro\u0161\u012bbas apsv\u0113rumi un vides faktori<\/strong><\/h2>\n<p>Dro\u0161\u012bbas pas\u0101kumi ir \u0101rk\u0101rt\u012bgi svar\u012bgi, lietojot hidraulisk\u0101s st\u016bres sist\u0113mas. Lietot\u0101jiem vienm\u0113r j\u0101iev\u0113ro dro\u0161\u012bbas protokoli, lai samazin\u0101tu riskus. Tas ietver visu komponentu lab\u0101 st\u0101vokl\u012b nodro\u0161in\u0101\u0161anu un sist\u0113mas regul\u0101ru apkopi. Vides faktori, piem\u0113ram, temperat\u016bras sv\u0101rst\u012bbas un pak\u013cau\u0161ana skarbiem apst\u0101k\u013ciem, var ietekm\u0113t st\u016bres cilindra darb\u012bbu. Ir svar\u012bgi \u0146emt v\u0113r\u0101 \u0161os faktorus ekspluat\u0101cijas un apkopes laik\u0101, lai nodro\u0161in\u0101tu cilindra optim\u0101lu un dro\u0161u darb\u012bbu.<\/p>\n<h2><strong>K\u013c\u016bmju diagnostika un bie\u017e\u0101k sastopam\u0101s probl\u0113mas<\/strong><\/h2>\n<ul>\n<li><strong>Nopl\u016bdu\u0161as bl\u012bves:<\/strong> Viena no izplat\u012bt\u0101kaj\u0101m hidraulisko cilindru probl\u0113m\u0101m ir bl\u012bv\u0113jumu nopl\u016bdes. Ja paman\u0101t hidraulisk\u0101 \u0161\u0137idruma l\u012bme\u0146a pazemin\u0101\u0161anos, p\u0101rbaudiet, vai bl\u012bves nav boj\u0101tas vai nodilu\u0161as. Daudzos gad\u012bjumos bl\u012bvju nomai\u0146a var atrisin\u0101t \u0161o probl\u0113mu.<\/li>\n<li><strong>Samazin\u0101ta veiktsp\u0113ja:<\/strong> Ja st\u016bres reakcija \u0161\u0137iet l\u0113na, tas var liecin\u0101t par iek\u0161\u0113ju nodilumu vai nepietiekamu e\u013c\u013co\u0161anu. P\u0101rbaudiet e\u013c\u013co\u0161anas l\u012bmeni un apsveriet iesp\u0113ju veikt r\u016bp\u012bgu p\u0101rbaudi, lai noteiktu jebk\u0101dus iek\u0161\u0113jus boj\u0101jumus.<\/li>\n<li><strong>Neatbilst\u012bba:<\/strong> Nepareiza izl\u012bdzin\u0101\u0161ana uzst\u0101d\u012b\u0161anas laik\u0101 var izrais\u012bt nevienm\u0113r\u012bgu nodilumu un potenci\u0101lus boj\u0101jumus. Lai nov\u0113rstu \u0161\u012bs probl\u0113mas ra\u0161anos, p\u0101rliecinieties, vai cilindrs ir pareizi izl\u012bdzin\u0101ts un dro\u0161i uzst\u0101d\u012bts.<\/li>\n<\/ul>\n<h2><strong>Probl\u0113mu nov\u0113r\u0161anas padomi<\/strong><\/h2>\n<p>Lai efekt\u012bvi diagnostic\u0113tu un nov\u0113rstu probl\u0113mas ar ZY254 st\u016bres cilindru, iev\u0113rojiet \u0161os probl\u0113mu nov\u0113r\u0161anas padomus: Pirmk\u0101rt, regul\u0101ri uzraugiet sist\u0113mu, vai nav nopl\u016b\u017eu vai veiktsp\u0113jas probl\u0113mu paz\u012bmju. \u0160o probl\u0113mu savlaic\u012bga nov\u0113r\u0161ana var nov\u0113rst nopietn\u0101kas probl\u0113mas. Otrk\u0101rt, uzturiet skaidru apkopes un remonta dokument\u0101ciju; tas var pal\u012bdz\u0113t noteikt mode\u013cus, kas var liecin\u0101t par atk\u0101rtot\u0101m probl\u0113m\u0101m. Visbeidzot, ja probl\u0113mas joproj\u0101m past\u0101v, konsult\u0113jieties ar speci\u0101listu, lai nov\u0113rt\u0113tu cilindru un ieteiktu atbilsto\u0161us remontdarbus vai nomai\u0146u.<\/p>\n<h2><strong>Par m\u016bsu uz\u0146\u0113mumu<\/strong><\/h2>\n<p>M\u0113s esam vado\u0161ais alternat\u012bvo hidraulisko cilindru ra\u017eot\u0101js un vairumtirdzniec\u012bbas izplat\u012bt\u0101js, kas pied\u0101v\u0101 pla\u0161u produktu kl\u0101stu, lai apmierin\u0101tu gan viet\u0113j\u0101, gan starptautisk\u0101 tirgus vajadz\u012bbas. M\u016bsu ap\u0146em\u0161an\u0101s sasniegt izcil\u012bbu atspogu\u013cojas m\u016bsu modern\u0101kajos ra\u017eo\u0161anas procesos, kuros tiek izmantotas progres\u012bvas tehnolo\u0123ijas un prec\u012bza in\u017eenierija.<\/p>\n<p>M\u016bsu r\u016bpn\u012bca ir apr\u012bkota ar augst\u0101k\u0101s klases digit\u0101laj\u0101m ra\u017eo\u0161anas iek\u0101rt\u0101m un profesion\u0101lu test\u0113\u0161anas sist\u0113mu, kas nodro\u0161ina, ka m\u0113s past\u0101v\u012bgi ra\u017eojam augstas kvalit\u0101tes hidrauliskos cilindrus. Koncentr\u0113joties uz inov\u0101cij\u0101m, m\u0113s nep\u0101rtraukti uzlabojam savas ra\u017eo\u0161anas iesp\u0113jas, lai apmierin\u0101tu m\u016bsu klientu da\u017e\u0101d\u0101s pras\u012bbas.<\/p>\n<p>M\u0113s priorit\u0101ri r\u016bp\u0113jamies par klientu apmierin\u0101t\u012bbu, pied\u0101v\u0101jot piel\u0101gotus pakalpojumus un starptautiskus sertifik\u0101tus, lai nodro\u0161in\u0101tu, ka m\u016bsu produkti atbilst glob\u0101lajiem standartiem. M\u016bsu \u012bpa\u0161i izstr\u0101d\u0101t\u0101 p\u0113cp\u0101rdo\u0161anas apkalpo\u0161anas komanda vienm\u0113r ir gatava pal\u012bdz\u0113t klientiem, sniedzot atbalstu un nor\u0101d\u012bjumus, lai maksim\u0101li palielin\u0101tu produktu kalpo\u0161anas laiku un veiktsp\u0113ju.<\/p>\n<p><img decoding=\"async\" src=\"https:\/\/www.hydraulic-cylinders.net\/wp-content\/uploads\/2025\/05\/xinxin-hydraulic-cylinder-factory-1.webp\" alt=\"Hidraulisko cilindru r\u016bpn\u012bca\" \/><\/p>","protected":false},"excerpt":{"rendered":"<p>ZY254 31F 019A Steering Cylinder Introduction to the Steering Cylinder The ZY254 31F 019A steering cylinder is an essential component in hydraulic steering systems, designed to enhance the efficiency and responsiveness of vehicles. This hydraulic steering cylinder provides a reliable solution for automotive steering mechanisms, offering superior control and precision. With a cylinder diameter of [&hellip;]<\/p>","protected":false},"featured_media":20638,"comment_status":"open","ping_status":"closed","template":"","meta":{"_et_pb_use_builder":"","_et_pb_old_content":"","_et_gb_content_width":""},"product_brand":[],"product_cat":[1561],"product_tag":[1563,1562],"class_list":{"0":"post-20773","1":"product","2":"type-product","3":"status-publish","4":"has-post-thumbnail","6":"product_cat-steering-hydraulic-cylinders","7":"product_tag-steering-cylinders","8":"product_tag-steering-hydraulic-cylinders","10":"first","11":"instock","12":"shipping-taxable","13":"product-type-simple"},"amp_enabled":true,"_links":{"self":[{"href":"https:\/\/www.hydraulic-cylinders.net\/lv\/wp-json\/wp\/v2\/product\/20773","targetHints":{"allow":["GET"]}}],"collection":[{"href":"https:\/\/www.hydraulic-cylinders.net\/lv\/wp-json\/wp\/v2\/product"}],"about":[{"href":"https:\/\/www.hydraulic-cylinders.net\/lv\/wp-json\/wp\/v2\/types\/product"}],"replies":[{"embeddable":true,"href":"https:\/\/www.hydraulic-cylinders.net\/lv\/wp-json\/wp\/v2\/comments?post=20773"}],"wp:featuredmedia":[{"embeddable":true,"href":"https:\/\/www.hydraulic-cylinders.net\/lv\/wp-json\/wp\/v2\/media\/20638"}],"wp:attachment":[{"href":"https:\/\/www.hydraulic-cylinders.net\/lv\/wp-json\/wp\/v2\/media?parent=20773"}],"wp:term":[{"taxonomy":"product_brand","embeddable":true,"href":"https:\/\/www.hydraulic-cylinders.net\/lv\/wp-json\/wp\/v2\/product_brand?post=20773"},{"taxonomy":"product_cat","embeddable":true,"href":"https:\/\/www.hydraulic-cylinders.net\/lv\/wp-json\/wp\/v2\/product_cat?post=20773"},{"taxonomy":"product_tag","embeddable":true,"href":"https:\/\/www.hydraulic-cylinders.net\/lv\/wp-json\/wp\/v2\/product_tag?post=20773"}],"curies":[{"name":"wp","href":"https:\/\/api.w.org\/{rel}","templated":true}]}}