{"id":20782,"date":"2025-05-28T06:32:23","date_gmt":"2025-05-28T06:32:23","guid":{"rendered":"https:\/\/www.hydraulic-cylinders.net\/?post_type=product&#038;p=20782"},"modified":"2025-05-28T06:39:15","modified_gmt":"2025-05-28T06:39:15","slug":"steering-cylinder-with-position-sensor","status":"publish","type":"product","link":"https:\/\/www.hydraulic-cylinders.net\/lv\/products\/steering-cylinder-with-position-sensor\/","title":{"rendered":"St\u016bres cilindrs ar poz\u012bcijas sensoru"},"content":{"rendered":"<h1 style=\"text-align: center;\"><strong>St\u016bres cilindrs ar poz\u012bcijas sensoru<img loading=\"lazy\" decoding=\"async\" class=\"wp-image-20783 aligncenter\" src=\"https:\/\/www.hydraulic-cylinders.net\/wp-content\/uploads\/2025\/05\/sensor-steering-cylinder-1-1.webp\" alt=\"\" width=\"400\" height=\"400\" \/><\/strong><\/h1>\n<p>M\u016bsu st\u016bres cilindrs ar poz\u012bcijas sensoru ir izstr\u0101d\u0101ts prec\u012bzai un iztur\u012bgai darb\u012bbai, pied\u0101v\u0101jot uzlabotu vad\u012bbu augstas veiktsp\u0113jas transportl\u012bdzek\u013ciem. Apr\u012bkots ar integr\u0113tu poz\u012bcijas sensoru, \u0161is hidrauliskais st\u016bres cilindrs nodro\u0161ina re\u0101llaika st\u016bres le\u0146\u0137a datus, uzlabojot dro\u0161\u012bbu un veiktsp\u0113ju pras\u012bg\u0101s lietojumprogramm\u0101s. Neatkar\u012bgi no t\u0101, vai moderniz\u0113jat lauksaimniec\u012bbas tehniku \u200b\u200bvai remont\u0113jat smago tehniku, m\u016bsu st\u016bres cilindrs ar poz\u012bcijas sensoru atbilst augst\u0101kajiem nozares standartiem. Izgatavots no augstas iztur\u012bbas materi\u0101liem, tas iztur augsta spiediena vidi, padarot to ide\u0101li piem\u0113rotu traktoriem, kravas automa\u0161\u012bn\u0101m un r\u016bpnieciskajiem transportl\u012bdzek\u013ciem. M\u016bsu ori\u0123in\u0101l\u0101 apr\u012bkojuma ra\u017eot\u0101ja (OEM) st\u016bres cilindra nomai\u0146as komplekts ar sensoru nodro\u0161ina nevainojamu sader\u012bbu ar vado\u0161ajiem transportl\u012bdzek\u013cu z\u012bmoliem.<\/p>\n<h2><strong>St\u016bres cilindrs ar poz\u012bcijas sensoru Tehnisk\u0101s specifik\u0101cijas:<\/strong><\/h2>\n<p><strong>Cilindra diametrs:<\/strong> 75 mm<\/p>\n<p><strong>Stie\u0146a diametrs:<\/strong> 45 mm<\/p>\n<p><strong>Ce\u013cojums:<\/strong> 215 mm<\/p>\n<p><strong>Uzst\u0101d\u012b\u0161anas att\u0101lums:<\/strong> 569 mm<\/p>\n<h1 style=\"text-align: center;\"><strong><img loading=\"lazy\" decoding=\"async\" class=\"wp-image-20784 aligncenter\" src=\"https:\/\/www.hydraulic-cylinders.net\/wp-content\/uploads\/2025\/05\/sensor-steering-cylinder-2-1.webp\" alt=\"\" width=\"400\" height=\"401\" \/><\/strong><\/h1>\n<p><strong>Cilindra diametrs:<\/strong> 80 mm<\/p>\n<p><strong>Stie\u0146a diametrs:<\/strong> 580 mm<\/p>\n<p><strong>Ce\u013cojums:<\/strong> 126 mm<\/p>\n<p><strong>Uzst\u0101d\u012b\u0161anas att\u0101lums:<\/strong> 690 mm<\/p>\n<h1 style=\"text-align: center;\"><strong><img loading=\"lazy\" decoding=\"async\" class=\"wp-image-20785 aligncenter\" src=\"https:\/\/www.hydraulic-cylinders.net\/wp-content\/uploads\/2025\/05\/sensor-steering-cylinder-3-1.webp\" alt=\"\" width=\"400\" height=\"400\" \/><\/strong><\/h1>\n<p><strong>Cilindra diametrs:<\/strong> 80 mm<\/p>\n<p><strong>Stie\u0146a diametrs:<\/strong> 50 mm<\/p>\n<p><strong>Ce\u013cojums:<\/strong> 166 mm<\/p>\n<p><strong>Uzst\u0101d\u012b\u0161anas att\u0101lums:<\/strong> 885 mm<\/p>\n<h1 style=\"text-align: center;\"><strong><img loading=\"lazy\" decoding=\"async\" class=\"wp-image-20786 alignnone\" src=\"https:\/\/www.hydraulic-cylinders.net\/wp-content\/uploads\/2025\/05\/sensor-steering-cylinder-4-1.webp\" alt=\"\" width=\"400\" height=\"400\" \/><\/strong><\/h1>\n<p><strong>Cilindra diametrs:<\/strong> 90 mm<\/p>\n<p><strong>Stie\u0146a diametrs:<\/strong> 45 mm<\/p>\n<p><strong>Ce\u013cojums:<\/strong> 232 mm<\/p>\n<p><strong>Uzst\u0101d\u012b\u0161anas att\u0101lums:<\/strong> 635 mm<\/p>\n<h2><strong>M\u016bsu st\u016bres cilindra ar poz\u012bcijas sensoru galven\u0101s iez\u012bmes:<\/strong><\/h2>\n<ul>\n<li><strong>Prec\u012bzs st\u016bres cilindrs smagaj\u0101m ma\u0161\u012bn\u0101m<\/strong>Integr\u0113ts poz\u012bcijas sensors sniedz prec\u012bzus st\u016br\u0113\u0161anas le\u0146\u0137a datus uzlabotai vad\u012bbai.<\/li>\n<li><strong>Iztur\u012bgs poz\u012bcijas sensora st\u016bres cilindrs kravas automa\u0161\u012bn\u0101m<\/strong>Izgatavots no augstas stipr\u012bbas t\u0113rauda, \u200b\u200blai iztur\u0113tu ekstrem\u0101lus apst\u0101k\u013cus.<\/li>\n<li><strong>OEM st\u016bres cilindra nomai\u0146a ar sensoru<\/strong>Savietojams ar galvenajiem transportl\u012bdzek\u013cu z\u012bmoliem, lai nodro\u0161in\u0101tu vienk\u0101r\u0161u uzst\u0101d\u012b\u0161anu.<\/li>\n<li><strong>Automobi\u013ca st\u016bres cilindrs ar poz\u012bcijas sensoru<\/strong>Optimiz\u0113 st\u016br\u0113\u0161anas veiktsp\u0113ju pasa\u017eieru un komerci\u0101lajos transportl\u012bdzek\u013cos.<\/li>\n<li>Korozijiztur\u012bgs p\u0101rkl\u0101jums ilg\u0101kam kalpo\u0161anas laikam.<\/li>\n<li>Uzlabota sensoru tehnolo\u0123ija re\u0101llaika atgriezeniskajai saitei, kas atbalsta ADAS un ESC sist\u0113mas.<\/li>\n<\/ul>\n<h2><strong>St\u016bres cilindru ar poz\u012bcijas sensoriem pielietojums:<\/strong><\/h2>\n<p><img loading=\"lazy\" decoding=\"async\" class=\"alignnone size-full wp-image-20787\" src=\"https:\/\/www.hydraulic-cylinders.net\/wp-content\/uploads\/2025\/05\/steering-cylinders-with-position-sensors-application.webp\" alt=\"St\u016bres cilindru ar poz\u012bcijas sensoriem pielietojums:\" width=\"1073\" height=\"501\" srcset=\"https:\/\/www.hydraulic-cylinders.net\/wp-content\/uploads\/2025\/05\/steering-cylinders-with-position-sensors-application.webp 1073w, https:\/\/www.hydraulic-cylinders.net\/wp-content\/uploads\/2025\/05\/steering-cylinders-with-position-sensors-application-980x458.webp 980w, https:\/\/www.hydraulic-cylinders.net\/wp-content\/uploads\/2025\/05\/steering-cylinders-with-position-sensors-application-480x224.webp 480w\" sizes=\"(min-width: 0px) and (max-width: 480px) 480px, (min-width: 481px) and (max-width: 980px) 980px, (min-width: 981px) 1073px, 100vw\" \/><\/p>\n<p>M\u016bsu\u00a0<strong>st\u016bres cilindri ar poz\u012bcijas sensoriem<\/strong>\u00a0ir daudzpus\u012bgi, nodro\u0161inot uzticamu veiktsp\u0113ju vair\u0101k\u0101s nozar\u0113s:<\/p>\n<h3><strong>Lauksaimniec\u012bba<\/strong><\/h3>\n<p>Lauksaimniec\u012bbas vid\u0113 m\u016bsu\u00a0<strong>hidrauliskais st\u016bres cilindrs traktoriem ar poz\u012bcijas sensoru<\/strong>\u00a0Nodro\u0161ina prec\u012bzu navig\u0101ciju t\u0101d\u0101m iek\u0101rt\u0101m k\u0101 traktori un kombaini, uzlabojot efektivit\u0101ti nel\u012bdzen\u0101 reljef\u0101.<\/p>\n<h3><strong>B\u016bvniec\u012bba<\/strong><\/h3>\n<p>B\u016bvniec\u012bbai m\u016bsu\u00a0<strong>Prec\u012bzs st\u016bres cilindrs smagaj\u0101m ma\u0161\u012bn\u0101m<\/strong>\u00a0nodro\u0161ina stabilu veiktsp\u0113ju, garant\u0113jot dro\u0161\u012bbu un kontroli sare\u017e\u0123\u012bt\u0101s vid\u0113s, piem\u0113ram, darba viet\u0101s.<\/p>\n<h3><strong>Automobi\u013cu r\u016bpniec\u012bba<\/strong><\/h3>\n<p>M\u016bsu\u00a0<strong>Automobi\u013ca st\u016bres cilindrs ar poz\u012bcijas sensoru<\/strong>\u00a0ir piel\u0101gota kravas automa\u0161\u012bn\u0101m un vieglajiem automobi\u013ciem, uzlabojot st\u016br\u0113\u0161anas precizit\u0101ti un atbalstot uzlabotas vad\u012bt\u0101ja pal\u012bdz\u012bbas sist\u0113mas (ADAS).<\/p>\n<h2><strong>St\u016bres cilindru ar poz\u012bcijas sensoriem apkopes risin\u0101jumi:<\/strong><\/h2>\n<p>Lai nodro\u0161in\u0101tu st\u016bres cilindra ar poz\u012bcijas sensoru ilgtermi\u0146a darb\u012bbu, iev\u0113rojiet \u0161os apkopes padomus:<\/p>\n<ul>\n<li style=\"list-style-type: none;\">\n<ul>\n<li><strong>Regul\u0101ras p\u0101rbaudes<\/strong>Lai uztur\u0113tu optim\u0101lu veiktsp\u0113ju, ik p\u0113c 6 m\u0113ne\u0161iem p\u0101rbaudiet, vai hidrauliskaj\u0101 st\u016bres cilindr\u0101 nav nopl\u016b\u017eu, nodiluma vai korozijas.<\/li>\n<li><strong>Sensora kalibr\u0113\u0161ana<\/strong>P\u0113c remonta vai regul\u0113\u0161anas atk\u0101rtoti kalibr\u0113jiet poz\u012bcijas sensoru, izmantojot diagnostikas r\u012bkus, lai nodro\u0161in\u0101tu prec\u012bzus st\u016br\u0113\u0161anas datus.<\/li>\n<\/ul>\n<\/li>\n<\/ul>\n<p>[](https:\/\/www.johnbean.com\/us\/product-articles\/steering-angle-sensors\/)<\/p>\n<ul>\n<li><strong>\u0160\u0137idrumu uztur\u0113\u0161ana<\/strong>Nomainiet hidraulisko \u0161\u0137idrumu saska\u0146\u0101 ar ra\u017eot\u0101ja vadl\u012bnij\u0101m, lai nov\u0113rstu pies\u0101r\u0146ojumu un nodro\u0161in\u0101tu st\u016bres sist\u0113mas cilindra ar integr\u0113to sensoru nevainojamu darb\u012bbu.<\/li>\n<li><strong>T\u012br\u012b\u0161ana<\/strong>Lai izvair\u012btos no sensora precizit\u0101tes trauc\u0113jumiem, turiet cilindru un sensoru t\u012bru.<\/li>\n<li><strong>Profesion\u0101la apkalpo\u0161ana<\/strong>Sare\u017e\u0123\u012btu probl\u0113mu gad\u012bjum\u0101 konsult\u0113jieties ar sertific\u0113tu tehni\u0137i, lai diagnostic\u0113tu un salabotu st\u016bres poz\u012bcijas sensora cilindru, izmantojot OBD skenerus vai specializ\u0113tus instrumentus.<\/li>\n<\/ul>\n<h2 dir=\"auto\"><strong>K\u0101 poz\u012bcijas sensors st\u016bres cilindr\u0101 ar poz\u012bcijas sensoru uzlabo st\u016br\u0113\u0161anas precizit\u0101ti?<\/strong><\/h2>\n<p><img loading=\"lazy\" decoding=\"async\" class=\"alignnone size-full wp-image-20788\" src=\"https:\/\/www.hydraulic-cylinders.net\/wp-content\/uploads\/2025\/05\/steering-cylinder-with-position-sensor-advantage.png\" alt=\"St\u016bres cilindrs ar poz\u012bcijas sensora priek\u0161roc\u012bbu\" width=\"1079\" height=\"610\" srcset=\"https:\/\/www.hydraulic-cylinders.net\/wp-content\/uploads\/2025\/05\/steering-cylinder-with-position-sensor-advantage.png 1079w, https:\/\/www.hydraulic-cylinders.net\/wp-content\/uploads\/2025\/05\/steering-cylinder-with-position-sensor-advantage-980x554.png 980w, https:\/\/www.hydraulic-cylinders.net\/wp-content\/uploads\/2025\/05\/steering-cylinder-with-position-sensor-advantage-480x271.png 480w\" sizes=\"(min-width: 0px) and (max-width: 480px) 480px, (min-width: 481px) and (max-width: 980px) 980px, (min-width: 981px) 1079px, 100vw\" \/><\/p>\n<p dir=\"auto\">St\u016bres cilindr\u0101 eso\u0161ais poz\u012bcijas sensors ar poz\u012bcijas sensoru iev\u0113rojami uzlabo st\u016br\u0113\u0161anas precizit\u0101ti, sniedzot re\u0101llaika datus par st\u016bres le\u0146\u0137i un rite\u0146u poz\u012bciju. Hidrauliskaj\u0101 st\u016bres cilindr\u0101 integr\u0113tais poz\u012bcijas sensors (parasti magn\u0113tiskais vai indukt\u012bvais) uzrauga virzu\u013ca kust\u012bbu cilindr\u0101, p\u0101rv\u0113r\u0161ot to prec\u012bz\u0101 st\u016bres le\u0146\u0137a atgriezeniskaj\u0101 sait\u0113. \u0160ie dati tiek p\u0101rraid\u012bti uz transportl\u012bdzek\u013ca elektronisko vad\u012bbas bloku (ECU), nodro\u0161inot neman\u0101mu st\u016bres sist\u0113mas piel\u0101go\u0161anu optim\u0101lai veiktsp\u0113jai. T\u0101d\u0101s lietojumprogramm\u0101s k\u0101 traktori, kravas automa\u0161\u012bnas un smag\u0101 tehnika tas nodro\u0161ina, ka st\u016bres cilindrs nodro\u0161ina prec\u012bzu un atsauc\u012bgu vad\u012bbu pat sare\u017e\u0123\u012btos apst\u0101k\u013cos.<\/p>\n<p dir=\"auto\">Transportl\u012bdzek\u013cos, kas apr\u012bkoti ar automa\u0161\u012bnas st\u016bres cilindru ar poz\u012bcijas sensoru, sensors atbalsta uzlabotas vad\u012bt\u0101ja pal\u012bdz\u012bbas sist\u0113mas (ADAS), piem\u0113ram, joslas saglab\u0101\u0161anas pal\u012bgsist\u0113mu un stabilit\u0101tes kontroli, sniedzot prec\u012bzus st\u016br\u0113\u0161anas ievades datus. L\u012bdz\u012bgi, prec\u012bza st\u016bres cilindra izmanto\u0161ana smagaj\u0101 ma\u0161\u012bn\u0101 pa\u013caujas uz sensoru, lai saglab\u0101tu precizit\u0101ti augsta spiediena oper\u0101ciju laik\u0101, samazinot novirzi un uzlabojot manevr\u0113tsp\u0113ju. St\u016bres sist\u0113mas cilindrs ar integr\u0113tu sensoru ar\u012b uzlabo dro\u0161\u012bbu, nosakot neatbilst\u012bbas, nodro\u0161inot nemain\u012bgu veiktsp\u0113ju sare\u017e\u0123\u012btos apst\u0101k\u013cos, piem\u0113ram, lauksaimniec\u012bb\u0101 vai b\u016bvniec\u012bb\u0101.<\/p>\n<h3 dir=\"auto\"><strong>Galven\u0101s priek\u0161roc\u012bbas st\u016br\u0113\u0161anas precizit\u0101tei<\/strong><\/h3>\n<ul dir=\"auto\">\n<li><strong>Re\u0101llaika atsauksmes<\/strong>St\u016bres cilindra poz\u012bcijas sensors sniedz t\u016bl\u012bt\u0113jus st\u016bres le\u0146\u0137a datus, nodro\u0161inot prec\u012bzu rite\u0146u savirzi.<\/li>\n<li><strong>Uzlabota kontrole<\/strong>Traktoru hidrauliskaj\u0101 st\u016bres cilindr\u0101 ar poz\u012bcijas sensoru sensors nodro\u0161ina prec\u012bzu navig\u0101ciju nel\u012bdzen\u0101 reljef\u0101.<\/li>\n<li><strong>Sader\u012bba ar ADAS<\/strong>Automobi\u013ca st\u016bres cilindrs ar poz\u012bcijas sensoru integr\u0113jas ar modern\u0101m transportl\u012bdzek\u013cu sist\u0113m\u0101m, lai uzlabotu rea\u0123\u0113tsp\u0113ju.<\/li>\n<li><strong>Iztur\u012bba un precizit\u0101te<\/strong>Iztur\u012bgs kravas automa\u0161\u012bnu poz\u012bcijas sensora st\u016bres cilindrs saglab\u0101 precizit\u0101ti augsta spiediena apst\u0101k\u013cos.<\/li>\n<\/ul>\n<p dir=\"auto\">Iek\u013caujot poz\u012bcijas sensoru, st\u016bres cilindrs ar poz\u012bcijas sensoru optimiz\u0113 transportl\u012bdzek\u013ca vad\u012bbu, padarot to par b\u016btisku sast\u0101vda\u013cu nozar\u0113m, kur\u0101m nepiecie\u0161ams st\u016bres sist\u0113mas cilindrs ar integr\u0113tu sensoru. Lai ieg\u016btu s\u012bk\u0101ku inform\u0101ciju par m\u016bsu OEM st\u016bres cilindra nomai\u0146u ar sensoru, sazinieties ar mums jau \u0161odien!<\/p>\n<h2><strong>Hidraulisko cilindru ra\u017eo\u0161anas zona:<\/strong><\/h2>\n<h2><img loading=\"lazy\" decoding=\"async\" class=\"alignnone size-full wp-image-16972\" src=\"https:\/\/www.hydraulic-cylinders.net\/wp-content\/uploads\/2025\/01\/hydraulic-cylinder-factory-1-scaled.webp\" sizes=\"(min-width: 0px) and (max-width: 480px) 480px, (min-width: 481px) and (max-width: 980px) 980px, (min-width: 981px) and (max-width: 1280px) 1280px, (min-width: 1281px) 2016px, 100vw\" srcset=\"https:\/\/www.hydraulic-cylinders.net\/wp-content\/uploads\/2025\/01\/hydraulic-cylinder-factory-1-scaled.webp 2016w, https:\/\/www.hydraulic-cylinders.net\/wp-content\/uploads\/2025\/01\/hydraulic-cylinder-factory-1-1280x1625.webp 1280w, https:\/\/www.hydraulic-cylinders.net\/wp-content\/uploads\/2025\/01\/hydraulic-cylinder-factory-1-980x1244.webp 980w, https:\/\/www.hydraulic-cylinders.net\/wp-content\/uploads\/2025\/01\/hydraulic-cylinder-factory-1-480x610.webp 480w\" alt=\"\" width=\"2016\" height=\"2560\" \/><\/h2>\n<p>K\u0101 vado\u0161ais st\u016bres hidraulisko cilindru pieg\u0101d\u0101t\u0101js, m\u0113s lepojamies ar pirmklas\u012bgu neatkar\u012bgu p\u0113tniec\u012bbas un att\u012bst\u012bbas platformu, kas velt\u012bta inov\u0101cij\u0101m un kvalit\u0101tei. M\u016bsu iekr\u0101v\u0113ju cilindru ra\u017eo\u0161anas darbn\u012bc\u0101 ir \u010detras pusautom\u0101tiskas pacel\u0161anas cilindru mont\u0101\u017eas l\u012bnijas un piln\u012bb\u0101 autom\u0101tiska noliecam\u0101s cilindru mont\u0101\u017eas l\u012bnija ar projekt\u0113to gada ra\u017eo\u0161anas jaudu <strong>viens miljons gabalu<\/strong>.<\/p>\n<h3><strong>Specializ\u0113t\u0101 cilindru darbn\u012bca<\/strong><\/h3>\n<p>M\u016bsu specializ\u0113t\u0101 cilindru darbn\u012bca ir apr\u012bkota ar pusautom\u0101tisk\u0101m t\u012br\u012b\u0161anas un mont\u0101\u017eas sist\u0113m\u0101m, kas piel\u0101gotas da\u017e\u0101d\u0101m specifik\u0101cij\u0101m, sasniedzot gada ra\u017eo\u0161anas jaudu <strong>200 000 vien\u012bbu<\/strong>M\u0113s izmantojam augst\u0101k\u0101s klases CNC apstr\u0101des iek\u0101rtas, modernus apstr\u0101des centrus un specializ\u0113tus augstas precizit\u0101tes apstr\u0101des instrumentus. M\u016bsu ra\u017eotn\u0113 ir ar\u012b robotiz\u0113tas metin\u0101\u0161anas iek\u0101rtas, autom\u0101tisk\u0101s t\u012br\u012b\u0161anas sist\u0113mas, mont\u0101\u017eas iek\u0101rtas un kr\u0101so\u0161anas ra\u017eo\u0161anas l\u012bnijas. Ar vair\u0101k nek\u0101 <strong>300 galveno iek\u0101rtu komplekti<\/strong> Darb\u012bbas laik\u0101 m\u0113s nodro\u0161in\u0101m optimiz\u0113tu resursu sadali un efekt\u012bvu izmanto\u0161anu.<\/p>\n<h3><strong>Prec\u012bzas apstr\u0101des iesp\u0113jas<\/strong><\/h3>\n<p>M\u016bsu apstr\u0101des cehs ir apr\u012bkots ar piel\u0101gotiem sl\u012bpo vadot\u0146u slie\u017eu virpo\u0161anas centriem, apstr\u0101des centriem, \u0101trgaitas asin\u0101\u0161anas ma\u0161\u012bn\u0101m un metin\u0101\u0161anas robotiem. \u0160\u012b iek\u0101rta \u013cauj mums apstr\u0101d\u0101t cilindriskas caurules ar maksim\u0101lo iek\u0161\u0113jo diametru <strong>400 mm<\/strong> un garumi l\u012bdz <strong>6 metri<\/strong>M\u016bsu ap\u0146em\u0161an\u0101s nodro\u0161in\u0101t precizit\u0101ti nodro\u0161ina, ka visi produkti atbilst augst\u0101kajiem kvalit\u0101tes standartiem.<\/p>\n<h2><img loading=\"lazy\" decoding=\"async\" class=\"alignnone size-full wp-image-16973\" src=\"https:\/\/www.hydraulic-cylinders.net\/wp-content\/uploads\/2025\/01\/hydraulic-cylinder-factory-2-scaled.webp\" sizes=\"(min-width: 0px) and (max-width: 480px) 480px, (min-width: 481px) and (max-width: 980px) 980px, (min-width: 981px) and (max-width: 1280px) 1280px, (min-width: 1281px) 2011px, 100vw\" srcset=\"https:\/\/www.hydraulic-cylinders.net\/wp-content\/uploads\/2025\/01\/hydraulic-cylinder-factory-2-scaled.webp 2011w, https:\/\/www.hydraulic-cylinders.net\/wp-content\/uploads\/2025\/01\/hydraulic-cylinder-factory-2-1280x1629.webp 1280w, https:\/\/www.hydraulic-cylinders.net\/wp-content\/uploads\/2025\/01\/hydraulic-cylinder-factory-2-980x1248.webp 980w, https:\/\/www.hydraulic-cylinders.net\/wp-content\/uploads\/2025\/01\/hydraulic-cylinder-factory-2-480x611.webp 480w\" alt=\"\" width=\"2011\" height=\"2560\" \/><\/h2>\n<p>&nbsp;<\/p>","protected":false},"excerpt":{"rendered":"<p>Steering Cylinder With Position Sensor Our\u00a0steering cylinder with position sensor\u00a0is engineered for precision and durability, offering advanced control for high-performance vehicles. Equipped with an integrated position sensor, this\u00a0hydraulic steering cylinder\u00a0provides real-time steering angle data, enhancing safety and performance in demanding applications. Whether you\u2019re upgrading agricultural equipment or repairing heavy machinery, our\u00a0position sensor steering cylinder\u00a0meets the [&hellip;]<\/p>","protected":false},"featured_media":20641,"comment_status":"open","ping_status":"closed","template":"","meta":{"_et_pb_use_builder":"","_et_pb_old_content":"","_et_gb_content_width":""},"product_brand":[],"product_cat":[1561],"product_tag":[],"class_list":{"0":"post-20782","1":"product","2":"type-product","3":"status-publish","4":"has-post-thumbnail","6":"product_cat-steering-hydraulic-cylinders","8":"first","9":"instock","10":"shipping-taxable","11":"product-type-simple"},"amp_enabled":true,"_links":{"self":[{"href":"https:\/\/www.hydraulic-cylinders.net\/lv\/wp-json\/wp\/v2\/product\/20782","targetHints":{"allow":["GET"]}}],"collection":[{"href":"https:\/\/www.hydraulic-cylinders.net\/lv\/wp-json\/wp\/v2\/product"}],"about":[{"href":"https:\/\/www.hydraulic-cylinders.net\/lv\/wp-json\/wp\/v2\/types\/product"}],"replies":[{"embeddable":true,"href":"https:\/\/www.hydraulic-cylinders.net\/lv\/wp-json\/wp\/v2\/comments?post=20782"}],"wp:featuredmedia":[{"embeddable":true,"href":"https:\/\/www.hydraulic-cylinders.net\/lv\/wp-json\/wp\/v2\/media\/20641"}],"wp:attachment":[{"href":"https:\/\/www.hydraulic-cylinders.net\/lv\/wp-json\/wp\/v2\/media?parent=20782"}],"wp:term":[{"taxonomy":"product_brand","embeddable":true,"href":"https:\/\/www.hydraulic-cylinders.net\/lv\/wp-json\/wp\/v2\/product_brand?post=20782"},{"taxonomy":"product_cat","embeddable":true,"href":"https:\/\/www.hydraulic-cylinders.net\/lv\/wp-json\/wp\/v2\/product_cat?post=20782"},{"taxonomy":"product_tag","embeddable":true,"href":"https:\/\/www.hydraulic-cylinders.net\/lv\/wp-json\/wp\/v2\/product_tag?post=20782"}],"curies":[{"name":"wp","href":"https:\/\/api.w.org\/{rel}","templated":true}]}}