{"id":643,"date":"2023-08-21T02:44:39","date_gmt":"2023-08-21T02:44:39","guid":{"rendered":"https:\/\/hydraulic-cylinders.net\/?post_type=product&#038;p=643"},"modified":"2025-04-11T03:15:48","modified_gmt":"2025-04-11T03:15:48","slug":"forklift-steering-hydraulic-cylinder","status":"publish","type":"product","link":"https:\/\/www.hydraulic-cylinders.net\/lv\/products\/forklift-steering-hydraulic-cylinder\/","title":{"rendered":"Autoiekr\u0101v\u0113ja st\u016bres hidrauliskais cilindrs"},"content":{"rendered":"<h1 style=\"text-align: center;\"><strong>Iekr\u0101v\u0113ja st\u016bres hidrauliskie cilindri<\/strong><\/h1>\n<p><img loading=\"lazy\" decoding=\"async\" class=\"aligncenter wp-image-644 size-full\" src=\"https:\/\/hydraulic-cylinders.net\/wp-content\/uploads\/2023\/08\/steering-hydraulic-cylinder-product-1.webp\" alt=\"st\u016bres-hidraulisk\u0101-cilindra-produkts\" width=\"382\" height=\"382\" srcset=\"https:\/\/www.hydraulic-cylinders.net\/wp-content\/uploads\/2023\/08\/steering-hydraulic-cylinder-product-1.webp 382w, https:\/\/www.hydraulic-cylinders.net\/wp-content\/uploads\/2023\/08\/steering-hydraulic-cylinder-product-1-300x300.webp 300w, https:\/\/www.hydraulic-cylinders.net\/wp-content\/uploads\/2023\/08\/steering-hydraulic-cylinder-product-1-100x100.webp 100w, https:\/\/www.hydraulic-cylinders.net\/wp-content\/uploads\/2023\/08\/steering-hydraulic-cylinder-product-1-150x150.webp 150w\" sizes=\"(max-width: 382px) 100vw, 382px\" \/><\/p>\n<p>Iekr\u0101v\u0113ja st\u016bres hidrauliskie cilindri ir prec\u012bzas st\u016br\u0113\u0161anas vad\u012bbas un uzlabotas manevr\u0113tsp\u0113jas virz\u012bt\u0101jsp\u0113ks iekr\u0101v\u0113ju darb\u012bb\u0101s. \u0160\u012bm b\u016btiskaj\u0101m sast\u0101vda\u013c\u0101m ir iz\u0161\u0137iro\u0161a noz\u012bme vienm\u0113r\u012bgas un atsauc\u012bgas st\u016br\u0113\u0161anas nodro\u0161in\u0101\u0161an\u0101, \u013caujot operatoriem viegli p\u0101rvietoties \u0161aur\u0101s telp\u0101s un apstr\u0101d\u0101t smagas kravas.<\/p>\n<p>Iekr\u0101v\u0113ja st\u016bres hidrauliskie cilindri ir sader\u012bgi ar pla\u0161u iekr\u0101v\u0113ju mode\u013cu un z\u012bmolu kl\u0101stu, padarot tos par daudzpus\u012bgu risin\u0101jumu da\u017e\u0101diem pielietojumiem. Neatkar\u012bgi no t\u0101, vai str\u0101d\u0101jat noliktav\u0101s, lo\u0123istik\u0101, ra\u017eo\u0161an\u0101 vai jebkur\u0101 cit\u0101 nozar\u0113, \u0161os cilindrus var piel\u0101got j\u016bsu \u012bpa\u0161aj\u0101m pras\u012bb\u0101m.<\/p>\n<p>Moderniz\u0113jot savus iekr\u0101v\u0113jus ar \u0161iem cilindriem, j\u016bs varat iev\u0113rojami uzlabot st\u016br\u0113\u0161anas efektivit\u0101ti un produktivit\u0101ti. Ieg\u016bstiet vienm\u0113r\u012bg\u0101kus pagriezienus, prec\u012bzu vad\u0101m\u012bbu un samazin\u0101tu operatora nogurumu, kas savuk\u0101rt nodro\u0161ina \u0101tr\u0101kas un efekt\u012bv\u0101kas materi\u0101lu apstr\u0101des oper\u0101cijas.<\/p>\n<h2><strong>Iekr\u0101v\u0113ja st\u016bres hidraulisk\u0101 cilindra parametrs:<\/strong><\/h2>\n<table>\n<tbody>\n<tr>\n<td><img loading=\"lazy\" decoding=\"async\" class=\"alignnone wp-image-645 size-full\" src=\"https:\/\/hydraulic-cylinders.net\/wp-content\/uploads\/2023\/08\/steering-hydraulic-cylinder-product-1-1.webp\" alt=\"\" width=\"334\" height=\"255\" srcset=\"https:\/\/www.hydraulic-cylinders.net\/wp-content\/uploads\/2023\/08\/steering-hydraulic-cylinder-product-1-1.webp 334w, https:\/\/www.hydraulic-cylinders.net\/wp-content\/uploads\/2023\/08\/steering-hydraulic-cylinder-product-1-1-300x229.webp 300w\" sizes=\"(max-width: 334px) 100vw, 334px\" \/><\/td>\n<td><img loading=\"lazy\" decoding=\"async\" class=\"alignnone wp-image-646 size-full\" src=\"https:\/\/hydraulic-cylinders.net\/wp-content\/uploads\/2023\/08\/steering-hydraulic-cylinder-product-1-1.jpg.webp\" alt=\"\" width=\"475\" height=\"160\" srcset=\"https:\/\/www.hydraulic-cylinders.net\/wp-content\/uploads\/2023\/08\/steering-hydraulic-cylinder-product-1-1.jpg.webp 475w, https:\/\/www.hydraulic-cylinders.net\/wp-content\/uploads\/2023\/08\/steering-hydraulic-cylinder-product-1-1.jpg-300x101.webp 300w\" sizes=\"(max-width: 475px) 100vw, 475px\" \/><\/td>\n<\/tr>\n<\/tbody>\n<\/table>\n<table style=\"height: 95px;\" border=\"1\" cellspacing=\"0\" cellpadding=\"0\">\n<tbody>\n<tr style=\"height: 47px;\">\n<td style=\"height: 47px; width: 122.175px;\">Cilindra nosaukums<\/td>\n<td style=\"height: 47px; width: 154.2px;\">z\u012bm\u0113juma numurs<\/td>\n<td style=\"height: 47px; width: 80.3125px;\">urbuma diametrs (D)<\/td>\n<td style=\"height: 47px; width: 79.225px;\">stie\u0146a diametrs (d)<\/td>\n<td style=\"height: 47px; width: 65.5375px;\">g\u0101jiens (S)<\/td>\n<td style=\"height: 47px; width: 104.15px;\">Uzst\u0101d\u012b\u0161anas att\u0101lums (L)<\/td>\n<td style=\"height: 47px; width: 97.925px;\">darba spiediens<\/td>\n<td style=\"height: 47px; width: 177.45px;\">Saskarnes izm\u0113ri (M)<\/td>\n<td style=\"height: 47px; width: 60.5875px;\">svars<\/td>\n<\/tr>\n<tr style=\"height: 48px;\">\n<td class=\"et3\" style=\"height: 48px; width: 122.175px;\" height=\"325\">St\u016bres cilindrs<\/td>\n<td class=\"et4\" style=\"height: 48px; width: 154.2px;\">R960-224000-001<\/td>\n<td class=\"et4\" style=\"height: 48px; width: 80.3125px;\">\u03a665<\/td>\n<td class=\"et4\" style=\"height: 48px; width: 79.225px;\">\u03a640<\/td>\n<td class=\"et4\" style=\"height: 48px; width: 65.5375px;\">2*98<\/td>\n<td class=\"et4\" style=\"height: 48px; width: 104.15px;\">672<\/td>\n<td class=\"et4\" style=\"height: 48px; width: 97.925px;\">10,5 MPa<\/td>\n<td class=\"et4\" style=\"height: 48px; width: 177.45px;\">2-G1\/4<\/td>\n<td class=\"et4\" style=\"height: 48px; width: 60.5875px;\">15 kg<\/td>\n<\/tr>\n<\/tbody>\n<\/table>\n<table>\n<tbody>\n<tr>\n<td><img loading=\"lazy\" decoding=\"async\" class=\"alignnone wp-image-647 size-full\" src=\"https:\/\/hydraulic-cylinders.net\/wp-content\/uploads\/2023\/08\/steering-hydraulic-cylinder-product-1-2.webp\" alt=\"\" width=\"333\" height=\"252\" srcset=\"https:\/\/www.hydraulic-cylinders.net\/wp-content\/uploads\/2023\/08\/steering-hydraulic-cylinder-product-1-2.webp 333w, https:\/\/www.hydraulic-cylinders.net\/wp-content\/uploads\/2023\/08\/steering-hydraulic-cylinder-product-1-2-300x227.webp 300w\" sizes=\"(max-width: 333px) 100vw, 333px\" \/><\/td>\n<td><img loading=\"lazy\" decoding=\"async\" class=\"alignnone wp-image-648 size-full\" src=\"https:\/\/hydraulic-cylinders.net\/wp-content\/uploads\/2023\/08\/steering-hydraulic-cylinder-product-1-3.webp\" alt=\"\" width=\"475\" height=\"168\" srcset=\"https:\/\/www.hydraulic-cylinders.net\/wp-content\/uploads\/2023\/08\/steering-hydraulic-cylinder-product-1-3.webp 475w, https:\/\/www.hydraulic-cylinders.net\/wp-content\/uploads\/2023\/08\/steering-hydraulic-cylinder-product-1-3-300x106.webp 300w\" sizes=\"(max-width: 475px) 100vw, 475px\" \/><\/td>\n<\/tr>\n<\/tbody>\n<\/table>\n<table style=\"height: 101px;\" border=\"1\" cellspacing=\"0\" cellpadding=\"0\">\n<tbody>\n<tr style=\"height: 47px;\">\n<td style=\"height: 47px; width: 122px;\">Cilindra nosaukums<\/td>\n<td style=\"height: 47px; width: 155px;\">z\u012bm\u0113juma numurs<\/td>\n<td style=\"height: 47px; width: 80px;\">urbuma diametrs (D)<\/td>\n<td style=\"height: 47px; width: 79px;\">stie\u0146a diametrs (d)<\/td>\n<td style=\"height: 47px; width: 65px;\">g\u0101jiens (S)<\/td>\n<td style=\"height: 47px; width: 104px;\">Uzst\u0101d\u012b\u0161anas att\u0101lums (L)<\/td>\n<td style=\"height: 47px; width: 96px;\">darba spiediens<\/td>\n<td style=\"height: 47px; width: 177px;\">Saskarnes izm\u0113ri (M)<\/td>\n<td style=\"height: 47px; width: 60px;\">svars<\/td>\n<\/tr>\n<tr style=\"height: 54px;\">\n<td class=\"et3\" style=\"height: 54px; width: 122px;\" height=\"325\">St\u016bres cilindrs<\/td>\n<td class=\"et4\" style=\"height: 54px; width: 155px;\">A2A300-223000-000<\/td>\n<td class=\"et4\" style=\"height: 54px; width: 80px;\">\u03a680<\/td>\n<td class=\"et4\" style=\"height: 54px; width: 79px;\">\u03a650<\/td>\n<td class=\"et4\" style=\"height: 54px; width: 65px;\">2*103<\/td>\n<td class=\"et4\" style=\"height: 54px; width: 104px;\">652.2<\/td>\n<td class=\"et4\" style=\"height: 54px; width: 96px;\">10MPa<\/td>\n<td class=\"et4\" style=\"height: 54px; width: 177px;\">2-M16*1.5<\/td>\n<td class=\"et4\" style=\"height: 54px; width: 60px;\">18 kg<\/td>\n<\/tr>\n<\/tbody>\n<\/table>\n<table>\n<tbody>\n<tr>\n<td><img loading=\"lazy\" decoding=\"async\" class=\"alignnone wp-image-649 size-full\" src=\"https:\/\/hydraulic-cylinders.net\/wp-content\/uploads\/2023\/08\/steering-hydraulic-cylinder-product-1-4.webp\" alt=\"\" width=\"333\" height=\"221\" srcset=\"https:\/\/www.hydraulic-cylinders.net\/wp-content\/uploads\/2023\/08\/steering-hydraulic-cylinder-product-1-4.webp 333w, https:\/\/www.hydraulic-cylinders.net\/wp-content\/uploads\/2023\/08\/steering-hydraulic-cylinder-product-1-4-300x199.webp 300w\" sizes=\"(max-width: 333px) 100vw, 333px\" \/><\/td>\n<td><img loading=\"lazy\" decoding=\"async\" class=\"alignnone wp-image-650 size-full\" src=\"https:\/\/hydraulic-cylinders.net\/wp-content\/uploads\/2023\/08\/steering-hydraulic-cylinder-product-1-5.webp\" alt=\"\" width=\"475\" height=\"176\" srcset=\"https:\/\/www.hydraulic-cylinders.net\/wp-content\/uploads\/2023\/08\/steering-hydraulic-cylinder-product-1-5.webp 475w, https:\/\/www.hydraulic-cylinders.net\/wp-content\/uploads\/2023\/08\/steering-hydraulic-cylinder-product-1-5-300x111.webp 300w\" sizes=\"(max-width: 475px) 100vw, 475px\" \/><\/td>\n<\/tr>\n<\/tbody>\n<\/table>\n<table style=\"height: 98px;\" border=\"1\" cellspacing=\"0\" cellpadding=\"0\">\n<tbody>\n<tr style=\"height: 47px;\">\n<td style=\"height: 47px; width: 122.338px;\">Cilindra nosaukums<\/td>\n<td style=\"height: 47px; width: 154.438px;\">z\u012bm\u0113juma numurs<\/td>\n<td style=\"height: 47px; width: 80.3625px;\">urbuma diametrs (D)<\/td>\n<td style=\"height: 47px; width: 79.275px;\">stie\u0146a diametrs (d)<\/td>\n<td style=\"height: 47px; width: 65.5875px;\">g\u0101jiens (S)<\/td>\n<td style=\"height: 47px; width: 104.25px;\">Uzst\u0101d\u012b\u0161anas att\u0101lums (L)<\/td>\n<td style=\"height: 47px; width: 97.025px;\">darba spiediens<\/td>\n<td style=\"height: 47px; width: 177.7px;\">Saskarnes izm\u0113ri (M)<\/td>\n<td style=\"height: 47px; width: 60.625px;\">svars<\/td>\n<\/tr>\n<tr style=\"height: 51px;\">\n<td class=\"et3\" style=\"height: 51px; width: 122.338px;\" height=\"325\">St\u016bres cilindrs<\/td>\n<td class=\"et4\" style=\"height: 51px; width: 154.438px;\">XF250-223000-500T<\/td>\n<td class=\"et4\" style=\"height: 51px; width: 80.3625px;\">\u03a680<\/td>\n<td class=\"et4\" style=\"height: 51px; width: 79.275px;\">\u03a650<\/td>\n<td class=\"et4\" style=\"height: 51px; width: 65.5875px;\">2*94<\/td>\n<td class=\"et4\" style=\"height: 51px; width: 104.25px;\">654<\/td>\n<td class=\"et4\" style=\"height: 51px; width: 97.025px;\">16MPa<\/td>\n<td class=\"et4\" style=\"height: 51px; width: 177.7px;\">2-M16*1.5<\/td>\n<td class=\"et4\" style=\"height: 51px; width: 60.625px;\">20 kg<\/td>\n<\/tr>\n<\/tbody>\n<\/table>\n<h2><strong>Apkopes vadl\u012bnijas <\/strong><strong>Dak\u0161u pac\u0113l\u0101ja pacel\u0161anas hidrauliskais cilindrs<\/strong><strong>:<\/strong><\/h2>\n<ul>\n<li><strong>Regul\u0101ras p\u0101rbaudes<\/strong>Veiciet regul\u0101ras hidraulisk\u0101 cilindra p\u0101rbaudes, lai p\u0101rbaud\u012btu, vai nav boj\u0101jumu, nodiluma vai nopl\u016bdes paz\u012bmju. P\u0101rbaudiet stieni, bl\u012bves un stiprin\u0101juma punktus. Nekav\u0113joties nov\u0113rsiet visas probl\u0113mas, lai nov\u0113rstu turpm\u0101kus boj\u0101jumus un uztur\u0113tu optim\u0101lu veiktsp\u0113ju.<\/li>\n<li><strong>\u0160\u0137idrumu p\u0101rbaudes un nomai\u0146a<\/strong>Regul\u0101ri p\u0101rbaudiet hidraulisk\u0101 \u0161\u0137idruma l\u012bmeni un kvalit\u0101ti. P\u0101rliecinieties, ka \u0161\u0137idrums ir t\u012brs un bez piemais\u012bjumiem. Iev\u0113rojiet ra\u017eot\u0101ja ieteikumus par \u0161\u0137idruma nomai\u0146as interv\u0101liem, lai uztur\u0113tu pareizu e\u013c\u013co\u0161anu un sist\u0113mas darb\u012bbu.<\/li>\n<li><strong>Bl\u012bvju apkope<\/strong>P\u0101rbaudiet hidraulisk\u0101 cilindra bl\u012bves, vai nav nodiluma, plaisu vai nopl\u016b\u017eu paz\u012bmju. Nekav\u0113joties nomainiet boj\u0101t\u0101s bl\u012bves, lai nov\u0113rstu \u0161\u0137idruma nopl\u016bdi un nodro\u0161in\u0101tu dro\u0161u darb\u012bbu.<\/li>\n<li><strong>Stie\u0146u apkope<\/strong>: Uzturiet hidraulisk\u0101 cilindra stieni t\u012bru un bez gru\u017eiem. Regul\u0101ri noslaukiet stieni un uzkl\u0101jiet piem\u0113rotu sm\u0113rvielu, lai samazin\u0101tu berzi un pagarin\u0101tu bl\u012bv\u0113jumu kalpo\u0161anas laiku.<\/li>\n<li><strong>Sist\u0113mas spiediena p\u0101rbaudes<\/strong>Periodiski p\u0101rbaudiet hidraulisk\u0101s sist\u0113mas spiedienu, lai p\u0101rliecin\u0101tos, ka tas darbojas ieteicamaj\u0101 diapazon\u0101. Ja nepiecie\u0161ams, noregul\u0113jiet spiedienu, iev\u0113rojot ra\u017eot\u0101ja nor\u0101d\u012bjumus.<\/li>\n<\/ul>\n<h2><strong>R\u016bpn\u012bcas iesp\u0113jas un jauda:<\/strong><\/h2>\n<h3>(1) Mont\u0101\u017ea<\/h3>\n<p>Mums ir pirmklas\u012bga neatkar\u012bga p\u0113tniec\u012bbas un att\u012bst\u012bbas mont\u0101\u017eas platforma. Iekr\u0101v\u0113ju cilindru ra\u017eo\u0161anas darbn\u012bc\u0101 ir 4 pusautom\u0101tiskas pacel\u0161anas cilindru mont\u0101\u017eas l\u012bnijas un 1 autom\u0101tisk\u0101s nolieces cilindru mont\u0101\u017eas l\u012bnija ar projekt\u0113to gada ra\u017eo\u0161anas jaudu 1 miljons vien\u012bbu; Speci\u0101lo cilindru darbn\u012bca ir apr\u012bkota ar da\u017e\u0101du specifik\u0101ciju pusautom\u0101tisko t\u012br\u012b\u0161anas mont\u0101\u017eas sist\u0113mu, kuras projekt\u0113t\u0101 gada ra\u017eo\u0161anas jauda ir 200 000 vien\u012bbu. Apr\u012bkota ar slaven\u0101m CNC apstr\u0101des iek\u0101rt\u0101m, apstr\u0101des centru, augstas precizit\u0101tes cilindru apstr\u0101des speci\u0101lo apr\u012bkojumu, robotiz\u0113tu metin\u0101\u0161anas iek\u0101rtu, autom\u0101tisko t\u012br\u012b\u0161anas iek\u0101rtu, autom\u0101tisko cilindru mont\u0101\u017eas iek\u0101rtu, autom\u0101tisko kr\u0101so\u0161anas ra\u017eo\u0161anas l\u012bniju. Eso\u0161ais galveno iek\u0101rtu skaits p\u0101rsniedz 300 komplektus (komplektus). Optim\u0101la iek\u0101rtu resursu sadale un efekt\u012bva izmanto\u0161ana nodro\u0161ina produktu precizit\u0101tes pras\u012bbas un atbilst\u012bbu augstaj\u0101m produktu kvalit\u0101tes pras\u012bb\u0101m.<\/p>\n<p><img loading=\"lazy\" decoding=\"async\" class=\"alignnone wp-image-626\" src=\"https:\/\/hydraulic-cylinders.net\/wp-content\/uploads\/2023\/08\/hydraulic-cylinder-product-1-300x158.webp\" alt=\"\" width=\"495\" height=\"260\" srcset=\"https:\/\/hydraulic-cylinders.net\/wp-content\/uploads\/2023\/08\/hydraulic-cylinder-product-1-300x158.webp 495w, https:\/\/hydraulic-cylinders.net\/wp-content\/uploads\/2023\/08\/hydraulic-cylinder-product-1-480x252.webp 480w\" sizes=\"(min-width: 0px) and (max-width: 480px) 480px, (min-width: 481px) 495px, 100vw\" \/> <img loading=\"lazy\" decoding=\"async\" class=\"alignnone wp-image-627\" src=\"https:\/\/hydraulic-cylinders.net\/wp-content\/uploads\/2023\/08\/hydraulic-cylinder-product-2-300x189.webp\" alt=\"\" width=\"413\" height=\"260\" \/><\/p>\n<h3>(2) Apstr\u0101de<\/h3>\n<p>Apstr\u0101des cehs ir apr\u012bkots ar piel\u0101gotu sl\u012bpo slie\u017eu virpo\u0161anas centru, apstr\u0101des centru, \u0101trgaitas asin\u0101\u0161anas ma\u0161\u012bnu, metin\u0101\u0161anas robotu un citu saist\u012btu apr\u012bkojumu, kas var apstr\u0101d\u0101t cilindriskas caurules ar maksim\u0101lo iek\u0161\u0113jo diametru 400 mm un maksim\u0101lo garumu 6 metri.<\/p>\n<p><img loading=\"lazy\" decoding=\"async\" class=\"alignnone wp-image-628 size-large\" src=\"https:\/\/hydraulic-cylinders.net\/wp-content\/uploads\/2023\/08\/hydraulic-cylinder-product-3-1024x391.webp\" alt=\"\" width=\"1024\" height=\"391\" srcset=\"https:\/\/hydraulic-cylinders.net\/wp-content\/uploads\/2023\/08\/hydraulic-cylinder-product-3-980x374.webp 980w, https:\/\/hydraulic-cylinders.net\/wp-content\/uploads\/2023\/08\/hydraulic-cylinder-product-3-480x183.webp 480w\" sizes=\"(min-width: 0px) and (max-width: 480px) 480px, (min-width: 481px) and (max-width: 980px) 980px, (min-width: 981px) 1024px, 100vw\" \/><\/p>\n<h3>(3) Metin\u0101\u0161ana<\/h3>\n<p><img loading=\"lazy\" decoding=\"async\" class=\"alignnone wp-image-629 size-large\" src=\"https:\/\/hydraulic-cylinders.net\/wp-content\/uploads\/2023\/08\/hydraulic-cylinder-product-4-1024x510.webp\" alt=\"\" width=\"1024\" height=\"510\" srcset=\"https:\/\/hydraulic-cylinders.net\/wp-content\/uploads\/2023\/08\/hydraulic-cylinder-product-4-980x488.webp 980w, https:\/\/hydraulic-cylinders.net\/wp-content\/uploads\/2023\/08\/hydraulic-cylinder-product-4-480x239.webp 480w\" sizes=\"(min-width: 0px) and (max-width: 480px) 480px, (min-width: 481px) and (max-width: 980px) 980px, (min-width: 981px) 1024px, 100vw\" \/><\/p>\n<h3>(4) Kr\u0101so\u0161ana un p\u0101rkl\u0101\u0161ana<\/h3>\n<p>Ar maza un vid\u0113ja izm\u0113ra cilindru autom\u0101tisko \u016bdens b\u0101zes kr\u0101sas p\u0101rkl\u0101\u0161anas l\u012bniju, lai pan\u0101ktu autom\u0101tisku robotu iekrau\u0161anu un izkrau\u0161anu un autom\u0101tisku izsmidzin\u0101\u0161anu, projekt\u0113t\u0101 jauda ir 4000 gabali mai\u0146\u0101;<br \/>\nMums ir ar\u012b pusautom\u0101tiska kr\u0101su ra\u017eo\u0161anas l\u012bnija lieliem cilindriem, ko darbina \u0137\u0113des baro\u0161anas meh\u0101nisms, ar projekt\u0113to jaudu 60 kastes mai\u0146\u0101.<\/p>\n<p><img loading=\"lazy\" decoding=\"async\" class=\"alignnone wp-image-630\" src=\"https:\/\/hydraulic-cylinders.net\/wp-content\/uploads\/2023\/08\/hydraulic-cylinder-product-5-300x213.webp\" alt=\"\" width=\"366\" height=\"260\" \/> <img loading=\"lazy\" decoding=\"async\" class=\"alignnone wp-image-631\" src=\"https:\/\/hydraulic-cylinders.net\/wp-content\/uploads\/2023\/08\/hydraulic-cylinder-product-6-300x225.webp\" alt=\"\" width=\"347\" height=\"260\" \/><\/p>\n<h3>(5) Test\u0113\u0161ana<\/h3>\n<p>Mums ir augst\u0101k\u0101s klases p\u0101rbaudes iek\u0101rtas un test\u0113\u0161anas stendi, lai nodro\u0161in\u0101tu, ka balona veiktsp\u0113ja atbilst pras\u012bb\u0101m.<\/p>\n<p><img loading=\"lazy\" decoding=\"async\" class=\"alignnone wp-image-632\" src=\"https:\/\/hydraulic-cylinders.net\/wp-content\/uploads\/2023\/08\/hydraulic-cylinder-product-8-300x200.webp\" alt=\"\" width=\"389\" height=\"260\" \/><\/p>\n<p>&nbsp;<\/p>\n<p>&nbsp;<\/p>\n<p>M\u0113s esam viens no lab\u0101kajiem hidraulisko cilindru ra\u017eot\u0101jiem. M\u0113s varam pied\u0101v\u0101t pla\u0161u hidraulisko cilindru kl\u0101stu. M\u0113s nodro\u0161in\u0101m ar\u012b atbilsto\u0161us <a href=\"https:\/\/hzpt.com\/agricultural-pto-gearbox\/\" target=\"_blank\" rel=\"noopener\">lauksaimniec\u012bbas p\u0101rnesumk\u0101rbas<\/a>M\u0113s esam eksport\u0113ju\u0161i savus produktus klientiem vis\u0101 pasaul\u0113 un ieguvu\u0161i labu reput\u0101ciju, pateicoties m\u016bsu augst\u0101kajai produktu kvalit\u0101tei un p\u0113cp\u0101rdo\u0161anas apkalpo\u0161anai. M\u0113s sirsn\u012bgi sveicam klientus gan m\u0101j\u0101s, gan \u0101rzem\u0113s sazin\u0101ties ar mums, lai veiktu dar\u012bjumus, apmain\u012btos ar inform\u0101ciju un\u00a0<a href=\"https:\/\/www.hydraulic-cylinders.net\/lv\/contact-us\/\">sadarboties ar mums<\/a>!<\/p>","protected":false},"excerpt":{"rendered":"<p>Forklift Steering Hydraulic Cylinders Forklift Steering Hydraulic Cylinders, the driving force behind precise steering control and enhanced maneuverability in forklift operations. These essential components play a crucial role in ensuring smooth and responsive steering, allowing operators to navigate tight spaces and handle heavy loads with ease. The Forklift Steering Hydraulic Cylinders are compatible with a [&hellip;]<\/p>","protected":false},"featured_media":651,"comment_status":"open","ping_status":"closed","template":"","meta":{"_et_pb_use_builder":"","_et_pb_old_content":"","_et_gb_content_width":""},"product_brand":[],"product_cat":[1550,1484,1376],"product_tag":[1380],"class_list":{"0":"post-643","1":"product","2":"type-product","3":"status-publish","4":"has-post-thumbnail","6":"product_cat-double-acting-hydraulic-cylinder","7":"product_cat-forklift-hydraulic-cylinders","8":"product_cat-hydraulic-cylinder","9":"product_tag-hydraulic-cylinder","11":"first","12":"instock","13":"shipping-taxable","14":"product-type-simple"},"amp_enabled":true,"_links":{"self":[{"href":"https:\/\/www.hydraulic-cylinders.net\/lv\/wp-json\/wp\/v2\/product\/643","targetHints":{"allow":["GET"]}}],"collection":[{"href":"https:\/\/www.hydraulic-cylinders.net\/lv\/wp-json\/wp\/v2\/product"}],"about":[{"href":"https:\/\/www.hydraulic-cylinders.net\/lv\/wp-json\/wp\/v2\/types\/product"}],"replies":[{"embeddable":true,"href":"https:\/\/www.hydraulic-cylinders.net\/lv\/wp-json\/wp\/v2\/comments?post=643"}],"wp:featuredmedia":[{"embeddable":true,"href":"https:\/\/www.hydraulic-cylinders.net\/lv\/wp-json\/wp\/v2\/media\/651"}],"wp:attachment":[{"href":"https:\/\/www.hydraulic-cylinders.net\/lv\/wp-json\/wp\/v2\/media?parent=643"}],"wp:term":[{"taxonomy":"product_brand","embeddable":true,"href":"https:\/\/www.hydraulic-cylinders.net\/lv\/wp-json\/wp\/v2\/product_brand?post=643"},{"taxonomy":"product_cat","embeddable":true,"href":"https:\/\/www.hydraulic-cylinders.net\/lv\/wp-json\/wp\/v2\/product_cat?post=643"},{"taxonomy":"product_tag","embeddable":true,"href":"https:\/\/www.hydraulic-cylinders.net\/lv\/wp-json\/wp\/v2\/product_tag?post=643"}],"curies":[{"name":"wp","href":"https:\/\/api.w.org\/{rel}","templated":true}]}}