{"id":652,"date":"2023-08-21T02:56:38","date_gmt":"2023-08-21T02:56:38","guid":{"rendered":"https:\/\/hydraulic-cylinders.net\/?post_type=product&#038;p=652"},"modified":"2025-04-11T01:45:01","modified_gmt":"2025-04-11T01:45:01","slug":"forklift-short-lifting-hydraulic-cylinder","status":"publish","type":"product","link":"https:\/\/www.hydraulic-cylinders.net\/lv\/products\/forklift-short-lifting-hydraulic-cylinder\/","title":{"rendered":"Dak\u0161u iekr\u0101v\u0113ja \u012bss pacel\u0161anas hidrauliskais cilindrs"},"content":{"rendered":"<h1 style=\"text-align: center;\"><strong>Dak\u0161u iekr\u0101v\u0113ja \u012bss pacel\u0161anas hidrauliskais cilindrs<\/strong><\/h1>\n<p><img loading=\"lazy\" decoding=\"async\" class=\"aligncenter wp-image-653\" src=\"https:\/\/hydraulic-cylinders.net\/wp-content\/uploads\/2023\/08\/short-lifting-hydraulic-cylinder-product-2-300x300.webp\" alt=\"\u012bsa pacel\u0161anas hidraulisk\u0101 cilindra produkts\" width=\"400\" height=\"400\" \/><\/p>\n<p>The <strong>\u012ass iekr\u0101v\u0113ja pacel\u0161anas cilindrs<\/strong> ir izstr\u0101d\u0101ts, lai bez piep\u016bles veiktu \u012bsus cel\u0161anas uzdevumus, nodro\u0161inot jaudu un precizit\u0101ti, kas nepiecie\u0161ama materi\u0101lu apstr\u0101des darb\u012bbu optimiz\u0113\u0161anai.<\/p>\n<p>\u0160im hidrauliskajam cilindram ir iztur\u012bga konstrukcija, kas sp\u0113j iztur\u0113t lielas slodzes, bie\u017eu lieto\u0161anu un sare\u017e\u0123\u012btus ekspluat\u0101cijas apst\u0101k\u013cus. Tas ir rad\u012bts iztur\u012bbai, nodro\u0161inot uzticamu veiktsp\u0113ju, vienlaikus samazinot ar apkopi vai remontu saist\u012bto d\u012bkst\u0101vi.<\/p>\n<p>Ar izcilu iztur\u012bbu pret nodilumu, koroziju un pies\u0101r\u0146ojumu, <strong>\u012ass iekr\u0101v\u0113ja pacel\u0161anas cilindrs<\/strong> saglab\u0101 maksim\u0101lu veiktsp\u0113ju vis\u0101 t\u0101 kalpo\u0161anas laik\u0101. Izstr\u0101d\u0101ts, lai iztur\u0113tu skarbus laikapst\u0101k\u013cus, tas efekt\u012bvi pasarg\u0101 sevi no mitruma, gru\u017eiem un citiem pies\u0101r\u0146ot\u0101jiem, kas var\u0113tu apdraud\u0113t t\u0101 funkcionalit\u0101ti.<\/p>\n<p>Tiem, kas mekl\u0113 uzticamu cel\u0161anas risin\u0101jumu, \u0161is hidrauliskais cilindrs ir ide\u0101la izv\u0113le, nodro\u0161inot efektivit\u0101ti un ilgm\u016b\u017e\u012bbu katr\u0101 darb\u012bb\u0101.<\/p>\n<h2><strong>Iekr\u0101v\u0113ja \u012bs\u0101s pacel\u0161anas hidraulisk\u0101 cilindra parametrs:<\/strong><\/h2>\n<table>\n<tbody>\n<tr>\n<td><img loading=\"lazy\" decoding=\"async\" class=\"alignnone wp-image-654 size-full\" src=\"https:\/\/hydraulic-cylinders.net\/wp-content\/uploads\/2023\/08\/short-lifting-hydraulic-cylinder-product-1.png\" alt=\"\" width=\"457\" height=\"315\" srcset=\"https:\/\/www.hydraulic-cylinders.net\/wp-content\/uploads\/2023\/08\/short-lifting-hydraulic-cylinder-product-1.png 457w, https:\/\/www.hydraulic-cylinders.net\/wp-content\/uploads\/2023\/08\/short-lifting-hydraulic-cylinder-product-1-300x207.png 300w\" sizes=\"(max-width: 457px) 100vw, 457px\" \/><\/td>\n<td><img loading=\"lazy\" decoding=\"async\" class=\"alignnone wp-image-655 size-full\" src=\"https:\/\/hydraulic-cylinders.net\/wp-content\/uploads\/2023\/08\/short-lifting-hydraulic-cylinder-product-1-1.png\" alt=\"\" width=\"475\" height=\"137\" srcset=\"https:\/\/www.hydraulic-cylinders.net\/wp-content\/uploads\/2023\/08\/short-lifting-hydraulic-cylinder-product-1-1.png 475w, https:\/\/www.hydraulic-cylinders.net\/wp-content\/uploads\/2023\/08\/short-lifting-hydraulic-cylinder-product-1-1-300x87.png 300w\" sizes=\"(max-width: 475px) 100vw, 475px\" \/><\/td>\n<\/tr>\n<\/tbody>\n<\/table>\n<table style=\"height: 95px; width: 931px;\" border=\"1\" cellspacing=\"0\" cellpadding=\"0\">\n<tbody>\n<tr style=\"height: 47px;\">\n<td style=\"height: 47px; width: 124.137px;\">Cilindra nosaukums<\/td>\n<td style=\"height: 47px; width: 182.712px;\">z\u012bm\u0113juma numurs<\/td>\n<td style=\"height: 47px; width: 74.2125px;\">urbuma diametrs (D)<\/td>\n<td style=\"height: 47px; width: 63.6375px;\">stie\u0146a diametrs (d)<\/td>\n<td style=\"height: 47px; width: 69.75px;\">g\u0101jiens (S)<\/td>\n<td style=\"height: 47px; width: 90.0875px;\">Uzst\u0101d\u012b\u0161anas att\u0101lums (L)<\/td>\n<td style=\"height: 47px; width: 92.5625px;\">darba spiediens<\/td>\n<td style=\"height: 47px; width: 148.925px;\">Saskarnes izm\u0113ri (M)<\/td>\n<td style=\"height: 47px; width: 68.975px;\">svars<\/td>\n<\/tr>\n<tr style=\"height: 48px;\">\n<td class=\"et3\" style=\"height: 48px; width: 124.137px;\" height=\"325\">\u012ass pacel\u0161anas cilindrs<\/td>\n<td style=\"width: 182.712px;\">RC25N480-800000-000A<\/td>\n<td style=\"width: 74.2125px;\">\u03a675<\/td>\n<td style=\"width: 63.6375px;\">\u03a660<\/td>\n<td style=\"width: 69.75px;\">800<\/td>\n<td style=\"width: 90.0875px;\">1065<\/td>\n<td style=\"width: 92.5625px;\">18,1 MPa<\/td>\n<td style=\"width: 148.925px;\">M22*1,5<\/td>\n<td style=\"width: 68.975px;\">36 kg<\/td>\n<\/tr>\n<tr>\n<td style=\"width: 124.137px;\">\u012ass pacel\u0161anas cilindrs<\/td>\n<td style=\"width: 182.712px;\">X35N480-800000-001A<\/td>\n<td style=\"width: 74.2125px;\">\u03a695<\/td>\n<td style=\"width: 63.6375px;\">\u03a680<\/td>\n<td style=\"width: 69.75px;\">800<\/td>\n<td style=\"width: 90.0875px;\">1065<\/td>\n<td style=\"width: 92.5625px;\">18,1 MPa<\/td>\n<td style=\"width: 148.925px;\">M22*1,5<\/td>\n<td style=\"width: 68.975px;\">48,7 kg<\/td>\n<\/tr>\n<\/tbody>\n<\/table>\n<table>\n<tbody>\n<tr>\n<td><img loading=\"lazy\" decoding=\"async\" class=\"alignnone wp-image-656 size-full\" src=\"https:\/\/hydraulic-cylinders.net\/wp-content\/uploads\/2023\/08\/short-lifting-hydraulic-cylinder-product-2-1.webp\" alt=\"\" width=\"451\" height=\"358\" srcset=\"https:\/\/www.hydraulic-cylinders.net\/wp-content\/uploads\/2023\/08\/short-lifting-hydraulic-cylinder-product-2-1.webp 451w, https:\/\/www.hydraulic-cylinders.net\/wp-content\/uploads\/2023\/08\/short-lifting-hydraulic-cylinder-product-2-1-300x238.webp 300w\" sizes=\"(max-width: 451px) 100vw, 451px\" \/><\/td>\n<td><img loading=\"lazy\" decoding=\"async\" class=\"alignnone wp-image-657 size-full\" src=\"https:\/\/hydraulic-cylinders.net\/wp-content\/uploads\/2023\/08\/short-lifting-hydraulic-cylinder-product-2-1-1.webp\" alt=\"\" width=\"475\" height=\"223\" srcset=\"https:\/\/www.hydraulic-cylinders.net\/wp-content\/uploads\/2023\/08\/short-lifting-hydraulic-cylinder-product-2-1-1.webp 475w, https:\/\/www.hydraulic-cylinders.net\/wp-content\/uploads\/2023\/08\/short-lifting-hydraulic-cylinder-product-2-1-1-300x141.webp 300w\" sizes=\"(max-width: 475px) 100vw, 475px\" \/><\/td>\n<\/tr>\n<\/tbody>\n<\/table>\n<table style=\"height: 101px; width: 938px;\" border=\"1\" cellspacing=\"0\" cellpadding=\"0\">\n<tbody>\n<tr style=\"height: 47px;\">\n<td style=\"height: 47px; width: 122px;\">Cilindra nosaukums<\/td>\n<td style=\"height: 47px; width: 155px;\">z\u012bm\u0113juma numurs<\/td>\n<td style=\"height: 47px; width: 80px;\">urbuma diametrs (D)<\/td>\n<td style=\"height: 47px; width: 79px;\">stie\u0146a diametrs (d)<\/td>\n<td style=\"height: 47px; width: 65px;\">g\u0101jiens (S)<\/td>\n<td style=\"height: 47px; width: 104px;\">Uzst\u0101d\u012b\u0161anas att\u0101lums (L)<\/td>\n<td style=\"height: 47px; width: 96px;\">darba spiediens<\/td>\n<td style=\"height: 47px; width: 177px;\">Saskarnes izm\u0113ri (M)<\/td>\n<td style=\"height: 47px; width: 60px;\">svars<\/td>\n<\/tr>\n<tr style=\"height: 54px;\">\n<td class=\"et3\" style=\"height: 54px; width: 122px;\" height=\"325\">\u012ass pacel\u0161anas cilindrs<\/td>\n<td style=\"width: 155px;\" width=\"270\">N30N450-800000-002A<\/td>\n<td style=\"width: 80px;\" width=\"102\">\u03a685<\/td>\n<td style=\"width: 79px;\" width=\"99\">\u03a670<\/td>\n<td style=\"width: 65px;\" width=\"91\">777<\/td>\n<td style=\"width: 104px;\" width=\"136\">1015<\/td>\n<td style=\"width: 96px;\" width=\"138\">18,1 MPa<\/td>\n<td style=\"width: 177px;\" width=\"294\">M22*1,5<\/td>\n<td style=\"width: 60px;\" width=\"78\">45,5 kg<\/td>\n<\/tr>\n<tr>\n<td style=\"width: 122px;\">\u012ass pacel\u0161anas cilindrs<\/td>\n<td style=\"width: 155px;\">3U3H-800000-001A<\/td>\n<td style=\"width: 80px;\">\u03a685<\/td>\n<td style=\"width: 79px;\">\u03a670<\/td>\n<td style=\"width: 65px;\">777<\/td>\n<td style=\"width: 104px;\">1015<\/td>\n<td style=\"width: 96px;\">18,1 MPa<\/td>\n<td style=\"width: 177px;\">M22*1,5<\/td>\n<td style=\"width: 60px;\">45,5 kg<\/td>\n<\/tr>\n<tr>\n<td style=\"width: 122px;\">\u012ass pacel\u0161anas cilindrs<\/td>\n<td style=\"width: 155px;\">N35N450-800000-003A<\/td>\n<td style=\"width: 80px;\">\u03a695<\/td>\n<td style=\"width: 79px;\">\u03a680<\/td>\n<td style=\"width: 65px;\">775<\/td>\n<td style=\"width: 104px;\">1013<\/td>\n<td style=\"width: 96px;\">18,1 MPa<\/td>\n<td style=\"width: 177px;\">M22*1,5<\/td>\n<td style=\"width: 60px;\">54 kg<\/td>\n<\/tr>\n<\/tbody>\n<\/table>\n<h2><strong>Atkl\u0101jiet efektivit\u0101ti un precizit\u0101ti ar hidraulisko cilindru:<\/strong><\/h2>\n<p>Izbaudiet hidraulisk\u0101s tehnolo\u0123ijas patieso jaudu ar hidraulisko cilindru. \u0160\u012b iev\u0113rojam\u0101 ier\u012bce ir izstr\u0101d\u0101ta, lai nodro\u0161in\u0101tu precizit\u0101ti un uzticam\u012bbu pla\u0161\u0101 pielietojumu kl\u0101st\u0101. S\u0101kot no r\u016bpnieciskaj\u0101m iek\u0101rt\u0101m l\u012bdz celtniec\u012bbas iek\u0101rt\u0101m, hidrauliskais cilindrs ir atsl\u0113ga veiktsp\u0113jas optimiz\u0113\u0161anai un izcilu rezult\u0101tu sasnieg\u0161anai. Atkl\u0101jiet, k\u0101 \u0161is jaud\u012bgais instruments var revolucioniz\u0113t j\u016bsu darb\u012bbu.<\/p>\n<ul>\n<li><strong>Prec\u012bzijas in\u017eenierija<\/strong>Hidrauliskais cilindrs ir r\u016bp\u012bgi izstr\u0101d\u0101ts, lai nodro\u0161in\u0101tu prec\u012bzu kust\u012bbas un sp\u0113ka kontroli. Pateicoties t\u0101 modernajam dizainam un augstas kvalit\u0101tes konstrukcijai, tas nodro\u0161ina prec\u012bzu un atk\u0101rtojamu veiktsp\u0113ju, \u013caujot sasniegt v\u0113lamos rezult\u0101tus ar izcilu precizit\u0101ti.<\/li>\n<li><strong>Uzlabota efektivit\u0101te<\/strong>Atvadieties no neefektivit\u0101tes un nevienm\u0113r\u012bgas veiktsp\u0113jas. Hidrauliskais cilindrs optimiz\u0113 hidraulisk\u0101s jaudas izmanto\u0161anu, maksim\u0101li palielinot efektivit\u0101ti un produktivit\u0101ti. Izbaudiet vienm\u0113r\u012bgas un kontrol\u0113tas kust\u012bbas, kas samazina ener\u0123ijas pat\u0113ri\u0146u un uzlabo sist\u0113mas kop\u0113jo veiktsp\u0113ju.<\/li>\n<\/ul>\n<h2><strong>R\u016bpn\u012bcas iesp\u0113jas un jauda:<\/strong><\/h2>\n<h3><strong>(1) Mont\u0101\u017ea<\/strong><\/h3>\n<p>M\u016bsu ra\u017eotne lepojas ar augst\u0101k\u0101 l\u012bme\u0146a neatkar\u012bgu p\u0113tniec\u012bbas un att\u012bst\u012bbas mont\u0101\u017eas platformu, kas paredz\u0113ta hidraulisko cilindru ra\u017eo\u0161anai. M\u0113s p\u0101rvald\u0101m \u010detras pusautom\u0101tiskas pacel\u0161anas cilindru mont\u0101\u017eas l\u012bnijas un vienu piln\u012bb\u0101 autom\u0101tisku sl\u012bpuma cilindru mont\u0101\u017eas l\u012bniju ar iespaid\u012bgu gada ra\u017eo\u0161anas jaudu \u2014 1 miljonu cilindru.<img loading=\"lazy\" decoding=\"async\" class=\"aligncenter wp-image-626\" src=\"https:\/\/hydraulic-cylinders.net\/wp-content\/uploads\/2023\/08\/hydraulic-cylinder-product-1-300x158.webp\" alt=\"\" width=\"500\" height=\"263\" srcset=\"https:\/\/hydraulic-cylinders.net\/wp-content\/uploads\/2023\/08\/hydraulic-cylinder-product-1-300x158.webp 500w, https:\/\/hydraulic-cylinders.net\/wp-content\/uploads\/2023\/08\/hydraulic-cylinder-product-1-480x252.webp 480w\" sizes=\"(min-width: 0px) and (max-width: 480px) 480px, (min-width: 481px) 500px, 100vw\" \/><\/p>\n<p>M\u016bsu specializ\u0113taj\u0101 cilindru darbn\u012bc\u0101 m\u0113s izmantojam pusautom\u0101tisku t\u012br\u012b\u0161anas mont\u0101\u017eas sist\u0113mu, kas paredz\u0113ta da\u017e\u0101d\u0101m specifik\u0101cij\u0101m un sp\u0113j sara\u017eot 200\u00a0000 cilindru gad\u0101. M\u016bsu darbn\u012bca ir apr\u012bkota ar modern\u0101m CNC apstr\u0101des iek\u0101rt\u0101m, apstr\u0101des centru, augstas precizit\u0101tes cilindru apstr\u0101des instrumentiem, robotiz\u0113t\u0101m metin\u0101\u0161anas iek\u0101rt\u0101m, autom\u0101tisk\u0101m t\u012br\u012b\u0161anas sist\u0113m\u0101m un automatiz\u0113tu cilindru mont\u0101\u017eas l\u012bniju. Turkl\u0101t mums ir piln\u012bb\u0101 automatiz\u0113ta kr\u0101so\u0161anas ra\u017eo\u0161anas l\u012bnija.<\/p>\n<p>Ar vair\u0101k nek\u0101 300 kritiski svar\u012bg\u0101m iek\u0101rt\u0101m m\u016bsu optim\u0101lais resursu sadal\u012bjums nodro\u0161ina, ka m\u0113s iev\u0113rojam stingros precizit\u0101tes un kvalit\u0101tes standartus, ko pieprasa m\u016bsu klienti. \u0160\u012b ap\u0146em\u0161an\u0101s nodro\u0161in\u0101t efektivit\u0101ti un precizit\u0101ti m\u016bs pozicion\u0113 k\u0101 l\u012bderi hidraulisko cilindru nozar\u0113.<\/p>\n<p><img loading=\"lazy\" decoding=\"async\" class=\"aligncenter wp-image-627\" src=\"https:\/\/hydraulic-cylinders.net\/wp-content\/uploads\/2023\/08\/hydraulic-cylinder-product-2-300x189.webp\" alt=\"\" width=\"500\" height=\"315\" srcset=\"https:\/\/hydraulic-cylinders.net\/wp-content\/uploads\/2023\/08\/hydraulic-cylinder-product-2-300x189.webp 500w, https:\/\/hydraulic-cylinders.net\/wp-content\/uploads\/2023\/08\/hydraulic-cylinder-product-2-480x302.webp 480w\" sizes=\"(min-width: 0px) and (max-width: 480px) 480px, (min-width: 481px) 500px, 100vw\" \/><\/p>\n<h3><strong>(2) Apstr\u0101de<\/strong><\/h3>\n<p>M\u016bsu apstr\u0101des ceh\u0101 ir pieejams vismodern\u0101kais apr\u012bkojums, tostarp piel\u0101gots sl\u012bpo slie\u017eu virpo\u0161anas centrs, prec\u012bzijas apstr\u0101des centrs, \u0101trgaitas asin\u0101\u0161anas ma\u0161\u012bna un moderni metin\u0101\u0161anas roboti. \u0160\u012b sare\u017e\u0123\u012bt\u0101 iek\u0101rta \u013cauj mums efekt\u012bvi apstr\u0101d\u0101t cilindriskas caurules ar maksim\u0101lo iek\u0161\u0113jo diametru 400 mm un garumu l\u012bdz 6 metriem.<\/p>\n<p><img loading=\"lazy\" decoding=\"async\" class=\"wp-image-628 size-large aligncenter\" src=\"https:\/\/hydraulic-cylinders.net\/wp-content\/uploads\/2023\/08\/hydraulic-cylinder-product-3-1024x391.webp\" alt=\"\" width=\"1024\" height=\"391\" srcset=\"https:\/\/hydraulic-cylinders.net\/wp-content\/uploads\/2023\/08\/hydraulic-cylinder-product-3-980x374.webp 980w, https:\/\/hydraulic-cylinders.net\/wp-content\/uploads\/2023\/08\/hydraulic-cylinder-product-3-480x183.webp 480w\" sizes=\"(min-width: 0px) and (max-width: 480px) 480px, (min-width: 481px) and (max-width: 980px) 980px, (min-width: 981px) 1024px, 100vw\" \/><\/p>\n<p>Izmantojot m\u016bsu jaun\u0101k\u0101s tehnolo\u0123ijas, m\u0113s nodro\u0161in\u0101m augstas kvalit\u0101tes apstr\u0101di, kas atbilst hidraulisko cilindru ra\u017eo\u0161anas da\u017e\u0101daj\u0101m vajadz\u012bb\u0101m.<\/p>\n<h3><strong>(3) Metin\u0101\u0161ana<\/strong><\/h3>\n<p><img loading=\"lazy\" decoding=\"async\" class=\"wp-image-629 size-large aligncenter\" src=\"https:\/\/hydraulic-cylinders.net\/wp-content\/uploads\/2023\/08\/hydraulic-cylinder-product-4-1024x510.webp\" alt=\"\" width=\"1024\" height=\"510\" srcset=\"https:\/\/hydraulic-cylinders.net\/wp-content\/uploads\/2023\/08\/hydraulic-cylinder-product-4-980x488.webp 980w, https:\/\/hydraulic-cylinders.net\/wp-content\/uploads\/2023\/08\/hydraulic-cylinder-product-4-480x239.webp 480w\" sizes=\"(min-width: 0px) and (max-width: 480px) 480px, (min-width: 481px) and (max-width: 980px) 980px, (min-width: 981px) 1024px, 100vw\" \/><\/p>\n<h3><strong>(4) Kr\u0101so\u0161ana un p\u0101rkl\u0101\u0161ana<\/strong><\/h3>\n<p><img loading=\"lazy\" decoding=\"async\" class=\"wp-image-630 aligncenter\" src=\"https:\/\/hydraulic-cylinders.net\/wp-content\/uploads\/2023\/08\/hydraulic-cylinder-product-5-300x213.webp\" alt=\"\" width=\"500\" height=\"355\" \/><\/p>\n<p>M\u016bsu ra\u017eotn\u0113 ir modernas autom\u0101tiskas \u016bdens b\u0101zes kr\u0101su p\u0101rkl\u0101\u0161anas l\u012bnijas, kas \u012bpa\u0161i paredz\u0113tas maziem un vid\u0113jiem cilindriem. \u0160\u012bs l\u012bnijas izmanto robotiz\u0113tu tehnolo\u0123iju efekt\u012bvai iekrau\u0161anai, izkrau\u0161anai un izsmidzin\u0101\u0161anai, sasniedzot iev\u0113rojamu ra\u017eo\u0161anas jaudu - 4000 vien\u012bbu mai\u0146\u0101.<\/p>\n<p><img loading=\"lazy\" decoding=\"async\" class=\"wp-image-631 aligncenter\" src=\"https:\/\/hydraulic-cylinders.net\/wp-content\/uploads\/2023\/08\/hydraulic-cylinder-product-6-300x225.webp\" alt=\"\" width=\"500\" height=\"375\" srcset=\"https:\/\/hydraulic-cylinders.net\/wp-content\/uploads\/2023\/08\/hydraulic-cylinder-product-6-300x225.webp 500w, https:\/\/hydraulic-cylinders.net\/wp-content\/uploads\/2023\/08\/hydraulic-cylinder-product-6-480x360.webp 480w\" sizes=\"(min-width: 0px) and (max-width: 480px) 480px, (min-width: 481px) 500px, 100vw\" \/><\/p>\n<p>Turkl\u0101t m\u0113s izmantojam pusautom\u0101tisku kr\u0101so\u0161anas ra\u017eo\u0161anas l\u012bniju lieliem cilindriem, ko darbina iztur\u012bga sp\u0113ka \u0137\u0113de, ar projekt\u0113to jaudu 60 kastes mai\u0146\u0101. \u0160\u012b automatiz\u0101cijas un efektivit\u0101tes kombin\u0101cija nodro\u0161ina augstas kvalit\u0101tes apdari visiem m\u016bsu hidrauliskajiem cilindriem.<\/p>\n<h3><strong>(5) Test\u0113\u0161ana<\/strong><\/h3>\n<p>Mums ir augst\u0101k\u0101s klases p\u0101rbaudes iek\u0101rtas un test\u0113\u0161anas stendi, lai nodro\u0161in\u0101tu, ka balona veiktsp\u0113ja atbilst pras\u012bb\u0101m.<\/p>\n<p><img loading=\"lazy\" decoding=\"async\" class=\"wp-image-632 aligncenter\" src=\"https:\/\/hydraulic-cylinders.net\/wp-content\/uploads\/2023\/08\/hydraulic-cylinder-product-8-300x200.webp\" alt=\"\" width=\"389\" height=\"260\" \/><\/p>\n<p>M\u0113s esam atz\u012bts ra\u017eot\u0101js, kas ra\u017eo <a href=\"https:\/\/hzpt.com\/mobile-machinery-hydraulic-cylinder\/\" target=\"_blank\" rel=\"noopener\">hidrauliskie cilindri<\/a>, atz\u012bts par vienu no lab\u0101kajiem nozar\u0113. M\u016bsu pla\u0161aj\u0101 produktu kl\u0101st\u0101 ir iek\u013cauts pla\u0161s hidraulisko cilindru kl\u0101sts, kas piel\u0101gots da\u017e\u0101diem pielietojumiem. Papildus hidrauliskajiem cilindriem m\u0113s pied\u0101v\u0101jam ar\u012b augstas kvalit\u0101tes lauksaimniec\u012bbas p\u0101rnesumk\u0101rbas, nodro\u0161inot m\u016bsu klientiem piek\u013cuvi visaptvero\u0161iem risin\u0101jumiem vi\u0146u tehnikas vajadz\u012bb\u0101m.<\/p>\n<p>Ap\u0146emoties sasniegt izcil\u012bbu, m\u0113s esam veiksm\u012bgi eksport\u0113ju\u0161i savus produktus klientiem vis\u0101 pasaul\u0113, ieg\u016bstot sp\u0113c\u012bgu reput\u0101ciju ar izcilu produktu kvalit\u0101ti un izcilu p\u0113cp\u0101rdo\u0161anas apkalpo\u0161anu. M\u016bsu ap\u0146em\u0161an\u0101s nodro\u0161in\u0101t klientu apmierin\u0101t\u012bbu ir pozicion\u0113jusi m\u016bs k\u0101 uzticamu partneri gan viet\u0113j\u0101, gan starptautiskaj\u0101 tirg\u016b.<\/p>\n<h2><strong>K\u0101p\u0113c izv\u0113l\u0113ties m\u016bs?<\/strong><\/h2>\n<p><img loading=\"lazy\" decoding=\"async\" class=\"size-full wp-image-7201 aligncenter\" src=\"https:\/\/www.hydraulic-cylinders.net\/wp-content\/uploads\/2024\/09\/mining-dump-steering-cylinder-hydraulics-on-trucks-8.webp\" alt=\"\" width=\"1110\" height=\"735\" srcset=\"https:\/\/www.hydraulic-cylinders.net\/wp-content\/uploads\/2024\/09\/mining-dump-steering-cylinder-hydraulics-on-trucks-8.webp 1110w, https:\/\/www.hydraulic-cylinders.net\/wp-content\/uploads\/2024\/09\/mining-dump-steering-cylinder-hydraulics-on-trucks-8-980x649.webp 980w, https:\/\/www.hydraulic-cylinders.net\/wp-content\/uploads\/2024\/09\/mining-dump-steering-cylinder-hydraulics-on-trucks-8-480x318.webp 480w\" sizes=\"(min-width: 0px) and (max-width: 480px) 480px, (min-width: 481px) and (max-width: 980px) 980px, (min-width: 981px) 1110px, 100vw\" \/><\/p>\n<p><strong>Profesion\u0101l\u0101 pieredze:<\/strong> M\u016bsu komand\u0101 ir nozares profesion\u0101\u013ci ar pla\u0161\u0101m zin\u0101\u0161an\u0101m un pieredzi hidraulisko sist\u0113mu jom\u0101, kas nodro\u0161ina augst\u0101k\u0101s klases produktu un pakalpojumu pieg\u0101di.<\/p>\n<p><strong>Starptautisk\u0101s sertifik\u0101cijas:<\/strong> M\u0113s iev\u0113rojam stingrus kvalit\u0101tes standartus un mums ir da\u017e\u0101di starptautiski sertifik\u0101ti, kas apliecina m\u016bsu ap\u0146em\u0161anos nodro\u0161in\u0101t uzticamus un dro\u0161us hidrauliskos risin\u0101jumus.<\/p>\n<p><strong>Piel\u0101goti risin\u0101jumi:<\/strong> M\u0113s saprotam, ka katra klienta vajadz\u012bbas ir unik\u0101las. T\u0101p\u0113c m\u0113s pied\u0101v\u0101jam piel\u0101gotus hidrauliskos cilindrus un p\u0101rnesumk\u0101rbas, kas piel\u0101gotas konkr\u0113t\u0101m pras\u012bb\u0101m.<\/p>\n<p><strong>Uzlabots ra\u017eo\u0161anas apr\u012bkojums:<\/strong> M\u016bsu modern\u0101s ra\u017eo\u0161anas iek\u0101rtas izmanto jaun\u0101k\u0101s tehnolo\u0123ijas un apr\u012bkojumu, kas \u013cauj mums efekt\u012bvi ra\u017eot augstas kvalit\u0101tes produktus.<\/p>\n<p><strong>Visaptvero\u0161s p\u0113cp\u0101rdo\u0161anas atbalsts:<\/strong> M\u016bsu saist\u012bbas pret klientiem sniedzas t\u0101l\u0101k par p\u0101rdo\u0161anu. M\u0113s nodro\u0161in\u0101m past\u0101v\u012bgu atbalstu un apkopes pakalpojumus, lai nodro\u0161in\u0101tu m\u016bsu produktu optim\u0101lu veiktsp\u0113ju.<\/p>\n<p>Aicin\u0101m klientus no visas pasaules sazin\u0101ties ar mums biznesa sarun\u0101m, inform\u0101cijas apmai\u0146ai un sadarb\u012bbas iesp\u0113j\u0101m. Kop\u0101 m\u0113s varam sasniegt liel\u0101kus pan\u0101kumus hidraulikas nozar\u0113!<\/p>","protected":false},"excerpt":{"rendered":"<p>Forklift Short Lifting Hydraulic Cylinder The Short Forklift Lift Cylinder is designed to tackle short lifting tasks effortlessly, delivering the power and precision needed to optimize your material handling operations. Featuring a robust design, this hydraulic cylinder can withstand heavy loads, frequent use, and challenging operating conditions. Built for durability, it ensures reliable performance while [&hellip;]<\/p>","protected":false},"featured_media":658,"comment_status":"open","ping_status":"closed","template":"","meta":{"_et_pb_use_builder":"","_et_pb_old_content":"","_et_gb_content_width":""},"product_brand":[],"product_cat":[1484,1549],"product_tag":[1380],"class_list":{"0":"post-652","1":"product","2":"type-product","3":"status-publish","4":"has-post-thumbnail","6":"product_cat-forklift-hydraulic-cylinders","7":"product_cat-single-acting-hydraulic-cylinder","8":"product_tag-hydraulic-cylinder","10":"first","11":"instock","12":"shipping-taxable","13":"product-type-simple"},"amp_enabled":true,"_links":{"self":[{"href":"https:\/\/www.hydraulic-cylinders.net\/lv\/wp-json\/wp\/v2\/product\/652","targetHints":{"allow":["GET"]}}],"collection":[{"href":"https:\/\/www.hydraulic-cylinders.net\/lv\/wp-json\/wp\/v2\/product"}],"about":[{"href":"https:\/\/www.hydraulic-cylinders.net\/lv\/wp-json\/wp\/v2\/types\/product"}],"replies":[{"embeddable":true,"href":"https:\/\/www.hydraulic-cylinders.net\/lv\/wp-json\/wp\/v2\/comments?post=652"}],"wp:featuredmedia":[{"embeddable":true,"href":"https:\/\/www.hydraulic-cylinders.net\/lv\/wp-json\/wp\/v2\/media\/658"}],"wp:attachment":[{"href":"https:\/\/www.hydraulic-cylinders.net\/lv\/wp-json\/wp\/v2\/media?parent=652"}],"wp:term":[{"taxonomy":"product_brand","embeddable":true,"href":"https:\/\/www.hydraulic-cylinders.net\/lv\/wp-json\/wp\/v2\/product_brand?post=652"},{"taxonomy":"product_cat","embeddable":true,"href":"https:\/\/www.hydraulic-cylinders.net\/lv\/wp-json\/wp\/v2\/product_cat?post=652"},{"taxonomy":"product_tag","embeddable":true,"href":"https:\/\/www.hydraulic-cylinders.net\/lv\/wp-json\/wp\/v2\/product_tag?post=652"}],"curies":[{"name":"wp","href":"https:\/\/api.w.org\/{rel}","templated":true}]}}