{"id":659,"date":"2023-08-21T03:11:05","date_gmt":"2023-08-21T03:11:05","guid":{"rendered":"https:\/\/hydraulic-cylinders.net\/?post_type=product&#038;p=659"},"modified":"2025-04-11T03:15:45","modified_gmt":"2025-04-11T03:15:45","slug":"forklift-distance-adjustment-hydraulic-cylinder","status":"publish","type":"product","link":"https:\/\/www.hydraulic-cylinders.net\/lv\/products\/forklift-distance-adjustment-hydraulic-cylinder\/","title":{"rendered":"Dak\u0161u iekr\u0101v\u0113ja att\u0101luma regul\u0113\u0161anas hidrauliskais cilindrs"},"content":{"rendered":"<h1 style=\"text-align: center;\"><strong>Dak\u0161u iekr\u0101v\u0113ja att\u0101luma regul\u0113\u0161anas hidrauliskais cilindrs<\/strong><\/h1>\n<p><img loading=\"lazy\" decoding=\"async\" class=\"aligncenter wp-image-660\" src=\"https:\/\/hydraulic-cylinders.net\/wp-content\/uploads\/2023\/08\/distance-ajustment-hydraulic-cylinder-product-4-300x300.webp\" alt=\"att\u0101luma regul\u0113\u0161anas hidraulisk\u0101 cilindra produkts\" width=\"400\" height=\"400\" \/><\/p>\n<p>Iekr\u0101v\u0113ja att\u0101luma regul\u0113\u0161anas hidrauliskais cilindrs ir daudzpus\u012bgs risin\u0101jums, kas paredz\u0113ts, lai uzlabotu iekr\u0101v\u0113ja darb\u012bbas sniedzam\u012bbu un precizit\u0101ti. \u0160is hidrauliskais cilindrs \u013cauj \u0113rti un efekt\u012bvi regul\u0113t dak\u0161u att\u0101lumu, \u013caujot operatoriem viegli apstr\u0101d\u0101t da\u017e\u0101da izm\u0113ra kravas un piel\u0101goties da\u017e\u0101diem noliktavu izk\u0101rtojumiem.<\/p>\n<p>Iekr\u0101v\u0113ja att\u0101luma regul\u0113\u0161anas cilindra hidraulisk\u0101 sist\u0113ma garant\u0113 vienm\u0113r\u012bgu un kontrol\u0113tu kust\u012bbu att\u0101luma regul\u0113\u0161anas laik\u0101. Operatori var sasniegt prec\u012bzu pozicion\u0113\u0161anu bez raust\u012b\u0161an\u0101s vai p\u0113k\u0161\u0146\u0101m kust\u012bb\u0101m, nodro\u0161inot stabilu kravas apstr\u0101di un operatora komfortu.<\/p>\n<p>\u0160is hidrauliskais cilindrs ir rad\u012bts, lai iztur\u0113tu ikdienas iekr\u0101v\u0113ja darb\u012bbas slodzi, un tam ir iztur\u012bga konstrukcija, kas ir iztur\u012bga pret nodilumu, koroziju un boj\u0101jumiem. Tas ir paredz\u0113ts, lai iztur\u0113tu lielas slodzes, bie\u017eus regul\u0113\u0161anas ciklus un sare\u017e\u0123\u012btus darba apst\u0101k\u013cus, nodro\u0161inot uzticamu veiktsp\u0113ju pat vispras\u012bg\u0101kajos apst\u0101k\u013cos.<\/p>\n<h2><strong>Iekr\u0101v\u0113ja att\u0101luma regul\u0113\u0161anas hidraulisk\u0101 cilindra parametrs:<\/strong><\/h2>\n<table>\n<tbody>\n<tr>\n<td><img loading=\"lazy\" decoding=\"async\" class=\"alignnone wp-image-661 size-full\" src=\"https:\/\/hydraulic-cylinders.net\/wp-content\/uploads\/2023\/08\/distance-ajustment-hydraulic-cylinder-product-1.webp\" alt=\"\" width=\"333\" height=\"211\" srcset=\"https:\/\/www.hydraulic-cylinders.net\/wp-content\/uploads\/2023\/08\/distance-ajustment-hydraulic-cylinder-product-1.webp 333w, https:\/\/www.hydraulic-cylinders.net\/wp-content\/uploads\/2023\/08\/distance-ajustment-hydraulic-cylinder-product-1-300x190.webp 300w\" sizes=\"(max-width: 333px) 100vw, 333px\" \/><\/td>\n<td><img loading=\"lazy\" decoding=\"async\" class=\"alignnone wp-image-662 size-full\" src=\"https:\/\/hydraulic-cylinders.net\/wp-content\/uploads\/2023\/08\/distance-ajustment-hydraulic-cylinder-product-1-1.webp\" alt=\"\" width=\"475\" height=\"148\" srcset=\"https:\/\/www.hydraulic-cylinders.net\/wp-content\/uploads\/2023\/08\/distance-ajustment-hydraulic-cylinder-product-1-1.webp 475w, https:\/\/www.hydraulic-cylinders.net\/wp-content\/uploads\/2023\/08\/distance-ajustment-hydraulic-cylinder-product-1-1-300x93.webp 300w\" sizes=\"(max-width: 475px) 100vw, 475px\" \/><\/td>\n<\/tr>\n<\/tbody>\n<\/table>\n<table style=\"height: 95px; width: 938px;\" border=\"1\" cellspacing=\"0\" cellpadding=\"0\">\n<tbody>\n<tr style=\"height: 47px;\">\n<td style=\"height: 47px; width: 144.462px;\">Cilindra nosaukums<\/td>\n<td style=\"height: 47px; width: 114.363px;\">z\u012bm\u0113juma numurs<\/td>\n<td style=\"height: 47px; width: 90.2875px;\">urbuma diametrs (D)<\/td>\n<td style=\"height: 47px; width: 78.25px;\">stie\u0146a diametrs (d)<\/td>\n<td style=\"height: 47px; width: 64.2px;\">g\u0101jiens (S)<\/td>\n<td style=\"height: 47px; width: 102.325px;\">Uzst\u0101d\u012b\u0161anas att\u0101lums (L)<\/td>\n<td style=\"height: 47px; width: 95.3px;\">darba spiediens<\/td>\n<td style=\"height: 47px; width: 173.55px;\">Saskarnes izm\u0113ri (M)<\/td>\n<td style=\"height: 47px; width: 59.2625px;\">svars<\/td>\n<\/tr>\n<tr style=\"height: 48px;\">\n<td class=\"et3\" style=\"height: 48px; width: 144.462px;\" height=\"325\">Att\u0101luma regul\u0113\u0161anas cilindrs<\/td>\n<td style=\"width: 114.363px;\">3CS17G-30-00T4<\/td>\n<td style=\"width: 90.2875px;\">\u03a650<\/td>\n<td style=\"width: 78.25px;\">\u03a625<\/td>\n<td style=\"width: 64.2px;\">295<\/td>\n<td style=\"width: 102.325px;\">503<\/td>\n<td style=\"width: 95.3px;\">16MPa<\/td>\n<td style=\"width: 173.55px;\">2-M16*1.5<\/td>\n<td style=\"width: 59.2625px;\">7 kg<\/td>\n<\/tr>\n<\/tbody>\n<\/table>\n<table>\n<tbody>\n<tr>\n<td><img loading=\"lazy\" decoding=\"async\" class=\"alignnone wp-image-663 size-full\" src=\"https:\/\/hydraulic-cylinders.net\/wp-content\/uploads\/2023\/08\/distance-ajustment-hydraulic-cylinder-product-2.webp\" alt=\"\" width=\"333\" height=\"214\" srcset=\"https:\/\/www.hydraulic-cylinders.net\/wp-content\/uploads\/2023\/08\/distance-ajustment-hydraulic-cylinder-product-2.webp 333w, https:\/\/www.hydraulic-cylinders.net\/wp-content\/uploads\/2023\/08\/distance-ajustment-hydraulic-cylinder-product-2-300x193.webp 300w\" sizes=\"(max-width: 333px) 100vw, 333px\" \/><\/td>\n<td><img loading=\"lazy\" decoding=\"async\" class=\"alignnone wp-image-664 size-full\" src=\"https:\/\/hydraulic-cylinders.net\/wp-content\/uploads\/2023\/08\/distance-ajustment-hydraulic-cylinder-product-2-1.webp\" alt=\"\" width=\"475\" height=\"158\" srcset=\"https:\/\/www.hydraulic-cylinders.net\/wp-content\/uploads\/2023\/08\/distance-ajustment-hydraulic-cylinder-product-2-1.webp 475w, https:\/\/www.hydraulic-cylinders.net\/wp-content\/uploads\/2023\/08\/distance-ajustment-hydraulic-cylinder-product-2-1-300x100.webp 300w\" sizes=\"(max-width: 475px) 100vw, 475px\" \/><\/td>\n<\/tr>\n<\/tbody>\n<\/table>\n<table style=\"height: 101px; width: 938px;\" border=\"1\" cellspacing=\"0\" cellpadding=\"0\">\n<tbody>\n<tr style=\"height: 47px;\">\n<td style=\"height: 47px; width: 156.5px;\">Cilindra nosaukums<\/td>\n<td style=\"height: 47px; width: 114.363px;\">z\u012bm\u0113juma numurs<\/td>\n<td style=\"height: 47px; width: 79.25px;\">urbuma diametrs (D)<\/td>\n<td style=\"height: 47px; width: 78.25px;\">stie\u0146a diametrs (d)<\/td>\n<td style=\"height: 47px; width: 63.2px;\">g\u0101jiens (S)<\/td>\n<td style=\"height: 47px; width: 102.325px;\">Uzst\u0101d\u012b\u0161anas att\u0101lums (L)<\/td>\n<td style=\"height: 47px; width: 94.3px;\">darba spiediens<\/td>\n<td style=\"height: 47px; width: 174.562px;\">Saskarnes izm\u0113ri (M)<\/td>\n<td style=\"height: 47px; width: 59.25px;\">svars<\/td>\n<\/tr>\n<tr style=\"height: 54px;\">\n<td class=\"et3\" style=\"height: 54px; width: 156.5px;\" height=\"325\">Att\u0101luma regul\u0113\u0161anas cilindrs<\/td>\n<td style=\"width: 114.363px;\">7B3-303000-00TA<\/td>\n<td style=\"width: 79.25px;\">\u03a650<\/td>\n<td style=\"width: 78.25px;\">\u03a628<\/td>\n<td style=\"width: 63.2px;\">750<\/td>\n<td style=\"width: 102.325px;\">1040<\/td>\n<td style=\"width: 94.3px;\">18MPa<\/td>\n<td style=\"width: 174.562px;\">M14*1,5; M16*1,5<\/td>\n<td style=\"width: 59.25px;\">14 kg<\/td>\n<\/tr>\n<\/tbody>\n<\/table>\n<table>\n<tbody>\n<tr>\n<td><img loading=\"lazy\" decoding=\"async\" class=\"alignnone wp-image-665 size-full\" src=\"https:\/\/hydraulic-cylinders.net\/wp-content\/uploads\/2023\/08\/distance-ajustment-hydraulic-cylinder-product-3.webp\" alt=\"\" width=\"333\" height=\"214\" srcset=\"https:\/\/www.hydraulic-cylinders.net\/wp-content\/uploads\/2023\/08\/distance-ajustment-hydraulic-cylinder-product-3.webp 333w, https:\/\/www.hydraulic-cylinders.net\/wp-content\/uploads\/2023\/08\/distance-ajustment-hydraulic-cylinder-product-3-300x193.webp 300w\" sizes=\"(max-width: 333px) 100vw, 333px\" \/><\/td>\n<td><img loading=\"lazy\" decoding=\"async\" class=\"alignnone wp-image-666 size-full\" src=\"https:\/\/hydraulic-cylinders.net\/wp-content\/uploads\/2023\/08\/distance-ajustment-hydraulic-cylinder-product-3-1.webp\" alt=\"\" width=\"475\" height=\"154\" srcset=\"https:\/\/www.hydraulic-cylinders.net\/wp-content\/uploads\/2023\/08\/distance-ajustment-hydraulic-cylinder-product-3-1.webp 475w, https:\/\/www.hydraulic-cylinders.net\/wp-content\/uploads\/2023\/08\/distance-ajustment-hydraulic-cylinder-product-3-1-300x97.webp 300w\" sizes=\"(max-width: 475px) 100vw, 475px\" \/><\/td>\n<\/tr>\n<\/tbody>\n<\/table>\n<table style=\"height: 98px; width: 938px;\" border=\"1\" cellspacing=\"0\" cellpadding=\"0\">\n<tbody>\n<tr style=\"height: 47px;\">\n<td style=\"height: 47px; width: 150.887px;\">Cilindra nosaukums<\/td>\n<td style=\"height: 47px; width: 119.35px;\">z\u012bm\u0113juma numurs<\/td>\n<td style=\"height: 47px; width: 79.0625px;\">urbuma diametrs (D)<\/td>\n<td style=\"height: 47px; width: 78.1px;\">stie\u0146a diametrs (d)<\/td>\n<td style=\"height: 47px; width: 64.0125px;\">g\u0101jiens (S)<\/td>\n<td style=\"height: 47px; width: 102.65px;\">Uzst\u0101d\u012b\u0161anas att\u0101lums (L)<\/td>\n<td style=\"height: 47px; width: 95.45px;\">darba spiediens<\/td>\n<td style=\"height: 47px; width: 173.137px;\">Saskarnes izm\u0113ri (M)<\/td>\n<td style=\"height: 47px; width: 59.35px;\">svars<\/td>\n<\/tr>\n<tr style=\"height: 54px;\">\n<td class=\"et3\" style=\"height: 54px; width: 150.887px;\" height=\"325\">Att\u0101luma regul\u0113\u0161anas cilindrs<\/td>\n<td style=\"width: 119.35px;\">5CS17-40-00Z<\/td>\n<td style=\"width: 79.0625px;\">\u03a650<\/td>\n<td style=\"width: 78.1px;\">\u03a625<\/td>\n<td style=\"width: 64.0125px;\">619<\/td>\n<td style=\"width: 102.65px;\">889<\/td>\n<td style=\"width: 95.45px;\">15MPa<\/td>\n<td style=\"width: 173.137px;\">M14*1.5<\/td>\n<td style=\"width: 59.35px;\">13 kg<\/td>\n<\/tr>\n<\/tbody>\n<\/table>\n<table>\n<tbody>\n<tr>\n<td><img loading=\"lazy\" decoding=\"async\" class=\"alignnone wp-image-667 size-medium\" src=\"https:\/\/hydraulic-cylinders.net\/wp-content\/uploads\/2023\/08\/distance-ajustment-hydraulic-cylinder-product-4-1-300x228.webp\" alt=\"\" width=\"300\" height=\"228\" \/><\/td>\n<td><img loading=\"lazy\" decoding=\"async\" class=\"alignnone wp-image-668 size-full\" src=\"https:\/\/hydraulic-cylinders.net\/wp-content\/uploads\/2023\/08\/distance-ajustment-hydraulic-cylinder-product-4-1-1.webp\" alt=\"\" width=\"475\" height=\"175\" srcset=\"https:\/\/www.hydraulic-cylinders.net\/wp-content\/uploads\/2023\/08\/distance-ajustment-hydraulic-cylinder-product-4-1-1.webp 475w, https:\/\/www.hydraulic-cylinders.net\/wp-content\/uploads\/2023\/08\/distance-ajustment-hydraulic-cylinder-product-4-1-1-300x111.webp 300w\" sizes=\"(max-width: 475px) 100vw, 475px\" \/><\/td>\n<\/tr>\n<\/tbody>\n<\/table>\n<table style=\"height: 98px; width: 919px;\" border=\"1\" cellspacing=\"0\" cellpadding=\"0\">\n<tbody>\n<tr style=\"height: 47px;\">\n<td style=\"height: 47px; width: 150px;\">Cilindra nosaukums<\/td>\n<td style=\"height: 47px; width: 119px;\">z\u012bm\u0113juma numurs<\/td>\n<td style=\"height: 47px; width: 79px;\">urbuma diametrs (D)<\/td>\n<td style=\"height: 47px; width: 78px;\">stie\u0146a diametrs (d)<\/td>\n<td style=\"height: 47px; width: 64px;\">g\u0101jiens (S)<\/td>\n<td style=\"height: 47px; width: 102px;\">Uzst\u0101d\u012b\u0161anas att\u0101lums (L)<\/td>\n<td style=\"height: 47px; width: 95px;\">darba spiediens<\/td>\n<td style=\"height: 47px; width: 173px;\">Saskarnes izm\u0113ri (M)<\/td>\n<td style=\"height: 47px; width: 59px;\">svars<\/td>\n<\/tr>\n<tr style=\"height: 54px;\">\n<td class=\"et3\" style=\"height: 54px; width: 150px;\" height=\"325\">Att\u0101luma regul\u0113\u0161anas cilindrs<\/td>\n<td style=\"width: 119px;\" width=\"270\">8M3-304000A-625<\/td>\n<td style=\"width: 79px;\" width=\"102\">\u03a663<\/td>\n<td style=\"width: 78px;\" width=\"99\">\u03a632<\/td>\n<td style=\"width: 64px;\" width=\"91\">855<\/td>\n<td style=\"width: 102px;\" width=\"136\">1174<\/td>\n<td style=\"width: 95px;\" width=\"138\">20MPa<\/td>\n<td style=\"width: 173px;\" width=\"294\">2-M16*1.5<\/td>\n<td style=\"width: 59px;\" width=\"78\">22 kg<\/td>\n<\/tr>\n<\/tbody>\n<\/table>\n<table>\n<tbody>\n<tr>\n<td><img loading=\"lazy\" decoding=\"async\" class=\"alignnone wp-image-669 size-full\" src=\"https:\/\/hydraulic-cylinders.net\/wp-content\/uploads\/2023\/08\/distance-ajustment-hydraulic-cylinder-product-5.webp\" alt=\"\" width=\"333\" height=\"221\" srcset=\"https:\/\/www.hydraulic-cylinders.net\/wp-content\/uploads\/2023\/08\/distance-ajustment-hydraulic-cylinder-product-5.webp 333w, https:\/\/www.hydraulic-cylinders.net\/wp-content\/uploads\/2023\/08\/distance-ajustment-hydraulic-cylinder-product-5-300x199.webp 300w\" sizes=\"(max-width: 333px) 100vw, 333px\" \/><\/td>\n<td><img loading=\"lazy\" decoding=\"async\" class=\"alignnone wp-image-670 size-full\" src=\"https:\/\/hydraulic-cylinders.net\/wp-content\/uploads\/2023\/08\/distance-ajustment-hydraulic-cylinder-product-5-1.webp\" alt=\"\" width=\"475\" height=\"125\" srcset=\"https:\/\/www.hydraulic-cylinders.net\/wp-content\/uploads\/2023\/08\/distance-ajustment-hydraulic-cylinder-product-5-1.webp 475w, https:\/\/www.hydraulic-cylinders.net\/wp-content\/uploads\/2023\/08\/distance-ajustment-hydraulic-cylinder-product-5-1-300x79.webp 300w\" sizes=\"(max-width: 475px) 100vw, 475px\" \/><\/td>\n<\/tr>\n<\/tbody>\n<\/table>\n<table style=\"height: 98px; width: 919px;\" border=\"1\" cellspacing=\"0\" cellpadding=\"0\">\n<tbody>\n<tr style=\"height: 47px;\">\n<td style=\"height: 47px; width: 150px;\">Cilindra nosaukums<\/td>\n<td style=\"height: 47px; width: 119px;\">z\u012bm\u0113juma numurs<\/td>\n<td style=\"height: 47px; width: 79px;\">urbuma diametrs (D)<\/td>\n<td style=\"height: 47px; width: 78px;\">stie\u0146a diametrs (d)<\/td>\n<td style=\"height: 47px; width: 64px;\">g\u0101jiens (S)<\/td>\n<td style=\"height: 47px; width: 102px;\">Uzst\u0101d\u012b\u0161anas att\u0101lums (L)<\/td>\n<td style=\"height: 47px; width: 95px;\">darba spiediens<\/td>\n<td style=\"height: 47px; width: 173px;\">Saskarnes izm\u0113ri (M)<\/td>\n<td style=\"height: 47px; width: 59px;\">svars<\/td>\n<\/tr>\n<tr style=\"height: 54px;\">\n<td class=\"et3\" style=\"height: 54px; width: 150px;\" height=\"325\">Att\u0101luma regul\u0113\u0161anas cilindrs<\/td>\n<td style=\"width: 119px;\" width=\"270\">7B3-304000-00<\/td>\n<td style=\"width: 79px;\" width=\"102\">\u03a670<\/td>\n<td style=\"width: 78px;\" width=\"99\">\u03a630<\/td>\n<td style=\"width: 64px;\" width=\"91\">300<\/td>\n<td style=\"width: 102px;\" width=\"136\">536<\/td>\n<td style=\"width: 95px;\" width=\"138\">18MPa<\/td>\n<td style=\"width: 173px;\" width=\"294\">2-M14*1.5<\/td>\n<td style=\"width: 59px;\" width=\"78\">13,5 kg<\/td>\n<\/tr>\n<\/tbody>\n<\/table>\n<h2><strong>Atbr\u012bvojiet iztur\u012bbas sp\u0113ku ar hidraulisko cilindru:<\/strong><\/h2>\n<p>Run\u0101jot par iztur\u012bbu un ilgm\u016b\u017e\u012bbu, hidrauliskais cilindrs izce\u013cas no p\u016b\u013ca. Izgatavots no augst\u0101k\u0101s kvalit\u0101tes materi\u0101liem un paredz\u0113ts iztur\u0113t vissmag\u0101kos apst\u0101k\u013cus, \u0161is cilindrs garant\u0113 uzticamu veiktsp\u0113ju pat vissare\u017e\u0123\u012bt\u0101kajos pielietojumos. Iepaz\u012bstieties ar izcilaj\u0101m funkcij\u0101m, kas padara hidraulisko cilindru par lab\u0101ko izv\u0113li j\u016bsu hidrauliskaj\u0101m vajadz\u012bb\u0101m.<\/p>\n<ul>\n<li><strong>Iztur\u012bga konstrukcija<\/strong>Ar savu robusto konstrukciju un \u012bpa\u0161i iztur\u012bgajiem materi\u0101liem hidrauliskais cilindrs ir izstr\u0101d\u0101ts iztur\u012bbai un ilgm\u016b\u017e\u012bbai. Tas bez piep\u016bles tiek gal\u0101 ar augstu spiedienu un liel\u0101m slodz\u0113m, nodro\u0161inot ilgsto\u0161u veiktsp\u0113ju un uzticam\u012bbu pat skarbos apst\u0101k\u013cos.<\/li>\n<li><strong>Iztur\u012bba pret nodilumu un koroziju<\/strong>Ne\u013caujiet nodilumam un korozijai j\u016bs aizkav\u0113t. Hidrauliskais cilindrs ir iztur\u012bgs pret laikapst\u0101k\u013ciem, pasarg\u0101jot to no mitruma, pies\u0101r\u0146ot\u0101ju un skarbu ekspluat\u0101cijas apst\u0101k\u013cu kait\u012bg\u0101s ietekmes. Varat pa\u013cauties uz to, ka \u0161is cilindrs iztur\u0113s un laika gait\u0101 sniegs izcilus rezult\u0101tus.<\/li>\n<\/ul>\n<h2><strong>R\u016bpn\u012bcas iesp\u0113jas un jauda:<\/strong><\/h2>\n<h3>(1) Mont\u0101\u017ea<\/h3>\n<p>Mums ir pirmklas\u012bga neatkar\u012bga p\u0113tniec\u012bbas un att\u012bst\u012bbas mont\u0101\u017eas platforma. Iekr\u0101v\u0113ju cilindru ra\u017eo\u0161anas darbn\u012bc\u0101 ir 4 pusautom\u0101tiskas pacel\u0161anas cilindru mont\u0101\u017eas l\u012bnijas un 1 autom\u0101tisk\u0101s nolieces cilindru mont\u0101\u017eas l\u012bnija ar projekt\u0113to gada ra\u017eo\u0161anas jaudu 1 miljons vien\u012bbu; Speci\u0101lo cilindru darbn\u012bca ir apr\u012bkota ar da\u017e\u0101du specifik\u0101ciju pusautom\u0101tisko t\u012br\u012b\u0161anas mont\u0101\u017eas sist\u0113mu, kuras projekt\u0113t\u0101 gada ra\u017eo\u0161anas jauda ir 200 000 vien\u012bbu. Apr\u012bkota ar slaven\u0101m CNC apstr\u0101des iek\u0101rt\u0101m, apstr\u0101des centru, augstas precizit\u0101tes cilindru apstr\u0101des speci\u0101lo apr\u012bkojumu, robotiz\u0113tu metin\u0101\u0161anas iek\u0101rtu, autom\u0101tisko t\u012br\u012b\u0161anas iek\u0101rtu, autom\u0101tisko cilindru mont\u0101\u017eas iek\u0101rtu, autom\u0101tisko kr\u0101so\u0161anas ra\u017eo\u0161anas l\u012bniju. Eso\u0161ais galveno iek\u0101rtu skaits p\u0101rsniedz 300 komplektus (komplektus). Optim\u0101la iek\u0101rtu resursu sadale un efekt\u012bva izmanto\u0161ana nodro\u0161ina produktu precizit\u0101tes pras\u012bbas un atbilst\u012bbu augstaj\u0101m produktu kvalit\u0101tes pras\u012bb\u0101m.<\/p>\n<p><img loading=\"lazy\" decoding=\"async\" class=\"alignnone wp-image-626\" src=\"https:\/\/hydraulic-cylinders.net\/wp-content\/uploads\/2023\/08\/hydraulic-cylinder-product-1-300x158.webp\" alt=\"\" width=\"495\" height=\"260\" srcset=\"https:\/\/hydraulic-cylinders.net\/wp-content\/uploads\/2023\/08\/hydraulic-cylinder-product-1-300x158.webp 495w, https:\/\/hydraulic-cylinders.net\/wp-content\/uploads\/2023\/08\/hydraulic-cylinder-product-1-480x252.webp 480w\" sizes=\"(min-width: 0px) and (max-width: 480px) 480px, (min-width: 481px) 495px, 100vw\" \/> <img loading=\"lazy\" decoding=\"async\" class=\"alignnone wp-image-627\" src=\"https:\/\/hydraulic-cylinders.net\/wp-content\/uploads\/2023\/08\/hydraulic-cylinder-product-2-300x189.webp\" alt=\"\" width=\"413\" height=\"260\" \/><\/p>\n<h3>(2) Apstr\u0101de<\/h3>\n<p>Apstr\u0101des cehs ir apr\u012bkots ar piel\u0101gotu sl\u012bpo slie\u017eu virpo\u0161anas centru, apstr\u0101des centru, \u0101trgaitas asin\u0101\u0161anas ma\u0161\u012bnu, metin\u0101\u0161anas robotu un citu saist\u012btu apr\u012bkojumu, kas var apstr\u0101d\u0101t cilindriskas caurules ar maksim\u0101lo iek\u0161\u0113jo diametru 400 mm un maksim\u0101lo garumu 6 metri.<\/p>\n<p><img loading=\"lazy\" decoding=\"async\" class=\"alignnone wp-image-628 size-large\" src=\"https:\/\/hydraulic-cylinders.net\/wp-content\/uploads\/2023\/08\/hydraulic-cylinder-product-3-1024x391.webp\" alt=\"\" width=\"1024\" height=\"391\" srcset=\"https:\/\/hydraulic-cylinders.net\/wp-content\/uploads\/2023\/08\/hydraulic-cylinder-product-3-980x374.webp 980w, https:\/\/hydraulic-cylinders.net\/wp-content\/uploads\/2023\/08\/hydraulic-cylinder-product-3-480x183.webp 480w\" sizes=\"(min-width: 0px) and (max-width: 480px) 480px, (min-width: 481px) and (max-width: 980px) 980px, (min-width: 981px) 1024px, 100vw\" \/><\/p>\n<h3>(3) Metin\u0101\u0161ana<\/h3>\n<p><img loading=\"lazy\" decoding=\"async\" class=\"alignnone wp-image-629 size-large\" src=\"https:\/\/hydraulic-cylinders.net\/wp-content\/uploads\/2023\/08\/hydraulic-cylinder-product-4-1024x510.webp\" alt=\"\" width=\"1024\" height=\"510\" srcset=\"https:\/\/hydraulic-cylinders.net\/wp-content\/uploads\/2023\/08\/hydraulic-cylinder-product-4-980x488.webp 980w, https:\/\/hydraulic-cylinders.net\/wp-content\/uploads\/2023\/08\/hydraulic-cylinder-product-4-480x239.webp 480w\" sizes=\"(min-width: 0px) and (max-width: 480px) 480px, (min-width: 481px) and (max-width: 980px) 980px, (min-width: 981px) 1024px, 100vw\" \/><\/p>\n<h3>(4) Kr\u0101so\u0161ana un p\u0101rkl\u0101\u0161ana<\/h3>\n<p>Ar maza un vid\u0113ja izm\u0113ra cilindru autom\u0101tisko \u016bdens b\u0101zes kr\u0101sas p\u0101rkl\u0101\u0161anas l\u012bniju, lai pan\u0101ktu autom\u0101tisku robotu iekrau\u0161anu un izkrau\u0161anu un autom\u0101tisku izsmidzin\u0101\u0161anu, projekt\u0113t\u0101 jauda ir 4000 gabali mai\u0146\u0101;<br \/>\nMums ir ar\u012b pusautom\u0101tiska kr\u0101su ra\u017eo\u0161anas l\u012bnija lieliem cilindriem, ko darbina \u0137\u0113des baro\u0161anas meh\u0101nisms, ar projekt\u0113to jaudu 60 kastes mai\u0146\u0101.<\/p>\n<p><img loading=\"lazy\" decoding=\"async\" class=\"alignnone wp-image-630\" src=\"https:\/\/hydraulic-cylinders.net\/wp-content\/uploads\/2023\/08\/hydraulic-cylinder-product-5-300x213.webp\" alt=\"\" width=\"366\" height=\"260\" \/> <img loading=\"lazy\" decoding=\"async\" class=\"alignnone wp-image-631\" src=\"https:\/\/hydraulic-cylinders.net\/wp-content\/uploads\/2023\/08\/hydraulic-cylinder-product-6-300x225.webp\" alt=\"\" width=\"347\" height=\"260\" \/><\/p>\n<h3>(5) Test\u0113\u0161ana<\/h3>\n<p>Mums ir augst\u0101k\u0101s klases p\u0101rbaudes iek\u0101rtas un test\u0113\u0161anas stendi, lai nodro\u0161in\u0101tu, ka balona veiktsp\u0113ja atbilst pras\u012bb\u0101m.<\/p>\n<p><img loading=\"lazy\" decoding=\"async\" class=\"alignnone wp-image-632\" src=\"https:\/\/hydraulic-cylinders.net\/wp-content\/uploads\/2023\/08\/hydraulic-cylinder-product-8-300x200.webp\" alt=\"\" width=\"389\" height=\"260\" \/><\/p>\n<p>&nbsp;<\/p>\n<p>&nbsp;<\/p>\n<p>M\u0113s esam viens no lab\u0101kajiem hidraulisko cilindru ra\u017eot\u0101jiem. M\u0113s varam pied\u0101v\u0101t pla\u0161u hidraulisko cilindru kl\u0101stu. M\u0113s nodro\u0161in\u0101m ar\u012b atbilsto\u0161us <a href=\"https:\/\/hzpt.com\/agricultural-pto-gearbox\/\" target=\"_blank\" rel=\"noopener\">lauksaimniec\u012bbas p\u0101rnesumk\u0101rbas<\/a>M\u0113s esam eksport\u0113ju\u0161i savus produktus klientiem vis\u0101 pasaul\u0113 un ieguvu\u0161i labu reput\u0101ciju, pateicoties m\u016bsu augst\u0101kajai produktu kvalit\u0101tei un p\u0113cp\u0101rdo\u0161anas apkalpo\u0161anai. M\u0113s sirsn\u012bgi sveicam klientus gan m\u0101j\u0101s, gan \u0101rzem\u0113s sazin\u0101ties ar mums, lai veiktu dar\u012bjumus, apmain\u012btos ar inform\u0101ciju un\u00a0<a href=\"https:\/\/www.hydraulic-cylinders.net\/lv\/contact-us\/\">sadarboties ar mums<\/a>!<\/p>","protected":false},"excerpt":{"rendered":"<p>Forklift Distance Adjustment Hydraulic Cylinder The forklift distance adjustment hydraulic cylinder, a versatile solution designed to enhance the reach and precision of forklift operations. This hydraulic cylinder allows for convenient and efficient adjustment of the forks&#8217; distance, enabling operators to handle different load sizes and adapt to varying warehouse layouts with ease. The hydraulic system [&hellip;]<\/p>","protected":false},"featured_media":671,"comment_status":"open","ping_status":"closed","template":"","meta":{"_et_pb_use_builder":"","_et_pb_old_content":"","_et_gb_content_width":""},"product_brand":[],"product_cat":[1550,1484],"product_tag":[1380],"class_list":{"0":"post-659","1":"product","2":"type-product","3":"status-publish","4":"has-post-thumbnail","6":"product_cat-double-acting-hydraulic-cylinder","7":"product_cat-forklift-hydraulic-cylinders","8":"product_tag-hydraulic-cylinder","10":"first","11":"instock","12":"shipping-taxable","13":"product-type-simple"},"amp_enabled":true,"_links":{"self":[{"href":"https:\/\/www.hydraulic-cylinders.net\/lv\/wp-json\/wp\/v2\/product\/659","targetHints":{"allow":["GET"]}}],"collection":[{"href":"https:\/\/www.hydraulic-cylinders.net\/lv\/wp-json\/wp\/v2\/product"}],"about":[{"href":"https:\/\/www.hydraulic-cylinders.net\/lv\/wp-json\/wp\/v2\/types\/product"}],"replies":[{"embeddable":true,"href":"https:\/\/www.hydraulic-cylinders.net\/lv\/wp-json\/wp\/v2\/comments?post=659"}],"wp:featuredmedia":[{"embeddable":true,"href":"https:\/\/www.hydraulic-cylinders.net\/lv\/wp-json\/wp\/v2\/media\/671"}],"wp:attachment":[{"href":"https:\/\/www.hydraulic-cylinders.net\/lv\/wp-json\/wp\/v2\/media?parent=659"}],"wp:term":[{"taxonomy":"product_brand","embeddable":true,"href":"https:\/\/www.hydraulic-cylinders.net\/lv\/wp-json\/wp\/v2\/product_brand?post=659"},{"taxonomy":"product_cat","embeddable":true,"href":"https:\/\/www.hydraulic-cylinders.net\/lv\/wp-json\/wp\/v2\/product_cat?post=659"},{"taxonomy":"product_tag","embeddable":true,"href":"https:\/\/www.hydraulic-cylinders.net\/lv\/wp-json\/wp\/v2\/product_tag?post=659"}],"curies":[{"name":"wp","href":"https:\/\/api.w.org\/{rel}","templated":true}]}}