{"id":759,"date":"2023-08-23T01:42:36","date_gmt":"2023-08-23T01:42:36","guid":{"rendered":"https:\/\/hydraulic-cylinders.net\/?post_type=product&#038;p=759"},"modified":"2025-03-27T01:13:04","modified_gmt":"2025-03-27T01:13:04","slug":"low-pressure-hydraulic-cylinder-rear-flange","status":"publish","type":"product","link":"https:\/\/www.hydraulic-cylinders.net\/lv\/products\/low-pressure-hydraulic-cylinder-rear-flange\/","title":{"rendered":"Zema spiediena hidraulisk\u0101 cilindra aizmugur\u0113jais atloks"},"content":{"rendered":"<h1 style=\"text-align: center;\"><strong>Zema spiediena hidraulisk\u0101 cilindra aizmugur\u0113jais atloks<\/strong><\/h1>\n<p><img loading=\"lazy\" decoding=\"async\" class=\"wp-image-762 size-full aligncenter\" src=\"https:\/\/hydraulic-cylinders.net\/wp-content\/uploads\/2023\/08\/low-pressure-pull-rod-hydraulic-cylinder-back-flange-1-1.webp\" alt=\"\" width=\"488\" height=\"237\" srcset=\"https:\/\/hydraulic-cylinders.net\/wp-content\/uploads\/2023\/08\/low-pressure-pull-rod-hydraulic-cylinder-back-flange-1-1.webp 488w, https:\/\/hydraulic-cylinders.net\/wp-content\/uploads\/2023\/08\/low-pressure-pull-rod-hydraulic-cylinder-back-flange-1-1-480x233.webp 480w\" sizes=\"(min-width: 0px) and (max-width: 480px) 480px, (min-width: 481px) 488px, 100vw\" \/><\/p>\n<p>Aizmugur\u0113j\u0101 atloka zemspiediena hidrauliskais cilindrs ir \u012bpa\u0161a veida hidrauliskais cilindrs ar atloku aizmugur\u0113. \u0160is atloks ir stiprin\u0101juma punkts vai savienojuma ports, ko izmanto, lai savienotu cilindru ar cit\u0101m deta\u013c\u0101m vai apr\u012bkojumu. Zem\u0101k ir sniegts p\u0101rskats par zemspiediena hidrauliskajiem cilindriem ar aizmugur\u0113jiem atlokiem:<\/p>\n<p>Zemspiediena hidraulisk\u0101 cilindra projekt\u0113\u0161ana un izgatavo\u0161ana<\/p>\n<p>Cilindru bloks: Cilindru bloks parasti ir izgatavots no augstas stipr\u012bbas t\u0113rauda vai cita iztur\u012bga materi\u0101la, lai iztur\u0113tu hidraulisko spiedienu un \u0101r\u0113jos sp\u0113kus. Taj\u0101 atrodas virzulis un citas iek\u0161\u0113j\u0101s da\u013cas.<br \/>\nVirzulis un stienis: Virzulis ir cilindriska deta\u013ca, kas cilindr\u0101 p\u0101rvietojas uz priek\u0161u un atpaka\u013c. Tas ir savienots ar stieni, kas stiepjas cauri cilindra aizmugur\u0113jam galam un p\u0101rnes \u0161\u0137idruma spiedienu.<br \/>\nAizmugur\u0113jais atloks: Aizmugur\u0113jais atloks ir plakana vai apa\u013ca pl\u0101ksne, kas atrodas cilindra aizmugur\u0113. T\u0101 ir konstru\u0113ta ar mont\u0101\u017eas caurumiem vai citiem savienojo\u0161iem meh\u0101nismiem, lai nodro\u0161in\u0101tu \u0113rtu savienojumu ar cit\u0101m ier\u012bc\u0113m vai komponentiem.<\/p>\n<h2><strong>Zemspiediena hidraulisk\u0101 cilindra aizmugur\u0113j\u0101 atloka parametrs:<\/strong><\/h2>\n<p><img loading=\"lazy\" decoding=\"async\" class=\"alignnone wp-image-763 size-large\" src=\"https:\/\/hydraulic-cylinders.net\/wp-content\/uploads\/2023\/08\/low-pressure-pull-rod-hydraulic-cylinder-back-flange-2-1-1024x556.webp\" alt=\"\" width=\"1024\" height=\"556\" srcset=\"https:\/\/hydraulic-cylinders.net\/wp-content\/uploads\/2023\/08\/low-pressure-pull-rod-hydraulic-cylinder-back-flange-2-1-980x532.webp 980w, https:\/\/hydraulic-cylinders.net\/wp-content\/uploads\/2023\/08\/low-pressure-pull-rod-hydraulic-cylinder-back-flange-2-1-480x261.webp 480w\" sizes=\"(min-width: 0px) and (max-width: 480px) 480px, (min-width: 481px) and (max-width: 980px) 980px, (min-width: 981px) 1024px, 100vw\" \/><\/p>\n<h2><strong>Pieteikumi <\/strong><strong>Zema spiediena hidraulisk\u0101 cilindra aizmugur\u0113jais atloks<\/strong><strong>:<\/strong><\/h2>\n<ul>\n<li>Zemspiediena hidrauliskie cilindri ar aizmugur\u0113jiem atlokiem ir piem\u0113roti da\u017e\u0101d\u0101m nozar\u0113m un sist\u0113m\u0101m, kas darbojas ar zem\u0101ku hidraulisko spiedienu.<\/li>\n<li>Tos parasti izmanto r\u016bpnieciskaj\u0101s iek\u0101rt\u0101s, mobilaj\u0101s ier\u012bc\u0113s un cit\u0101s sist\u0113m\u0101s, kur past\u0101v vietas ierobe\u017eojumi vai \u012bpa\u0161as uzst\u0101d\u012b\u0161anas pras\u012bbas.<\/li>\n<li>\u0160ie cilindri ir piem\u0113roti materi\u0101lu apstr\u0101dei, cel\u0161anas meh\u0101nismiem, transport\u0113\u0161anas sist\u0113m\u0101m un cit\u0101m iek\u0101rt\u0101m, kur\u0101m nepiecie\u0161ams line\u0101rs sp\u0113ks vai kust\u012bba.<\/li>\n<\/ul>\n<h2><strong>Mont\u0101\u017ea un piesl\u0113g\u0161ana <\/strong><strong>Zema spiediena hidraulisk\u0101 cilindra aizmugur\u0113jais atloks<\/strong><strong>:<\/strong><\/h2>\n<ul>\n<li>Zemspiediena hidraulisk\u0101 cilindra aizmugur\u0113jais atloks nodro\u0161ina \u0113rtu un dro\u0161u cilindra uzst\u0101d\u012b\u0161anas un pievieno\u0161anas veidu. Tas \u013cauj to tie\u0161i piestiprin\u0101t pie cita apr\u012bkojuma vai konstrukcijas elementiem.<\/li>\n<li>Aizmugur\u0113j\u0101 atloka mont\u0101\u017eas caurumi vai savienojuma punkti parasti ir saska\u0146oti ar atbilsto\u0161ajiem caurumiem vai savienojuma punktiem uz iek\u0101rtas vai konstrukcijas, pie kuras tas tiek piestiprin\u0101ts.<\/li>\n<li>Stiprin\u0101jumi, piem\u0113ram, bultskr\u016bves vai skr\u016bves, tiek izmantoti, lai nostiprin\u0101tu cilindra aizmugur\u0113jo atloku pie savienojuma virsmas, nodro\u0161inot stabilu un stingru savienojumu.<\/li>\n<\/ul>\n<h2><strong>K\u0101 izjaukt hidraulisko cilindru?<\/strong><\/h2>\n<p>Hidraulisk\u0101 cilindra izjauk\u0161anai nepiecie\u0161ama r\u016bp\u012bga apie\u0161an\u0101s un zin\u0101\u0161anas par cilindra sast\u0101vda\u013c\u0101m. \u0160eit ir sniegts visp\u0101r\u012bgs nor\u0101d\u012bjums par hidraulisk\u0101 cilindra izjauk\u0161anu:<\/p>\n<ol>\n<li><strong>Dro\u0161\u012bbas pas\u0101kumi<\/strong>:\n<ul>\n<li>P\u0101rliecinieties, vai hidrauliskaj\u0101 sist\u0113m\u0101 nav spiediena un cilindr\u0101 nav atliku\u0161\u0101 spiediena. Iev\u0113rojiet atbilsto\u0161as \u200b\u200bblo\u0137\u0113\u0161anas\/atsl\u0113g\u0161anas proced\u016bras, lai nov\u0113rstu sist\u0113mas nejau\u0161u aktiviz\u0113\u0161anu.<\/li>\n<li>Valk\u0101jiet atbilsto\u0161us individu\u0101los aizsardz\u012bbas l\u012bdzek\u013cus (IAL), piem\u0113ram, cimdus un aizsargbrilles, lai pasarg\u0101tu sevi no hidraulisk\u0101 \u0161\u0137idruma un iesp\u0113jamiem apdraud\u0113jumiem.<\/li>\n<\/ul>\n<\/li>\n<li><strong>Cilindra no\u0146em\u0161ana<\/strong>:\n<ul>\n<li>Atvienojiet cilindram pievienot\u0101s hidraulisk\u0101s l\u012bnijas, p\u0101rliecinoties, ka viss atliku\u0161ais \u0161\u0137idrums ir pien\u0101c\u012bgi sav\u0101kts.<\/li>\n<li>Ja cilindrs ir uzst\u0101d\u012bts vai nostiprin\u0101ts pie cit\u0101m deta\u013c\u0101m, no\u0146emiet visus stiprin\u0101jumus vai mont\u0101\u017eas kron\u0161teinus, lai atbr\u012bvotu cilindru.<\/li>\n<li>Uzman\u012bgi paceliet un no\u0146emiet cilindru no t\u0101 mont\u0101\u017eas poz\u012bcijas, uzmanoties, lai nesaboj\u0101tu un nerad\u012btu slodzi pievienotaj\u0101m \u0161\u013c\u016bten\u0113m vai savienojumiem.<\/li>\n<\/ul>\n<\/li>\n<li><strong>P\u0101rbaude un dokument\u0101cija<\/strong>:\n<ul>\n<li>R\u016bp\u012bgi p\u0101rbaudiet balona \u0101rpusi, vai nav boj\u0101jumu, nopl\u016b\u017eu vai p\u0101rm\u0113r\u012bga nodiluma paz\u012bmju. Dokument\u0113jiet visus nov\u0113rojumus vai probl\u0113mas turpm\u0101kai uzzi\u0146ai.<\/li>\n<li>Pirms demont\u0101\u017eas \u0146emiet v\u0113r\u0101 cilindra orient\u0101ciju un bl\u012bv\u0113jumu, gult\u0146u un citu sast\u0101vda\u013cu poz\u012bciju. Tas pal\u012bdz\u0113s atk\u0101rtotas mont\u0101\u017eas laik\u0101.<\/li>\n<\/ul>\n<\/li>\n<li><strong>Cilindra izjauk\u0161ana<\/strong>:\n<ul>\n<li>Atrodiet gala v\u0101ci\u0146us vai fiks\u0101cijas gredzenus katr\u0101 cilindra gal\u0101. \u0160\u012bs sast\u0101vda\u013cas satur kop\u0101 cilindra korpusu un virzu\u013ca mezglu.<\/li>\n<li>Izmantojot atbilsto\u0161us instrumentus, uzman\u012bgi no\u0146emiet gala v\u0101ci\u0146us vai fiks\u0101cijas gredzenus, uzmanoties, lai nesaboj\u0101tu virsmas vai deta\u013cas.<\/li>\n<li>Kad gala v\u0101ci\u0146i vai fiks\u0101cijas gredzeni ir no\u0146emti, cilindra korpusam un virzu\u013ca mezglam vajadz\u0113tu b\u016bt br\u012bvam atdal\u012bties.<\/li>\n<\/ul>\n<\/li>\n<li><strong>Komponentu no\u0146em\u0161ana<\/strong>:\n<ul>\n<li>No\u0146emiet virzuli no cilindra korpusa, piev\u0113r\u0161ot uzman\u012bbu visiem bl\u012bv\u0113jumiem, gult\u0146iem vai citiem komponentiem, kas tam var b\u016bt piestiprin\u0101ti.<\/li>\n<li>P\u0101rbaudiet un dokument\u0113jiet visu no\u0146emto komponentu st\u0101vokli, p\u0101rbaudot, vai nav nodiluma, boj\u0101jumu vai nopl\u016b\u017eu paz\u012bmju. Ja nepiecie\u0161ams, nomainiet visas nolietot\u0101s vai boj\u0101t\u0101s deta\u013cas.<\/li>\n<\/ul>\n<\/li>\n<li><strong>Not\u012briet un uzglab\u0101jiet komponentus<\/strong>:\n<ul>\n<li>R\u016bp\u012bgi not\u012briet visas izjaukt\u0101s sast\u0101vda\u013cas, izmantojot atbilsto\u0161u t\u012br\u012b\u0161anas l\u012bdzekli, lai no\u0146emtu net\u012brumus, gru\u017eus vai hidraulisko \u0161\u0137idrumu.<\/li>\n<li>Uzglab\u0101jiet sast\u0101vda\u013cas t\u012br\u0101 un sak\u0101rtot\u0101 veid\u0101, pasarg\u0101jot t\u0101s no pies\u0101r\u0146ojuma un boj\u0101jumiem.<\/li>\n<\/ul>\n<\/li>\n<\/ol>\n<h2><strong>R\u016bpn\u012bcas iesp\u0113jas un jauda:<\/strong><\/h2>\n<h3>(1) Mont\u0101\u017ea<\/h3>\n<p>Mums ir pirmklas\u012bga neatkar\u012bga p\u0113tniec\u012bbas un att\u012bst\u012bbas mont\u0101\u017eas platforma. Iekr\u0101v\u0113ju cilindru ra\u017eo\u0161anas darbn\u012bc\u0101 ir \u010detras pusautom\u0101tiskas pacel\u0161anas cilindru mont\u0101\u017eas l\u012bnijas un viena autom\u0101tisk\u0101 noliecamo cilindru mont\u0101\u017eas l\u012bnija ar projekt\u0113to gada ra\u017eo\u0161anas jaudu 1 miljons vien\u012bbu; Speci\u0101l\u0101 cilindru darbn\u012bca ir apr\u012bkota ar da\u017e\u0101du specifik\u0101ciju pusautom\u0101tisko t\u012br\u012b\u0161anas mont\u0101\u017eas sist\u0113mu, kuras projekt\u0113t\u0101 gada ra\u017eo\u0161anas jauda ir 200 000 vien\u012bbu. Apr\u012bkota ar slaven\u0101m CNC apstr\u0101des iek\u0101rt\u0101m, apstr\u0101des centru, augstas precizit\u0101tes cilindru apstr\u0101des speci\u0101lo apr\u012bkojumu, robotiz\u0113tu metin\u0101\u0161anas iek\u0101rtu, autom\u0101tisko t\u012br\u012b\u0161anas iek\u0101rtu, autom\u0101tisko cilindru mont\u0101\u017eas iek\u0101rtu un autom\u0101tisko kr\u0101so\u0161anas ra\u017eo\u0161anas l\u012bniju. Eso\u0161ais galveno iek\u0101rtu skaits ir vair\u0101k nek\u0101 300 komplekti (komplekti). Optim\u0101la iek\u0101rtu resursu sadale un efekt\u012bva izmanto\u0161ana nodro\u0161ina produktu precizit\u0101tes pras\u012bbas un atbilst\u012bbu produktu augstaj\u0101m kvalit\u0101tes pras\u012bb\u0101m.<\/p>\n<p><img loading=\"lazy\" decoding=\"async\" class=\"alignnone wp-image-626\" src=\"https:\/\/hydraulic-cylinders.net\/wp-content\/uploads\/2023\/08\/hydraulic-cylinder-product-1-300x158.webp\" alt=\"\" width=\"495\" height=\"260\" srcset=\"https:\/\/hydraulic-cylinders.net\/wp-content\/uploads\/2023\/08\/hydraulic-cylinder-product-1-300x158.webp 495w, https:\/\/hydraulic-cylinders.net\/wp-content\/uploads\/2023\/08\/hydraulic-cylinder-product-1-480x252.webp 480w\" sizes=\"(min-width: 0px) and (max-width: 480px) 480px, (min-width: 481px) 495px, 100vw\" \/> <img loading=\"lazy\" decoding=\"async\" class=\"alignnone wp-image-627\" src=\"https:\/\/hydraulic-cylinders.net\/wp-content\/uploads\/2023\/08\/hydraulic-cylinder-product-2-300x189.webp\" alt=\"\" width=\"413\" height=\"260\" \/><\/p>\n<h3>(2) Apstr\u0101de<\/h3>\n<p>Apstr\u0101des cehs ir apr\u012bkots ar piel\u0101gotu sl\u012bpo slie\u017eu virpo\u0161anas centru, apstr\u0101des centru, \u0101trgaitas asin\u0101\u0161anas ma\u0161\u012bnu, metin\u0101\u0161anas robotu un citu saist\u012btu apr\u012bkojumu, kas var apstr\u0101d\u0101t cilindriskas caurules ar maksim\u0101lo iek\u0161\u0113jo diametru 400 mm un maksim\u0101lo garumu 6 metri.<\/p>\n<p><img loading=\"lazy\" decoding=\"async\" class=\"alignnone wp-image-628 size-large\" src=\"https:\/\/hydraulic-cylinders.net\/wp-content\/uploads\/2023\/08\/hydraulic-cylinder-product-3-1024x391.webp\" alt=\"\" width=\"1024\" height=\"391\" srcset=\"https:\/\/hydraulic-cylinders.net\/wp-content\/uploads\/2023\/08\/hydraulic-cylinder-product-3-980x374.webp 980w, https:\/\/hydraulic-cylinders.net\/wp-content\/uploads\/2023\/08\/hydraulic-cylinder-product-3-480x183.webp 480w\" sizes=\"(min-width: 0px) and (max-width: 480px) 480px, (min-width: 481px) and (max-width: 980px) 980px, (min-width: 981px) 1024px, 100vw\" \/><\/p>\n<h3>(3) Metin\u0101\u0161ana<\/h3>\n<p><img loading=\"lazy\" decoding=\"async\" class=\"alignnone wp-image-629 size-large\" src=\"https:\/\/hydraulic-cylinders.net\/wp-content\/uploads\/2023\/08\/hydraulic-cylinder-product-4-1024x510.webp\" alt=\"\" width=\"1024\" height=\"510\" srcset=\"https:\/\/hydraulic-cylinders.net\/wp-content\/uploads\/2023\/08\/hydraulic-cylinder-product-4-980x488.webp 980w, https:\/\/hydraulic-cylinders.net\/wp-content\/uploads\/2023\/08\/hydraulic-cylinder-product-4-480x239.webp 480w\" sizes=\"(min-width: 0px) and (max-width: 480px) 480px, (min-width: 481px) and (max-width: 980px) 980px, (min-width: 981px) 1024px, 100vw\" \/><\/p>\n<h3>(4) Kr\u0101so\u0161ana un p\u0101rkl\u0101\u0161ana<\/h3>\n<p>Ar maza un vid\u0113ja izm\u0113ra cilindru autom\u0101tisko \u016bdens b\u0101zes kr\u0101sas p\u0101rkl\u0101\u0161anas l\u012bniju, lai pan\u0101ktu autom\u0101tisku robotu iekrau\u0161anu un izkrau\u0161anu un autom\u0101tisku izsmidzin\u0101\u0161anu, projekt\u0113t\u0101 jauda ir 4000 gabali mai\u0146\u0101;<br \/>\nMums ir ar\u012b pusautom\u0101tiska kr\u0101su ra\u017eo\u0161anas l\u012bnija lieliem cilindriem, ko darbina \u0137\u0113des baro\u0161anas meh\u0101nisms, ar projekt\u0113to jaudu 60 kastes mai\u0146\u0101.<\/p>\n<p><img loading=\"lazy\" decoding=\"async\" class=\"alignnone wp-image-630\" src=\"https:\/\/hydraulic-cylinders.net\/wp-content\/uploads\/2023\/08\/hydraulic-cylinder-product-5-300x213.webp\" alt=\"\" width=\"366\" height=\"260\" \/> <img loading=\"lazy\" decoding=\"async\" class=\"alignnone wp-image-631\" src=\"https:\/\/hydraulic-cylinders.net\/wp-content\/uploads\/2023\/08\/hydraulic-cylinder-product-6-300x225.webp\" alt=\"\" width=\"347\" height=\"260\" \/><\/p>\n<h3>(5) Test\u0113\u0161ana<\/h3>\n<p>Mums ir augst\u0101k\u0101s klases p\u0101rbaudes iek\u0101rtas un test\u0113\u0161anas stendi, lai nodro\u0161in\u0101tu, ka balona veiktsp\u0113ja atbilst pras\u012bb\u0101m.<\/p>\n<p><img loading=\"lazy\" decoding=\"async\" class=\"alignnone wp-image-632\" src=\"https:\/\/hydraulic-cylinders.net\/wp-content\/uploads\/2023\/08\/hydraulic-cylinder-product-8-300x200.webp\" alt=\"\" width=\"389\" height=\"260\" \/><\/p>\n<p>&nbsp;<\/p>\n<p>&nbsp;<\/p>\n<p>M\u0113s esam viens no lab\u0101kajiem zemspiediena hidraulisko cilindru ra\u017eot\u0101jiem. M\u0113s varam pied\u0101v\u0101t pla\u0161u zemspiediena hidraulisko cilindru kl\u0101stu. M\u0113s nodro\u0161in\u0101m ar\u012b atbilsto\u0161us... <a href=\"https:\/\/hzpt.com\/agricultural-pto-gearbox\/\" target=\"_blank\" rel=\"noopener\">lauksaimniec\u012bbas p\u0101rnesumk\u0101rbas<\/a>M\u0113s esam eksport\u0113ju\u0161i savus produktus klientiem vis\u0101 pasaul\u0113 un ieguvu\u0161i labu reput\u0101ciju, pateicoties m\u016bsu augst\u0101kajai produktu kvalit\u0101tei un p\u0113cp\u0101rdo\u0161anas apkalpo\u0161anai. M\u0113s sirsn\u012bgi sveicam klientus gan m\u0101j\u0101s, gan \u0101rzem\u0113s sazin\u0101ties ar mums, lai veiktu dar\u012bjumus, apmain\u012btos ar inform\u0101ciju un\u00a0<a href=\"https:\/\/www.hydraulic-cylinders.net\/lv\/contact-us\/\">sadarboties ar mums<\/a>!<\/p>\n<p>&nbsp;<\/p>","protected":false},"excerpt":{"rendered":"<p>Low-Pressure Hydraulic Cylinder Rear Flange Rear flange low-pressure hydraulic cylinder refers to a special type of hydraulic cylinder with a flange at the back end. This flange is a mounting point or connection port used to connect the cylinder to other parts or equipment. Below is an overview of low-pressure hydraulic cylinders with rear flanges: [&hellip;]<\/p>","protected":false},"featured_media":764,"comment_status":"open","ping_status":"closed","template":"","meta":{"_et_pb_use_builder":"","_et_pb_old_content":"","_et_gb_content_width":""},"product_brand":[],"product_cat":[1376,1388],"product_tag":[1380],"class_list":{"0":"post-759","1":"product","2":"type-product","3":"status-publish","4":"has-post-thumbnail","6":"product_cat-hydraulic-cylinder","7":"product_cat-low-pressure-hydraulic-cylinder","8":"product_tag-hydraulic-cylinder","10":"first","11":"instock","12":"shipping-taxable","13":"product-type-simple"},"amp_enabled":true,"_links":{"self":[{"href":"https:\/\/www.hydraulic-cylinders.net\/lv\/wp-json\/wp\/v2\/product\/759","targetHints":{"allow":["GET"]}}],"collection":[{"href":"https:\/\/www.hydraulic-cylinders.net\/lv\/wp-json\/wp\/v2\/product"}],"about":[{"href":"https:\/\/www.hydraulic-cylinders.net\/lv\/wp-json\/wp\/v2\/types\/product"}],"replies":[{"embeddable":true,"href":"https:\/\/www.hydraulic-cylinders.net\/lv\/wp-json\/wp\/v2\/comments?post=759"}],"wp:featuredmedia":[{"embeddable":true,"href":"https:\/\/www.hydraulic-cylinders.net\/lv\/wp-json\/wp\/v2\/media\/764"}],"wp:attachment":[{"href":"https:\/\/www.hydraulic-cylinders.net\/lv\/wp-json\/wp\/v2\/media?parent=759"}],"wp:term":[{"taxonomy":"product_brand","embeddable":true,"href":"https:\/\/www.hydraulic-cylinders.net\/lv\/wp-json\/wp\/v2\/product_brand?post=759"},{"taxonomy":"product_cat","embeddable":true,"href":"https:\/\/www.hydraulic-cylinders.net\/lv\/wp-json\/wp\/v2\/product_cat?post=759"},{"taxonomy":"product_tag","embeddable":true,"href":"https:\/\/www.hydraulic-cylinders.net\/lv\/wp-json\/wp\/v2\/product_tag?post=759"}],"curies":[{"name":"wp","href":"https:\/\/api.w.org\/{rel}","templated":true}]}}