{"id":782,"date":"2023-08-23T03:36:50","date_gmt":"2023-08-23T03:36:50","guid":{"rendered":"https:\/\/hydraulic-cylinders.net\/?post_type=product&#038;p=782"},"modified":"2025-04-16T02:23:02","modified_gmt":"2025-04-16T02:23:02","slug":"machine-tool-low-pressure-hydraulic-cylinder","status":"publish","type":"product","link":"https:\/\/www.hydraulic-cylinders.net\/lv\/products\/machine-tool-low-pressure-hydraulic-cylinder\/","title":{"rendered":"Ma\u0161\u012bnu darbagaldu zemspiediena hidrauliskais cilindrs"},"content":{"rendered":"<h1 style=\"text-align: center;\"><strong>Ma\u0161\u012bnu darbagaldu zemspiediena hidrauliskais cilindrs<\/strong><\/h1>\n<p><img loading=\"lazy\" decoding=\"async\" class=\"aligncenter wp-image-785 size-full\" src=\"https:\/\/hydraulic-cylinders.net\/wp-content\/uploads\/2023\/08\/low-pressure-hydraulic-cylinder-2.webp\" alt=\"\" width=\"300\" height=\"300\" srcset=\"https:\/\/www.hydraulic-cylinders.net\/wp-content\/uploads\/2023\/08\/low-pressure-hydraulic-cylinder-2.webp 300w, https:\/\/www.hydraulic-cylinders.net\/wp-content\/uploads\/2023\/08\/low-pressure-hydraulic-cylinder-2-100x100.webp 100w, https:\/\/www.hydraulic-cylinders.net\/wp-content\/uploads\/2023\/08\/low-pressure-hydraulic-cylinder-2-150x150.webp 150w\" sizes=\"(max-width: 300px) 100vw, 300px\" \/><\/p>\n<p>Low-pressure hydraulic cylinder is the company&#8217;s advantage in products, manufacturing experience, mature technology, cost-effectiveness, and can replace the hydraulic cylinder.<\/p>\n<p>Apvienojum\u0101 ar tirgus piepras\u012bjumu, sak\u0101rtojiet darbgaldu nozares zemspiediena hidraulisko cilindru parametrus, piem\u0113ram, lentz\u0101\u0123u hidraulisko cilindru.<\/p>\n<p>Klienti var pas\u016bt\u012bt atbilsto\u0161i \u0161\u0101diem parametriem, \u0113rt\u012bbai un \u0101tram pieg\u0101des laikam.<\/p>\n<p>Zemas izmaksas: Zemspiediena hidrauliskie cilindri parasti ir l\u0113t\u0101ki nek\u0101 citi cilindri.<br \/>\nVienk\u0101r\u0161a konstrukcija: Zemspiediena hidraulisko cilindru konstrukcija un izgatavo\u0161ana ir sam\u0113r\u0101 vienk\u0101r\u0161a.<br \/>\nVienk\u0101r\u0161a apkope: Zemspiediena hidrauliskos cilindrus ir sam\u0113r\u0101 viegli uztur\u0113t.<\/p>\n<h2><strong>Zemspiediena hidraulisk\u0101 cilindra parametrs:<\/strong><\/h2>\n<h3>(1) Zemspiediena hidraulisk\u0101 cilindra priek\u0161\u0113jais atloks:<\/h3>\n<h3><img loading=\"lazy\" decoding=\"async\" class=\"alignnone wp-image-786 size-full\" src=\"https:\/\/hydraulic-cylinders.net\/wp-content\/uploads\/2023\/08\/low-pressure-pull-rod-hydraulic-cylinder-front-flange-2-2.webp\" alt=\"\" width=\"690\" height=\"397\" srcset=\"https:\/\/hydraulic-cylinders.net\/wp-content\/uploads\/2023\/08\/low-pressure-pull-rod-hydraulic-cylinder-front-flange-2-2.webp 690w, https:\/\/hydraulic-cylinders.net\/wp-content\/uploads\/2023\/08\/low-pressure-pull-rod-hydraulic-cylinder-front-flange-2-2-480x276.webp 480w\" sizes=\"(min-width: 0px) and (max-width: 480px) 480px, (min-width: 481px) 690px, 100vw\" \/><\/h3>\n<h3>(2) Zemspiediena hidraulisk\u0101 cilindra aizmugur\u0113jais atloks:<\/h3>\n<h3><img loading=\"lazy\" decoding=\"async\" class=\"alignnone wp-image-787\" src=\"https:\/\/hydraulic-cylinders.net\/wp-content\/uploads\/2023\/08\/low-pressure-pull-rod-hydraulic-cylinder-back-flange-2-2-1024x556.webp\" alt=\"\" width=\"800\" height=\"434\" \/><\/h3>\n<h3>(3) Zemspiediena hidraulisk\u0101 cilindra priek\u0161\u0113j\u0101 tapa:<\/h3>\n<p><img loading=\"lazy\" decoding=\"async\" class=\"alignnone wp-image-788 size-full\" src=\"https:\/\/hydraulic-cylinders.net\/wp-content\/uploads\/2023\/08\/low-pressure-pull-rod-hydraulic-cylinder-front-hinge-pin-2-1.webp\" alt=\"\" width=\"660\" height=\"289\" srcset=\"https:\/\/hydraulic-cylinders.net\/wp-content\/uploads\/2023\/08\/low-pressure-pull-rod-hydraulic-cylinder-front-hinge-pin-2-1.webp 660w, https:\/\/hydraulic-cylinders.net\/wp-content\/uploads\/2023\/08\/low-pressure-pull-rod-hydraulic-cylinder-front-hinge-pin-2-1-480x210.webp 480w\" sizes=\"(min-width: 0px) and (max-width: 480px) 480px, (min-width: 481px) 660px, 100vw\" \/><\/p>\n<h3>(4) Zemspiediena hidraulisk\u0101 cilindra starpposma tapa:<\/h3>\n<p><img loading=\"lazy\" decoding=\"async\" class=\"alignnone wp-image-789 size-full\" src=\"https:\/\/hydraulic-cylinders.net\/wp-content\/uploads\/2023\/08\/low-pressure-pull-rod-hydraulic-cylinder-intermediate-pin-2-1.webp\" alt=\"\" width=\"690\" height=\"315\" srcset=\"https:\/\/hydraulic-cylinders.net\/wp-content\/uploads\/2023\/08\/low-pressure-pull-rod-hydraulic-cylinder-intermediate-pin-2-1.webp 690w, https:\/\/hydraulic-cylinders.net\/wp-content\/uploads\/2023\/08\/low-pressure-pull-rod-hydraulic-cylinder-intermediate-pin-2-1-480x219.webp 480w\" sizes=\"(min-width: 0px) and (max-width: 480px) 480px, (min-width: 481px) 690px, 100vw\" \/><\/p>\n<h3>(5) Zemspiediena hidraulisk\u0101 cilindra aizmugur\u0113j\u0101 tapa:<\/h3>\n<p><img loading=\"lazy\" decoding=\"async\" class=\"alignnone wp-image-790 size-full\" src=\"https:\/\/hydraulic-cylinders.net\/wp-content\/uploads\/2023\/08\/low-pressure-pull-rod-hydraulic-cylinder-rear-pin-hole-2-1.webp\" alt=\"\" width=\"690\" height=\"333\" srcset=\"https:\/\/hydraulic-cylinders.net\/wp-content\/uploads\/2023\/08\/low-pressure-pull-rod-hydraulic-cylinder-rear-pin-hole-2-1.webp 690w, https:\/\/hydraulic-cylinders.net\/wp-content\/uploads\/2023\/08\/low-pressure-pull-rod-hydraulic-cylinder-rear-pin-hole-2-1-480x232.webp 480w\" sizes=\"(min-width: 0px) and (max-width: 480px) 480px, (min-width: 481px) 690px, 100vw\" \/><\/p>\n<h3>(6) Zemspiediena hidraulisk\u0101 cilindra pamatnes parametrs:<\/h3>\n<p><img loading=\"lazy\" decoding=\"async\" class=\"alignnone wp-image-791 size-full\" src=\"https:\/\/hydraulic-cylinders.net\/wp-content\/uploads\/2023\/08\/low-pressure-pull-rod-hydraulic-cylinder-footstand-2-1.webp\" alt=\"\" width=\"703\" height=\"314\" srcset=\"https:\/\/hydraulic-cylinders.net\/wp-content\/uploads\/2023\/08\/low-pressure-pull-rod-hydraulic-cylinder-footstand-2-1.webp 703w, https:\/\/hydraulic-cylinders.net\/wp-content\/uploads\/2023\/08\/low-pressure-pull-rod-hydraulic-cylinder-footstand-2-1-480x214.webp 480w\" sizes=\"(min-width: 0px) and (max-width: 480px) 480px, (min-width: 481px) 703px, 100vw\" \/><\/p>\n<h2><strong>Tehniskais parametrs <\/strong><strong>Zemspiediena hidrauliskais cilindrs:<\/strong><\/h2>\n<p>Instal\u0113\u0161anas re\u017e\u012bmu var izv\u0113l\u0113ties no \u0161\u0101d\u0101m iesp\u0113j\u0101m<br \/>\n1) Virzu\u013ca stie\u0146a gala v\u012btnes izm\u0113rs: iek\u0161\u0113j\u0101 v\u012btne vai \u0101r\u0113j\u0101 v\u012btne, v\u012btnes izm\u0113rs un garums<br \/>\n2) naftas ostas poz\u012bcija;<br \/>\n3) The &#8220;total length&#8221; in the parameter table, that is, the length of the cylinder when the stroke is 0, such as the stroke is 100mm, the total length of the cylinder = the &#8220;total length&#8221; value +100<\/p>\n<h2><strong>Piem\u0113ro\u0161anas joma <\/strong><strong>Zemspiediena hidrauliskais cilindrs:<\/strong><\/h2>\n<p>1) Spiediena diapazona izmanto\u0161ana ir zem 5MPA;<br \/>\n2) Priek\u0161\u0113jais v\u0101ks, aizmugur\u0113jais v\u0101ks un virzulis ir lie\u0161anas izstr\u0101d\u0101jumi, cilindrs ir no 20.\u00a0marga t\u0113rauda, \u200b\u200bbet virzu\u013ca stienis ir no 45.\u00a0marga t\u0113rauda, \u200b\u200bhrom\u0113ts;<br \/>\n3) Noklus\u0113juma cilindru galvenok\u0101rt ietekm\u0113 vilce; ja tas galvenok\u0101rt ir saist\u012bts ar spriegojumu, klientam ir j\u0101izstr\u0101d\u0101 \u012bpa\u0161i nor\u0101d\u012bjumi;<br \/>\n4) \u0160\u012bs produktu s\u0113rijas iek\u0161\u0113j\u0101 diametra diapazons ir 63\u2013125 mm, maksim\u0101l\u0101 vilce ir 4,8 tonnas;<br \/>\n5) P\u0113c noklus\u0113juma nav bufera; Ja nepiecie\u0161ama buferiz\u0101cija, klientam ir nepiecie\u0161ami \u012bpa\u0161i nor\u0101d\u012bjumi.<\/p>\n<p><img loading=\"lazy\" decoding=\"async\" class=\"size-full wp-image-316728 aligncenter\" src=\"https:\/\/hzpt.com\/wp-content\/uploads\/2023\/08\/low-pressure-hydraulic-cylinder-1.webp\" alt=\"\" width=\"540\" height=\"1015\" \/><\/p>\n<h2><strong>K\u0101 izm\u0113r\u012bt hidraulisko cilindru?<\/strong><\/h2>\n<p>To measure a hydraulic cylinder, you&#8217;ll need a few basic tools such as a tape measure or ruler, a caliper, and possibly a depth gauge. Here&#8217;s a step-by-step guide on how to measure a hydraulic cylinder:<\/p>\n<ol>\n<li><strong>Pagarin\u0101ts garums<\/strong>:\n<ul>\n<li>P\u0101rliecinieties, vai hidrauliskais cilindrs ir piln\u012bb\u0101 izstiepts.<\/li>\n<li>Izm\u0113riet att\u0101lumu no stiprin\u0101juma atveres centra cilindra vien\u0101 gal\u0101 l\u012bdz stiprin\u0101juma atveres centram otr\u0101 gal\u0101. \u0160is m\u0113r\u012bjums nor\u0101da cilindra kop\u0113jo garumu jeb pagarin\u0101to garumu.<\/li>\n<\/ul>\n<\/li>\n<li><strong>Ievilkts garums<\/strong>:\n<ul>\n<li>Piln\u012bb\u0101 ievelciet hidraulisko cilindru.<\/li>\n<li>Izm\u0113riet att\u0101lumu no stiprin\u0101juma atveres centra cilindra vien\u0101 gal\u0101 l\u012bdz stiprin\u0101juma atveres centram otr\u0101 gal\u0101. \u0160is m\u0113r\u012bjums atspogu\u013co cilindra ievilkto garumu.<\/li>\n<\/ul>\n<\/li>\n<li><strong>Urbuma diametrs<\/strong>:\n<ul>\n<li>Izm\u0113riet cilindra korpusa iek\u0161\u0113jo diametru, ko sauc par urbuma diametru. To parasti veic, izmantojot suportm\u0113ru.<\/li>\n<li>Novietojiet suporta \u017eok\u013cus cilindra korpusa iek\u0161pus\u0113 un izm\u0113riet att\u0101lumu starp cilindra korpusa sienu iek\u0161\u0113j\u0101m virsm\u0101m.<\/li>\n<\/ul>\n<\/li>\n<li><strong>Stie\u0146a diametrs<\/strong>:\n<ul>\n<li>Izm\u0113riet virzu\u013ca stie\u0146a diametru. To parasti veic, izmantojot suportu.<\/li>\n<li>Novietojiet suporta \u017eok\u013cus ap virzu\u013ca stieni un izm\u0113riet att\u0101lumu starp stie\u0146a \u0101r\u0113j\u0101m virsm\u0101m.<\/li>\n<\/ul>\n<\/li>\n<li><strong>g\u0101jiena garums<\/strong>:\n<ul>\n<li>G\u0101jiena garums attiecas uz att\u0101lumu, ko virzu\u013ca stienis var p\u0101rvietoties starp piln\u012bb\u0101 izstieptu un piln\u012bb\u0101 ievilktu poz\u012bciju.<\/li>\n<li>Lai ieg\u016btu g\u0101jiena garumu, at\u0146emiet ievilkt\u0101 garuma m\u0113r\u012bjumu no izvilkt\u0101 garuma m\u0113r\u012bjuma.<\/li>\n<\/ul>\n<\/li>\n<li><strong>Bl\u012bv\u0113juma un gult\u0146a izm\u0113ri<\/strong>:\n<ul>\n<li>Ja nepiecie\u0161ams, izm\u0113riet jebkuru hidraulisk\u0101 cilindra bl\u012bv\u0113jumu vai gult\u0146u izm\u0113rus. Tas var ietvert \u0101r\u0113j\u0101 diametra, iek\u0161\u0113j\u0101 diametra un biezuma m\u0113r\u012bjumus.<\/li>\n<\/ul>\n<\/li>\n<\/ol>\n<h2><strong>R\u016bpn\u012bcas iesp\u0113jas un jauda:<\/strong><\/h2>\n<h3>(1) Mont\u0101\u017ea<\/h3>\n<p>Mums ir pirmklas\u012bga neatkar\u012bga p\u0113tniec\u012bbas un att\u012bst\u012bbas mont\u0101\u017eas platforma. Iekr\u0101v\u0113ju cilindru ra\u017eo\u0161anas darbn\u012bc\u0101 ir \u010detras pusautom\u0101tiskas pacel\u0161anas cilindru mont\u0101\u017eas l\u012bnijas un viena autom\u0101tisk\u0101 noliecamo cilindru mont\u0101\u017eas l\u012bnija ar projekt\u0113to gada ra\u017eo\u0161anas jaudu 1 miljons vien\u012bbu; Speci\u0101l\u0101 cilindru darbn\u012bca ir apr\u012bkota ar da\u017e\u0101du specifik\u0101ciju pusautom\u0101tisko t\u012br\u012b\u0161anas mont\u0101\u017eas sist\u0113mu, kuras projekt\u0113t\u0101 gada ra\u017eo\u0161anas jauda ir 200 000 vien\u012bbu. Apr\u012bkota ar slaven\u0101m CNC apstr\u0101des iek\u0101rt\u0101m, apstr\u0101des centru, augstas precizit\u0101tes cilindru apstr\u0101des speci\u0101lo apr\u012bkojumu, robotiz\u0113tu metin\u0101\u0161anas iek\u0101rtu, autom\u0101tisko t\u012br\u012b\u0161anas iek\u0101rtu, autom\u0101tisko cilindru mont\u0101\u017eas iek\u0101rtu un autom\u0101tisko kr\u0101so\u0161anas ra\u017eo\u0161anas l\u012bniju. Eso\u0161ais galveno iek\u0101rtu skaits ir vair\u0101k nek\u0101 300 komplekti (komplekti). Optim\u0101la iek\u0101rtu resursu sadale un efekt\u012bva izmanto\u0161ana nodro\u0161ina produktu precizit\u0101tes pras\u012bbas un atbilst\u012bbu produktu augstaj\u0101m kvalit\u0101tes pras\u012bb\u0101m.<\/p>\n<p><img loading=\"lazy\" decoding=\"async\" class=\"alignnone wp-image-626\" src=\"https:\/\/hydraulic-cylinders.net\/wp-content\/uploads\/2023\/08\/hydraulic-cylinder-product-1-300x158.webp\" alt=\"\" width=\"495\" height=\"260\" srcset=\"https:\/\/hydraulic-cylinders.net\/wp-content\/uploads\/2023\/08\/hydraulic-cylinder-product-1-300x158.webp 495w, https:\/\/hydraulic-cylinders.net\/wp-content\/uploads\/2023\/08\/hydraulic-cylinder-product-1-480x252.webp 480w\" sizes=\"(min-width: 0px) and (max-width: 480px) 480px, (min-width: 481px) 495px, 100vw\" \/> <img loading=\"lazy\" decoding=\"async\" class=\"alignnone wp-image-627\" src=\"https:\/\/hydraulic-cylinders.net\/wp-content\/uploads\/2023\/08\/hydraulic-cylinder-product-2-300x189.webp\" alt=\"\" width=\"413\" height=\"260\" \/><\/p>\n<h3>(2) Apstr\u0101de<\/h3>\n<p>Apstr\u0101des cehs ir apr\u012bkots ar piel\u0101gotu sl\u012bpo slie\u017eu virpo\u0161anas centru, apstr\u0101des centru, \u0101trgaitas asin\u0101\u0161anas ma\u0161\u012bnu, metin\u0101\u0161anas robotu un citu saist\u012btu apr\u012bkojumu, kas var apstr\u0101d\u0101t cilindriskas caurules ar maksim\u0101lo iek\u0161\u0113jo diametru 400 mm un maksim\u0101lo garumu 6 metri.<\/p>\n<p><img loading=\"lazy\" decoding=\"async\" class=\"alignnone wp-image-628 size-large\" src=\"https:\/\/hydraulic-cylinders.net\/wp-content\/uploads\/2023\/08\/hydraulic-cylinder-product-3-1024x391.webp\" alt=\"\" width=\"1024\" height=\"391\" srcset=\"https:\/\/hydraulic-cylinders.net\/wp-content\/uploads\/2023\/08\/hydraulic-cylinder-product-3-980x374.webp 980w, https:\/\/hydraulic-cylinders.net\/wp-content\/uploads\/2023\/08\/hydraulic-cylinder-product-3-480x183.webp 480w\" sizes=\"(min-width: 0px) and (max-width: 480px) 480px, (min-width: 481px) and (max-width: 980px) 980px, (min-width: 981px) 1024px, 100vw\" \/><\/p>\n<h3>(3) Metin\u0101\u0161ana<\/h3>\n<p><img loading=\"lazy\" decoding=\"async\" class=\"alignnone wp-image-629 size-large\" src=\"https:\/\/hydraulic-cylinders.net\/wp-content\/uploads\/2023\/08\/hydraulic-cylinder-product-4-1024x510.webp\" alt=\"\" width=\"1024\" height=\"510\" srcset=\"https:\/\/hydraulic-cylinders.net\/wp-content\/uploads\/2023\/08\/hydraulic-cylinder-product-4-980x488.webp 980w, https:\/\/hydraulic-cylinders.net\/wp-content\/uploads\/2023\/08\/hydraulic-cylinder-product-4-480x239.webp 480w\" sizes=\"(min-width: 0px) and (max-width: 480px) 480px, (min-width: 481px) and (max-width: 980px) 980px, (min-width: 981px) 1024px, 100vw\" \/><\/p>\n<h3>(4) Kr\u0101so\u0161ana un p\u0101rkl\u0101\u0161ana<\/h3>\n<p>Ar maz\u0101m un vid\u0113ja izm\u0113ra cilindrisk\u0101m autom\u0101tisk\u0101m \u016bdens b\u0101zes kr\u0101su p\u0101rkl\u0101\u0161anas l\u012bnij\u0101m, lai pan\u0101ktu autom\u0101tisku robotu iekrau\u0161anu un izkrau\u0161anu un autom\u0101tisku izsmidzin\u0101\u0161anu, projekt\u0113t\u0101 jauda ir 4000 gabali mai\u0146\u0101;<br \/>\nMums ir ar\u012b pusautom\u0101tiska kr\u0101su ra\u017eo\u0161anas l\u012bnija lieliem cilindriem, ko darbina \u0137\u0113des baro\u0161anas meh\u0101nisms, ar projekt\u0113to jaudu 60 kastes mai\u0146\u0101.<\/p>\n<p><img loading=\"lazy\" decoding=\"async\" class=\"alignnone wp-image-630\" src=\"https:\/\/hydraulic-cylinders.net\/wp-content\/uploads\/2023\/08\/hydraulic-cylinder-product-5-300x213.webp\" alt=\"\" width=\"408\" height=\"290\" \/> <img loading=\"lazy\" decoding=\"async\" class=\"alignnone wp-image-631\" src=\"https:\/\/hydraulic-cylinders.net\/wp-content\/uploads\/2023\/08\/hydraulic-cylinder-product-6-300x225.webp\" alt=\"\" width=\"387\" height=\"290\" \/><\/p>\n<h3>(5) Test\u0113\u0161ana<\/h3>\n<p>Mums ir augst\u0101k\u0101s klases p\u0101rbaudes iek\u0101rtas un test\u0113\u0161anas stendi, lai nodro\u0161in\u0101tu, ka balona veiktsp\u0113ja atbilst pras\u012bb\u0101m.<\/p>\n<p><img loading=\"lazy\" decoding=\"async\" class=\"alignnone wp-image-632\" src=\"https:\/\/hydraulic-cylinders.net\/wp-content\/uploads\/2023\/08\/hydraulic-cylinder-product-8-300x200.webp\" alt=\"\" width=\"389\" height=\"260\" \/><\/p>\n<p>&nbsp;<\/p>\n<p>&nbsp;<\/p>\n<p>M\u0113s esam viens no lab\u0101kajiem zemspiediena hidraulisko cilindru ra\u017eot\u0101jiem. M\u0113s varam pied\u0101v\u0101t pla\u0161u zemspiediena hidraulisko cilindru kl\u0101stu. M\u0113s nodro\u0161in\u0101m ar\u012b atbilsto\u0161us... <a href=\"https:\/\/hzpt.com\/agricultural-pto-gearbox\/\" target=\"_blank\" rel=\"noopener\">lauksaimniec\u012bbas p\u0101rnesumk\u0101rbas<\/a>M\u0113s esam eksport\u0113ju\u0161i savus produktus klientiem vis\u0101 pasaul\u0113 un ieguvu\u0161i labu reput\u0101ciju, pateicoties m\u016bsu augst\u0101kajai produktu kvalit\u0101tei un p\u0113cp\u0101rdo\u0161anas apkalpo\u0161anai. M\u0113s sirsn\u012bgi sveicam klientus gan m\u0101j\u0101s, gan \u0101rzem\u0113s sazin\u0101ties ar mums, lai veiktu dar\u012bjumus, apmain\u012btos ar inform\u0101ciju un\u00a0<a href=\"https:\/\/www.hydraulic-cylinders.net\/lv\/contact-us\/\">sadarboties ar mums<\/a>!<\/p>\n<p>&nbsp;<\/p>\n<h2><\/h2>","protected":false},"excerpt":{"rendered":"<p>Machine Tool Low-Pressure Hydraulic Cylinder Low-pressure hydraulic cylinder is the company&#8217;s advantage in products, manufacturing experience, mature technology, cost-effectiveness, and can replace the hydraulic cylinder. Combined with the market demand, sort out the machine tool industry low-pressure hydraulic cylinder parameters, such as band saw machine hydraulic cylinder. Customers can order according to the following parameters, [&hellip;]<\/p>","protected":false},"featured_media":792,"comment_status":"open","ping_status":"closed","template":"","meta":{"_et_pb_use_builder":"","_et_pb_old_content":"","_et_gb_content_width":""},"product_brand":[],"product_cat":[1550,1525,1509,1376,1388],"product_tag":[],"class_list":{"0":"post-782","1":"product","2":"type-product","3":"status-publish","4":"has-post-thumbnail","6":"product_cat-double-acting-hydraulic-cylinder","7":"product_cat-machine-tool-hydraulic-cylinders","8":"product_cat-tie-rod-hydraulic-cylinder","9":"product_cat-hydraulic-cylinder","10":"product_cat-low-pressure-hydraulic-cylinder","12":"first","13":"instock","14":"shipping-taxable","15":"product-type-simple"},"amp_enabled":true,"_links":{"self":[{"href":"https:\/\/www.hydraulic-cylinders.net\/lv\/wp-json\/wp\/v2\/product\/782","targetHints":{"allow":["GET"]}}],"collection":[{"href":"https:\/\/www.hydraulic-cylinders.net\/lv\/wp-json\/wp\/v2\/product"}],"about":[{"href":"https:\/\/www.hydraulic-cylinders.net\/lv\/wp-json\/wp\/v2\/types\/product"}],"replies":[{"embeddable":true,"href":"https:\/\/www.hydraulic-cylinders.net\/lv\/wp-json\/wp\/v2\/comments?post=782"}],"wp:featuredmedia":[{"embeddable":true,"href":"https:\/\/www.hydraulic-cylinders.net\/lv\/wp-json\/wp\/v2\/media\/792"}],"wp:attachment":[{"href":"https:\/\/www.hydraulic-cylinders.net\/lv\/wp-json\/wp\/v2\/media?parent=782"}],"wp:term":[{"taxonomy":"product_brand","embeddable":true,"href":"https:\/\/www.hydraulic-cylinders.net\/lv\/wp-json\/wp\/v2\/product_brand?post=782"},{"taxonomy":"product_cat","embeddable":true,"href":"https:\/\/www.hydraulic-cylinders.net\/lv\/wp-json\/wp\/v2\/product_cat?post=782"},{"taxonomy":"product_tag","embeddable":true,"href":"https:\/\/www.hydraulic-cylinders.net\/lv\/wp-json\/wp\/v2\/product_tag?post=782"}],"curies":[{"name":"wp","href":"https:\/\/api.w.org\/{rel}","templated":true}]}}