{"id":827,"date":"2023-08-30T04:00:09","date_gmt":"2023-08-30T04:00:09","guid":{"rendered":"https:\/\/hydraulic-cylinders.net\/?post_type=product&#038;p=827"},"modified":"2025-04-16T02:22:47","modified_gmt":"2025-04-16T02:22:47","slug":"ca-monoaural-type-light-rod-hydraulic-cylinder","status":"publish","type":"product","link":"https:\/\/www.hydraulic-cylinders.net\/lv\/products\/ca-monoaural-type-light-rod-hydraulic-cylinder\/","title":{"rendered":"CA monoaur\u0101l\u0101 tipa viegl\u0101 stie\u0146a hidrauliskais cilindrs"},"content":{"rendered":"<h1 style=\"text-align: center;\"><strong>CA monoaur\u0101l\u0101 tipa viegl\u0101 stie\u0146a hidrauliskais cilindrs<\/strong><\/h1>\n<p>CA monoaur\u0101l\u0101 tipa gaismas stie\u0146a hidrauliskais cilindrs ir uzlabots hidrauliskais cilindrs, kas paredz\u0113ts precizit\u0101tes un efektivit\u0101tes optimiz\u0113\u0161anai da\u017e\u0101dos r\u016bpnieciskos pielietojumos. Ar savu monofonisko dizainu un gaismas staba konstrukciju \u0161is cilindrs pied\u0101v\u0101 izcilu veiktsp\u0113ju, uzticam\u012bbu un lieto\u0161anas \u0113rtumu.<\/p>\n<p>Gaismas stie\u0146a hidraulisk\u0101 cilindra galven\u0101s iez\u012bmes un priek\u0161roc\u012bbas:<\/p>\n<p><strong>Monofoniskais dizains<\/strong>Viegl\u0101 stie\u0146a hidrauliskais cilindrs ir monofonisks ar vienu stieni, kas stiepjas no viena gala. \u0160\u012b konstrukcija nodro\u0161ina kompaktu un vienk\u0101r\u0161otu uzst\u0101d\u012b\u0161anu, padarot to piem\u0113rotu lieto\u0161anai ierobe\u017eot\u0101 telp\u0101.<\/p>\n<p><strong>Gaismas stie\u0146a strukt\u016bra<\/strong>Gaismas stie\u0146a konstrukcija ir izgatavota no viegla alum\u012bnija vai kompoz\u012btmateri\u0101liem. Tas samazina kop\u0113jo svaru, nodro\u0161ina \u0101tr\u0101ku darb\u012bbu, samazina ener\u0123ijas pat\u0113ri\u0146u un palielina efektivit\u0101ti.<\/p>\n<p><strong>Uzlabota precizit\u0101te<\/strong>CA monoaur\u0101l\u0101 tipa viegl\u0101 stie\u0146a hidrauliskais cilindrs nodro\u0161ina prec\u012bzu line\u0101ras kust\u012bbas vad\u012bbu. Tas nodro\u0161ina prec\u012bzu pozicion\u0113\u0161anu un vienm\u0113r\u012bgu kust\u012bbu, padarot to ide\u0101li piem\u0113rotu lietojumiem, kuriem nepiecie\u0161ama augsta precizit\u0101te, piem\u0113ram, robotik\u0101, automatiz\u0101cijas sist\u0113m\u0101s un iepako\u0161anas ma\u0161\u012bn\u0101s.<\/p>\n<p><strong>Kompakts un vietu taupo\u0161s<\/strong>Pateicoties kompaktajam izm\u0113ram, cilindrs ir ide\u0101li piem\u0113rots uzst\u0101d\u012b\u0161anai ierobe\u017eot\u0101 telp\u0101. Mazais izm\u0113rs atvieglo integr\u0113\u0161anu iek\u0101rt\u0101s un sist\u0113m\u0101s, neapdraudot veiktsp\u0113ju.<\/p>\n<p><img loading=\"lazy\" decoding=\"async\" class=\"wp-image-828 size-full aligncenter\" src=\"https:\/\/hydraulic-cylinders.net\/wp-content\/uploads\/2023\/08\/ca-monoaural-type-light-pull-rod-hydraulic-cylinder-1.webp\" alt=\"\" width=\"790\" height=\"200\" srcset=\"https:\/\/hydraulic-cylinders.net\/wp-content\/uploads\/2023\/08\/ca-monoaural-type-light-pull-rod-hydraulic-cylinder-1.webp 790w, https:\/\/hydraulic-cylinders.net\/wp-content\/uploads\/2023\/08\/ca-monoaural-type-light-pull-rod-hydraulic-cylinder-1-480x122.webp 480w\" sizes=\"(min-width: 0px) and (max-width: 480px) 480px, (min-width: 481px) 790px, 100vw\" \/><\/p>\n<h2><strong>CA Monoaura\u013ca tipa viegl\u0101 stie\u0146a hidraulisk\u0101 cilindra parametrs:<\/strong><\/h2>\n<p><img loading=\"lazy\" decoding=\"async\" class=\"alignnone wp-image-829 size-full\" src=\"https:\/\/hydraulic-cylinders.net\/wp-content\/uploads\/2023\/08\/ca-monoaural-type-light-pull-rod-hydraulic-cylinder-2.webp\" alt=\"\" width=\"790\" height=\"456\" srcset=\"https:\/\/hydraulic-cylinders.net\/wp-content\/uploads\/2023\/08\/ca-monoaural-type-light-pull-rod-hydraulic-cylinder-2.webp 790w, https:\/\/hydraulic-cylinders.net\/wp-content\/uploads\/2023\/08\/ca-monoaural-type-light-pull-rod-hydraulic-cylinder-2-480x277.webp 480w\" sizes=\"(min-width: 0px) and (max-width: 480px) 480px, (min-width: 481px) 790px, 100vw\" \/><\/p>\n<h2><strong>\u00a0CA monoaur\u0101l\u0101 tipa viegl\u0101 stie\u0146a hidrauliskais cilindrs <\/strong><strong>Lieto\u0161anas metode<\/strong><strong>:<\/strong><\/h2>\n<p><strong>Uzst\u0101d\u012b\u0161ana<\/strong>Dro\u0161i uzst\u0101diet cilindru, izmantojot atbilsto\u0161us stiprin\u0101jumus, lai nodro\u0161in\u0101tu stabilit\u0101ti un pareizu izl\u012bdzin\u0101\u0161anu.<\/p>\n<p><strong>Hidrauliskais savienojums<\/strong>Pievienojiet hidraulisko l\u012bniju nor\u0101d\u012btajai cilindra piesl\u0113gvietai. P\u0101rliecinieties, vai savienojumi ir cie\u0161i nosl\u0113gti, lai nov\u0113rstu nopl\u016bdes.<\/p>\n<p><strong>Baro\u0161anas avots<\/strong>Pievienojiet cilindru uzticamam hidrauliskajam baro\u0161anas avotam, piem\u0113ram, s\u016bknim vai baro\u0161anas blokam.<\/p>\n<p><strong>P\u0101rbaudiet un piel\u0101gojiet<\/strong>Pirms darba r\u016bp\u012bgi p\u0101rbaudiet visus savienojumus un p\u0101rliecinieties par to dro\u0161\u012bbu \u2014 p\u0101rbaudiet cilindra kust\u012bbu, iedarbinot hidraulisko sist\u0113mu un p\u0101rbaudot vienm\u0113r\u012bgu, line\u0101ru kust\u012bbu.<\/p>\n<h2><strong>K\u0101 izjaukt hidraulisko cilindru?<\/strong><\/h2>\n<p>Hidraulisk\u0101 cilindra izjauk\u0161ana prasa r\u016bp\u012bgu apie\u0161anos un pareizu demont\u0101\u017eas proced\u016bru iev\u0113ro\u0161anu. \u0160eit ir visp\u0101r\u012bgs nor\u0101d\u012bjums par hidraulisk\u0101 cilindra izjauk\u0161anu:<\/p>\n<ol>\n<li><strong>Dro\u0161\u012bbas pas\u0101kumi<\/strong>:\n<ul>\n<li>P\u0101rliecinieties, vai hidrauliskaj\u0101 sist\u0113m\u0101 nav spiediena un cilindr\u0101 nav atliku\u0161\u0101 spiediena. Iev\u0113rojiet atbilsto\u0161as \u200b\u200bblo\u0137\u0113\u0161anas\/mar\u0137\u0113\u0161anas proced\u016bras, lai nov\u0113rstu sist\u0113mas nejau\u0161u aktiviz\u0113\u0161anu.<\/li>\n<li>Valk\u0101jiet atbilsto\u0161us individu\u0101los aizsardz\u012bbas l\u012bdzek\u013cus (IAL), piem\u0113ram, cimdus un aizsargbrilles, lai pasarg\u0101tu sevi no hidraulisk\u0101 \u0161\u0137idruma un iesp\u0113jamiem apdraud\u0113jumiem.<\/li>\n<\/ul>\n<\/li>\n<li><strong>Cilindra no\u0146em\u0161ana<\/strong>:\n<ul>\n<li>Atvienojiet cilindram pievienot\u0101s hidraulisk\u0101s l\u012bnijas, p\u0101rliecinoties, ka viss atliku\u0161ais \u0161\u0137idrums ir pien\u0101c\u012bgi sav\u0101kts.<\/li>\n<li>No\u0146emiet visus stiprin\u0101jumus vai mont\u0101\u017eas kron\u0161teinus, lai atbr\u012bvotu cilindru, ja tas ir uzst\u0101d\u012bts vai piestiprin\u0101ts pie cit\u0101m sast\u0101vda\u013c\u0101m.<\/li>\n<li>Uzman\u012bgi paceliet un no\u0146emiet cilindru no t\u0101 mont\u0101\u017eas poz\u012bcijas, uzmanoties, lai nesaboj\u0101tu un nerad\u012btu slodzi pievienotaj\u0101m \u0161\u013c\u016bten\u0113m vai savienojumiem.<\/li>\n<\/ul>\n<\/li>\n<li><strong>P\u0101rbaude un dokument\u0101cija<\/strong>:\n<ul>\n<li>R\u016bp\u012bgi p\u0101rbaudiet balona \u0101rpusi, vai nav boj\u0101jumu, nopl\u016b\u017eu vai p\u0101rm\u0113r\u012bga nodiluma paz\u012bmju. Dokument\u0113jiet visus nov\u0113rojumus vai probl\u0113mas turpm\u0101kai uzzi\u0146ai.<\/li>\n<li>Pirms demont\u0101\u017eas \u0146emiet v\u0113r\u0101 cilindra orient\u0101ciju un bl\u012bv\u0113jumu, gult\u0146u un citu sast\u0101vda\u013cu poz\u012bciju. Tas pal\u012bdz\u0113s atk\u0101rtotas mont\u0101\u017eas laik\u0101.<\/li>\n<\/ul>\n<\/li>\n<li><strong>Cilindra izjauk\u0161ana<\/strong>:\n<ul>\n<li>Atrodiet gala v\u0101ci\u0146us vai fiks\u0101cijas gredzenus katr\u0101 cilindra gal\u0101. \u0160\u012bs sast\u0101vda\u013cas satur kop\u0101 cilindra korpusu un virzu\u013ca mezglu.<\/li>\n<li>Izmantojot atbilsto\u0161us instrumentus, uzman\u012bgi no\u0146emiet gala v\u0101ci\u0146us vai fiks\u0101cijas gredzenus, neboj\u0101jot virsmas vai deta\u013cas.<\/li>\n<li>Kad gala v\u0101ci\u0146i vai fiks\u0101cijas gredzeni ir no\u0146emti, cilindra korpusam un virzu\u013ca mezglam vajadz\u0113tu b\u016bt br\u012bvam atdal\u012bties.<\/li>\n<\/ul>\n<\/li>\n<li><strong>Komponentu no\u0146em\u0161ana<\/strong>:\n<ul>\n<li>No\u0146emiet virzuli no cilindra korpusa, piev\u0113r\u0161ot uzman\u012bbu visiem bl\u012bv\u0113jumiem, gult\u0146iem vai citiem komponentiem, kas tam var b\u016bt piestiprin\u0101ti.<\/li>\n<li>P\u0101rbaudiet un dokument\u0113jiet visu no\u0146emto komponentu st\u0101vokli, p\u0101rbaudot, vai nav nodiluma, boj\u0101jumu vai nopl\u016b\u017eu paz\u012bmju. Ja nepiecie\u0161ams, nomainiet visas nolietot\u0101s vai boj\u0101t\u0101s deta\u013cas.<\/li>\n<\/ul>\n<\/li>\n<li><strong>Not\u012briet un uzglab\u0101jiet komponentus<\/strong>:\n<ul>\n<li>R\u016bp\u012bgi not\u012briet visas izjaukt\u0101s sast\u0101vda\u013cas, izmantojot atbilsto\u0161u t\u012br\u012b\u0161anas l\u012bdzekli, lai no\u0146emtu net\u012brumus, gru\u017eus vai hidraulisko \u0161\u0137idrumu.<\/li>\n<li>Uzglab\u0101jiet sast\u0101vda\u013cas t\u012bras un sak\u0101rtotas, pasarg\u0101jot t\u0101s no pies\u0101r\u0146ojuma un boj\u0101jumiem.<\/li>\n<\/ul>\n<\/li>\n<\/ol>\n<h2><strong>R\u016bpn\u012bcas iesp\u0113jas un jauda:<\/strong><\/h2>\n<h3>(1) Mont\u0101\u017ea<\/h3>\n<p>Mums ir pirmklas\u012bga neatkar\u012bga p\u0113tniec\u012bbas un att\u012bst\u012bbas mont\u0101\u017eas platforma. Hidraulisko cilindru ra\u017eo\u0161anas darbn\u012bc\u0101 ir \u010detras pusautom\u0101tiskas pacel\u0161anas cilindru mont\u0101\u017eas l\u012bnijas un viena autom\u0101tisk\u0101 sl\u012bpuma cilindru mont\u0101\u017eas l\u012bnija ar projekt\u0113to gada ra\u017eo\u0161anas jaudu 1 miljons vien\u012bbu. Speci\u0101lo cilindru darbn\u012bca ir apr\u012bkota ar da\u017e\u0101du specifik\u0101ciju pusautom\u0101tisku t\u012br\u012b\u0161anas mont\u0101\u017eas sist\u0113mu ar projekt\u0113to gada ra\u017eo\u0161anas jaudu 200 000 vien\u012bbu un apr\u012bkota ar slaven\u0101m CNC apstr\u0101des iek\u0101rt\u0101m, apstr\u0101des centru, augstas precizit\u0101tes cilindru apstr\u0101des speci\u0101lo apr\u012bkojumu, robotiz\u0113tu metin\u0101\u0161anas iek\u0101rtu, autom\u0101tisku t\u012br\u012b\u0161anas iek\u0101rtu, autom\u0101tisku cilindru mont\u0101\u017eas iek\u0101rtu un autom\u0101tisku kr\u0101so\u0161anas ra\u017eo\u0161anas l\u012bniju. Eso\u0161ais kritiskais apr\u012bkojums ir vair\u0101k nek\u0101 300 komplektu (komplektu). Optim\u0101la iek\u0101rtu resursu sadale un efekt\u012bva izmanto\u0161ana nodro\u0161ina produktu precizit\u0101tes pras\u012bbas un apmierina produktu augst\u0101s kvalit\u0101tes pras\u012bbas.<\/p>\n<p><img loading=\"lazy\" decoding=\"async\" class=\"alignnone wp-image-626\" src=\"https:\/\/hydraulic-cylinders.net\/wp-content\/uploads\/2023\/08\/hydraulic-cylinder-product-1-300x158.webp\" alt=\"\" width=\"495\" height=\"260\" srcset=\"https:\/\/hydraulic-cylinders.net\/wp-content\/uploads\/2023\/08\/hydraulic-cylinder-product-1-300x158.webp 495w, https:\/\/hydraulic-cylinders.net\/wp-content\/uploads\/2023\/08\/hydraulic-cylinder-product-1-480x252.webp 480w\" sizes=\"(min-width: 0px) and (max-width: 480px) 480px, (min-width: 481px) 495px, 100vw\" \/> <img loading=\"lazy\" decoding=\"async\" class=\"alignnone wp-image-627\" src=\"https:\/\/hydraulic-cylinders.net\/wp-content\/uploads\/2023\/08\/hydraulic-cylinder-product-2-300x189.webp\" alt=\"\" width=\"413\" height=\"260\" \/><\/p>\n<h3>(2) Apstr\u0101de<\/h3>\n<p>Apstr\u0101des cehs ir apr\u012bkots ar piel\u0101gotu sl\u012bpo slie\u017eu virpo\u0161anas centru, apstr\u0101des centru, \u0101trgaitas asin\u0101\u0161anas ma\u0161\u012bnu, metin\u0101\u0161anas robotu un citu saist\u012btu apr\u012bkojumu, kas var apstr\u0101d\u0101t cilindriskas caurules ar maksim\u0101lo iek\u0161\u0113jo diametru 400 mm un maksim\u0101lo garumu 6 metri.<\/p>\n<p><img loading=\"lazy\" decoding=\"async\" class=\"alignnone wp-image-628 size-large\" src=\"https:\/\/hydraulic-cylinders.net\/wp-content\/uploads\/2023\/08\/hydraulic-cylinder-product-3-1024x391.webp\" alt=\"\" width=\"1024\" height=\"391\" srcset=\"https:\/\/hydraulic-cylinders.net\/wp-content\/uploads\/2023\/08\/hydraulic-cylinder-product-3-980x374.webp 980w, https:\/\/hydraulic-cylinders.net\/wp-content\/uploads\/2023\/08\/hydraulic-cylinder-product-3-480x183.webp 480w\" sizes=\"(min-width: 0px) and (max-width: 480px) 480px, (min-width: 481px) and (max-width: 980px) 980px, (min-width: 981px) 1024px, 100vw\" \/><\/p>\n<h3>(3) Metin\u0101\u0161ana<\/h3>\n<p><img loading=\"lazy\" decoding=\"async\" class=\"alignnone wp-image-629 size-large\" src=\"https:\/\/hydraulic-cylinders.net\/wp-content\/uploads\/2023\/08\/hydraulic-cylinder-product-4-1024x510.webp\" alt=\"\" width=\"1024\" height=\"510\" srcset=\"https:\/\/hydraulic-cylinders.net\/wp-content\/uploads\/2023\/08\/hydraulic-cylinder-product-4-980x488.webp 980w, https:\/\/hydraulic-cylinders.net\/wp-content\/uploads\/2023\/08\/hydraulic-cylinder-product-4-480x239.webp 480w\" sizes=\"(min-width: 0px) and (max-width: 480px) 480px, (min-width: 481px) and (max-width: 980px) 980px, (min-width: 981px) 1024px, 100vw\" \/><\/p>\n<h3>(4) Kr\u0101so\u0161ana un p\u0101rkl\u0101\u0161ana<\/h3>\n<p>Ar maz\u0101m un vid\u0113ja izm\u0113ra cilindrisk\u0101m autom\u0101tisk\u0101m \u016bdens b\u0101zes kr\u0101su p\u0101rkl\u0101\u0161anas l\u012bnij\u0101m, lai pan\u0101ktu autom\u0101tisku robotu iekrau\u0161anu un izkrau\u0161anu un autom\u0101tisku izsmidzin\u0101\u0161anu, projekt\u0113t\u0101 jauda ir 4000 gabali mai\u0146\u0101;<br \/>\nMums ir ar\u012b pusautom\u0101tiska kr\u0101su ra\u017eo\u0161anas l\u012bnija lieliem baloniem, ko darbina \u0137\u0113des piedzi\u0146a, ar 60 kastu konstrukcijas jaudu vien\u0101 mai\u0146\u0101.<\/p>\n<p><img loading=\"lazy\" decoding=\"async\" class=\"alignnone wp-image-630\" src=\"https:\/\/hydraulic-cylinders.net\/wp-content\/uploads\/2023\/08\/hydraulic-cylinder-product-5-300x213.webp\" alt=\"\" width=\"366\" height=\"260\" \/> <img loading=\"lazy\" decoding=\"async\" class=\"alignnone wp-image-631\" src=\"https:\/\/hydraulic-cylinders.net\/wp-content\/uploads\/2023\/08\/hydraulic-cylinder-product-6-300x225.webp\" alt=\"\" width=\"347\" height=\"260\" \/><\/p>\n<h3>(5) Test\u0113\u0161ana<\/h3>\n<p>Mums ir augst\u0101k\u0101s klases p\u0101rbaudes iek\u0101rtas un test\u0113\u0161anas stendi, lai nodro\u0161in\u0101tu, ka balona veiktsp\u0113ja atbilst pras\u012bb\u0101m.<\/p>\n<p><img loading=\"lazy\" decoding=\"async\" class=\"alignnone wp-image-632\" src=\"https:\/\/hydraulic-cylinders.net\/wp-content\/uploads\/2023\/08\/hydraulic-cylinder-product-8-300x200.webp\" alt=\"\" width=\"389\" height=\"260\" \/><\/p>\n<p>&nbsp;<\/p>\n<p>&nbsp;<\/p>\n<p>M\u0113s esam viens no lab\u0101kajiem vieglo stie\u0146u hidraulisko cilindru ra\u017eot\u0101jiem. M\u0113s varam pied\u0101v\u0101t pla\u0161u vieglo stie\u0146u hidraulisko cilindru kr\u0101jumu. M\u0113s pied\u0101v\u0101jam ar\u012b atbilsto\u0161us <a href=\"https:\/\/hzpt.com\/agricultural-pto-gearbox\/\" target=\"_blank\" rel=\"noopener\">lauksaimniec\u012bbas p\u0101rnesumk\u0101rbas<\/a>M\u0113s esam eksport\u0113ju\u0161i savus produktus klientiem vis\u0101 pasaul\u0113 un ieguvu\u0161i labu reput\u0101ciju, pateicoties m\u016bsu augst\u0101kajai produktu kvalit\u0101tei un p\u0113cp\u0101rdo\u0161anas apkalpo\u0161anai. M\u0113s sirsn\u012bgi sveicam klientus gan m\u0101j\u0101s, gan \u0101rzem\u0113s sazin\u0101ties ar mums, lai veiktu dar\u012bjumus, apmain\u012btos ar inform\u0101ciju un\u00a0<a href=\"https:\/\/www.hydraulic-cylinders.net\/lv\/contact-us\/\">sadarboties ar mums<\/a>!<\/p>\n<p>&nbsp;<\/p>\n<h2><\/h2>\n<h2><\/h2>","protected":false},"excerpt":{"rendered":"<p>CA Monoaural Type Light Rod Hydraulic Cylinder The CA monoaural type light rod hydraulic cylinder is an advanced hydraulic cylinder designed to optimize accuracy and efficiency for a variety of industrial applications. With its monophonic design and light pole construction, this cylinder offers superior performance, reliability, and ease of use. The Main Features And Advantages [&hellip;]<\/p>","protected":false},"featured_media":884,"comment_status":"open","ping_status":"closed","template":"","meta":{"_et_pb_use_builder":"","_et_pb_old_content":"","_et_gb_content_width":""},"product_brand":[],"product_cat":[1550,1525,1509,1376,1387],"product_tag":[1380],"class_list":{"0":"post-827","1":"product","2":"type-product","3":"status-publish","4":"has-post-thumbnail","6":"product_cat-double-acting-hydraulic-cylinder","7":"product_cat-machine-tool-hydraulic-cylinders","8":"product_cat-tie-rod-hydraulic-cylinder","9":"product_cat-hydraulic-cylinder","10":"product_cat-light-rod-hydraulic-cylinder","11":"product_tag-hydraulic-cylinder","13":"first","14":"instock","15":"shipping-taxable","16":"product-type-simple"},"amp_enabled":true,"_links":{"self":[{"href":"https:\/\/www.hydraulic-cylinders.net\/lv\/wp-json\/wp\/v2\/product\/827","targetHints":{"allow":["GET"]}}],"collection":[{"href":"https:\/\/www.hydraulic-cylinders.net\/lv\/wp-json\/wp\/v2\/product"}],"about":[{"href":"https:\/\/www.hydraulic-cylinders.net\/lv\/wp-json\/wp\/v2\/types\/product"}],"replies":[{"embeddable":true,"href":"https:\/\/www.hydraulic-cylinders.net\/lv\/wp-json\/wp\/v2\/comments?post=827"}],"wp:featuredmedia":[{"embeddable":true,"href":"https:\/\/www.hydraulic-cylinders.net\/lv\/wp-json\/wp\/v2\/media\/884"}],"wp:attachment":[{"href":"https:\/\/www.hydraulic-cylinders.net\/lv\/wp-json\/wp\/v2\/media?parent=827"}],"wp:term":[{"taxonomy":"product_brand","embeddable":true,"href":"https:\/\/www.hydraulic-cylinders.net\/lv\/wp-json\/wp\/v2\/product_brand?post=827"},{"taxonomy":"product_cat","embeddable":true,"href":"https:\/\/www.hydraulic-cylinders.net\/lv\/wp-json\/wp\/v2\/product_cat?post=827"},{"taxonomy":"product_tag","embeddable":true,"href":"https:\/\/www.hydraulic-cylinders.net\/lv\/wp-json\/wp\/v2\/product_tag?post=827"}],"curies":[{"name":"wp","href":"https:\/\/api.w.org\/{rel}","templated":true}]}}