{"id":831,"date":"2023-08-30T06:05:27","date_gmt":"2023-08-30T06:05:27","guid":{"rendered":"https:\/\/hydraulic-cylinders.net\/?post_type=product&#038;p=831"},"modified":"2025-04-16T02:22:44","modified_gmt":"2025-04-16T02:22:44","slug":"axial-tripod-type-metallurgical-hydraulic-cylinder-2","status":"publish","type":"product","link":"https:\/\/www.hydraulic-cylinders.net\/lv\/products\/axial-tripod-type-metallurgical-hydraulic-cylinder-2\/","title":{"rendered":"CA monoaur\u0101ls Y tipa savienot\u0101js Light Rod hidrauliskais cilindrs"},"content":{"rendered":"<h1 style=\"text-align: center;\"><strong>CA monoaur\u0101ls Y tipa savienot\u0101js Light Rod hidrauliskais cilindrs<\/strong><\/h1>\n<p>CA monoaur\u0101l\u0101 tipa viegl\u0101 stie\u0146a hidrauliskais cilindrs ir specifisks tips ar monoaur\u0101lu dizainu un viegl\u0101 stie\u0146a konstrukciju. \u0160eit ir sniegta inform\u0101cija par \u0161\u0101da veida cilindru:<\/p>\n<p><strong>Monofoniskais dizains<\/strong>Monofonisk\u0101 konstrukcija noz\u012bm\u0113, ka hidraulisk\u0101 cilindra vien\u0101 gal\u0101 ir izvirz\u012bts viens stienis. \u0160o konstrukciju bie\u017ei izmanto lietojumos, kuros nepiecie\u0161ama ierobe\u017eota telpa vai kompakt\u0101ks cilindrs.<\/p>\n<p><strong>Gaismas stie\u0146a strukt\u016bra<\/strong>Viegl\u0101 stie\u0146a konstrukcija attiecas uz vieglu materi\u0101lu, piem\u0113ram, alum\u012bnija vai kompoz\u012btmateri\u0101lu, izmanto\u0161anu k\u0101 hidraulisk\u0101 cilindra stieni. \u0160\u012b konstrukcija pal\u012bdz samazin\u0101t cilindra svaru, vienlaikus saglab\u0101jot iztur\u012bbu un veiktsp\u0113ju.<\/p>\n<p><strong>Kompakts izm\u0113rs<\/strong>CA monofoniskie gaismas stie\u0146u hidrauliskie cilindri ir paz\u012bstami ar savu kompakto izm\u0113ru un ir piem\u0113roti lieto\u0161anai ierobe\u017eot\u0101 telp\u0101. To mazais izm\u0113rs atvieglo uzst\u0101d\u012b\u0161anu un integr\u0113\u0161anu da\u017e\u0101d\u0101s sist\u0113m\u0101s.<\/p>\n<p><strong>Prec\u012bza line\u0101ras kust\u012bbas vad\u012bba<\/strong>\u0160\u0101da veida hidrauliskais cilindrs ir paredz\u0113ts prec\u012bzas line\u0101ras kust\u012bbas vad\u012bbas nodro\u0161in\u0101\u0161anai. Gaismas staba konstrukcija un monofoniskais dizains veicina vienm\u0113r\u012bgu un prec\u012bzu kust\u012bbu, \u013caujot prec\u012bzi pozicion\u0113t un kontrol\u0113t r\u016bpnieciskos pielietojumos.<\/p>\n<p><strong>Daudzpus\u012bgs<\/strong>CA monoaur\u0101l\u0101 tipa viegl\u0101 stie\u0146a hidrauliskos cilindrus var izmantot da\u017e\u0101dos r\u016bpnieciskos pielietojumos. Tam ir praktiska v\u0113rt\u012bba robotik\u0101, iepako\u0161anas ma\u0161\u012bn\u0101s, automatiz\u0101cijas sist\u0113m\u0101s un cit\u0101s lietojumprogramm\u0101s, kur\u0101m nepiecie\u0161ama efekt\u012bva un prec\u012bza line\u0101ras kust\u012bbas vad\u012bba.<\/p>\n<p><img loading=\"lazy\" decoding=\"async\" class=\"wp-image-833 size-full aligncenter\" src=\"https:\/\/hydraulic-cylinders.net\/wp-content\/uploads\/2023\/08\/ca-monoaural-type-y-connector-light-pull-rod-hydraulic-cylinder-1.webp\" alt=\"\" width=\"790\" height=\"200\" srcset=\"https:\/\/hydraulic-cylinders.net\/wp-content\/uploads\/2023\/08\/ca-monoaural-type-y-connector-light-pull-rod-hydraulic-cylinder-1.webp 790w, https:\/\/hydraulic-cylinders.net\/wp-content\/uploads\/2023\/08\/ca-monoaural-type-y-connector-light-pull-rod-hydraulic-cylinder-1-480x122.webp 480w\" sizes=\"(min-width: 0px) and (max-width: 480px) 480px, (min-width: 481px) 790px, 100vw\" \/><\/p>\n<h2><strong>CA Monoaur\u0101l\u0101 Y tipa savienot\u0101ja viegl\u0101 stie\u0146a hidraulisk\u0101 cilindra parametrs:<\/strong><\/h2>\n<p><img loading=\"lazy\" decoding=\"async\" class=\"alignnone wp-image-834 size-full\" src=\"https:\/\/hydraulic-cylinders.net\/wp-content\/uploads\/2023\/08\/ca-monoaural-type-y-connector-light-pull-rod-hydraulic-cylinder-2.webp\" alt=\"\" width=\"790\" height=\"498\" srcset=\"https:\/\/hydraulic-cylinders.net\/wp-content\/uploads\/2023\/08\/ca-monoaural-type-y-connector-light-pull-rod-hydraulic-cylinder-2.webp 790w, https:\/\/hydraulic-cylinders.net\/wp-content\/uploads\/2023\/08\/ca-monoaural-type-y-connector-light-pull-rod-hydraulic-cylinder-2-480x303.webp 480w\" sizes=\"(min-width: 0px) and (max-width: 480px) 480px, (min-width: 481px) 790px, 100vw\" \/><\/p>\n<h2><strong>CA monoaur\u0101ls Y tipa savienot\u0101js Light Rod hidrauliskais cilindrs <\/strong><strong>Apkope<\/strong><strong>:<\/strong><\/h2>\n<p>Lai maksim\u0101li palielin\u0101tu CA monoaura tipa viegl\u0101 stie\u0146a hidraulisk\u0101 cilindra kalpo\u0161anas laiku un veiktsp\u0113ju, ir nepiecie\u0161ama atbilsto\u0161a kop\u0161ana.<\/p>\n<p>\u0160eit ir da\u017eas apkopes vadl\u012bnijas:<\/p>\n<p>Regul\u0101ra p\u0101rbaude: P\u0101rbaudiet, vai gaismas stie\u0146a hidrauliskaj\u0101 cilindr\u0101 nav nodiluma, boj\u0101jumu vai nopl\u016b\u017eu. Piev\u0113rsiet uzman\u012bbu bl\u012bv\u0113m, savienojumiem un stiprin\u0101juma punktiem.<br \/>\nE\u013c\u013co\u0161ana: Uzkl\u0101jiet ieteicamo sm\u0113rvielu uz cilindra kust\u012bgaj\u0101m da\u013c\u0101m saska\u0146\u0101 ar ra\u017eot\u0101ja nor\u0101d\u012bjumiem. Regul\u0101ra e\u013c\u013co\u0161ana nodro\u0161ina vienm\u0113r\u012bgu darb\u012bbu un samazina ar berzi saist\u012bt\u0101s probl\u0113mas.<\/p>\n<p>Nomainiet bl\u012bves: Ja bl\u012bves ir boj\u0101tas vai nopl\u016bst, nomainiet t\u0101s ar ori\u0123in\u0101l\u0101m, ra\u017eot\u0101ja apstiprin\u0101t\u0101m deta\u013c\u0101m.<\/p>\n<p>T\u012br\u012b\u0161ana: Turiet viegl\u0101 stie\u0146a hidraulisko cilindru t\u012bru un no\u0146emiet net\u012brumus, gru\u017eus un pies\u0101r\u0146ot\u0101jus, kas var ietekm\u0113t cilindra darb\u012bbu. Pirms mont\u0101\u017eas izmantojiet neabraz\u012bvu t\u012br\u012b\u0161anas l\u012bdzekli un p\u0101rliecinieties, ka visas deta\u013cas ir sausas.<\/p>\n<h2><strong>K\u0101 atgaisot hidraulisko cilindru bez atgaiso\u0161anas v\u0101rsta?<\/strong><\/h2>\n<p>Hidraulisk\u0101 cilindra atgaiso\u0161ana bez atgaiso\u0161anas v\u0101rsta var b\u016bt sare\u017e\u0123\u012bt\u0101ka, ta\u010du t\u0101 joproj\u0101m ir iesp\u0113jama. \u0160eit ir soli pa solim sniegta instrukcija par hidraulisk\u0101 cilindra atgaiso\u0161anu bez atgaiso\u0161anas v\u0101rsta:<\/p>\n<ol>\n<li><strong>Sagatavojiet nepiecie\u0161amos r\u012bkus<\/strong>Pirms atgaiso\u0161anas procesa s\u0101k\u0161anas sagatavojiet \u0161\u0101dus instrumentus: uzgrie\u017e\u0146u atsl\u0113gu vai uzga\u013cu komplektu, trauku hidraulisk\u0101 \u0161\u0137idruma sav\u0101k\u0161anai un t\u012bru dr\u0101nu vai lupatu.<\/li>\n<li><strong>Novietojiet cilindru<\/strong>P\u0101rliecinieties, vai hidrauliskais cilindrs ir dro\u0161s un stabils. Ja nepiecie\u0161ams, izmantojiet skavas vai stiprin\u0101jumus, lai to nostiprin\u0101tu un nov\u0113rstu nejau\u0161u kust\u012bbu atgaiso\u0161anas laik\u0101.<\/li>\n<li><strong>Atrodiet augst\u0101ko punktu<\/strong>: Nosakiet hidraulisk\u0101 cilindra augst\u0101ko punktu. \u0160is ir punkts, kur m\u0113dz uzkr\u0101ties gaiss. Tas parasti atrodas cilindra gala vai virzu\u013ca stie\u0146a aug\u0161da\u013cas tuvum\u0101.<\/li>\n<li><strong>Atskr\u016bv\u0113jiet stiprin\u0101jumus<\/strong>Izmantojot uzgrie\u017e\u0146u atsl\u0113gu vai uzga\u013cu komplektu, uzman\u012bgi atskr\u016bv\u0113jiet stiprin\u0101jumu vai savienojumu cilindra augst\u0101kaj\u0101 punkt\u0101. P\u0101rliecinieties, ka stiprin\u0101jums ir atskr\u016bv\u0113ts tikai tik daudz, lai var\u0113tu izpl\u016bst gaiss un nerastos hidraulisk\u0101 \u0161\u0137idruma nopl\u016bde.<\/li>\n<li><strong>L\u0113n\u0101m pagariniet cilindru<\/strong>L\u0113n\u0101m izstiepiet cilindru, aktiviz\u0113jot hidraulisko sist\u0113mu. \u0160\u012b darb\u012bba pal\u012bdz virz\u012bt gaisa burbu\u013cus uz atv\u0113rto savienojumu un \u013cauj tiem izpl\u016bst.<\/li>\n<li><strong>Uzraudz\u012bt \u0161\u0137idruma pl\u016bsmu<\/strong>Piev\u0113rsiet \u012bpa\u0161u uzman\u012bbu hidraulisk\u0101 \u0161\u0137idruma pl\u016bsmai, cilindram izstiepjoties. Mekl\u0113jiet \u0161\u0137idrum\u0101 gaisa burbu\u013cus vai putas. \u013baujiet \u0161\u0137idrumam pl\u016bst, l\u012bdz nov\u0113rojat vienm\u0113r\u012bgu un vienm\u0113r\u012bgu pl\u016bsmu bez gaisa burbu\u013ciem.<\/li>\n<li><strong>Pievelciet stiprin\u0101jumu<\/strong>Kad esat p\u0101rliecin\u0101ts, ka no cilindra ir izvad\u012bts viss gaiss, uzman\u012bgi pievelciet savienojumu vai stiprin\u0101jumu augst\u0101kaj\u0101 punkt\u0101. P\u0101rliecinieties, vai tas ir pien\u0101c\u012bgi nostiprin\u0101ts, lai nov\u0113rstu hidraulisk\u0101 \u0161\u0137idruma nopl\u016bdi.<\/li>\n<li><strong>Atk\u0101rtojiet procesu<\/strong>Ja hidrauliskaj\u0101 sist\u0113m\u0101 ir vair\u0101ki cilindri vai citi augsti punkti, kur var\u0113tu b\u016bt sakr\u0101jies gaiss, atk\u0101rtojiet 4. l\u012bdz 7. darb\u012bbu katram cilindram vai augst\u0101kajam punktam.<\/li>\n<li><strong>P\u0101rbaudiet pareizu darb\u012bbu<\/strong>P\u0113c cilindra atgaiso\u0161anas p\u0101rbaudiet t\u0101 darb\u012bbu, lai p\u0101rliecin\u0101tos, ka tas darbojas pareizi. Aktiviz\u0113jiet hidraulisko sist\u0113mu un nov\u0113rojiet cilindra kust\u012bbu, vai nav radu\u0161\u0101s neatbilst\u012bbas vai ar gaisu saist\u012btas probl\u0113mas. Ja probl\u0113mas joproj\u0101m past\u0101v, apsveriet iesp\u0113ju sazin\u0101ties ar hidraulisk\u0101s sist\u0113mas speci\u0101listu, lai sa\u0146emtu papildu pal\u012bdz\u012bbu.<\/li>\n<\/ol>\n<h2><strong>R\u016bpn\u012bcas iesp\u0113jas un jauda:<\/strong><\/h2>\n<h3>(1) Mont\u0101\u017ea<\/h3>\n<p>Mums ir pirmklas\u012bga neatkar\u012bga p\u0113tniec\u012bbas un att\u012bst\u012bbas mont\u0101\u017eas platforma. Hidraulisko cilindru ra\u017eo\u0161anas darbn\u012bc\u0101 ir \u010detras pusautom\u0101tiskas pacel\u0161anas cilindru mont\u0101\u017eas l\u012bnijas un viena autom\u0101tisk\u0101 sl\u012bpuma cilindru mont\u0101\u017eas l\u012bnija ar projekt\u0113to gada ra\u017eo\u0161anas jaudu 1 miljons vien\u012bbu. Speci\u0101lo cilindru darbn\u012bca ir apr\u012bkota ar da\u017e\u0101du specifik\u0101ciju pusautom\u0101tisku t\u012br\u012b\u0161anas mont\u0101\u017eas sist\u0113mu ar projekt\u0113to gada ra\u017eo\u0161anas jaudu 200 000 vien\u012bbu un apr\u012bkota ar slaven\u0101m CNC apstr\u0101des iek\u0101rt\u0101m, apstr\u0101des centru, augstas precizit\u0101tes cilindru apstr\u0101des speci\u0101lo apr\u012bkojumu, robotiz\u0113tu metin\u0101\u0161anas iek\u0101rtu, autom\u0101tisku t\u012br\u012b\u0161anas iek\u0101rtu, autom\u0101tisku cilindru mont\u0101\u017eas iek\u0101rtu un autom\u0101tisku kr\u0101so\u0161anas ra\u017eo\u0161anas l\u012bniju. Eso\u0161ais kritiskais apr\u012bkojums ir vair\u0101k nek\u0101 300 komplektu (komplektu). Optim\u0101la iek\u0101rtu resursu sadale un efekt\u012bva izmanto\u0161ana nodro\u0161ina produktu precizit\u0101tes pras\u012bbas un apmierina produktu augst\u0101s kvalit\u0101tes pras\u012bbas.<\/p>\n<p><img loading=\"lazy\" decoding=\"async\" class=\"alignnone wp-image-626\" src=\"https:\/\/hydraulic-cylinders.net\/wp-content\/uploads\/2023\/08\/hydraulic-cylinder-product-1-300x158.webp\" alt=\"\" width=\"495\" height=\"260\" srcset=\"https:\/\/hydraulic-cylinders.net\/wp-content\/uploads\/2023\/08\/hydraulic-cylinder-product-1-300x158.webp 495w, https:\/\/hydraulic-cylinders.net\/wp-content\/uploads\/2023\/08\/hydraulic-cylinder-product-1-480x252.webp 480w\" sizes=\"(min-width: 0px) and (max-width: 480px) 480px, (min-width: 481px) 495px, 100vw\" \/> <img loading=\"lazy\" decoding=\"async\" class=\"alignnone wp-image-627\" src=\"https:\/\/hydraulic-cylinders.net\/wp-content\/uploads\/2023\/08\/hydraulic-cylinder-product-2-300x189.webp\" alt=\"\" width=\"413\" height=\"260\" \/><\/p>\n<h3>(2) Apstr\u0101de<\/h3>\n<p>Apstr\u0101des cehs ir apr\u012bkots ar piel\u0101gotu sl\u012bpo slie\u017eu virpo\u0161anas centru, apstr\u0101des centru, \u0101trgaitas asin\u0101\u0161anas ma\u0161\u012bnu, metin\u0101\u0161anas robotu un citu saist\u012btu apr\u012bkojumu, kas var apstr\u0101d\u0101t cilindriskas caurules ar maksim\u0101lo iek\u0161\u0113jo diametru 400 mm un maksim\u0101lo garumu 6 metri.<\/p>\n<p><img loading=\"lazy\" decoding=\"async\" class=\"alignnone wp-image-628 size-large\" src=\"https:\/\/hydraulic-cylinders.net\/wp-content\/uploads\/2023\/08\/hydraulic-cylinder-product-3-1024x391.webp\" alt=\"\" width=\"1024\" height=\"391\" srcset=\"https:\/\/hydraulic-cylinders.net\/wp-content\/uploads\/2023\/08\/hydraulic-cylinder-product-3-980x374.webp 980w, https:\/\/hydraulic-cylinders.net\/wp-content\/uploads\/2023\/08\/hydraulic-cylinder-product-3-480x183.webp 480w\" sizes=\"(min-width: 0px) and (max-width: 480px) 480px, (min-width: 481px) and (max-width: 980px) 980px, (min-width: 981px) 1024px, 100vw\" \/><\/p>\n<h3>(3) Metin\u0101\u0161ana<\/h3>\n<p><img loading=\"lazy\" decoding=\"async\" class=\"alignnone wp-image-629 size-large\" src=\"https:\/\/hydraulic-cylinders.net\/wp-content\/uploads\/2023\/08\/hydraulic-cylinder-product-4-1024x510.webp\" alt=\"\" width=\"1024\" height=\"510\" srcset=\"https:\/\/hydraulic-cylinders.net\/wp-content\/uploads\/2023\/08\/hydraulic-cylinder-product-4-980x488.webp 980w, https:\/\/hydraulic-cylinders.net\/wp-content\/uploads\/2023\/08\/hydraulic-cylinder-product-4-480x239.webp 480w\" sizes=\"(min-width: 0px) and (max-width: 480px) 480px, (min-width: 481px) and (max-width: 980px) 980px, (min-width: 981px) 1024px, 100vw\" \/><\/p>\n<h3>(4) Kr\u0101so\u0161ana un p\u0101rkl\u0101\u0161ana<\/h3>\n<p>Ar maz\u0101m un vid\u0113ja izm\u0113ra cilindrisk\u0101m autom\u0101tisk\u0101m \u016bdens b\u0101zes kr\u0101su p\u0101rkl\u0101\u0161anas l\u012bnij\u0101m, lai pan\u0101ktu autom\u0101tisku robotu iekrau\u0161anu un izkrau\u0161anu un autom\u0101tisku izsmidzin\u0101\u0161anu, projekt\u0113t\u0101 jauda ir 4000 gabali mai\u0146\u0101;<br \/>\nMums ir ar\u012b pusautom\u0101tiska kr\u0101su ra\u017eo\u0161anas l\u012bnija lieliem baloniem, ko darbina \u0137\u0113des piedzi\u0146a, ar 60 kastu konstrukcijas jaudu vien\u0101 mai\u0146\u0101.<\/p>\n<p><img loading=\"lazy\" decoding=\"async\" class=\"alignnone wp-image-630\" src=\"https:\/\/hydraulic-cylinders.net\/wp-content\/uploads\/2023\/08\/hydraulic-cylinder-product-5-300x213.webp\" alt=\"\" width=\"366\" height=\"260\" \/> <img loading=\"lazy\" decoding=\"async\" class=\"alignnone wp-image-631\" src=\"https:\/\/hydraulic-cylinders.net\/wp-content\/uploads\/2023\/08\/hydraulic-cylinder-product-6-300x225.webp\" alt=\"\" width=\"347\" height=\"260\" \/><\/p>\n<h3>(5) Test\u0113\u0161ana<\/h3>\n<p>Mums ir augst\u0101k\u0101s klases p\u0101rbaudes iek\u0101rtas un test\u0113\u0161anas stendi, lai nodro\u0161in\u0101tu, ka balona veiktsp\u0113ja atbilst pras\u012bb\u0101m.<\/p>\n<p><img loading=\"lazy\" decoding=\"async\" class=\"alignnone wp-image-632\" src=\"https:\/\/hydraulic-cylinders.net\/wp-content\/uploads\/2023\/08\/hydraulic-cylinder-product-8-300x200.webp\" alt=\"\" width=\"389\" height=\"260\" \/><\/p>\n<p>&nbsp;<\/p>\n<p>&nbsp;<\/p>\n<p>M\u0113s esam viens no lab\u0101kajiem vieglo stie\u0146u hidraulisko cilindru ra\u017eot\u0101jiem. M\u0113s varam pied\u0101v\u0101t pla\u0161u vieglo stie\u0146u hidraulisko cilindru kr\u0101jumu. M\u0113s pied\u0101v\u0101jam ar\u012b atbilsto\u0161us <a href=\"https:\/\/hzpt.com\/agricultural-pto-gearbox\/\" target=\"_blank\" rel=\"noopener\">lauksaimniec\u012bbas p\u0101rnesumk\u0101rbas<\/a>M\u0113s esam eksport\u0113ju\u0161i savus produktus klientiem vis\u0101 pasaul\u0113 un ieguvu\u0161i labu reput\u0101ciju, pateicoties m\u016bsu augst\u0101kajai produktu kvalit\u0101tei un p\u0113cp\u0101rdo\u0161anas apkalpo\u0161anai. M\u0113s sirsn\u012bgi sveicam klientus gan m\u0101j\u0101s, gan \u0101rzem\u0113s sazin\u0101ties ar mums, lai veiktu dar\u012bjumus, apmain\u012btos ar inform\u0101ciju un\u00a0<a href=\"https:\/\/www.hydraulic-cylinders.net\/lv\/contact-us\/\">sadarboties ar mums<\/a>!<\/p>\n<p>&nbsp;<\/p>\n<h2><\/h2>","protected":false},"excerpt":{"rendered":"<p>CA Monoaural Type Y Connector Light Rod Hydraulic Cylinder The CA monoaural type light rod hydraulic cylinder is a specific type with a monoaural design and a light rod construction. Here&#8217;s some information about this type of cylinder: Monophonic Design: The monophonic design means the hydraulic cylinder protrudes a single rod from one end. This [&hellip;]<\/p>","protected":false},"featured_media":883,"comment_status":"open","ping_status":"closed","template":"","meta":{"_et_pb_use_builder":"","_et_pb_old_content":"","_et_gb_content_width":""},"product_brand":[],"product_cat":[1550,1525,1509,1376,1387],"product_tag":[1380],"class_list":{"0":"post-831","1":"product","2":"type-product","3":"status-publish","4":"has-post-thumbnail","6":"product_cat-double-acting-hydraulic-cylinder","7":"product_cat-machine-tool-hydraulic-cylinders","8":"product_cat-tie-rod-hydraulic-cylinder","9":"product_cat-hydraulic-cylinder","10":"product_cat-light-rod-hydraulic-cylinder","11":"product_tag-hydraulic-cylinder","13":"first","14":"instock","15":"shipping-taxable","16":"product-type-simple"},"amp_enabled":true,"_links":{"self":[{"href":"https:\/\/www.hydraulic-cylinders.net\/lv\/wp-json\/wp\/v2\/product\/831","targetHints":{"allow":["GET"]}}],"collection":[{"href":"https:\/\/www.hydraulic-cylinders.net\/lv\/wp-json\/wp\/v2\/product"}],"about":[{"href":"https:\/\/www.hydraulic-cylinders.net\/lv\/wp-json\/wp\/v2\/types\/product"}],"replies":[{"embeddable":true,"href":"https:\/\/www.hydraulic-cylinders.net\/lv\/wp-json\/wp\/v2\/comments?post=831"}],"wp:featuredmedia":[{"embeddable":true,"href":"https:\/\/www.hydraulic-cylinders.net\/lv\/wp-json\/wp\/v2\/media\/883"}],"wp:attachment":[{"href":"https:\/\/www.hydraulic-cylinders.net\/lv\/wp-json\/wp\/v2\/media?parent=831"}],"wp:term":[{"taxonomy":"product_brand","embeddable":true,"href":"https:\/\/www.hydraulic-cylinders.net\/lv\/wp-json\/wp\/v2\/product_brand?post=831"},{"taxonomy":"product_cat","embeddable":true,"href":"https:\/\/www.hydraulic-cylinders.net\/lv\/wp-json\/wp\/v2\/product_cat?post=831"},{"taxonomy":"product_tag","embeddable":true,"href":"https:\/\/www.hydraulic-cylinders.net\/lv\/wp-json\/wp\/v2\/product_tag?post=831"}],"curies":[{"name":"wp","href":"https:\/\/api.w.org\/{rel}","templated":true}]}}