{"id":852,"date":"2023-08-30T08:12:24","date_gmt":"2023-08-30T08:12:24","guid":{"rendered":"https:\/\/hydraulic-cylinders.net\/?post_type=product&#038;p=852"},"modified":"2025-04-16T02:22:28","modified_gmt":"2025-04-16T02:22:28","slug":"standard-with-adjustable-cap-type-light-rod-hydraulic-cylinder","status":"publish","type":"product","link":"https:\/\/www.hydraulic-cylinders.net\/lv\/products\/standard-with-adjustable-cap-type-light-rod-hydraulic-cylinder\/","title":{"rendered":"Standarta ar regul\u0113jamu v\u0101ci\u0146u tipa viegl\u0101 stie\u0146a hidrauliskais cilindrs"},"content":{"rendered":"<h1 style=\"text-align: center;\"><strong>Standarta ar regul\u0113jamu v\u0101ci\u0146u tipa viegl\u0101 stie\u0146a hidrauliskais cilindrs<\/strong><\/h1>\n<p><img loading=\"lazy\" decoding=\"async\" class=\"aligncenter wp-image-318417 size-full\" src=\"https:\/\/hzpt.com\/wp-content\/uploads\/2023\/08\/standard-with-adjustable-cap-type-light-pull-rod-hydraulic-cylinder-2.webp\" alt=\"\" width=\"304\" height=\"162\" \/><\/p>\n<p>Standarta hidrauliskais cilindrs ar regul\u0113jamu v\u0101ci\u0146u un vieglo vilk\u0161anas stie\u0146u ir moderns hidrauliskais cilindrs, kas paredz\u0113ts da\u017e\u0101du r\u016bpniecisku pielietojumu pras\u012bb\u0101m. Ar regul\u0113jamu v\u0101ci\u0146u un vieglo vilk\u0161anas stie\u0146u konstrukciju \u0161is cilindrs pied\u0101v\u0101 izcilu veiktsp\u0113ju, iztur\u012bbu un lieto\u0161anas \u0113rtumu. Neatkar\u012bgi no t\u0101, vai to izmanto ra\u017eo\u0161anas iek\u0101rt\u0101s, celtniec\u012bbas ma\u0161\u012bn\u0101s vai materi\u0101lu apstr\u0101des sist\u0113m\u0101s, standarta hidrauliskie cilindri ar regul\u0113jamu v\u0101ci\u0146u un vieglo vilk\u0161anas stie\u0146u nodro\u0161ina uzticamu un efekt\u012bvu darb\u012bbu, padarot tos v\u0113rt\u012bgus produktivit\u0101tes optimiz\u0113\u0161anai.<\/p>\n<p>Gaismas stie\u0146a hidraulisk\u0101 cilindra b\u016btisk\u0101s \u012bpa\u0161\u012bbas:<\/p>\n<p><strong>Regul\u0113jams v\u0101ci\u0146a dizains<\/strong>Cilindram ir regul\u0113jams v\u0101ci\u0146\u0161, kas \u013cauj to viegli piel\u0101got un piel\u0101got. Regul\u0113jamais v\u0101ci\u0146\u0161 nodro\u0161ina iesp\u0113ju prec\u012bzi noregul\u0113t g\u0101jiena garumu, padarot to piem\u0113rotu da\u017e\u0101diem lietojumiem ar at\u0161\u0137ir\u012bg\u0101m g\u0101jiena pras\u012bb\u0101m.<\/p>\n<p><strong>Vieglas vilk\u0161anas stie\u0146a konstrukcija<\/strong>Vieglo stie\u0146u konstrukcija ir izgatavota no viegliem materi\u0101liem, piem\u0113ram, alum\u012bnija vai kompoz\u012btmateri\u0101lu virzu\u013ca stie\u0146iem. \u0160\u012b strukt\u016bra samazina cilindra kop\u0113jo svaru, k\u0101 rezult\u0101t\u0101 tiek pan\u0101kta \u0101tr\u0101ka kust\u012bba, uzlabota energoefektivit\u0101te un zem\u0101kas ekspluat\u0101cijas izmaksas.<\/p>\n<p><strong>Augsta precizit\u0101te un stabilit\u0101te<\/strong>Standarta regul\u0113jam\u0101 v\u0101ci\u0146a tipa viegl\u0101 stie\u0146a hidrauliskais cilindrs ir paredz\u0113ts augstas precizit\u0101tes un stabilas line\u0101ras kust\u012bbas nodro\u0161in\u0101\u0161anai. Tas nodro\u0161ina prec\u012bzu pozicion\u0113\u0161anu, vienm\u0113r\u012bgu kust\u012bbu un izcilu atk\u0101rtojam\u012bbu, padarot to ide\u0101li piem\u0113rotu lietojumiem, kuriem nepiecie\u0161ama prec\u012bza vad\u012bba un uzticam\u012bba.<\/p>\n<h2><strong>Standarta ar regul\u0113jamu v\u0101ci\u0146a tipa viegl\u0101 stie\u0146a hidraulisk\u0101 cilindra parametru:<\/strong><\/h2>\n<p><img loading=\"lazy\" decoding=\"async\" class=\"alignnone size-full wp-image-318752\" src=\"https:\/\/hzpt.com\/wp-content\/uploads\/2023\/08\/standard-with-adjustable-cap-type-light-pull-rod-hydraulic-cylinder-3.webp\" alt=\"\" width=\"790\" height=\"320\" \/><\/p>\n<h2><strong>Standarta ar regul\u0113jamu v\u0101ci\u0146u tipa viegl\u0101 stie\u0146a hidrauliskais cilindrs <\/strong><strong>Lieto\u0161anas metode<\/strong><strong>:<\/strong><\/h2>\n<p><strong>Uzst\u0101d\u012b\u0161ana un piesl\u0113g\u0161ana:<\/strong> Dro\u0161i uzst\u0101diet cilindru viet\u0101, izmantojot nor\u0101d\u012btos mont\u0101\u017eas kron\u0161teinus vai stiprin\u0101jumus. Nodro\u0161iniet stabilu uzst\u0101d\u012b\u0161anu un pareizu izl\u012bdzin\u0101\u0161anu. Lai pievienotu hidraulisk\u0101s l\u012bnijas cilindra piesl\u0113gviet\u0101m, iev\u0113rojiet ra\u017eot\u0101ja nor\u0101d\u012bjumus un vadl\u012bnijas.<\/p>\n<p><strong>V\u0101ci\u0146a regul\u0113\u0161ana:<\/strong> Regul\u0113jam\u0101 v\u0101ci\u0146a funkcija iestata v\u0113lamo g\u0101jiena garumu. Izmantojiet komplekt\u0101 iek\u013cauto instrumentu vai uzgrie\u017e\u0146u atsl\u0113gu, lai atbr\u012bvotu v\u0101ci\u0146u, noregul\u0113jiet v\u0101ci\u0146u atbilsto\u0161i izv\u0113l\u0113tajam g\u0101jienam un p\u0113c tam pievelciet to.<\/p>\n<p><strong>Hidraulisk\u0101s sist\u0113mas integr\u0101cija:<\/strong> Cilindrs tiek integr\u0113ts hidrauliskaj\u0101 sist\u0113m\u0101, pievienojot to piem\u0113rotam hidrauliskajam s\u016bknim vai baro\u0161anas blokam. P\u0101rliecinieties, vai ir iev\u0113rotas cilindra specifik\u0101cijas un ekspluat\u0101cijas pras\u012bbas.<\/p>\n<p><strong>Vad\u012bba un darb\u012bba:<\/strong> Izmantojiet vad\u012bbas v\u0101rstu, lai regul\u0113tu hidraulisk\u0101s e\u013c\u013cas pl\u016bsmu cilindr\u0101 un no t\u0101. Piel\u0101gojiet vad\u012bbas iestat\u012bjumus, lai sasniegtu v\u0113lamo line\u0101ro kust\u012bbu un sp\u0113ka izvadi. P\u0101rbaudiet cilindra kust\u012bbu, lai p\u0101rliecin\u0101tos par t\u0101 darb\u012bbu un reakciju.<\/p>\n<h2><strong>Standarta ar regul\u0113jamu v\u0101ci\u0146u tipa viegl\u0101 stie\u0146a hidrauliskais cilindrs <\/strong><strong>Apkope<\/strong><strong>:<\/strong><\/h2>\n<p>Regul\u0101ra apkope ir b\u016btiska, lai nodro\u0161in\u0101tu optim\u0101lu veiktsp\u0113ju un pagarin\u0101tu standarta ar regul\u0113jamu v\u0101ci\u0146u tipa viegl\u0101 stie\u0146a hidraulisk\u0101 cilindra kalpo\u0161anas laiku. \u0160eit ir sniegtas da\u017eas apkopes vadl\u012bnijas:<\/p>\n<ol>\n<li><strong>Regul\u0101ra p\u0101rbaude<\/strong>Veiciet periodiskas p\u0101rbaudes, lai noteiktu nodiluma, boj\u0101jumu vai nopl\u016b\u017eu paz\u012bmes. P\u0101rbaudiet cilindra korpusu, stieni, bl\u012bves un citas sast\u0101vda\u013cas, vai nav novir\u017eu. Nekav\u0113joties nov\u0113rsiet visas probl\u0113mas, lai nov\u0113rstu turpm\u0101kus savainojumus vai darb\u012bbas neefektivit\u0101ti.<\/li>\n<li><strong>E\u013c\u013co\u0161ana<\/strong>Uz cilindra kust\u012bgaj\u0101m da\u013c\u0101m, tostarp stienim un bl\u012bv\u0113m, uzkl\u0101jiet ieteicamo sm\u0113rvielu. Regul\u0101ra e\u013c\u013co\u0161ana samazina berzi, samazina nodilumu un nodro\u0161ina vienm\u0113r\u012bgu darb\u012bbu. Iev\u0113rojiet ra\u017eot\u0101ja nor\u0101d\u012bjumus par atbilsto\u0161iem e\u013c\u013co\u0161anas interv\u0101liem un sm\u0113rvielas veidu.<\/li>\n<li><strong>Bl\u012bv\u0113juma nomai\u0146a<\/strong>Ja paman\u0101t bl\u012bv\u0113juma boj\u0101jumus vai nopl\u016bdi, nomainiet bl\u012bves, izmantojot ori\u0123in\u0101l\u0101s ra\u017eot\u0101ja apstiprin\u0101t\u0101s deta\u013cas. Nepareizas vai nolietotas bl\u012bves var pasliktin\u0101t cilindra darb\u012bbu un izrais\u012bt hidraulisk\u0101 \u0161\u0137idruma nopl\u016bdes.<\/li>\n<li><strong>T\u012br\u012b\u0161ana<\/strong>Not\u012briet cilindru, no\u0146emot net\u012brumus, gru\u017eus un citus pies\u0101r\u0146ot\u0101jus. Izmantojiet neabraz\u012bvu t\u012br\u012b\u0161anas l\u012bdzekli un p\u0101rliecinieties, ka visas deta\u013cas ir r\u016bp\u012bgi iz\u017e\u0101v\u0113tas pirms atk\u0101rtotas salik\u0161anas. T\u012brs cilindrs veicina optim\u0101lu darb\u012bbu un nov\u0113r\u0161 priek\u0161laic\u012bgu nodilumu vai boj\u0101jumus.<\/li>\n<\/ol>\n<h2><strong>K\u0101 nomain\u012bt hidraulisko cilindru bl\u012bves?<\/strong><\/h2>\n<p>Hidraulisk\u0101 cilindra bl\u012bv\u0113jumu nomai\u0146a ir uzdevums, kam nepiecie\u0161ama precizit\u0101te un uzman\u012bba deta\u013c\u0101m. \u0160eit ir soli pa solim sniegta instrukcija par hidraulisk\u0101 cilindra bl\u012bv\u0113jumu nomai\u0146u:<\/p>\n<ol>\n<li><strong>Dro\u0161\u012bba pirmaj\u0101 viet\u0101:<\/strong> Pirms jebk\u0101du hidraulisko cilindru apkopes darbu uzs\u0101k\u0161anas p\u0101rliecinieties, vai sist\u0113m\u0101 nav spiediena un apr\u012bkojums ir dro\u0161i nostiprin\u0101ts, lai nov\u0113rstu nejau\u0161u kust\u012bbu.<\/li>\n<li><strong>Identific\u0113jiet probl\u0113mu:<\/strong> Nosakiet, kuri bl\u012bvsl\u0113gi \u200b\u200bir j\u0101nomaina. Bie\u017e\u0101k\u0101s bl\u012bv\u0113jumu atteices paz\u012bmes ir nopl\u016bde, samazin\u0101ta veiktsp\u0113ja vai redzami bl\u012bv\u0113jumu boj\u0101jumi.<\/li>\n<li><strong>Sav\u0101ciet nepiecie\u0161amos r\u012bkus:<\/strong> Sagatavojiet instrumentus, kas b\u016bs nepiecie\u0161ami bl\u012bv\u0113juma nomai\u0146ai, tostarp bl\u012bv\u0113juma komplektu, kur\u0101 ir jaunie bl\u012bv\u0113jumi, fiks\u0101cijas gredzeni, O veida gredzeni, bl\u012bv\u0113juma izvilk\u0161anas r\u012bks vai mazs skr\u016bvgriezis, bl\u012bv\u0113juma uzst\u0101d\u012b\u0161anas instruments vai uzmava un t\u012bra dr\u0101na vai lupata.<\/li>\n<li><strong>Demont\u0101\u017ea:<\/strong> Uzman\u012bgi izjauciet hidraulisko cilindru. Vispirms no\u0146emiet visas \u0101r\u0113j\u0101s sast\u0101vda\u013cas, piem\u0113ram, stiprin\u0101juma kron\u0161teinus vai p\u0101rsegus. P\u0113c tam no\u0146emiet cilindra galvu vai v\u0101ci\u0146u, lai piek\u013c\u016btu bl\u012bv\u0113m. Izjaucot sast\u0101vda\u013cas, l\u016bdzu, iev\u0113rojiet to sec\u012bbu un orient\u0101ciju.<\/li>\n<li><strong>No\u0146emiet vec\u0101s plombas:<\/strong> Uzman\u012bgi iz\u0146emiet vec\u0101s bl\u012bves no to riev\u0101m, izmantojot bl\u012bvju t\u012br\u012bt\u0101ju vai nelielu skr\u016bvgriezi. Esiet uzman\u012bgi, lai nesaskr\u0101p\u0113tu un nesaboj\u0101tu cilindra sienas vai citas sast\u0101vda\u013cas.<\/li>\n<li><strong>T\u012br\u012bt un p\u0101rbaud\u012bt:<\/strong> R\u016bp\u012bgi not\u012briet cilindra urbumu un visas deta\u013cas, lai no\u0146emtu net\u012brumus, gru\u017eus vai vecu bl\u012bv\u0113jumu paliekas. P\u0101rbaudiet cilindra urbumu un citas deta\u013cas, vai nav boj\u0101jumu vai nodiluma paz\u012bmju. Ja tiek konstat\u0113ti k\u0101di boj\u0101jumi, var b\u016bt nepiecie\u0161ams konsult\u0113ties ar hidraulikas speci\u0101listu, lai veiktu turpm\u0101ku nov\u0113rt\u0113jumu.<\/li>\n<li><strong>Jaunu bl\u012bv\u0113jumu uzst\u0101d\u012b\u0161ana:<\/strong> Iee\u013c\u013cojiet jaunos bl\u012bves ar hidraulisko e\u013c\u013cu vai sader\u012bgu bl\u012bv\u0113jumu sm\u0113rvielu, lai atvieglotu uzst\u0101d\u012b\u0161anu. Uzman\u012bgi ievietojiet jaunos bl\u012bves to riev\u0101s, nodro\u0161inot pareizu orient\u0101ciju un izl\u012bdzin\u0101\u0161anu. Izmantojiet bl\u012bvju uzst\u0101d\u012b\u0161anas instrumentu vai uzmavu, lai iespiestu bl\u012bves viet\u0101. Uzst\u0101d\u012b\u0161anas laik\u0101 esiet uzman\u012bgi, lai nesaboj\u0101tu bl\u012bves.<\/li>\n<li><strong>Salik\u0161ana:<\/strong> Kad jaun\u0101s bl\u012bves ir uzst\u0101d\u012btas, salieciet hidraulisko cilindru atpaka\u013c izjauk\u0161anas apgriezt\u0101 sec\u012bb\u0101. Piev\u0113rsiet uzman\u012bbu fiks\u0101cijas gredzenu, O veida gredzenu un citu sast\u0101vda\u013cu pareizai novieto\u0161anai. P\u0101rliecinieties, vai visi savienojumi ir pareizi pievilkti saska\u0146\u0101 ar ra\u017eot\u0101ja specifik\u0101cij\u0101m.<\/li>\n<li><strong>P\u0101rbaudiet un p\u0101rbaudiet, vai nav nopl\u016b\u017eu:<\/strong> P\u0113c salik\u0161anas r\u016bp\u012bgi p\u0101rbaudiet cilindru, lai p\u0101rliecin\u0101tos par pareizu uzst\u0101d\u012b\u0161anu. L\u0113n\u0101m piepildiet hidraulisko sist\u0113mu ar spiedienu un p\u0101rbaudiet, vai nav nopl\u016b\u017eu paz\u012bmju. Ja tiek konstat\u0113tas nopl\u016bdes, nekav\u0113joties nov\u0113rsiet probl\u0113mu.<\/li>\n<li><strong>Sist\u0113mas asi\u0146o\u0161ana:<\/strong> Ja nepiecie\u0161ams, atgaisojiet hidraulisko sist\u0113mu, lai izvad\u012btu gaisu, kas var\u0113tu b\u016bt iek\u013cuvis bl\u012bv\u0113juma nomai\u0146as proces\u0101. Iev\u0113rojiet ra\u017eot\u0101ja ieteikumus vai konsult\u0113jieties ar hidraulikas speci\u0101listu, lai uzzin\u0101tu par pareiz\u0101m atgaiso\u0161anas proced\u016br\u0101m.<\/li>\n<\/ol>\n<h2><strong>R\u016bpn\u012bcas iesp\u0113jas un jauda:<\/strong><\/h2>\n<h3>(1) Mont\u0101\u017ea<\/h3>\n<p>Mums ir pirmklas\u012bga neatkar\u012bga p\u0113tniec\u012bbas un att\u012bst\u012bbas mont\u0101\u017eas platforma. Hidraulisko cilindru ra\u017eo\u0161anas darbn\u012bc\u0101 ir \u010detras pusautom\u0101tiskas pacel\u0161anas cilindru mont\u0101\u017eas l\u012bnijas un viena autom\u0101tisk\u0101 sl\u012bpuma cilindru mont\u0101\u017eas l\u012bnija ar projekt\u0113to gada ra\u017eo\u0161anas jaudu 1 miljons vien\u012bbu. Speci\u0101lo cilindru darbn\u012bca ir apr\u012bkota ar da\u017e\u0101du specifik\u0101ciju pusautom\u0101tisku t\u012br\u012b\u0161anas mont\u0101\u017eas sist\u0113mu ar projekt\u0113to gada ra\u017eo\u0161anas jaudu 200 000 vien\u012bbu un apr\u012bkota ar slaven\u0101m CNC apstr\u0101des iek\u0101rt\u0101m, apstr\u0101des centru, augstas precizit\u0101tes cilindru apstr\u0101des speci\u0101lo apr\u012bkojumu, robotiz\u0113tu metin\u0101\u0161anas iek\u0101rtu, autom\u0101tisku t\u012br\u012b\u0161anas iek\u0101rtu, autom\u0101tisku cilindru mont\u0101\u017eas iek\u0101rtu un autom\u0101tisku kr\u0101so\u0161anas ra\u017eo\u0161anas l\u012bniju. Eso\u0161ais kritiskais apr\u012bkojums ir vair\u0101k nek\u0101 300 komplektu (komplektu). Optim\u0101la iek\u0101rtu resursu sadale un efekt\u012bva izmanto\u0161ana nodro\u0161ina produktu precizit\u0101tes pras\u012bbas un apmierina produktu augst\u0101s kvalit\u0101tes pras\u012bbas.<\/p>\n<p><img loading=\"lazy\" decoding=\"async\" class=\"alignnone wp-image-626\" src=\"https:\/\/hydraulic-cylinders.net\/wp-content\/uploads\/2023\/08\/hydraulic-cylinder-product-1-300x158.webp\" alt=\"\" width=\"495\" height=\"260\" srcset=\"https:\/\/hydraulic-cylinders.net\/wp-content\/uploads\/2023\/08\/hydraulic-cylinder-product-1-300x158.webp 495w, https:\/\/hydraulic-cylinders.net\/wp-content\/uploads\/2023\/08\/hydraulic-cylinder-product-1-480x252.webp 480w\" sizes=\"(min-width: 0px) and (max-width: 480px) 480px, (min-width: 481px) 495px, 100vw\" \/> <img loading=\"lazy\" decoding=\"async\" class=\"alignnone wp-image-627\" src=\"https:\/\/hydraulic-cylinders.net\/wp-content\/uploads\/2023\/08\/hydraulic-cylinder-product-2-300x189.webp\" alt=\"\" width=\"413\" height=\"260\" \/><\/p>\n<h3>(2) Apstr\u0101de<\/h3>\n<p>Apstr\u0101des cehs ir apr\u012bkots ar piel\u0101gotu sl\u012bpo slie\u017eu virpo\u0161anas centru, apstr\u0101des centru, \u0101trgaitas asin\u0101\u0161anas ma\u0161\u012bnu, metin\u0101\u0161anas robotu un citu saist\u012btu apr\u012bkojumu, kas var apstr\u0101d\u0101t cilindriskas caurules ar maksim\u0101lo iek\u0161\u0113jo diametru 400 mm un maksim\u0101lo garumu 6 metri.<\/p>\n<p><img loading=\"lazy\" decoding=\"async\" class=\"alignnone wp-image-628 size-large\" src=\"https:\/\/hydraulic-cylinders.net\/wp-content\/uploads\/2023\/08\/hydraulic-cylinder-product-3-1024x391.webp\" alt=\"\" width=\"1024\" height=\"391\" srcset=\"https:\/\/hydraulic-cylinders.net\/wp-content\/uploads\/2023\/08\/hydraulic-cylinder-product-3-980x374.webp 980w, https:\/\/hydraulic-cylinders.net\/wp-content\/uploads\/2023\/08\/hydraulic-cylinder-product-3-480x183.webp 480w\" sizes=\"(min-width: 0px) and (max-width: 480px) 480px, (min-width: 481px) and (max-width: 980px) 980px, (min-width: 981px) 1024px, 100vw\" \/><\/p>\n<h3>(3) Metin\u0101\u0161ana<\/h3>\n<p><img loading=\"lazy\" decoding=\"async\" class=\"alignnone wp-image-629 size-large\" src=\"https:\/\/hydraulic-cylinders.net\/wp-content\/uploads\/2023\/08\/hydraulic-cylinder-product-4-1024x510.webp\" alt=\"\" width=\"1024\" height=\"510\" srcset=\"https:\/\/hydraulic-cylinders.net\/wp-content\/uploads\/2023\/08\/hydraulic-cylinder-product-4-980x488.webp 980w, https:\/\/hydraulic-cylinders.net\/wp-content\/uploads\/2023\/08\/hydraulic-cylinder-product-4-480x239.webp 480w\" sizes=\"(min-width: 0px) and (max-width: 480px) 480px, (min-width: 481px) and (max-width: 980px) 980px, (min-width: 981px) 1024px, 100vw\" \/><\/p>\n<h3>(4) Kr\u0101so\u0161ana un p\u0101rkl\u0101\u0161ana<\/h3>\n<p>Ar maz\u0101m un vid\u0113ja izm\u0113ra cilindrisk\u0101m autom\u0101tisk\u0101m \u016bdens b\u0101zes kr\u0101su p\u0101rkl\u0101\u0161anas l\u012bnij\u0101m, lai pan\u0101ktu autom\u0101tisku robotu iekrau\u0161anu un izkrau\u0161anu un autom\u0101tisku izsmidzin\u0101\u0161anu, projekt\u0113t\u0101 jauda ir 4000 gabali mai\u0146\u0101;<br \/>\nMums ir ar\u012b pusautom\u0101tiska kr\u0101su ra\u017eo\u0161anas l\u012bnija lieliem baloniem, ko darbina \u0137\u0113des piedzi\u0146a, ar 60 kastu konstrukcijas jaudu vien\u0101 mai\u0146\u0101.<\/p>\n<p><img loading=\"lazy\" decoding=\"async\" class=\"alignnone wp-image-630\" src=\"https:\/\/hydraulic-cylinders.net\/wp-content\/uploads\/2023\/08\/hydraulic-cylinder-product-5-300x213.webp\" alt=\"\" width=\"366\" height=\"260\" \/> <img loading=\"lazy\" decoding=\"async\" class=\"alignnone wp-image-631\" src=\"https:\/\/hydraulic-cylinders.net\/wp-content\/uploads\/2023\/08\/hydraulic-cylinder-product-6-300x225.webp\" alt=\"\" width=\"347\" height=\"260\" \/><\/p>\n<h3>(5) Test\u0113\u0161ana<\/h3>\n<p>Mums ir augst\u0101k\u0101s klases p\u0101rbaudes iek\u0101rtas un test\u0113\u0161anas stendi, lai nodro\u0161in\u0101tu, ka balona veiktsp\u0113ja atbilst pras\u012bb\u0101m.<\/p>\n<p><img loading=\"lazy\" decoding=\"async\" class=\"alignnone wp-image-632\" src=\"https:\/\/hydraulic-cylinders.net\/wp-content\/uploads\/2023\/08\/hydraulic-cylinder-product-8-300x200.webp\" alt=\"\" width=\"389\" height=\"260\" \/><\/p>\n<p>&nbsp;<\/p>\n<p>&nbsp;<\/p>\n<p>M\u0113s esam viens no lab\u0101kajiem vieglo stie\u0146u hidraulisko cilindru ra\u017eot\u0101jiem. M\u0113s varam pied\u0101v\u0101t pla\u0161u vieglo stie\u0146u hidraulisko cilindru kr\u0101jumu. M\u0113s pied\u0101v\u0101jam ar\u012b atbilsto\u0161us <a href=\"https:\/\/hzpt.com\/agricultural-pto-gearbox\/\" target=\"_blank\" rel=\"noopener\">lauksaimniec\u012bbas p\u0101rnesumk\u0101rbas<\/a>. M\u0113s esam eksport\u0113ju\u0161i savus produktus klientiem vis\u0101 pasaul\u0113 un esam ieguvu\u0161i labu reput\u0101ciju, pateicoties m\u016bsu izcilajai produktu kvalit\u0101tei un p\u0113cp\u0101rdo\u0161anas servisam. M\u0113s aicin\u0101m klientus no valsts un \u0101rvalst\u012bm sazin\u0101ties ar mums, lai risin\u0101tu biznesa sarunas, apmain\u012btos ar inform\u0101ciju un... <a href=\"https:\/\/www.hydraulic-cylinders.net\/lv\/contact-us\/\">sadarboties ar mums<\/a>!<\/p>\n<h2><\/h2>","protected":false},"excerpt":{"rendered":"<p>Standard With Adjustable Cap Type Light Rod Hydraulic Cylinder The standard with adjustable cap type light rod hydraulic cylinder is a cutting-edge hydraulic cylinder designed to meet the demands of various industrial applications. With its adjustable cap and light pull rod construction, this cylinder offers superior performance, durability, and ease of use. Whether used in [&hellip;]<\/p>","protected":false},"featured_media":876,"comment_status":"open","ping_status":"closed","template":"","meta":{"_et_pb_use_builder":"","_et_pb_old_content":"","_et_gb_content_width":""},"product_brand":[],"product_cat":[1550,1525,1509,1376,1387],"product_tag":[1380],"class_list":{"0":"post-852","1":"product","2":"type-product","3":"status-publish","4":"has-post-thumbnail","6":"product_cat-double-acting-hydraulic-cylinder","7":"product_cat-machine-tool-hydraulic-cylinders","8":"product_cat-tie-rod-hydraulic-cylinder","9":"product_cat-hydraulic-cylinder","10":"product_cat-light-rod-hydraulic-cylinder","11":"product_tag-hydraulic-cylinder","13":"first","14":"instock","15":"shipping-taxable","16":"product-type-simple"},"amp_enabled":true,"_links":{"self":[{"href":"https:\/\/www.hydraulic-cylinders.net\/lv\/wp-json\/wp\/v2\/product\/852","targetHints":{"allow":["GET"]}}],"collection":[{"href":"https:\/\/www.hydraulic-cylinders.net\/lv\/wp-json\/wp\/v2\/product"}],"about":[{"href":"https:\/\/www.hydraulic-cylinders.net\/lv\/wp-json\/wp\/v2\/types\/product"}],"replies":[{"embeddable":true,"href":"https:\/\/www.hydraulic-cylinders.net\/lv\/wp-json\/wp\/v2\/comments?post=852"}],"wp:featuredmedia":[{"embeddable":true,"href":"https:\/\/www.hydraulic-cylinders.net\/lv\/wp-json\/wp\/v2\/media\/876"}],"wp:attachment":[{"href":"https:\/\/www.hydraulic-cylinders.net\/lv\/wp-json\/wp\/v2\/media?parent=852"}],"wp:term":[{"taxonomy":"product_brand","embeddable":true,"href":"https:\/\/www.hydraulic-cylinders.net\/lv\/wp-json\/wp\/v2\/product_brand?post=852"},{"taxonomy":"product_cat","embeddable":true,"href":"https:\/\/www.hydraulic-cylinders.net\/lv\/wp-json\/wp\/v2\/product_cat?post=852"},{"taxonomy":"product_tag","embeddable":true,"href":"https:\/\/www.hydraulic-cylinders.net\/lv\/wp-json\/wp\/v2\/product_tag?post=852"}],"curies":[{"name":"wp","href":"https:\/\/api.w.org\/{rel}","templated":true}]}}