{"id":892,"date":"2023-09-01T06:29:07","date_gmt":"2023-09-01T06:29:07","guid":{"rendered":"https:\/\/hydraulic-cylinders.net\/?post_type=product&#038;p=892"},"modified":"2023-09-19T01:32:35","modified_gmt":"2023-09-19T01:32:35","slug":"standard-heavy-rod-hydraulic-cylinder","status":"publish","type":"product","link":"https:\/\/www.hydraulic-cylinders.net\/lv\/products\/standard-heavy-rod-hydraulic-cylinder\/","title":{"rendered":"Standarta smagais stie\u0146a hidrauliskais cilindrs"},"content":{"rendered":"<h1 style=\"text-align: center;\"><strong>Standarta smagais stie\u0146a hidrauliskais cilindrs<\/strong><\/h1>\n<p>Standarta smag\u0101 stie\u0146a hidrauliskais cilindrs ir iztur\u012bgs un uzticams hidrauliskais elements, kas nodro\u0161ina izcilu jaudu un iztur\u012bbu da\u017e\u0101dos r\u016bpnieciskos pielietojumos. \u0160is hidrauliskais cilindrs ir prec\u012bzi izstr\u0101d\u0101ts, lai iztur\u0113tu skarbus apst\u0101k\u013cus, un tas ir uzticams risin\u0101jums lieljaudas uzdevumiem. S\u0101kot no celtniec\u012bbas tehnikas l\u012bdz materi\u0101lu apstr\u0101des ma\u0161\u012bn\u0101m, standarta smag\u0101 stie\u0146a hidrauliskie cilindri ir \u012bsts darba zirgs, kas nodro\u0161ina optim\u0101lu veiktsp\u0113ju un produktivit\u0101ti.<\/p>\n<p>Smago stie\u0146u hidraulisk\u0101 cilindra galven\u0101s \u012bpa\u0161\u012bbas:<\/p>\n<p><strong>1. Iztur\u012bga konstrukcija<\/strong>Standarta smago stie\u0146u hidrauliskajiem cilindriem ir iztur\u012bga konstrukcija un augstas kvalit\u0101tes materi\u0101li, piem\u0113ram, t\u0113rauds vai sakaus\u0113jumi, lai iztur\u0113tu lielas slodzes un skarbu darba vidi. To iztur\u012bg\u0101 konstrukcija nodro\u0161ina ilgsto\u0161u iztur\u012bbu un nodilumiztur\u012bbu.<\/p>\n<p><strong>2. Jaud\u012bga veiktsp\u0113ja<\/strong>\u0160is smag\u0101 stie\u0146a hidrauliskais cilindrs pied\u0101v\u0101 iespaid\u012bgu sp\u0113ku un jaudu, pateicoties t\u0101 lielajam virzu\u013ca diametram un augstspiediena sp\u0113jai. T\u0101 sp\u0113ja pacelt, stumt vai vilkt smagus priek\u0161metus padara to ide\u0101li piem\u0113rotu sare\u017e\u0123\u012btiem r\u016bpnieciskiem lietojumiem.<\/p>\n<p><strong>3. Daudzpus\u012bgas lietojumprogrammas<\/strong>Standarta smago stie\u0146u hidrauliskie cilindri ir piem\u0113roti da\u017e\u0101d\u0101m nozar\u0113m, tostarp b\u016bvniec\u012bbai, ieguves r\u016bpniec\u012bbai, lauksaimniec\u012bbai un ra\u017eo\u0161anai. To daudzpus\u012bba \u013cauj tos integr\u0113t vair\u0101k\u0101s ier\u012bc\u0113s un sist\u0113m\u0101s, nodro\u0161inot uzticamu veiktsp\u0113ju da\u017e\u0101dos pielietojumos.<\/p>\n<p><img loading=\"lazy\" decoding=\"async\" class=\"size-full wp-image-893 aligncenter\" src=\"https:\/\/hydraulic-cylinders.net\/wp-content\/uploads\/2023\/09\/standard-heavy-rod-hydraulic-cylinder-2.webp\" alt=\"\" width=\"276\" height=\"276\" srcset=\"https:\/\/www.hydraulic-cylinders.net\/wp-content\/uploads\/2023\/09\/standard-heavy-rod-hydraulic-cylinder-2.webp 276w, https:\/\/www.hydraulic-cylinders.net\/wp-content\/uploads\/2023\/09\/standard-heavy-rod-hydraulic-cylinder-2-100x100.webp 100w, https:\/\/www.hydraulic-cylinders.net\/wp-content\/uploads\/2023\/09\/standard-heavy-rod-hydraulic-cylinder-2-150x150.webp 150w, https:\/\/www.hydraulic-cylinders.net\/wp-content\/uploads\/2023\/09\/standard-heavy-rod-hydraulic-cylinder-2-12x12.webp 12w\" sizes=\"(max-width: 276px) 100vw, 276px\" \/><\/p>\n<h2><strong>Standarta smag\u0101 stie\u0146a hidraulisk\u0101 cilindra parametrs:<\/strong><\/h2>\n<p><img loading=\"lazy\" decoding=\"async\" class=\"alignnone wp-image-894 size-full\" src=\"https:\/\/hydraulic-cylinders.net\/wp-content\/uploads\/2023\/09\/standard-heavy-rod-hydraulic-cylinder-1.webp\" alt=\"\" width=\"790\" height=\"377\" srcset=\"https:\/\/hydraulic-cylinders.net\/wp-content\/uploads\/2023\/09\/standard-heavy-rod-hydraulic-cylinder-1.webp 790w, https:\/\/hydraulic-cylinders.net\/wp-content\/uploads\/2023\/09\/standard-heavy-rod-hydraulic-cylinder-1-480x229.webp 480w\" sizes=\"(min-width: 0px) and (max-width: 480px) 480px, (min-width: 481px) 790px, 100vw\" \/><\/p>\n<h2><strong>Standarta smagais stie\u0146a hidrauliskais cilindrs <\/strong><strong>Lieto\u0161anas metode<\/strong><strong>:<\/strong><\/h2>\n<p><strong>Mont\u0101\u017ea un piesl\u0113g\u0161ana<\/strong>: Install the standard heavy-rod hydraulic cylinder safely into position using appropriate brackets or fixtures. During installation, ensure correct alignment and stability. Follow the manufacturer&#8217;s instructions and guidelines to connect hydraulic lines to cylinder ports.<\/p>\n<p><strong>Hidraulisk\u0101s sist\u0113mas integr\u0101cija<\/strong>Cilindrs tiek integr\u0113ts hidrauliskaj\u0101 sist\u0113m\u0101, pievienojot to piem\u0113rotam hidrauliskajam s\u016bknim vai baro\u0161anas blokam. P\u0101rliecinieties, vai ir iev\u0113rotas cilindra specifik\u0101cijas un ekspluat\u0101cijas pras\u012bbas.<\/p>\n<p><strong>Vad\u012bba un darb\u012bba<\/strong>: Izmantojiet vad\u012bbas v\u0101rstu, lai regul\u0113tu hidraulisk\u0101s e\u013c\u013cas pl\u016bsmu cilindr\u0101 un no t\u0101. Noregul\u0113jiet vad\u012bbas iestat\u012bjumus atbilsto\u0161i v\u0113lamajai line\u0101rajai kust\u012bbai un sp\u0113ka izejai. P\u0101rbaudiet cilindra kust\u012bbu, lai p\u0101rliecin\u0101tos par t\u0101 darb\u012bbu un rea\u0123\u0113tsp\u0113ju.<\/p>\n<h2><strong>Standarta smagais stie\u0146a hidrauliskais cilindrs <\/strong><strong>Apkope<\/strong><strong>:<\/strong><\/h2>\n<p>Regul\u0101ra apkope ir b\u016btiska, lai maksim\u0101li palielin\u0101tu standarta smag\u0101 stie\u0146a hidraulisk\u0101 cilindra kalpo\u0161anas laiku un veiktsp\u0113ju. \u0160eit ir sniegtas da\u017eas apkopes vadl\u012bnijas:<\/p>\n<p><strong>Periodiska p\u0101rbaude<\/strong>Veiciet regul\u0101ras p\u0101rbaudes, lai noteiktu nodiluma, boj\u0101jumu vai nopl\u016b\u017eu paz\u012bmes. P\u0101rbaudiet, vai cilindru blokos, virzu\u013cu stie\u0146os, bl\u012bv\u0113s un cit\u0101s sast\u0101vda\u013c\u0101s nav anom\u0101liju. Nekav\u0113joties atrisiniet visas probl\u0113mas, lai nov\u0113rstu turpm\u0101kus savainojumus vai darb\u012bbas neefektivit\u0101ti.<\/p>\n<p><strong>E\u013c\u013co\u0161ana<\/strong>Uzkl\u0101jiet ieteicamo sm\u0113rvielu uz cilindra kust\u012bgaj\u0101m da\u013c\u0101m, tostarp st\u016bres stie\u0146iem un bl\u012bv\u0113m. Regul\u0101ra e\u013c\u013co\u0161ana samazina berzi, samazina nodilumu un nodro\u0161ina vienm\u0113r\u012bgu darb\u012bbu. Iev\u0113rojiet ra\u017eot\u0101ja nor\u0101d\u012bjumus par e\u013c\u013co\u0161anas interv\u0101liem un atbilsto\u0161iem sm\u0113rvielu veidiem.<\/p>\n<p><strong>Bl\u012bv\u0113juma nomai\u0146a<\/strong>Ja tiek konstat\u0113ts, ka bl\u012bves ir nolietoju\u0161\u0101s vai nopl\u016bst, nomainiet t\u0101s ar ra\u017eot\u0101ja apstiprin\u0101t\u0101m ori\u0123in\u0101laj\u0101m deta\u013c\u0101m. Boj\u0101tas vai nolietotas bl\u012bves var pasliktin\u0101t cilindra darb\u012bbu un izrais\u012bt hidraulisk\u0101s e\u013c\u013cas nopl\u016bdi.<\/p>\n<p><strong>T\u012br\u012b\u0161ana<\/strong>Not\u012briet cilindrus, no\u0146emot net\u012brumus, gru\u017eus un citus pies\u0101r\u0146ot\u0101jus. Pirms atk\u0101rtotas salik\u0161anas izmantojiet neabraz\u012bvu t\u012br\u012b\u0161anas l\u012bdzekli un p\u0101rliecinieties, ka visas deta\u013cas ir sausas. Regul\u0101ra t\u012br\u012b\u0161ana veicina optim\u0101lu veiktsp\u0113ju un nov\u0113r\u0161 priek\u0161laic\u012bgu nodilumu vai boj\u0101jumus.<\/p>\n<h2><strong>K\u0101 p\u0101rbaud\u012bt, vai hidrauliskais cilindrs nopl\u016bst no iek\u0161puses?<\/strong><\/h2>\n<p>Lai p\u0101rbaud\u012btu, vai hidrauliskaj\u0101 cilindr\u0101 ir iek\u0161\u0113ja nopl\u016bde, varat veikt \u0161\u0101das darb\u012bbas:<\/p>\n<ol>\n<li><strong>Vizu\u0101la p\u0101rbaude:<\/strong> S\u0101ciet ar hidraulisk\u0101 cilindra \u0101r\u0113j\u0101s virsmas vizu\u0101lu p\u0101rbaudi. Mekl\u0113jiet e\u013c\u013cu vai hidraulisko \u0161\u0137idrumu ap cilindra korpusu, stieni vai bl\u012bv\u0113m. \u0100r\u0113jas nopl\u016bdes var liecin\u0101t ar\u012b par iek\u0161\u0113ju nopl\u016bdi.<\/li>\n<li><strong>Cilindra darb\u012bba:<\/strong> Operate the hydraulic cylinder through its full range of motion. Pay attention to any unusual sounds, vibrations, or jerky movements that may indicate internal leakage. If the cylinder operates smoothly without any unusual behavior, it doesn&#8217;t necessarily rule out internal leakage, but it suggests that the issue may be less severe.<\/li>\n<li><strong>\u0100r\u0113j\u0101s nopl\u016bdes p\u0101rbaude:<\/strong> Wipe the cylinder clean and then visually inspect it for any fresh oil or hydraulic fluid after a period of inactivity. If you notice new oil or fluid on the cylinder&#8217;s exterior, it could indicate internal leakage.<\/li>\n<li><strong>Spiediena krituma tests:<\/strong> Veiciet spiediena krituma p\u0101rbaudi, lai p\u0101rbaud\u012btu, vai nav iek\u0161\u0113jas nopl\u016bdes. Izpildiet \u0161\u012bs darb\u012bbas: a. P\u0101rliecinieties, vai hidrauliskaj\u0101 sist\u0113m\u0101 nav spiediena un cilindrs atrodas dro\u0161\u0101 viet\u0101. b. Atvienojiet hidraulisk\u0101s l\u012bnijas no cilindra, uzman\u012bgi aizverot vai aizb\u0101\u017eot atveres, lai nov\u0113rstu \u0161\u0137idruma zudumu. c. Izmantojot rokas s\u016bkni vai citu hidraulisko baro\u0161anas avotu, pielietojiet spiedienu atbilsto\u0161aj\u0101 cilindra piesl\u0113gviet\u0101.\n<p>d. Uzraugiet spiediena m\u0113r\u012bt\u0101ju. Ja spiediens \u012bs\u0101 laika period\u0101 iev\u0113rojami pazemin\u0101s, tas liecina par iek\u0161\u0113ju nopl\u016bdi cilindr\u0101.<\/p>\n<p>e. Ja piem\u0113rojams, atk\u0101rtojiet p\u0101rbaudi ab\u0101s divpus\u0113j\u0101s darb\u012bbas cilindra pus\u0113s.<\/li>\n<li><strong>Stie\u0146a pagarin\u0101juma tests:<\/strong> Da\u013c\u0113ji vai piln\u012bb\u0101 izstiepiet cilindra stieni un p\u0113c tam p\u0101rbaudiet stie\u0146a atkl\u0101to da\u013cu, vai nav hidraulisk\u0101 \u0161\u0137idruma paz\u012bmju. Ja uz stie\u0146a paman\u0101t e\u013c\u013cu vai sulu, tas var liecin\u0101t par iek\u0161\u0113ju nopl\u016bdi aiz stie\u0146a bl\u012bv\u0113m.<\/li>\n<li><strong>Cilindra demont\u0101\u017ea:<\/strong> If you suspect internal leakage but haven&#8217;t identified it through the previous steps, you may need to disassemble the cylinder for a detailed inspection. Disassembling the cylinder allows you to examine the piston, seals, and other internal components for signs of wear, damage, or contamination.<\/li>\n<\/ol>\n<h2><strong>R\u016bpn\u012bcas iesp\u0113jas un jauda:<\/strong><\/h2>\n<h3>(1) Mont\u0101\u017ea<\/h3>\n<p>Mums ir pirmklas\u012bga neatkar\u012bga p\u0113tniec\u012bbas un att\u012bst\u012bbas mont\u0101\u017eas platforma. Hidraulisko cilindru ra\u017eo\u0161anas darbn\u012bc\u0101 ir \u010detras pusautom\u0101tiskas pacel\u0161anas cilindru mont\u0101\u017eas l\u012bnijas un viena autom\u0101tisk\u0101 sl\u012bpuma cilindru mont\u0101\u017eas l\u012bnija ar projekt\u0113to gada ra\u017eo\u0161anas jaudu 1 miljons vien\u012bbu. Speci\u0101lo cilindru darbn\u012bca ir apr\u012bkota ar da\u017e\u0101du specifik\u0101ciju pusautom\u0101tisku t\u012br\u012b\u0161anas mont\u0101\u017eas sist\u0113mu ar projekt\u0113to gada ra\u017eo\u0161anas jaudu 200 000 vien\u012bbu un apr\u012bkota ar slaven\u0101m CNC apstr\u0101des iek\u0101rt\u0101m, apstr\u0101des centru, augstas precizit\u0101tes cilindru apstr\u0101des speci\u0101lo apr\u012bkojumu, robotiz\u0113tu metin\u0101\u0161anas iek\u0101rtu, autom\u0101tisku t\u012br\u012b\u0161anas iek\u0101rtu, autom\u0101tisku cilindru mont\u0101\u017eas iek\u0101rtu un autom\u0101tisku kr\u0101so\u0161anas ra\u017eo\u0161anas l\u012bniju. Eso\u0161ais kritiskais apr\u012bkojums ir vair\u0101k nek\u0101 300 komplektu (komplektu). Optim\u0101la iek\u0101rtu resursu sadale un efekt\u012bva izmanto\u0161ana nodro\u0161ina produktu precizit\u0101tes pras\u012bbas un apmierina produktu augst\u0101s kvalit\u0101tes pras\u012bbas.<\/p>\n<p><img loading=\"lazy\" decoding=\"async\" class=\"alignnone wp-image-626\" src=\"https:\/\/hydraulic-cylinders.net\/wp-content\/uploads\/2023\/08\/hydraulic-cylinder-product-1-300x158.webp\" alt=\"\" width=\"495\" height=\"260\" srcset=\"https:\/\/hydraulic-cylinders.net\/wp-content\/uploads\/2023\/08\/hydraulic-cylinder-product-1-300x158.webp 495w, https:\/\/hydraulic-cylinders.net\/wp-content\/uploads\/2023\/08\/hydraulic-cylinder-product-1-480x252.webp 480w\" sizes=\"(min-width: 0px) and (max-width: 480px) 480px, (min-width: 481px) 495px, 100vw\" \/> <img loading=\"lazy\" decoding=\"async\" class=\"alignnone wp-image-627\" src=\"https:\/\/hydraulic-cylinders.net\/wp-content\/uploads\/2023\/08\/hydraulic-cylinder-product-2-300x189.webp\" alt=\"\" width=\"413\" height=\"260\" \/><\/p>\n<h3>(2) Apstr\u0101de<\/h3>\n<p>Apstr\u0101des cehs ir apr\u012bkots ar piel\u0101gotu sl\u012bpo slie\u017eu virpo\u0161anas centru, apstr\u0101des centru, \u0101trgaitas asin\u0101\u0161anas ma\u0161\u012bnu, metin\u0101\u0161anas robotu un citu saist\u012btu apr\u012bkojumu, kas var apstr\u0101d\u0101t cilindriskas caurules ar maksim\u0101lo iek\u0161\u0113jo diametru 400 mm un maksim\u0101lo garumu 6 metri.<\/p>\n<p><img loading=\"lazy\" decoding=\"async\" class=\"alignnone wp-image-628 size-large\" src=\"https:\/\/hydraulic-cylinders.net\/wp-content\/uploads\/2023\/08\/hydraulic-cylinder-product-3-1024x391.webp\" alt=\"\" width=\"1024\" height=\"391\" srcset=\"https:\/\/hydraulic-cylinders.net\/wp-content\/uploads\/2023\/08\/hydraulic-cylinder-product-3-980x374.webp 980w, https:\/\/hydraulic-cylinders.net\/wp-content\/uploads\/2023\/08\/hydraulic-cylinder-product-3-480x183.webp 480w\" sizes=\"(min-width: 0px) and (max-width: 480px) 480px, (min-width: 481px) and (max-width: 980px) 980px, (min-width: 981px) 1024px, 100vw\" \/><\/p>\n<h3>(3) Metin\u0101\u0161ana<\/h3>\n<p><img loading=\"lazy\" decoding=\"async\" class=\"alignnone wp-image-629 size-large\" src=\"https:\/\/hydraulic-cylinders.net\/wp-content\/uploads\/2023\/08\/hydraulic-cylinder-product-4-1024x510.webp\" alt=\"\" width=\"1024\" height=\"510\" srcset=\"https:\/\/hydraulic-cylinders.net\/wp-content\/uploads\/2023\/08\/hydraulic-cylinder-product-4-980x488.webp 980w, https:\/\/hydraulic-cylinders.net\/wp-content\/uploads\/2023\/08\/hydraulic-cylinder-product-4-480x239.webp 480w\" sizes=\"(min-width: 0px) and (max-width: 480px) 480px, (min-width: 481px) and (max-width: 980px) 980px, (min-width: 981px) 1024px, 100vw\" \/><\/p>\n<h3>(4) Kr\u0101so\u0161ana un p\u0101rkl\u0101\u0161ana<\/h3>\n<p>Ar maz\u0101m un vid\u0113ja izm\u0113ra cilindrisk\u0101m autom\u0101tisk\u0101m \u016bdens b\u0101zes kr\u0101su p\u0101rkl\u0101\u0161anas l\u012bnij\u0101m, lai pan\u0101ktu autom\u0101tisku robotu iekrau\u0161anu un izkrau\u0161anu un autom\u0101tisku izsmidzin\u0101\u0161anu, projekt\u0113t\u0101 jauda ir 4000 gabali mai\u0146\u0101;<br \/>\nMums ir ar\u012b pusautom\u0101tiska kr\u0101su ra\u017eo\u0161anas l\u012bnija lieliem baloniem, ko darbina \u0137\u0113des piedzi\u0146a, ar 60 kastu konstrukcijas jaudu vien\u0101 mai\u0146\u0101.<\/p>\n<p><img loading=\"lazy\" decoding=\"async\" class=\"alignnone wp-image-630\" src=\"https:\/\/hydraulic-cylinders.net\/wp-content\/uploads\/2023\/08\/hydraulic-cylinder-product-5-300x213.webp\" alt=\"\" width=\"366\" height=\"260\" \/> <img loading=\"lazy\" decoding=\"async\" class=\"alignnone wp-image-631\" src=\"https:\/\/hydraulic-cylinders.net\/wp-content\/uploads\/2023\/08\/hydraulic-cylinder-product-6-300x225.webp\" alt=\"\" width=\"347\" height=\"260\" \/><\/p>\n<h3>(5) Test\u0113\u0161ana<\/h3>\n<p>Mums ir augst\u0101k\u0101s klases p\u0101rbaudes iek\u0101rtas un test\u0113\u0161anas stendi, lai nodro\u0161in\u0101tu, ka balona veiktsp\u0113ja atbilst pras\u012bb\u0101m.<\/p>\n<p><img loading=\"lazy\" decoding=\"async\" class=\"alignnone wp-image-632\" src=\"https:\/\/hydraulic-cylinders.net\/wp-content\/uploads\/2023\/08\/hydraulic-cylinder-product-8-300x200.webp\" alt=\"\" width=\"389\" height=\"260\" \/><\/p>\n<p>&nbsp;<\/p>\n<p>&nbsp;<\/p>\n<p>M\u0113s esam viens no lab\u0101kajiem lieljaudas stie\u0146u hidraulisko cilindru ra\u017eot\u0101jiem. M\u0113s varam pied\u0101v\u0101t pla\u0161u lieljaudas stie\u0146u hidraulisko cilindru kl\u0101stu. M\u0113s nodro\u0161in\u0101m ar\u012b atbilsto\u0161us <a href=\"https:\/\/hzpt.com\/agricultural-pto-gearbox\/\" target=\"_blank\" rel=\"noopener\">lauksaimniec\u012bbas p\u0101rnesumk\u0101rbas<\/a>M\u0113s esam eksport\u0113ju\u0161i savus produktus klientiem vis\u0101 pasaul\u0113 un ieguvu\u0161i labu reput\u0101ciju, pateicoties m\u016bsu augst\u0101kajai produktu kvalit\u0101tei un p\u0113cp\u0101rdo\u0161anas apkalpo\u0161anai. M\u0113s sirsn\u012bgi sveicam klientus gan m\u0101j\u0101s, gan \u0101rzem\u0113s sazin\u0101ties ar mums, lai veiktu dar\u012bjumus, apmain\u012btos ar inform\u0101ciju un\u00a0<a href=\"https:\/\/www.hydraulic-cylinders.net\/lv\/contact-us\/\">sadarboties ar mums<\/a>!<\/p>\n<p>&nbsp;<\/p>\n<h2><\/h2>","protected":false},"excerpt":{"rendered":"<p>Standard Heavy Rod Hydraulic Cylinder The standard heavy rod hydraulic cylinder is a robust and reliable hydraulic element that provides superior power and durability in various industrial applications. Precisely designed to withstand harsh conditions, this hydraulic cylinder is a trusted solution for heavy-duty tasks. From construction equipment to material handling machinery, standard heavy rod hydraulic [&hellip;]<\/p>","protected":false},"featured_media":895,"comment_status":"open","ping_status":"closed","template":"","meta":{"_et_pb_use_builder":"","_et_pb_old_content":"","_et_gb_content_width":""},"product_brand":[],"product_cat":[1376,1385],"product_tag":[1380],"class_list":{"0":"post-892","1":"product","2":"type-product","3":"status-publish","4":"has-post-thumbnail","6":"product_cat-hydraulic-cylinder","7":"product_cat-heavy-rod-hydraulic-cylinder","8":"product_tag-hydraulic-cylinder","10":"first","11":"instock","12":"shipping-taxable","13":"product-type-simple"},"amp_enabled":true,"_links":{"self":[{"href":"https:\/\/www.hydraulic-cylinders.net\/lv\/wp-json\/wp\/v2\/product\/892","targetHints":{"allow":["GET"]}}],"collection":[{"href":"https:\/\/www.hydraulic-cylinders.net\/lv\/wp-json\/wp\/v2\/product"}],"about":[{"href":"https:\/\/www.hydraulic-cylinders.net\/lv\/wp-json\/wp\/v2\/types\/product"}],"replies":[{"embeddable":true,"href":"https:\/\/www.hydraulic-cylinders.net\/lv\/wp-json\/wp\/v2\/comments?post=892"}],"wp:featuredmedia":[{"embeddable":true,"href":"https:\/\/www.hydraulic-cylinders.net\/lv\/wp-json\/wp\/v2\/media\/895"}],"wp:attachment":[{"href":"https:\/\/www.hydraulic-cylinders.net\/lv\/wp-json\/wp\/v2\/media?parent=892"}],"wp:term":[{"taxonomy":"product_brand","embeddable":true,"href":"https:\/\/www.hydraulic-cylinders.net\/lv\/wp-json\/wp\/v2\/product_brand?post=892"},{"taxonomy":"product_cat","embeddable":true,"href":"https:\/\/www.hydraulic-cylinders.net\/lv\/wp-json\/wp\/v2\/product_cat?post=892"},{"taxonomy":"product_tag","embeddable":true,"href":"https:\/\/www.hydraulic-cylinders.net\/lv\/wp-json\/wp\/v2\/product_tag?post=892"}],"curies":[{"name":"wp","href":"https:\/\/api.w.org\/{rel}","templated":true}]}}