{"id":896,"date":"2023-09-01T07:43:48","date_gmt":"2023-09-01T07:43:48","guid":{"rendered":"https:\/\/hydraulic-cylinders.net\/?post_type=product&#038;p=896"},"modified":"2023-09-19T01:27:31","modified_gmt":"2023-09-19T01:27:31","slug":"fa-front-flange-type-heavy-rod-hydraulic-cylinder","status":"publish","type":"product","link":"https:\/\/www.hydraulic-cylinders.net\/lv\/products\/fa-front-flange-type-heavy-rod-hydraulic-cylinder\/","title":{"rendered":"FA priek\u0161\u0113jais atloka tipa smagais stie\u0146a hidrauliskais cilindrs"},"content":{"rendered":"<h1 style=\"text-align: center;\"><strong>FA priek\u0161\u0113jais atloka tipa smagais stie\u0146a hidrauliskais cilindrs<\/strong><\/h1>\n<p>FA priek\u0161\u0113j\u0101 atloka stie\u0146a hidrauliskais cilindrs ir augstas veiktsp\u0113jas komponents, kas nodro\u0161ina izcilu jaudu, iztur\u012bbu un uzticam\u012bbu pras\u012bgos r\u016bpnieciskos pielietojumos. Pateicoties t\u0101 iztur\u012bgajai konstrukcijai, prec\u012bzajai in\u017eenierijai un uzlabotaj\u0101m funkcij\u0101m, \u0161is smag\u0101 stie\u0146a hidrauliskais cilindrs ir uzticams risin\u0101jums lieljaudas uzdevumiem, kuriem nepiecie\u0161ama \u012bpa\u0161a sp\u0113ka izvade un prec\u012bza vad\u012bba. S\u0101kot no smag\u0101s tehnikas l\u012bdz materi\u0101lu apstr\u0101des iek\u0101rt\u0101m, FA priek\u0161\u0113j\u0101 atloka stie\u0146a hidrauliskie cilindri ir izstr\u0101d\u0101ti, lai izceltos sare\u017e\u0123\u012bt\u0101 vid\u0113, nodro\u0161inot optim\u0101lu veiktsp\u0113ju un produktivit\u0101ti.<\/p>\n<p>Smago stie\u0146u hidraulisk\u0101 cilindra galven\u0101s \u012bpa\u0161\u012bbas:<\/p>\n<p><strong>1. Iztur\u012bga konstrukcija<\/strong>FA priek\u0161\u0113jiem atloka stie\u0146a hidrauliskajiem cilindriem ir iztur\u012bga konstrukcija un augstas kvalit\u0101tes materi\u0101li, piem\u0113ram, t\u0113rauds vai sakaus\u0113jumi, lai iztur\u0113tu lielas slodzes, \u0101rk\u0101rt\u0113ju spiedienu un skarbus ekspluat\u0101cijas apst\u0101k\u013cus. To iztur\u012bg\u0101 konstrukcija nodro\u0161ina ilgsto\u0161u iztur\u012bbu un iztur\u012bbu pret nodilumu, koroziju un boj\u0101jumiem.<\/p>\n<p><strong>2. Liela sp\u0113ka jauda<\/strong>Ar lielo virzu\u013ca diametru un augstspiediena sp\u0113ju \u0161is smag\u0101 stie\u0146a hidrauliskais cilindrs pied\u0101v\u0101 iespaid\u012bgu sp\u0113ka izvadi, padarot to ide\u0101li piem\u0113rotu lietojumiem, kuros nepiecie\u0161ama smagu kravu cel\u0161ana, stum\u0161ana vai vilk\u0161ana. Tas nodro\u0161ina efekt\u012bvu veiktsp\u0113ju un \u013cauj operatoriem efekt\u012bvi veikt sare\u017e\u0123\u012btus uzdevumus.<\/p>\n<p><strong>3. Prec\u012bza vad\u012bba<\/strong>FA priek\u0161\u0113j\u0101 atloka smag\u0101 stie\u0146a hidrauliskais cilindrs nodro\u0161ina prec\u012bzi kontrol\u0113tu line\u0101ru kust\u012bbu, \u013caujot operatoram sasniegt prec\u012bzu pozicion\u0113\u0161anu un vienm\u0113r\u012bgu darb\u012bbu. T\u0101 uzlabotais dizains un in\u017eenierija nodro\u0161ina minim\u0101lu iek\u0161\u0113jo berzi un caursp\u012bd\u012bgu un atsauc\u012bgu kust\u012bbu.<\/p>\n<p><img loading=\"lazy\" decoding=\"async\" class=\"size-full wp-image-897 aligncenter\" src=\"https:\/\/hydraulic-cylinders.net\/wp-content\/uploads\/2023\/09\/fa-front-flange-type-heavy-rod-hydraulic-cylinder-2.webp\" alt=\"\" width=\"275\" height=\"275\" srcset=\"https:\/\/www.hydraulic-cylinders.net\/wp-content\/uploads\/2023\/09\/fa-front-flange-type-heavy-rod-hydraulic-cylinder-2.webp 275w, https:\/\/www.hydraulic-cylinders.net\/wp-content\/uploads\/2023\/09\/fa-front-flange-type-heavy-rod-hydraulic-cylinder-2-100x100.webp 100w, https:\/\/www.hydraulic-cylinders.net\/wp-content\/uploads\/2023\/09\/fa-front-flange-type-heavy-rod-hydraulic-cylinder-2-150x150.webp 150w, https:\/\/www.hydraulic-cylinders.net\/wp-content\/uploads\/2023\/09\/fa-front-flange-type-heavy-rod-hydraulic-cylinder-2-12x12.webp 12w\" sizes=\"(max-width: 275px) 100vw, 275px\" \/><\/p>\n<h2><strong>FA priek\u0161\u0113j\u0101s atloka tipa smag\u0101 stie\u0146a hidraulisk\u0101 cilindra parametrs:<\/strong><\/h2>\n<p><img loading=\"lazy\" decoding=\"async\" class=\"alignnone wp-image-898 size-full\" src=\"https:\/\/hydraulic-cylinders.net\/wp-content\/uploads\/2023\/09\/fa-front-flange-type-heavy-rod-hydraulic-cylinder-1.webp\" alt=\"\" width=\"790\" height=\"478\" srcset=\"https:\/\/hydraulic-cylinders.net\/wp-content\/uploads\/2023\/09\/fa-front-flange-type-heavy-rod-hydraulic-cylinder-1.webp 790w, https:\/\/hydraulic-cylinders.net\/wp-content\/uploads\/2023\/09\/fa-front-flange-type-heavy-rod-hydraulic-cylinder-1-480x290.webp 480w\" sizes=\"(min-width: 0px) and (max-width: 480px) 480px, (min-width: 481px) 790px, 100vw\" \/><\/p>\n<h2><strong>FA priek\u0161\u0113jais atloka tipa smagais stie\u0146a hidrauliskais cilindrs <\/strong><strong>Lieto\u0161anas metode<\/strong><strong>:<\/strong><\/h2>\n<p><strong>Mont\u0101\u017ea un piesl\u0113g\u0161ana<\/strong>Standarta smag\u0101 stie\u0146a hidraulisk\u0101 cilindra dro\u0161ai uzst\u0101d\u012b\u0161anai izmantojiet atbilsto\u0161us kron\u0161teinus vai stiprin\u0101jumus. Uzst\u0101d\u012b\u0161anas laik\u0101 nodro\u0161iniet pareizu izl\u012bdzin\u0101\u0161anu un stabilit\u0101ti. Pievienojiet hidraulisk\u0101s l\u012bnijas cilindra piesl\u0113gviet\u0101m saska\u0146\u0101 ar ra\u017eot\u0101ja nor\u0101d\u012bjumiem un vadl\u012bnij\u0101m.<\/p>\n<p><strong>Hidraulisk\u0101s sist\u0113mas integr\u0101cija<\/strong>Cilindrs tiek integr\u0113ts hidrauliskaj\u0101 sist\u0113m\u0101, pievienojot to piem\u0113rotam hidrauliskajam s\u016bknim vai baro\u0161anas blokam. P\u0101rliecinieties, vai ir iev\u0113rotas cilindra specifik\u0101cijas un ekspluat\u0101cijas pras\u012bbas.<\/p>\n<p><strong>Vad\u012bba un darb\u012bba<\/strong>: Izmantojiet vad\u012bbas v\u0101rstu, lai regul\u0113tu hidraulisk\u0101s e\u013c\u013cas pl\u016bsmu uz cilindru un no t\u0101. Noregul\u0113jiet vad\u012bbas iestat\u012bjumus atbilsto\u0161i v\u0113lamajai line\u0101rajai kust\u012bbai un sp\u0113ka izvadei. P\u0101rbaudiet cilindra kust\u012bbu, lai p\u0101rliecin\u0101tos par t\u0101 darb\u012bbu un rea\u0123\u0113tsp\u0113ju.<\/p>\n<h2><strong>FA priek\u0161\u0113jais atloka tipa smagais stie\u0146a hidrauliskais cilindrs <\/strong><strong>Apkope<\/strong><strong>:<\/strong><\/h2>\n<p>Regul\u0101ra apkope ir b\u016btiska, lai maksim\u0101li palielin\u0101tu standarta smag\u0101 stie\u0146a hidraulisk\u0101 cilindra kalpo\u0161anas laiku un veiktsp\u0113ju. \u0160eit ir sniegtas da\u017eas apkopes vadl\u012bnijas:<\/p>\n<p><strong>Periodiska p\u0101rbaude<\/strong>Veiciet regul\u0101ras p\u0101rbaudes, lai noteiktu nodiluma, boj\u0101jumu vai nopl\u016b\u017eu paz\u012bmes. P\u0101rbaudiet cilindru blokus, virzu\u013cu stie\u0146us, bl\u012bves un citas sast\u0101vda\u013cas, vai nav novir\u017eu. Nekav\u0113joties atrisiniet visas probl\u0113mas, lai nov\u0113rstu turpm\u0101kus savainojumus vai darb\u012bbas neefektivit\u0101ti.<\/p>\n<p><strong>E\u013c\u013co\u0161ana<\/strong>Uzkl\u0101jiet ieteicamo sm\u0113rvielu uz cilindra kust\u012bgaj\u0101m da\u013c\u0101m, tostarp st\u016bres stie\u0146iem un bl\u012bv\u0113m. Regul\u0101ra e\u013c\u013co\u0161ana samazina berzi, samazina nodilumu un nodro\u0161ina vienm\u0113r\u012bgu darb\u012bbu. Iev\u0113rojiet ra\u017eot\u0101ja nor\u0101d\u012bjumus par e\u013c\u013co\u0161anas interv\u0101liem un atbilsto\u0161iem sm\u0113rvielu veidiem.<\/p>\n<p><strong>Bl\u012bv\u0113juma nomai\u0146a<\/strong>Ja bl\u012bves ir novecoju\u0161as vai nopl\u016bst, nomainiet t\u0101s ar ra\u017eot\u0101ja apstiprin\u0101t\u0101m ori\u0123in\u0101laj\u0101m deta\u013c\u0101m. Boj\u0101tas vai nolietotas bl\u012bves var pasliktin\u0101t cilindra darb\u012bbu un izrais\u012bt hidraulisk\u0101s e\u013c\u013cas nopl\u016bdi.<\/p>\n<p><strong>T\u012br\u012b\u0161ana<\/strong>Not\u012briet cilindrus, no\u0146emot net\u012brumus, gru\u017eus un citus pies\u0101r\u0146ot\u0101jus. Pirms atk\u0101rtotas salik\u0161anas izmantojiet neabraz\u012bvu t\u012br\u012b\u0161anas l\u012bdzekli un p\u0101rliecinieties, ka visas deta\u013cas ir sausas. Regul\u0101ra t\u012br\u012b\u0161ana veicina optim\u0101lu veiktsp\u0113ju un nov\u0113r\u0161 priek\u0161laic\u012bgu nodilumu vai boj\u0101jumus.<\/p>\n<h2><strong>K\u0101 izjaukt hidraulisko cilindru?<\/strong><\/h2>\n<p>Hidraulisk\u0101 cilindra izjauk\u0161ana prasa r\u016bp\u012bgu demont\u0101\u017eu, lai izvair\u012btos no deta\u013cu boj\u0101jumiem. \u0160eit ir soli pa solim sniegta instrukcija par hidraulisk\u0101 cilindra izjauk\u0161anu:<\/p>\n<ol>\n<li><strong>Dro\u0161\u012bbas pas\u0101kumi<\/strong>Pirms jebk\u0101du darbu uzs\u0101k\u0161anas ar hidrauliskajiem cilindriem p\u0101rliecinieties, vai sist\u0113m\u0101 nav spiediena un vai apr\u012bkojums ir dro\u0161i nostiprin\u0101ts, lai nov\u0113rstu nejau\u0161u kust\u012bbu. Valk\u0101jiet atbilsto\u0161us individu\u0101los aizsardz\u012bbas l\u012bdzek\u013cus (IAL), piem\u0113ram, cimdus un aizsargbrilles.<\/li>\n<li><strong>Identific\u0113jiet cilindru<\/strong>Nosakiet hidraulisk\u0101 cilindra veidu un konstrukciju, ar kuru str\u0101d\u0101jat. Da\u017e\u0101diem cilindriem var b\u016bt at\u0161\u0137ir\u012bgas demont\u0101\u017eas proced\u016bras, t\u0101p\u0113c skatiet ra\u017eot\u0101ja dokument\u0101ciju vai vadl\u012bnijas, kas attiecas uz j\u016bsu cilindra modeli.<\/li>\n<li><strong>Cilindra no\u0146em\u0161ana<\/strong>Atvienojiet visas cilindram pievienot\u0101s hidraulisk\u0101s l\u012bnijas. No\u0146emiet visas \u0101r\u0113j\u0101s sast\u0101vda\u013cas, piem\u0113ram, mont\u0101\u017eas kron\u0161teinus vai p\u0101rsegus, kas var trauc\u0113t piek\u013cuvi cilindram.<\/li>\n<li><strong>Hidraulisk\u0101 \u0161\u0137idruma izle\u0161ana<\/strong>Novietojiet zem cilindra piem\u0113rotu trauku, lai sav\u0101ktu hidraulisko \u0161\u0137idrumu, kas iztek demont\u0101\u017eas laik\u0101. Uzman\u012bgi izlejiet \u0161\u0137idrumu, atskr\u016bv\u0113jot savienojumus vai iz\u0146emot iztuk\u0161o\u0161anas aizb\u0101\u017e\u0146us.<\/li>\n<li><strong>Izjauciet gala v\u0101ci\u0146us<\/strong>Atrodiet cilindra gala v\u0101ci\u0146us, kas parasti atrodas katr\u0101 cilindra gal\u0101. No\u0146emiet visas stiprin\u0101\u0161anas skr\u016bves, bultskr\u016bves vai stiprin\u0101jumus, kas nostiprina gala v\u0101ci\u0146us viet\u0101. Ja nepiecie\u0161ams, viegli uzsitiet pa gala v\u0101ci\u0146iem ar gumijas \u0101muru, lai tos atbr\u012bvotu.<\/li>\n<li><strong>Atsevi\u0161\u0137i gala v\u0101ci\u0146i<\/strong>Kad gala v\u0101ci\u0146u stiprin\u0101jumi ir no\u0146emti, uzman\u012bgi nolauziet gala v\u0101ci\u0146us, izmantojot lauzni vai m\u012bkstu \u0101muru. Izjaucot cilindru, \u0146emiet v\u0113r\u0101 visu t\u0101 iek\u0161pus\u0113 eso\u0161o sast\u0101vda\u013cu orient\u0101ciju un sec\u012bbu.<\/li>\n<li><strong>No\u0146emiet virzu\u013ca mezglu<\/strong>Kad gala v\u0101ci\u0146i ir no\u0146emti, virzu\u013ca mezglam j\u0101b\u016bt pieejamam. Izb\u012bdiet virzuli no cilindra urbuma, neboj\u0101jot virzuli vai cilindra sienas. Ja virzulis ir sp\u012bt\u012bgs, uzkl\u0101jiet piem\u0113rotu sm\u0113rvielu un, lai atvieglotu t\u0101 iz\u0146em\u0161anu, pielietojiet vieglu sp\u0113ku.<\/li>\n<li><strong>P\u0101rbaudiet un not\u012briet komponentus<\/strong>P\u0101rbaudiet visas izjaukt\u0101s sast\u0101vda\u013cas, vai nav nodiluma, boj\u0101jumu vai pies\u0101r\u0146ojuma paz\u012bmju. Not\u012briet katru sast\u0101vda\u013cu, izmantojot piem\u0113rotu t\u012br\u012b\u0161anas l\u012bdzekli vai \u0161\u0137\u012bdin\u0101t\u0101ju, lai no\u0146emtu net\u012brumus, gru\u017eus vai hidraulisk\u0101 \u0161\u0137idruma atlikumus. Pirms turpm\u0101kas p\u0101rbaudes vai atk\u0101rtotas mont\u0101\u017eas sast\u0101vda\u013cas r\u016bp\u012bgi nosusiniet.<\/li>\n<li><strong>Nolietotu vai boj\u0101tu deta\u013cu nomai\u0146a<\/strong>Ja k\u0101das deta\u013cas ir p\u0101rm\u0113r\u012bga nodiluma vai boj\u0101jumu paz\u012bmes, t\u0101s j\u0101nomaina ar jaun\u0101m. Lai p\u0101rliecin\u0101tos, ka izv\u0113laties pareiz\u0101s rezerves da\u013cas, iepaz\u012bstieties ar ra\u017eot\u0101ja nor\u0101d\u012bjumiem vai mekl\u0113jiet profesion\u0101lu padomu.<\/li>\n<li><strong>Atk\u0101rtota mont\u0101\u017ea<\/strong>Lai saliktu hidraulisko cilindru atpaka\u013c, veiciet izjauk\u0161anas darb\u012bbas apgriezt\u0101 sec\u012bb\u0101. Pirms uzst\u0101d\u012b\u0161anas p\u0101rliecinieties, vai visas sast\u0101vda\u013cas ir pareizi izl\u012bdzin\u0101tas un vai visas bl\u012bves vai O veida gredzeni ir iee\u013c\u013coti ar hidraulisko e\u013c\u013cu vai sader\u012bgu sm\u0113rvielu. Pievelciet stiprin\u0101jumus un veidgabalus atbilsto\u0161i ra\u017eot\u0101ja ieteiktajiem griezes momenta parametriem.<\/li>\n<\/ol>\n<h2><strong>R\u016bpn\u012bcas iesp\u0113jas un jauda:<\/strong><\/h2>\n<h3>(1) Mont\u0101\u017ea<\/h3>\n<p>Mums ir pirmklas\u012bga neatkar\u012bga p\u0113tniec\u012bbas un att\u012bst\u012bbas mont\u0101\u017eas platforma. Hidraulisko cilindru ra\u017eo\u0161anas darbn\u012bc\u0101 ir \u010detras pusautom\u0101tiskas pacel\u0161anas cilindru mont\u0101\u017eas l\u012bnijas un viena autom\u0101tisk\u0101 sl\u012bpuma cilindru mont\u0101\u017eas l\u012bnija ar projekt\u0113to gada ra\u017eo\u0161anas jaudu 1 miljons vien\u012bbu. Speci\u0101lo cilindru darbn\u012bca ir apr\u012bkota ar da\u017e\u0101du specifik\u0101ciju pusautom\u0101tisku t\u012br\u012b\u0161anas mont\u0101\u017eas sist\u0113mu ar projekt\u0113to gada ra\u017eo\u0161anas jaudu 200 000 vien\u012bbu un apr\u012bkota ar slaven\u0101m CNC apstr\u0101des iek\u0101rt\u0101m, apstr\u0101des centru, augstas precizit\u0101tes cilindru apstr\u0101des speci\u0101lo apr\u012bkojumu, robotiz\u0113tu metin\u0101\u0161anas iek\u0101rtu, autom\u0101tisku t\u012br\u012b\u0161anas iek\u0101rtu, autom\u0101tisku cilindru mont\u0101\u017eas iek\u0101rtu un autom\u0101tisku kr\u0101so\u0161anas ra\u017eo\u0161anas l\u012bniju. Eso\u0161ais kritiskais apr\u012bkojums ir vair\u0101k nek\u0101 300 komplektu (komplektu). Optim\u0101la iek\u0101rtu resursu sadale un efekt\u012bva izmanto\u0161ana nodro\u0161ina produktu precizit\u0101tes pras\u012bbas un apmierina produktu augst\u0101s kvalit\u0101tes pras\u012bbas.<\/p>\n<p><img loading=\"lazy\" decoding=\"async\" class=\"alignnone wp-image-626\" src=\"https:\/\/hydraulic-cylinders.net\/wp-content\/uploads\/2023\/08\/hydraulic-cylinder-product-1-300x158.webp\" alt=\"\" width=\"495\" height=\"260\" srcset=\"https:\/\/hydraulic-cylinders.net\/wp-content\/uploads\/2023\/08\/hydraulic-cylinder-product-1-300x158.webp 495w, https:\/\/hydraulic-cylinders.net\/wp-content\/uploads\/2023\/08\/hydraulic-cylinder-product-1-480x252.webp 480w\" sizes=\"(min-width: 0px) and (max-width: 480px) 480px, (min-width: 481px) 495px, 100vw\" \/> <img loading=\"lazy\" decoding=\"async\" class=\"alignnone wp-image-627\" src=\"https:\/\/hydraulic-cylinders.net\/wp-content\/uploads\/2023\/08\/hydraulic-cylinder-product-2-300x189.webp\" alt=\"\" width=\"413\" height=\"260\" \/><\/p>\n<h3>(2) Apstr\u0101de<\/h3>\n<p>Apstr\u0101des cehs ir apr\u012bkots ar piel\u0101gotu sl\u012bpo slie\u017eu virpo\u0161anas centru, apstr\u0101des centru, \u0101trgaitas asin\u0101\u0161anas ma\u0161\u012bnu, metin\u0101\u0161anas robotu un citu saist\u012btu apr\u012bkojumu, kas var apstr\u0101d\u0101t cilindriskas caurules ar maksim\u0101lo iek\u0161\u0113jo diametru 400 mm un maksim\u0101lo garumu 6 metri.<\/p>\n<p><img loading=\"lazy\" decoding=\"async\" class=\"alignnone wp-image-628 size-large\" src=\"https:\/\/hydraulic-cylinders.net\/wp-content\/uploads\/2023\/08\/hydraulic-cylinder-product-3-1024x391.webp\" alt=\"\" width=\"1024\" height=\"391\" srcset=\"https:\/\/hydraulic-cylinders.net\/wp-content\/uploads\/2023\/08\/hydraulic-cylinder-product-3-980x374.webp 980w, https:\/\/hydraulic-cylinders.net\/wp-content\/uploads\/2023\/08\/hydraulic-cylinder-product-3-480x183.webp 480w\" sizes=\"(min-width: 0px) and (max-width: 480px) 480px, (min-width: 481px) and (max-width: 980px) 980px, (min-width: 981px) 1024px, 100vw\" \/><\/p>\n<h3>(3) Metin\u0101\u0161ana<\/h3>\n<p><img loading=\"lazy\" decoding=\"async\" class=\"alignnone wp-image-629 size-large\" src=\"https:\/\/hydraulic-cylinders.net\/wp-content\/uploads\/2023\/08\/hydraulic-cylinder-product-4-1024x510.webp\" alt=\"\" width=\"1024\" height=\"510\" srcset=\"https:\/\/hydraulic-cylinders.net\/wp-content\/uploads\/2023\/08\/hydraulic-cylinder-product-4-980x488.webp 980w, https:\/\/hydraulic-cylinders.net\/wp-content\/uploads\/2023\/08\/hydraulic-cylinder-product-4-480x239.webp 480w\" sizes=\"(min-width: 0px) and (max-width: 480px) 480px, (min-width: 481px) and (max-width: 980px) 980px, (min-width: 981px) 1024px, 100vw\" \/><\/p>\n<h3>(4) Kr\u0101so\u0161ana un p\u0101rkl\u0101\u0161ana<\/h3>\n<p>Ar maz\u0101m un vid\u0113ja izm\u0113ra cilindrisk\u0101m autom\u0101tisk\u0101m \u016bdens b\u0101zes kr\u0101su p\u0101rkl\u0101\u0161anas l\u012bnij\u0101m, lai pan\u0101ktu autom\u0101tisku robotu iekrau\u0161anu un izkrau\u0161anu un autom\u0101tisku izsmidzin\u0101\u0161anu, projekt\u0113t\u0101 jauda ir 4000 gabali mai\u0146\u0101;<br \/>\nMums ir ar\u012b pusautom\u0101tiska kr\u0101su ra\u017eo\u0161anas l\u012bnija lieliem baloniem, ko darbina \u0137\u0113des piedzi\u0146a, ar 60 kastu konstrukcijas jaudu vien\u0101 mai\u0146\u0101.<\/p>\n<p><img loading=\"lazy\" decoding=\"async\" class=\"alignnone wp-image-630\" src=\"https:\/\/hydraulic-cylinders.net\/wp-content\/uploads\/2023\/08\/hydraulic-cylinder-product-5-300x213.webp\" alt=\"\" width=\"366\" height=\"260\" \/> <img loading=\"lazy\" decoding=\"async\" class=\"alignnone wp-image-631\" src=\"https:\/\/hydraulic-cylinders.net\/wp-content\/uploads\/2023\/08\/hydraulic-cylinder-product-6-300x225.webp\" alt=\"\" width=\"347\" height=\"260\" \/><\/p>\n<h3>(5) Test\u0113\u0161ana<\/h3>\n<p>Mums ir augst\u0101k\u0101s klases p\u0101rbaudes iek\u0101rtas un test\u0113\u0161anas stendi, lai nodro\u0161in\u0101tu, ka balona veiktsp\u0113ja atbilst pras\u012bb\u0101m.<\/p>\n<p><img loading=\"lazy\" decoding=\"async\" class=\"alignnone wp-image-632\" src=\"https:\/\/hydraulic-cylinders.net\/wp-content\/uploads\/2023\/08\/hydraulic-cylinder-product-8-300x200.webp\" alt=\"\" width=\"389\" height=\"260\" \/><\/p>\n<p>&nbsp;<\/p>\n<p>&nbsp;<\/p>\n<p>M\u0113s esam viens no lab\u0101kajiem lieljaudas stie\u0146u hidraulisko cilindru ra\u017eot\u0101jiem. M\u0113s varam pied\u0101v\u0101t pla\u0161u lieljaudas stie\u0146u hidraulisko cilindru kl\u0101stu. M\u0113s nodro\u0161in\u0101m ar\u012b atbilsto\u0161us <a href=\"https:\/\/hzpt.com\/agricultural-pto-gearbox\/\" target=\"_blank\" rel=\"noopener\">lauksaimniec\u012bbas p\u0101rnesumk\u0101rbas<\/a>M\u0113s esam eksport\u0113ju\u0161i savus produktus klientiem vis\u0101 pasaul\u0113 un ieguvu\u0161i labu reput\u0101ciju, pateicoties m\u016bsu augst\u0101kajai produktu kvalit\u0101tei un p\u0113cp\u0101rdo\u0161anas apkalpo\u0161anai. M\u0113s sirsn\u012bgi sveicam klientus gan m\u0101j\u0101s, gan \u0101rzem\u0113s sazin\u0101ties ar mums, lai veiktu dar\u012bjumus, apmain\u012btos ar inform\u0101ciju un\u00a0<a href=\"https:\/\/www.hydraulic-cylinders.net\/lv\/contact-us\/\">sadarboties ar mums<\/a>!<\/p>\n<p>&nbsp;<\/p>\n<h2><\/h2>","protected":false},"excerpt":{"rendered":"<p>FA Front Flange Type Heavy Rod Hydraulic Cylinder The FA front flanged heavy rod hydraulic cylinder is a high-performance component that provides superior power, durability, and reliability in demanding industrial applications. With its robust construction, precise engineering, and advanced features, this heavy rod hydraulic cylinder is a reliable solution for heavy-duty tasks requiring dedicated force [&hellip;]<\/p>","protected":false},"featured_media":899,"comment_status":"open","ping_status":"closed","template":"","meta":{"_et_pb_use_builder":"","_et_pb_old_content":"","_et_gb_content_width":""},"product_brand":[],"product_cat":[1376,1385],"product_tag":[1380],"class_list":{"0":"post-896","1":"product","2":"type-product","3":"status-publish","4":"has-post-thumbnail","6":"product_cat-hydraulic-cylinder","7":"product_cat-heavy-rod-hydraulic-cylinder","8":"product_tag-hydraulic-cylinder","10":"first","11":"instock","12":"shipping-taxable","13":"product-type-simple"},"amp_enabled":true,"_links":{"self":[{"href":"https:\/\/www.hydraulic-cylinders.net\/lv\/wp-json\/wp\/v2\/product\/896","targetHints":{"allow":["GET"]}}],"collection":[{"href":"https:\/\/www.hydraulic-cylinders.net\/lv\/wp-json\/wp\/v2\/product"}],"about":[{"href":"https:\/\/www.hydraulic-cylinders.net\/lv\/wp-json\/wp\/v2\/types\/product"}],"replies":[{"embeddable":true,"href":"https:\/\/www.hydraulic-cylinders.net\/lv\/wp-json\/wp\/v2\/comments?post=896"}],"wp:featuredmedia":[{"embeddable":true,"href":"https:\/\/www.hydraulic-cylinders.net\/lv\/wp-json\/wp\/v2\/media\/899"}],"wp:attachment":[{"href":"https:\/\/www.hydraulic-cylinders.net\/lv\/wp-json\/wp\/v2\/media?parent=896"}],"wp:term":[{"taxonomy":"product_brand","embeddable":true,"href":"https:\/\/www.hydraulic-cylinders.net\/lv\/wp-json\/wp\/v2\/product_brand?post=896"},{"taxonomy":"product_cat","embeddable":true,"href":"https:\/\/www.hydraulic-cylinders.net\/lv\/wp-json\/wp\/v2\/product_cat?post=896"},{"taxonomy":"product_tag","embeddable":true,"href":"https:\/\/www.hydraulic-cylinders.net\/lv\/wp-json\/wp\/v2\/product_tag?post=896"}],"curies":[{"name":"wp","href":"https:\/\/api.w.org\/{rel}","templated":true}]}}