{"id":900,"date":"2023-09-01T08:19:20","date_gmt":"2023-09-01T08:19:20","guid":{"rendered":"https:\/\/hydraulic-cylinders.net\/?post_type=product&#038;p=900"},"modified":"2023-09-19T01:27:26","modified_gmt":"2023-09-19T01:27:26","slug":"fb-rear-flange-type-heavy-rod-hydraulic-cylinder","status":"publish","type":"product","link":"https:\/\/www.hydraulic-cylinders.net\/lv\/products\/fb-rear-flange-type-heavy-rod-hydraulic-cylinder\/","title":{"rendered":"FB Aizmugur\u0113j\u0101 atloka tipa smagais stie\u0146a hidrauliskais cilindrs"},"content":{"rendered":"<h1 style=\"text-align: center;\"><strong>FB Aizmugur\u0113j\u0101 atloka tipa smagais stie\u0146a hidrauliskais cilindrs<\/strong><\/h1>\n<p>FB aizmugur\u0113j\u0101 atloka tipa smag\u0101 stie\u0146a hidrauliskais cilindrs ir augstas veiktsp\u0113jas hidrauliskais elements, kas paredz\u0113ts, lai nodro\u0161in\u0101tu izcilu jaudu, iztur\u012bbu un daudzpus\u012bbu pla\u0161\u0101 r\u016bpniecisko pielietojumu kl\u0101st\u0101. Pateicoties t\u0101 iztur\u012bgajai konstrukcijai, prec\u012bzajai in\u017eenierijai un uzlabotaj\u0101m funkcij\u0101m, \u0161is smag\u0101 stie\u0146a hidrauliskais cilindrs var izcelties sare\u017e\u0123\u012btos uzdevumos, kuriem nepiecie\u0161ama uzticama sp\u0113ka izvade un prec\u012bza vad\u012bba. S\u0101kot no smag\u0101s tehnikas l\u012bdz materi\u0101lu apstr\u0101des iek\u0101rt\u0101m, FB aizmugur\u0113j\u0101 atloka smag\u0101 stie\u0146a hidrauliskie cilindri ir paredz\u0113ti, lai nodro\u0161in\u0101tu optim\u0101lu veiktsp\u0113ju un efektivit\u0101ti da\u017e\u0101d\u0101s r\u016bpniecisk\u0101s vid\u0113s.<\/p>\n<p>Smago stie\u0146u hidraulisk\u0101 cilindra galven\u0101s \u012bpa\u0161\u012bbas:<\/p>\n<p><strong>Iztur\u012bga konstrukcija<\/strong>FB aizmugur\u0113j\u0101 atloka tipa smag\u0101 stie\u0146a hidrauliskajam cilindram ir iztur\u012bga konstrukcija, un taj\u0101 izmantoti augstas kvalit\u0101tes materi\u0101li, piem\u0113ram, t\u0113rauds vai sakaus\u0113jumi, lai iztur\u0113tu lielas slodzes, \u0101rk\u0101rt\u0113ju spiedienu un skarbus ekspluat\u0101cijas apst\u0101k\u013cus. T\u0101 iztur\u012bg\u0101 konstrukcija nodro\u0161ina ilgsto\u0161u iztur\u012bbu un iztur\u012bbu pret nodilumu, koroziju un boj\u0101jumiem.<\/p>\n<p><strong>Augsta sp\u0113ka jauda<\/strong>\u0160is smag\u0101 stie\u0146a hidrauliskais cilindrs ir izstr\u0101d\u0101ts, lai nodro\u0161in\u0101tu izcilu sp\u0113ka izvadi, padarot to ide\u0101li piem\u0113rotu lietojumiem, kas saist\u012bti ar smagu kravu cel\u0161anu, stum\u0161anu vai vilk\u0161anu. T\u0101 lielais virzu\u013ca diametrs un augst\u0101 spiediena sp\u0113ja nodro\u0161ina nepiecie\u0161amo iztur\u012bbu, lai viegli tiktu gal\u0101 ar sare\u017e\u0123\u012btiem uzdevumiem.<\/p>\n<p><strong>Daudzpus\u012bgs dizains<\/strong>FB aizmugur\u0113j\u0101 atloka tipa smag\u0101 stie\u0146a hidrauliskais cilindrs pied\u0101v\u0101 daudzpus\u012bgu dizainu, padarot to viegli integr\u0113jamu da\u017e\u0101d\u0101s hidrauliskaj\u0101s sist\u0113m\u0101s. Aizmugur\u0113j\u0101 atloka konstrukcija nodro\u0161ina elast\u012bgas mont\u0101\u017eas iesp\u0113jas, nodro\u0161inot sader\u012bbu ar da\u017e\u0101d\u0101m iek\u0101rt\u0101m un ma\u0161\u012bn\u0101m.<\/p>\n<p><img loading=\"lazy\" decoding=\"async\" class=\"size-medium wp-image-902 aligncenter\" src=\"https:\/\/hydraulic-cylinders.net\/wp-content\/uploads\/2023\/09\/fb-rear-flange-type-heavy-rod-hydraulic-cylinder-3-300x300.webp\" alt=\"\" width=\"300\" height=\"300\" srcset=\"https:\/\/www.hydraulic-cylinders.net\/wp-content\/uploads\/2023\/09\/fb-rear-flange-type-heavy-rod-hydraulic-cylinder-3-300x300.webp 300w, https:\/\/www.hydraulic-cylinders.net\/wp-content\/uploads\/2023\/09\/fb-rear-flange-type-heavy-rod-hydraulic-cylinder-3-100x100.webp 100w, https:\/\/www.hydraulic-cylinders.net\/wp-content\/uploads\/2023\/09\/fb-rear-flange-type-heavy-rod-hydraulic-cylinder-3-150x150.webp 150w, https:\/\/www.hydraulic-cylinders.net\/wp-content\/uploads\/2023\/09\/fb-rear-flange-type-heavy-rod-hydraulic-cylinder-3-12x12.webp 12w, https:\/\/www.hydraulic-cylinders.net\/wp-content\/uploads\/2023\/09\/fb-rear-flange-type-heavy-rod-hydraulic-cylinder-3.webp 353w\" sizes=\"(max-width: 300px) 100vw, 300px\" \/><\/p>\n<h2><strong>FB aizmugur\u0113j\u0101 atloka tipa smag\u0101 stie\u0146a hidraulisk\u0101 cilindra parametrs:<\/strong><\/h2>\n<p><img loading=\"lazy\" decoding=\"async\" class=\"alignnone wp-image-959 size-full\" src=\"https:\/\/hydraulic-cylinders.net\/wp-content\/uploads\/2023\/09\/fb-rear-flange-type-heavy-rod-hydraulic-cylinder-2.webp\" alt=\"\" width=\"790\" height=\"502\" srcset=\"https:\/\/hydraulic-cylinders.net\/wp-content\/uploads\/2023\/09\/fb-rear-flange-type-heavy-rod-hydraulic-cylinder-2.webp 790w, https:\/\/hydraulic-cylinders.net\/wp-content\/uploads\/2023\/09\/fb-rear-flange-type-heavy-rod-hydraulic-cylinder-2-480x305.webp 480w\" sizes=\"(min-width: 0px) and (max-width: 480px) 480px, (min-width: 481px) 790px, 100vw\" \/><\/p>\n<h2><strong>FB Aizmugur\u0113j\u0101 atloka tipa smagais stie\u0146a hidrauliskais cilindrs <\/strong><strong>Lieto\u0161anas metode<\/strong><strong>:<\/strong><\/h2>\n<p><strong>Mont\u0101\u017ea<\/strong>Vispirms dro\u0161i uzst\u0101diet FA priek\u0161\u0113j\u0101s atloka smag\u0101 stie\u0146a hidraulisko cilindru paredz\u0113taj\u0101 viet\u0101, izmantojot atbilsto\u0161\u0101s mont\u0101\u017eas kron\u0161teinus vai stiprin\u0101jumus. Uzst\u0101d\u012b\u0161anas laik\u0101 nodro\u0161iniet pareizu izl\u012bdzin\u0101\u0161anu un stabilit\u0101ti, lai nov\u0113rstu jebk\u0101du nepareizu izl\u012bdzin\u0101\u0161anu vai spriegumu cilindros.<\/p>\n<p><strong>Hidraulisk\u0101s sist\u0113mas integr\u0101cija<\/strong>Lai pievienotu hidraulisk\u0101s l\u012bnijas cilindru piesl\u0113gviet\u0101m, iev\u0113rojiet ra\u017eot\u0101ja nor\u0101d\u012bjumus un vadl\u012bnijas. Cilindrs tiek integr\u0113ts hidrauliskaj\u0101 sist\u0113m\u0101, pievienojot to piem\u0113rotam s\u016bknim vai baro\u0161anas blokam. P\u0101rliecinieties, vai ir iev\u0113rotas cilindru specifik\u0101cijas un ekspluat\u0101cijas pras\u012bbas.<\/p>\n<p><strong>Vad\u012bba un darb\u012bba<\/strong>Hidraulisk\u0101s sist\u0113mas vad\u012bbas v\u0101rsts tiek izmantots, lai regul\u0113tu hidraulisk\u0101s e\u013c\u013cas pl\u016bsmu cilindr\u0101 un no t\u0101. Piel\u0101gojiet vad\u012bbas iestat\u012bjumus atbilsto\u0161i v\u0113lamajai line\u0101rajai kust\u012bbai un sp\u0113ka izvadei. P\u0101rbaudiet cilindra kust\u012bbu, lai p\u0101rliecin\u0101tos par t\u0101 darb\u012bbu un rea\u0123\u0113tsp\u0113ju.<\/p>\n<h2><strong>FB Aizmugur\u0113j\u0101 atloka tipa smagais stie\u0146a hidrauliskais cilindrs <\/strong><strong>Apkope<\/strong><strong>:<\/strong><\/h2>\n<p>Lai nodro\u0161in\u0101tu FB aizmugur\u0113j\u0101 atloka tipa smag\u0101 stie\u0146a hidraulisk\u0101 cilindra optim\u0101lu veiktsp\u0113ju un ilgm\u016b\u017e\u012bbu, ir \u013coti svar\u012bgi veikt regul\u0101ru apkopi. \u0160eit ir da\u017ei apkopes padomi, kas j\u0101iev\u0113ro:<\/p>\n<p><strong>Regul\u0101ra p\u0101rbaude<\/strong>Veiciet regul\u0101ras p\u0101rbaudes, lai noteiktu jebk\u0101das nodiluma, boj\u0101jumu vai nopl\u016b\u017eu paz\u012bmes. P\u0101rbaudiet cilindru blokus, virzu\u013cu stie\u0146us, bl\u012bves un citas sast\u0101vda\u013cas, vai nav novir\u017eu. Nekav\u0113joties atrisiniet visas probl\u0113mas, lai nov\u0113rstu turpm\u0101kus savainojumus vai darb\u012bbas neefektivit\u0101ti.<\/p>\n<p><strong>E\u013c\u013co\u0161ana<\/strong>Uzkl\u0101jiet ieteicamo sm\u0113rvielu uz cilindra kust\u012bgaj\u0101m da\u013c\u0101m, tostarp st\u016bres stie\u0146iem un bl\u012bv\u0113m. Regul\u0101ra e\u013c\u013co\u0161ana samazina berzi, samazina nodilumu un nodro\u0161ina vienm\u0113r\u012bgu darb\u012bbu. Izmantojiet atbilsto\u0161u sm\u0113rvielas veidu saska\u0146\u0101 ar ra\u017eot\u0101ja e\u013c\u013co\u0161anas interv\u0101la vadl\u012bnij\u0101m.<\/p>\n<p><strong>Bl\u012bv\u0113juma nomai\u0146a<\/strong>Ja tiek konstat\u0113ts, ka bl\u012bves ir nolietoju\u0161\u0101s vai t\u0101m ir nopl\u016bde, nomainiet bl\u012bves ar ra\u017eot\u0101ja apstiprin\u0101t\u0101m ori\u0123in\u0101laj\u0101m deta\u013c\u0101m. Boj\u0101tas vai nolietotas bl\u012bves var pasliktin\u0101t cilindra darb\u012bbu un izrais\u012bt hidraulisk\u0101s e\u013c\u013cas nopl\u016bdi.<\/p>\n<p><strong>T\u012br\u012b\u0161ana<\/strong>Not\u012briet net\u012brumus, gru\u017eus un citus pies\u0101r\u0146ot\u0101jus un uzturiet cilindrus t\u012brus. Pirms atk\u0101rtotas salik\u0161anas izmantojiet neabraz\u012bvu t\u012br\u012b\u0161anas l\u012bdzekli un p\u0101rliecinieties, ka visas deta\u013cas ir piln\u012bgi sausas. Regul\u0101ra t\u012br\u012b\u0161ana veicina optim\u0101lu veiktsp\u0113ju un nov\u0113r\u0161 priek\u0161laic\u012bgu nodilumu vai boj\u0101jumus.<\/p>\n<h2><strong>K\u0101 nomain\u012bt bl\u012bves hidrauliskaj\u0101 cilindr\u0101\uff1f<\/strong><\/h2>\n<p>Hidraulisk\u0101 cilindra bl\u012bv\u0113jumu nomai\u0146ai nepiecie\u0161ama r\u016bp\u012bga uzman\u012bba un pareiza proced\u016bra, lai nodro\u0161in\u0101tu veiksm\u012bgu nomai\u0146u. \u0160eit ir sniegts soli pa solim sniegts nor\u0101d\u012bjums par bl\u012bv\u0113jumu nomai\u0146u hidrauliskaj\u0101 cilindr\u0101:<\/p>\n<ol>\n<li><strong>Dro\u0161\u012bbas pas\u0101kumi:<\/strong> Pirms jebk\u0101du apkopes darbu uzs\u0101k\u0161anas iev\u0113rojiet atbilsto\u0161us dro\u0161\u012bbas pas\u0101kumus. P\u0101rliecinieties, vai hidrauliskaj\u0101 sist\u0113m\u0101 nav spiediena un vai apr\u012bkojums ir pien\u0101c\u012bgi atbalst\u012bts un nostiprin\u0101ts. Valk\u0101jiet aizsargcimdus un aizsargbrilles, lai pasarg\u0101tu sevi no iesp\u0113jamiem apdraud\u0113jumiem.<\/li>\n<li><strong>Cilindra no\u0146em\u0161ana:<\/strong> Atkar\u012bb\u0101 no konkr\u0113t\u0101s hidraulisk\u0101s sist\u0113mas un cilindra konstrukcijas, iesp\u0113jams, b\u016bs j\u0101no\u0146em hidrauliskais cilindrs no t\u0101 stiprin\u0101juma vietas. Lai ieg\u016btu pareizu cilindra no\u0146em\u0161anas proced\u016bru, iev\u0113rojiet ra\u017eot\u0101ja nor\u0101d\u012bjumus vai skatiet iek\u0101rtas rokasgr\u0101matu.<\/li>\n<li><strong>Cilindra demont\u0101\u017ea:<\/strong> Kad hidrauliskais cilindrs ir no\u0146emts, uzman\u012bgi izjauciet to, lai piek\u013c\u016btu bl\u012bv\u0113m. Parasti hidrauliskie cilindri sast\u0101v no cilindra korpusa, virzu\u013ca, virzu\u013ca stie\u0146a un da\u017e\u0101diem bl\u012bv\u0113jumiem. Veiciet \u0161\u012bs darb\u012bbas: a. No\u0146emiet cilindra galvu: atskr\u016bv\u0113jiet vai atskr\u016bv\u0113jiet cilindra galvu no korpusa, atsegdami virzuli un virzu\u013ca stieni. b. No\u0146emiet virzuli: uzman\u012bgi izb\u012bdiet virzuli no cilindra korpusa. Esiet uzman\u012bgi, lai nesaboj\u0101tu virzuli vai cilindra sienas. c. No\u0146emiet vec\u0101s bl\u012bves: identific\u0113jiet bl\u012bves, kas j\u0101nomaina, piem\u0113ram, virzu\u013ca bl\u012bves, stie\u0146a bl\u012bves vai t\u012br\u012bt\u0101ja bl\u012bves. Izmantojiet atbilsto\u0161us instrumentus, piem\u0113ram, bl\u012bvju no\u0146em\u0161anas irbul\u012b\u0161us vai \u0101\u0137us, lai no\u0146emtu vec\u0101s bl\u012bves no to riev\u0101m. Lai pareizi uzst\u0101d\u012btu jaun\u0101s bl\u012bves, \u0146emiet v\u0113r\u0101 bl\u012bves orient\u0101ciju.<\/li>\n<li><strong>Bl\u012bv\u0113juma sagatavo\u0161ana:<\/strong> Pirms jauno bl\u012bv\u0113jumu uzst\u0101d\u012b\u0161anas p\u0101rbaudiet, vai tiem nav defektu vai boj\u0101jumu. P\u0101rliecinieties, vai jums ir pareizie nomai\u0146as bl\u012bv\u0113jumi, kas atbilst ori\u0123in\u0101lo bl\u012bv\u0113jumu specifik\u0101cij\u0101m. Uzkl\u0101jiet uz jaunajiem bl\u012bv\u0113jumiem pl\u0101nu hidraulisk\u0101s e\u013c\u013cas vai bl\u012bv\u0113jumu sm\u0113rvielas k\u0101rti\u0146u, lai atvieglotu pareizu uzst\u0101d\u012b\u0161anu un samazin\u0101tu berzi.<\/li>\n<li><strong>Bl\u012bv\u0113juma uzst\u0101d\u012b\u0161ana:<\/strong>a. Virzu\u013ca bl\u012bvsl\u0113gi: S\u0101ciet ar jauno virzu\u013ca bl\u012bvsl\u0113gu uzst\u0101d\u012b\u0161anu. Uzman\u012bgi novietojiet bl\u012bvsl\u0113gus to riev\u0101s, p\u0101rliecinoties, ka tie ir vien\u0101 l\u012bmen\u012b un nav sav\u012bti. Izmantojiet bl\u012bvsl\u0113gu uzst\u0101d\u012b\u0161anas instrumentu vai m\u012bkstas virsmas \u0101muru, lai viegli iespiestu bl\u012bvsl\u0113gus viet\u0101. P\u0101rliecinieties, vai bl\u012bvsl\u0113gi \u200b\u200bir vienm\u0113r\u012bgi novietoti un pareizi izl\u012bdzin\u0101ti.b. Stiep\u0146u bl\u012bvsl\u0113gi \u200b\u200bun t\u012br\u012bt\u0101ju bl\u012bvsl\u0113gi: P\u0101rejiet pie stie\u0146a un t\u012br\u012bt\u0101ju bl\u012bvsl\u0113gu uzst\u0101d\u012b\u0161anas. V\u0113lreiz pareizi novietojiet bl\u012bvsl\u0113gus to riev\u0101s, p\u0101rliecinoties, ka tie nav sav\u012bti. Izmantojot bl\u012bvsl\u0113gu uzst\u0101d\u012b\u0161anas instrumentu vai \u0101muru, viegli piespiediet, lai nostiprin\u0101tu bl\u012bvsl\u0113gus.<\/li>\n<li><strong>Salik\u0161ana:<\/strong> Kad visi jaunie bl\u012bvsl\u0113gi \u200b\u200bir uzst\u0101d\u012bti, salieciet hidraulisko cilindru atpaka\u013c. Veiciet \u0161\u012bs darb\u012bbas:a. Uzst\u0101diet virzuli atpaka\u013c: Uzman\u012bgi ieb\u012bdiet virzuli atpaka\u013c cilindra korpus\u0101, p\u0101rliecinoties, ka tas br\u012bvi p\u0101rvietojas bez jebk\u0101diem \u0161\u0137\u0113r\u0161\u013ciem. Ja nepiecie\u0161ams, izl\u012bdziniet visus fiks\u0101cijas meh\u0101nismus, piem\u0113ram, fiks\u0101cijas gredzenus vai fiks\u0101cijas gredzenus.b. Pievienojiet cilindra galvu atpaka\u013c: Uzlieciet cilindra galvu atpaka\u013c uz cilindra korpusa un nostipriniet to ar skr\u016bv\u0113m vai bultskr\u016bv\u0113m. Nodro\u0161iniet pareizu pievilk\u0161anu saska\u0146\u0101 ar ra\u017eot\u0101ja specifik\u0101cij\u0101m.<\/li>\n<li><strong>Cilindra uzst\u0101d\u012b\u0161ana:<\/strong> Ja esat no\u0146\u0113mis hidraulisko cilindru no t\u0101 stiprin\u0101juma vietas, uzst\u0101diet to atpaka\u013c, iev\u0113rojot atbilsto\u0161o proced\u016bru. Nodro\u0161iniet pareizu izl\u012bdzin\u0101\u0161anu un savienojumu ar hidraulisko sist\u0113mu, ieskaitot l\u012bnijas un savienojumus.<\/li>\n<li><strong>Test\u0113\u0161ana un p\u0101rbaude:<\/strong> P\u0113c hidraulisk\u0101 cilindra atk\u0101rtotas uzst\u0101d\u012b\u0161anas p\u0101rbaudiet t\u0101 darb\u012bbu. Pak\u0101peniski piepildiet sist\u0113mu ar spiedienu un p\u0101rbaudiet, vai nav nopl\u016b\u017eu, neparastu trok\u0161\u0146u vai nepareizas darb\u012bbas. Veiciet r\u016bp\u012bgu p\u0101rbaudi, lai p\u0101rliecin\u0101tos, ka bl\u012bves darbojas, k\u0101 paredz\u0113ts.<\/li>\n<\/ol>\n<h2><strong>R\u016bpn\u012bcas iesp\u0113jas un jauda:<\/strong><\/h2>\n<h3>(1) Mont\u0101\u017ea<\/h3>\n<p>Mums ir pirmklas\u012bga neatkar\u012bga p\u0113tniec\u012bbas un att\u012bst\u012bbas mont\u0101\u017eas platforma. Hidraulisko cilindru ra\u017eo\u0161anas darbn\u012bc\u0101 ir \u010detras pusautom\u0101tiskas pacel\u0161anas cilindru mont\u0101\u017eas l\u012bnijas un viena autom\u0101tisk\u0101 sl\u012bpuma cilindru mont\u0101\u017eas l\u012bnija ar projekt\u0113to gada ra\u017eo\u0161anas jaudu 1 miljons vien\u012bbu. Speci\u0101lo cilindru darbn\u012bca ir apr\u012bkota ar da\u017e\u0101du specifik\u0101ciju pusautom\u0101tisku t\u012br\u012b\u0161anas mont\u0101\u017eas sist\u0113mu ar projekt\u0113to gada ra\u017eo\u0161anas jaudu 200 000 vien\u012bbu un apr\u012bkota ar slaven\u0101m CNC apstr\u0101des iek\u0101rt\u0101m, apstr\u0101des centru, augstas precizit\u0101tes cilindru apstr\u0101des speci\u0101lo apr\u012bkojumu, robotiz\u0113tu metin\u0101\u0161anas iek\u0101rtu, autom\u0101tisku t\u012br\u012b\u0161anas iek\u0101rtu, autom\u0101tisku cilindru mont\u0101\u017eas iek\u0101rtu un autom\u0101tisku kr\u0101so\u0161anas ra\u017eo\u0161anas l\u012bniju. Eso\u0161ais kritiskais apr\u012bkojums ir vair\u0101k nek\u0101 300 komplektu (komplektu). Optim\u0101la iek\u0101rtu resursu sadale un efekt\u012bva izmanto\u0161ana nodro\u0161ina produktu precizit\u0101tes pras\u012bbas un apmierina produktu augst\u0101s kvalit\u0101tes pras\u012bbas.<\/p>\n<p><img loading=\"lazy\" decoding=\"async\" class=\"alignnone wp-image-626\" src=\"https:\/\/hydraulic-cylinders.net\/wp-content\/uploads\/2023\/08\/hydraulic-cylinder-product-1-300x158.webp\" alt=\"\" width=\"495\" height=\"260\" srcset=\"https:\/\/hydraulic-cylinders.net\/wp-content\/uploads\/2023\/08\/hydraulic-cylinder-product-1-300x158.webp 495w, https:\/\/hydraulic-cylinders.net\/wp-content\/uploads\/2023\/08\/hydraulic-cylinder-product-1-480x252.webp 480w\" sizes=\"(min-width: 0px) and (max-width: 480px) 480px, (min-width: 481px) 495px, 100vw\" \/> <img loading=\"lazy\" decoding=\"async\" class=\"alignnone wp-image-627\" src=\"https:\/\/hydraulic-cylinders.net\/wp-content\/uploads\/2023\/08\/hydraulic-cylinder-product-2-300x189.webp\" alt=\"\" width=\"413\" height=\"260\" \/><\/p>\n<h3>(2) Apstr\u0101de<\/h3>\n<p>Apstr\u0101des cehs ir apr\u012bkots ar piel\u0101gotu sl\u012bpo slie\u017eu virpo\u0161anas centru, apstr\u0101des centru, \u0101trgaitas asin\u0101\u0161anas ma\u0161\u012bnu, metin\u0101\u0161anas robotu un citu saist\u012btu apr\u012bkojumu, kas var apstr\u0101d\u0101t cilindriskas caurules ar maksim\u0101lo iek\u0161\u0113jo diametru 400 mm un maksim\u0101lo garumu 6 metri.<\/p>\n<p><img loading=\"lazy\" decoding=\"async\" class=\"alignnone wp-image-628 size-large\" src=\"https:\/\/hydraulic-cylinders.net\/wp-content\/uploads\/2023\/08\/hydraulic-cylinder-product-3-1024x391.webp\" alt=\"\" width=\"1024\" height=\"391\" srcset=\"https:\/\/hydraulic-cylinders.net\/wp-content\/uploads\/2023\/08\/hydraulic-cylinder-product-3-980x374.webp 980w, https:\/\/hydraulic-cylinders.net\/wp-content\/uploads\/2023\/08\/hydraulic-cylinder-product-3-480x183.webp 480w\" sizes=\"(min-width: 0px) and (max-width: 480px) 480px, (min-width: 481px) and (max-width: 980px) 980px, (min-width: 981px) 1024px, 100vw\" \/><\/p>\n<h3>(3) Metin\u0101\u0161ana<\/h3>\n<p><img loading=\"lazy\" decoding=\"async\" class=\"alignnone wp-image-629 size-large\" src=\"https:\/\/hydraulic-cylinders.net\/wp-content\/uploads\/2023\/08\/hydraulic-cylinder-product-4-1024x510.webp\" alt=\"\" width=\"1024\" height=\"510\" srcset=\"https:\/\/hydraulic-cylinders.net\/wp-content\/uploads\/2023\/08\/hydraulic-cylinder-product-4-980x488.webp 980w, https:\/\/hydraulic-cylinders.net\/wp-content\/uploads\/2023\/08\/hydraulic-cylinder-product-4-480x239.webp 480w\" sizes=\"(min-width: 0px) and (max-width: 480px) 480px, (min-width: 481px) and (max-width: 980px) 980px, (min-width: 981px) 1024px, 100vw\" \/><\/p>\n<h3>(4) Kr\u0101so\u0161ana un p\u0101rkl\u0101\u0161ana<\/h3>\n<p>Ar maz\u0101m un vid\u0113ja izm\u0113ra cilindrisk\u0101m autom\u0101tisk\u0101m \u016bdens b\u0101zes kr\u0101su p\u0101rkl\u0101\u0161anas l\u012bnij\u0101m, lai pan\u0101ktu autom\u0101tisku robotu iekrau\u0161anu un izkrau\u0161anu un autom\u0101tisku izsmidzin\u0101\u0161anu, projekt\u0113t\u0101 jauda ir 4000 gabali mai\u0146\u0101;<br \/>\nMums ir ar\u012b pusautom\u0101tiska kr\u0101su ra\u017eo\u0161anas l\u012bnija lieliem baloniem, ko darbina \u0137\u0113des piedzi\u0146a, ar 60 kastu konstrukcijas jaudu vien\u0101 mai\u0146\u0101.<\/p>\n<p><img loading=\"lazy\" decoding=\"async\" class=\"alignnone wp-image-630\" src=\"https:\/\/hydraulic-cylinders.net\/wp-content\/uploads\/2023\/08\/hydraulic-cylinder-product-5-300x213.webp\" alt=\"\" width=\"366\" height=\"260\" \/> <img loading=\"lazy\" decoding=\"async\" class=\"alignnone wp-image-631\" src=\"https:\/\/hydraulic-cylinders.net\/wp-content\/uploads\/2023\/08\/hydraulic-cylinder-product-6-300x225.webp\" alt=\"\" width=\"347\" height=\"260\" \/><\/p>\n<h3>(5) Test\u0113\u0161ana<\/h3>\n<p>Mums ir augst\u0101k\u0101s klases p\u0101rbaudes iek\u0101rtas un test\u0113\u0161anas stendi, lai nodro\u0161in\u0101tu, ka balona veiktsp\u0113ja atbilst pras\u012bb\u0101m.<\/p>\n<p><img loading=\"lazy\" decoding=\"async\" class=\"alignnone wp-image-632\" src=\"https:\/\/hydraulic-cylinders.net\/wp-content\/uploads\/2023\/08\/hydraulic-cylinder-product-8-300x200.webp\" alt=\"\" width=\"389\" height=\"260\" \/><\/p>\n<p>&nbsp;<\/p>\n<p>&nbsp;<\/p>\n<p>M\u0113s esam viens no lab\u0101kajiem lieljaudas stie\u0146u hidraulisko cilindru ra\u017eot\u0101jiem. M\u0113s varam pied\u0101v\u0101t pla\u0161u lieljaudas stie\u0146u hidraulisko cilindru kl\u0101stu. M\u0113s nodro\u0161in\u0101m ar\u012b atbilsto\u0161us <a href=\"https:\/\/hzpt.com\/agricultural-pto-gearbox\/\" target=\"_blank\" rel=\"noopener\">lauksaimniec\u012bbas p\u0101rnesumk\u0101rbas<\/a>M\u0113s esam eksport\u0113ju\u0161i savus produktus klientiem vis\u0101 pasaul\u0113 un ieguvu\u0161i labu reput\u0101ciju, pateicoties m\u016bsu augst\u0101kajai produktu kvalit\u0101tei un p\u0113cp\u0101rdo\u0161anas apkalpo\u0161anai. M\u0113s sirsn\u012bgi sveicam klientus gan m\u0101j\u0101s, gan \u0101rzem\u0113s sazin\u0101ties ar mums, lai veiktu dar\u012bjumus, apmain\u012btos ar inform\u0101ciju un\u00a0<a href=\"https:\/\/www.hydraulic-cylinders.net\/lv\/contact-us\/\">sadarboties ar mums<\/a>!<\/p>\n<p>&nbsp;<\/p>\n<h2><\/h2>","protected":false},"excerpt":{"rendered":"<p>FB Rear Flange Type Heavy Rod Hydraulic Cylinder The FB rear flange type heavy rod hydraulic cylinder is a high performance hydraulic element designed to provide superior power, durability and versatility in a wide range of industrial applications. With its robust construction, precise engineering and advanced features, this heavy rod hydraulic cylinder can stand out [&hellip;]<\/p>","protected":false},"featured_media":903,"comment_status":"open","ping_status":"closed","template":"","meta":{"_et_pb_use_builder":"","_et_pb_old_content":"","_et_gb_content_width":""},"product_brand":[],"product_cat":[1376,1385],"product_tag":[1380],"class_list":{"0":"post-900","1":"product","2":"type-product","3":"status-publish","4":"has-post-thumbnail","6":"product_cat-hydraulic-cylinder","7":"product_cat-heavy-rod-hydraulic-cylinder","8":"product_tag-hydraulic-cylinder","10":"first","11":"instock","12":"shipping-taxable","13":"product-type-simple"},"amp_enabled":true,"_links":{"self":[{"href":"https:\/\/www.hydraulic-cylinders.net\/lv\/wp-json\/wp\/v2\/product\/900","targetHints":{"allow":["GET"]}}],"collection":[{"href":"https:\/\/www.hydraulic-cylinders.net\/lv\/wp-json\/wp\/v2\/product"}],"about":[{"href":"https:\/\/www.hydraulic-cylinders.net\/lv\/wp-json\/wp\/v2\/types\/product"}],"replies":[{"embeddable":true,"href":"https:\/\/www.hydraulic-cylinders.net\/lv\/wp-json\/wp\/v2\/comments?post=900"}],"wp:featuredmedia":[{"embeddable":true,"href":"https:\/\/www.hydraulic-cylinders.net\/lv\/wp-json\/wp\/v2\/media\/903"}],"wp:attachment":[{"href":"https:\/\/www.hydraulic-cylinders.net\/lv\/wp-json\/wp\/v2\/media?parent=900"}],"wp:term":[{"taxonomy":"product_brand","embeddable":true,"href":"https:\/\/www.hydraulic-cylinders.net\/lv\/wp-json\/wp\/v2\/product_brand?post=900"},{"taxonomy":"product_cat","embeddable":true,"href":"https:\/\/www.hydraulic-cylinders.net\/lv\/wp-json\/wp\/v2\/product_cat?post=900"},{"taxonomy":"product_tag","embeddable":true,"href":"https:\/\/www.hydraulic-cylinders.net\/lv\/wp-json\/wp\/v2\/product_tag?post=900"}],"curies":[{"name":"wp","href":"https:\/\/api.w.org\/{rel}","templated":true}]}}