{"id":912,"date":"2023-09-04T01:48:53","date_gmt":"2023-09-04T01:48:53","guid":{"rendered":"https:\/\/hydraulic-cylinders.net\/?post_type=product&#038;p=912"},"modified":"2023-09-04T05:47:40","modified_gmt":"2023-09-04T05:47:40","slug":"lb-front-and-back-foot-type-heavy-rod-hydraulic-cylinder","status":"publish","type":"product","link":"https:\/\/www.hydraulic-cylinders.net\/lv\/products\/lb-front-and-back-foot-type-heavy-rod-hydraulic-cylinder\/","title":{"rendered":"LB priek\u0161\u0113jais un aizmugur\u0113jais k\u0101ju tipa smagais stie\u0146a hidrauliskais cilindrs"},"content":{"rendered":"<h1 style=\"text-align: center;\"><strong>LB priek\u0161\u0113jais un aizmugur\u0113jais k\u0101ju tipa smagais stie\u0146a hidrauliskais cilindrs<\/strong><\/h1>\n<p>LB priek\u0161\u0113j\u0101s un aizmugur\u0113j\u0101s p\u0113das smag\u0101 stie\u0146a hidrauliskie cilindri ir modern\u0101kie hidrauliskie elementi, kas paredz\u0113ti, lai apmierin\u0101tu da\u017e\u0101du r\u016bpniecisku pielietojumu vajadz\u012bbas. Ar savu iztur\u012bgo konstrukciju, izcilu sp\u0113ka jaudu un unik\u0101lo priek\u0161\u0113j\u0101s un aizmugur\u0113j\u0101s p\u0113das dizainu \u0161is hidrauliskais cilindrs pied\u0101v\u0101 izcilu jaudu, precizit\u0101ti un daudzpus\u012bbu. Neatkar\u012bgi no t\u0101, vai tiek veikta smagu kravu cel\u0161ana, stum\u0161ana vai vilk\u0161ana, LB priek\u0161\u0113j\u0101s un aizmugur\u0113j\u0101s p\u0113das smag\u0101 stie\u0146a hidrauliskie cilindri nodro\u0161ina uzticamu veiktsp\u0113ju, lai optimiz\u0113tu r\u016bpniecisk\u0101s darb\u012bbas.<\/p>\n<p>Smago stie\u0146u hidraulisk\u0101 cilindra b\u016btisk\u0101s \u012bpa\u0161\u012bbas:<\/p>\n<p><strong>Iztur\u012bga konstrukcija:<\/strong>\u00a0 \u0160is smag\u0101 stie\u0146a hidrauliskais cilindrs ir izgatavots no augstas kvalit\u0101tes materi\u0101liem, piem\u0113ram, cieta t\u0113rauda vai sakaus\u0113jumiem, lai nodro\u0161in\u0101tu iztur\u012bbu un ilgm\u016b\u017e\u012bbu. T\u0101 iztur\u012bg\u0101 konstrukcija \u013cauj tam iztur\u0113t lielas slodzes, augstu spiedienu un sare\u017e\u0123\u012btus vides apst\u0101k\u013cus, padarot to piem\u0113rotu sare\u017e\u0123\u012btiem r\u016bpnieciskiem uzdevumiem.<\/p>\n<p><strong>Augstas jaudas jauda:<\/strong>\u00a0 LB priek\u0161\u0113j\u0101 un aizmugur\u0113j\u0101 p\u0113das smag\u0101 stie\u0146a hidrauliskajiem cilindriem ir iespaid\u012bga sp\u0113ka jauda, \u200b\u200bkas padara tos ide\u0101li piem\u0113rotus lietojumiem, kuriem nepiecie\u0161ama liela jauda. To lielais virzu\u013ca diametrs un augstspiediena sp\u0113ja nodro\u0161ina izcilu iztur\u012bbu, lai viegli tiktu gal\u0101 ar smagiem uzdevumiem.<\/p>\n<p><strong>Priek\u0161\u0113j\u0101s un aizmugur\u0113j\u0101s p\u0113das dizains:<\/strong>\u00a0 \u0160im hidrauliskajam cilindram ir unik\u0101ls displeja un aizmugur\u0113j\u0101s p\u0113das dizains da\u017e\u0101d\u0101m mont\u0101\u017eas iesp\u0113j\u0101m. Priek\u0161\u0113j\u0101s un aizmugur\u0113j\u0101s p\u0113das izvietojums nodro\u0161ina stabilit\u0101ti un palielina cilindra nestsp\u0113ju. \u0160o konstrukciju ir viegli uzst\u0101d\u012bt un integr\u0113t da\u017e\u0101d\u0101s hidrauliskaj\u0101s sist\u0113m\u0101s un iek\u0101rtu konfigur\u0101cij\u0101s, nodro\u0161inot elast\u012bbu un piel\u0101gojam\u012bbu.<\/p>\n<p><strong>Prec\u012bza kontrole:<\/strong>\u00a0 LB priek\u0161\u0113j\u0101s un aizmugur\u0113j\u0101s p\u0113das smag\u0101 stie\u0146a hidrauliskie cilindri izmanto prec\u012bzi apstr\u0101d\u0101tas deta\u013cas un augstas kvalit\u0101tes bl\u012bves, lai nodro\u0161in\u0101tu prec\u012bzu un uzticamu darb\u012bbu. Tie var prec\u012bzi kontrol\u0113t kravu kust\u012bbu un pozicion\u0113\u0161anu efekt\u012bvai un atbilsto\u0161ai apstr\u0101dei.<\/p>\n<p><img loading=\"lazy\" decoding=\"async\" class=\"aligncenter wp-image-915 size-full\" src=\"https:\/\/hydraulic-cylinders.net\/wp-content\/uploads\/2023\/09\/lb-front-and-back-foot-type-heavy-rod-hydraulic-cylinder-2.webp\" alt=\"\" width=\"269\" height=\"269\" srcset=\"https:\/\/www.hydraulic-cylinders.net\/wp-content\/uploads\/2023\/09\/lb-front-and-back-foot-type-heavy-rod-hydraulic-cylinder-2.webp 269w, https:\/\/www.hydraulic-cylinders.net\/wp-content\/uploads\/2023\/09\/lb-front-and-back-foot-type-heavy-rod-hydraulic-cylinder-2-100x100.webp 100w, https:\/\/www.hydraulic-cylinders.net\/wp-content\/uploads\/2023\/09\/lb-front-and-back-foot-type-heavy-rod-hydraulic-cylinder-2-150x150.webp 150w, https:\/\/www.hydraulic-cylinders.net\/wp-content\/uploads\/2023\/09\/lb-front-and-back-foot-type-heavy-rod-hydraulic-cylinder-2-12x12.webp 12w\" sizes=\"(max-width: 269px) 100vw, 269px\" \/><\/p>\n<h2><strong>LB priek\u0161\u0113j\u0101 un aizmugur\u0113j\u0101 p\u0113das tipa smag\u0101 stie\u0146a hidraulisk\u0101 cilindra parametrs:<\/strong><\/h2>\n<p><img loading=\"lazy\" decoding=\"async\" class=\"alignnone wp-image-914 size-full\" src=\"https:\/\/hydraulic-cylinders.net\/wp-content\/uploads\/2023\/09\/lb-front-and-back-foot-type-heavy-rod-hydraulic-cylinder-1.webp\" alt=\"\" width=\"790\" height=\"711\" srcset=\"https:\/\/hydraulic-cylinders.net\/wp-content\/uploads\/2023\/09\/lb-front-and-back-foot-type-heavy-rod-hydraulic-cylinder-1.webp 790w, https:\/\/hydraulic-cylinders.net\/wp-content\/uploads\/2023\/09\/lb-front-and-back-foot-type-heavy-rod-hydraulic-cylinder-1-480x432.webp 480w\" sizes=\"(min-width: 0px) and (max-width: 480px) 480px, (min-width: 481px) 790px, 100vw\" \/><\/p>\n<h2><strong>LB priek\u0161\u0113jais un aizmugur\u0113jais k\u0101ju tipa smagais stie\u0146a hidrauliskais cilindrs <\/strong><strong>Lieto\u0161anas metode<\/strong><strong>:<\/strong><\/h2>\n<p><strong>Mont\u0101\u017ea:<\/strong>\u00a0 Vispirms dro\u0161i uzst\u0101diet LB priek\u0161\u0113j\u0101s un aizmugur\u0113j\u0101s p\u0113das smag\u0101 stie\u0146a hidrauliskos cilindrus, izmantojot atbilsto\u0161us kron\u0161teinus vai stiprin\u0101jumus. Uzst\u0101d\u012b\u0161anas laik\u0101 nodro\u0161iniet pareizu izl\u012bdzin\u0101\u0161anu un stabilit\u0101ti, lai nov\u0113rstu cilindru nepareizu izl\u012bdzin\u0101\u0161anu vai spriegumu.<\/p>\n<p><strong>Hidraulisk\u0101s sist\u0113mas integr\u0101cija:<\/strong>\u00a0 Lai pievienotu hidraulisk\u0101s l\u012bnijas cilindru piesl\u0113gviet\u0101m, iev\u0113rojiet ra\u017eot\u0101ja nor\u0101d\u012bjumus un vadl\u012bnijas. Cilindrs tiek integr\u0113ts hidrauliskaj\u0101 sist\u0113m\u0101, piesl\u0113dzot to piem\u0113rotam s\u016bknim vai baro\u0161anas blokam. P\u0101rliecinieties, vai ir iev\u0113rotas cilindru specifik\u0101cijas un ekspluat\u0101cijas pras\u012bbas.<\/p>\n<p><strong>Vad\u012bba un darb\u012bba:<\/strong>\u00a0 Hidraulisk\u0101s sist\u0113mas vad\u012bbas v\u0101rsts regul\u0113 hidraulisk\u0101s e\u013c\u013cas pl\u016bsmu cilindr\u0101 un no t\u0101. Piel\u0101gojiet vad\u012bbas iestat\u012bjumus atbilsto\u0161i v\u0113lamajai line\u0101rajai kust\u012bbai un sp\u0113ka izejai. P\u0101rbaudiet cilindra kust\u012bbu, lai p\u0101rliecin\u0101tos par t\u0101 darb\u012bbu un rea\u0123\u0113tsp\u0113ju.<\/p>\n<h2><strong>LB priek\u0161\u0113jais un aizmugur\u0113jais k\u0101ju tipa smagais stie\u0146a hidrauliskais cilindrs <\/strong><strong>Apkope<\/strong><strong>:<\/strong><\/h2>\n<p>Regul\u0101ra apkope nodro\u0161ina LB priek\u0161\u0113j\u0101 un aizmugur\u0113j\u0101 p\u0113das tipa smag\u0101 stie\u0146a hidraulisk\u0101 cilindra optim\u0101lu veiktsp\u0113ju un ilgm\u016b\u017e\u012bbu. Iev\u0113rojiet \u0161\u012bs apkopes vadl\u012bnijas:<\/p>\n<p><strong>Regul\u0101ra p\u0101rbaude:<\/strong>\u00a0 Veiciet regul\u0101ras p\u0101rbaudes, lai noteiktu nodiluma, boj\u0101jumu vai nopl\u016b\u017eu paz\u012bmes. P\u0101rbaudiet cilindru blokus, virzu\u013cu stie\u0146us, bl\u012bves un citas sast\u0101vda\u013cas, vai nav novir\u017eu. Nekav\u0113joties nov\u0113rsiet visas probl\u0113mas, lai nov\u0113rstu turpm\u0101kus savainojumus vai darb\u012bbas neefektivit\u0101ti.<\/p>\n<p><strong>E\u013c\u013co\u0161ana:<\/strong>\u00a0 Uzkl\u0101jiet ieteicamo sm\u0113rvielu cilindra kust\u012bgaj\u0101m da\u013c\u0101m, tostarp st\u016bres stie\u0146iem un bl\u012bv\u0113m. Regul\u0101ra e\u013c\u013co\u0161ana samazina berzi, samazina nodilumu un nodro\u0161ina vienm\u0113r\u012bgu darb\u012bbu. Izmantojiet atbilsto\u0161u sm\u0113rvielas veidu saska\u0146\u0101 ar ra\u017eot\u0101ja e\u013c\u013co\u0161anas interv\u0101la vadl\u012bnij\u0101m.<\/p>\n<p><strong>Bl\u012bv\u0113juma nomai\u0146a:<\/strong>\u00a0 Ja tiek konstat\u0113ts, ka bl\u012bves ir nolietoju\u0161\u0101s vai nopl\u016bst, nomainiet t\u0101s ar ra\u017eot\u0101ja apstiprin\u0101t\u0101m ori\u0123in\u0101laj\u0101m deta\u013c\u0101m. Boj\u0101tas vai nolietotas bl\u012bves var pasliktin\u0101t cilindra darb\u012bbu un izrais\u012bt hidraulisk\u0101s e\u013c\u013cas nopl\u016bdi.<\/p>\n<p><strong>T\u012br\u012b\u0161ana:<\/strong>\u00a0 Not\u012briet cilindrus, no\u0146emot net\u012brumus, gru\u017eus un citus pies\u0101r\u0146ot\u0101jus. Pirms atk\u0101rtotas salik\u0161anas izmantojiet neabraz\u012bvu t\u012br\u012b\u0161anas l\u012bdzekli un p\u0101rliecinieties, ka visas deta\u013cas ir sausas. Regul\u0101ra t\u012br\u012b\u0161ana veicina optim\u0101lu veiktsp\u0113ju un nov\u0113r\u0161 priek\u0161laic\u012bgu nodilumu vai boj\u0101jumus.<\/p>\n<h2><strong>K\u0101 j\u016bs p\u0101rb\u016bv\u0113jat hidraulisko cilindru?<\/strong><\/h2>\n<p>Hidraulisk\u0101 cilindra atjauno\u0161ana ietver cilindra izjauk\u0161anu, nolietotu vai boj\u0101tu deta\u013cu p\u0101rbaudi un nomai\u0146u, k\u0101 ar\u012b cilindra mont\u0101\u017eu ar jaun\u0101m bl\u012bv\u0113m un cit\u0101m nepiecie\u0161amaj\u0101m deta\u013c\u0101m. \u0160eit ir sniegta visp\u0101r\u012bga soli pa solim sniegta instrukcija par hidraulisk\u0101 cilindra atjauno\u0161anu:<\/p>\n<ol>\n<li><strong>Dro\u0161\u012bbas pas\u0101kumi:<\/strong> Pirms atjauno\u0161anas procesa uzs\u0101k\u0161anas p\u0101rliecinieties, vai hidrauliskaj\u0101 sist\u0113m\u0101 nav spiediena un vai viss hidrauliskais \u0161\u0137idrums ir iztuk\u0161ots. Lai pasarg\u0101tu sevi, valk\u0101jiet atbilsto\u0161us dro\u0161\u012bbas l\u012bdzek\u013cus, piem\u0113ram, cimdus un aizsargbrilles.<\/li>\n<li><strong>Cilindra no\u0146em\u0161ana:<\/strong> Atvienojiet hidraulisko cilindru no iek\u0101rtas vai ma\u0161\u012bnas, pie kuras tas ir piestiprin\u0101ts. Tas var ietvert mont\u0101\u017eas kron\u0161teinu, stiprin\u0101jumu vai citu savienojumu no\u0146em\u0161anu. Iev\u0113rojiet ra\u017eot\u0101ja nor\u0101d\u012bjumus vai iek\u0101rtu rokasgr\u0101matas, lai ieg\u016btu specifiskus nor\u0101d\u012bjumus par j\u016bsu hidraulisko cilindru.<\/li>\n<li><strong>Demont\u0101\u017ea:<\/strong> Uzman\u012bgi izjauciet hidraulisko cilindru, veicot \u0161\u0101das darb\u012bbas:a. No\u0146emiet gala v\u0101ci\u0146us: Parasti hidrauliskajiem cilindriem ir divi gala v\u0101ci\u0146i \u2014 pa vienam katr\u0101 gal\u0101. Atskr\u016bv\u0113jiet skr\u016bves vai bultskr\u016bves, kas tur gala v\u0101ci\u0146us viet\u0101, un uzman\u012bgi no\u0146emiet tos.b. Izvelciet virzuli: Kad gala v\u0101ci\u0146i ir no\u0146emti, uzman\u012bgi izvelciet virzu\u013ca mezglu no cilindra korpusa. Piev\u0113rsiet uzman\u012bbu visu bl\u012bv\u0113jumu vai gult\u0146u orient\u0101cijai un izvietojumam.\n<p>c. No\u0146emiet bl\u012bves un citas sast\u0101vda\u013cas: No\u0146emiet visas bl\u012bves, gult\u0146us un visas p\u0101r\u0113j\u0101s sast\u0101vda\u013cas gan no virzu\u013ca, gan cilindra korpusa. P\u0101rbaudiet katru sast\u0101vda\u013cu, vai nav nodiluma, boj\u0101jumu vai nopl\u016bdes paz\u012bmju.<\/li>\n<li><strong>P\u0101rbaude un nomai\u0146a:<\/strong> P\u0101rbaudiet visas sast\u0101vda\u013cas, tostarp virzuli, cilindra korpusu, bl\u012bves, gult\u0146us un citas deta\u013cas. Mekl\u0113jiet nodiluma, iespiedumu, bedr\u012b\u0161u vai citu boj\u0101jumu paz\u012bmes. Nomainiet visas sast\u0101vda\u013cas, kur\u0101m ir p\u0101rm\u0113r\u012bga nodiluma vai boj\u0101jumu paz\u012bmes. a. Bl\u012bves: Nomainiet visas bl\u012bves ar jaun\u0101m, p\u0101rliecinoties, ka t\u0101s ir pareiz\u0101 izm\u0113ra un tipa j\u016bsu hidrauliskajam cilindram. Pirms uzst\u0101d\u012b\u0161anas iee\u013c\u013cojiet jaun\u0101s bl\u012bves ar hidraulisko \u0161\u0137idrumu. b. Citas sast\u0101vda\u013cas: Ja k\u0101diem gult\u0146iem, buks\u0113m vai cit\u0101m sast\u0101vda\u013c\u0101m ir nodiluma vai boj\u0101jumu paz\u012bmes, nomainiet t\u0101s ar jaun\u0101m saska\u0146\u0101 ar ra\u017eot\u0101ja specifik\u0101cij\u0101m.<\/li>\n<li><strong>T\u012br\u012b\u0161ana:<\/strong> R\u016bp\u012bgi not\u012briet visas deta\u013cas, no\u0146emot net\u012brumus, gru\u017eus vai veco hidraulisko \u0161\u0137idrumu. Pirms atk\u0101rtotas salik\u0161anas izmantojiet piem\u0113rotu t\u012br\u012b\u0161anas l\u012bdzekli, lai p\u0101rliecin\u0101tos, ka visas deta\u013cas ir piln\u012bb\u0101 sausas.<\/li>\n<li><strong>Salik\u0161ana:<\/strong> Lai saliktu hidraulisko cilindru atpaka\u013c, veiciet \u0161\u012bs darb\u012bbas:a. Uzst\u0101diet jaunus bl\u012bv\u0113jumus: uzman\u012bgi uzst\u0101diet jaunus bl\u012bv\u0113jumus uz virzu\u013ca un cilindra korpusa iek\u0161pus\u0113. P\u0101rliecinieties, vai bl\u012bv\u0113jumi ir pareizi orient\u0113ti un izl\u012bdzin\u0101ti.b. Ievietojiet virzuli: uzman\u012bgi ieb\u012bdiet virzu\u013ca mezglu atpaka\u013c cilindra korpus\u0101, uzmanoties, lai nesaboj\u0101tu jaunos bl\u012bv\u0113jumus.\n<p>c. Uzlieciet gala v\u0101ci\u0146us atpaka\u013c: Uzlieciet gala v\u0101ci\u0146us atpaka\u013c uz cilindra korpusa un nostipriniet tos ar atbilsto\u0161\u0101m skr\u016bv\u0113m vai skr\u016bv\u0113m. Pievelciet tos l\u012bdz ra\u017eot\u0101ja ieteiktajam griezes momentam.<\/li>\n<li><strong>Hidraulisk\u0101 \u0161\u0137idruma nomai\u0146a:<\/strong> Piepildiet hidraulisko cilindru ar ieteicamo hidraulisko \u0161\u0137idrumu, p\u0101rliecinoties, ka tas ir pareiza veida un atbilsto\u0161\u0101 l\u012bmen\u012b. Izlaidiet sist\u0113mu no gaisa saska\u0146\u0101 ar ra\u017eot\u0101ja nor\u0101d\u012bjumiem.<\/li>\n<li><strong>Test\u0113\u0161ana:<\/strong> Pievienojiet hidraulisko cilindru iek\u0101rtai vai meh\u0101nismam un p\u0101rbaudiet t\u0101 darb\u012bbu. P\u0101rbaudiet, vai nav nopl\u016b\u017eu vai citu neparastu darb\u012bbu. P\u0101rliecinieties, vai cilindrs darbojas nevainojami un k\u0101 paredz\u0113ts.<\/li>\n<\/ol>\n<h2><strong>R\u016bpn\u012bcas iesp\u0113jas un jauda:<\/strong><\/h2>\n<h3>(1) Mont\u0101\u017ea<\/h3>\n<p>Mums ir pirmklas\u012bga neatkar\u012bga p\u0113tniec\u012bbas un att\u012bst\u012bbas mont\u0101\u017eas platforma. Hidraulisko cilindru ra\u017eo\u0161anas darbn\u012bc\u0101 ir \u010detras pusautom\u0101tiskas pacel\u0161anas cilindru mont\u0101\u017eas l\u012bnijas un viena autom\u0101tisk\u0101 sl\u012bpuma cilindru mont\u0101\u017eas l\u012bnija ar projekt\u0113to gada ra\u017eo\u0161anas jaudu 1 miljons vien\u012bbu. Speci\u0101lo cilindru darbn\u012bca ir apr\u012bkota ar da\u017e\u0101du specifik\u0101ciju pusautom\u0101tisku t\u012br\u012b\u0161anas mont\u0101\u017eas sist\u0113mu ar projekt\u0113to gada ra\u017eo\u0161anas jaudu 200 000 vien\u012bbu un apr\u012bkota ar slaven\u0101m CNC apstr\u0101des iek\u0101rt\u0101m, apstr\u0101des centru, augstas precizit\u0101tes cilindru apstr\u0101des speci\u0101lo apr\u012bkojumu, robotiz\u0113tu metin\u0101\u0161anas iek\u0101rtu, autom\u0101tisku t\u012br\u012b\u0161anas iek\u0101rtu, autom\u0101tisku cilindru mont\u0101\u017eas iek\u0101rtu un autom\u0101tisku kr\u0101so\u0161anas ra\u017eo\u0161anas l\u012bniju. Eso\u0161ais kritiskais apr\u012bkojums ir vair\u0101k nek\u0101 300 komplektu (komplektu). Optim\u0101la iek\u0101rtu resursu sadale un efekt\u012bva izmanto\u0161ana nodro\u0161ina produktu precizit\u0101tes pras\u012bbas un apmierina produktu augst\u0101s kvalit\u0101tes pras\u012bbas.<\/p>\n<p><img loading=\"lazy\" decoding=\"async\" class=\"alignnone wp-image-626\" src=\"https:\/\/hydraulic-cylinders.net\/wp-content\/uploads\/2023\/08\/hydraulic-cylinder-product-1-300x158.webp\" alt=\"\" width=\"495\" height=\"260\" srcset=\"https:\/\/hydraulic-cylinders.net\/wp-content\/uploads\/2023\/08\/hydraulic-cylinder-product-1-300x158.webp 495w, https:\/\/hydraulic-cylinders.net\/wp-content\/uploads\/2023\/08\/hydraulic-cylinder-product-1-480x252.webp 480w\" sizes=\"(min-width: 0px) and (max-width: 480px) 480px, (min-width: 481px) 495px, 100vw\" \/> <img loading=\"lazy\" decoding=\"async\" class=\"alignnone wp-image-627\" src=\"https:\/\/hydraulic-cylinders.net\/wp-content\/uploads\/2023\/08\/hydraulic-cylinder-product-2-300x189.webp\" alt=\"\" width=\"413\" height=\"260\" \/><\/p>\n<h3>(2) Apstr\u0101de<\/h3>\n<p>Apstr\u0101des cehs ir apr\u012bkots ar piel\u0101gotu sl\u012bpo slie\u017eu virpo\u0161anas centru, apstr\u0101des centru, \u0101trgaitas asin\u0101\u0161anas ma\u0161\u012bnu, metin\u0101\u0161anas robotu un citu saist\u012btu apr\u012bkojumu, kas var apstr\u0101d\u0101t cilindriskas caurules ar maksim\u0101lo iek\u0161\u0113jo diametru 400 mm un maksim\u0101lo garumu 6 metri.<\/p>\n<p><img loading=\"lazy\" decoding=\"async\" class=\"alignnone wp-image-628 size-large\" src=\"https:\/\/hydraulic-cylinders.net\/wp-content\/uploads\/2023\/08\/hydraulic-cylinder-product-3-1024x391.webp\" alt=\"\" width=\"1024\" height=\"391\" srcset=\"https:\/\/hydraulic-cylinders.net\/wp-content\/uploads\/2023\/08\/hydraulic-cylinder-product-3-980x374.webp 980w, https:\/\/hydraulic-cylinders.net\/wp-content\/uploads\/2023\/08\/hydraulic-cylinder-product-3-480x183.webp 480w\" sizes=\"(min-width: 0px) and (max-width: 480px) 480px, (min-width: 481px) and (max-width: 980px) 980px, (min-width: 981px) 1024px, 100vw\" \/><\/p>\n<h3>(3) Metin\u0101\u0161ana<\/h3>\n<p><img loading=\"lazy\" decoding=\"async\" class=\"alignnone wp-image-629 size-large\" src=\"https:\/\/hydraulic-cylinders.net\/wp-content\/uploads\/2023\/08\/hydraulic-cylinder-product-4-1024x510.webp\" alt=\"\" width=\"1024\" height=\"510\" srcset=\"https:\/\/hydraulic-cylinders.net\/wp-content\/uploads\/2023\/08\/hydraulic-cylinder-product-4-980x488.webp 980w, https:\/\/hydraulic-cylinders.net\/wp-content\/uploads\/2023\/08\/hydraulic-cylinder-product-4-480x239.webp 480w\" sizes=\"(min-width: 0px) and (max-width: 480px) 480px, (min-width: 481px) and (max-width: 980px) 980px, (min-width: 981px) 1024px, 100vw\" \/><\/p>\n<h3>(4) Kr\u0101so\u0161ana un p\u0101rkl\u0101\u0161ana<\/h3>\n<p>Ar maz\u0101m un vid\u0113ja izm\u0113ra cilindrisk\u0101m autom\u0101tisk\u0101m \u016bdens b\u0101zes kr\u0101su p\u0101rkl\u0101\u0161anas l\u012bnij\u0101m, lai pan\u0101ktu autom\u0101tisku robotu iekrau\u0161anu un izkrau\u0161anu un autom\u0101tisku izsmidzin\u0101\u0161anu, projekt\u0113t\u0101 jauda ir 4000 gabali mai\u0146\u0101;<br \/>\nMums ir ar\u012b pusautom\u0101tiska kr\u0101su ra\u017eo\u0161anas l\u012bnija lieliem baloniem, ko darbina \u0137\u0113des piedzi\u0146a, ar 60 kastu konstrukcijas jaudu vien\u0101 mai\u0146\u0101.<\/p>\n<p><img loading=\"lazy\" decoding=\"async\" class=\"alignnone wp-image-630\" src=\"https:\/\/hydraulic-cylinders.net\/wp-content\/uploads\/2023\/08\/hydraulic-cylinder-product-5-300x213.webp\" alt=\"\" width=\"366\" height=\"260\" \/> <img loading=\"lazy\" decoding=\"async\" class=\"alignnone wp-image-631\" src=\"https:\/\/hydraulic-cylinders.net\/wp-content\/uploads\/2023\/08\/hydraulic-cylinder-product-6-300x225.webp\" alt=\"\" width=\"347\" height=\"260\" \/><\/p>\n<h3>(5) Test\u0113\u0161ana<\/h3>\n<p>Mums ir augst\u0101k\u0101s klases p\u0101rbaudes iek\u0101rtas un test\u0113\u0161anas stendi, lai nodro\u0161in\u0101tu, ka balona veiktsp\u0113ja atbilst pras\u012bb\u0101m.<\/p>\n<p><img loading=\"lazy\" decoding=\"async\" class=\"alignnone wp-image-632\" src=\"https:\/\/hydraulic-cylinders.net\/wp-content\/uploads\/2023\/08\/hydraulic-cylinder-product-8-300x200.webp\" alt=\"\" width=\"389\" height=\"260\" \/><\/p>\n<p>&nbsp;<\/p>\n<p>&nbsp;<\/p>\n<p>M\u0113s esam viens no lab\u0101kajiem lieljaudas stie\u0146u hidraulisko cilindru ra\u017eot\u0101jiem. M\u0113s varam pied\u0101v\u0101t pla\u0161u lieljaudas stie\u0146u hidraulisko cilindru kl\u0101stu. M\u0113s nodro\u0161in\u0101m ar\u012b atbilsto\u0161us <a href=\"https:\/\/hzpt.com\/agricultural-pto-gearbox\/\" target=\"_blank\" rel=\"noopener\">lauksaimniec\u012bbas p\u0101rnesumk\u0101rbas<\/a>M\u0113s esam eksport\u0113ju\u0161i savus produktus klientiem vis\u0101 pasaul\u0113 un ieguvu\u0161i labu reput\u0101ciju, pateicoties m\u016bsu augst\u0101kajai produktu kvalit\u0101tei un p\u0113cp\u0101rdo\u0161anas apkalpo\u0161anai. M\u0113s sirsn\u012bgi sveicam klientus gan m\u0101j\u0101s, gan \u0101rzem\u0113s sazin\u0101ties ar mums, lai veiktu dar\u012bjumus, apmain\u012btos ar inform\u0101ciju un\u00a0<a href=\"https:\/\/www.hydraulic-cylinders.net\/lv\/contact-us\/\">sadarboties ar mums<\/a>!<\/p>\n<p>&nbsp;<\/p>\n<h2><\/h2>","protected":false},"excerpt":{"rendered":"<p>LB Front And Back Foot Type Heavy Rod Hydraulic Cylinder LB front and rear foot heavy rod hydraulic cylinders are state-of-the-art hydraulic elements designed to meet the needs of various industrial applications. With its rugged construction, superior force output, and unique front and rear foot design, this hydraulic cylinder offers exceptional power, precision, and versatility. [&hellip;]<\/p>","protected":false},"featured_media":916,"comment_status":"open","ping_status":"closed","template":"","meta":{"_et_pb_use_builder":"","_et_pb_old_content":"","_et_gb_content_width":""},"product_brand":[],"product_cat":[1376],"product_tag":[1380],"class_list":{"0":"post-912","1":"product","2":"type-product","3":"status-publish","4":"has-post-thumbnail","6":"product_cat-hydraulic-cylinder","7":"product_tag-hydraulic-cylinder","9":"first","10":"instock","11":"shipping-taxable","12":"product-type-simple"},"amp_enabled":true,"_links":{"self":[{"href":"https:\/\/www.hydraulic-cylinders.net\/lv\/wp-json\/wp\/v2\/product\/912","targetHints":{"allow":["GET"]}}],"collection":[{"href":"https:\/\/www.hydraulic-cylinders.net\/lv\/wp-json\/wp\/v2\/product"}],"about":[{"href":"https:\/\/www.hydraulic-cylinders.net\/lv\/wp-json\/wp\/v2\/types\/product"}],"replies":[{"embeddable":true,"href":"https:\/\/www.hydraulic-cylinders.net\/lv\/wp-json\/wp\/v2\/comments?post=912"}],"wp:featuredmedia":[{"embeddable":true,"href":"https:\/\/www.hydraulic-cylinders.net\/lv\/wp-json\/wp\/v2\/media\/916"}],"wp:attachment":[{"href":"https:\/\/www.hydraulic-cylinders.net\/lv\/wp-json\/wp\/v2\/media?parent=912"}],"wp:term":[{"taxonomy":"product_brand","embeddable":true,"href":"https:\/\/www.hydraulic-cylinders.net\/lv\/wp-json\/wp\/v2\/product_brand?post=912"},{"taxonomy":"product_cat","embeddable":true,"href":"https:\/\/www.hydraulic-cylinders.net\/lv\/wp-json\/wp\/v2\/product_cat?post=912"},{"taxonomy":"product_tag","embeddable":true,"href":"https:\/\/www.hydraulic-cylinders.net\/lv\/wp-json\/wp\/v2\/product_tag?post=912"}],"curies":[{"name":"wp","href":"https:\/\/api.w.org\/{rel}","templated":true}]}}