{"id":928,"date":"2023-09-04T03:18:55","date_gmt":"2023-09-04T03:18:55","guid":{"rendered":"https:\/\/hydraulic-cylinders.net\/?post_type=product&#038;p=928"},"modified":"2023-09-19T01:25:35","modified_gmt":"2023-09-19T01:25:35","slug":"cb-type-binaural-type-heavy-rod-hydraulic-cylinder","status":"publish","type":"product","link":"https:\/\/www.hydraulic-cylinders.net\/lv\/products\/cb-type-binaural-type-heavy-rod-hydraulic-cylinder\/","title":{"rendered":"CB tipa bin\u0101ra tipa smagais stie\u0146a hidrauliskais cilindrs"},"content":{"rendered":"<h1 style=\"text-align: center;\"><strong>CB tipa bin\u0101ra tipa smagais stie\u0146a hidrauliskais cilindrs<\/strong><\/h1>\n<p>CB tipa binaur\u0101lais smag\u0101 stie\u0146a hidrauliskais cilindrs ir modern\u0101kais hidrauliskais elements, kas nodro\u0161ina izcilu jaudu, precizit\u0101ti un uzticam\u012bbu pras\u012bgos r\u016bpnieciskos pielietojumos. Ar savu inovat\u012bvo CB tipa binaur\u0101lo dizainu, iztur\u012bgo konstrukciju un uzlabotaj\u0101m funkcij\u0101m \u0161is hidrauliskais cilindrs ir paredz\u0113ts labam darbam sare\u017e\u0123\u012btos apst\u0101k\u013cos. Neatkar\u012bgi no t\u0101, vai jums ir j\u0101pace\u013c, stumj vai j\u0101velk smagas kravas, CB binaur\u0101l\u0101 tipa smag\u0101 stie\u0146a hidrauliskais cilindrs ir j\u016bsu izv\u0113l\u0113tais risin\u0101jums optim\u0101lai veiktsp\u0113jai un efektivit\u0101tei.<\/p>\n<p>CB tipa binauralisk\u0101 tipa smag\u0101 stie\u0146a hidraulisk\u0101 cilindra b\u016btisk\u0101s \u012bpa\u0161\u012bbas:<\/p>\n<p><strong>Iztur\u012bga konstrukcija:<\/strong>\u00a0 CB tipa binaural tipa smag\u0101 stie\u0146a hidrauliskajam cilindram ir iztur\u012bga konstrukcija, kas \u013cauj tam iztur\u0113t ekstrem\u0101lus apst\u0101k\u013cus un lielas slodzes. Izgatavots no augstas kvalit\u0101tes materi\u0101liem, tas pied\u0101v\u0101 izcilu iztur\u012bbu, ilgm\u016b\u017e\u012bbu un nodilumiztur\u012bbu. Iztur\u012bg\u0101 konstrukcija nodro\u0161ina uzticamu darb\u012bbu pat skarbos darba apst\u0101k\u013cos.<\/p>\n<p><strong>CB tipa binaur\u0101lais dizains:<\/strong> Cilindra CB tipa binaur\u0101lais dizains nodro\u0161ina uzlabotu stabilit\u0101ti, kontrol\u0113tu kust\u012bbu un prec\u012bzu pozicion\u0113\u0161anu. Divi paral\u0113li stie\u0146i, kas stiepjas no ab\u0101m cilindra pus\u0113m, nodro\u0161ina l\u012bdzsvarotu sp\u0113ka sadal\u012bjumu un samazina novirzi darb\u012bbas laik\u0101. \u0160\u012b konstrukcijas iez\u012bme uzlabo precizit\u0101ti un efektivit\u0101ti.<\/p>\n<p><strong>Smago stie\u0146u iesp\u0113jas:<\/strong>\u00a0 Cilindra CB tipa binaur\u0101lais dizains nodro\u0161ina uzlabotu stabilit\u0101ti, kontrol\u0113tu kust\u012bbu un prec\u012bzu pozicion\u0113\u0161anu. No ab\u0101m cilindra pus\u0113m stiepjas divi paral\u0113li stie\u0146i, kas nodro\u0161ina l\u012bdzsvarotu sp\u0113ku sadal\u012bjumu un samazina novirzi darb\u012bbas laik\u0101. \u0160\u012b konstrukcijas iez\u012bme uzlabo precizit\u0101ti un efektivit\u0101ti.<\/p>\n<p><img loading=\"lazy\" decoding=\"async\" class=\"wp-image-930 size-full aligncenter\" src=\"https:\/\/hydraulic-cylinders.net\/wp-content\/uploads\/2023\/09\/binaural-type-heavy-rod-hydraulic-cylinder-2-1.webp\" alt=\"\" width=\"790\" height=\"200\" srcset=\"https:\/\/hydraulic-cylinders.net\/wp-content\/uploads\/2023\/09\/binaural-type-heavy-rod-hydraulic-cylinder-2-1.webp 790w, https:\/\/hydraulic-cylinders.net\/wp-content\/uploads\/2023\/09\/binaural-type-heavy-rod-hydraulic-cylinder-2-1-480x122.webp 480w\" sizes=\"(min-width: 0px) and (max-width: 480px) 480px, (min-width: 481px) 790px, 100vw\" \/><\/p>\n<h2><strong>CB tipa binauralisk\u0101 tipa smag\u0101 stie\u0146a hidraulisk\u0101 cilindra parametrs:<\/strong><\/h2>\n<p><img loading=\"lazy\" decoding=\"async\" class=\"alignnone size-full wp-image-319110\" src=\"https:\/\/hzpt.com\/wp-content\/uploads\/2023\/08\/binaural-type-heavy-rod-hydraulic-cylinder-1.webp\" alt=\"\" width=\"790\" height=\"561\" \/><\/p>\n<h2><strong>CB tipa binauralisk\u0101 tipa smag\u0101 stie\u0146a hidraulisk\u0101 cilindra lieto\u0161anas metode<\/strong><strong>:<\/strong><\/h2>\n<p><strong>Mont\u0101\u017ea:<\/strong>\u00a0 Vispirms dro\u0161i uzst\u0101diet divu asu smag\u0101 stie\u0146a hidraulisko cilindru, izmantojot atbilsto\u0161us mont\u0101\u017eas kron\u0161teinus vai stiprin\u0101jumus. Uzst\u0101d\u012b\u0161anas laik\u0101 nodro\u0161iniet pareizu izl\u012bdzin\u0101\u0161anu un stabilit\u0101ti, lai nov\u0113rstu cilindra nepareizu izl\u012bdzin\u0101\u0161anu vai p\u0101rm\u0113r\u012bgu slodzi.<\/p>\n<p><strong>Hidraulisk\u0101s sist\u0113mas integr\u0101cija:<\/strong>\u00a0 Pievienojiet hidraulisk\u0101s l\u012bnijas cilindra piesl\u0113gviet\u0101m, iev\u0113rojot ra\u017eot\u0101ja nor\u0101d\u012bjumus un vadl\u012bnijas. Integr\u0113jiet cilindru hidrauliskaj\u0101 sist\u0113m\u0101, pievienojot to piem\u0113rotam s\u016bknim vai baro\u0161anas blokam. Nodro\u0161iniet sader\u012bbu ar cilindra specifik\u0101cij\u0101m un ekspluat\u0101cijas pras\u012bb\u0101m.<\/p>\n<p><strong>Vad\u012bba un darb\u012bba:<\/strong>\u00a0 Hidraulisk\u0101s sist\u0113mas vad\u012bbas v\u0101rsts regul\u0113 hidraulisk\u0101s e\u013c\u013cas pl\u016bsmu cilindr\u0101 un no t\u0101. Piel\u0101gojiet vad\u012bbas iestat\u012bjumus atbilsto\u0161i v\u0113lamajai line\u0101rajai kust\u012bbai un sp\u0113ka izejai. P\u0101rbaudiet cilindra kust\u012bbu, lai p\u0101rliecin\u0101tos par t\u0101 darb\u012bbu un rea\u0123\u0113tsp\u0113ju.<\/p>\n<h2><strong>CB tipa binauralisk\u0101 tipa smag\u0101 stie\u0146a hidraulisk\u0101 cilindra apkope<\/strong><strong>:<\/strong><\/h2>\n<p>Regul\u0101ra apkope ir b\u016btiska, lai nodro\u0161in\u0101tu divvirzienu tipa smag\u0101 stie\u0146a hidraulisk\u0101 cilindra optim\u0101lu veiktsp\u0113ju un ilgm\u016b\u017e\u012bbu. Iev\u0113rojiet \u0161\u012bs apkopes vadl\u012bnijas:<\/p>\n<p><strong>Regul\u0101ra p\u0101rbaude:<\/strong> Veiciet regul\u0101ras p\u0101rbaudes, lai noteiktu nodiluma, boj\u0101jumu vai nopl\u016b\u017eu paz\u012bmes. P\u0101rbaudiet cilindra korpusu, virzu\u013ca stieni, bl\u012bves un citas sast\u0101vda\u013cas, vai nav novir\u017eu. Nekav\u0113joties nov\u0113rsiet visas probl\u0113mas, lai nov\u0113rstu turpm\u0101kus savainojumus vai darb\u012bbas neefektivit\u0101ti.<\/p>\n<p><strong>E\u013c\u013co\u0161ana:<\/strong>\u00a0 Uzkl\u0101jiet ieteicamo sm\u0113rvielu cilindra kust\u012bgaj\u0101m da\u013c\u0101m, tostarp st\u016bres stie\u0146iem un bl\u012bv\u0113m. Regul\u0101ra e\u013c\u013co\u0161ana samazina berzi, samazina nodilumu un nodro\u0161ina vienm\u0113r\u012bgu darb\u012bbu. Izmantojiet atbilsto\u0161u sm\u0113rvielas veidu saska\u0146\u0101 ar ra\u017eot\u0101ja e\u013c\u013co\u0161anas interv\u0101la vadl\u012bnij\u0101m.<\/p>\n<p><strong>Bl\u012bv\u0113juma nomai\u0146a:<\/strong> Ja paman\u0101t bl\u012bv\u0113juma boj\u0101jumus vai nopl\u016bdi, nomainiet bl\u012bves, izmantojot ori\u0123in\u0101l\u0101s ra\u017eot\u0101ja apstiprin\u0101t\u0101s deta\u013cas. Boj\u0101tas vai nolietotas bl\u012bves var pasliktin\u0101t cilindra darb\u012bbu un izrais\u012bt hidraulisk\u0101 \u0161\u0137idruma nopl\u016bdes.<\/p>\n<p><strong>T\u012br\u012b\u0161ana:<\/strong>\u00a0 Not\u012briet net\u012brumus, gru\u017eus un citus pies\u0101r\u0146ot\u0101jus un uzturiet cilindrus t\u012brus. Pirms atk\u0101rtotas salik\u0161anas izmantojiet neabraz\u012bvu t\u012br\u012b\u0161anas l\u012bdzekli un p\u0101rliecinieties, ka visas deta\u013cas ir sausas. Regul\u0101ra t\u012br\u012b\u0161ana veicina optim\u0101lu veiktsp\u0113ju un nov\u0113r\u0161 priek\u0161laic\u012bgu nodilumu vai boj\u0101jumus.<\/p>\n<h2><strong>K\u0101 atjaunot hidraulisk\u0101 cilindra sh\u0113mu?<\/strong><\/h2>\n<p>Hidraulisk\u0101 cilindra atjauno\u0161ana ietver cilindra izjauk\u0161anu, t\u0101 sast\u0101vda\u013cu p\u0101rbaudi, nolietotu vai boj\u0101tu deta\u013cu nomai\u0146u un cilindra atk\u0101rtotu salik\u0161anu. Lai gan ir gr\u016bti nodro\u0161in\u0101t interakt\u012bvu diagrammu, es varu sniegt jums soli pa solim sniegtu rokasgr\u0101matu par hidraulisk\u0101 cilindra atjauno\u0161anu:<\/p>\n<ol>\n<li><strong>Apkopojiet instrumentus un materi\u0101lus:<\/strong>\n<ul>\n<li>Uzgrie\u017e\u0146u atsl\u0113gas vai uzmavu komplekts<\/li>\n<li>Hidraulisk\u0101 cilindra remonta komplekts (ietver bl\u012bves, O veida gredzenus un citas nepiecie\u0161am\u0101s sast\u0101vda\u013cas)<\/li>\n<li>T\u012br\u012b\u0161anas \u0161\u0137\u012bdin\u0101t\u0101js<\/li>\n<li>Sm\u0113re\u013c\u013ca vai hidrauliskais \u0161\u0137idrums<\/li>\n<li>M\u012bksts \u0101murs vai \u0101murs<\/li>\n<li>Skr\u016bvsp\u012bles (p\u0113c izv\u0113les)<\/li>\n<li>Aizsargbrilles un cimdi<\/li>\n<\/ul>\n<\/li>\n<li><strong>Cilindra demont\u0101\u017ea:<\/strong><br \/>\na. P\u0101rliecinieties, vai hidrauliskaj\u0101 sist\u0113m\u0101 nav spiediena un cilindrs atrodas dro\u0161\u0101 st\u0101vokl\u012b.<br \/>\nb. No\u0146emiet visus stiprin\u0101juma kron\u0161teinus vai stiprin\u0101jumus, kas nostiprina cilindru pie iek\u0101rtas.<br \/>\nc. Atrodiet un no\u0146emiet stiprin\u0101juma skr\u016bves vai tapas, kas tur cilindra gala v\u0101ci\u0146us.<br \/>\nd. Viegli uzsitiet pa gala v\u0101ci\u0146u ar m\u012bkstu \u0101muru vai \u0101muru, lai to iz\u0146emtu no cilindra.<br \/>\ne. Kad gala v\u0101ci\u0146\u0161 ir no\u0146emts, uzman\u012bgi izvelciet virzu\u013ca mezglu, piev\u0113r\u0161ot uzman\u012bbu t\u0101 orient\u0101cijai un vis\u0101m bl\u012bv\u0113m, kas tam var\u0113tu b\u016bt pievienotas.<br \/>\nf. Ja piem\u0113rojams, atk\u0101rtojiet \u0161o procesu ar otru gala v\u0101ci\u0146u.<\/li>\n<li><strong>Komponentu p\u0101rbaude:<\/strong><br \/>\na. P\u0101rbaudiet cilindra korpusu, vai nav redzamas ieskr\u0101p\u0113jumu, bedr\u012b\u0161u vai citu boj\u0101jumu paz\u012bmes. Ja ir iev\u0113rojami boj\u0101jumi, cilindra korpuss var b\u016bt j\u0101nomaina.<br \/>\nb. P\u0101rbaudiet virzuli un stieni, vai tie nav nodilu\u0161i, iedrag\u0101ti vai saliekti. Ja nepiecie\u0161ams, nomainiet virzuli vai stieni.<br \/>\nc. P\u0101rbaudiet bl\u012bves un O veida gredzenus, vai tie nav nodilu\u0161i, plais\u0101ju\u0161i vai boj\u0101ti. Nomainiet visas bl\u012bves, kur\u0101m ir nolietojuma paz\u012bmes.<\/li>\n<li><strong>T\u012br\u012b\u0161ana:<\/strong><br \/>\na. Not\u012briet visas izjaukt\u0101s sast\u0101vda\u013cas, izmantojot piem\u0113rotu t\u012br\u012b\u0161anas \u0161\u0137\u012bdin\u0101t\u0101ju, lai no\u0146emtu net\u012brumus, gru\u017eus un veco sm\u0113rvielu.<br \/>\nb. Izmantojiet m\u012bkstu dr\u0101nu vai birsti, lai no\u0146emtu sp\u012bt\u012bgus atlikumus.<br \/>\nc. Pirms turpin\u0101t, p\u0101rliecinieties, vai visas sast\u0101vda\u013cas ir r\u016bp\u012bgi iz\u017euvu\u0161as.<\/li>\n<li><strong>Salik\u0161ana:<\/strong><br \/>\na. Lai atvieglotu uzst\u0101d\u012b\u0161anu, uzkl\u0101jiet uz jaunajiem bl\u012bvsl\u0113giem un O veida gredzeniem nelielu daudzumu sm\u0113re\u013c\u013cas vai hidraulisk\u0101 \u0161\u0137idruma.<br \/>\nb. Uzst\u0101diet jaun\u0101s bl\u012bves un O veida gredzenus uz virzu\u013ca un gala v\u0101ci\u0146iem, p\u0101rliecinoties, ka tie ir pareizi ievietoti.<br \/>\nc. Uzman\u012bgi ievietojiet virzu\u013ca mezglu atpaka\u013c cilindra korpus\u0101, izl\u012bdzinot to ar stieni un bl\u012bv\u0113m.<br \/>\nd. Izmantojot stiprin\u0101juma skr\u016bves vai tapas, dro\u0161i piestipriniet gala v\u0101ci\u0146us pie cilindra korpusa.<br \/>\ne. Pievelciet skr\u016bves vai tapas l\u012bdz ra\u017eot\u0101ja nor\u0101d\u012btajam griezes momentam.<br \/>\nf. P\u0101rbaudiet virzu\u013ca un stie\u0146a kust\u012bbu, lai nodro\u0161in\u0101tu vienm\u0113r\u012bgu darb\u012bbu.<\/li>\n<li><strong>Balonu p\u0101rbaude:<\/strong><br \/>\na. Uzst\u0101diet hidraulisko cilindru atpaka\u013c uz iek\u0101rtas, iev\u0113rojot ra\u017eot\u0101ja nor\u0101d\u012bjumus.<br \/>\nb. Atjaunojiet hidraulisko spiedienu sist\u0113m\u0101 un p\u0101rbaudiet cilindra darb\u012bbu.<br \/>\nc. Uzraudz\u012bt, vai nav nopl\u016b\u017eu, neparastu trok\u0161\u0146u vai neregul\u0101ru kust\u012bbu.<br \/>\nd. Pirms iek\u0101rtas regul\u0101ras darb\u012bbas atjauno\u0161anas veiciet visus nepiecie\u0161amos piel\u0101gojumus vai remontus.<\/li>\n<\/ol>\n<h2><strong>R\u016bpn\u012bcas iesp\u0113jas un jauda:<\/strong><\/h2>\n<h3>(1) Mont\u0101\u017ea<\/h3>\n<p>Mums ir pirmklas\u012bga neatkar\u012bga p\u0113tniec\u012bbas un att\u012bst\u012bbas mont\u0101\u017eas platforma. Hidraulisko cilindru ra\u017eo\u0161anas darbn\u012bc\u0101 ir \u010detras pusautom\u0101tiskas pacel\u0161anas cilindru mont\u0101\u017eas l\u012bnijas un viena autom\u0101tisk\u0101 sl\u012bpuma cilindru mont\u0101\u017eas l\u012bnija ar projekt\u0113to gada ra\u017eo\u0161anas jaudu 1 miljons vien\u012bbu. Speci\u0101lo cilindru darbn\u012bca ir apr\u012bkota ar da\u017e\u0101du specifik\u0101ciju pusautom\u0101tisku t\u012br\u012b\u0161anas mont\u0101\u017eas sist\u0113mu ar projekt\u0113to gada ra\u017eo\u0161anas jaudu 200 000 vien\u012bbu un apr\u012bkota ar slaven\u0101m CNC apstr\u0101des iek\u0101rt\u0101m, apstr\u0101des centru, augstas precizit\u0101tes cilindru apstr\u0101des speci\u0101lo apr\u012bkojumu, robotiz\u0113tu metin\u0101\u0161anas iek\u0101rtu, autom\u0101tisku t\u012br\u012b\u0161anas iek\u0101rtu, autom\u0101tisku cilindru mont\u0101\u017eas iek\u0101rtu un autom\u0101tisku kr\u0101so\u0161anas ra\u017eo\u0161anas l\u012bniju. Eso\u0161ais kritiskais apr\u012bkojums ir vair\u0101k nek\u0101 300 komplektu (komplektu). Optim\u0101la iek\u0101rtu resursu sadale un efekt\u012bva izmanto\u0161ana nodro\u0161ina produktu precizit\u0101tes pras\u012bbas un apmierina produktu augst\u0101s kvalit\u0101tes pras\u012bbas.<\/p>\n<p><img loading=\"lazy\" decoding=\"async\" class=\"alignnone wp-image-626\" src=\"https:\/\/hydraulic-cylinders.net\/wp-content\/uploads\/2023\/08\/hydraulic-cylinder-product-1-300x158.webp\" alt=\"\" width=\"495\" height=\"260\" srcset=\"https:\/\/hydraulic-cylinders.net\/wp-content\/uploads\/2023\/08\/hydraulic-cylinder-product-1-300x158.webp 495w, https:\/\/hydraulic-cylinders.net\/wp-content\/uploads\/2023\/08\/hydraulic-cylinder-product-1-480x252.webp 480w\" sizes=\"(min-width: 0px) and (max-width: 480px) 480px, (min-width: 481px) 495px, 100vw\" \/> <img loading=\"lazy\" decoding=\"async\" class=\"alignnone wp-image-627\" src=\"https:\/\/hydraulic-cylinders.net\/wp-content\/uploads\/2023\/08\/hydraulic-cylinder-product-2-300x189.webp\" alt=\"\" width=\"413\" height=\"260\" \/><\/p>\n<h3>(2) Apstr\u0101de<\/h3>\n<p>Apstr\u0101des cehs ir apr\u012bkots ar piel\u0101gotu sl\u012bpo slie\u017eu virpo\u0161anas centru, apstr\u0101des centru, \u0101trgaitas asin\u0101\u0161anas ma\u0161\u012bnu, metin\u0101\u0161anas robotu un citu saist\u012btu apr\u012bkojumu, kas var apstr\u0101d\u0101t cilindriskas caurules ar maksim\u0101lo iek\u0161\u0113jo diametru 400 mm un maksim\u0101lo garumu 6 metri.<\/p>\n<p><img loading=\"lazy\" decoding=\"async\" class=\"alignnone wp-image-628 size-large\" src=\"https:\/\/hydraulic-cylinders.net\/wp-content\/uploads\/2023\/08\/hydraulic-cylinder-product-3-1024x391.webp\" alt=\"\" width=\"1024\" height=\"391\" srcset=\"https:\/\/hydraulic-cylinders.net\/wp-content\/uploads\/2023\/08\/hydraulic-cylinder-product-3-980x374.webp 980w, https:\/\/hydraulic-cylinders.net\/wp-content\/uploads\/2023\/08\/hydraulic-cylinder-product-3-480x183.webp 480w\" sizes=\"(min-width: 0px) and (max-width: 480px) 480px, (min-width: 481px) and (max-width: 980px) 980px, (min-width: 981px) 1024px, 100vw\" \/><\/p>\n<h3>(3) Metin\u0101\u0161ana<\/h3>\n<p><img loading=\"lazy\" decoding=\"async\" class=\"alignnone wp-image-629 size-large\" src=\"https:\/\/hydraulic-cylinders.net\/wp-content\/uploads\/2023\/08\/hydraulic-cylinder-product-4-1024x510.webp\" alt=\"\" width=\"1024\" height=\"510\" srcset=\"https:\/\/hydraulic-cylinders.net\/wp-content\/uploads\/2023\/08\/hydraulic-cylinder-product-4-980x488.webp 980w, https:\/\/hydraulic-cylinders.net\/wp-content\/uploads\/2023\/08\/hydraulic-cylinder-product-4-480x239.webp 480w\" sizes=\"(min-width: 0px) and (max-width: 480px) 480px, (min-width: 481px) and (max-width: 980px) 980px, (min-width: 981px) 1024px, 100vw\" \/><\/p>\n<h3>(4) Kr\u0101so\u0161ana un p\u0101rkl\u0101\u0161ana<\/h3>\n<p>Ar maz\u0101m un vid\u0113ja izm\u0113ra cilindrisk\u0101m autom\u0101tisk\u0101m \u016bdens b\u0101zes kr\u0101su p\u0101rkl\u0101\u0161anas l\u012bnij\u0101m, lai pan\u0101ktu autom\u0101tisku robotu iekrau\u0161anu un izkrau\u0161anu un autom\u0101tisku izsmidzin\u0101\u0161anu, projekt\u0113t\u0101 jauda ir 4000 gabali mai\u0146\u0101;<br \/>\nMums ir ar\u012b pusautom\u0101tiska kr\u0101su ra\u017eo\u0161anas l\u012bnija lieliem baloniem, ko darbina \u0137\u0113des piedzi\u0146a, ar 60 kastu konstrukcijas jaudu vien\u0101 mai\u0146\u0101.<\/p>\n<p><img loading=\"lazy\" decoding=\"async\" class=\"alignnone wp-image-630\" src=\"https:\/\/hydraulic-cylinders.net\/wp-content\/uploads\/2023\/08\/hydraulic-cylinder-product-5-300x213.webp\" alt=\"\" width=\"366\" height=\"260\" \/> <img loading=\"lazy\" decoding=\"async\" class=\"alignnone wp-image-631\" src=\"https:\/\/hydraulic-cylinders.net\/wp-content\/uploads\/2023\/08\/hydraulic-cylinder-product-6-300x225.webp\" alt=\"\" width=\"347\" height=\"260\" \/><\/p>\n<h3>(5) Test\u0113\u0161ana<\/h3>\n<p>Mums ir augst\u0101k\u0101s klases p\u0101rbaudes iek\u0101rtas un test\u0113\u0161anas stendi, lai nodro\u0161in\u0101tu, ka balona veiktsp\u0113ja atbilst pras\u012bb\u0101m.<\/p>\n<p><img loading=\"lazy\" decoding=\"async\" class=\"alignnone wp-image-632\" src=\"https:\/\/hydraulic-cylinders.net\/wp-content\/uploads\/2023\/08\/hydraulic-cylinder-product-8-300x200.webp\" alt=\"\" width=\"389\" height=\"260\" \/><\/p>\n<p>&nbsp;<\/p>\n<p>&nbsp;<\/p>\n<p>M\u0113s esam viens no lab\u0101kajiem lieljaudas stie\u0146u hidraulisko cilindru ra\u017eot\u0101jiem. M\u0113s varam pied\u0101v\u0101t pla\u0161u lieljaudas stie\u0146u hidraulisko cilindru kl\u0101stu. M\u0113s nodro\u0161in\u0101m ar\u012b atbilsto\u0161us <a href=\"https:\/\/hzpt.com\/agricultural-pto-gearbox\/\" target=\"_blank\" rel=\"noopener\">lauksaimniec\u012bbas p\u0101rnesumk\u0101rbas<\/a>M\u0113s esam eksport\u0113ju\u0161i savus produktus klientiem vis\u0101 pasaul\u0113 un ieguvu\u0161i labu reput\u0101ciju, pateicoties m\u016bsu augst\u0101kajai produktu kvalit\u0101tei un p\u0113cp\u0101rdo\u0161anas apkalpo\u0161anai. M\u0113s sirsn\u012bgi sveicam klientus gan m\u0101j\u0101s, gan \u0101rzem\u0113s sazin\u0101ties ar mums, lai veiktu dar\u012bjumus, apmain\u012btos ar inform\u0101ciju un\u00a0<a href=\"https:\/\/www.hydraulic-cylinders.net\/lv\/contact-us\/\">sadarboties ar mums<\/a>!<\/p>\n<p>&nbsp;<\/p>\n<h2><\/h2>","protected":false},"excerpt":{"rendered":"<p>CB Type Binaural Type Heavy Rod Hydraulic Cylinder The Type CB binaural heavy rod hydraulic cylinder is a cutting-edge hydraulic element that delivers superior power, precision, and reliability in demanding industrial applications. With its innovative CB-type binaural design, robust construction, and advanced features, this hydraulic cylinder is designed to perform well in challenging conditions. Whether [&hellip;]<\/p>","protected":false},"featured_media":929,"comment_status":"open","ping_status":"closed","template":"","meta":{"_et_pb_use_builder":"","_et_pb_old_content":"","_et_gb_content_width":""},"product_brand":[],"product_cat":[1376,1385],"product_tag":[1380],"class_list":{"0":"post-928","1":"product","2":"type-product","3":"status-publish","4":"has-post-thumbnail","6":"product_cat-hydraulic-cylinder","7":"product_cat-heavy-rod-hydraulic-cylinder","8":"product_tag-hydraulic-cylinder","10":"first","11":"instock","12":"shipping-taxable","13":"product-type-simple"},"amp_enabled":true,"_links":{"self":[{"href":"https:\/\/www.hydraulic-cylinders.net\/lv\/wp-json\/wp\/v2\/product\/928","targetHints":{"allow":["GET"]}}],"collection":[{"href":"https:\/\/www.hydraulic-cylinders.net\/lv\/wp-json\/wp\/v2\/product"}],"about":[{"href":"https:\/\/www.hydraulic-cylinders.net\/lv\/wp-json\/wp\/v2\/types\/product"}],"replies":[{"embeddable":true,"href":"https:\/\/www.hydraulic-cylinders.net\/lv\/wp-json\/wp\/v2\/comments?post=928"}],"wp:featuredmedia":[{"embeddable":true,"href":"https:\/\/www.hydraulic-cylinders.net\/lv\/wp-json\/wp\/v2\/media\/929"}],"wp:attachment":[{"href":"https:\/\/www.hydraulic-cylinders.net\/lv\/wp-json\/wp\/v2\/media?parent=928"}],"wp:term":[{"taxonomy":"product_brand","embeddable":true,"href":"https:\/\/www.hydraulic-cylinders.net\/lv\/wp-json\/wp\/v2\/product_brand?post=928"},{"taxonomy":"product_cat","embeddable":true,"href":"https:\/\/www.hydraulic-cylinders.net\/lv\/wp-json\/wp\/v2\/product_cat?post=928"},{"taxonomy":"product_tag","embeddable":true,"href":"https:\/\/www.hydraulic-cylinders.net\/lv\/wp-json\/wp\/v2\/product_tag?post=928"}],"curies":[{"name":"wp","href":"https:\/\/api.w.org\/{rel}","templated":true}]}}