{"id":937,"date":"2023-09-04T05:59:10","date_gmt":"2023-09-04T05:59:10","guid":{"rendered":"https:\/\/hydraulic-cylinders.net\/?post_type=product&#038;p=937"},"modified":"2023-09-19T01:25:09","modified_gmt":"2023-09-19T01:25:09","slug":"ca-monaural-type-y-connector-heavy-rod-hydraulic-cylinder","status":"publish","type":"product","link":"https:\/\/www.hydraulic-cylinders.net\/lv\/products\/ca-monaural-type-y-connector-heavy-rod-hydraulic-cylinder\/","title":{"rendered":"CA Monaural Y tipa savienot\u0101js Heavy Rod hidrauliskais cilindrs"},"content":{"rendered":"<h1 style=\"text-align: center;\"><strong>CA Monaural Y tipa savienot\u0101js Heavy Rod hidrauliskais cilindrs<\/strong><\/h1>\n<p>CA monoaur\u0101l\u0101 Y tipa savienot\u0101ja smag\u0101 stie\u0146a hidrauliskie cilindri ir nepiecie\u0161ami da\u017e\u0101diem r\u016bpnieciskiem pielietojumiem. \u0160is hidrauliskais cilindrs nodro\u0161ina uzticamu un prec\u012bzu veiktsp\u0113ju, pateicoties t\u0101 iztur\u012bgajai konstrukcijai, daudzpus\u012bgajai Y savienot\u0101ja konstrukcijai un jaud\u012bgajai funkcionalit\u0101tei. Neatkar\u012bgi no t\u0101, vai jums ir nepiecie\u0161ams pacelt, stumt vai vilkt smagu kravu, CA monoaur\u0101l\u0101 Y tipa savienot\u0101ja smag\u0101 stie\u0146a hidrauliskais cilindrs nodro\u0161ina vislab\u0101ko jaudu un efektivit\u0101ti.<\/p>\n<p>Smago stie\u0146u hidraulisk\u0101 cilindra b\u016btisk\u0101s \u012bpa\u0161\u012bbas:<\/p>\n<p><strong>Iztur\u012bga konstrukcija:<\/strong> \u0160im hidrauliskajam cilindram ir iztur\u012bga konstrukcija, izmantojot augstas kvalit\u0101tes materi\u0101lus, kas nodro\u0161ina iztur\u012bbu un ilgm\u016b\u017e\u012bbu. T\u0101 iztur\u012bg\u0101 konstrukcija \u013cauj tam iztur\u0113t lielas slodzes, augstu spiedienu un skarbus ekspluat\u0101cijas apst\u0101k\u013cus, padarot to ide\u0101li piem\u0113rotu pras\u012bgai r\u016bpnieciskai videi.<\/p>\n<p><strong>Monofoniskais Y tipa savienot\u0101js:<\/strong> Monoaur\u0101l\u0101 Y tipa savienot\u0101ja konstrukcija nodro\u0161ina uzlabotu stabilit\u0101ti un kontrol\u0113tu kust\u012bbu. Ar Y savienot\u0101ja konfigur\u0101ciju cilindrs nodro\u0161ina prec\u012bzu pozicion\u0113\u0161anu un vienm\u0113r\u012bgu darb\u012bbu, samazinot nepareizas izl\u012bdzin\u0101\u0161anas vai novirzes risku lieto\u0161anas laik\u0101.<\/p>\n<p><strong>Smag\u0101 stie\u0146a:<\/strong>\u00a0 CA monoaur\u0101l\u0101 Y tipa savienot\u0101ja hidraulisk\u0101 cilindra smag\u0101 stie\u0146a konstrukcija \u013cauj tam rad\u012bt lielu sp\u0113ka izvadi. \u0160\u012b \u012bpa\u0161\u012bba padara to piem\u0113rotu lietojumiem, kuros nepiecie\u0161ams \u0101tri un prec\u012bzi pacelt, stumt vai vilkt smagas kravas.<\/p>\n<p><img loading=\"lazy\" decoding=\"async\" class=\"size-full wp-image-940 aligncenter\" src=\"https:\/\/hydraulic-cylinders.net\/wp-content\/uploads\/2023\/09\/ca-monaural-type-y-connector-heavy-rod-hydraulic-cylinder-2.webp\" alt=\"\" width=\"295\" height=\"295\" srcset=\"https:\/\/www.hydraulic-cylinders.net\/wp-content\/uploads\/2023\/09\/ca-monaural-type-y-connector-heavy-rod-hydraulic-cylinder-2.webp 295w, https:\/\/www.hydraulic-cylinders.net\/wp-content\/uploads\/2023\/09\/ca-monaural-type-y-connector-heavy-rod-hydraulic-cylinder-2-100x100.webp 100w, https:\/\/www.hydraulic-cylinders.net\/wp-content\/uploads\/2023\/09\/ca-monaural-type-y-connector-heavy-rod-hydraulic-cylinder-2-150x150.webp 150w, https:\/\/www.hydraulic-cylinders.net\/wp-content\/uploads\/2023\/09\/ca-monaural-type-y-connector-heavy-rod-hydraulic-cylinder-2-12x12.webp 12w\" sizes=\"(max-width: 295px) 100vw, 295px\" \/><\/p>\n<h2><strong>CA Monaural Type Y savienot\u0101ja smag\u0101 stie\u0146a hidraulisk\u0101 cilindra parametrs:<\/strong><\/h2>\n<p><img loading=\"lazy\" decoding=\"async\" class=\"alignnone wp-image-941 size-full\" src=\"https:\/\/hydraulic-cylinders.net\/wp-content\/uploads\/2023\/09\/ca-monaural-type-y-connector-heavy-rod-hydraulic-cylinder-1.webp\" alt=\"\" width=\"790\" height=\"437\" srcset=\"https:\/\/hydraulic-cylinders.net\/wp-content\/uploads\/2023\/09\/ca-monaural-type-y-connector-heavy-rod-hydraulic-cylinder-1.webp 790w, https:\/\/hydraulic-cylinders.net\/wp-content\/uploads\/2023\/09\/ca-monaural-type-y-connector-heavy-rod-hydraulic-cylinder-1-480x266.webp 480w\" sizes=\"(min-width: 0px) and (max-width: 480px) 480px, (min-width: 481px) 790px, 100vw\" \/><\/p>\n<h2><strong>CA Monaural Type Y savienot\u0101ja smag\u0101 stie\u0146a hidraulisk\u0101 cilindra lieto\u0161anas metode<\/strong><strong>:<\/strong><\/h2>\n<p><strong>Mont\u0101\u017ea:<\/strong> S\u0101ciet ar CA Monaural Type Y savienot\u0101ja smag\u0101 stie\u0146a hidraulisk\u0101 cilindra dro\u0161u piestiprin\u0101\u0161anu, izmantojot atbilsto\u0161us kron\u0161teinus vai stiprin\u0101jumus. Uzst\u0101d\u012b\u0161anas laik\u0101 nodro\u0161iniet pareizu izl\u012bdzin\u0101\u0161anu un stabilit\u0101ti, lai nov\u0113rstu nepareizu izl\u012bdzin\u0101\u0161anu vai p\u0101rm\u0113r\u012bgu slodzi uz cilindru.<\/p>\n<p><strong>Hidraulisk\u0101s sist\u0113mas integr\u0101cija:<\/strong> Pievienojiet hidraulisk\u0101s l\u012bnijas cilindra Y savienot\u0101jam, iev\u0113rojot ra\u017eot\u0101ja nor\u0101d\u012bjumus un vadl\u012bnijas. Integr\u0113jiet cilindru hidrauliskaj\u0101 sist\u0113m\u0101, pievienojot to piem\u0113rotam s\u016bknim vai baro\u0161anas blokam. Nodro\u0161iniet sader\u012bbu ar cilindra specifik\u0101cij\u0101m un ekspluat\u0101cijas pras\u012bb\u0101m.<\/p>\n<p><strong>Vad\u012bba un darb\u012bba:<\/strong> Izmantojiet hidraulisk\u0101s sist\u0113mas vad\u012bbas v\u0101rstus, lai regul\u0113tu hidraulisk\u0101 \u0161\u0137idruma pl\u016bsmu cilindr\u0101 un no t\u0101. Piel\u0101gojiet vad\u012bbas iestat\u012bjumus, lai sasniegtu v\u0113lamo line\u0101ro kust\u012bbu un sp\u0113ka izvadi. P\u0101rbaudiet cilindra kust\u012bbu, lai p\u0101rliecin\u0101tos par t\u0101 funkcionalit\u0101ti un rea\u0123\u0113tsp\u0113ju.<\/p>\n<h2><strong>CA Monaural Type Y savienot\u0101ja smag\u0101 stie\u0146a hidraulisk\u0101 cilindra apkope<\/strong><strong>:<\/strong><\/h2>\n<p>Regul\u0101ra apkope ir b\u016btiska, lai nodro\u0161in\u0101tu CA monoaur\u0101l\u0101 Y tipa savienot\u0101ja smag\u0101 stie\u0146a hidraulisk\u0101 cilindra optim\u0101lu veiktsp\u0113ju un ilgm\u016b\u017e\u012bbu. Iev\u0113rojiet \u0161\u012bs apkopes vadl\u012bnijas:<\/p>\n<p><strong>Regul\u0101ra p\u0101rbaude:<\/strong>\u00a0 Veiciet regul\u0101ras p\u0101rbaudes, lai noteiktu nodiluma, boj\u0101jumu vai nopl\u016b\u017eu paz\u012bmes. P\u0101rbaudiet, vai cilindru blokos, st\u016bres stie\u0146os, bl\u012bv\u0113s un cit\u0101s sast\u0101vda\u013c\u0101s nav anom\u0101liju. Nekav\u0113joties atrisiniet visas probl\u0113mas, lai nov\u0113rstu turpm\u0101kus savainojumus vai darb\u012bbas neefektivit\u0101ti.<\/p>\n<p><strong>E\u013c\u013co\u0161ana:<\/strong>\u00a0 Uzkl\u0101jiet ieteicamo sm\u0113rvielu cilindra kust\u012bgaj\u0101m da\u013c\u0101m, tostarp st\u016bres stie\u0146iem un bl\u012bv\u0113m. Regul\u0101ra e\u013c\u013co\u0161ana samazina berzi, samazina nodilumu un nodro\u0161ina vienm\u0113r\u012bgu darb\u012bbu. Izmantojiet atbilsto\u0161u sm\u0113rvielas veidu saska\u0146\u0101 ar ra\u017eot\u0101ja e\u013c\u013co\u0161anas interv\u0101la vadl\u012bnij\u0101m.<\/p>\n<p><strong>Bl\u012bv\u0113juma nomai\u0146a:<\/strong>\u00a0 Ja tiek konstat\u0113ts, ka bl\u012bves ir nolietoju\u0161\u0101s vai nopl\u016bst, nomainiet t\u0101s ar ra\u017eot\u0101ja apstiprin\u0101t\u0101m ori\u0123in\u0101laj\u0101m deta\u013c\u0101m. Boj\u0101tas vai nolietotas bl\u012bves var pasliktin\u0101t cilindra darb\u012bbu un izrais\u012bt hidraulisk\u0101s e\u013c\u013cas nopl\u016bdi.<\/p>\n<p><strong>T\u012br\u012b\u0161ana:<\/strong>\u00a0 Not\u012briet cilindrus, no\u0146emot net\u012brumus, gru\u017eus un citus pies\u0101r\u0146ot\u0101jus. Pirms atk\u0101rtotas salik\u0161anas izmantojiet neabraz\u012bvu t\u012br\u012b\u0161anas l\u012bdzekli un p\u0101rliecinieties, ka visas deta\u013cas ir sausas. Regul\u0101ra t\u012br\u012b\u0161ana veicina optim\u0101lu veiktsp\u0113ju un nov\u0113r\u0161 priek\u0161laic\u012bgu nodilumu vai boj\u0101jumus.<\/p>\n<h2><strong>K\u0101 noteikt hidraulisk\u0101 cilindra izm\u0113ru?<\/strong><\/h2>\n<p>Hidraulisk\u0101 cilindra izm\u0113ru noteik\u0161ana ietver atbilsto\u0161u cilindra specifik\u0101ciju un izm\u0113ru noteik\u0161anu, lai nodro\u0161in\u0101tu, ka tas var efekt\u012bvi veikt v\u0113lamo uzdevumu. \u0160eit ir nor\u0101d\u012btas visp\u0101r\u012bg\u0101s darb\u012bbas, kas saist\u012btas ar hidraulisk\u0101 cilindra izm\u0113ru noteik\u0161anu:<\/p>\n<ol>\n<li><strong>Nosakiet nepiecie\u0161amo sp\u0113ku:<\/strong> S\u0101ciet, apr\u0113\u0137inot sp\u0113ku, kas nepiecie\u0161ams, lai p\u0101rvietotos vai veiktu paredz\u0113to uzdevumu. \u0145emiet v\u0113r\u0101 t\u0101dus faktorus k\u0101 kravas svars, nepiecie\u0161amais pa\u0101trin\u0101jums vai \u0101trums un visi papildu sp\u0113ki, kas iedarbojas uz sist\u0113mu. \u0160\u012b sp\u0113ka pras\u012bba pal\u012bdz\u0113s noteikt hidraulisk\u0101 cilindra minim\u0101lo sp\u0113ka kapacit\u0101ti.<\/li>\n<li><strong>Nov\u0113rt\u0113jiet darba spiedienu:<\/strong> Nosakiet hidraulisk\u0101s sist\u0113mas, kur\u0101 cilindrs darbosies, maksim\u0101lo darba spiedienu. Darba spiedienam j\u0101b\u016bt pietiekamam, lai rad\u012btu iepriek\u0161\u0113j\u0101 sol\u012b apr\u0113\u0137in\u0101to nepiecie\u0161amo sp\u0113ku. P\u0101rliecinieties, vai hidraulisk\u0101 sist\u0113ma, tostarp s\u016bknis, v\u0101rsti un \u0161\u013c\u016btenes, var iztur\u0113t paredzamo spiedienu.<\/li>\n<li><strong>Apr\u0113\u0137iniet cilindra urbuma izm\u0113ru:<\/strong> Cilindra urbuma izm\u0113rs ir iz\u0161\u0137iro\u0161s faktors t\u0101 sp\u0113ka kapacit\u0101tes noteik\u0161an\u0101. Izmantojiet formulu: Sp\u0113ks (F) = Spiediens (P) x Laukums (A), kur sp\u0113ks ir m\u0101rci\u0146\u0101s vai \u0146\u016btonos, spiediens ir m\u0101rci\u0146\u0101s uz kvadr\u0101tcollu (psi) vai pask\u0101los (Pa), un laukums ir kvadr\u0101tcoll\u0101s vai kvadr\u0101tmetros. P\u0101rveidojiet formulu, lai apr\u0113\u0137in\u0101tu nepiecie\u0161amo cilindra urbuma izm\u0113ru: Urbuma izm\u0113rs = \u221a(Sp\u0113ks \/ (Spiediens x \u03c0)).<\/li>\n<li><strong>Apsveriet g\u0101jiena garumu:<\/strong> Nosakiet nepiecie\u0161amo g\u0101jiena garumu \u2014 maksim\u0101lo att\u0101lumu, k\u0101d\u0101 cilindram j\u0101izstiepjas vai j\u0101savelkas, lai izpild\u012btu paredz\u0113to funkciju. P\u0101rliecinieties, vai izv\u0113l\u0113t\u0101 cilindra g\u0101jiena garums ir piem\u0113rots v\u0113lamajai kust\u012bbai.<\/li>\n<li><strong>\u0145em v\u0113r\u0101 dro\u0161\u012bbas faktorus:<\/strong> Apsveriet iesp\u0113ju pievienot dro\u0161\u012bbas koeficientu apr\u0113\u0137in\u0101tajai sp\u0113ka pras\u012bbai, lai nodro\u0161in\u0101tu, ka cilindrs var iztur\u0113t negaid\u012btas slodzes vai darb\u012bbas apst\u0101k\u013cu izmai\u0146as. Standarta dro\u0161\u012bbas koeficients ir 1,5 l\u012bdz 2 reizes liel\u0101ks par apr\u0113\u0137in\u0101to sp\u0113ku.<\/li>\n<li><strong>P\u0101rbaudiet \u0101trumu un \u0161\u0137idruma pl\u016bsmu:<\/strong> Apsveriet v\u0113lamo cilindra kust\u012bbas \u0101trumu un p\u0101rliecinieties, vai hidraulisk\u0101 sist\u0113ma var nodro\u0161in\u0101t nepiecie\u0161amo \u0161\u0137idruma pl\u016bsmas \u0101trumu, lai sasniegtu \u0161o \u0101trumu. Izvairieties no p\u0101rm\u0113r\u012bga \u0101truma, kas var apdraud\u0113t dro\u0161\u012bbu vai izrais\u012bt sist\u0113mas nestabilit\u0101ti.<\/li>\n<li><strong>Skatiet ra\u017eot\u0101ja datus un vadl\u012bnijas:<\/strong> Skatiet ra\u017eot\u0101ju katalogus, tehnisk\u0101s datu lapas un vadl\u012bnijas konkr\u0113tiem cilindru mode\u013ciem. Ra\u017eot\u0101ji bie\u017ei sniedz izm\u0113ru tabulas, veiktsp\u0113jas datus un izv\u0113les vadl\u012bnijas, lai pal\u012bdz\u0113tu izv\u0113l\u0113ties atbilsto\u0161u cilindru j\u016bsu lietojumam.<\/li>\n<\/ol>\n<h2><strong>R\u016bpn\u012bcas iesp\u0113jas un jauda:<\/strong><\/h2>\n<h3>(1) Mont\u0101\u017ea<\/h3>\n<p>Mums ir pirmklas\u012bga neatkar\u012bga p\u0113tniec\u012bbas un att\u012bst\u012bbas mont\u0101\u017eas platforma. Hidraulisko cilindru ra\u017eo\u0161anas darbn\u012bc\u0101 ir \u010detras pusautom\u0101tiskas pacel\u0161anas cilindru mont\u0101\u017eas l\u012bnijas un viena autom\u0101tisk\u0101 sl\u012bpuma cilindru mont\u0101\u017eas l\u012bnija ar projekt\u0113to gada ra\u017eo\u0161anas jaudu 1 miljons vien\u012bbu. Speci\u0101lo cilindru darbn\u012bca ir apr\u012bkota ar da\u017e\u0101du specifik\u0101ciju pusautom\u0101tisku t\u012br\u012b\u0161anas mont\u0101\u017eas sist\u0113mu ar projekt\u0113to gada ra\u017eo\u0161anas jaudu 200 000 vien\u012bbu un apr\u012bkota ar slaven\u0101m CNC apstr\u0101des iek\u0101rt\u0101m, apstr\u0101des centru, augstas precizit\u0101tes cilindru apstr\u0101des speci\u0101lo apr\u012bkojumu, robotiz\u0113tu metin\u0101\u0161anas iek\u0101rtu, autom\u0101tisku t\u012br\u012b\u0161anas iek\u0101rtu, autom\u0101tisku cilindru mont\u0101\u017eas iek\u0101rtu un autom\u0101tisku kr\u0101so\u0161anas ra\u017eo\u0161anas l\u012bniju. Eso\u0161ais kritiskais apr\u012bkojums ir vair\u0101k nek\u0101 300 komplektu (komplektu). Optim\u0101la iek\u0101rtu resursu sadale un efekt\u012bva izmanto\u0161ana nodro\u0161ina produktu precizit\u0101tes pras\u012bbas un apmierina produktu augst\u0101s kvalit\u0101tes pras\u012bbas.<\/p>\n<p><img loading=\"lazy\" decoding=\"async\" class=\"alignnone wp-image-626\" src=\"https:\/\/hydraulic-cylinders.net\/wp-content\/uploads\/2023\/08\/hydraulic-cylinder-product-1-300x158.webp\" alt=\"\" width=\"495\" height=\"260\" srcset=\"https:\/\/hydraulic-cylinders.net\/wp-content\/uploads\/2023\/08\/hydraulic-cylinder-product-1-300x158.webp 495w, https:\/\/hydraulic-cylinders.net\/wp-content\/uploads\/2023\/08\/hydraulic-cylinder-product-1-480x252.webp 480w\" sizes=\"(min-width: 0px) and (max-width: 480px) 480px, (min-width: 481px) 495px, 100vw\" \/> <img loading=\"lazy\" decoding=\"async\" class=\"alignnone wp-image-627\" src=\"https:\/\/hydraulic-cylinders.net\/wp-content\/uploads\/2023\/08\/hydraulic-cylinder-product-2-300x189.webp\" alt=\"\" width=\"413\" height=\"260\" \/><\/p>\n<h3>(2) Apstr\u0101de<\/h3>\n<p>Apstr\u0101des cehs ir apr\u012bkots ar piel\u0101gotu sl\u012bpo slie\u017eu virpo\u0161anas centru, apstr\u0101des centru, \u0101trgaitas asin\u0101\u0161anas ma\u0161\u012bnu, metin\u0101\u0161anas robotu un citu saist\u012btu apr\u012bkojumu, kas var apstr\u0101d\u0101t cilindriskas caurules ar maksim\u0101lo iek\u0161\u0113jo diametru 400 mm un maksim\u0101lo garumu 6 metri.<\/p>\n<p><img loading=\"lazy\" decoding=\"async\" class=\"alignnone wp-image-628 size-large\" src=\"https:\/\/hydraulic-cylinders.net\/wp-content\/uploads\/2023\/08\/hydraulic-cylinder-product-3-1024x391.webp\" alt=\"\" width=\"1024\" height=\"391\" srcset=\"https:\/\/hydraulic-cylinders.net\/wp-content\/uploads\/2023\/08\/hydraulic-cylinder-product-3-980x374.webp 980w, https:\/\/hydraulic-cylinders.net\/wp-content\/uploads\/2023\/08\/hydraulic-cylinder-product-3-480x183.webp 480w\" sizes=\"(min-width: 0px) and (max-width: 480px) 480px, (min-width: 481px) and (max-width: 980px) 980px, (min-width: 981px) 1024px, 100vw\" \/><\/p>\n<h3>(3) Metin\u0101\u0161ana<\/h3>\n<p><img loading=\"lazy\" decoding=\"async\" class=\"alignnone wp-image-629 size-large\" src=\"https:\/\/hydraulic-cylinders.net\/wp-content\/uploads\/2023\/08\/hydraulic-cylinder-product-4-1024x510.webp\" alt=\"\" width=\"1024\" height=\"510\" srcset=\"https:\/\/hydraulic-cylinders.net\/wp-content\/uploads\/2023\/08\/hydraulic-cylinder-product-4-980x488.webp 980w, https:\/\/hydraulic-cylinders.net\/wp-content\/uploads\/2023\/08\/hydraulic-cylinder-product-4-480x239.webp 480w\" sizes=\"(min-width: 0px) and (max-width: 480px) 480px, (min-width: 481px) and (max-width: 980px) 980px, (min-width: 981px) 1024px, 100vw\" \/><\/p>\n<h3>(4) Kr\u0101so\u0161ana un p\u0101rkl\u0101\u0161ana<\/h3>\n<p>Ar maz\u0101m un vid\u0113ja izm\u0113ra cilindrisk\u0101m autom\u0101tisk\u0101m \u016bdens b\u0101zes kr\u0101su p\u0101rkl\u0101\u0161anas l\u012bnij\u0101m, lai pan\u0101ktu autom\u0101tisku robotu iekrau\u0161anu un izkrau\u0161anu un autom\u0101tisku izsmidzin\u0101\u0161anu, projekt\u0113t\u0101 jauda ir 4000 gabali mai\u0146\u0101;<br \/>\nMums ir ar\u012b pusautom\u0101tiska kr\u0101su ra\u017eo\u0161anas l\u012bnija lieliem baloniem, ko darbina \u0137\u0113des piedzi\u0146a, ar 60 kastu konstrukcijas jaudu vien\u0101 mai\u0146\u0101.<\/p>\n<p><img loading=\"lazy\" decoding=\"async\" class=\"alignnone wp-image-630\" src=\"https:\/\/hydraulic-cylinders.net\/wp-content\/uploads\/2023\/08\/hydraulic-cylinder-product-5-300x213.webp\" alt=\"\" width=\"366\" height=\"260\" \/> <img loading=\"lazy\" decoding=\"async\" class=\"alignnone wp-image-631\" src=\"https:\/\/hydraulic-cylinders.net\/wp-content\/uploads\/2023\/08\/hydraulic-cylinder-product-6-300x225.webp\" alt=\"\" width=\"347\" height=\"260\" \/><\/p>\n<h3>(5) Test\u0113\u0161ana<\/h3>\n<p>Mums ir augst\u0101k\u0101s klases p\u0101rbaudes iek\u0101rtas un test\u0113\u0161anas stendi, lai nodro\u0161in\u0101tu, ka balona veiktsp\u0113ja atbilst pras\u012bb\u0101m.<\/p>\n<p><img loading=\"lazy\" decoding=\"async\" class=\"alignnone wp-image-632\" src=\"https:\/\/hydraulic-cylinders.net\/wp-content\/uploads\/2023\/08\/hydraulic-cylinder-product-8-300x200.webp\" alt=\"\" width=\"389\" height=\"260\" \/><\/p>\n<p>&nbsp;<\/p>\n<p>&nbsp;<\/p>\n<p>M\u0113s esam viens no lab\u0101kajiem lieljaudas stie\u0146u hidraulisko cilindru ra\u017eot\u0101jiem. M\u0113s varam pied\u0101v\u0101t pla\u0161u lieljaudas stie\u0146u hidraulisko cilindru kl\u0101stu. M\u0113s nodro\u0161in\u0101m ar\u012b atbilsto\u0161us <a href=\"https:\/\/hzpt.com\/agricultural-pto-gearbox\/\" target=\"_blank\" rel=\"noopener\">lauksaimniec\u012bbas p\u0101rnesumk\u0101rbas<\/a>M\u0113s esam eksport\u0113ju\u0161i savus produktus klientiem vis\u0101 pasaul\u0113 un ieguvu\u0161i labu reput\u0101ciju, pateicoties m\u016bsu augst\u0101kajai produktu kvalit\u0101tei un p\u0113cp\u0101rdo\u0161anas apkalpo\u0161anai. M\u0113s sirsn\u012bgi sveicam klientus gan m\u0101j\u0101s, gan \u0101rzem\u0113s sazin\u0101ties ar mums, lai veiktu dar\u012bjumus, apmain\u012btos ar inform\u0101ciju un\u00a0<a href=\"https:\/\/www.hydraulic-cylinders.net\/lv\/contact-us\/\">sadarboties ar mums<\/a>!<\/p>\n<p>&nbsp;<\/p>\n<h2><\/h2>","protected":false},"excerpt":{"rendered":"<p>CA Monaural Type Y Connector Heavy Rod Hydraulic Cylinder CA monaural type Y connector heavy rod hydraulic cylinders are essential for various industrial applications. This hydraulic cylinder delivers reliable and precise performance with its rugged construction, versatile Y-connector design, and heavy-duty functionality. Whether you need to lift, push, or pull a heavy load, the CA [&hellip;]<\/p>","protected":false},"featured_media":942,"comment_status":"open","ping_status":"closed","template":"","meta":{"_et_pb_use_builder":"","_et_pb_old_content":"","_et_gb_content_width":""},"product_brand":[],"product_cat":[1376,1385],"product_tag":[1380],"class_list":{"0":"post-937","1":"product","2":"type-product","3":"status-publish","4":"has-post-thumbnail","6":"product_cat-hydraulic-cylinder","7":"product_cat-heavy-rod-hydraulic-cylinder","8":"product_tag-hydraulic-cylinder","10":"first","11":"instock","12":"shipping-taxable","13":"product-type-simple"},"amp_enabled":true,"_links":{"self":[{"href":"https:\/\/www.hydraulic-cylinders.net\/lv\/wp-json\/wp\/v2\/product\/937","targetHints":{"allow":["GET"]}}],"collection":[{"href":"https:\/\/www.hydraulic-cylinders.net\/lv\/wp-json\/wp\/v2\/product"}],"about":[{"href":"https:\/\/www.hydraulic-cylinders.net\/lv\/wp-json\/wp\/v2\/types\/product"}],"replies":[{"embeddable":true,"href":"https:\/\/www.hydraulic-cylinders.net\/lv\/wp-json\/wp\/v2\/comments?post=937"}],"wp:featuredmedia":[{"embeddable":true,"href":"https:\/\/www.hydraulic-cylinders.net\/lv\/wp-json\/wp\/v2\/media\/942"}],"wp:attachment":[{"href":"https:\/\/www.hydraulic-cylinders.net\/lv\/wp-json\/wp\/v2\/media?parent=937"}],"wp:term":[{"taxonomy":"product_brand","embeddable":true,"href":"https:\/\/www.hydraulic-cylinders.net\/lv\/wp-json\/wp\/v2\/product_brand?post=937"},{"taxonomy":"product_cat","embeddable":true,"href":"https:\/\/www.hydraulic-cylinders.net\/lv\/wp-json\/wp\/v2\/product_cat?post=937"},{"taxonomy":"product_tag","embeddable":true,"href":"https:\/\/www.hydraulic-cylinders.net\/lv\/wp-json\/wp\/v2\/product_tag?post=937"}],"curies":[{"name":"wp","href":"https:\/\/api.w.org\/{rel}","templated":true}]}}