{"id":948,"date":"2023-09-04T06:47:46","date_gmt":"2023-09-04T06:47:46","guid":{"rendered":"https:\/\/hydraulic-cylinders.net\/?post_type=product&#038;p=948"},"modified":"2023-09-19T01:23:54","modified_gmt":"2023-09-19T01:23:54","slug":"fa-double-shaft-front-flange-type-heavy-rod-hydraulic-cylinder","status":"publish","type":"product","link":"https:\/\/www.hydraulic-cylinders.net\/lv\/products\/fa-double-shaft-front-flange-type-heavy-rod-hydraulic-cylinder\/","title":{"rendered":"FA dubult\u0101s v\u0101rpstas priek\u0161\u0113j\u0101 atloka tipa smagais stie\u0146a hidrauliskais cilindrs"},"content":{"rendered":"<h1 style=\"text-align: center;\"><strong>FA dubult\u0101s v\u0101rpstas priek\u0161\u0113j\u0101 atloka tipa smagais stie\u0146a hidrauliskais cilindrs<\/strong><\/h1>\n<p>FA divv\u0101rpstas priek\u0161\u0113j\u0101 atloka tipa smag\u0101 stie\u0146a hidrauliskais cilindrs ir iztur\u012bgs, augstas veiktsp\u0113jas hidrauliskais elements, kas paredz\u0113ts \u0101trai sare\u017e\u0123\u012btu r\u016bpniecisko pielietojumu veik\u0161anai. Ar savu iztur\u012bgo konstrukciju, divv\u0101rpstas dizainu un priek\u0161\u0113j\u0101 atloka konfigur\u0101ciju \u0161is hidrauliskais cilindrs pied\u0101v\u0101 izcilu jaudu, precizit\u0101ti un uzticam\u012bbu. Neatkar\u012bgi no t\u0101, vai jums ir j\u0101pace\u013c, stumj vai j\u0101velk smagas kravas, FA divv\u0101rpstas priek\u0161\u0113j\u0101 atloka smag\u0101 stie\u0146a hidrauliskais cilindrs darbojas sare\u017e\u0123\u012btos apst\u0101k\u013cos, padarot to par neaizst\u0101jamu instrumentu ikvien\u0101 nozar\u0113.<\/p>\n<p>Smago stie\u0146u hidraulisk\u0101 cilindra b\u016btisk\u0101s \u012bpa\u0161\u012bbas:<\/p>\n<p><strong>Iztur\u012bga konstrukcija: <\/strong>\u0160is hidrauliskais cilindrs var iztur\u0113t ekstrem\u0101lus apst\u0101k\u013cus, pateicoties t\u0101 iztur\u012bgajai konstrukcijai no augstas kvalit\u0101tes materi\u0101liem. T\u0101 robust\u0101 konstrukcija nodro\u0161ina kalpo\u0161anas laiku, uzticam\u012bbu un nodilumiztur\u012bbu, \u013caujot tam tikt gal\u0101 ar smag\u0101m slodz\u0113m, augstu spiedienu un skarbu darba vidi.<\/p>\n<p><strong>Divk\u0101r\u0161\u0101s v\u0101rpstas dizains:<\/strong>\u00a0 Cilindra divu asu konfigur\u0101cija nodro\u0161ina uzlabotu stabilit\u0101ti, kontrol\u0113tu kust\u012bbu un prec\u012bzu pozicion\u0113\u0161anu. Cilindra abos galos ir v\u0101rpstas, kas \u013cauj vienlaikus veikt stum\u0161anas un vilk\u0161anas darb\u012bbu, padarot to ide\u0101li piem\u0113rotu lietojumiem, kuriem nepiecie\u0161ami divvirzienu sp\u0113ki.<\/p>\n<p><strong>Priek\u0161\u0113j\u0101s atloka konfigur\u0101cija:<\/strong> FA dubultv\u0101rpstas priek\u0161\u0113j\u0101 atloka tipa smag\u0101 stie\u0146a hidraulisk\u0101 cilindra priek\u0161\u0113j\u0101 atloka konstrukcija nodro\u0161ina vienk\u0101r\u0161u un \u0113rtu uzst\u0101d\u012b\u0161anas iesp\u0113ju. Atlokus var piestiprin\u0101t tie\u0161i pie iek\u0101rtas vai ma\u0161\u012bnas, vienk\u0101r\u0161ojot uzst\u0101d\u012b\u0161anu un nodro\u0161inot pareizu izl\u012bdzin\u0101\u0161anu.<\/p>\n<p><img loading=\"lazy\" decoding=\"async\" class=\"size-medium wp-image-952 aligncenter\" src=\"https:\/\/hydraulic-cylinders.net\/wp-content\/uploads\/2023\/09\/fa-double-shaft-front-flange-type-heavy-rod-hydraulic-cylinder-2-1-300x300.webp\" alt=\"\" width=\"300\" height=\"300\" srcset=\"https:\/\/www.hydraulic-cylinders.net\/wp-content\/uploads\/2023\/09\/fa-double-shaft-front-flange-type-heavy-rod-hydraulic-cylinder-2-1-300x300.webp 300w, https:\/\/www.hydraulic-cylinders.net\/wp-content\/uploads\/2023\/09\/fa-double-shaft-front-flange-type-heavy-rod-hydraulic-cylinder-2-1-100x100.webp 100w, https:\/\/www.hydraulic-cylinders.net\/wp-content\/uploads\/2023\/09\/fa-double-shaft-front-flange-type-heavy-rod-hydraulic-cylinder-2-1-150x150.webp 150w, https:\/\/www.hydraulic-cylinders.net\/wp-content\/uploads\/2023\/09\/fa-double-shaft-front-flange-type-heavy-rod-hydraulic-cylinder-2-1-12x12.webp 12w, https:\/\/www.hydraulic-cylinders.net\/wp-content\/uploads\/2023\/09\/fa-double-shaft-front-flange-type-heavy-rod-hydraulic-cylinder-2-1.webp 302w\" sizes=\"(max-width: 300px) 100vw, 300px\" \/><\/p>\n<h2><strong>FA dubultv\u0101rpstas priek\u0161\u0113j\u0101s atloka tipa smag\u0101 stie\u0146a hidraulisk\u0101 cilindra parametrs:<\/strong><\/h2>\n<p><img loading=\"lazy\" decoding=\"async\" class=\"alignnone wp-image-950 size-full\" src=\"https:\/\/hydraulic-cylinders.net\/wp-content\/uploads\/2023\/09\/fa-double-shaft-front-flange-type-heavy-rod-hydraulic-cylinder-1.webp\" alt=\"\" width=\"790\" height=\"568\" srcset=\"https:\/\/hydraulic-cylinders.net\/wp-content\/uploads\/2023\/09\/fa-double-shaft-front-flange-type-heavy-rod-hydraulic-cylinder-1.webp 790w, https:\/\/hydraulic-cylinders.net\/wp-content\/uploads\/2023\/09\/fa-double-shaft-front-flange-type-heavy-rod-hydraulic-cylinder-1-480x345.webp 480w\" sizes=\"(min-width: 0px) and (max-width: 480px) 480px, (min-width: 481px) 790px, 100vw\" \/><\/p>\n<h2><strong>FA dubult\u0101s v\u0101rpstas priek\u0161\u0113j\u0101 atloka tipa smagais stie\u0146a hidrauliskais cilindrs <\/strong><strong>Lieto\u0161anas metode<\/strong><strong>:<\/strong><\/h2>\n<p><strong>Mont\u0101\u017ea:<\/strong>\u00a0 Vispirms dro\u0161i uzst\u0101diet FA dubultv\u0101rpstas priek\u0161\u0113j\u0101s atloka tipa smag\u0101 stie\u0146a hidraulisko cilindru, izmantojot atbilsto\u0161u kron\u0161teinu vai stiprin\u0101jumu. Uzst\u0101d\u012b\u0161anas laik\u0101 nodro\u0161iniet pareizu izl\u012bdzin\u0101\u0161anu un stabilit\u0101ti, lai nov\u0113rstu cilindra nepareizu izl\u012bdzin\u0101\u0161anu vai p\u0101rm\u0113r\u012bgu slodzi.<\/p>\n<p><strong>Hidraulisk\u0101s sist\u0113mas integr\u0101cija:<\/strong>\u00a0 Pievienojiet hidraulisko l\u012bniju cilindram saska\u0146\u0101 ar ra\u017eot\u0101ja nor\u0101d\u012bjumiem un vadl\u012bnij\u0101m. Cilindrs tiek integr\u0113ts hidrauliskaj\u0101 sist\u0113m\u0101, pievienojot to piem\u0113rotam s\u016bknim vai baro\u0161anas blokam. P\u0101rliecinieties, vai ir iev\u0113rotas cilindra specifik\u0101cijas un ekspluat\u0101cijas pras\u012bbas.<\/p>\n<p><strong>Vad\u012bba un darb\u012bba:<\/strong>\u00a0 Hidraulisk\u0101s sist\u0113mas vad\u012bbas v\u0101rsts regul\u0113 hidraulisk\u0101s e\u013c\u013cas pl\u016bsmu cilindr\u0101 un no t\u0101. Piel\u0101gojiet vad\u012bbas iestat\u012bjumus, lai sasniegtu v\u0113lamo line\u0101ro kust\u012bbu un sp\u0113ka izvadi. P\u0101rbaudiet cilindra kust\u012bbu, lai p\u0101rliecin\u0101tos par t\u0101 darb\u012bbu un rea\u0123\u0113tsp\u0113ju.<\/p>\n<h2><strong>FA dubult\u0101s v\u0101rpstas priek\u0161\u0113j\u0101 atloka tipa smagais stie\u0146a hidrauliskais cilindrs <\/strong><strong>Apkope<\/strong><strong>:<\/strong><\/h2>\n<p>Regul\u0101ra apkope ir b\u016btiska, lai nodro\u0161in\u0101tu FA dubultv\u0101rpstas priek\u0161\u0113j\u0101s atloka tipa smag\u0101 stie\u0146a hidraulisk\u0101 cilindra optim\u0101lu veiktsp\u0113ju un ilgm\u016b\u017e\u012bbu. Iev\u0113rojiet \u0161\u012bs apkopes vadl\u012bnijas:<\/p>\n<p><strong>Regul\u0101ra p\u0101rbaude:<\/strong>\u00a0 Veiciet regul\u0101ras p\u0101rbaudes, lai noteiktu nodiluma, boj\u0101jumu vai nopl\u016b\u017eu paz\u012bmes. P\u0101rbaudiet cilindru blokus, v\u0101rpstas, bl\u012bves un citas sast\u0101vda\u013cas, vai nav novir\u017eu. Nekav\u0113joties nov\u0113rsiet visas probl\u0113mas, lai nov\u0113rstu turpm\u0101kus savainojumus vai darb\u012bbas neefektivit\u0101ti.<\/p>\n<p><strong>E\u013c\u013co\u0161ana:<\/strong> Uz cilindra kust\u012bgaj\u0101m da\u013c\u0101m, tostarp v\u0101rpst\u0101m un bl\u012bv\u0113m, uzkl\u0101jiet ieteicamo sm\u0113rvielu. Regul\u0101ra e\u013c\u013co\u0161ana samazina berzi, samazina nodilumu un nodro\u0161ina vienm\u0113r\u012bgu darb\u012bbu. Iev\u0113rojiet ra\u017eot\u0101ja nor\u0101d\u012bjumus par e\u013c\u013co\u0161anas interv\u0101liem un izmantojiet atbilsto\u0161u sm\u0113rvielas veidu.<\/p>\n<p><strong>Bl\u012bv\u0113juma nomai\u0146a:<\/strong>\u00a0 Ja tiek konstat\u0113ts, ka bl\u012bves ir nolietoju\u0161\u0101s vai nopl\u016bst, nomainiet t\u0101s ar ra\u017eot\u0101ja apstiprin\u0101t\u0101m ori\u0123in\u0101laj\u0101m deta\u013c\u0101m. Boj\u0101tas vai nolietotas bl\u012bves var pasliktin\u0101t cilindra darb\u012bbu un izrais\u012bt hidraulisk\u0101s e\u013c\u013cas nopl\u016bdi.<\/p>\n<p><strong>T\u012br\u012b\u0161ana:<\/strong>\u00a0 Not\u012briet cilindrus, no\u0146emot net\u012brumus, gru\u017eus un citus pies\u0101r\u0146ot\u0101jus. Pirms atk\u0101rtotas salik\u0161anas izmantojiet neabraz\u012bvu t\u012br\u012b\u0161anas l\u012bdzekli un p\u0101rliecinieties, ka visas deta\u013cas ir piln\u012bgi sausas. Regul\u0101ra t\u012br\u012b\u0161ana veicina optim\u0101lu veiktsp\u0113ju un nov\u0113r\u0161 priek\u0161laic\u012bgu nodilumu vai boj\u0101jumus.<\/p>\n<h2><strong>K\u0101 no\u0146emt hidraulisko cilindru no kr\u0113sla\uff1f<\/strong><\/h2>\n<p>Lai no\u0146emtu hidraulisko cilindru no kr\u0113sla, veiciet t\u0101l\u0101k nor\u0101d\u012bt\u0101s darb\u012bbas.<\/p>\n<ol>\n<li><strong>Dro\u0161\u012bbas pas\u0101kumi:<\/strong> Pirms darba uzs\u0101k\u0161anas p\u0101rliecinieties, ka kr\u0113sls atrodas uz stabilas virsmas un neapg\u0101z\u012bsies. Valk\u0101jiet atbilsto\u0161us individu\u0101los aizsardz\u012bbas l\u012bdzek\u013cus (IAL), piem\u0113ram, cimdus un aizsargbrilles.<\/li>\n<li><strong>Nolaidiet kr\u0113slu:<\/strong> Ja kr\u0113slam ir regul\u0113jama augstuma funkcija, nolaidiet to zem\u0101kaj\u0101 poz\u012bcij\u0101. \u0160\u012b darb\u012bba atvieglos piek\u013cuvi hidrauliskajam cilindram un t\u0101 no\u0146em\u0161anu.<\/li>\n<li><strong>Atrodiet cilindra stiprin\u0101juma punktu:<\/strong> P\u0101rbaudiet kr\u0113slu, lai noteiktu hidraulisk\u0101 cilindra stiprin\u0101juma punktu. Tas var atrasties kr\u0113sla pamatn\u0113 vai zem s\u0113dek\u013ca.<\/li>\n<li><strong>No\u0146emiet fiks\u0113jo\u0161o klipsi:<\/strong> Daudziem kr\u0113sliem hidraulisk\u0101 cilindra nostiprin\u0101\u0161anai tiek izmantota fiks\u0101cijas skava vai gredzens. Atrodiet fiks\u0101cijas skavu un, izmantojot plakanu skr\u016bvgriezi vai knaibles, to no\u0146emiet. Esiet uzman\u012bgi, jo skava, atlai\u017eot, var izl\u0113kt.<\/li>\n<li><strong>Atdaliet cilindru no kr\u0113sla pamatnes:<\/strong> Kad fiks\u0101cijas skava ir no\u0146emta, hidraulisko cilindru var atvienot no kr\u0113sla pamatnes. Stingri satveriet kr\u0113sla s\u0113dekli un paceliet to uz aug\u0161u, vienlaikus viegli piespie\u017eot, lai atdal\u012btu cilindru no zemes. Lai to atbr\u012bvotu, iesp\u0113jams, cilindrs b\u016bs nedaudz j\u0101pakustina vai j\u0101pagrie\u017e.<\/li>\n<li><strong>P\u0101rbaudiet un not\u012briet:<\/strong> P\u0113c hidraulisk\u0101 cilindra no\u0146em\u0161anas p\u0101rbaudiet, vai nav boj\u0101jumu, nopl\u016b\u017eu vai nodiluma paz\u012bmju. P\u0101rbaudiet gan cilindra, gan kr\u0113sla stiprin\u0101juma punktus, vai tajos nav gru\u017eu, net\u012brumu vai r\u016bsas. Not\u012briet \u0161\u012bs vietas, izmantojot maigu t\u012br\u012b\u0161anas l\u012bdzekli vai ar \u016bdeni samitrin\u0101tu dr\u0101nu.<\/li>\n<li><strong>Atk\u0101rtota uzst\u0101d\u012b\u0161ana vai nomai\u0146a:<\/strong> Ja pl\u0101nojat atk\u0101rtoti izmantot hidraulisko cilindru, p\u0101rliecinieties, vai tas ir lab\u0101 darba k\u0101rt\u012bb\u0101 un bez defektiem. Uzkl\u0101jiet nelielu daudzumu sm\u0113rvielas stiprin\u0101juma punktos, lai nodro\u0161in\u0101tu vienm\u0113r\u012bgu kust\u012bbu. Lai cilindru atkal uzst\u0101d\u012btu kr\u0113sl\u0101, veiciet darb\u012bbas apgriezt\u0101 sec\u012bb\u0101. Ja cilindrs ir boj\u0101ts vai nedarbojas pareizi, ieteicams to nomain\u012bt pret jaunu atbilsto\u0161a izm\u0113ra un specifik\u0101ciju cilindru.<\/li>\n<\/ol>\n<h2><strong>R\u016bpn\u012bcas iesp\u0113jas un jauda:<\/strong><\/h2>\n<h3>(1) Mont\u0101\u017ea<\/h3>\n<p>Mums ir pirmklas\u012bga neatkar\u012bga p\u0113tniec\u012bbas un att\u012bst\u012bbas mont\u0101\u017eas platforma. Hidraulisko cilindru ra\u017eo\u0161anas darbn\u012bc\u0101 ir \u010detras pusautom\u0101tiskas pacel\u0161anas cilindru mont\u0101\u017eas l\u012bnijas un viena autom\u0101tisk\u0101 sl\u012bpuma cilindru mont\u0101\u017eas l\u012bnija ar projekt\u0113to gada ra\u017eo\u0161anas jaudu 1 miljons vien\u012bbu. Speci\u0101lo cilindru darbn\u012bca ir apr\u012bkota ar da\u017e\u0101du specifik\u0101ciju pusautom\u0101tisku t\u012br\u012b\u0161anas mont\u0101\u017eas sist\u0113mu ar projekt\u0113to gada ra\u017eo\u0161anas jaudu 200 000 vien\u012bbu un apr\u012bkota ar slaven\u0101m CNC apstr\u0101des iek\u0101rt\u0101m, apstr\u0101des centru, augstas precizit\u0101tes cilindru apstr\u0101des speci\u0101lo apr\u012bkojumu, robotiz\u0113tu metin\u0101\u0161anas iek\u0101rtu, autom\u0101tisku t\u012br\u012b\u0161anas iek\u0101rtu, autom\u0101tisku cilindru mont\u0101\u017eas iek\u0101rtu un autom\u0101tisku kr\u0101so\u0161anas ra\u017eo\u0161anas l\u012bniju. Eso\u0161ais kritiskais apr\u012bkojums ir vair\u0101k nek\u0101 300 komplektu (komplektu). Optim\u0101la iek\u0101rtu resursu sadale un efekt\u012bva izmanto\u0161ana nodro\u0161ina produktu precizit\u0101tes pras\u012bbas un apmierina produktu augst\u0101s kvalit\u0101tes pras\u012bbas.<\/p>\n<p><img loading=\"lazy\" decoding=\"async\" class=\"alignnone wp-image-626\" src=\"https:\/\/hydraulic-cylinders.net\/wp-content\/uploads\/2023\/08\/hydraulic-cylinder-product-1-300x158.webp\" alt=\"\" width=\"495\" height=\"260\" srcset=\"https:\/\/hydraulic-cylinders.net\/wp-content\/uploads\/2023\/08\/hydraulic-cylinder-product-1-300x158.webp 495w, https:\/\/hydraulic-cylinders.net\/wp-content\/uploads\/2023\/08\/hydraulic-cylinder-product-1-480x252.webp 480w\" sizes=\"(min-width: 0px) and (max-width: 480px) 480px, (min-width: 481px) 495px, 100vw\" \/> <img loading=\"lazy\" decoding=\"async\" class=\"alignnone wp-image-627\" src=\"https:\/\/hydraulic-cylinders.net\/wp-content\/uploads\/2023\/08\/hydraulic-cylinder-product-2-300x189.webp\" alt=\"\" width=\"413\" height=\"260\" \/><\/p>\n<h3>(2) Apstr\u0101de<\/h3>\n<p>Apstr\u0101des cehs ir apr\u012bkots ar piel\u0101gotu sl\u012bpo slie\u017eu virpo\u0161anas centru, apstr\u0101des centru, \u0101trgaitas asin\u0101\u0161anas ma\u0161\u012bnu, metin\u0101\u0161anas robotu un citu saist\u012btu apr\u012bkojumu, kas var apstr\u0101d\u0101t cilindriskas caurules ar maksim\u0101lo iek\u0161\u0113jo diametru 400 mm un maksim\u0101lo garumu 6 metri.<\/p>\n<p><img loading=\"lazy\" decoding=\"async\" class=\"alignnone wp-image-628 size-large\" src=\"https:\/\/hydraulic-cylinders.net\/wp-content\/uploads\/2023\/08\/hydraulic-cylinder-product-3-1024x391.webp\" alt=\"\" width=\"1024\" height=\"391\" srcset=\"https:\/\/hydraulic-cylinders.net\/wp-content\/uploads\/2023\/08\/hydraulic-cylinder-product-3-980x374.webp 980w, https:\/\/hydraulic-cylinders.net\/wp-content\/uploads\/2023\/08\/hydraulic-cylinder-product-3-480x183.webp 480w\" sizes=\"(min-width: 0px) and (max-width: 480px) 480px, (min-width: 481px) and (max-width: 980px) 980px, (min-width: 981px) 1024px, 100vw\" \/><\/p>\n<h3>(3) Metin\u0101\u0161ana<\/h3>\n<p><img loading=\"lazy\" decoding=\"async\" class=\"alignnone wp-image-629 size-large\" src=\"https:\/\/hydraulic-cylinders.net\/wp-content\/uploads\/2023\/08\/hydraulic-cylinder-product-4-1024x510.webp\" alt=\"\" width=\"1024\" height=\"510\" srcset=\"https:\/\/hydraulic-cylinders.net\/wp-content\/uploads\/2023\/08\/hydraulic-cylinder-product-4-980x488.webp 980w, https:\/\/hydraulic-cylinders.net\/wp-content\/uploads\/2023\/08\/hydraulic-cylinder-product-4-480x239.webp 480w\" sizes=\"(min-width: 0px) and (max-width: 480px) 480px, (min-width: 481px) and (max-width: 980px) 980px, (min-width: 981px) 1024px, 100vw\" \/><\/p>\n<h3>(4) Kr\u0101so\u0161ana un p\u0101rkl\u0101\u0161ana<\/h3>\n<p>Ar maz\u0101m un vid\u0113ja izm\u0113ra cilindrisk\u0101m autom\u0101tisk\u0101m \u016bdens b\u0101zes kr\u0101su p\u0101rkl\u0101\u0161anas l\u012bnij\u0101m, lai pan\u0101ktu autom\u0101tisku robotu iekrau\u0161anu un izkrau\u0161anu un autom\u0101tisku izsmidzin\u0101\u0161anu, projekt\u0113t\u0101 jauda ir 4000 gabali mai\u0146\u0101;<br \/>\nMums ir ar\u012b pusautom\u0101tiska kr\u0101su ra\u017eo\u0161anas l\u012bnija lieliem baloniem, ko darbina \u0137\u0113des piedzi\u0146a, ar 60 kastu konstrukcijas jaudu vien\u0101 mai\u0146\u0101.<\/p>\n<p><img loading=\"lazy\" decoding=\"async\" class=\"alignnone wp-image-630\" src=\"https:\/\/hydraulic-cylinders.net\/wp-content\/uploads\/2023\/08\/hydraulic-cylinder-product-5-300x213.webp\" alt=\"\" width=\"366\" height=\"260\" \/> <img loading=\"lazy\" decoding=\"async\" class=\"alignnone wp-image-631\" src=\"https:\/\/hydraulic-cylinders.net\/wp-content\/uploads\/2023\/08\/hydraulic-cylinder-product-6-300x225.webp\" alt=\"\" width=\"347\" height=\"260\" \/><\/p>\n<h3>(5) Test\u0113\u0161ana<\/h3>\n<p>Mums ir augst\u0101k\u0101s klases p\u0101rbaudes iek\u0101rtas un test\u0113\u0161anas stendi, lai nodro\u0161in\u0101tu, ka balona veiktsp\u0113ja atbilst pras\u012bb\u0101m.<\/p>\n<p><img loading=\"lazy\" decoding=\"async\" class=\"alignnone wp-image-632\" src=\"https:\/\/hydraulic-cylinders.net\/wp-content\/uploads\/2023\/08\/hydraulic-cylinder-product-8-300x200.webp\" alt=\"\" width=\"389\" height=\"260\" \/><\/p>\n<p>&nbsp;<\/p>\n<p>&nbsp;<\/p>\n<p>M\u0113s esam viens no lab\u0101kajiem lieljaudas stie\u0146u hidraulisko cilindru ra\u017eot\u0101jiem. M\u0113s varam pied\u0101v\u0101t pla\u0161u lieljaudas stie\u0146u hidraulisko cilindru kl\u0101stu. M\u0113s nodro\u0161in\u0101m ar\u012b atbilsto\u0161us <a href=\"https:\/\/hzpt.com\/agricultural-pto-gearbox\/\" target=\"_blank\" rel=\"noopener\">lauksaimniec\u012bbas p\u0101rnesumk\u0101rbas<\/a>M\u0113s esam eksport\u0113ju\u0161i savus produktus klientiem vis\u0101 pasaul\u0113 un ieguvu\u0161i labu reput\u0101ciju, pateicoties m\u016bsu augst\u0101kajai produktu kvalit\u0101tei un p\u0113cp\u0101rdo\u0161anas apkalpo\u0161anai. M\u0113s sirsn\u012bgi sveicam klientus gan m\u0101j\u0101s, gan \u0101rzem\u0113s sazin\u0101ties ar mums, lai veiktu dar\u012bjumus, apmain\u012btos ar inform\u0101ciju un\u00a0<a href=\"https:\/\/www.hydraulic-cylinders.net\/lv\/contact-us\/\">sadarboties ar mums<\/a>!<\/p>\n<p>&nbsp;<\/p>\n<h2><\/h2>\n<h2><\/h2>","protected":false},"excerpt":{"rendered":"<p>FA Double Shaft Front Flange Type Heavy Rod Hydraulic Cylinder The FA double shaft front flange type heavy rod hydraulic cylinder is a rugged, high-performance hydraulic element designed to handle demanding industrial applications quickly. With its durable construction, dual shaft design, and front flange configuration, this hydraulic cylinder offers exceptional power, accuracy, and reliability. Whether [&hellip;]<\/p>","protected":false},"featured_media":951,"comment_status":"open","ping_status":"closed","template":"","meta":{"_et_pb_use_builder":"","_et_pb_old_content":"","_et_gb_content_width":""},"product_brand":[],"product_cat":[1376,1385],"product_tag":[1380],"class_list":{"0":"post-948","1":"product","2":"type-product","3":"status-publish","4":"has-post-thumbnail","6":"product_cat-hydraulic-cylinder","7":"product_cat-heavy-rod-hydraulic-cylinder","8":"product_tag-hydraulic-cylinder","10":"first","11":"instock","12":"shipping-taxable","13":"product-type-simple"},"amp_enabled":true,"_links":{"self":[{"href":"https:\/\/www.hydraulic-cylinders.net\/lv\/wp-json\/wp\/v2\/product\/948","targetHints":{"allow":["GET"]}}],"collection":[{"href":"https:\/\/www.hydraulic-cylinders.net\/lv\/wp-json\/wp\/v2\/product"}],"about":[{"href":"https:\/\/www.hydraulic-cylinders.net\/lv\/wp-json\/wp\/v2\/types\/product"}],"replies":[{"embeddable":true,"href":"https:\/\/www.hydraulic-cylinders.net\/lv\/wp-json\/wp\/v2\/comments?post=948"}],"wp:featuredmedia":[{"embeddable":true,"href":"https:\/\/www.hydraulic-cylinders.net\/lv\/wp-json\/wp\/v2\/media\/951"}],"wp:attachment":[{"href":"https:\/\/www.hydraulic-cylinders.net\/lv\/wp-json\/wp\/v2\/media?parent=948"}],"wp:term":[{"taxonomy":"product_brand","embeddable":true,"href":"https:\/\/www.hydraulic-cylinders.net\/lv\/wp-json\/wp\/v2\/product_brand?post=948"},{"taxonomy":"product_cat","embeddable":true,"href":"https:\/\/www.hydraulic-cylinders.net\/lv\/wp-json\/wp\/v2\/product_cat?post=948"},{"taxonomy":"product_tag","embeddable":true,"href":"https:\/\/www.hydraulic-cylinders.net\/lv\/wp-json\/wp\/v2\/product_tag?post=948"}],"curies":[{"name":"wp","href":"https:\/\/api.w.org\/{rel}","templated":true}]}}