{"id":974,"date":"2023-09-06T03:45:47","date_gmt":"2023-09-06T03:45:47","guid":{"rendered":"https:\/\/hydraulic-cylinders.net\/?post_type=product&#038;p=974"},"modified":"2023-09-19T01:39:48","modified_gmt":"2023-09-19T01:39:48","slug":"tc-type-four-rod-hydraulic-cylinder","status":"publish","type":"product","link":"https:\/\/www.hydraulic-cylinders.net\/lv\/products\/tc-type-four-rod-hydraulic-cylinder\/","title":{"rendered":"TC tipa \u010detru stie\u0146u hidrauliskais cilindrs"},"content":{"rendered":"<h1 style=\"text-align: center;\"><strong>TC tipa \u010detru stie\u0146u hidrauliskais cilindrs<\/strong><\/h1>\n<p><img loading=\"lazy\" decoding=\"async\" class=\"size-full wp-image-975 aligncenter\" src=\"https:\/\/hydraulic-cylinders.net\/wp-content\/uploads\/2023\/09\/tc-type-four-rod-hydraulic-cylinder-1.webp\" alt=\"\" width=\"247\" height=\"247\" srcset=\"https:\/\/www.hydraulic-cylinders.net\/wp-content\/uploads\/2023\/09\/tc-type-four-rod-hydraulic-cylinder-1.webp 247w, https:\/\/www.hydraulic-cylinders.net\/wp-content\/uploads\/2023\/09\/tc-type-four-rod-hydraulic-cylinder-1-100x100.webp 100w, https:\/\/www.hydraulic-cylinders.net\/wp-content\/uploads\/2023\/09\/tc-type-four-rod-hydraulic-cylinder-1-150x150.webp 150w, https:\/\/www.hydraulic-cylinders.net\/wp-content\/uploads\/2023\/09\/tc-type-four-rod-hydraulic-cylinder-1-12x12.webp 12w\" sizes=\"(max-width: 247px) 100vw, 247px\" \/><\/p>\n<p>TC tipa \u010detru stie\u0146u hidrauliskais cilindrs ir jaud\u012bga un daudzpus\u012bga sast\u0101vda\u013ca, kas ir b\u016btiska da\u017e\u0101dos r\u016bpnieciskos pielietojumos. Hidrauliskais cilindrs ir paredz\u0113ts optim\u0101lai veiktsp\u0113jai, prec\u012bzai vad\u012bbai un izcilai iztur\u012bbai, lai viegli tiktu gal\u0101 ar sare\u017e\u0123\u012btiem uzdevumiem. \u0160aj\u0101 rakst\u0101 tiks apl\u016bkotas TC \u010detru stie\u0146u hidraulisk\u0101 cilindra galven\u0101s \u012bpa\u0161\u012bbas, lieto\u0161anas metodes un apkopes vadl\u012bnijas.<\/p>\n<p>\u010cetru stie\u0146u hidraulisk\u0101 cilindra b\u016btisk\u0101s \u012bpa\u0161\u012bbas:<\/p>\n<p>TC tipa \u010detru stie\u0146u hidrauliskais cilindrs pied\u0101v\u0101 vair\u0101kas iev\u0113rojamas \u012bpa\u0161\u012bbas, kas padara to par iecien\u012btu izv\u0113li hidrauliskaj\u0101 nozar\u0113:<\/p>\n<p><strong>Uzlabota stabilit\u0101te un nestsp\u0113ja:<\/strong><\/p>\n<p>&nbsp;<\/p>\n<ul>\n<li>\u010cetru stie\u0146u konstrukcija nodro\u0161ina izcilu stabilit\u0101ti, vienm\u0113r\u012bgi sadalot slodzi vis\u0101 cilindr\u0101. \u0160\u012b konstrukcija samazina novirzi un nodro\u0161ina vienm\u0113r\u012bgu veiktsp\u0113ju pat pie liel\u0101m slodz\u0113m un sare\u017e\u0123\u012btos apst\u0101k\u013cos.<\/li>\n<li>\u010cetru stie\u0146u hidraulisk\u0101 cilindra nestsp\u0113ja ir palielin\u0101ta, padarot to piem\u0113rotu lietojumiem, kas saist\u012bti ar lieliem sp\u0113kiem un liel\u0101m slodz\u0113m.<\/li>\n<\/ul>\n<p><strong>Prec\u012bza vad\u012bba un pozicion\u0113\u0161ana:<\/strong><\/p>\n<ul>\n<li>Ar \u010detru stie\u0146u konfigur\u0101ciju TC tipa \u010detru stie\u0146u hidrauliskais cilindrs nodro\u0161ina prec\u012bzu virzu\u013ca stie\u0146a vad\u012bbu un pozicion\u0113\u0161anu. \u0160\u012b funkcija nodro\u0161ina prec\u012bzu slod\u017eu kust\u012bbu un izl\u012bdzin\u0101\u0161anu, \u013caujot veikt specifiskas un sinhronas darb\u012bbas.<\/li>\n<li>Cilindra nodro\u0161in\u0101t\u0101 prec\u012bz\u0101 vad\u012bba padara to ide\u0101li piem\u0113rotu lietojumiem, kuriem nepiecie\u0161ama prec\u012bza kust\u012bbas vad\u012bba, piem\u0113ram, robotikai, materi\u0101lu apstr\u0101dei un automatiz\u0101cijas sist\u0113m\u0101m.<\/li>\n<\/ul>\n<p><strong>Iztur\u012bba un ilgm\u016b\u017e\u012bba:<\/strong><\/p>\n<ul>\n<li>Tc tipa cilindri ir izgatavoti no augstas kvalit\u0101tes materi\u0101liem, kas nodro\u0161ina izcilu iztur\u012bbu, ilgm\u016b\u017e\u012bbu, nodilumiztur\u012bbu un korozijas iztur\u012bbu.<\/li>\n<li>Cilindra iztur\u012bg\u0101 konstrukcija nodro\u0161ina ilgm\u016b\u017e\u012bbu un uzticamu darb\u012bbu, samazinot d\u012bkst\u0101ves laiku un apkopes izmaksas.<\/li>\n<\/ul>\n<h2><strong>TC tipa \u010detru stie\u0146u hidraulisk\u0101 cilindra parametrs:<\/strong><\/h2>\n<p><img loading=\"lazy\" decoding=\"async\" class=\"alignnone wp-image-976 size-full\" src=\"https:\/\/hydraulic-cylinders.net\/wp-content\/uploads\/2023\/09\/tc-type-four-rod-hydraulic-cylinder.webp\" alt=\"\" width=\"643\" height=\"166\" srcset=\"https:\/\/hydraulic-cylinders.net\/wp-content\/uploads\/2023\/09\/tc-type-four-rod-hydraulic-cylinder.webp 643w, https:\/\/hydraulic-cylinders.net\/wp-content\/uploads\/2023\/09\/tc-type-four-rod-hydraulic-cylinder-480x124.webp 480w\" sizes=\"(min-width: 0px) and (max-width: 480px) 480px, (min-width: 481px) 643px, 100vw\" \/><\/p>\n<p><img loading=\"lazy\" decoding=\"async\" class=\"alignnone size-full wp-image-320186\" src=\"https:\/\/hzpt.com\/wp-content\/uploads\/2023\/09\/tb-tc-td-four-rod-hydraulic-cylinder.webp\" alt=\"\" width=\"643\" height=\"260\" \/><\/p>\n<h2><strong>TC tipa \u010detru stie\u0146u hidrauliskais cilindrs <\/strong><strong>Lieto\u0161anas metode<\/strong><strong>:<\/strong><\/h2>\n<p><strong>Mont\u0101\u017ea un piesl\u0113g\u0161ana:<\/strong><\/p>\n<ul>\n<li>Nodro\u0161iniet pareizu izl\u012bdzin\u0101\u0161anu un nostipriniet cilindru pie iek\u0101rtas vai ma\u0161\u012bnas, izmantojot piem\u0113rotas skr\u016bves vai stiprin\u0101jumus.<\/li>\n<li>Izmantojiet atbilsto\u0161as \u200b\u200bskr\u016bves vai stiprin\u0101jumus, lai nodro\u0161in\u0101tu, ka cilindri ir pareizi izl\u012bdzin\u0101ti un nostiprin\u0101ti pie iek\u0101rtas vai ma\u0161\u012bnas.<\/li>\n<\/ul>\n<p><strong>Hidraulisk\u0101 vad\u012bba:<\/strong><\/p>\n<ul>\n<li>Aktiviz\u0113jiet hidraulisko sist\u0113mu, kas darbina cilindru, darbinot saist\u012bto hidraulisko s\u016bkni vai vad\u012bbas v\u0101rstu.<\/li>\n<li>Vad\u012bbas v\u0101rsts regul\u0113 hidraulisko pl\u016bsmu un spiedienu, lai kontrol\u0113tu cilindra kust\u012bbu. Tas \u013cauj prec\u012bzi pozicion\u0113t un darbin\u0101t hidraulisko cilindru.<\/li>\n<\/ul>\n<h2><strong>TC tipa \u010detru stie\u0146u hidrauliskais cilindrs <\/strong><strong>Apkope<\/strong><strong>:<\/strong><\/h2>\n<p>Pareiza TC tipa \u010detru stie\u0146u hidraulisk\u0101 cilindra apkope nodro\u0161ina optim\u0101lu veiktsp\u0113ju un pagarina kalpo\u0161anas laiku. \u0145emiet v\u0113r\u0101 \u0161\u0101dus apkopes padomus:<\/p>\n<p><strong>Regul\u0101ra p\u0101rbaude:<\/strong><\/p>\n<ul>\n<li>Regul\u0101ri p\u0101rbaudiet cilindru, vai nav nopl\u016b\u017eu, boj\u0101jumu vai p\u0101rm\u0113r\u012bga nodiluma. Piev\u0113rsiet uzman\u012bbu bl\u012bv\u0113m, st\u016bres stie\u0146iem un mont\u0101\u017eas deta\u013c\u0101m.<\/li>\n<li>Nekav\u0113joties nomainiet visas nolietot\u0101s vai boj\u0101t\u0101s deta\u013cas, lai nov\u0113rstu turpm\u0101kas probl\u0113mas un nodro\u0161in\u0101tu optim\u0101lu veiktsp\u0113ju.<\/li>\n<\/ul>\n<p><strong>E\u013c\u013co\u0161ana:<\/strong><\/p>\n<ul>\n<li>E\u013c\u013co\u0161anas interv\u0101lus iev\u0113rojiet saska\u0146\u0101 ar ra\u017eot\u0101ja ieteikumiem. Uzkl\u0101jiet augstas kvalit\u0101tes hidraulisko e\u013c\u013cu vai sm\u0113rvielu uz stie\u0146iem, bl\u012bv\u0113m un cit\u0101m kust\u012bgaj\u0101m da\u013c\u0101m.<\/li>\n<li>Pareiza e\u013c\u013co\u0161ana var samazin\u0101t berzi un nodilumu, k\u0101 ar\u012b nodro\u0161in\u0101t hidraulisk\u0101 cilindra vienm\u0113r\u012bgu darb\u012bbu.<\/li>\n<\/ul>\n<p><strong>T\u012br\u012bba:<\/strong><\/p>\n<ul>\n<li>Uzturiet \u010detru stie\u0146u hidrauliskos cilindrus un to apk\u0101rtni t\u012bru un bez net\u012brumiem, gru\u017eiem vai pies\u0101r\u0146ot\u0101jiem, kas ietekm\u0113 veiktsp\u0113ju.<\/li>\n<li>Periodiski uzkr\u0101ju\u0161os net\u012brumus vai putek\u013cus not\u012briet, izmantojot maigu t\u012br\u012b\u0161anas l\u012bdzekli un m\u012bkstu dr\u0101nu.<\/li>\n<\/ul>\n<h2><strong>K\u0101 nomain\u012bt bl\u012bves hidrauliskaj\u0101 cilindr\u0101\uff1f<\/strong><\/h2>\n<p>Hidraulisk\u0101 cilindra bl\u012bv\u0113jumu nomai\u0146a ir bie\u017ei veicams apkopes uzdevums, kas pal\u012bdz atjaunot pareizu darb\u012bbu un nov\u0113rst nopl\u016bdes. \u0160eit ir sniegta detaliz\u0113ta instrukcija par hidraulisk\u0101 cilindra bl\u012bv\u0113jumu nomai\u0146u:<\/p>\n<ol>\n<li><strong>Sagatavo\u0161an\u0101s un dro\u0161\u012bba:<\/strong><\/li>\n<\/ol>\n<ul>\n<li>Sagatavojiet nepiecie\u0161amos instrumentus un rezerves bl\u012bves, kas ir piem\u0113rotas j\u016bsu hidraulisk\u0101 cilindra modelim.<\/li>\n<li>Nodro\u0161iniet, lai j\u016bs str\u0101d\u0101tu dro\u0161\u0101 un t\u012br\u0101 vid\u0113, valk\u0101jot atbilsto\u0161us individu\u0101los aizsardz\u012bbas l\u012bdzek\u013cus.<\/li>\n<\/ul>\n<ol start=\"2\">\n<li><strong>Cilindra demont\u0101\u017ea:<\/strong><\/li>\n<\/ol>\n<ul>\n<li>Dro\u0161i no\u0146emiet hidraulisko cilindru no uzst\u0101d\u012bt\u0101s iek\u0101rtas vai ma\u0161\u012bnas.<\/li>\n<li>Uzman\u012bgi izjauciet cilindru, iev\u0113rojot ra\u017eot\u0101ja nor\u0101d\u012bjumus vai vadl\u012bnijas.<\/li>\n<li>Piev\u0113rsiet uzman\u012bbu deta\u013cu no\u0146em\u0161anas sec\u012bbai un apsveriet iesp\u0113ju uz\u0146emt att\u0113lus vai skices k\u0101 atsauci salik\u0161anas laik\u0101.<\/li>\n<\/ul>\n<ol start=\"3\">\n<li><strong>Plombas identific\u0113\u0161ana un no\u0146em\u0161ana:<\/strong><\/li>\n<\/ol>\n<ul>\n<li>Identific\u0113jiet bl\u012bves, kas j\u0101nomaina, piem\u0113ram, virzu\u013ca bl\u012bves, stie\u0146a bl\u012bves vai dziedzera bl\u012bves.<\/li>\n<li>Lai no\u0146emtu vec\u0101s bl\u012bves, izmantojiet piem\u0113rotus instrumentus vai metodes. Standarta metodes ietver bl\u012bvju no\u0146em\u0161anas irbul\u012b\u0161u, \u0101\u0137u vai saspiesta gaisa izmanto\u0161anu, lai uzman\u012bgi izlauztu vai izstumtu bl\u012bves.<\/li>\n<li>No\u0146em\u0161anas laik\u0101 esiet uzman\u012bgi, lai nesaboj\u0101tu cilindra sienas vai citas sast\u0101vda\u013cas.<\/li>\n<\/ul>\n<ol start=\"4\">\n<li><strong>Cilindru t\u012br\u012b\u0161ana:<\/strong><\/li>\n<\/ol>\n<ul>\n<li>R\u016bp\u012bgi not\u012briet cilindra urbumu un visas sast\u0101vda\u013cas, izmantojot atbilsto\u0161u t\u012br\u012b\u0161anas \u0161\u0137\u012bdumu, lai no\u0146emtu gru\u017eus, net\u012brumus vai vec\u0101s sm\u0113rvielas.<\/li>\n<li>Lai r\u016bp\u012bgi nosusin\u0101tu deta\u013cas, izmantojiet bezpl\u016bksnu dr\u0101nas vai saspiestu gaisu. P\u0101rliecinieties, ka nav paliku\u0161i nek\u0101di atlikumi vai pies\u0101r\u0146ot\u0101ji.<\/li>\n<\/ul>\n<ol start=\"5\">\n<li><strong>Jauna bl\u012bv\u0113juma uzst\u0101d\u012b\u0161ana:<\/strong><\/li>\n<\/ol>\n<ul>\n<li>Iee\u013c\u013cojiet jaunos bl\u012bves ar sader\u012bgu hidraulisko \u0161\u0137idrumu vai mont\u0101\u017eas sm\u0113rvielu. Tas atvieglos uzst\u0101d\u012b\u0161anu un s\u0101kotn\u0113jo bl\u012bves kondicion\u0113\u0161anu.<\/li>\n<li>Uzman\u012bgi uzst\u0101diet jaun\u0101s bl\u012bves to riev\u0101s, p\u0101rliecinoties, ka t\u0101s ir pareizi novietotas un izl\u012bdzin\u0101tas.<\/li>\n<li>Izmantojiet bl\u012bv\u0113juma uzst\u0101d\u012b\u0161anas instrumentu vai m\u012bkstu \u0101muru, lai uzman\u012bgi iespiestu bl\u012bv\u0113jumus viet\u0101. Uzst\u0101d\u012b\u0161anas laik\u0101 uzmanieties, lai nesaboj\u0101tu bl\u012bv\u0113jumus.<\/li>\n<\/ul>\n<ol start=\"6\">\n<li><strong>Salik\u0161ana un test\u0113\u0161ana:<\/strong><\/li>\n<\/ol>\n<ul>\n<li>S\u0101ciet hidraulisk\u0101 cilindra mont\u0101\u017eu, veicot darb\u012bbas apgriezt\u0101 sec\u012bb\u0101 nek\u0101 demont\u0101\u017ea. Lai ieg\u016btu nor\u0101d\u012bjumus, skatiet att\u0113lus vai skices.<\/li>\n<li>P\u0101rliecinieties, vai visas sast\u0101vda\u013cas ir pareizi izl\u012bdzin\u0101tas un savienotas kop\u0101.<\/li>\n<li>Uzst\u0101diet hidraulisko cilindru atpaka\u013c iek\u0101rt\u0101 vai meh\u0101nism\u0101.<\/li>\n<li>Pievienojiet hidraulisk\u0101s l\u012bnijas un p\u0101rliecinieties, vai visi savienojumi ir dro\u0161i.<\/li>\n<li>P\u0101rbaudiet hidraulisk\u0101 cilindra pareizu darb\u012bbu un darb\u012bbu. Aktiviz\u0113jiet hidraulisko sist\u0113mu un darbiniet cilindru piln\u0101 kust\u012bbas diapazon\u0101.<\/li>\n<li>Darb\u012bbas laik\u0101 uzraugiet, vai nav nopl\u016b\u017eu, neparastu trok\u0161\u0146u vai citu probl\u0113mu. Ja rodas probl\u0113mas, p\u0101rbaudiet bl\u012bv\u0113jumus un savienojumus, vai tie ir pareizi uzst\u0101d\u012bti, un attiec\u012bgi nov\u0113rsiet visas probl\u0113mas.<\/li>\n<\/ul>\n<h2><strong>R\u016bpn\u012bcas iesp\u0113jas un jauda:<\/strong><\/h2>\n<h3>(1) Mont\u0101\u017ea<\/h3>\n<p>Mums ir pirmklas\u012bga neatkar\u012bga p\u0113tniec\u012bbas un att\u012bst\u012bbas mont\u0101\u017eas platforma. Hidraulisko cilindru ra\u017eo\u0161anas darbn\u012bc\u0101 ir \u010detras pusautom\u0101tiskas pacel\u0161anas cilindru mont\u0101\u017eas l\u012bnijas un viena autom\u0101tisk\u0101 sl\u012bpuma cilindru mont\u0101\u017eas l\u012bnija ar projekt\u0113to gada ra\u017eo\u0161anas jaudu 1 miljons vien\u012bbu. Speci\u0101lo cilindru darbn\u012bca ir apr\u012bkota ar da\u017e\u0101du specifik\u0101ciju pusautom\u0101tisku t\u012br\u012b\u0161anas mont\u0101\u017eas sist\u0113mu ar projekt\u0113to gada ra\u017eo\u0161anas jaudu 200 000 vien\u012bbu un apr\u012bkota ar slaven\u0101m CNC apstr\u0101des iek\u0101rt\u0101m, apstr\u0101des centru, augstas precizit\u0101tes cilindru apstr\u0101des speci\u0101lo apr\u012bkojumu, robotiz\u0113tu metin\u0101\u0161anas iek\u0101rtu, autom\u0101tisku t\u012br\u012b\u0161anas iek\u0101rtu, autom\u0101tisku cilindru mont\u0101\u017eas iek\u0101rtu un autom\u0101tisku kr\u0101so\u0161anas ra\u017eo\u0161anas l\u012bniju. Eso\u0161ais kritiskais apr\u012bkojums ir vair\u0101k nek\u0101 300 komplektu (komplektu). Optim\u0101la iek\u0101rtu resursu sadale un efekt\u012bva izmanto\u0161ana nodro\u0161ina produktu precizit\u0101tes pras\u012bbas un apmierina produktu augst\u0101s kvalit\u0101tes pras\u012bbas.<\/p>\n<p><img loading=\"lazy\" decoding=\"async\" class=\"alignnone wp-image-626\" src=\"https:\/\/hydraulic-cylinders.net\/wp-content\/uploads\/2023\/08\/hydraulic-cylinder-product-1-300x158.webp\" alt=\"\" width=\"495\" height=\"260\" srcset=\"https:\/\/hydraulic-cylinders.net\/wp-content\/uploads\/2023\/08\/hydraulic-cylinder-product-1-300x158.webp 495w, https:\/\/hydraulic-cylinders.net\/wp-content\/uploads\/2023\/08\/hydraulic-cylinder-product-1-480x252.webp 480w\" sizes=\"(min-width: 0px) and (max-width: 480px) 480px, (min-width: 481px) 495px, 100vw\" \/> <img loading=\"lazy\" decoding=\"async\" class=\"alignnone wp-image-627\" src=\"https:\/\/hydraulic-cylinders.net\/wp-content\/uploads\/2023\/08\/hydraulic-cylinder-product-2-300x189.webp\" alt=\"\" width=\"413\" height=\"260\" \/><\/p>\n<h3>(2) Apstr\u0101de<\/h3>\n<p>Apstr\u0101des cehs ir apr\u012bkots ar piel\u0101gotu sl\u012bpo slie\u017eu virpo\u0161anas centru, apstr\u0101des centru, \u0101trgaitas asin\u0101\u0161anas ma\u0161\u012bnu, metin\u0101\u0161anas robotu un citu saist\u012btu apr\u012bkojumu, kas var apstr\u0101d\u0101t cilindriskas caurules ar maksim\u0101lo iek\u0161\u0113jo diametru 400 mm un maksim\u0101lo garumu 6 metri.<\/p>\n<p><img loading=\"lazy\" decoding=\"async\" class=\"alignnone wp-image-628 size-large\" src=\"https:\/\/hydraulic-cylinders.net\/wp-content\/uploads\/2023\/08\/hydraulic-cylinder-product-3-1024x391.webp\" alt=\"\" width=\"1024\" height=\"391\" srcset=\"https:\/\/hydraulic-cylinders.net\/wp-content\/uploads\/2023\/08\/hydraulic-cylinder-product-3-980x374.webp 980w, https:\/\/hydraulic-cylinders.net\/wp-content\/uploads\/2023\/08\/hydraulic-cylinder-product-3-480x183.webp 480w\" sizes=\"(min-width: 0px) and (max-width: 480px) 480px, (min-width: 481px) and (max-width: 980px) 980px, (min-width: 981px) 1024px, 100vw\" \/><\/p>\n<h3>(3) Metin\u0101\u0161ana<\/h3>\n<p><img loading=\"lazy\" decoding=\"async\" class=\"alignnone wp-image-629 size-large\" src=\"https:\/\/hydraulic-cylinders.net\/wp-content\/uploads\/2023\/08\/hydraulic-cylinder-product-4-1024x510.webp\" alt=\"\" width=\"1024\" height=\"510\" srcset=\"https:\/\/hydraulic-cylinders.net\/wp-content\/uploads\/2023\/08\/hydraulic-cylinder-product-4-980x488.webp 980w, https:\/\/hydraulic-cylinders.net\/wp-content\/uploads\/2023\/08\/hydraulic-cylinder-product-4-480x239.webp 480w\" sizes=\"(min-width: 0px) and (max-width: 480px) 480px, (min-width: 481px) and (max-width: 980px) 980px, (min-width: 981px) 1024px, 100vw\" \/><\/p>\n<h3>(4) Kr\u0101so\u0161ana un p\u0101rkl\u0101\u0161ana<\/h3>\n<p>Ar maz\u0101m un vid\u0113ja izm\u0113ra cilindrisk\u0101m autom\u0101tisk\u0101m \u016bdens b\u0101zes kr\u0101su p\u0101rkl\u0101\u0161anas l\u012bnij\u0101m, lai pan\u0101ktu autom\u0101tisku robotu iekrau\u0161anu un izkrau\u0161anu un autom\u0101tisku izsmidzin\u0101\u0161anu, projekt\u0113t\u0101 jauda ir 4000 gabali mai\u0146\u0101;<br \/>\nMums ir ar\u012b pusautom\u0101tiska kr\u0101su ra\u017eo\u0161anas l\u012bnija lieliem baloniem, ko darbina \u0137\u0113des piedzi\u0146a, ar 60 kastu konstrukcijas jaudu vien\u0101 mai\u0146\u0101.<\/p>\n<p><img loading=\"lazy\" decoding=\"async\" class=\"alignnone wp-image-630\" src=\"https:\/\/hydraulic-cylinders.net\/wp-content\/uploads\/2023\/08\/hydraulic-cylinder-product-5-300x213.webp\" alt=\"\" width=\"366\" height=\"260\" \/> <img loading=\"lazy\" decoding=\"async\" class=\"alignnone wp-image-631\" src=\"https:\/\/hydraulic-cylinders.net\/wp-content\/uploads\/2023\/08\/hydraulic-cylinder-product-6-300x225.webp\" alt=\"\" width=\"347\" height=\"260\" \/><\/p>\n<h3>(5) Test\u0113\u0161ana<\/h3>\n<p>Mums ir augst\u0101k\u0101s klases p\u0101rbaudes iek\u0101rtas un test\u0113\u0161anas stendi, lai nodro\u0161in\u0101tu, ka balona veiktsp\u0113ja atbilst pras\u012bb\u0101m.<\/p>\n<p><img loading=\"lazy\" decoding=\"async\" class=\"alignnone wp-image-632\" src=\"https:\/\/hydraulic-cylinders.net\/wp-content\/uploads\/2023\/08\/hydraulic-cylinder-product-8-300x200.webp\" alt=\"\" width=\"389\" height=\"260\" \/><\/p>\n<p>&nbsp;<\/p>\n<p>&nbsp;<\/p>\n<p>M\u0113s esam viens no lab\u0101kajiem vieglo \u010detru stie\u0146u hidraulisko cilindru ra\u017eot\u0101jiem. M\u0113s varam pied\u0101v\u0101t pla\u0161u vieglo \u010detru stie\u0146u hidraulisko cilindru kl\u0101stu. M\u0113s nodro\u0161in\u0101m ar\u012b atbilsto\u0161us <a href=\"https:\/\/hzpt.com\/agricultural-pto-gearbox\/\" target=\"_blank\" rel=\"noopener\">lauksaimniec\u012bbas p\u0101rnesumk\u0101rbas<\/a>M\u0113s esam eksport\u0113ju\u0161i savus produktus klientiem vis\u0101 pasaul\u0113 un ieguvu\u0161i labu reput\u0101ciju, pateicoties m\u016bsu augst\u0101kajai produktu kvalit\u0101tei un p\u0113cp\u0101rdo\u0161anas apkalpo\u0161anai. M\u0113s sirsn\u012bgi sveicam klientus gan m\u0101j\u0101s, gan \u0101rzem\u0113s sazin\u0101ties ar mums, lai veiktu dar\u012bjumus, apmain\u012btos ar inform\u0101ciju un\u00a0<a href=\"https:\/\/www.hydraulic-cylinders.net\/lv\/contact-us\/\">sadarboties ar mums<\/a>!<\/p>\n<p>&nbsp;<\/p>\n<h2><\/h2>\n<h2><\/h2>","protected":false},"excerpt":{"rendered":"<p>TC Type Four Rod Hydraulic Cylinder The type TC four rod hydraulic cylinder is a powerful and versatile component vital in various industrial applications. Designed for optimum performance, precise control, and superior durability, the hydraulic cylinder is designed to handle demanding tasks easily. This paper will discuss the main characteristics, use methods, and maintenance guidelines [&hellip;]<\/p>","protected":false},"featured_media":978,"comment_status":"open","ping_status":"closed","template":"","meta":{"_et_pb_use_builder":"","_et_pb_old_content":"","_et_gb_content_width":""},"product_brand":[],"product_cat":[1376,1386],"product_tag":[1380],"class_list":{"0":"post-974","1":"product","2":"type-product","3":"status-publish","4":"has-post-thumbnail","6":"product_cat-hydraulic-cylinder","7":"product_cat-four-rod-hydraulic-cylinder","8":"product_tag-hydraulic-cylinder","10":"first","11":"instock","12":"shipping-taxable","13":"product-type-simple"},"amp_enabled":true,"_links":{"self":[{"href":"https:\/\/www.hydraulic-cylinders.net\/lv\/wp-json\/wp\/v2\/product\/974","targetHints":{"allow":["GET"]}}],"collection":[{"href":"https:\/\/www.hydraulic-cylinders.net\/lv\/wp-json\/wp\/v2\/product"}],"about":[{"href":"https:\/\/www.hydraulic-cylinders.net\/lv\/wp-json\/wp\/v2\/types\/product"}],"replies":[{"embeddable":true,"href":"https:\/\/www.hydraulic-cylinders.net\/lv\/wp-json\/wp\/v2\/comments?post=974"}],"wp:featuredmedia":[{"embeddable":true,"href":"https:\/\/www.hydraulic-cylinders.net\/lv\/wp-json\/wp\/v2\/media\/978"}],"wp:attachment":[{"href":"https:\/\/www.hydraulic-cylinders.net\/lv\/wp-json\/wp\/v2\/media?parent=974"}],"wp:term":[{"taxonomy":"product_brand","embeddable":true,"href":"https:\/\/www.hydraulic-cylinders.net\/lv\/wp-json\/wp\/v2\/product_brand?post=974"},{"taxonomy":"product_cat","embeddable":true,"href":"https:\/\/www.hydraulic-cylinders.net\/lv\/wp-json\/wp\/v2\/product_cat?post=974"},{"taxonomy":"product_tag","embeddable":true,"href":"https:\/\/www.hydraulic-cylinders.net\/lv\/wp-json\/wp\/v2\/product_tag?post=974"}],"curies":[{"name":"wp","href":"https:\/\/api.w.org\/{rel}","templated":true}]}}