{"id":988,"date":"2023-09-06T07:32:37","date_gmt":"2023-09-06T07:32:37","guid":{"rendered":"https:\/\/hydraulic-cylinders.net\/?post_type=product&#038;p=988"},"modified":"2023-09-19T01:39:34","modified_gmt":"2023-09-19T01:39:34","slug":"rear-cover-rectangular-flange-four-rod-hydraulic-cylinder","status":"publish","type":"product","link":"https:\/\/www.hydraulic-cylinders.net\/lv\/products\/rear-cover-rectangular-flange-four-rod-hydraulic-cylinder\/","title":{"rendered":"Aizmugur\u0113jais v\u0101ks Taisnst\u016bra atloks \u010cetru stie\u0146u hidrauliskais cilindrs"},"content":{"rendered":"<h1 style=\"text-align: center;\"><strong>Aizmugur\u0113jais v\u0101ks Taisnst\u016bra atloks \u010cetru stie\u0146u hidrauliskais cilindrs<\/strong><\/h1>\n<p><img loading=\"lazy\" decoding=\"async\" class=\"size-full wp-image-989 aligncenter\" src=\"https:\/\/hydraulic-cylinders.net\/wp-content\/uploads\/2023\/09\/rear-cover-rectangular-flange-four-rod-hydraulic-cylinder-1.webp\" alt=\"\" width=\"229\" height=\"229\" srcset=\"https:\/\/www.hydraulic-cylinders.net\/wp-content\/uploads\/2023\/09\/rear-cover-rectangular-flange-four-rod-hydraulic-cylinder-1.webp 229w, https:\/\/www.hydraulic-cylinders.net\/wp-content\/uploads\/2023\/09\/rear-cover-rectangular-flange-four-rod-hydraulic-cylinder-1-100x100.webp 100w, https:\/\/www.hydraulic-cylinders.net\/wp-content\/uploads\/2023\/09\/rear-cover-rectangular-flange-four-rod-hydraulic-cylinder-1-150x150.webp 150w, https:\/\/www.hydraulic-cylinders.net\/wp-content\/uploads\/2023\/09\/rear-cover-rectangular-flange-four-rod-hydraulic-cylinder-1-12x12.webp 12w\" sizes=\"(max-width: 229px) 100vw, 229px\" \/><\/p>\n<p>Aizmugur\u0113j\u0101 v\u0101ka taisnst\u016bra atloka \u010detru stie\u0146u hidrauliskais cilindrs ir daudzpus\u012bgs un iztur\u012bgs \u010detru stie\u0146u hidrauliskais cilindrs, kas paredz\u0113ts, lai nodro\u0161in\u0101tu uzticamu un efekt\u012bvu line\u0101ru kust\u012bbu da\u017e\u0101dos r\u016bpnieciskos pielietojumos. Ar savu unik\u0101lo dizainu un izcilo veiktsp\u0113ju \u0161is \u010detru stie\u0146u hidrauliskais cilindrs pied\u0101v\u0101 izcilu jaudu un precizit\u0101ti, padarot to par ide\u0101lu izv\u0113li pras\u012bg\u0101m hidrauliskaj\u0101m sist\u0113m\u0101m.<\/p>\n<p>\u010cetru stie\u0146u hidraulisk\u0101 cilindra b\u016btisk\u0101s \u012bpa\u0161\u012bbas:<\/p>\n<p><strong>Augstas iztur\u012bbas konstrukcija:<\/strong><\/p>\n<ol>\n<li style=\"list-style-type: none;\">\n<ul>\n<li>\u010cetru stie\u0146u hidrauliskajam cilindram ir iztur\u012bga konstrukcija un augstas kvalit\u0101tes materi\u0101li, lai nodro\u0161in\u0101tu iztur\u012bbu un ilgsto\u0161u darb\u012bbu.<\/li>\n<li>Tas var iztur\u0113t lielas slodzes un skarbus ekspluat\u0101cijas apst\u0101k\u013cus, un tas ir piem\u0113rots pras\u012bgiem r\u016bpnieciskiem lietojumiem.<\/li>\n<\/ul>\n<\/li>\n<\/ol>\n<p><strong>Taisnst\u016bra atloka dizains:<\/strong><\/p>\n<ol>\n<li style=\"list-style-type: none;\">\n<ul>\n<li>\u0160\u012b \u010detru stie\u0146u hidraulisk\u0101 cilindra aizmugur\u0113jais v\u0101ks ir apr\u012bkots ar taisnst\u016brveida atloku, kas nodro\u0161ina dro\u0161u un stabilu uzst\u0101d\u012b\u0161anas iesp\u0113ju.<\/li>\n<li>Atloki ir paredz\u0113ti vienk\u0101r\u0161ai uzst\u0101d\u012b\u0161anai un kalibr\u0113\u0161anai, nodro\u0161inot prec\u012bzu atbilst\u012bbu hidrauliskajai sist\u0113mai.<\/li>\n<\/ul>\n<\/li>\n<\/ol>\n<p><strong>\u010cetru stie\u0146u konfigur\u0101cija:<\/strong><\/p>\n<ol>\n<li style=\"list-style-type: none;\">\n<ul>\n<li>\u010cetru stie\u0146u hidrauliskais cilindrs ir apr\u012bkots ar \u010detru stie\u0146u konstrukciju, lai uzlabotu stabilit\u0101ti un nestsp\u0113ju.<\/li>\n<li>\u010cetri stie\u0146i vienm\u0113r\u012bgi sadala slodzi, samazinot katra komponenta slodzi un nodro\u0161inot vienm\u0113r\u012bgu un l\u012bdzsvarotu darb\u012bbu.<\/li>\n<\/ul>\n<\/li>\n<\/ol>\n<p><strong>Izcila veiktsp\u0113ja:<\/strong><\/p>\n<ul>\n<li style=\"list-style-type: none;\">\n<ul>\n<li>Cilindri pied\u0101v\u0101 augstu veiktsp\u0113ju un nodro\u0161ina prec\u012bzu un uzticamu line\u0101ras kust\u012bbas vad\u012bbu.<\/li>\n<li>Tas nodro\u0161ina izcilu sp\u0113ka jaudu un g\u0101jiena garumu, \u013caujot efekt\u012bvi darboties da\u017e\u0101dos pielietojumos.<\/li>\n<\/ul>\n<\/li>\n<\/ul>\n<h2><strong>Aizmugur\u0113j\u0101 v\u0101ka taisnst\u016bra atloka \u010detru stie\u0146u hidraulisk\u0101 cilindra parametrs:<\/strong><\/h2>\n<p><img loading=\"lazy\" decoding=\"async\" class=\"alignnone wp-image-990 size-full\" src=\"https:\/\/hydraulic-cylinders.net\/wp-content\/uploads\/2023\/09\/rear-cover-rectangular-flange-four-rod-hydraulic-cylinder.webp\" alt=\"\" width=\"655\" height=\"197\" srcset=\"https:\/\/hydraulic-cylinders.net\/wp-content\/uploads\/2023\/09\/rear-cover-rectangular-flange-four-rod-hydraulic-cylinder.webp 655w, https:\/\/hydraulic-cylinders.net\/wp-content\/uploads\/2023\/09\/rear-cover-rectangular-flange-four-rod-hydraulic-cylinder-480x144.webp 480w\" sizes=\"(min-width: 0px) and (max-width: 480px) 480px, (min-width: 481px) 655px, 100vw\" \/><\/p>\n<p><img loading=\"lazy\" decoding=\"async\" class=\"alignnone size-full wp-image-320248\" src=\"https:\/\/hzpt.com\/wp-content\/uploads\/2023\/09\/jj-hh-c-four-rod-hydraulic-cylinder.webp\" alt=\"\" width=\"655\" height=\"218\" \/><\/p>\n<h2><strong>Aizmugur\u0113jais v\u0101ks Taisnst\u016bra atloks \u010cetru stie\u0146u hidrauliskais cilindrs <\/strong><strong>Lieto\u0161anas metode<\/strong><strong>:<\/strong><\/h2>\n<p><strong>Mont\u0101\u017ea:<\/strong><\/p>\n<ol>\n<li style=\"list-style-type: none;\">\n<ul>\n<li>Nosakiet hidraulisk\u0101 cilindra pareizo poz\u012bciju hidrauliskaj\u0101 sist\u0113m\u0101.<\/li>\n<li>P\u0101rliecinieties, ka mont\u0101\u017eas virsma ir t\u012bra un bez gru\u017eiem vai pies\u0101r\u0146ot\u0101jiem.<\/li>\n<li>Novietojiet taisnst\u016bra atloku vien\u0101 l\u012bmen\u012b ar mont\u0101\u017eas virsmu un nostipriniet to ar atbilsto\u0161\u0101m skr\u016bv\u0113m vai stiprin\u0101jumiem.<\/li>\n<\/ul>\n<\/li>\n<\/ol>\n<p><strong>Hidrauliskie savienojumi:<\/strong><\/p>\n<ol>\n<li style=\"list-style-type: none;\">\n<ul>\n<li>Pievienojiet hidraulisko padeves l\u012bniju cilindra piesl\u0113gvietai, lai nodro\u0161in\u0101tu pareizu bl\u012bv\u0113jumu un nov\u0113rstu nopl\u016bdi.<\/li>\n<li>Iev\u0113rojiet ra\u017eot\u0101ja ieteikumus par hidraulisk\u0101s e\u013c\u013cas veidu un uzpildiet sist\u0113mu atbilsto\u0161i.<\/li>\n<\/ul>\n<\/li>\n<\/ol>\n<p><strong>Darb\u012bba:<\/strong><\/p>\n<ul>\n<li style=\"list-style-type: none;\">\n<ul>\n<li>Iesl\u0113dziet hidraulisko sist\u0113mu un izmantojiet hidraulisko vad\u012bbas v\u0101rstu, lai kontrol\u0113tu cilindra kust\u012bbu.<\/li>\n<li>Piel\u0101gojiet pl\u016bsmas un spiediena iestat\u012bjumus, lai sasniegtu v\u0113lamo \u0101trumu un sp\u0113ka izvadi.<\/li>\n<li>Uzraugiet \u010detru stie\u0146u hidraulisk\u0101 cilindra darb\u012bbu, vai nav k\u0101das anom\u0101lijas vai boj\u0101jumu paz\u012bmes.<\/li>\n<\/ul>\n<\/li>\n<\/ul>\n<h2><strong>Aizmugur\u0113jais v\u0101ks Taisnst\u016bra atloks \u010cetru stie\u0146u hidrauliskais cilindrs <\/strong><strong>Apkope<\/strong><strong>:<\/strong><\/h2>\n<p><strong>Regul\u0101ra p\u0101rbaude:<\/strong><\/p>\n<ol>\n<li style=\"list-style-type: none;\">\n<ul>\n<li>Veiciet regul\u0101ru vizu\u0101lu p\u0101rbaudi, lai p\u0101rbaud\u012btu, vai nav nodiluma, nopl\u016b\u017eu vai boj\u0101jumu paz\u012bmju.<\/li>\n<li>P\u0101rbaudiet bl\u012bves, st\u016bres stie\u0146us un cilindru blokus, vai nav radu\u0161\u0101s novirzes, un nekav\u0113joties nomainiet nolietot\u0101s vai boj\u0101t\u0101s deta\u013cas.<\/li>\n<\/ul>\n<\/li>\n<\/ol>\n<p><strong>E\u013c\u013co\u0161ana:<\/strong><\/p>\n<ol>\n<li style=\"list-style-type: none;\">\n<ul>\n<li>Iev\u0113rojiet ra\u017eot\u0101ja e\u013c\u013co\u0161anas interv\u0101lu vadl\u012bnijas un izmantojiet ieteicamo sm\u0113rvielu, lai nodro\u0161in\u0101tu vienm\u0113r\u012bgu darb\u012bbu.<\/li>\n<li>Iee\u013c\u013cojiet stie\u0146us un bl\u012bves, lai nov\u0113rstu berzi un pagarin\u0101tu cilindra kalpo\u0161anas laiku.<\/li>\n<\/ul>\n<\/li>\n<\/ol>\n<p><strong>Bl\u012bv\u0113juma nomai\u0146a:<\/strong><\/p>\n<ul>\n<li style=\"list-style-type: none;\">\n<ul>\n<li>Laika gait\u0101 bl\u012bves var nolietoties un t\u0101s var b\u016bt j\u0101nomaina.<\/li>\n<li>Nomainot bl\u012bves, p\u0101rliecinieties, vai t\u0101s ir ra\u017eot\u0101ja ieteikt\u0101 izm\u0113ra un tipa.<\/li>\n<li>Nomainot bl\u012bvi, no\u0146emiet un salieciet cilindru saska\u0146\u0101 ar pareizo proced\u016bru.<\/li>\n<\/ul>\n<\/li>\n<\/ul>\n<h2><strong>K\u0101 kontrol\u0113t hidraulisk\u0101 cilindra \u0101trumu?<\/strong><\/h2>\n<p>Hidraulisk\u0101 cilindra \u0101truma kontrole ir b\u016btiska, lai nodro\u0161in\u0101tu dro\u0161u un efekt\u012bvu darb\u012bbu da\u017e\u0101dos pielietojumos. \u0160eit ir da\u017eas metodes, k\u0101 kontrol\u0113t hidraulisk\u0101 cilindra \u0101trumu:<\/p>\n<ol>\n<li><strong>Pl\u016bsmas kontroles v\u0101rsts:<\/strong><\/li>\n<\/ol>\n<ul>\n<li>Visizplat\u012bt\u0101k\u0101 hidraulisk\u0101 cilindra \u0101truma regul\u0113\u0161anas metode ir pl\u016bsmas regul\u0113\u0161anas v\u0101rsta izmanto\u0161ana.<\/li>\n<li>Pl\u016bsmas regul\u0113\u0161anas v\u0101rsts regul\u0113 hidraulisk\u0101 \u0161\u0137idruma daudzumu, kas iepl\u016bst cilindr\u0101 un izpl\u016bst no t\u0101, t\u0101d\u0113j\u0101di kontrol\u0113jot cilindra kust\u012bbas \u0101trumu.<\/li>\n<li>Pl\u016bsmas regul\u0113\u0161anas v\u0101rsti ir pieejami da\u017e\u0101dos veidos, tostarp adatv\u0101rsti, regul\u0113jami atveres v\u0101rsti un drose\u013cv\u0101rsti.<\/li>\n<li>Regul\u0113jot pl\u016bsmas regul\u0113\u0161anas v\u0101rsta atv\u0113rumu, j\u016bs varat regul\u0113t hidraulisk\u0101 \u0161\u0137idruma pl\u016bsmas \u0101trumu un l\u012bdz ar to ar\u012b cilindra \u0101trumu.<\/li>\n<\/ul>\n<ol start=\"2\">\n<li><strong>Proporcion\u0101lie vad\u012bbas v\u0101rsti:<\/strong><\/li>\n<\/ol>\n<ul>\n<li>Proporcion\u0101lie vad\u012bbas v\u0101rsti nodro\u0161ina prec\u012bz\u0101ku \u0101truma kontroli nek\u0101 standarta pl\u016bsmas regul\u0113\u0161anas v\u0101rsti.<\/li>\n<li>\u0160ie v\u0101rsti nodro\u0161ina nep\u0101rtrauktu pl\u016bsmas \u0101truma regul\u0113\u0161anu, nodro\u0161inot prec\u012bz\u0101ku cilindra \u0101truma kontroli.<\/li>\n<li>Proporcion\u0101lie vad\u012bbas v\u0101rsti bie\u017ei tiek izmantoti lietojumos, kuros prec\u012bza pozicion\u0113\u0161ana un \u0101truma kontrole ir kritiski svar\u012bga, piem\u0113ram, robotik\u0101 vai automatiz\u0101cijas sist\u0113m\u0101s.<\/li>\n<\/ul>\n<ol start=\"3\">\n<li><strong>Spiediena kontrole:<\/strong><\/li>\n<\/ol>\n<ul>\n<li>Hidraulisk\u0101 cilindra \u0101trumu var ar\u012b netie\u0161i kontrol\u0113t, regul\u0113jot sist\u0113mas spiedienu.<\/li>\n<li>Spiediena palielin\u0101\u0161ana pa\u0101trin\u0101s cilindra kust\u012bbu, savuk\u0101rt spiediena samazin\u0101\u0161ana to pal\u0113nin\u0101s.<\/li>\n<li>Spiediena kontroli var pan\u0101kt, izmantojot spiediena samazin\u0101\u0161anas v\u0101rstu vai spiediena kompens\u0113tu pl\u016bsmas regul\u0113\u0161anas v\u0101rstu hidrauliskaj\u0101 sist\u0113m\u0101.<\/li>\n<\/ul>\n<ol start=\"4\">\n<li><strong>Slodzes kontrole:<\/strong><\/li>\n<\/ol>\n<ul>\n<li>Hidraulisk\u0101 cilindra slodze var ietekm\u0113t t\u0101 darb\u012bbas \u0101trumu.<\/li>\n<li>Palielinot slodzi, cilindrs parasti pal\u0113nin\u0101s palielin\u0101t\u0101s pretest\u012bbas d\u0113\u013c.<\/li>\n<li>Lai kontrol\u0113tu \u0101trumu da\u017e\u0101dos slodzes apst\u0101k\u013cos, hidrauliskaj\u0101 sist\u0113m\u0101 var iek\u013caut slodzes noteik\u0161anas v\u0101rstus vai slodzes kompens\u0113tus pl\u016bsmas regul\u0113\u0161anas v\u0101rstus.<\/li>\n<li>\u0160ie v\u0101rsti regul\u0113 pl\u016bsmas \u0101trumu atkar\u012bb\u0101 no slodzes, nodro\u0161inot vienm\u0113r\u012bgu \u0101trumu neatkar\u012bgi no slodzes izmai\u0146\u0101m.<\/li>\n<\/ul>\n<ol start=\"5\">\n<li><strong>Cilindra izm\u0113rs un dizains:<\/strong><\/li>\n<\/ol>\n<ul>\n<li>Pa\u0161a hidraulisk\u0101 cilindra izm\u0113rs un konstrukcija var ietekm\u0113t t\u0101 \u0101truma raksturlielumus.<\/li>\n<li>Liel\u0101ks cilindra diametrs parasti nodro\u0161ina liel\u0101ku \u0101trumu liel\u0101ka virzu\u013ca laukuma d\u0113\u013c, savuk\u0101rt maz\u0101ka diametra cilindrs nodro\u0161in\u0101s l\u0113n\u0101ku \u0101trumu.<\/li>\n<li>Cilindra konstrukcija, tostarp atveru diametrs un iek\u0161\u0113j\u0101s ejas, var ietekm\u0113t ar\u012b cilindra kust\u012bbas \u0101trumu.<\/li>\n<li>Izv\u0113loties hidraulisko cilindru, \u0146emiet v\u0113r\u0101 v\u0113lam\u0101s \u0101truma pras\u012bbas un konsult\u0113jieties ar ra\u017eot\u0101ja specifik\u0101cij\u0101m, lai izv\u0113l\u0113tos atbilsto\u0161u izm\u0113ru un konstrukciju.<\/li>\n<\/ul>\n<h2><strong>R\u016bpn\u012bcas iesp\u0113jas un jauda:<\/strong><\/h2>\n<h3>(1) Mont\u0101\u017ea<\/h3>\n<p>Mums ir pirmklas\u012bga neatkar\u012bga p\u0113tniec\u012bbas un att\u012bst\u012bbas mont\u0101\u017eas platforma. Hidraulisko cilindru ra\u017eo\u0161anas darbn\u012bc\u0101 ir \u010detras pusautom\u0101tiskas pacel\u0161anas cilindru mont\u0101\u017eas l\u012bnijas un viena autom\u0101tisk\u0101 sl\u012bpuma cilindru mont\u0101\u017eas l\u012bnija ar projekt\u0113to gada ra\u017eo\u0161anas jaudu 1 miljons vien\u012bbu. Speci\u0101lo cilindru darbn\u012bca ir apr\u012bkota ar da\u017e\u0101du specifik\u0101ciju pusautom\u0101tisku t\u012br\u012b\u0161anas mont\u0101\u017eas sist\u0113mu ar projekt\u0113to gada ra\u017eo\u0161anas jaudu 200 000 vien\u012bbu un apr\u012bkota ar slaven\u0101m CNC apstr\u0101des iek\u0101rt\u0101m, apstr\u0101des centru, augstas precizit\u0101tes cilindru apstr\u0101des speci\u0101lo apr\u012bkojumu, robotiz\u0113tu metin\u0101\u0161anas iek\u0101rtu, autom\u0101tisku t\u012br\u012b\u0161anas iek\u0101rtu, autom\u0101tisku cilindru mont\u0101\u017eas iek\u0101rtu un autom\u0101tisku kr\u0101so\u0161anas ra\u017eo\u0161anas l\u012bniju. Eso\u0161ais kritiskais apr\u012bkojums ir vair\u0101k nek\u0101 300 komplektu (komplektu). Optim\u0101la iek\u0101rtu resursu sadale un efekt\u012bva izmanto\u0161ana nodro\u0161ina produktu precizit\u0101tes pras\u012bbas un apmierina produktu augst\u0101s kvalit\u0101tes pras\u012bbas.<\/p>\n<p><img loading=\"lazy\" decoding=\"async\" class=\"alignnone wp-image-626\" src=\"https:\/\/hydraulic-cylinders.net\/wp-content\/uploads\/2023\/08\/hydraulic-cylinder-product-1-300x158.webp\" alt=\"\" width=\"495\" height=\"260\" srcset=\"https:\/\/hydraulic-cylinders.net\/wp-content\/uploads\/2023\/08\/hydraulic-cylinder-product-1-300x158.webp 495w, https:\/\/hydraulic-cylinders.net\/wp-content\/uploads\/2023\/08\/hydraulic-cylinder-product-1-480x252.webp 480w\" sizes=\"(min-width: 0px) and (max-width: 480px) 480px, (min-width: 481px) 495px, 100vw\" \/> <img loading=\"lazy\" decoding=\"async\" class=\"alignnone wp-image-627\" src=\"https:\/\/hydraulic-cylinders.net\/wp-content\/uploads\/2023\/08\/hydraulic-cylinder-product-2-300x189.webp\" alt=\"\" width=\"413\" height=\"260\" \/><\/p>\n<h3>(2) Apstr\u0101de<\/h3>\n<p>Apstr\u0101des cehs ir apr\u012bkots ar piel\u0101gotu sl\u012bpo slie\u017eu virpo\u0161anas centru, apstr\u0101des centru, \u0101trgaitas asin\u0101\u0161anas ma\u0161\u012bnu, metin\u0101\u0161anas robotu un citu saist\u012btu apr\u012bkojumu, kas var apstr\u0101d\u0101t cilindriskas caurules ar maksim\u0101lo iek\u0161\u0113jo diametru 400 mm un maksim\u0101lo garumu 6 metri.<\/p>\n<p><img loading=\"lazy\" decoding=\"async\" class=\"alignnone wp-image-628 size-large\" src=\"https:\/\/hydraulic-cylinders.net\/wp-content\/uploads\/2023\/08\/hydraulic-cylinder-product-3-1024x391.webp\" alt=\"\" width=\"1024\" height=\"391\" srcset=\"https:\/\/hydraulic-cylinders.net\/wp-content\/uploads\/2023\/08\/hydraulic-cylinder-product-3-980x374.webp 980w, https:\/\/hydraulic-cylinders.net\/wp-content\/uploads\/2023\/08\/hydraulic-cylinder-product-3-480x183.webp 480w\" sizes=\"(min-width: 0px) and (max-width: 480px) 480px, (min-width: 481px) and (max-width: 980px) 980px, (min-width: 981px) 1024px, 100vw\" \/><\/p>\n<h3>(3) Metin\u0101\u0161ana<\/h3>\n<p><img loading=\"lazy\" decoding=\"async\" class=\"alignnone wp-image-629 size-large\" src=\"https:\/\/hydraulic-cylinders.net\/wp-content\/uploads\/2023\/08\/hydraulic-cylinder-product-4-1024x510.webp\" alt=\"\" width=\"1024\" height=\"510\" srcset=\"https:\/\/hydraulic-cylinders.net\/wp-content\/uploads\/2023\/08\/hydraulic-cylinder-product-4-980x488.webp 980w, https:\/\/hydraulic-cylinders.net\/wp-content\/uploads\/2023\/08\/hydraulic-cylinder-product-4-480x239.webp 480w\" sizes=\"(min-width: 0px) and (max-width: 480px) 480px, (min-width: 481px) and (max-width: 980px) 980px, (min-width: 981px) 1024px, 100vw\" \/><\/p>\n<h3>(4) Kr\u0101so\u0161ana un p\u0101rkl\u0101\u0161ana<\/h3>\n<p>Ar maz\u0101m un vid\u0113ja izm\u0113ra cilindrisk\u0101m autom\u0101tisk\u0101m \u016bdens b\u0101zes kr\u0101su p\u0101rkl\u0101\u0161anas l\u012bnij\u0101m, lai pan\u0101ktu autom\u0101tisku robotu iekrau\u0161anu un izkrau\u0161anu un autom\u0101tisku izsmidzin\u0101\u0161anu, projekt\u0113t\u0101 jauda ir 4000 gabali mai\u0146\u0101;<br \/>\nMums ir ar\u012b pusautom\u0101tiska kr\u0101su ra\u017eo\u0161anas l\u012bnija lieliem baloniem, ko darbina \u0137\u0113des piedzi\u0146a, ar 60 kastu konstrukcijas jaudu vien\u0101 mai\u0146\u0101.<\/p>\n<p><img loading=\"lazy\" decoding=\"async\" class=\"alignnone wp-image-630\" src=\"https:\/\/hydraulic-cylinders.net\/wp-content\/uploads\/2023\/08\/hydraulic-cylinder-product-5-300x213.webp\" alt=\"\" width=\"366\" height=\"260\" \/> <img loading=\"lazy\" decoding=\"async\" class=\"alignnone wp-image-631\" src=\"https:\/\/hydraulic-cylinders.net\/wp-content\/uploads\/2023\/08\/hydraulic-cylinder-product-6-300x225.webp\" alt=\"\" width=\"347\" height=\"260\" \/><\/p>\n<h3>(5) Test\u0113\u0161ana<\/h3>\n<p>Mums ir augst\u0101k\u0101s klases p\u0101rbaudes iek\u0101rtas un test\u0113\u0161anas stendi, lai nodro\u0161in\u0101tu, ka balona veiktsp\u0113ja atbilst pras\u012bb\u0101m.<\/p>\n<p><img loading=\"lazy\" decoding=\"async\" class=\"alignnone wp-image-632\" src=\"https:\/\/hydraulic-cylinders.net\/wp-content\/uploads\/2023\/08\/hydraulic-cylinder-product-8-300x200.webp\" alt=\"\" width=\"389\" height=\"260\" \/><\/p>\n<p>&nbsp;<\/p>\n<p>&nbsp;<\/p>\n<p>M\u0113s esam viens no lab\u0101kajiem vieglo \u010detru stie\u0146u hidraulisko cilindru ra\u017eot\u0101jiem. M\u0113s varam pied\u0101v\u0101t pla\u0161u vieglo \u010detru stie\u0146u hidraulisko cilindru kl\u0101stu. M\u0113s nodro\u0161in\u0101m ar\u012b atbilsto\u0161us <a href=\"https:\/\/hzpt.com\/agricultural-pto-gearbox\/\" target=\"_blank\" rel=\"noopener\">lauksaimniec\u012bbas p\u0101rnesumk\u0101rbas<\/a>M\u0113s esam eksport\u0113ju\u0161i savus produktus klientiem vis\u0101 pasaul\u0113 un ieguvu\u0161i labu reput\u0101ciju, pateicoties m\u016bsu augst\u0101kajai produktu kvalit\u0101tei un p\u0113cp\u0101rdo\u0161anas apkalpo\u0161anai. M\u0113s sirsn\u012bgi sveicam klientus gan m\u0101j\u0101s, gan \u0101rzem\u0113s sazin\u0101ties ar mums, lai veiktu dar\u012bjumus, apmain\u012btos ar inform\u0101ciju un\u00a0<a href=\"https:\/\/www.hydraulic-cylinders.net\/lv\/contact-us\/\">sadarboties ar mums<\/a>!<\/p>\n<h2><\/h2>\n<h2><\/h2>","protected":false},"excerpt":{"rendered":"<p>Rear Cover Rectangular Flange Four Rod Hydraulic Cylinder The rear cover rectangular flange four rod hydraulic cylinder is a versatile and robust four rod hydraulic cylinder designed to provide reliable and efficient linear motion in various industrial applications. With its unique design and exceptional performance, this four rod hydraulic cylinder offers outstanding power and precision, [&hellip;]<\/p>","protected":false},"featured_media":991,"comment_status":"open","ping_status":"closed","template":"","meta":{"_et_pb_use_builder":"","_et_pb_old_content":"","_et_gb_content_width":""},"product_brand":[],"product_cat":[1376,1386],"product_tag":[1380],"class_list":{"0":"post-988","1":"product","2":"type-product","3":"status-publish","4":"has-post-thumbnail","6":"product_cat-hydraulic-cylinder","7":"product_cat-four-rod-hydraulic-cylinder","8":"product_tag-hydraulic-cylinder","10":"first","11":"instock","12":"shipping-taxable","13":"product-type-simple"},"amp_enabled":true,"_links":{"self":[{"href":"https:\/\/www.hydraulic-cylinders.net\/lv\/wp-json\/wp\/v2\/product\/988","targetHints":{"allow":["GET"]}}],"collection":[{"href":"https:\/\/www.hydraulic-cylinders.net\/lv\/wp-json\/wp\/v2\/product"}],"about":[{"href":"https:\/\/www.hydraulic-cylinders.net\/lv\/wp-json\/wp\/v2\/types\/product"}],"replies":[{"embeddable":true,"href":"https:\/\/www.hydraulic-cylinders.net\/lv\/wp-json\/wp\/v2\/comments?post=988"}],"wp:featuredmedia":[{"embeddable":true,"href":"https:\/\/www.hydraulic-cylinders.net\/lv\/wp-json\/wp\/v2\/media\/991"}],"wp:attachment":[{"href":"https:\/\/www.hydraulic-cylinders.net\/lv\/wp-json\/wp\/v2\/media?parent=988"}],"wp:term":[{"taxonomy":"product_brand","embeddable":true,"href":"https:\/\/www.hydraulic-cylinders.net\/lv\/wp-json\/wp\/v2\/product_brand?post=988"},{"taxonomy":"product_cat","embeddable":true,"href":"https:\/\/www.hydraulic-cylinders.net\/lv\/wp-json\/wp\/v2\/product_cat?post=988"},{"taxonomy":"product_tag","embeddable":true,"href":"https:\/\/www.hydraulic-cylinders.net\/lv\/wp-json\/wp\/v2\/product_tag?post=988"}],"curies":[{"name":"wp","href":"https:\/\/api.w.org\/{rel}","templated":true}]}}