{"id":992,"date":"2023-09-06T07:46:29","date_gmt":"2023-09-06T07:46:29","guid":{"rendered":"https:\/\/hydraulic-cylinders.net\/?post_type=product&#038;p=992"},"modified":"2023-09-19T01:39:28","modified_gmt":"2023-09-19T01:39:28","slug":"rear-single-earring-four-rod-hydraulic-cylinder","status":"publish","type":"product","link":"https:\/\/www.hydraulic-cylinders.net\/lv\/products\/rear-single-earring-four-rod-hydraulic-cylinder\/","title":{"rendered":"Aizmugur\u0113jais viena auskars \u010detru stie\u0146u hidrauliskais cilindrs"},"content":{"rendered":"<h1 style=\"text-align: center;\"><strong>Aizmugur\u0113jais viena auskars \u010detru stie\u0146u hidrauliskais cilindrs<\/strong><\/h1>\n<p>Aizmugur\u0113jais viena auskara \u010detru stie\u0146u hidrauliskais cilindrs ir daudzpus\u012bgs un jaud\u012bgs hidrauliskais elements, kas \u012bpa\u0161i paredz\u0113ts lietojumiem, kuriem nepiecie\u0161ama precizit\u0101te un uzticam\u012bba ar line\u0101ru kust\u012bbu. Ar sav\u0101m unik\u0101laj\u0101m aizmugur\u0113jo viena auskara un \u010detru stie\u0146u konstrukcijas iez\u012bm\u0113m \u0161is hidrauliskais cilindrs pied\u0101v\u0101 izcilu veiktsp\u0113ju un iztur\u012bbu, padarot to ide\u0101li piem\u0113rotu pla\u0161am r\u016bpniecisko un mobilo iek\u0101rtu kl\u0101stam.<\/p>\n<p>\u010cetru stie\u0146u hidraulisk\u0101 cilindra b\u016btisk\u0101s \u012bpa\u0161\u012bbas:<\/p>\n<p><strong>Aizmugur\u0113j\u0101 viena auskara dizains:<\/strong><\/p>\n<ol>\n<li style=\"list-style-type: none;\">\n<ul>\n<li>Hidrauliskais cilindrs ir apvienots ar vienu aizmugur\u0113jo auskaru, lai nodro\u0161in\u0101tu dro\u0161u un uzticamu uzst\u0101d\u012b\u0161anas iesp\u0113ju.<\/li>\n<li>Aizmugur\u0113j\u0101 viena auskara konstrukcija nodro\u0161ina \u0113rtu uzst\u0101d\u012b\u0161anu un apkopi, samazinot d\u012bkst\u0101ves laiku r\u016bpnieciskaj\u0101s darb\u012bb\u0101s.<\/li>\n<\/ul>\n<\/li>\n<\/ol>\n<p><strong>\u010cetru stie\u0146u konfigur\u0101cija:<\/strong><\/p>\n<ol>\n<li style=\"list-style-type: none;\">\n<ul>\n<li>\u010cetru stie\u0146u hidrauliskajam cilindram ir \u010detri stie\u0146i, lai vienm\u0113r\u012bgi sadal\u012btu slodzi un nodro\u0161in\u0101tu vienm\u0113r\u012bgu un l\u012bdzsvarotu kust\u012bbu.<\/li>\n<li>\u010cetru stie\u0146u konstrukcija palielina cilindra iztur\u012bbu un samazina slodzi uz atsevi\u0161\u0137\u0101m sast\u0101vda\u013c\u0101m, k\u0101 rezult\u0101t\u0101 uzlabojas kalpo\u0161anas laiks un veiktsp\u0113ja.<\/li>\n<\/ul>\n<\/li>\n<\/ol>\n<p><strong>Precizit\u0101te un kontrole:<\/strong><\/p>\n<ol>\n<li style=\"list-style-type: none;\">\n<ul>\n<li>Aizmugur\u0113jais viena auskara \u010detru stie\u0146u hidrauliskais cilindrs nodro\u0161ina prec\u012bzu un prec\u012bzu line\u0101ras kust\u012bbas vad\u012bbu.<\/li>\n<li>Tas nodro\u0161ina vienm\u0113r\u012bgu un kontrol\u0113tu kust\u012bbu, \u013caujot prec\u012bzi pozicion\u0113t un efekt\u012bvi darboties da\u017e\u0101dos pielietojumos.<\/li>\n<\/ul>\n<\/li>\n<\/ol>\n<p><strong>Augstas iztur\u012bbas konstrukcija:<\/strong><\/p>\n<ul>\n<li style=\"list-style-type: none;\">\n<ul>\n<li>\u010cetru stie\u0146u hidrauliskais cilindrs ir izgatavots no augstas kvalit\u0101tes materi\u0101la un ir iztur\u012bgs.<\/li>\n<li>Tas ir izstr\u0101d\u0101ts, lai iztur\u0113tu lielas slodzes, augstu spiedienu un sare\u017e\u0123\u012btus ekspluat\u0101cijas apst\u0101k\u013cus, padarot to piem\u0113rotu skarbai r\u016bpnieciskai videi.<\/li>\n<\/ul>\n<\/li>\n<\/ul>\n<p><img loading=\"lazy\" decoding=\"async\" class=\"size-full wp-image-993 aligncenter\" src=\"https:\/\/hydraulic-cylinders.net\/wp-content\/uploads\/2023\/09\/rear-single-earring-four-rod-hydraulic-cylinder-1.webp\" alt=\"\" width=\"232\" height=\"232\" srcset=\"https:\/\/www.hydraulic-cylinders.net\/wp-content\/uploads\/2023\/09\/rear-single-earring-four-rod-hydraulic-cylinder-1.webp 232w, https:\/\/www.hydraulic-cylinders.net\/wp-content\/uploads\/2023\/09\/rear-single-earring-four-rod-hydraulic-cylinder-1-100x100.webp 100w, https:\/\/www.hydraulic-cylinders.net\/wp-content\/uploads\/2023\/09\/rear-single-earring-four-rod-hydraulic-cylinder-1-150x150.webp 150w, https:\/\/www.hydraulic-cylinders.net\/wp-content\/uploads\/2023\/09\/rear-single-earring-four-rod-hydraulic-cylinder-1-12x12.webp 12w\" sizes=\"(max-width: 232px) 100vw, 232px\" \/><\/p>\n<h2><strong>Aizmugur\u0113j\u0101 viena auskara \u010detru stie\u0146u hidraulisk\u0101 cilindra parametrs:<\/strong><\/h2>\n<p><img loading=\"lazy\" decoding=\"async\" class=\"alignnone wp-image-994 size-full\" src=\"https:\/\/hydraulic-cylinders.net\/wp-content\/uploads\/2023\/09\/rear-single-earring-four-rod-hydraulic-cylinder.webp\" alt=\"\" width=\"650\" height=\"211\" srcset=\"https:\/\/hydraulic-cylinders.net\/wp-content\/uploads\/2023\/09\/rear-single-earring-four-rod-hydraulic-cylinder.webp 650w, https:\/\/hydraulic-cylinders.net\/wp-content\/uploads\/2023\/09\/rear-single-earring-four-rod-hydraulic-cylinder-480x156.webp 480w\" sizes=\"(min-width: 0px) and (max-width: 480px) 480px, (min-width: 481px) 650px, 100vw\" \/><\/p>\n<p><img loading=\"lazy\" decoding=\"async\" class=\"alignnone wp-image-1031 size-full\" src=\"https:\/\/hydraulic-cylinders.net\/wp-content\/uploads\/2023\/09\/b-bb-sbd-four-rod-hydraulic-cylinder.webp\" alt=\"\" width=\"650\" height=\"237\" srcset=\"https:\/\/hydraulic-cylinders.net\/wp-content\/uploads\/2023\/09\/b-bb-sbd-four-rod-hydraulic-cylinder.webp 650w, https:\/\/hydraulic-cylinders.net\/wp-content\/uploads\/2023\/09\/b-bb-sbd-four-rod-hydraulic-cylinder-480x175.webp 480w\" sizes=\"(min-width: 0px) and (max-width: 480px) 480px, (min-width: 481px) 650px, 100vw\" \/><\/p>\n<h2><strong>Aizmugur\u0113jais viena auskars \u010detru stie\u0146u hidrauliskais cilindrs <\/strong><strong>Lieto\u0161anas metode<\/strong><strong>:<\/strong><\/h2>\n<p><strong>Mont\u0101\u017ea un uzst\u0101d\u012b\u0161ana:<\/strong><\/p>\n<ol>\n<li style=\"list-style-type: none;\">\n<ul>\n<li>Nosakiet piem\u0113rotu vietu hidraulisko cilindru uzst\u0101d\u012b\u0161anai sist\u0113m\u0101 vai iek\u0101rt\u0101.<\/li>\n<li>P\u0101rliecinieties, ka uzst\u0101d\u012b\u0161anas virsma ir t\u012bra un bez gru\u017eiem vai pies\u0101r\u0146ot\u0101jiem.<\/li>\n<li>Novietojiet aizmugur\u0113jo atsevi\u0161\u0137o auskaru vien\u0101 l\u012bmen\u012b ar stiprin\u0101juma virsmu un nostipriniet to ar ieteicamaj\u0101m skr\u016bv\u0113m vai stiprin\u0101jumiem.<\/li>\n<\/ul>\n<\/li>\n<\/ol>\n<p><strong>Hidrauliskie savienojumi:<\/strong><\/p>\n<ol>\n<li style=\"list-style-type: none;\">\n<ul>\n<li>Pievienojiet hidraulisko padeves l\u012bniju cilindra piesl\u0113gvietai, nodro\u0161inot atbilsto\u0161u bl\u012bv\u0113jumu, lai nov\u0113rstu nopl\u016bdi.<\/li>\n<li>Iev\u0113rojiet ra\u017eot\u0101ja ieteikumus par hidraulisk\u0101s e\u013c\u013cas veidu un uzpildiet sist\u0113mu atbilsto\u0161i.<\/li>\n<\/ul>\n<\/li>\n<\/ol>\n<p><strong>Darb\u012bba:<\/strong><\/p>\n<ul>\n<li style=\"list-style-type: none;\">\n<ul>\n<li>Aktiviz\u0113jiet hidraulisko sist\u0113mu un izmantojiet hidraulisko vad\u012bbas v\u0101rstu, lai kontrol\u0113tu cilindra kust\u012bbu.<\/li>\n<li>Piel\u0101gojiet pl\u016bsmas un spiediena iestat\u012bjumus, lai sasniegtu v\u0113lamo \u0101trumu un sp\u0113ka izvadi.<\/li>\n<li>Uzraugiet cilindra darb\u012bbu, vai nav k\u0101das anom\u0101lijas vai boj\u0101jumu paz\u012bmes.<\/li>\n<\/ul>\n<\/li>\n<\/ul>\n<h2><strong>Aizmugur\u0113jais viena auskars \u010detru stie\u0146u hidrauliskais cilindrs <\/strong><strong>Apkope<\/strong><strong>:<\/strong><\/h2>\n<p><strong>Regul\u0101ra p\u0101rbaude:<\/strong><\/p>\n<ol>\n<li style=\"list-style-type: none;\">\n<ul>\n<li>Veiciet regul\u0101ru vizu\u0101lu p\u0101rbaudi, lai p\u0101rbaud\u012btu, vai nav nodiluma, nopl\u016b\u017eu vai boj\u0101jumu paz\u012bmju.<\/li>\n<li>P\u0101rbaudiet bl\u012bves, st\u016bres stie\u0146us un cilindru blokus, vai nav radu\u0161\u0101s novirzes, un nekav\u0113joties nomainiet nolietot\u0101s vai boj\u0101t\u0101s deta\u013cas.<\/li>\n<\/ul>\n<\/li>\n<\/ol>\n<p><strong>E\u013c\u013co\u0161ana:<\/strong><\/p>\n<ol>\n<li style=\"list-style-type: none;\">\n<ul>\n<li>Iev\u0113rojiet ra\u017eot\u0101ja e\u013c\u013co\u0161anas interv\u0101lu vadl\u012bnijas un izmantojiet ieteicamo sm\u0113rvielu, lai nodro\u0161in\u0101tu vienm\u0113r\u012bgu darb\u012bbu.<\/li>\n<li>Iee\u013c\u013cojiet stie\u0146us, bl\u012bves un citas kust\u012bg\u0101s da\u013cas, lai nov\u0113rstu berzi un pagarin\u0101tu cilindra kalpo\u0161anas laiku.<\/li>\n<\/ul>\n<\/li>\n<\/ol>\n<p><strong>Bl\u012bv\u0113\u0161anas sist\u0113mas apkope:<\/strong><\/p>\n<ul>\n<li style=\"list-style-type: none;\">\n<ul>\n<li>P\u0101rliecinieties, ka bl\u012bv\u0113\u0161anas sist\u0113ma ir lab\u0101 st\u0101vokl\u012b, lai nov\u0113rstu nopl\u016bdes un saglab\u0101tu optim\u0101lu veiktsp\u0113ju.<\/li>\n<li>Regul\u0101ri p\u0101rbaudiet bl\u012bves, vai t\u0101s nav nodilu\u0161as vai boj\u0101tas, un nepiecie\u0161am\u012bbas gad\u012bjum\u0101 nomainiet t\u0101s.<\/li>\n<li>Not\u012briet bl\u012bv\u0113juma virsmas un p\u0101rliecinieties, vai t\u0101s ir pareizi izl\u012bdzin\u0101tas, kad t\u0101s atkal ir saliktas.<\/li>\n<\/ul>\n<\/li>\n<\/ul>\n<h2><strong>K\u0101 salabot hidraulisko cilindru?<\/strong><\/h2>\n<p>Hidraulisk\u0101 cilindra remontam nepiecie\u0161ama r\u016bp\u012bga uzman\u012bba deta\u013c\u0101m un zin\u0101\u0161anas par hidrauliskaj\u0101m sist\u0113m\u0101m. \u0160eit ir visp\u0101r\u012bgs nor\u0101d\u012bjums par hidraulisk\u0101 cilindra remontu:<\/p>\n<ol>\n<li><strong>Dro\u0161\u012bba pirmaj\u0101 viet\u0101:<\/strong>\n<ul>\n<li>Pirms jebk\u0101du remontdarbu uzs\u0101k\u0161anas p\u0101rliecinieties, vai hidrauliskaj\u0101 sist\u0113m\u0101 nav spiediena un visi baro\u0161anas avoti ir atvienoti.<\/li>\n<li>Vis\u0101 remonta proces\u0101 izmantojiet atbilsto\u0161u dro\u0161\u012bbas apr\u012bkojumu, piem\u0113ram, cimdus un acu aizsargus.<\/li>\n<\/ul>\n<\/li>\n<li><strong>Identific\u0113jiet probl\u0113mu:<\/strong>\n<ul>\n<li>P\u0101rbaudiet hidraulisko cilindru, lai noteiktu darb\u012bbas trauc\u0113jumu vai boj\u0101jumu c\u0113loni.<\/li>\n<li>Bie\u017e\u0101k sastopam\u0101s probl\u0113mas ir nopl\u016bdes, boj\u0101ti bl\u012bv\u0113jumi, saliekti stie\u0146i vai nolietotas deta\u013cas.<\/li>\n<li>Piev\u0113rsiet uzman\u012bbu vis\u0101m redzamaj\u0101m nodiluma, nopl\u016b\u017eu vai anom\u0101las kust\u012bbas paz\u012bm\u0113m.<\/li>\n<\/ul>\n<\/li>\n<li><strong>Demont\u0101\u017ea:<\/strong>\n<ul>\n<li>S\u0101ciet, no\u0146emot hidraulisko cilindru no iek\u0101rtas vai sist\u0113mas.<\/li>\n<li>Uzman\u012bgi izjauciet cilindru, iev\u0113rojot ra\u017eot\u0101ja nor\u0101d\u012bjumus.<\/li>\n<li>Demont\u0101\u017eas laik\u0101 fotograf\u0113jiet vai veiciet piez\u012bmes, lai atvieglotu salik\u0161anu.<\/li>\n<\/ul>\n<\/li>\n<li><strong>P\u0101rbaude un t\u012br\u012b\u0161ana:<\/strong>\n<ul>\n<li>R\u016bp\u012bgi p\u0101rbaudiet visas sast\u0101vda\u013cas, vai nav nodiluma, boj\u0101jumu vai pies\u0101r\u0146ojuma paz\u012bmju.<\/li>\n<li>Not\u012briet visas deta\u013cas, izmantojot atbilsto\u0161u t\u012br\u012b\u0161anas l\u012bdzekli, lai no\u0146emtu net\u012brumus, gru\u017eus un hidraulisk\u0101 \u0161\u0137idruma atlikumus.<\/li>\n<li>P\u0101rbaudiet stie\u0146us, virzu\u013cus, bl\u012bves un cilindru korpusus, vai nav defektu vai p\u0101rm\u0113r\u012bga nodiluma paz\u012bmju.<\/li>\n<\/ul>\n<\/li>\n<li><strong>Bl\u012bvju un O veida gredzenu nomai\u0146a:<\/strong>\n<ul>\n<li>Boj\u0101ti vai nodilu\u0161i bl\u012bv\u0113jumi un O veida gredzeni parasti rada probl\u0113mas ar hidrauliskajiem cilindriem.<\/li>\n<li>Nomainiet visas bl\u012bves un O veida gredzenus ar jaun\u0101m, kas atbilst ra\u017eot\u0101ja nor\u0101d\u012btaj\u0101m specifik\u0101cij\u0101m.<\/li>\n<li>Pirms uzst\u0101d\u012b\u0161anas p\u0101rliecinieties par pareizu izl\u012bdzin\u0101\u0161anu un iee\u013c\u013cojiet bl\u012bves ar hidraulisko \u0161\u0137idrumu.<\/li>\n<\/ul>\n<\/li>\n<li><strong>Stie\u0146a iztaisno\u0161ana vai nomai\u0146a:<\/strong>\n<ul>\n<li>Ja stienis ir saliekts vai boj\u0101ts, tas var b\u016bt nepiecie\u0161ams iztaisnot vai nomain\u012bt.<\/li>\n<li>Iztaisnojiet saliektu stieni, izmantojot hidraulisko presi, vai mekl\u0113jiet profesion\u0101lu pal\u012bdz\u012bbu.<\/li>\n<li>Ja stienis ir nopietni boj\u0101ts, tas var b\u016bt piln\u012bb\u0101 j\u0101nomaina.<\/li>\n<\/ul>\n<\/li>\n<li><strong>Komponentu nomai\u0146a:<\/strong>\n<ul>\n<li>P\u0101rbaudiet citas sast\u0101vda\u013cas, piem\u0113ram, gult\u0146us, bukses un virzu\u013cus, vai nav nodiluma vai boj\u0101jumu.<\/li>\n<li>Nomainiet nolietot\u0101s vai boj\u0101t\u0101s deta\u013cas ar jaun\u0101m, kas atbilst ra\u017eot\u0101ja specifik\u0101cij\u0101m.<\/li>\n<\/ul>\n<\/li>\n<li><strong>Salik\u0161ana:<\/strong>\n<ul>\n<li>Salieciet hidraulisko cilindru, veicot darb\u012bbas apgriezt\u0101 sec\u012bb\u0101 nek\u0101 izjauk\u0161ana.<\/li>\n<li>Salik\u0161anas laik\u0101 uz bl\u012bv\u0113m un deta\u013c\u0101m uzkl\u0101jiet pl\u0101nu hidraulisk\u0101s e\u013c\u013cas vai sm\u0113rvielas k\u0101rti\u0146u.<\/li>\n<li>P\u0101rliecinieties, vai visi savienojumi ir cie\u0161i un pareizi izl\u012bdzin\u0101ti.<\/li>\n<\/ul>\n<\/li>\n<li><strong>Test\u0113\u0161ana un p\u0101rbaude:<\/strong>\n<ul>\n<li>P\u0113c salik\u0161anas p\u0101rbaudiet hidraulisk\u0101 cilindra pareizu darb\u012bbu.<\/li>\n<li>Pievienojiet hidraulisko sist\u0113mu atpaka\u013c un r\u016bp\u012bgi p\u0101rbaudiet, vai nav nopl\u016bdes, neparastas ska\u0146as vai neregul\u0101ras kust\u012bbas.<\/li>\n<li>Lai nodro\u0161in\u0101tu vienm\u0113r\u012bgu un nemain\u012bgu darb\u012bbu, vair\u0101kas reizes cikliski iesl\u0113dziet cilindru.<\/li>\n<\/ul>\n<\/li>\n<li><strong>Sist\u0113mas skalo\u0161ana un \u0161\u0137idruma nomai\u0146a:<\/strong><\/li>\n<\/ol>\n<ul>\n<li>Ja remonta laik\u0101 tika konstat\u0113ts pies\u0101r\u0146ojums, izskalojiet hidraulisko sist\u0113mu, lai no\u0146emtu visus gru\u017eus vai pies\u0101r\u0146ot\u0101jus.<\/li>\n<li>Nomainiet hidraulisko \u0161\u0137idrumu ar svaigu, iev\u0113rojot ra\u017eot\u0101ja ieteikumus par \u0161\u0137idruma veidu un daudzumu.<\/li>\n<\/ul>\n<h2><strong>R\u016bpn\u012bcas iesp\u0113jas un jauda:<\/strong><\/h2>\n<h3>(1) Mont\u0101\u017ea<\/h3>\n<p>Mums ir pirmklas\u012bga neatkar\u012bga p\u0113tniec\u012bbas un att\u012bst\u012bbas mont\u0101\u017eas platforma. Hidraulisko cilindru ra\u017eo\u0161anas darbn\u012bc\u0101 ir \u010detras pusautom\u0101tiskas pacel\u0161anas cilindru mont\u0101\u017eas l\u012bnijas un viena autom\u0101tisk\u0101 sl\u012bpuma cilindru mont\u0101\u017eas l\u012bnija ar projekt\u0113to gada ra\u017eo\u0161anas jaudu 1 miljons vien\u012bbu. Speci\u0101lo cilindru darbn\u012bca ir apr\u012bkota ar da\u017e\u0101du specifik\u0101ciju pusautom\u0101tisku t\u012br\u012b\u0161anas mont\u0101\u017eas sist\u0113mu ar projekt\u0113to gada ra\u017eo\u0161anas jaudu 200 000 vien\u012bbu un apr\u012bkota ar slaven\u0101m CNC apstr\u0101des iek\u0101rt\u0101m, apstr\u0101des centru, augstas precizit\u0101tes cilindru apstr\u0101des speci\u0101lo apr\u012bkojumu, robotiz\u0113tu metin\u0101\u0161anas iek\u0101rtu, autom\u0101tisku t\u012br\u012b\u0161anas iek\u0101rtu, autom\u0101tisku cilindru mont\u0101\u017eas iek\u0101rtu un autom\u0101tisku kr\u0101so\u0161anas ra\u017eo\u0161anas l\u012bniju. Eso\u0161ais kritiskais apr\u012bkojums ir vair\u0101k nek\u0101 300 komplektu (komplektu). Optim\u0101la iek\u0101rtu resursu sadale un efekt\u012bva izmanto\u0161ana nodro\u0161ina produktu precizit\u0101tes pras\u012bbas un apmierina produktu augst\u0101s kvalit\u0101tes pras\u012bbas.<\/p>\n<p><img loading=\"lazy\" decoding=\"async\" class=\"alignnone wp-image-626\" src=\"https:\/\/hydraulic-cylinders.net\/wp-content\/uploads\/2023\/08\/hydraulic-cylinder-product-1-300x158.webp\" alt=\"\" width=\"495\" height=\"260\" srcset=\"https:\/\/hydraulic-cylinders.net\/wp-content\/uploads\/2023\/08\/hydraulic-cylinder-product-1-300x158.webp 495w, https:\/\/hydraulic-cylinders.net\/wp-content\/uploads\/2023\/08\/hydraulic-cylinder-product-1-480x252.webp 480w\" sizes=\"(min-width: 0px) and (max-width: 480px) 480px, (min-width: 481px) 495px, 100vw\" \/> <img loading=\"lazy\" decoding=\"async\" class=\"alignnone wp-image-627\" src=\"https:\/\/hydraulic-cylinders.net\/wp-content\/uploads\/2023\/08\/hydraulic-cylinder-product-2-300x189.webp\" alt=\"\" width=\"413\" height=\"260\" \/><\/p>\n<h3>(2) Apstr\u0101de<\/h3>\n<p>Apstr\u0101des cehs ir apr\u012bkots ar piel\u0101gotu sl\u012bpo slie\u017eu virpo\u0161anas centru, apstr\u0101des centru, \u0101trgaitas asin\u0101\u0161anas ma\u0161\u012bnu, metin\u0101\u0161anas robotu un citu saist\u012btu apr\u012bkojumu, kas var apstr\u0101d\u0101t cilindriskas caurules ar maksim\u0101lo iek\u0161\u0113jo diametru 400 mm un maksim\u0101lo garumu 6 metri.<\/p>\n<p><img loading=\"lazy\" decoding=\"async\" class=\"alignnone wp-image-628 size-large\" src=\"https:\/\/hydraulic-cylinders.net\/wp-content\/uploads\/2023\/08\/hydraulic-cylinder-product-3-1024x391.webp\" alt=\"\" width=\"1024\" height=\"391\" srcset=\"https:\/\/hydraulic-cylinders.net\/wp-content\/uploads\/2023\/08\/hydraulic-cylinder-product-3-980x374.webp 980w, https:\/\/hydraulic-cylinders.net\/wp-content\/uploads\/2023\/08\/hydraulic-cylinder-product-3-480x183.webp 480w\" sizes=\"(min-width: 0px) and (max-width: 480px) 480px, (min-width: 481px) and (max-width: 980px) 980px, (min-width: 981px) 1024px, 100vw\" \/><\/p>\n<h3>(3) Metin\u0101\u0161ana<\/h3>\n<p><img loading=\"lazy\" decoding=\"async\" class=\"alignnone wp-image-629 size-large\" src=\"https:\/\/hydraulic-cylinders.net\/wp-content\/uploads\/2023\/08\/hydraulic-cylinder-product-4-1024x510.webp\" alt=\"\" width=\"1024\" height=\"510\" srcset=\"https:\/\/hydraulic-cylinders.net\/wp-content\/uploads\/2023\/08\/hydraulic-cylinder-product-4-980x488.webp 980w, https:\/\/hydraulic-cylinders.net\/wp-content\/uploads\/2023\/08\/hydraulic-cylinder-product-4-480x239.webp 480w\" sizes=\"(min-width: 0px) and (max-width: 480px) 480px, (min-width: 481px) and (max-width: 980px) 980px, (min-width: 981px) 1024px, 100vw\" \/><\/p>\n<h3>(4) Kr\u0101so\u0161ana un p\u0101rkl\u0101\u0161ana<\/h3>\n<p>Ar maz\u0101m un vid\u0113ja izm\u0113ra cilindrisk\u0101m autom\u0101tisk\u0101m \u016bdens b\u0101zes kr\u0101su p\u0101rkl\u0101\u0161anas l\u012bnij\u0101m, lai pan\u0101ktu autom\u0101tisku robotu iekrau\u0161anu un izkrau\u0161anu un autom\u0101tisku izsmidzin\u0101\u0161anu, projekt\u0113t\u0101 jauda ir 4000 gabali mai\u0146\u0101;<br \/>\nMums ir ar\u012b pusautom\u0101tiska kr\u0101su ra\u017eo\u0161anas l\u012bnija lieliem baloniem, ko darbina \u0137\u0113des piedzi\u0146a, ar 60 kastu konstrukcijas jaudu vien\u0101 mai\u0146\u0101.<\/p>\n<p><img loading=\"lazy\" decoding=\"async\" class=\"alignnone wp-image-630\" src=\"https:\/\/hydraulic-cylinders.net\/wp-content\/uploads\/2023\/08\/hydraulic-cylinder-product-5-300x213.webp\" alt=\"\" width=\"366\" height=\"260\" \/> <img loading=\"lazy\" decoding=\"async\" class=\"alignnone wp-image-631\" src=\"https:\/\/hydraulic-cylinders.net\/wp-content\/uploads\/2023\/08\/hydraulic-cylinder-product-6-300x225.webp\" alt=\"\" width=\"347\" height=\"260\" \/><\/p>\n<h3>(5) Test\u0113\u0161ana<\/h3>\n<p>Mums ir augst\u0101k\u0101s klases p\u0101rbaudes iek\u0101rtas un test\u0113\u0161anas stendi, lai nodro\u0161in\u0101tu, ka balona veiktsp\u0113ja atbilst pras\u012bb\u0101m.<\/p>\n<p><img loading=\"lazy\" decoding=\"async\" class=\"alignnone wp-image-632\" src=\"https:\/\/hydraulic-cylinders.net\/wp-content\/uploads\/2023\/08\/hydraulic-cylinder-product-8-300x200.webp\" alt=\"\" width=\"389\" height=\"260\" \/><\/p>\n<p>&nbsp;<\/p>\n<p>&nbsp;<\/p>\n<p>M\u0113s esam viens no lab\u0101kajiem vieglo \u010detru stie\u0146u hidraulisko cilindru ra\u017eot\u0101jiem. M\u0113s varam pied\u0101v\u0101t pla\u0161u vieglo \u010detru stie\u0146u hidraulisko cilindru kl\u0101stu. M\u0113s nodro\u0161in\u0101m ar\u012b atbilsto\u0161us <a href=\"https:\/\/hzpt.com\/agricultural-pto-gearbox\/\" target=\"_blank\" rel=\"noopener\">lauksaimniec\u012bbas p\u0101rnesumk\u0101rbas<\/a>M\u0113s esam eksport\u0113ju\u0161i savus produktus klientiem vis\u0101 pasaul\u0113 un ieguvu\u0161i labu reput\u0101ciju, pateicoties m\u016bsu augst\u0101kajai produktu kvalit\u0101tei un p\u0113cp\u0101rdo\u0161anas apkalpo\u0161anai. M\u0113s sirsn\u012bgi sveicam klientus gan m\u0101j\u0101s, gan \u0101rzem\u0113s sazin\u0101ties ar mums, lai veiktu dar\u012bjumus, apmain\u012btos ar inform\u0101ciju un\u00a0<a href=\"https:\/\/www.hydraulic-cylinders.net\/lv\/contact-us\/\">sadarboties ar mums<\/a>!<\/p>\n<h2><\/h2>\n<h2><\/h2>","protected":false},"excerpt":{"rendered":"<p>Rear Single Earring Four Rod Hydraulic Cylinder The rear single earring four rod hydraulic cylinder is a versatile and powerful hydraulic element specifically designed for applications requiring precision and reliability with linear motion. With its unique design features of rear single lugs and four rods, this hydraulic cylinder offers superior performance and durability, making it [&hellip;]<\/p>","protected":false},"featured_media":995,"comment_status":"open","ping_status":"closed","template":"","meta":{"_et_pb_use_builder":"","_et_pb_old_content":"","_et_gb_content_width":""},"product_brand":[],"product_cat":[1376,1386],"product_tag":[1380],"class_list":{"0":"post-992","1":"product","2":"type-product","3":"status-publish","4":"has-post-thumbnail","6":"product_cat-hydraulic-cylinder","7":"product_cat-four-rod-hydraulic-cylinder","8":"product_tag-hydraulic-cylinder","10":"first","11":"instock","12":"shipping-taxable","13":"product-type-simple"},"amp_enabled":true,"_links":{"self":[{"href":"https:\/\/www.hydraulic-cylinders.net\/lv\/wp-json\/wp\/v2\/product\/992","targetHints":{"allow":["GET"]}}],"collection":[{"href":"https:\/\/www.hydraulic-cylinders.net\/lv\/wp-json\/wp\/v2\/product"}],"about":[{"href":"https:\/\/www.hydraulic-cylinders.net\/lv\/wp-json\/wp\/v2\/types\/product"}],"replies":[{"embeddable":true,"href":"https:\/\/www.hydraulic-cylinders.net\/lv\/wp-json\/wp\/v2\/comments?post=992"}],"wp:featuredmedia":[{"embeddable":true,"href":"https:\/\/www.hydraulic-cylinders.net\/lv\/wp-json\/wp\/v2\/media\/995"}],"wp:attachment":[{"href":"https:\/\/www.hydraulic-cylinders.net\/lv\/wp-json\/wp\/v2\/media?parent=992"}],"wp:term":[{"taxonomy":"product_brand","embeddable":true,"href":"https:\/\/www.hydraulic-cylinders.net\/lv\/wp-json\/wp\/v2\/product_brand?post=992"},{"taxonomy":"product_cat","embeddable":true,"href":"https:\/\/www.hydraulic-cylinders.net\/lv\/wp-json\/wp\/v2\/product_cat?post=992"},{"taxonomy":"product_tag","embeddable":true,"href":"https:\/\/www.hydraulic-cylinders.net\/lv\/wp-json\/wp\/v2\/product_tag?post=992"}],"curies":[{"name":"wp","href":"https:\/\/api.w.org\/{rel}","templated":true}]}}