{"id":1012,"date":"2023-09-07T02:00:53","date_gmt":"2023-09-07T02:00:53","guid":{"rendered":"https:\/\/hydraulic-cylinders.net\/?post_type=product&#038;p=1012"},"modified":"2023-09-19T01:36:49","modified_gmt":"2023-09-19T01:36:49","slug":"rear-cover-trunnion-four-rod-hydraulic-cylinder","status":"publish","type":"product","link":"https:\/\/www.hydraulic-cylinders.net\/nb\/produkt\/rear-cover-trunnion-four-rod-hydraulic-cylinder\/","title":{"rendered":"Hydraulisk sylinder med fire stenger p\u00e5 bakdekselet"},"content":{"rendered":"<h1 style=\"text-align: center;\"><strong>Hydraulisk sylinder med fire stenger p\u00e5 bakdekselet<\/strong><\/h1>\n<p><img loading=\"lazy\" decoding=\"async\" class=\"size-full wp-image-1013 aligncenter\" src=\"https:\/\/hydraulic-cylinders.net\/wp-content\/uploads\/2023\/09\/rear-cover-trunnion-four-rod-hydraulic-cylinder-1-1.webp\" alt=\"\" width=\"231\" height=\"231\" srcset=\"https:\/\/www.hydraulic-cylinders.net\/wp-content\/uploads\/2023\/09\/rear-cover-trunnion-four-rod-hydraulic-cylinder-1-1.webp 231w, https:\/\/www.hydraulic-cylinders.net\/wp-content\/uploads\/2023\/09\/rear-cover-trunnion-four-rod-hydraulic-cylinder-1-1-100x100.webp 100w, https:\/\/www.hydraulic-cylinders.net\/wp-content\/uploads\/2023\/09\/rear-cover-trunnion-four-rod-hydraulic-cylinder-1-1-150x150.webp 150w, https:\/\/www.hydraulic-cylinders.net\/wp-content\/uploads\/2023\/09\/rear-cover-trunnion-four-rod-hydraulic-cylinder-1-1-12x12.webp 12w\" sizes=\"(max-width: 231px) 100vw, 231px\" \/><\/p>\n<p>Den hydrauliske sylinderen med fire stangs svingtapp p\u00e5 bakdekselet er en banebrytende komponent som er utviklet for \u00e5 gi eksepsjonell kraft, presis kontroll og uovertruffen ytelse i ulike industrielle applikasjoner. Med sin innovative svingtappdesign p\u00e5 bakdekselet og firestangskonfigurasjon tilbyr denne hydrauliske sylinderen med fire stangs svingtapp forbedret stabilitet, holdbarhet og b\u00e6reevne, noe som gj\u00f8r den til en uunnv\u00e6rlig ressurs i krevende hydrauliske systemer.<\/p>\n<p>Viktige egenskaper ved firestangs hydraulisk sylinder:<\/p>\n<p><strong>Bakdekselets svingkonstruksjon:<\/strong><\/p>\n<ol>\n<li style=\"list-style-type: none;\">\n<ul>\n<li>Bakdekselets svingtappdesign gir en sikker og effektiv installasjonsl\u00f8sning som sikrer p\u00e5litelig drift selv under tung belastning og ekstreme forhold.<\/li>\n<li>Det forenkler installasjonen og kan enkelt integreres i ulike hydrauliske systemer eller utstyr.<\/li>\n<\/ul>\n<\/li>\n<\/ol>\n<p><strong>Firestangskonfigurasjon:<\/strong><\/p>\n<ol>\n<li style=\"list-style-type: none;\">\n<ul>\n<li>Firestangskonfigurasjonen forbedrer b\u00e6reevnen til den firestangs hydrauliske sylinderen og sikrer optimal stabilitet og presis posisjonering.<\/li>\n<li>Det gj\u00f8r at den firestangs hydrauliske sylinderen kan motst\u00e5 sidebelastninger effektivt, og gir eksepsjonell motstand mot torsjon og sidekrefter.<\/li>\n<\/ul>\n<\/li>\n<\/ol>\n<p><strong>H\u00f8y effekt:<\/strong><\/p>\n<ol>\n<li style=\"list-style-type: none;\">\n<ul>\n<li>Denne hydrauliske sylinderen med fire stangs stang har en imponerende effekt, slik at den enkelt h\u00e5ndterer tunge belastninger.<\/li>\n<li>Den gir overlegen kraft og skyvekraft, noe som gj\u00f8r den egnet for applikasjoner som krever mye styrke og l\u00f8ftekapasitet.<\/li>\n<\/ul>\n<\/li>\n<\/ol>\n<p><strong>Presis kontroll:<\/strong><\/p>\n<ul>\n<li style=\"list-style-type: none;\">\n<ul>\n<li>Den hydrauliske sylinderen med fire stangs svingtapp p\u00e5 bakdekselet gir presis line\u00e6r bevegelseskontroll for \u00e5 sikre n\u00f8yaktig posisjonering og jevn drift.<\/li>\n<li>Den gir utmerket slagkontroll, slik at operat\u00f8rer kan oppn\u00e5 den hastigheten og presisjonen som kreves for spesifikke oppgaver.<\/li>\n<\/ul>\n<\/li>\n<\/ul>\n<h2><strong>Bakdeksel Trunnion firestangs hydraulisk sylinder Parameter:<\/strong><\/h2>\n<p><img loading=\"lazy\" decoding=\"async\" class=\"alignnone wp-image-1010 size-full\" src=\"https:\/\/hydraulic-cylinders.net\/wp-content\/uploads\/2023\/09\/rear-cover-rectangular-flange-four-rod-hydraulic-cylinder-2.webp\" alt=\"\" width=\"655\" height=\"197\" srcset=\"https:\/\/hydraulic-cylinders.net\/wp-content\/uploads\/2023\/09\/rear-cover-rectangular-flange-four-rod-hydraulic-cylinder-2.webp 655w, https:\/\/hydraulic-cylinders.net\/wp-content\/uploads\/2023\/09\/rear-cover-rectangular-flange-four-rod-hydraulic-cylinder-2-480x144.webp 480w\" sizes=\"(min-width: 0px) and (max-width: 480px) 480px, (min-width: 481px) 655px, 100vw\" \/><\/p>\n<p><img loading=\"lazy\" decoding=\"async\" class=\"alignnone wp-image-1033 size-full\" src=\"https:\/\/hydraulic-cylinders.net\/wp-content\/uploads\/2023\/09\/d-db-dd-four-rod-hydraulic-cylinder.webp\" alt=\"\" width=\"655\" height=\"249\" srcset=\"https:\/\/hydraulic-cylinders.net\/wp-content\/uploads\/2023\/09\/d-db-dd-four-rod-hydraulic-cylinder.webp 655w, https:\/\/hydraulic-cylinders.net\/wp-content\/uploads\/2023\/09\/d-db-dd-four-rod-hydraulic-cylinder-480x182.webp 480w\" sizes=\"(min-width: 0px) and (max-width: 480px) 480px, (min-width: 481px) 655px, 100vw\" \/><\/p>\n<h2><strong>Hydraulisk sylinder med fire stenger p\u00e5 bakdekselet <\/strong><strong>Bruksmetode<\/strong><strong>:<\/strong><\/h2>\n<p><strong>Montering og installasjon:<\/strong><\/p>\n<ol>\n<li style=\"list-style-type: none;\">\n<ul>\n<li>Vurder lastkrav og plassbegrensninger for \u00e5 bestemme riktig installasjonssted for den hydrauliske sylinderen i systemet eller utstyret.<\/li>\n<li>S\u00f8rg for at monteringsflaten er ren, jevn og i stand til \u00e5 b\u00e6re vekten av sylinderen.<\/li>\n<li>Plasser bakdekseltappene i flukt med monteringsflaten og fest dem med anbefalte bolter eller festemidler.<\/li>\n<\/ul>\n<\/li>\n<\/ol>\n<p><strong>Hydrauliske tilkoblinger:<\/strong><\/p>\n<ol>\n<li style=\"list-style-type: none;\">\n<ul>\n<li>Koble den firestangs hydrauliske sylinderens tilf\u00f8rselsledning til sylinderporten for \u00e5 sikre riktig tetting og forhindre lekkasje.<\/li>\n<li>F\u00f8lg produsentens anbefalinger for type hydraulikkolje og fyll systemet til anbefalt niv\u00e5.<\/li>\n<\/ul>\n<\/li>\n<\/ol>\n<p><strong>Operasjon:<\/strong><\/p>\n<ul>\n<li style=\"list-style-type: none;\">\n<ul>\n<li>Aktiver det hydrauliske systemet og kontroller sylinderens bevegelse ved hjelp av en hydraulisk kontrollventil eller annen passende kontrollmekanisme.<\/li>\n<li>Juster str\u00f8mnings- og trykkinnstillingene for \u00e5 oppn\u00e5 \u00f8nsket hastighet og kraftutgang.<\/li>\n<li>Overv\u00e5k sylinderens drift regelmessig for tegn p\u00e5 unormal oppf\u00f8rsel, som lekkasjer, overoppheting eller uvanlig lyd.<\/li>\n<\/ul>\n<\/li>\n<\/ul>\n<h2><strong>Vedlikehold av bakdekselets firesylinders hydrauliske sylinder<\/strong><strong>:<\/strong><\/h2>\n<ol>\n<li><strong>Regelmessig inspeksjon:<\/strong>\n<ul>\n<li>Utf\u00f8r rutinemessige visuelle inspeksjoner for \u00e5 se etter tegn p\u00e5 slitasje, lekkasjer eller skade.<\/li>\n<li>Inspiser stangoverflaten, tetningene og monteringsforbindelsene for eventuelle unormaliteter, og utbedre eventuelle problemer umiddelbart.<\/li>\n<\/ul>\n<\/li>\n<li><strong>Sm\u00f8ring:<\/strong>\n<ul>\n<li>F\u00f8lg produsentens retningslinjer for sm\u00f8reintervaller og bruk et anbefalt sm\u00f8remiddel for \u00e5 sikre problemfri drift.<\/li>\n<li>Sm\u00f8r stangen, tetningene og andre bevegelige deler for \u00e5 minimere friksjon og forlenge sylinderens levetid.<\/li>\n<\/ul>\n<\/li>\n<li><strong>Utskifting av tetning:<\/strong>\n<ul>\n<li>Over tid kan pakninger slites ut og m\u00e5 skiftes ut. Hvis det oppdages lekkasje, fjern forsiktig de gamle pakningene og monter nye i henhold til produsentens spesifikasjoner.<\/li>\n<\/ul>\n<\/li>\n<\/ol>\n<h2><strong>Hvordan bygger du opp en hydraulisk sylinder p\u00e5 nytt?<\/strong><\/h2>\n<p>\u00c5 gjenoppbygge en hydraulisk sylinder inneb\u00e6rer \u00e5 demontere sylinderen, inspisere komponentene, bytte ut slitte eller skadede deler og sette den sammen igjen for \u00e5 gjenopprette funksjonaliteten. Her er en generell trinnvis veiledning for hvordan du gjenoppbygger en hydraulisk sylinder:<\/p>\n<ol>\n<li><strong>Samle n\u00f8dvendige verkt\u00f8y og utstyr:<\/strong>\n<ul>\n<li>F\u00f8r du starter gjenoppbyggingsprosessen, m\u00e5 du samle frem n\u00f8dvendige verkt\u00f8y, for eksempel skiften\u00f8kler, tang, en gummihammer, en sylindersliper, nye tetninger og O-ringer, et tetningsmonteringsverkt\u00f8y og et reparasjonssett for hydrauliske sylindere.<\/li>\n<\/ul>\n<\/li>\n<li><strong>Sikkerhetsregler:<\/strong>\n<ul>\n<li>S\u00f8rg for at det hydrauliske systemet er trykkavlastet og at sylinderen er frakoblet fra enhver str\u00f8mkilde.<\/li>\n<li>Bruk passende verneutstyr (PPE), som hansker og vernebriller, for \u00e5 beskytte deg selv under ombyggingen.<\/li>\n<\/ul>\n<\/li>\n<li><strong>Demontering av sylinder:<\/strong>\n<ul>\n<li>Fjern den hydrauliske sylinderen fra utstyret eller systemet.<\/li>\n<li>Demonter sylinderen forsiktig, og begynn med \u00e5 fjerne endehettene eller l\u00e5seringene.<\/li>\n<li>Slipp ut trykket i sylinderen ved \u00e5 trekke stangen helt tilbake.<\/li>\n<li>V\u00e6r oppmerksom p\u00e5 rekkef\u00f8lgen p\u00e5 de fjernede komponentene for n\u00f8yaktig montering.<\/li>\n<\/ul>\n<\/li>\n<li><strong>Komponentinspeksjon:<\/strong>\n<ul>\n<li>Inspiser alle sylinderkomponenter, inkludert stang, stempel, pakninger og lagre, for tegn p\u00e5 slitasje, skade eller korrosjon.<\/li>\n<li>M\u00e5l dimensjonene til kritiske komponenter, som stang- og boringsdiameter, for \u00e5 sikre at de er innenfor spesifikasjonene.<\/li>\n<li>V\u00e6r n\u00f8ye med tilstanden til pakninger og O-ringer, da de er kjente kilder til problemer med hydrauliske sylindere.<\/li>\n<\/ul>\n<\/li>\n<li><strong>Utskifting av slitte eller skadede deler:<\/strong>\n<ul>\n<li>Skift ut eventuelle tetninger, O-ringer eller andre skadede komponenter som ble identifisert under inspeksjonen.<\/li>\n<li>S\u00f8rg for at reservedelene er kompatible med sylindermodellen og oppfyller de n\u00f8dvendige spesifikasjonene.<\/li>\n<li>Sm\u00f8r de nye pakningene eller O-ringene med hydraulikkolje f\u00f8r montering.<\/li>\n<\/ul>\n<\/li>\n<li><strong>Montering av sylinder:<\/strong>\n<ul>\n<li>Rengj\u00f8r alle demonterte komponenter grundig for \u00e5 fjerne smuss og rusk.<\/li>\n<li>P\u00e5f\u00f8r et tynt lag med hydraulisk olje p\u00e5 komponentene under montering for \u00e5 sm\u00f8re dem.<\/li>\n<li>F\u00f8lg produsentens instruksjoner eller reparasjonsh\u00e5ndbok for \u00e5 sikre riktig montering av festene og spesifikasjoner for tiltrekkingsmoment.<\/li>\n<\/ul>\n<\/li>\n<li><strong>Testing og installasjon:<\/strong>\n<ul>\n<li>N\u00e5r sylinderen er montert igjen, test funksjonaliteten ved \u00e5 p\u00e5f\u00f8re hydraulisk trykk.<\/li>\n<li>Sjekk for lekkasjer, unormale lyder eller uberegnelige bevegelser under testingen.<\/li>\n<li>Hvis sylinderen fungerer problemfritt, kan den installeres p\u00e5 nytt i utstyret eller systemet.<\/li>\n<\/ul>\n<\/li>\n<\/ol>\n<h2><strong>Fabrikkens kapasitet og kapasitet:<\/strong><\/h2>\n<h3>(1) Montering<\/h3>\n<p>Vi har en f\u00f8rsteklasses uavhengig forsknings- og utviklingsplattform for montering. Verkstedet for produksjon av hydrauliske sylindere har fire halvautomatiske monteringslinjer for l\u00f8ftesylindere og \u00e9n automatisk monteringslinje for vippesylindere, med en \u00e5rlig produksjonskapasitet p\u00e5 1 million enheter. Spesialsylinderverkstedet er utstyrt med ulike spesifikasjoner for et halvautomatisk rengj\u00f8ringsmonteringssystem med en \u00e5rlig produksjonskapasitet p\u00e5 200 000 enheter, og er utstyrt med kjent CNC-maskineringsutstyr, et maskineringssenter, spesialutstyr for h\u00f8ypresisjons sylinderbehandling, en robotsveisemaskin, en automatisk rengj\u00f8ringsmaskin, en automatisk sylindermonteringsmaskin og en automatisk produksjonslinje for lakkering. Vi har mer enn 300 sett (sett) av kritisk utstyr. Optimal allokering og effektiv bruk av utstyrsressurser sikrer n\u00f8yaktighetskravene til produktene og oppfyller produktenes h\u00f8ye kvalitetsbehov.<\/p>\n<p><img loading=\"lazy\" decoding=\"async\" class=\"alignnone wp-image-626\" src=\"https:\/\/hydraulic-cylinders.net\/wp-content\/uploads\/2023\/08\/hydraulic-cylinder-product-1-300x158.webp\" alt=\"\" width=\"495\" height=\"260\" srcset=\"https:\/\/hydraulic-cylinders.net\/wp-content\/uploads\/2023\/08\/hydraulic-cylinder-product-1-300x158.webp 495w, https:\/\/hydraulic-cylinders.net\/wp-content\/uploads\/2023\/08\/hydraulic-cylinder-product-1-480x252.webp 480w\" sizes=\"(min-width: 0px) and (max-width: 480px) 480px, (min-width: 481px) 495px, 100vw\" \/> <img loading=\"lazy\" decoding=\"async\" class=\"alignnone wp-image-627\" src=\"https:\/\/hydraulic-cylinders.net\/wp-content\/uploads\/2023\/08\/hydraulic-cylinder-product-2-300x189.webp\" alt=\"\" width=\"413\" height=\"260\" \/><\/p>\n<h3>(2) Maskinering<\/h3>\n<p>Maskineringsverkstedet er utstyrt med et spesialtilpasset dreiesenter for skr\u00e5 skinner, maskineringssenter, h\u00f8yhastighets honemaskin, sveiserobot og annet relatert utstyr, som kan h\u00e5ndtere bearbeiding av sylinderr\u00f8r med en maksimal indre diameter p\u00e5 400 mm og en maksimal lengde p\u00e5 6 meter.<\/p>\n<p><img loading=\"lazy\" decoding=\"async\" class=\"alignnone wp-image-628 size-large\" src=\"https:\/\/hydraulic-cylinders.net\/wp-content\/uploads\/2023\/08\/hydraulic-cylinder-product-3-1024x391.webp\" alt=\"\" width=\"1024\" height=\"391\" srcset=\"https:\/\/hydraulic-cylinders.net\/wp-content\/uploads\/2023\/08\/hydraulic-cylinder-product-3-980x374.webp 980w, https:\/\/hydraulic-cylinders.net\/wp-content\/uploads\/2023\/08\/hydraulic-cylinder-product-3-480x183.webp 480w\" sizes=\"(min-width: 0px) and (max-width: 480px) 480px, (min-width: 481px) and (max-width: 980px) 980px, (min-width: 981px) 1024px, 100vw\" \/><\/p>\n<h3>(3) Sveising<\/h3>\n<p><img loading=\"lazy\" decoding=\"async\" class=\"alignnone wp-image-629 size-large\" src=\"https:\/\/hydraulic-cylinders.net\/wp-content\/uploads\/2023\/08\/hydraulic-cylinder-product-4-1024x510.webp\" alt=\"\" width=\"1024\" height=\"510\" srcset=\"https:\/\/hydraulic-cylinders.net\/wp-content\/uploads\/2023\/08\/hydraulic-cylinder-product-4-980x488.webp 980w, https:\/\/hydraulic-cylinders.net\/wp-content\/uploads\/2023\/08\/hydraulic-cylinder-product-4-480x239.webp 480w\" sizes=\"(min-width: 0px) and (max-width: 480px) 480px, (min-width: 481px) and (max-width: 980px) 980px, (min-width: 981px) 1024px, 100vw\" \/><\/p>\n<h3>(4) Maling og belegg<\/h3>\n<p>Med sm\u00e5 og mellomstore sylinderautomatiske vannbaserte malingsbeleggslinjer, for \u00e5 oppn\u00e5 automatisk robotlasting og -lossing og automatisk spr\u00f8yting, er den designede kapasiteten 4000 stykker per skift;<br \/>\nVi har ogs\u00e5 en halvautomatisk produksjonslinje for maling for store sylindere drevet av en kabelkjede, med en designkapasitet p\u00e5 60 kasser per skift.<\/p>\n<p><img loading=\"lazy\" decoding=\"async\" class=\"alignnone wp-image-630\" src=\"https:\/\/hydraulic-cylinders.net\/wp-content\/uploads\/2023\/08\/hydraulic-cylinder-product-5-300x213.webp\" alt=\"\" width=\"366\" height=\"260\" \/> <img loading=\"lazy\" decoding=\"async\" class=\"alignnone wp-image-631\" src=\"https:\/\/hydraulic-cylinders.net\/wp-content\/uploads\/2023\/08\/hydraulic-cylinder-product-6-300x225.webp\" alt=\"\" width=\"347\" height=\"260\" \/><\/p>\n<h3>(5) Testing<\/h3>\n<p>Vi har f\u00f8rsteklasses inspeksjonsfasiliteter og testbenker for \u00e5 sikre at sylinderens ytelse oppfyller kravene.<\/p>\n<p><img loading=\"lazy\" decoding=\"async\" class=\"alignnone wp-image-632\" src=\"https:\/\/hydraulic-cylinders.net\/wp-content\/uploads\/2023\/08\/hydraulic-cylinder-product-8-300x200.webp\" alt=\"\" width=\"389\" height=\"260\" \/><\/p>\n<p>&nbsp;<\/p>\n<p>&nbsp;<\/p>\n<p>Vi er en av de beste produsentene av lette hydrauliske sylindere med fire stang. Vi kan tilby et omfattende lager av lette hydrauliske sylindere med fire stang. Vi tilbyr ogs\u00e5 tilsvarende <a href=\"https:\/\/hzpt.com\/agricultural-pto-gearbox\/\" target=\"_blank\" rel=\"noopener\">landbruksgirkasser<\/a>Vi har eksportert produktene v\u00e5re til kunder over hele verden og opparbeidet oss et godt rykte p\u00e5 grunn av v\u00e5r overlegne produktkvalitet og ettersalgsservice. Vi \u00f8nsker kunder i b\u00e5de inn- og utland hjertelig velkommen til \u00e5 kontakte oss for \u00e5 forhandle om forretninger, utveksle informasjon og\u00a0<a href=\"https:\/\/www.hydraulic-cylinders.net\/nb\/contact-us\/\">samarbeide med oss<\/a>!<\/p>\n<h2><\/h2>\n<h2><\/h2>\n<h2><\/h2>","protected":false},"excerpt":{"rendered":"<p>Rear Cover Trunnion Four Rod Hydraulic Cylinder The rear cover trunnion four rod hydraulic cylinder is a cutting-edge component designed to provide exceptional power, precise control, and unmatched performance in various industrial applications. With its innovative rear cover trunnion design and four rod configuration, this four rod hydraulic cylinder offers enhanced stability, durability, and load-bearing [&hellip;]<\/p>","protected":false},"featured_media":1039,"comment_status":"open","ping_status":"closed","template":"","meta":{"_et_pb_use_builder":"","_et_pb_old_content":"","_et_gb_content_width":""},"product_brand":[],"product_cat":[1376,1386],"product_tag":[1380],"class_list":{"0":"post-1012","1":"product","2":"type-product","3":"status-publish","4":"has-post-thumbnail","6":"product_cat-hydraulic-cylinder","7":"product_cat-four-rod-hydraulic-cylinder","8":"product_tag-hydraulic-cylinder","10":"first","11":"instock","12":"shipping-taxable","13":"product-type-simple"},"amp_enabled":true,"_links":{"self":[{"href":"https:\/\/www.hydraulic-cylinders.net\/nb\/wp-json\/wp\/v2\/product\/1012","targetHints":{"allow":["GET"]}}],"collection":[{"href":"https:\/\/www.hydraulic-cylinders.net\/nb\/wp-json\/wp\/v2\/product"}],"about":[{"href":"https:\/\/www.hydraulic-cylinders.net\/nb\/wp-json\/wp\/v2\/types\/product"}],"replies":[{"embeddable":true,"href":"https:\/\/www.hydraulic-cylinders.net\/nb\/wp-json\/wp\/v2\/comments?post=1012"}],"wp:featuredmedia":[{"embeddable":true,"href":"https:\/\/www.hydraulic-cylinders.net\/nb\/wp-json\/wp\/v2\/media\/1039"}],"wp:attachment":[{"href":"https:\/\/www.hydraulic-cylinders.net\/nb\/wp-json\/wp\/v2\/media?parent=1012"}],"wp:term":[{"taxonomy":"product_brand","embeddable":true,"href":"https:\/\/www.hydraulic-cylinders.net\/nb\/wp-json\/wp\/v2\/product_brand?post=1012"},{"taxonomy":"product_cat","embeddable":true,"href":"https:\/\/www.hydraulic-cylinders.net\/nb\/wp-json\/wp\/v2\/product_cat?post=1012"},{"taxonomy":"product_tag","embeddable":true,"href":"https:\/\/www.hydraulic-cylinders.net\/nb\/wp-json\/wp\/v2\/product_tag?post=1012"}],"curies":[{"name":"wp","href":"https:\/\/api.w.org\/{rel}","templated":true}]}}