{"id":1014,"date":"2023-09-07T02:36:18","date_gmt":"2023-09-07T02:36:18","guid":{"rendered":"https:\/\/hydraulic-cylinders.net\/?post_type=product&#038;p=1014"},"modified":"2023-09-19T01:36:38","modified_gmt":"2023-09-19T01:36:38","slug":"middle-fixed-trunnion-four-rod-hydraulic-cylinder","status":"publish","type":"product","link":"https:\/\/www.hydraulic-cylinders.net\/nb\/produkt\/middle-fixed-trunnion-four-rod-hydraulic-cylinder\/","title":{"rendered":"Hydraulisk sylinder med fire staver i midten og fast tappenhet"},"content":{"rendered":"<h1 style=\"text-align: center;\"><strong>Hydraulisk sylinder med fire staver i midten og fast tappenhet<\/strong><\/h1>\n<p><img loading=\"lazy\" decoding=\"async\" class=\"size-full wp-image-1015 aligncenter\" src=\"https:\/\/hydraulic-cylinders.net\/wp-content\/uploads\/2023\/09\/middle-fixed-trunnion-four-rod-hydraulic-cylinder-1.webp\" alt=\"\" width=\"227\" height=\"227\" srcset=\"https:\/\/www.hydraulic-cylinders.net\/wp-content\/uploads\/2023\/09\/middle-fixed-trunnion-four-rod-hydraulic-cylinder-1.webp 227w, https:\/\/www.hydraulic-cylinders.net\/wp-content\/uploads\/2023\/09\/middle-fixed-trunnion-four-rod-hydraulic-cylinder-1-100x100.webp 100w, https:\/\/www.hydraulic-cylinders.net\/wp-content\/uploads\/2023\/09\/middle-fixed-trunnion-four-rod-hydraulic-cylinder-1-150x150.webp 150w, https:\/\/www.hydraulic-cylinders.net\/wp-content\/uploads\/2023\/09\/middle-fixed-trunnion-four-rod-hydraulic-cylinder-1-12x12.webp 12w\" sizes=\"(max-width: 227px) 100vw, 227px\" \/><\/p>\n<p>Den midtre, faste, firestangs hydrauliske sylinderen er en toppmoderne hydraulisk komponent som er utviklet for \u00e5 levere eksepsjonell kraft, stabilitet og presisjon i et bredt spekter av industrielle applikasjoner. Med sin innovative midtre, faste, firstangsdesign og firestangskonfigurasjon tilbyr denne firestangs hydrauliske sylinderen overlegen b\u00e6reevne, holdbarhet og p\u00e5litelig ytelse, noe som gj\u00f8r den til en viktig ressurs i krevende hydrauliske systemer.<\/p>\n<p>Viktige egenskaper ved firestangs hydraulisk sylinder:<\/p>\n<p><strong>Midtre fast trunnion-design:<\/strong><\/p>\n<ol>\n<li style=\"list-style-type: none;\">\n<ul>\n<li>Den mellomliggende faste trunnion-konstruksjonen gir en sikker og stabil installasjonsl\u00f8sning som sikrer p\u00e5litelig drift selv under tunge belastninger og ekstreme forhold.<\/li>\n<li>Det forenkler installasjonsprosessen og kan enkelt integreres i ulike hydrauliske systemer eller utstyr.<\/li>\n<\/ul>\n<\/li>\n<\/ol>\n<p><strong>Firestangskonfigurasjon:<\/strong><\/p>\n<ol>\n<li style=\"list-style-type: none;\">\n<ul>\n<li>Firestangskonfigurasjonen forbedrer sylinderens b\u00e6reevne, noe som gir optimal stabilitet og presis posisjonering.<\/li>\n<li>Det gj\u00f8r at sylinderen effektivt motst\u00e5r sidebelastninger, og gir eksepsjonell motstand mot torsjon og sidekrefter.<\/li>\n<\/ul>\n<\/li>\n<\/ol>\n<p><strong>H\u00f8y effekt:<\/strong><\/p>\n<ol>\n<li style=\"list-style-type: none;\">\n<ul>\n<li>Denne hydrauliske sylinderen med fire stangs stang har en imponerende effekt, slik at den enkelt h\u00e5ndterer tunge belastninger.<\/li>\n<li>Den gir overlegen kraft og skyvekraft, noe som gj\u00f8r den egnet for applikasjoner som krever styrke og l\u00f8ftekapasitet.<\/li>\n<\/ul>\n<\/li>\n<\/ol>\n<p><strong>Presis kontroll:<\/strong><\/p>\n<ul>\n<li style=\"list-style-type: none;\">\n<ul>\n<li>Den firestangs hydrauliske sylinderen med en fast midjetapp kan n\u00f8yaktig kontrollere den line\u00e6re bevegelsen for \u00e5 sikre n\u00f8yaktig posisjonering og jevn drift.<\/li>\n<li>Den gir utmerket slagkontroll, slik at operat\u00f8rer kan oppn\u00e5 den hastigheten og presisjonen som kreves for spesifikke oppgaver.<\/li>\n<\/ul>\n<\/li>\n<\/ul>\n<h2><strong>Parameter for midtre faste trunnion firestangs hydraulisk sylinder:<\/strong><\/h2>\n<p><img loading=\"lazy\" decoding=\"async\" class=\"alignnone wp-image-1016 size-full\" src=\"https:\/\/hydraulic-cylinders.net\/wp-content\/uploads\/2023\/09\/middle-fixed-trunnion-four-rod-hydraulic-cylinder.webp\" alt=\"\" width=\"655\" height=\"191\" srcset=\"https:\/\/hydraulic-cylinders.net\/wp-content\/uploads\/2023\/09\/middle-fixed-trunnion-four-rod-hydraulic-cylinder.webp 655w, https:\/\/hydraulic-cylinders.net\/wp-content\/uploads\/2023\/09\/middle-fixed-trunnion-four-rod-hydraulic-cylinder-480x140.webp 480w\" sizes=\"(min-width: 0px) and (max-width: 480px) 480px, (min-width: 481px) 655px, 100vw\" \/><\/p>\n<p><img loading=\"lazy\" decoding=\"async\" class=\"alignnone wp-image-1033 size-full\" src=\"https:\/\/hydraulic-cylinders.net\/wp-content\/uploads\/2023\/09\/d-db-dd-four-rod-hydraulic-cylinder.webp\" alt=\"\" width=\"655\" height=\"249\" srcset=\"https:\/\/hydraulic-cylinders.net\/wp-content\/uploads\/2023\/09\/d-db-dd-four-rod-hydraulic-cylinder.webp 655w, https:\/\/hydraulic-cylinders.net\/wp-content\/uploads\/2023\/09\/d-db-dd-four-rod-hydraulic-cylinder-480x182.webp 480w\" sizes=\"(min-width: 0px) and (max-width: 480px) 480px, (min-width: 481px) 655px, 100vw\" \/><\/p>\n<h2><strong>Hydraulisk sylinder med fire staver i midten og fast tappenhet <\/strong><strong>Bruksmetode<\/strong><strong>:<\/strong><\/h2>\n<p><strong>Montering og installasjon:<\/strong><\/p>\n<ol>\n<li style=\"list-style-type: none;\">\n<ul>\n<li>Vurder lastkrav og plassbegrensninger for \u00e5 bestemme riktig installasjonssted for den firestangs hydrauliske sylinderen i systemet eller utstyret.<\/li>\n<li>S\u00f8rg for at monteringsflaten er ren, jevn og i stand til \u00e5 b\u00e6re vekten av sylinderen.<\/li>\n<li>Fest de midterste festetunnlene til monteringsoverflaten med anbefalte bolter eller festemidler.<\/li>\n<\/ul>\n<\/li>\n<\/ol>\n<p><strong>Hydrauliske tilkoblinger:<\/strong><\/p>\n<ol>\n<li style=\"list-style-type: none;\">\n<ul>\n<li>Koble den hydrauliske tilf\u00f8rselsledningen til sylinderporten, og s\u00f8rg for at den er ordentlig tett for \u00e5 forhindre lekkasje.<\/li>\n<li>F\u00f8lg produsentens anbefalinger for type hydraulikkolje og fyll systemet til anbefalt niv\u00e5.<\/li>\n<\/ul>\n<\/li>\n<\/ol>\n<p><strong>Operasjon:<\/strong><\/p>\n<ul>\n<li style=\"list-style-type: none;\">\n<ul>\n<li>Aktiver det hydrauliske systemet og kontroller sylinderens bevegelse ved hjelp av en hydraulisk kontrollventil eller annen passende kontrollmekanisme.<\/li>\n<li>Juster str\u00f8mnings- og trykkinnstillingene for \u00e5 oppn\u00e5 \u00f8nsket hastighet og kraftutgang.<\/li>\n<li>Overv\u00e5k sylinderens drift regelmessig for unormal oppf\u00f8rsel, som lekkasje, overoppheting eller uvanlig lyd.<\/li>\n<\/ul>\n<\/li>\n<\/ul>\n<h2><strong>Hydraulisk sylinder med fire staver i midten og fast tappenhet <\/strong><strong>Vedlikehold<\/strong><strong>:<\/strong><\/h2>\n<p><strong>Regelmessig inspeksjon:<\/strong><\/p>\n<ol>\n<li style=\"list-style-type: none;\">\n<ul>\n<li>Utf\u00f8r rutinemessige visuelle inspeksjoner for \u00e5 se etter tegn p\u00e5 slitasje, lekkasje eller skade.<\/li>\n<li>Inspiser stangoverflater, tetninger og monteringsforbindelser for unormaliteter, og utbedre eventuelle problemer raskt.<\/li>\n<\/ul>\n<\/li>\n<\/ol>\n<p><strong>Sm\u00f8ring:<\/strong><\/p>\n<ol>\n<li style=\"list-style-type: none;\">\n<ul>\n<li>F\u00f8lg produsentens retningslinjer for sm\u00f8reintervaller og bruk anbefalt sm\u00f8remiddel for \u00e5 sikre problemfri drift.<\/li>\n<li>Sm\u00f8r stenger, tetninger og andre bevegelige deler for \u00e5 redusere friksjon og forlenge levetiden til firestangs hydrauliske sylindere.<\/li>\n<\/ul>\n<\/li>\n<\/ol>\n<p><strong>Utskifting av tetning:<\/strong><\/p>\n<ul>\n<li style=\"list-style-type: none;\">\n<ul>\n<li>Over tid kan pakninger slites ut og m\u00e5 byttes ut. Hvis det oppdages en lekkasje, fjern forsiktig den gamle pakningen og monter den nye pakningen i henhold til produsentens spesifikasjoner.<\/li>\n<\/ul>\n<\/li>\n<\/ul>\n<h2><strong>Hvor raskt kan en hydraulisk sylinder bevege seg?<\/strong><\/h2>\n<p>Hastigheten en hydraulisk sylinder kan bevege seg med avhenger av flere faktorer, inkludert st\u00f8rrelsen og utformingen av sylinderen, det hydrauliske systemets trykk og str\u00f8mningshastighet, og lasten som flyttes.<\/p>\n<p>Generelt er hydrauliske sylindere kjent for sin evne til \u00e5 gi b\u00e5de h\u00f8y kraft og presis kontroll, men deres maksimale hastighet er vanligvis lavere sammenlignet med andre typer aktuatorer. Hastigheten til en hydraulisk sylinder bestemmes av hastigheten som hydraulisk v\u00e6ske tilf\u00f8res eller frigj\u00f8res fra sylinderkammeret.<\/p>\n<p>Her er noen faktorer som kan p\u00e5virke hastigheten til en hydraulisk sylinder:<\/p>\n<ol>\n<li><strong>Systemdesign og komponenter:<\/strong> Utformingen av det hydrauliske systemet, inkludert pumpe, ventiler og r\u00f8r, kan p\u00e5virke sylinderens hastighet. Systemet b\u00f8r v\u00e6re riktig dimensjonert og konfigurert for \u00e5 gi tilstrekkelig str\u00f8mningshastighet og trykk for \u00e5 oppn\u00e5 \u00f8nsket hastighet.<\/li>\n<li><strong>Sylinderdiameter og slaglengde:<\/strong> Diameteren og slaglengden til sylinderen spiller ogs\u00e5 en rolle i \u00e5 bestemme hastigheten. Generelt har sylindere med st\u00f8rre diameter en tendens til \u00e5 bevege seg saktere enn mindre p\u00e5 grunn av den mer omfattende hydrauliske v\u00e6sken som kreves for \u00e5 fylle eller t\u00f8mme sylinderkammeret.<\/li>\n<li><strong>Str\u00f8mningshastighet og trykk:<\/strong> Str\u00f8mningshastigheten og trykket til den hydrauliske v\u00e6sken som tilf\u00f8res sylinderen er kritiske faktorer for \u00e5 bestemme sylinderens hastighet. \u00d8kning av str\u00f8mningshastigheten eller trykket kan f\u00f8re til raskere bevegelse, mens reduksjon av dem vil redusere sylinderens hastighet.<\/li>\n<li><strong>Belastning og friksjon:<\/strong> Vekten og friksjonen til forsendelsen som flyttes kan p\u00e5virke sylinderens hastighet. Tyngre last kan kreve mer kraft, noe som kan redusere sylinderens totale hastighet. I tillegg kan \u00f8kt friksjon i systemet, for eksempel fra tetninger eller feiljustering, ogs\u00e5 p\u00e5virke hastigheten.<\/li>\n<\/ol>\n<h2><strong>Fabrikkens kapasitet og kapasitet:<\/strong><\/h2>\n<h3>(1) Montering<\/h3>\n<p>Vi har en f\u00f8rsteklasses uavhengig forsknings- og utviklingsplattform for montering. Verkstedet for produksjon av hydrauliske sylindere har fire halvautomatiske monteringslinjer for l\u00f8ftesylindere og \u00e9n automatisk monteringslinje for vippesylindere, med en \u00e5rlig produksjonskapasitet p\u00e5 1 million enheter. Spesialsylinderverkstedet er utstyrt med ulike spesifikasjoner for et halvautomatisk rengj\u00f8ringsmonteringssystem med en \u00e5rlig produksjonskapasitet p\u00e5 200 000 enheter, og er utstyrt med kjent CNC-maskineringsutstyr, et maskineringssenter, spesialutstyr for h\u00f8ypresisjons sylinderbehandling, en robotsveisemaskin, en automatisk rengj\u00f8ringsmaskin, en automatisk sylindermonteringsmaskin og en automatisk produksjonslinje for lakkering. Vi har mer enn 300 sett (sett) av kritisk utstyr. Optimal allokering og effektiv bruk av utstyrsressurser sikrer n\u00f8yaktighetskravene til produktene og oppfyller produktenes h\u00f8ye kvalitetsbehov.<\/p>\n<p><img loading=\"lazy\" decoding=\"async\" class=\"alignnone wp-image-626\" src=\"https:\/\/hydraulic-cylinders.net\/wp-content\/uploads\/2023\/08\/hydraulic-cylinder-product-1-300x158.webp\" alt=\"\" width=\"495\" height=\"260\" srcset=\"https:\/\/hydraulic-cylinders.net\/wp-content\/uploads\/2023\/08\/hydraulic-cylinder-product-1-300x158.webp 495w, https:\/\/hydraulic-cylinders.net\/wp-content\/uploads\/2023\/08\/hydraulic-cylinder-product-1-480x252.webp 480w\" sizes=\"(min-width: 0px) and (max-width: 480px) 480px, (min-width: 481px) 495px, 100vw\" \/> <img loading=\"lazy\" decoding=\"async\" class=\"alignnone wp-image-627\" src=\"https:\/\/hydraulic-cylinders.net\/wp-content\/uploads\/2023\/08\/hydraulic-cylinder-product-2-300x189.webp\" alt=\"\" width=\"413\" height=\"260\" \/><\/p>\n<h3>(2) Maskinering<\/h3>\n<p>Maskineringsverkstedet er utstyrt med et spesialtilpasset dreiesenter for skr\u00e5 skinner, maskineringssenter, h\u00f8yhastighets honemaskin, sveiserobot og annet relatert utstyr, som kan h\u00e5ndtere bearbeiding av sylinderr\u00f8r med en maksimal indre diameter p\u00e5 400 mm og en maksimal lengde p\u00e5 6 meter.<\/p>\n<p><img loading=\"lazy\" decoding=\"async\" class=\"alignnone wp-image-628 size-large\" src=\"https:\/\/hydraulic-cylinders.net\/wp-content\/uploads\/2023\/08\/hydraulic-cylinder-product-3-1024x391.webp\" alt=\"\" width=\"1024\" height=\"391\" srcset=\"https:\/\/hydraulic-cylinders.net\/wp-content\/uploads\/2023\/08\/hydraulic-cylinder-product-3-980x374.webp 980w, https:\/\/hydraulic-cylinders.net\/wp-content\/uploads\/2023\/08\/hydraulic-cylinder-product-3-480x183.webp 480w\" sizes=\"(min-width: 0px) and (max-width: 480px) 480px, (min-width: 481px) and (max-width: 980px) 980px, (min-width: 981px) 1024px, 100vw\" \/><\/p>\n<h3>(3) Sveising<\/h3>\n<p><img loading=\"lazy\" decoding=\"async\" class=\"alignnone wp-image-629 size-large\" src=\"https:\/\/hydraulic-cylinders.net\/wp-content\/uploads\/2023\/08\/hydraulic-cylinder-product-4-1024x510.webp\" alt=\"\" width=\"1024\" height=\"510\" srcset=\"https:\/\/hydraulic-cylinders.net\/wp-content\/uploads\/2023\/08\/hydraulic-cylinder-product-4-980x488.webp 980w, https:\/\/hydraulic-cylinders.net\/wp-content\/uploads\/2023\/08\/hydraulic-cylinder-product-4-480x239.webp 480w\" sizes=\"(min-width: 0px) and (max-width: 480px) 480px, (min-width: 481px) and (max-width: 980px) 980px, (min-width: 981px) 1024px, 100vw\" \/><\/p>\n<h3>(4) Maling og belegg<\/h3>\n<p>Med sm\u00e5 og mellomstore sylinderautomatiske vannbaserte malingsbeleggslinjer, for \u00e5 oppn\u00e5 automatisk robotlasting og -lossing og automatisk spr\u00f8yting, er den designede kapasiteten 4000 stykker per skift;<br \/>\nVi har ogs\u00e5 en halvautomatisk produksjonslinje for maling for store sylindere drevet av en kabelkjede, med en designkapasitet p\u00e5 60 kasser per skift.<\/p>\n<p><img loading=\"lazy\" decoding=\"async\" class=\"alignnone wp-image-630\" src=\"https:\/\/hydraulic-cylinders.net\/wp-content\/uploads\/2023\/08\/hydraulic-cylinder-product-5-300x213.webp\" alt=\"\" width=\"366\" height=\"260\" \/> <img loading=\"lazy\" decoding=\"async\" class=\"alignnone wp-image-631\" src=\"https:\/\/hydraulic-cylinders.net\/wp-content\/uploads\/2023\/08\/hydraulic-cylinder-product-6-300x225.webp\" alt=\"\" width=\"347\" height=\"260\" \/><\/p>\n<h3>(5) Testing<\/h3>\n<p>Vi har f\u00f8rsteklasses inspeksjonsfasiliteter og testbenker for \u00e5 sikre at sylinderens ytelse oppfyller kravene.<\/p>\n<p><img loading=\"lazy\" decoding=\"async\" class=\"alignnone wp-image-632\" src=\"https:\/\/hydraulic-cylinders.net\/wp-content\/uploads\/2023\/08\/hydraulic-cylinder-product-8-300x200.webp\" alt=\"\" width=\"389\" height=\"260\" \/><\/p>\n<p>&nbsp;<\/p>\n<p>&nbsp;<\/p>\n<p>Vi er en av de beste produsentene av lette hydrauliske sylindere med fire stang. Vi kan tilby et omfattende lager av lette hydrauliske sylindere med fire stang. Vi tilbyr ogs\u00e5 tilsvarende <a href=\"https:\/\/hzpt.com\/agricultural-pto-gearbox\/\" target=\"_blank\" rel=\"noopener\">landbruksgirkasser<\/a>Vi har eksportert produktene v\u00e5re til kunder over hele verden og opparbeidet oss et godt rykte p\u00e5 grunn av v\u00e5r overlegne produktkvalitet og ettersalgsservice. Vi \u00f8nsker kunder i b\u00e5de inn- og utland hjertelig velkommen til \u00e5 kontakte oss for \u00e5 forhandle om forretninger, utveksle informasjon og\u00a0<a href=\"https:\/\/www.hydraulic-cylinders.net\/nb\/contact-us\/\">samarbeide med oss<\/a>!<\/p>\n<h2><\/h2>\n<h2><\/h2>","protected":false},"excerpt":{"rendered":"<p>Middle Fixed Trunnion Four Rod Hydraulic Cylinder The middle fixed trunnion four rod hydraulic cylinder is a state-of-the-art hydraulic component designed to deliver exceptional power, stability, and precision in a wide range of industrial applications. With its innovative middle fixed trunnion design and four rod configuration, this four rod hydraulic cylinder offers superior load-bearing capacity, [&hellip;]<\/p>","protected":false},"featured_media":1017,"comment_status":"open","ping_status":"closed","template":"","meta":{"_et_pb_use_builder":"","_et_pb_old_content":"","_et_gb_content_width":""},"product_brand":[],"product_cat":[1376,1386],"product_tag":[1380],"class_list":{"0":"post-1014","1":"product","2":"type-product","3":"status-publish","4":"has-post-thumbnail","6":"product_cat-hydraulic-cylinder","7":"product_cat-four-rod-hydraulic-cylinder","8":"product_tag-hydraulic-cylinder","10":"first","11":"instock","12":"shipping-taxable","13":"product-type-simple"},"amp_enabled":true,"_links":{"self":[{"href":"https:\/\/www.hydraulic-cylinders.net\/nb\/wp-json\/wp\/v2\/product\/1014","targetHints":{"allow":["GET"]}}],"collection":[{"href":"https:\/\/www.hydraulic-cylinders.net\/nb\/wp-json\/wp\/v2\/product"}],"about":[{"href":"https:\/\/www.hydraulic-cylinders.net\/nb\/wp-json\/wp\/v2\/types\/product"}],"replies":[{"embeddable":true,"href":"https:\/\/www.hydraulic-cylinders.net\/nb\/wp-json\/wp\/v2\/comments?post=1014"}],"wp:featuredmedia":[{"embeddable":true,"href":"https:\/\/www.hydraulic-cylinders.net\/nb\/wp-json\/wp\/v2\/media\/1017"}],"wp:attachment":[{"href":"https:\/\/www.hydraulic-cylinders.net\/nb\/wp-json\/wp\/v2\/media?parent=1014"}],"wp:term":[{"taxonomy":"product_brand","embeddable":true,"href":"https:\/\/www.hydraulic-cylinders.net\/nb\/wp-json\/wp\/v2\/product_brand?post=1014"},{"taxonomy":"product_cat","embeddable":true,"href":"https:\/\/www.hydraulic-cylinders.net\/nb\/wp-json\/wp\/v2\/product_cat?post=1014"},{"taxonomy":"product_tag","embeddable":true,"href":"https:\/\/www.hydraulic-cylinders.net\/nb\/wp-json\/wp\/v2\/product_tag?post=1014"}],"curies":[{"name":"wp","href":"https:\/\/api.w.org\/{rel}","templated":true}]}}