{"id":1218,"date":"2023-09-13T08:11:02","date_gmt":"2023-09-13T08:11:02","guid":{"rendered":"https:\/\/hydraulic-cylinders.net\/?post_type=product&#038;p=1218"},"modified":"2025-04-11T05:06:49","modified_gmt":"2025-04-11T05:06:49","slug":"y-hg1-metallurgical-hydraulic-cylinder","status":"publish","type":"product","link":"https:\/\/www.hydraulic-cylinders.net\/nb\/produkt\/y-hg1-metallurgical-hydraulic-cylinder\/","title":{"rendered":"Y-HG1 Metallurgisk hydraulisk sylinder"},"content":{"rendered":"<h1 style=\"text-align: center;\"><strong>Y-HG1 Metallurgisk hydraulisk sylinder<\/strong><\/h1>\n<p>Y-HG1-seriens hydrauliske sylinder for metallurgisk utstyr er en dobbeltvirkende stempel-sylinder, og sylinderdiameteren er vanligvis i omr\u00e5det 40 ~ 320 mm, arbeidstrykket &lt;= 16MPA, det hydrauliske oljemekaniske systemet kan brukes til melketransport og annet arbeidsmedium, installasjonsflens, \u00f8reringer, pinner, utl\u00f8seranordning (base) og forskjellige typer.<\/p>\n<p>H\u00f8ypresisjons CNC-honemaskin, automatisk sveisemaskin, vertikalt, horisontalt maskineringssenter, gantry-maskineringssenter, CNC-dreiebenk og annet prosesseringsutstyr, produktkvaliteten er stabil og garantert.<\/p>\n<p><img loading=\"lazy\" decoding=\"async\" class=\"aligncenter wp-image-1219 size-full\" src=\"https:\/\/hydraulic-cylinders.net\/wp-content\/uploads\/2023\/09\/y-hg1-hydraulic-cylinder-1-1.webp\" alt=\"\" width=\"372\" height=\"372\" srcset=\"https:\/\/www.hydraulic-cylinders.net\/wp-content\/uploads\/2023\/09\/y-hg1-hydraulic-cylinder-1-1.webp 372w, https:\/\/www.hydraulic-cylinders.net\/wp-content\/uploads\/2023\/09\/y-hg1-hydraulic-cylinder-1-1-300x300.webp 300w, https:\/\/www.hydraulic-cylinders.net\/wp-content\/uploads\/2023\/09\/y-hg1-hydraulic-cylinder-1-1-100x100.webp 100w, https:\/\/www.hydraulic-cylinders.net\/wp-content\/uploads\/2023\/09\/y-hg1-hydraulic-cylinder-1-1-150x150.webp 150w, https:\/\/www.hydraulic-cylinders.net\/wp-content\/uploads\/2023\/09\/y-hg1-hydraulic-cylinder-1-1-12x12.webp 12w\" sizes=\"(max-width: 372px) 100vw, 372px\" \/><\/p>\n<h2><strong>Metallurgisk hydraulisk sylinderparameter:\u00a0<\/strong><\/h2>\n<h3>(1) Parameter for aksial stativtype metallurgisk hydraulisk sylinder<\/h3>\n<h2><strong><img loading=\"lazy\" decoding=\"async\" class=\"alignnone wp-image-1155 size-large\" src=\"https:\/\/hydraulic-cylinders.net\/wp-content\/uploads\/2023\/09\/axial-tripod-type-metallurgical-hydraulic-cylinder-1-1024x715.webp\" alt=\"\" width=\"1024\" height=\"715\" srcset=\"https:\/\/hydraulic-cylinders.net\/wp-content\/uploads\/2023\/09\/axial-tripod-type-metallurgical-hydraulic-cylinder-1-1024x715.webp 1024w, https:\/\/hydraulic-cylinders.net\/wp-content\/uploads\/2023\/09\/axial-tripod-type-metallurgical-hydraulic-cylinder-1-980x684.webp 980w, https:\/\/hydraulic-cylinders.net\/wp-content\/uploads\/2023\/09\/axial-tripod-type-metallurgical-hydraulic-cylinder-1-480x335.webp 480w\" sizes=\"(min-width: 0px) and (max-width: 480px) 480px, (min-width: 481px) and (max-width: 980px) 980px, (min-width: 981px) 1024px, 100vw\" \/><\/strong><\/h2>\n<h3>(2) Hodemetode Orchid-type metallurgisk hydraulisk sylinder<\/h3>\n<h2><strong><img loading=\"lazy\" decoding=\"async\" class=\"alignnone wp-image-1161 size-large\" src=\"https:\/\/hydraulic-cylinders.net\/wp-content\/uploads\/2023\/09\/head-method-orchid-type-hydraulic-cylinder-1-1024x678.jpg\" alt=\"\" width=\"1024\" height=\"678\" srcset=\"https:\/\/hydraulic-cylinders.net\/wp-content\/uploads\/2023\/09\/head-method-orchid-type-hydraulic-cylinder-1-980x649.jpg 980w, https:\/\/hydraulic-cylinders.net\/wp-content\/uploads\/2023\/09\/head-method-orchid-type-hydraulic-cylinder-1-480x318.jpg 480w\" sizes=\"(min-width: 0px) and (max-width: 480px) 480px, (min-width: 481px) and (max-width: 980px) 980px, (min-width: 981px) 1024px, 100vw\" \/>\u00a0<\/strong><\/h2>\n<h3>(3) Metallurgisk hydraulisk sylinder av hodepinnetype<\/h3>\n<h2><strong><img loading=\"lazy\" decoding=\"async\" class=\"alignnone wp-image-1166 size-large\" src=\"https:\/\/hydraulic-cylinders.net\/wp-content\/uploads\/2023\/09\/head-pin-type-metallurgical-hydraulic-cylinder-1-1024x603.webp\" alt=\"\" width=\"1024\" height=\"603\" srcset=\"https:\/\/hydraulic-cylinders.net\/wp-content\/uploads\/2023\/09\/head-pin-type-metallurgical-hydraulic-cylinder-1-980x577.webp 980w, https:\/\/hydraulic-cylinders.net\/wp-content\/uploads\/2023\/09\/head-pin-type-metallurgical-hydraulic-cylinder-1-480x283.webp 480w\" sizes=\"(min-width: 0px) and (max-width: 480px) 480px, (min-width: 481px) and (max-width: 980px) 980px, (min-width: 981px) 1024px, 100vw\" \/>\u00a0<\/strong><\/h2>\n<h3>(4) Rektangul\u00e6rt metallurgisk hydraulisk sylinder med hode, flenstype<\/h3>\n<h2><strong><img loading=\"lazy\" decoding=\"async\" class=\"alignnone wp-image-1170 size-large\" src=\"https:\/\/hydraulic-cylinders.net\/wp-content\/uploads\/2023\/09\/head-rectangular-flange-type-metallurgical-hydraulic-cylinder-1-1024x749.webp\" alt=\"\" width=\"1024\" height=\"749\" srcset=\"https:\/\/hydraulic-cylinders.net\/wp-content\/uploads\/2023\/09\/head-rectangular-flange-type-metallurgical-hydraulic-cylinder-1-980x717.webp 980w, https:\/\/hydraulic-cylinders.net\/wp-content\/uploads\/2023\/09\/head-rectangular-flange-type-metallurgical-hydraulic-cylinder-1-480x351.webp 480w\" sizes=\"(min-width: 0px) and (max-width: 480px) 480px, (min-width: 481px) and (max-width: 980px) 980px, (min-width: 981px) 1024px, 100vw\" \/>\u00a0<\/strong><\/h2>\n<h3>(5) Metallurgisk hydraulisk sylinder med rundflenshode<\/h3>\n<h2><strong><img loading=\"lazy\" decoding=\"async\" class=\"alignnone wp-image-1175 size-large\" src=\"https:\/\/hydraulic-cylinders.net\/wp-content\/uploads\/2023\/09\/head-round-flange-type-metallurgical-hydraulic-cylinder-1-1024x626.webp\" alt=\"\" width=\"1024\" height=\"626\" srcset=\"https:\/\/hydraulic-cylinders.net\/wp-content\/uploads\/2023\/09\/head-round-flange-type-metallurgical-hydraulic-cylinder-1-980x599.webp 980w, https:\/\/hydraulic-cylinders.net\/wp-content\/uploads\/2023\/09\/head-round-flange-type-metallurgical-hydraulic-cylinder-1-480x294.webp 480w\" sizes=\"(min-width: 0px) and (max-width: 480px) 480px, (min-width: 481px) and (max-width: 980px) 980px, (min-width: 981px) 1024px, 100vw\" \/>\u00a0<\/strong><\/h2>\n<h3>(6) Metallurgisk hydraulisk sylinder av midtre pinne<\/h3>\n<h2><strong><img loading=\"lazy\" decoding=\"async\" class=\"alignnone wp-image-1179 size-large\" src=\"https:\/\/hydraulic-cylinders.net\/wp-content\/uploads\/2023\/09\/middle-pin-type-metallurgical-hydraulic-cylinder-1-1024x694.webp\" alt=\"\" width=\"1024\" height=\"694\" srcset=\"https:\/\/hydraulic-cylinders.net\/wp-content\/uploads\/2023\/09\/middle-pin-type-metallurgical-hydraulic-cylinder-1-980x664.webp 980w, https:\/\/hydraulic-cylinders.net\/wp-content\/uploads\/2023\/09\/middle-pin-type-metallurgical-hydraulic-cylinder-1-480x325.webp 480w\" sizes=\"(min-width: 0px) and (max-width: 480px) 480px, (min-width: 481px) and (max-width: 980px) 980px, (min-width: 981px) 1024px, 100vw\" \/>\u00a0<\/strong><\/h2>\n<h3>(7) Bakre metode Orchid-type metallurgisk hydraulisk sylinder<\/h3>\n<h2><strong><img loading=\"lazy\" decoding=\"async\" class=\"alignnone wp-image-1183 size-large\" src=\"https:\/\/hydraulic-cylinders.net\/wp-content\/uploads\/2023\/09\/rear-method-orchid-type-hydraulic-cylinder-1-1024x610.jpg\" alt=\"\" width=\"1024\" height=\"610\" srcset=\"https:\/\/hydraulic-cylinders.net\/wp-content\/uploads\/2023\/09\/rear-method-orchid-type-hydraulic-cylinder-1-980x584.jpg 980w, https:\/\/hydraulic-cylinders.net\/wp-content\/uploads\/2023\/09\/rear-method-orchid-type-hydraulic-cylinder-1-480x286.jpg 480w\" sizes=\"(min-width: 0px) and (max-width: 480px) 480px, (min-width: 481px) and (max-width: 980px) 980px, (min-width: 981px) 1024px, 100vw\" \/>\u00a0<\/strong><\/h2>\n<h3>(8) Metallurgisk hydraulisk sylinder med bakre stift<\/h3>\n<h2><strong><img loading=\"lazy\" decoding=\"async\" class=\"alignnone wp-image-1188 size-large\" src=\"https:\/\/hydraulic-cylinders.net\/wp-content\/uploads\/2023\/09\/rear-pin-type-metallurgical-hydraulic-cylinder-1-1024x608.webp\" alt=\"\" width=\"1024\" height=\"608\" srcset=\"https:\/\/hydraulic-cylinders.net\/wp-content\/uploads\/2023\/09\/rear-pin-type-metallurgical-hydraulic-cylinder-1-1024x608.webp 1024w, https:\/\/hydraulic-cylinders.net\/wp-content\/uploads\/2023\/09\/rear-pin-type-metallurgical-hydraulic-cylinder-1-980x581.webp 980w, https:\/\/hydraulic-cylinders.net\/wp-content\/uploads\/2023\/09\/rear-pin-type-metallurgical-hydraulic-cylinder-1-480x285.webp 480w\" sizes=\"(min-width: 0px) and (max-width: 480px) 480px, (min-width: 481px) and (max-width: 980px) 980px, (min-width: 981px) 1024px, 100vw\" \/>\u00a0<\/strong><\/h2>\n<h3>(9) Bakre rektangul\u00e6r flenstype metallurgisk hydraulisk sylinder<\/h3>\n<h2><strong><img loading=\"lazy\" decoding=\"async\" class=\"alignnone wp-image-1192 size-large\" src=\"https:\/\/hydraulic-cylinders.net\/wp-content\/uploads\/2023\/09\/rear-rectangular-flange-type-metallurgical-hydraulic-cylinder-1-1024x637.webp\" alt=\"\" width=\"1024\" height=\"637\" srcset=\"https:\/\/hydraulic-cylinders.net\/wp-content\/uploads\/2023\/09\/rear-rectangular-flange-type-metallurgical-hydraulic-cylinder-1-980x610.webp 980w, https:\/\/hydraulic-cylinders.net\/wp-content\/uploads\/2023\/09\/rear-rectangular-flange-type-metallurgical-hydraulic-cylinder-1-480x299.webp 480w\" sizes=\"(min-width: 0px) and (max-width: 480px) 480px, (min-width: 481px) and (max-width: 980px) 980px, (min-width: 981px) 1024px, 100vw\" \/>\u00a0<\/strong><\/h2>\n<h3>(10) Bakre metallurgisk hydraulisk sylinder med rund flens<\/h3>\n<p><img loading=\"lazy\" decoding=\"async\" class=\"alignnone wp-image-1211 size-large\" src=\"https:\/\/hydraulic-cylinders.net\/wp-content\/uploads\/2023\/09\/rear-round-flange-type-metallurgical-hydraulic-cylinder-1-1024x613.webp\" alt=\"\" width=\"1024\" height=\"613\" srcset=\"https:\/\/hydraulic-cylinders.net\/wp-content\/uploads\/2023\/09\/rear-round-flange-type-metallurgical-hydraulic-cylinder-1-980x587.webp 980w, https:\/\/hydraulic-cylinders.net\/wp-content\/uploads\/2023\/09\/rear-round-flange-type-metallurgical-hydraulic-cylinder-1-480x287.webp 480w\" sizes=\"(min-width: 0px) and (max-width: 480px) 480px, (min-width: 481px) and (max-width: 980px) 980px, (min-width: 981px) 1024px, 100vw\" \/><\/p>\n<h3>(11) Bakre metallurgisk hydraulisk sylinder med enkelt \u00f8redobb<\/h3>\n<p><img loading=\"lazy\" decoding=\"async\" class=\"alignnone wp-image-1221 size-large\" src=\"https:\/\/hydraulic-cylinders.net\/wp-content\/uploads\/2023\/09\/rear-single-earring-type-metallurgical-hydraulic-cylinder-1-1024x684.webp\" alt=\"\" width=\"1024\" height=\"684\" srcset=\"https:\/\/hydraulic-cylinders.net\/wp-content\/uploads\/2023\/09\/rear-single-earring-type-metallurgical-hydraulic-cylinder-1-980x655.webp 980w, https:\/\/hydraulic-cylinders.net\/wp-content\/uploads\/2023\/09\/rear-single-earring-type-metallurgical-hydraulic-cylinder-1-480x321.webp 480w\" sizes=\"(min-width: 0px) and (max-width: 480px) 480px, (min-width: 481px) and (max-width: 980px) 980px, (min-width: 981px) 1024px, 100vw\" \/><\/p>\n<h3>(12) Y-HG1 Noraml metallurgisk hydraulisk sylinder<\/h3>\n<h2><strong><img loading=\"lazy\" decoding=\"async\" class=\"alignnone wp-image-1215 size-large\" src=\"https:\/\/hydraulic-cylinders.net\/wp-content\/uploads\/2023\/09\/y-hg-1-noraml-metallurgical-hydraulic-cylinder-1-1024x307.webp\" alt=\"\" width=\"1024\" height=\"307\" srcset=\"https:\/\/hydraulic-cylinders.net\/wp-content\/uploads\/2023\/09\/y-hg-1-noraml-metallurgical-hydraulic-cylinder-1-980x293.webp 980w, https:\/\/hydraulic-cylinders.net\/wp-content\/uploads\/2023\/09\/y-hg-1-noraml-metallurgical-hydraulic-cylinder-1-480x144.webp 480w\" sizes=\"(min-width: 0px) and (max-width: 480px) 480px, (min-width: 481px) and (max-width: 980px) 980px, (min-width: 981px) 1024px, 100vw\" \/> <img loading=\"lazy\" decoding=\"async\" class=\"alignnone wp-image-1216 size-full\" src=\"https:\/\/hydraulic-cylinders.net\/wp-content\/uploads\/2023\/09\/y-hg-1-noraml-metallurgical-hydraulic-cylinder-2.webp\" alt=\"\" width=\"1458\" height=\"788\" srcset=\"https:\/\/hydraulic-cylinders.net\/wp-content\/uploads\/2023\/09\/y-hg-1-noraml-metallurgical-hydraulic-cylinder-2.webp 1458w, https:\/\/hydraulic-cylinders.net\/wp-content\/uploads\/2023\/09\/y-hg-1-noraml-metallurgical-hydraulic-cylinder-2-1280x692.webp 1280w, https:\/\/hydraulic-cylinders.net\/wp-content\/uploads\/2023\/09\/y-hg-1-noraml-metallurgical-hydraulic-cylinder-2-980x530.webp 980w, https:\/\/hydraulic-cylinders.net\/wp-content\/uploads\/2023\/09\/y-hg-1-noraml-metallurgical-hydraulic-cylinder-2-480x259.webp 480w\" sizes=\"(min-width: 0px) and (max-width: 480px) 480px, (min-width: 481px) and (max-width: 980px) 980px, (min-width: 981px) and (max-width: 1280px) 1280px, (min-width: 1281px) 1458px, 100vw\" \/><\/strong><\/h2>\n<h2><strong>Teknisk parameter for metallurgisk hydraulisk sylinder:<\/strong><\/h2>\n<p>Modelleksempel: Y-HG1-E40\/22*50LJ1L10T1<\/p>\n<p><img loading=\"lazy\" decoding=\"async\" class=\"alignnone wp-image-1222 size-full\" src=\"https:\/\/hydraulic-cylinders.net\/wp-content\/uploads\/2023\/09\/y-hg-1-hydraulic-cylinder-2-2.webp\" alt=\"\" width=\"530\" height=\"540\" srcset=\"https:\/\/hydraulic-cylinders.net\/wp-content\/uploads\/2023\/09\/y-hg-1-hydraulic-cylinder-2-2.webp 530w, https:\/\/hydraulic-cylinders.net\/wp-content\/uploads\/2023\/09\/y-hg-1-hydraulic-cylinder-2-2-480x489.webp 480w\" sizes=\"(min-width: 0px) and (max-width: 480px) 480px, (min-width: 481px) 530px, 100vw\" \/><\/p>\n<h2><strong>Metallurgisk hydraulisk sylinder <\/strong><strong>Anvendelsesomr\u00e5de:<\/strong><\/h2>\n<p>Den hydrauliske sylinderen i Y-HG1-serien metallurgisk utstyr er en dobbeltvirkende stempel-sylinder. Sylinderdiameteren er vanligvis i omr\u00e5det 40~320 mm, og arbeidstrykket &lt;=16 MPa; de grunnleggende parameterne inkluderer sylinderdiameter, stangdiameter, slaglengde, oljeportst\u00f8rrelse og s\u00e5 videre.<\/p>\n<h2><strong>Hvordan demontere en hydraulisk sylinder?<\/strong><\/h2>\n<p>\u00c5 demontere en hydraulisk sylinder krever n\u00f8ye demontering for \u00e5 unng\u00e5 skade og sikre sikker h\u00e5ndtering. Her er de generelle trinnene du m\u00e5 f\u00f8lge:<\/p>\n<ol>\n<li><strong>Sikkerhetsregler:<\/strong>\n<ul>\n<li>S\u00f8rg for at det hydrauliske systemet er trykkavlastet og at sylinderen er i inntrukket posisjon.<\/li>\n<li>Bruk passende personlig verneutstyr, som hansker og vernebriller.<\/li>\n<li>Forbered et rent og organisert arbeidsomr\u00e5de med tilstrekkelig belysning og ventilasjon.<\/li>\n<\/ul>\n<\/li>\n<li><strong>Identifiser sylinderkomponenter:<\/strong>\n<ul>\n<li>Gj\u00f8r deg kjent med de forskjellige delene av den hydrauliske sylinderen, inkludert sylinderhuset, stempelet, stangen, pakningene og endehettene.<\/li>\n<\/ul>\n<\/li>\n<li><strong>Fjern eksterne tilkoblinger:<\/strong>\n<ul>\n<li>Koble fra alle hydrauliske slanger, beslag eller andre eksterne tilkoblinger som er festet til sylinderen.<\/li>\n<li>Bruk passende verkt\u00f8y, som skiften\u00f8kler eller tang, til \u00e5 l\u00f8sne og fjerne koblingene forsiktig.<\/li>\n<\/ul>\n<\/li>\n<li><strong>Fest sylinderen:<\/strong>\n<ul>\n<li>Plasser sylinderen sikkert i en skrustikke eller lignende festeanordning, og s\u00f8rg for at den er stabil og ikke beveger seg under demontering.<\/li>\n<\/ul>\n<\/li>\n<li><strong>Fjern stangendehetten:<\/strong>\n<ul>\n<li>Finn stangendehetten, som vanligvis er plassert p\u00e5 enden av sylinderen motsatt stempelet.<\/li>\n<li>Bruk riktig skiften\u00f8kkel eller pipen\u00f8kkel til \u00e5 l\u00f8sne og fjerne boltene som fester stangendedekselet.<\/li>\n<li>Bank forsiktig p\u00e5 endehetten med en gummihammer om n\u00f8dvendig for \u00e5 bryte eventuell forsegling eller lim.<\/li>\n<\/ul>\n<\/li>\n<li><strong>Separer stang- og stempelenheten:<\/strong>\n<ul>\n<li>N\u00e5r stangendehetten er fjernet, skyv stang- og stempelenheten forsiktig ut av sylinderhuset.<\/li>\n<li>St\u00f8tt vekten av enheten for \u00e5 forhindre at den faller eller for\u00e5rsaker skade.<\/li>\n<\/ul>\n<\/li>\n<li><strong>Demonter stang- og stempelenheten:<\/strong>\n<ul>\n<li>Unders\u00f8k stang- og stempelenheten for l\u00e5seringer, l\u00e5seringer eller andre festeanordninger.<\/li>\n<li>Bruk passende verkt\u00f8y, som tang eller l\u00e5seringtang, for \u00e5 fjerne disse festeanordningene, slik at du kan demontere enheten i de individuelle komponentene.<\/li>\n<li>V\u00e6r oppmerksom p\u00e5 rekkef\u00f8lgen og retningen til hver komponent for montering igjen.<\/li>\n<\/ul>\n<\/li>\n<li><strong>Inspiser og rengj\u00f8r:<\/strong>\n<ul>\n<li>Inspiser alle demonterte komponentene for slitasje, skade eller tegn p\u00e5 lekkasje.<\/li>\n<li>Rengj\u00f8r hver komponent grundig med et passende l\u00f8semiddel eller rengj\u00f8ringsmiddel for \u00e5 fjerne smuss, rusk og rester av hydraulikkv\u00e6ske.<\/li>\n<li>T\u00f8rk komponentene helt f\u00f8r du monterer dem sammen igjen.<\/li>\n<\/ul>\n<\/li>\n<li><strong>Montering eller utskifting av komponenter:<\/strong>\n<ul>\n<li>If necessary, replace any damaged or worn components with new ones following the manufacturer&#8217;s specifications.<\/li>\n<li>Monter den hydrauliske sylinderen igjen i motsatt rekkef\u00f8lge av demonteringen, og s\u00f8rg for riktig justering og retning av komponentene.<\/li>\n<li>Stram bolter eller festemidler til produsentens anbefalte momentspesifikasjoner.<\/li>\n<\/ul>\n<\/li>\n<\/ol>\n<h2><strong>Fabrikkens kapasitet og kapasitet:<\/strong><\/h2>\n<h3>(1) Montering<\/h3>\n<p>Vi har en f\u00f8rsteklasses uavhengig forsknings- og utviklingsplattform for montering. Verkstedet for produksjon av hydrauliske sylindere har fire halvautomatiske monteringslinjer for l\u00f8ftesylindere og \u00e9n automatisk monteringslinje for vippesylindere, med en \u00e5rlig produksjonskapasitet p\u00e5 1 million enheter. Spesialsylinderverkstedet er utstyrt med ulike spesifikasjoner for et halvautomatisk rengj\u00f8ringsmonteringssystem med en \u00e5rlig produksjonskapasitet p\u00e5 200 000 enheter, og er utstyrt med kjent CNC-maskineringsutstyr, et maskineringssenter, spesialutstyr for h\u00f8ypresisjons sylinderbehandling, en robotsveisemaskin, en automatisk rengj\u00f8ringsmaskin, en automatisk sylindermonteringsmaskin og en automatisk produksjonslinje for lakkering. Vi har mer enn 300 sett (sett) av kritisk utstyr. Optimal allokering og effektiv bruk av utstyrsressurser sikrer n\u00f8yaktighetskravene til produktene og oppfyller produktenes h\u00f8ye kvalitetsbehov.<\/p>\n<p><img loading=\"lazy\" decoding=\"async\" class=\"alignnone wp-image-626\" src=\"https:\/\/hydraulic-cylinders.net\/wp-content\/uploads\/2023\/08\/hydraulic-cylinder-product-1-300x158.webp\" alt=\"\" width=\"495\" height=\"260\" srcset=\"https:\/\/hydraulic-cylinders.net\/wp-content\/uploads\/2023\/08\/hydraulic-cylinder-product-1-300x158.webp 495w, https:\/\/hydraulic-cylinders.net\/wp-content\/uploads\/2023\/08\/hydraulic-cylinder-product-1-480x252.webp 480w\" sizes=\"(min-width: 0px) and (max-width: 480px) 480px, (min-width: 481px) 495px, 100vw\" \/> <img loading=\"lazy\" decoding=\"async\" class=\"alignnone wp-image-627\" src=\"https:\/\/hydraulic-cylinders.net\/wp-content\/uploads\/2023\/08\/hydraulic-cylinder-product-2-300x189.webp\" alt=\"\" width=\"413\" height=\"260\" \/><\/p>\n<h3>(2) Maskinering<\/h3>\n<p>Maskineringsverkstedet er utstyrt med et spesialtilpasset dreiesenter for skr\u00e5 skinner, maskineringssenter, h\u00f8yhastighets honemaskin, sveiserobot og annet relatert utstyr, som kan h\u00e5ndtere bearbeiding av sylinderr\u00f8r med en maksimal indre diameter p\u00e5 400 mm og en maksimal lengde p\u00e5 6 meter.<\/p>\n<p><img loading=\"lazy\" decoding=\"async\" class=\"alignnone wp-image-628 size-large\" src=\"https:\/\/hydraulic-cylinders.net\/wp-content\/uploads\/2023\/08\/hydraulic-cylinder-product-3-1024x391.webp\" alt=\"\" width=\"1024\" height=\"391\" srcset=\"https:\/\/hydraulic-cylinders.net\/wp-content\/uploads\/2023\/08\/hydraulic-cylinder-product-3-980x374.webp 980w, https:\/\/hydraulic-cylinders.net\/wp-content\/uploads\/2023\/08\/hydraulic-cylinder-product-3-480x183.webp 480w\" sizes=\"(min-width: 0px) and (max-width: 480px) 480px, (min-width: 481px) and (max-width: 980px) 980px, (min-width: 981px) 1024px, 100vw\" \/><\/p>\n<h3>(3) Sveising<\/h3>\n<p><img loading=\"lazy\" decoding=\"async\" class=\"alignnone wp-image-629 size-large\" src=\"https:\/\/hydraulic-cylinders.net\/wp-content\/uploads\/2023\/08\/hydraulic-cylinder-product-4-1024x510.webp\" alt=\"\" width=\"1024\" height=\"510\" srcset=\"https:\/\/hydraulic-cylinders.net\/wp-content\/uploads\/2023\/08\/hydraulic-cylinder-product-4-980x488.webp 980w, https:\/\/hydraulic-cylinders.net\/wp-content\/uploads\/2023\/08\/hydraulic-cylinder-product-4-480x239.webp 480w\" sizes=\"(min-width: 0px) and (max-width: 480px) 480px, (min-width: 481px) and (max-width: 980px) 980px, (min-width: 981px) 1024px, 100vw\" \/><\/p>\n<h3>(4) Maling og belegg<\/h3>\n<p>Med sm\u00e5 og mellomstore sylinderautomatiske vannbaserte malingsbeleggslinjer, for \u00e5 oppn\u00e5 automatisk robotlasting og -lossing og automatisk spr\u00f8yting, er den designede kapasiteten 4000 stykker per skift;<br \/>\nVi har ogs\u00e5 en halvautomatisk produksjonslinje for maling for store sylindere drevet av en kabelkjede, med en designkapasitet p\u00e5 60 kasser per skift.<\/p>\n<p><img loading=\"lazy\" decoding=\"async\" class=\"alignnone wp-image-630\" src=\"https:\/\/hydraulic-cylinders.net\/wp-content\/uploads\/2023\/08\/hydraulic-cylinder-product-5-300x213.webp\" alt=\"\" width=\"366\" height=\"260\" \/> <img loading=\"lazy\" decoding=\"async\" class=\"alignnone wp-image-631\" src=\"https:\/\/hydraulic-cylinders.net\/wp-content\/uploads\/2023\/08\/hydraulic-cylinder-product-6-300x225.webp\" alt=\"\" width=\"347\" height=\"260\" \/><\/p>\n<h3>(5) Testing<\/h3>\n<p>Vi har f\u00f8rsteklasses inspeksjonsfasiliteter og testbenker for \u00e5 sikre at sylinderens ytelse oppfyller kravene.<\/p>\n<p><img loading=\"lazy\" decoding=\"async\" class=\"alignnone wp-image-632\" src=\"https:\/\/hydraulic-cylinders.net\/wp-content\/uploads\/2023\/08\/hydraulic-cylinder-product-8-300x200.webp\" alt=\"\" width=\"389\" height=\"260\" \/><\/p>\n<p>&nbsp;<\/p>\n<p>&nbsp;<\/p>\n<p>Vi er en av de beste produsentene av metallurgiske hydrauliske sylindere. Vi kan tilby et omfattende lager av metallurgiske hydrauliske sylindere. Vi tilbyr ogs\u00e5 tilsvarende <a href=\"https:\/\/hzpt.com\/agricultural-pto-gearbox\/\" target=\"_blank\" rel=\"noopener\">landbruksgirkasser<\/a>Vi har eksportert produktene v\u00e5re til kunder over hele verden og opparbeidet oss et godt rykte p\u00e5 grunn av v\u00e5r overlegne produktkvalitet og ettersalgsservice. Vi \u00f8nsker kunder i inn- og utland velkommen til \u00e5 kontakte oss for \u00e5 forhandle om forretninger, utveksle informasjon og <a href=\"https:\/\/www.hydraulic-cylinders.net\/nb\/contact-us\/\">samarbeide med oss<\/a>!<\/p>\n<h2><\/h2>\n<p>&nbsp;<\/p>\n<p>&nbsp;<\/p>\n<p>&nbsp;<\/p>","protected":false},"excerpt":{"rendered":"<p>Y-HG1 Metallurgical Hydraulic Cylinder Y-HG1 series metallurgical equipment hydraulic cylinder is a double-acting piston cylinder, and the cylinder diameter is generally in the range of 40~320mm, the working pressure &lt;=16MPA, the hydraulic oil mechanical system can be used for milk transport and other working medium, installation flange, earrings, pins, release device (base) and different types. [&hellip;]<\/p>","protected":false},"featured_media":1220,"comment_status":"open","ping_status":"closed","template":"","meta":{"_et_pb_use_builder":"","_et_pb_old_content":"","_et_gb_content_width":""},"product_brand":[],"product_cat":[1376,1550,1524],"product_tag":[1380],"class_list":{"0":"post-1218","1":"product","2":"type-product","3":"status-publish","4":"has-post-thumbnail","6":"product_cat-hydraulic-cylinder","7":"product_cat-double-acting-hydraulic-cylinder","8":"product_cat-steel-mill-hydraulic-cylinders","9":"product_tag-hydraulic-cylinder","11":"first","12":"instock","13":"shipping-taxable","14":"product-type-simple"},"amp_enabled":true,"_links":{"self":[{"href":"https:\/\/www.hydraulic-cylinders.net\/nb\/wp-json\/wp\/v2\/product\/1218","targetHints":{"allow":["GET"]}}],"collection":[{"href":"https:\/\/www.hydraulic-cylinders.net\/nb\/wp-json\/wp\/v2\/product"}],"about":[{"href":"https:\/\/www.hydraulic-cylinders.net\/nb\/wp-json\/wp\/v2\/types\/product"}],"replies":[{"embeddable":true,"href":"https:\/\/www.hydraulic-cylinders.net\/nb\/wp-json\/wp\/v2\/comments?post=1218"}],"wp:featuredmedia":[{"embeddable":true,"href":"https:\/\/www.hydraulic-cylinders.net\/nb\/wp-json\/wp\/v2\/media\/1220"}],"wp:attachment":[{"href":"https:\/\/www.hydraulic-cylinders.net\/nb\/wp-json\/wp\/v2\/media?parent=1218"}],"wp:term":[{"taxonomy":"product_brand","embeddable":true,"href":"https:\/\/www.hydraulic-cylinders.net\/nb\/wp-json\/wp\/v2\/product_brand?post=1218"},{"taxonomy":"product_cat","embeddable":true,"href":"https:\/\/www.hydraulic-cylinders.net\/nb\/wp-json\/wp\/v2\/product_cat?post=1218"},{"taxonomy":"product_tag","embeddable":true,"href":"https:\/\/www.hydraulic-cylinders.net\/nb\/wp-json\/wp\/v2\/product_tag?post=1218"}],"curies":[{"name":"wp","href":"https:\/\/api.w.org\/{rel}","templated":true}]}}