{"id":13753,"date":"2024-12-10T08:17:46","date_gmt":"2024-12-10T08:17:46","guid":{"rendered":"https:\/\/www.hydraulic-cylinders.net\/product\/replacement-of-az43606-hydraulic-cylinder\/"},"modified":"2024-12-10T08:17:48","modified_gmt":"2024-12-10T08:17:48","slug":"replacement-of-az43606-hydraulic-cylinder","status":"publish","type":"product","link":"https:\/\/www.hydraulic-cylinders.net\/nb\/produkt\/replacement-of-az43606-hydraulic-cylinder\/","title":{"rendered":"Utskifting av AZ43606 hydraulisk sylinder"},"content":{"rendered":"<h2>Produktintroduksjon<\/h2>\n<p>Utskifting av AZ43606 hydraulisk sylinder er en hydraulisk sylinder som brukes i forskjellige maskiner, inkludert modellene 2054, 2056, 2058, 2064, 2066, 2254, 2256, 2258, 2264, 2266, 2266E, 6610, 6650, 6710, 6750, 6810, 6850, 6910, 6950, 7180, 7200, 7250, 7280, 7300, 7350, 7380, 7400, 7450, 7480, 7500, 7550, 7580, 7700, 7750, 7780, 7800, 7850, 7950, 7980, 8200, 8300, 8400, 8500, 8600, 8700, 8800, 9500, 9600, 9700 og 9800. Denne hydrauliske sylinderen har en vekt p\u00e5 6,16 lb, en h\u00f8yde p\u00e5 2,4 tommer og en lengde p\u00e5 11,5 tommer.<\/p>\n<h3>Spesifikasjoner og modeller<\/h3>\n<p>Utskiftingen av AZ43606 hydraulisk sylinder er designet for \u00e5 erstatte skadede eller slitte hydrauliske sylindere i forskjellige maskiner. Den veier 2,8 kg, er 6,16 kg h\u00f8y og 6,4 cm lang. Den er kompatibel med modellene 2054, 2056, 2058, 2064, 2066, 2254, 2256, 2258, 2264, 2266, 2266E, 6610, 6650, 6710, 6750, 6810, 6850, 6910, 6950, 7180, 7200, 7250, 7280, 7300, 7350, 7380, 7400, 7450, 7480, 7500, 7550, 7580, 7700, 7750 7780, 7800, 7850, 7950, 7980, 8200, 8300, 8400, 8500, 8600, 8700, 8800, 9500, 9600, 9700 og 9800.<\/p>\n<h3>Funksjoner<\/h3>\n<ul>\n<li>Forbedrer utstyrets ytelse: Utskifting av skadede eller slitte hydrauliske sylindere kan gjenopprette utstyrets normale driftsevne og sikre dets ytelse i ulike bruksomr\u00e5der.<\/li>\n<li>Forbedret sikkerhet: Regelmessig utskifting av hydrauliske sylindere kan redusere sikkerhetsfarer for\u00e5rsaket av sylinderfeil, og dermed sikre operat\u00f8rers og utstyrs sikkerhet.<\/li>\n<li>Overbelastningsbeskyttelse: Nye sylinderdesign har vanligvis bedre overbelastningsbeskyttelsesmekanismer, noe som forbedrer sikkerheten.<\/li>\n<li>Rask installasjon: Moderne hydrauliske sylindere er designet med tanke p\u00e5 enkel installasjon og utskifting, noe som reduserer nedetid.<\/li>\n<li>Standardiserte deler: Mange hydrauliske sylindere er standardiserte produkter, noe som gj\u00f8r det enkelt \u00e5 f\u00e5 tak i reservedeler p\u00e5 markedet.<\/li>\n<\/ul>\n<p>V\u00e5rt firma kan produsere dette produktet, og produktet v\u00e5rt kan erstatte disse hydrauliske sylindrene perfekt.<\/p>\n<h3>Bruksomr\u00e5der<\/h3>\n<p>Utskifting av AZ43606 hydraulisk sylinder har ulike bruksomr\u00e5der, inkludert:<\/p>\n<ul>\n<li>Gravemaskiner: \u00c5 bytte ut hydrauliske sylindere i armen eller skuffen p\u00e5 en gravemaskin p\u00e5 grunn av langvarig bruk eller overbelastning kan gjenopprette normal drift.<\/li>\n<li>Kraner: De hydrauliske sylindrene i kranens bom er utsatt for slitasje p\u00e5 grunn av hyppig l\u00f8fting og senking, og krever regelmessig utskifting for \u00e5 sikre sikkerheten.<\/li>\n<li>Traktorer: De hydrauliske sylindrene i frontlasteren p\u00e5 traktorer kan oppleve lekkasje eller redusert ytelse p\u00e5 grunn av kontinuerlig l\u00f8fte- og tilteoperasjoner, noe som krever utskifting.<\/li>\n<li>Hogstmaskiner: Det hydrauliske systemet i hogstmaskiner utsettes for h\u00f8yt trykk under hogstprosessen, noe som kan for\u00e5rsake sylinderskade p\u00e5 grunn av utmatting og kreve rettidig utskifting for \u00e5 opprettholde arbeidseffektiviteten.<\/li>\n<li>Automatiserte produksjonslinjer: Hydrauliske sylindere brukes til \u00e5 styre robotarmer og annet automatisert utstyr. Hvis en sylinder svikter, kan det p\u00e5virke produksjonseffektiviteten og kreve umiddelbar utskifting.<\/li>\n<li>St\u00f8pemaskiner: Hydrauliske sylindere i st\u00f8pemaskiner kan oppleve redusert ytelse i milj\u00f8er med h\u00f8yt trykk og h\u00f8y temperatur, og regelmessig utskifting kan sikre produktkvaliteten.<\/li>\n<li>Gruveutstyr: Hydrauliske sylindere brukes til \u00e5 l\u00f8fte og flytte tunge gjenstander i gruveutstyr. P\u00e5 grunn av det t\u00f8ffe arbeidsmilj\u00f8et er regelmessig inspeksjon og utskifting n\u00f8dvendig for \u00e5 unng\u00e5 utstyrsfeil.<\/li>\n<li>Bulldosere: Slitasje p\u00e5 hydrauliske sylindere p\u00e5 bulldosernes skyvearm kan f\u00f8re til redusert skyvekapasitet, og rettidig utskifting er n\u00f8dvendig for \u00e5 opprettholde arbeidseffektiviteten.<\/li>\n<\/ul>\n<h3>Vedlikeholdsoppgaver<\/h3>\n<p>Det er flere vanlige vedlikeholdsoppgaver som m\u00e5 utf\u00f8res p\u00e5 hydrauliske sylindere, inkludert:<\/p>\n<ul>\n<li>Regelmessig inspeksjon<\/li>\n<li>Riktig sm\u00f8ring<\/li>\n<li>Utskifting av tetning<\/li>\n<li>Kalibreringssjekk<\/li>\n<\/ul>\n<p>Det er viktig \u00e5 understreke viktigheten av korrekt installasjon, sm\u00f8ring og justering. Riktig justering av sylinderen under installasjon b\u00f8r s\u00f8rges for, og det anbefales \u00e5 bruke passende monteringsbraketter for \u00e5 feste sylinderen. Anbefalte inspeksjons-, reparasjons- og utskiftingsprosedyrer, samt reservedeler og ombyggingstjenester, b\u00f8r ogs\u00e5 tilbys for \u00e5 forbedre levetiden til den hydrauliske sylinderen.<\/p>\n<h3>Sikkerhetshensyn og milj\u00f8faktorer<\/h3>\n<p>N\u00e5r man bruker hydrauliske sylindere, er sikkerhetstiltak avgj\u00f8rende. Det er viktig \u00e5 ta hensyn til milj\u00f8et den hydrauliske sylinderen skal brukes i og de farlige forholdene som kan oppst\u00e5 som f\u00f8lge av dette. Riktige forholdsregler b\u00f8r tas for \u00e5 forhindre ulykker, og riktig verneutstyr b\u00f8r brukes. Det er ogs\u00e5 viktig \u00e5 avhende hydraulisk v\u00e6ske, filtre og andre farlige materialer relatert til den hydrauliske sylinderen p\u00e5 riktig m\u00e5te.<\/p>\n<h3>Feils\u00f8king og vanlige problemer<\/h3>\n<p>Vanlige problemer med hydrauliske sylindere inkluderer:<\/p>\n<ul>\n<li>Lekkasje<\/li>\n<li>Mangel p\u00e5 makt<\/li>\n<li>Treg drift<\/li>\n<li>St\u00f8y<\/li>\n<\/ul>\n<p>Hvis noen av disse problemene oppst\u00e5r, er det viktig \u00e5 diagnostisere og rette problemet s\u00e5 snart som mulig for \u00e5 forhindre ytterligere skade. Riktige feils\u00f8kings- og reparasjonsteknikker b\u00f8r brukes for \u00e5 sikre at den hydrauliske sylinderen fungerer riktig og effektivt.<\/p>\n<h3>Produktdesign og utvalgskriterier<\/h3>\n<p>N\u00e5r du velger en hydraulisk sylinder, er det viktig \u00e5 vurdere f\u00f8lgende designhensyn:<\/p>\n<ul>\n<li>Lastekapasitet<\/li>\n<li>Tetting<\/li>\n<li>Varighet<\/li>\n<li>Sikkerhet<\/li>\n<li>Vedlikeholdbarhet<\/li>\n<\/ul>\n<p>Utskifting av AZ43606 hydrauliske sylindere bruker forskjellige tetningskomponenter, som stempeltetninger og stangtetninger, laget av slitesterke materialer som polyuretan og nitrilgummi. Sylinderhuset og gjengeendene er fint bearbeidet for \u00e5 forbedre slitestyrken. Regelmessig tilsetning av passende mengder hydraulisk olje for sm\u00f8ring er ogs\u00e5 n\u00f8dvendig for \u00e5 opprettholde sylinderens ytelse.<\/p>\n<h3>Introduksjon til selskapet<\/h3>\n<p>V\u00e5rt firma er en produsent av hydrauliske sylindere for utskifting. Produktene v\u00e5re inkluderer et bredt utvalg av hydrauliske sylindere, og vi har blitt en av de ledende produsentene og grossistdistribut\u00f8rene av hydrauliske sylindere i innenlandske og internasjonale markeder.<\/p>\n<p>Vi tilbyr tilpassede tjenester, internasjonal sertifisering og produksjonsutstyr av h\u00f8y kvalitet. I tillegg tilbyr selskapet v\u00e5rt utmerket ettersalgsservice og teknisk st\u00f8tte. Vi er forpliktet til \u00e5 gi kundene v\u00e5re de beste mulige l\u00f8sningene og tjenestene.<\/p>\n<p><img decoding=\"async\" src=\"https:\/\/images.hzpt.com\/2024\/11\/hydraulic-cylinder-factory.webp\"><\/p>\n<p>Forfatter: lyl<\/p>","protected":false},"excerpt":{"rendered":"<p>Product Introduction The Replacement Of AZ43606 Hydraulic Cylinder is a hydraulic cylinder that is used in various machines, including models 2054, 2056, 2058, 2064, 2066, 2254, 2256, 2258, 2264, 2266, 2266E, 6610, 6650, 6710, 6750, 6810, 6850, 6910, 6950, 7180, 7200, 7250, 7280, 7300, 7350, 7380, 7400, 7450, 7480, 7500, 7550, 7580, 7700, 7750, 7780, [&hellip;]<\/p>","protected":false},"featured_media":12112,"comment_status":"open","ping_status":"closed","template":"","meta":{"_et_pb_use_builder":"","_et_pb_old_content":"","_et_gb_content_width":""},"product_brand":[],"product_cat":[1489],"product_tag":[1380,1490,1491],"class_list":{"0":"post-13753","1":"product","2":"type-product","3":"status-publish","4":"has-post-thumbnail","6":"product_cat-replacement-of-john-deere-hydraulic-cylinder","7":"product_tag-hydraulic-cylinder","8":"product_tag-replacement-of-hydraulic-cylinder","9":"product_tag-replacemet-of-john-deere-hydraulic-cylinder","11":"first","12":"instock","13":"shipping-taxable","14":"product-type-simple"},"amp_enabled":true,"_links":{"self":[{"href":"https:\/\/www.hydraulic-cylinders.net\/nb\/wp-json\/wp\/v2\/product\/13753","targetHints":{"allow":["GET"]}}],"collection":[{"href":"https:\/\/www.hydraulic-cylinders.net\/nb\/wp-json\/wp\/v2\/product"}],"about":[{"href":"https:\/\/www.hydraulic-cylinders.net\/nb\/wp-json\/wp\/v2\/types\/product"}],"replies":[{"embeddable":true,"href":"https:\/\/www.hydraulic-cylinders.net\/nb\/wp-json\/wp\/v2\/comments?post=13753"}],"wp:featuredmedia":[{"embeddable":true,"href":"https:\/\/www.hydraulic-cylinders.net\/nb\/wp-json\/wp\/v2\/media\/12112"}],"wp:attachment":[{"href":"https:\/\/www.hydraulic-cylinders.net\/nb\/wp-json\/wp\/v2\/media?parent=13753"}],"wp:term":[{"taxonomy":"product_brand","embeddable":true,"href":"https:\/\/www.hydraulic-cylinders.net\/nb\/wp-json\/wp\/v2\/product_brand?post=13753"},{"taxonomy":"product_cat","embeddable":true,"href":"https:\/\/www.hydraulic-cylinders.net\/nb\/wp-json\/wp\/v2\/product_cat?post=13753"},{"taxonomy":"product_tag","embeddable":true,"href":"https:\/\/www.hydraulic-cylinders.net\/nb\/wp-json\/wp\/v2\/product_tag?post=13753"}],"curies":[{"name":"wp","href":"https:\/\/api.w.org\/{rel}","templated":true}]}}