{"id":1419,"date":"2023-09-18T08:45:51","date_gmt":"2023-09-18T08:45:51","guid":{"rendered":"https:\/\/hydraulic-cylinders.net\/?post_type=product&#038;p=1419"},"modified":"2025-04-11T02:57:05","modified_gmt":"2025-04-11T02:57:05","slug":"40-mdc-series-compact-mold-cylinder","status":"publish","type":"product","link":"https:\/\/www.hydraulic-cylinders.net\/nb\/produkt\/40-mdc-series-compact-mold-cylinder\/","title":{"rendered":"40 MDC-serien kompakt st\u00f8pesylinder"},"content":{"rendered":"<h1 style=\"text-align: center;\"><strong>40 MDC-serien kompakt st\u00f8pesylinder<\/strong><\/h1>\n<p>Den kompakte st\u00f8pesylinderen i 40 MDC-serien er en effektiv og allsidig hydraulisk sylinder som er spesielt utviklet for st\u00f8peapplikasjoner. Med sin kompakte design, overlegne ytelse og slitesterke konstruksjon gir denne sylinderen p\u00e5litelig og presis drift i en rekke industrielle milj\u00f8er. Enten den brukes i spr\u00f8ytest\u00f8pemaskiner, st\u00f8peutstyr eller andre st\u00f8perelaterte applikasjoner, tilbyr den kompakte st\u00f8pesylinderen i 40 MDC eksepsjonell funksjonalitet og produktivitet.<\/p>\n<p>\u00b7 MDC er en kompakt hydraulisk sylinder (cx) med en elektrisk boks og stempelstang for \u00e5 kontrollere n\u00f8ytronposisjonen til formen n\u00f8yaktig.<br \/>\n\u00b7 Hydraulisk sylinder egnet for bruk i plastst\u00f8peformer.<\/p>\n<p><img loading=\"lazy\" decoding=\"async\" class=\"aligncenter wp-image-323230\" src=\"https:\/\/hzpt.com\/wp-content\/uploads\/2023\/09\/mdc-compact-hydraulic-cylinder-7.webp\" alt=\"40-kompakt-st\u00f8pesylinder-parameter-1 \" width=\"400\" height=\"400\" \/><\/p>\n<h2><strong>Beskrivelse av kompakt st\u00f8pesylindermodell:<\/strong><\/h2>\n<p><img loading=\"lazy\" decoding=\"async\" class=\"alignnone size-full wp-image-323234\" src=\"https:\/\/hzpt.com\/wp-content\/uploads\/2023\/09\/mdc-compact-hydraulic-cylinder-2.webp\" alt=\"\" width=\"966\" height=\"882\" \/><\/p>\n<h2><strong>Kompakt st\u00f8pesylinders karakteristiske data:<\/strong><\/h2>\n<p><img loading=\"lazy\" decoding=\"async\" class=\"alignnone size-full wp-image-323236\" src=\"https:\/\/hzpt.com\/wp-content\/uploads\/2023\/09\/mdc-compact-hydraulic-cylinder-3-1.webp\" alt=\"\" width=\"899\" height=\"262\" \/><\/p>\n<h2><strong>Strukturdiagram for kompakt formsylinder:<\/strong><\/h2>\n<p><img loading=\"lazy\" decoding=\"async\" class=\"alignnone size-full wp-image-323250\" src=\"https:\/\/hzpt.com\/wp-content\/uploads\/2023\/09\/mdc-compact-hydraulic-cylinder-4-1.webp\" alt=\"\" width=\"737\" height=\"808\" \/><\/p>\n<h2><strong>St\u00f8rrelsesdiagram for stempelstangtilkobling:<\/strong><\/h2>\n<p><img loading=\"lazy\" decoding=\"async\" class=\"alignnone size-large wp-image-323239\" src=\"https:\/\/hzpt.com\/wp-content\/uploads\/2023\/09\/mdc-compact-hydraulic-cylinder-5-787x1024.webp\" alt=\"\" width=\"787\" height=\"1024\" \/><\/p>\n<h2><strong>Plassering av spenne til elektrisk boks, posisjon for oljeport og posisjon for distribusjonsuttak:<\/strong><\/h2>\n<p><img loading=\"lazy\" decoding=\"async\" class=\"alignnone size-large wp-image-323241\" src=\"https:\/\/hzpt.com\/wp-content\/uploads\/2023\/09\/mdc-compact-hydraulic-cylinder-6-616x1024.webp\" alt=\"\" width=\"616\" height=\"1024\" \/><\/p>\n<h2><strong>40 MDC-serien kompakt st\u00f8pesylinder Parameter:<\/strong><\/h2>\n<p><img loading=\"lazy\" decoding=\"async\" class=\"alignnone size-large wp-image-323251\" src=\"https:\/\/hzpt.com\/wp-content\/uploads\/2023\/09\/mdc-compact-hydraulic-cylinder-8-1-941x1024.webp\" alt=\"\" width=\"941\" height=\"1024\" \/><\/p>\n<h2><strong>40 MDC-serien kompakt st\u00f8pesylinder <\/strong><strong>Bruksmetode<\/strong><strong>:<\/strong><\/h2>\n<ol>\n<li><strong>Montering og installasjon:<\/strong>\n<ul>\n<li>Bestem riktig monteringsposisjon for de 32 kompakte st\u00f8pesylinderne i MDC-serien i henhold til kravene til st\u00f8peapplikasjonen.<\/li>\n<li>S\u00f8rg for at sylinderen er godt montert, stabil og fast for \u00e5 forhindre vibrasjon eller forskyvning under drift.<\/li>\n<\/ul>\n<\/li>\n<li><strong>Tilkobling til hydraulisk system:<\/strong>\n<ul>\n<li>Koble den hydrauliske sylinderen til det hydrauliske systemet med en kompatibel hydraulisk slange eller et r\u00f8r.<\/li>\n<li>S\u00f8rg for riktig justering, tette koblinger og passende beslag for \u00e5 forhindre lekkasjer og sikre optimal ytelse.<\/li>\n<\/ul>\n<\/li>\n<li><strong>Formoperasjon:<\/strong>\n<ul>\n<li>Aktiver det hydrauliske systemet for \u00e5 starte bevegelsen til den kompakte sylinderen i 32 MDC-serien.<\/li>\n<li>Bruk hydrauliske kontrollsystemer, for eksempel ventiler eller brytere, for \u00e5 kontrollere formens presise handlinger, inkludert \u00e5pning, lukking og fastklemming.<\/li>\n<\/ul>\n<\/li>\n<\/ol>\n<h2><strong>Hvordan lufte en hydraulisk sylinder p\u00e5 en dumper?<\/strong><\/h2>\n<p>For \u00e5 demontere en hydraulisk sylinder, f\u00f8lg disse generelle trinnene:<\/p>\n<ol>\n<li><strong>Sikkerhetsregler:<\/strong>\n<ul>\n<li>F\u00f8r oppstart, s\u00f8rg for at det hydrauliske systemet er trykkavlastet og at str\u00f8mkilden er frakoblet.<\/li>\n<li>Bruk passende personlig verneutstyr, som hansker og vernebriller, for \u00e5 beskytte deg mot potensielle farer.<\/li>\n<\/ul>\n<\/li>\n<li><strong>Posisjonering og st\u00f8tte:<\/strong>\n<ul>\n<li>Plasser den hydrauliske sylinderen p\u00e5 en stabil arbeidsflate, og s\u00f8rg for at den er tilstrekkelig st\u00f8ttet for \u00e5 forhindre utilsiktet bevegelse eller skade.<\/li>\n<\/ul>\n<\/li>\n<li><strong>Fjern eksterne komponenter:<\/strong>\n<ul>\n<li>Koble fra alle eksterne komponenter som er festet til sylinderen, for eksempel slanger, beslag eller monteringsbraketter.<\/li>\n<li>Bruk egnede verkt\u00f8y, som skiften\u00f8kler eller tang, til \u00e5 l\u00f8sne og fjerne disse komponentene forsiktig.<\/li>\n<\/ul>\n<\/li>\n<li><strong>T\u00f8m hydraulisk v\u00e6ske:<\/strong>\n<ul>\n<li>Finn tappepluggen eller ventilen p\u00e5 sylinderen og fjern den slik at hydraulikkv\u00e6sken kan renne ned i en passende beholder.<\/li>\n<li>Plasser sylinderen p\u00e5 en m\u00e5te som muliggj\u00f8r fullstendig drenering.<\/li>\n<\/ul>\n<\/li>\n<li><strong>Demonter endehettene:<\/strong>\n<ul>\n<li>Identifiser endehettene p\u00e5 den hydrauliske sylinderen. De er vanligvis plassert i hver ende av sylindersylinderen.<\/li>\n<li>Fjern bolter, skruer eller festemidler, og fest endehettene med riktig verkt\u00f8y.<\/li>\n<li>Om n\u00f8dvendig, bank forsiktig p\u00e5 endehettene med en gummihammer for \u00e5 bryte eventuell forsegling eller lim.<\/li>\n<\/ul>\n<\/li>\n<li><strong>Separate sylinderkomponenter:<\/strong>\n<ul>\n<li>N\u00e5r endehettene er fjernet, skyv stempelet og stempelstangen forsiktig ut av sylinderr\u00f8ret.<\/li>\n<li>V\u00e6r oppmerksom p\u00e5 eventuelle tetninger, lagre eller foringer, og fjern dem om n\u00f8dvendig.<\/li>\n<li>V\u00e6r oppmerksom p\u00e5 rekkef\u00f8lgen og retningen p\u00e5 komponentene for enklere montering.<\/li>\n<\/ul>\n<\/li>\n<li><strong>Inspiser og rengj\u00f8r komponenter:<\/strong>\n<ul>\n<li>Inspiser hver demonterte komponent for tegn p\u00e5 slitasje, skade eller forurensning.<\/li>\n<li>Rengj\u00f8r alle komponenter med et passende l\u00f8semiddel eller rengj\u00f8ringsmiddel for \u00e5 fjerne smuss, rusk eller gammelt sm\u00f8remiddel.<\/li>\n<li>Bruk en myk klut eller b\u00f8rste til \u00e5 rengj\u00f8re overflatene forsiktig uten \u00e5 skade dem.<\/li>\n<\/ul>\n<\/li>\n<li><strong>Bytt ut eller reparer komponenter:<\/strong>\n<ul>\n<li>Hvis noen komponenter viser betydelig slitasje eller skade, b\u00f8r du vurdere \u00e5 erstatte dem med nye.<\/li>\n<li>Reparer eller renover komponenter, for eksempel \u00e5 bytte pakninger eller overhale stempelstangen.<\/li>\n<\/ul>\n<\/li>\n<li><strong>Montering:<\/strong>\n<ul>\n<li>F\u00f8lg omvendt rekkef\u00f8lge av demonteringen for \u00e5 montere den hydrauliske sylinderen igjen, og s\u00f8rg for riktig justering og retning av komponentene.<\/li>\n<li>Sm\u00f8r de aktuelle delene med anbefalt hydraulisk v\u00e6ske eller sm\u00f8remiddel under montering.<\/li>\n<li>Stram alle festemidler i henhold til produsentens spesifikasjoner, bruk en momentn\u00f8kkel om n\u00f8dvendig.<\/li>\n<\/ul>\n<\/li>\n<li><strong>Testing og inspeksjon:<\/strong><\/li>\n<\/ol>\n<ul>\n<li>N\u00e5r den er montert igjen, utf\u00f8r en grundig inspeksjon for \u00e5 sikre at alle komponentene er riktig justert og festet.<\/li>\n<li>Test den hydrauliske sylinderen p\u00e5 en kontrollert m\u00e5te for \u00e5 bekrefte funksjonaliteten og sjekk for lekkasjer eller unormal drift.<\/li>\n<\/ul>\n<h2><strong>Fabrikkens kapasitet og kapasitet:<\/strong><\/h2>\n<h3>(1) Montering<\/h3>\n<p>Vi har en f\u00f8rsteklasses uavhengig forsknings- og utviklingsplattform for montering. Verkstedet for produksjon av hydrauliske sylindere har fire halvautomatiske monteringslinjer for l\u00f8ftesylindere og \u00e9n automatisk monteringslinje for vippesylindere, med en \u00e5rlig produksjonskapasitet p\u00e5 1 million enheter. Spesialsylinderverkstedet er utstyrt med ulike spesifikasjoner for et halvautomatisk rengj\u00f8ringsmonteringssystem med en \u00e5rlig produksjonskapasitet p\u00e5 200 000 enheter, og er utstyrt med kjent CNC-maskineringsutstyr, et maskineringssenter, spesialutstyr for h\u00f8ypresisjons sylinderbehandling, en robotsveisemaskin, en automatisk rengj\u00f8ringsmaskin, en automatisk sylindermonteringsmaskin og en automatisk produksjonslinje for lakkering. Vi har mer enn 300 sett (sett) av kritisk utstyr. Optimal allokering og effektiv bruk av utstyrsressurser sikrer n\u00f8yaktighetskravene til produktene og oppfyller produktenes h\u00f8ye kvalitetsbehov.<\/p>\n<p><img loading=\"lazy\" decoding=\"async\" class=\"alignnone wp-image-626\" src=\"https:\/\/hydraulic-cylinders.net\/wp-content\/uploads\/2023\/08\/hydraulic-cylinder-product-1-300x158.webp\" alt=\"\" width=\"495\" height=\"260\" srcset=\"https:\/\/hydraulic-cylinders.net\/wp-content\/uploads\/2023\/08\/hydraulic-cylinder-product-1-300x158.webp 495w, https:\/\/hydraulic-cylinders.net\/wp-content\/uploads\/2023\/08\/hydraulic-cylinder-product-1-480x252.webp 480w\" sizes=\"(min-width: 0px) and (max-width: 480px) 480px, (min-width: 481px) 495px, 100vw\" \/> <img loading=\"lazy\" decoding=\"async\" class=\"alignnone wp-image-627\" src=\"https:\/\/hydraulic-cylinders.net\/wp-content\/uploads\/2023\/08\/hydraulic-cylinder-product-2-300x189.webp\" alt=\"\" width=\"413\" height=\"260\" \/><\/p>\n<h3>(2) Maskinering<\/h3>\n<p>Maskineringsverkstedet er utstyrt med et spesialtilpasset dreiesenter for skr\u00e5 skinner, maskineringssenter, h\u00f8yhastighets honemaskin, sveiserobot og annet relatert utstyr, som kan h\u00e5ndtere bearbeiding av sylinderr\u00f8r med en maksimal indre diameter p\u00e5 400 mm og en maksimal lengde p\u00e5 6 meter.<\/p>\n<p><img loading=\"lazy\" decoding=\"async\" class=\"alignnone wp-image-628 size-large\" src=\"https:\/\/hydraulic-cylinders.net\/wp-content\/uploads\/2023\/08\/hydraulic-cylinder-product-3-1024x391.webp\" alt=\"\" width=\"1024\" height=\"391\" srcset=\"https:\/\/hydraulic-cylinders.net\/wp-content\/uploads\/2023\/08\/hydraulic-cylinder-product-3-980x374.webp 980w, https:\/\/hydraulic-cylinders.net\/wp-content\/uploads\/2023\/08\/hydraulic-cylinder-product-3-480x183.webp 480w\" sizes=\"(min-width: 0px) and (max-width: 480px) 480px, (min-width: 481px) and (max-width: 980px) 980px, (min-width: 981px) 1024px, 100vw\" \/><\/p>\n<h3>(3) Sveising<\/h3>\n<p><img loading=\"lazy\" decoding=\"async\" class=\"alignnone wp-image-629 size-large\" src=\"https:\/\/hydraulic-cylinders.net\/wp-content\/uploads\/2023\/08\/hydraulic-cylinder-product-4-1024x510.webp\" alt=\"\" width=\"1024\" height=\"510\" srcset=\"https:\/\/hydraulic-cylinders.net\/wp-content\/uploads\/2023\/08\/hydraulic-cylinder-product-4-980x488.webp 980w, https:\/\/hydraulic-cylinders.net\/wp-content\/uploads\/2023\/08\/hydraulic-cylinder-product-4-480x239.webp 480w\" sizes=\"(min-width: 0px) and (max-width: 480px) 480px, (min-width: 481px) and (max-width: 980px) 980px, (min-width: 981px) 1024px, 100vw\" \/><\/p>\n<h3>(4) Maling og belegg<\/h3>\n<p>Med sm\u00e5 og mellomstore sylinderautomatiske vannbaserte malingsbeleggslinjer, for \u00e5 oppn\u00e5 automatisk robotlasting og -lossing og automatisk spr\u00f8yting, er den designede kapasiteten 4000 stykker per skift;<br \/>\nVi har ogs\u00e5 en halvautomatisk produksjonslinje for maling for store sylindere drevet av en kabelkjede, med en designkapasitet p\u00e5 60 kasser per skift.<\/p>\n<p><img loading=\"lazy\" decoding=\"async\" class=\"alignnone wp-image-630\" src=\"https:\/\/hydraulic-cylinders.net\/wp-content\/uploads\/2023\/08\/hydraulic-cylinder-product-5-300x213.webp\" alt=\"\" width=\"366\" height=\"260\" \/> <img loading=\"lazy\" decoding=\"async\" class=\"alignnone wp-image-631\" src=\"https:\/\/hydraulic-cylinders.net\/wp-content\/uploads\/2023\/08\/hydraulic-cylinder-product-6-300x225.webp\" alt=\"\" width=\"347\" height=\"260\" \/><\/p>\n<h3>(5) Testing<\/h3>\n<p>Vi har f\u00f8rsteklasses inspeksjonsfasiliteter og testbenker for \u00e5 sikre at sylinderens ytelse oppfyller kravene.<\/p>\n<p><img loading=\"lazy\" decoding=\"async\" class=\"alignnone wp-image-632\" src=\"https:\/\/hydraulic-cylinders.net\/wp-content\/uploads\/2023\/08\/hydraulic-cylinder-product-8-300x200.webp\" alt=\"\" width=\"389\" height=\"260\" \/><\/p>\n<p>&nbsp;<\/p>\n<p>&nbsp;<\/p>\n<p>Vi er en av de beste produsentene av kompakte hydrauliske sylindere. Vi kan tilby et omfattende lager av kompakte hydrauliske sylindere. Vi tilbyr ogs\u00e5 tilsvarende <a href=\"https:\/\/hzpt.com\/agricultural-pto-gearbox\/\" target=\"_blank\" rel=\"noopener\">landbruksgirkasser<\/a>Vi har eksportert produktene v\u00e5re til kunder over hele verden og opparbeidet oss et godt rykte p\u00e5 grunn av v\u00e5r overlegne produktkvalitet og ettersalgsservice. Vi \u00f8nsker kunder i inn- og utland velkommen til \u00e5 kontakte oss for \u00e5 forhandle om forretninger, utveksle informasjon og <a href=\"https:\/\/www.hydraulic-cylinders.net\/nb\/contact-us\/\">samarbeide med oss<\/a>!<\/p>\n<h2><\/h2>","protected":false},"excerpt":{"rendered":"<p>40 MDC Series Compact Mold Cylinder The 40 MDC Series compact mold cylinder is an efficient and versatile hydraulic cylinder designed specifically for die applications. With its compact design, superior performance, and durable construction, this cylinder provides reliable and precise operation in a variety of industrial environments. Whether used in injection molding machines, die-casting equipment, [&hellip;]<\/p>","protected":false},"featured_media":1422,"comment_status":"open","ping_status":"closed","template":"","meta":{"_et_pb_use_builder":"","_et_pb_old_content":"","_et_gb_content_width":""},"product_brand":[],"product_cat":[1523,1549,1376],"product_tag":[1380],"class_list":{"0":"post-1419","1":"product","2":"type-product","3":"status-publish","4":"has-post-thumbnail","6":"product_cat-injection-molding-hydraulic-cylinders","7":"product_cat-single-acting-hydraulic-cylinder","8":"product_cat-hydraulic-cylinder","9":"product_tag-hydraulic-cylinder","11":"first","12":"instock","13":"shipping-taxable","14":"product-type-simple"},"amp_enabled":true,"_links":{"self":[{"href":"https:\/\/www.hydraulic-cylinders.net\/nb\/wp-json\/wp\/v2\/product\/1419","targetHints":{"allow":["GET"]}}],"collection":[{"href":"https:\/\/www.hydraulic-cylinders.net\/nb\/wp-json\/wp\/v2\/product"}],"about":[{"href":"https:\/\/www.hydraulic-cylinders.net\/nb\/wp-json\/wp\/v2\/types\/product"}],"replies":[{"embeddable":true,"href":"https:\/\/www.hydraulic-cylinders.net\/nb\/wp-json\/wp\/v2\/comments?post=1419"}],"wp:featuredmedia":[{"embeddable":true,"href":"https:\/\/www.hydraulic-cylinders.net\/nb\/wp-json\/wp\/v2\/media\/1422"}],"wp:attachment":[{"href":"https:\/\/www.hydraulic-cylinders.net\/nb\/wp-json\/wp\/v2\/media?parent=1419"}],"wp:term":[{"taxonomy":"product_brand","embeddable":true,"href":"https:\/\/www.hydraulic-cylinders.net\/nb\/wp-json\/wp\/v2\/product_brand?post=1419"},{"taxonomy":"product_cat","embeddable":true,"href":"https:\/\/www.hydraulic-cylinders.net\/nb\/wp-json\/wp\/v2\/product_cat?post=1419"},{"taxonomy":"product_tag","embeddable":true,"href":"https:\/\/www.hydraulic-cylinders.net\/nb\/wp-json\/wp\/v2\/product_tag?post=1419"}],"curies":[{"name":"wp","href":"https:\/\/api.w.org\/{rel}","templated":true}]}}