{"id":1426,"date":"2023-09-18T08:57:49","date_gmt":"2023-09-18T08:57:49","guid":{"rendered":"https:\/\/hydraulic-cylinders.net\/?post_type=product&#038;p=1426"},"modified":"2025-04-11T03:49:46","modified_gmt":"2025-04-11T03:49:46","slug":"50-100-double-acting-single-axis-mdc-series-compact-mold-cylinder","status":"publish","type":"product","link":"https:\/\/www.hydraulic-cylinders.net\/nb\/produkt\/50-100-double-acting-single-axis-mdc-series-compact-mold-cylinder\/","title":{"rendered":"50\u2013100 dobbeltvirkende kompakt st\u00f8pesylinder med \u00e9n akse i MDC-serien"},"content":{"rendered":"<h1 style=\"text-align: center;\"><strong>50\u2013100 dobbeltvirkende kompakt st\u00f8pesylinder med \u00e9n akse i MDC-serien<\/strong><\/h1>\n<p>The double acting single axis MDC Series compact mold cylinder is an advanced hydraulic cylinder designed specifically for die applications. With its innovative features, reliable performance and compact design, this cylinder offers superior functionality and efficiency in a variety of industrial environments. Whether used in injection molding machines, die casting equipment, or other die-related applications, the double-acting single-axis MDC series compact mold cylinders provide precise control and optimal productivity.<\/p>\n<p>\u00b7 MDC er en kompakt hydraulisk sylinder (cx) med en elektrisk boks og stempelstang for \u00e5 kontrollere n\u00f8ytronposisjonen til formen n\u00f8yaktig.<br \/>\n\u00b7 Hydraulisk sylinder egnet for bruk i plastst\u00f8peformer.<\/p>\n<p><img loading=\"lazy\" decoding=\"async\" class=\"aligncenter wp-image-323260\" src=\"https:\/\/hzpt.com\/wp-content\/uploads\/2023\/09\/mdc-compact-hydraulic-cylinder-9.webp\" alt=\"dobbeltvirkende-enakset-kompakt-st\u00f8pesylinder\" width=\"400\" height=\"400\" \/><\/p>\n<h2><strong>Beskrivelse av kompakt st\u00f8pesylindermodell:<\/strong><\/h2>\n<p><img loading=\"lazy\" decoding=\"async\" class=\"alignnone size-full wp-image-323234\" src=\"https:\/\/hzpt.com\/wp-content\/uploads\/2023\/09\/mdc-compact-hydraulic-cylinder-2.webp\" alt=\"\" width=\"966\" height=\"882\" \/><\/p>\n<h2><strong>Kompakt st\u00f8pesylinders karakteristiske data:<\/strong><\/h2>\n<p><img loading=\"lazy\" decoding=\"async\" class=\"alignnone size-full wp-image-323236\" src=\"https:\/\/hzpt.com\/wp-content\/uploads\/2023\/09\/mdc-compact-hydraulic-cylinder-3-1.webp\" alt=\"\" width=\"899\" height=\"262\" \/><\/p>\n<h2><strong>Strukturdiagram for kompakt formsylinder:<\/strong><\/h2>\n<p><img loading=\"lazy\" decoding=\"async\" class=\"alignnone size-full wp-image-323250\" src=\"https:\/\/hzpt.com\/wp-content\/uploads\/2023\/09\/mdc-compact-hydraulic-cylinder-4-1.webp\" alt=\"\" width=\"737\" height=\"808\" \/><\/p>\n<h2><strong>St\u00f8rrelsesdiagram for stempelstangtilkobling:<\/strong><\/h2>\n<p><img loading=\"lazy\" decoding=\"async\" class=\"alignnone size-large wp-image-323239\" src=\"https:\/\/hzpt.com\/wp-content\/uploads\/2023\/09\/mdc-compact-hydraulic-cylinder-5-787x1024.webp\" alt=\"\" width=\"787\" height=\"1024\" \/><\/p>\n<h2><strong>Plassering av spenne til elektrisk boks, posisjon for oljeport og posisjon for distribusjonsuttak:<\/strong><\/h2>\n<p><img loading=\"lazy\" decoding=\"async\" class=\"alignnone size-large wp-image-323241\" src=\"https:\/\/hzpt.com\/wp-content\/uploads\/2023\/09\/mdc-compact-hydraulic-cylinder-6-616x1024.webp\" alt=\"\" width=\"616\" height=\"1024\" \/><\/p>\n<h2><strong>50-100 Double Acting Single Axis MDC Series Compact Mold Cylinder Parameter:<\/strong><\/h2>\n<p><img loading=\"lazy\" decoding=\"async\" class=\"alignnone size-large wp-image-323264\" src=\"https:\/\/hzpt.com\/wp-content\/uploads\/2023\/09\/mdc-compact-hydraulic-cylinder-9-1-1-857x1024.webp\" alt=\"\" width=\"857\" height=\"1024\" \/><\/p>\n<h2><strong>50\u2013100 dobbeltvirkende kompakt st\u00f8pesylinder med \u00e9n akse i MDC-serien <\/strong><strong>Viktige egenskaper og fordeler<\/strong><strong>:<\/strong><\/h2>\n<ol>\n<li><strong>Dobbeltvirkende design:<\/strong>\n<ul>\n<li>The double-acting single-axis MDC series compact cylinders operate in both directions, allowing two-way movement.<\/li>\n<li>Denne designen kan effektivt og n\u00f8yaktig kontrollere formens \u00e5pnings- og lukkefunksjon og forbedre operasjonens fleksibilitet.<\/li>\n<\/ul>\n<\/li>\n<li><strong>Konfigurasjon med \u00e9n akse:<\/strong>\n<ul>\n<li>This cylinder is designed for uniaxial motion, providing straight-line motion in a single direction.<\/li>\n<li>The single-axis configuration simplifies installation and operation, making it suitable for various die applications.<\/li>\n<\/ul>\n<\/li>\n<li><strong>Kompakt og plassbesparende:<\/strong>\n<ul>\n<li>The MDC Series compact mold cylinders&#8217; compact design optimizes the mold system&#8217;s space utilization with limited clearance.<\/li>\n<li>Den plassbesparende strukturen kan enkelt integreres i trange rom, noe som sikrer effektiv utnyttelse av tilgjengelig arbeidsplass.<\/li>\n<\/ul>\n<\/li>\n<li><strong>H\u00f8y presisjon og stabilitet:<\/strong>\n<ul>\n<li>The cylinder provides precise and stable movement, ensuring accurate control of mold action during manufacturing.<\/li>\n<li>Det gir konsistente og repeterbare resultater som til slutt bidrar til produksjon av h\u00f8y kvalitet og redusert avfall.<\/li>\n<\/ul>\n<\/li>\n<\/ol>\n<h2><strong>Hvor vanskelig er det \u00e5 bygge opp en hydraulisk sylinder?<\/strong><\/h2>\n<p>\u00c5 gjenoppbygge en hydraulisk sylinder kan v\u00e6re en kompleks oppgave som krever mekanisk kunnskap, erfaring og riktig verkt\u00f8y. Vanskelighetsgraden i prosessen kan variere avhengig av sylinderens spesifikke design og tilstand. Her er noen faktorer \u00e5 vurdere:<\/p>\n<ol>\n<li><strong>Ekspertise og erfaring:<\/strong><br \/>\n\u00c5 bygge om en hydraulisk sylinder krever god forst\u00e5else av komponentene, funksjonaliteten og monteringen. Prosessen kan v\u00e6re mer h\u00e5ndterbar hvis du har erfaring med \u00e5 jobbe med hydrauliske systemer eller tidligere har bygd om hydrauliske sylindere. Men hvis du er nybegynner med hydrauliske systemer, anbefales det \u00e5 s\u00f8ke profesjonell hjelp eller veiledning.<\/li>\n<li><strong>Sylinderdesign:<\/strong><br \/>\nKompleksiteten ved \u00e5 gjenoppbygge en hydraulisk sylinder kan avhenge av designet. Noen sylindere har en enklere konstruksjon med f\u00e6rre interne komponenter, noe som gj\u00f8r dem relativt enklere \u00e5 gjenoppbygge. Mer avanserte teknikker, som de med flere trinn eller integrerte funksjoner, kan imidlertid v\u00e6re mer intrikate og utfordrende \u00e5 demontere, forsegle og montere p\u00e5 riktig m\u00e5te.<\/li>\n<li><strong>Sylinderens tilstand:<\/strong><br \/>\nDen generelle tilstanden til den hydrauliske sylinderen p\u00e5virker ogs\u00e5 gjenoppbyggingsprosessen. Hvis sylinderen har alvorlig skade, omfattende slitasje eller korrosjon, kan det v\u00e6re n\u00f8dvendig med ytterligere reparasjoner eller utskifting av deler, noe som kan gj\u00f8re gjenoppbyggingen mer komplisert. \u00c5 vurdere sylinderens tilstand p\u00e5 forh\u00e5nd vil bidra til \u00e5 bestemme arbeidsniv\u00e5et som trengs.<\/li>\n<li><strong>Verkt\u00f8y og utstyr:<\/strong><br \/>\n\u00c5 gjenoppbygge en hydraulisk sylinder krever ofte spesialverkt\u00f8y og utstyr. Disse inkluderer hydrauliske presser, verkt\u00f8y for montering av tetninger, l\u00e5seringstang og momentn\u00f8kler. \u00c5 ha de n\u00f8dvendige verkt\u00f8yene og vite hvordan du bruker dem riktig er avgj\u00f8rende for en vellykket gjenoppbygging.<\/li>\n<li><strong>Utskifting og montering av tetning:<\/strong><br \/>\nEt av de viktigste trinnene i ombyggingen av en hydraulisk sylinder er \u00e5 bytte ut tetningene. \u00c5 sikre riktig valg og montering av tetninger er avgj\u00f8rende for riktig funksjon og for \u00e5 forhindre lekkasjer. Det krever presisjon og oppmerksomhet p\u00e5 detaljer. I tillegg er det avgj\u00f8rende \u00e5 montere sylinderkomponentene i riktig rekkef\u00f8lge og justering for optimal ytelse.<\/li>\n<li><strong>Testing og verifisering:<\/strong><br \/>\nEtter ombygging av den hydrauliske sylinderen er det viktig \u00e5 utf\u00f8re grundig testing for \u00e5 sikre at den fungerer som tiltenkt. Dette kan inneb\u00e6re trykktesting, kontroll av lekkasjer og verifisering av sylinderens bevegelsesomr\u00e5de og ytelse. Riktig testing bidrar til \u00e5 identifisere problemer og sikrer at sylinderen er trygg og p\u00e5litelig.<\/li>\n<\/ol>\n<h2><strong>Fabrikkens kapasitet og kapasitet:<\/strong><\/h2>\n<h3>(1) Montering<\/h3>\n<p>Vi har en f\u00f8rsteklasses uavhengig forsknings- og utviklingsplattform for montering. Verkstedet for produksjon av hydrauliske sylindere har fire halvautomatiske monteringslinjer for l\u00f8ftesylindere og \u00e9n automatisk monteringslinje for vippesylindere, med en \u00e5rlig produksjonskapasitet p\u00e5 1 million enheter. Spesialsylinderverkstedet er utstyrt med ulike spesifikasjoner for et halvautomatisk rengj\u00f8ringsmonteringssystem med en \u00e5rlig produksjonskapasitet p\u00e5 200 000 enheter, og er utstyrt med kjent CNC-maskineringsutstyr, et maskineringssenter, spesialutstyr for h\u00f8ypresisjons sylinderbehandling, en robotsveisemaskin, en automatisk rengj\u00f8ringsmaskin, en automatisk sylindermonteringsmaskin og en automatisk produksjonslinje for lakkering. Vi har mer enn 300 sett (sett) av kritisk utstyr. Optimal allokering og effektiv bruk av utstyrsressurser sikrer n\u00f8yaktighetskravene til produktene og oppfyller produktenes h\u00f8ye kvalitetsbehov.<\/p>\n<p><img loading=\"lazy\" decoding=\"async\" class=\"alignnone wp-image-626\" src=\"https:\/\/hydraulic-cylinders.net\/wp-content\/uploads\/2023\/08\/hydraulic-cylinder-product-1-300x158.webp\" alt=\"\" width=\"495\" height=\"260\" srcset=\"https:\/\/hydraulic-cylinders.net\/wp-content\/uploads\/2023\/08\/hydraulic-cylinder-product-1-300x158.webp 495w, https:\/\/hydraulic-cylinders.net\/wp-content\/uploads\/2023\/08\/hydraulic-cylinder-product-1-480x252.webp 480w\" sizes=\"(min-width: 0px) and (max-width: 480px) 480px, (min-width: 481px) 495px, 100vw\" \/> <img loading=\"lazy\" decoding=\"async\" class=\"alignnone wp-image-627\" src=\"https:\/\/hydraulic-cylinders.net\/wp-content\/uploads\/2023\/08\/hydraulic-cylinder-product-2-300x189.webp\" alt=\"\" width=\"413\" height=\"260\" \/><\/p>\n<h3>(2) Maskinering<\/h3>\n<p>Maskineringsverkstedet er utstyrt med et spesialtilpasset dreiesenter for skr\u00e5 skinner, maskineringssenter, h\u00f8yhastighets honemaskin, sveiserobot og annet relatert utstyr, som kan h\u00e5ndtere bearbeiding av sylinderr\u00f8r med en maksimal indre diameter p\u00e5 400 mm og en maksimal lengde p\u00e5 6 meter.<\/p>\n<p><img loading=\"lazy\" decoding=\"async\" class=\"alignnone wp-image-628 size-large\" src=\"https:\/\/hydraulic-cylinders.net\/wp-content\/uploads\/2023\/08\/hydraulic-cylinder-product-3-1024x391.webp\" alt=\"\" width=\"1024\" height=\"391\" srcset=\"https:\/\/hydraulic-cylinders.net\/wp-content\/uploads\/2023\/08\/hydraulic-cylinder-product-3-980x374.webp 980w, https:\/\/hydraulic-cylinders.net\/wp-content\/uploads\/2023\/08\/hydraulic-cylinder-product-3-480x183.webp 480w\" sizes=\"(min-width: 0px) and (max-width: 480px) 480px, (min-width: 481px) and (max-width: 980px) 980px, (min-width: 981px) 1024px, 100vw\" \/><\/p>\n<h3>(3) Sveising<\/h3>\n<p><img loading=\"lazy\" decoding=\"async\" class=\"alignnone wp-image-629 size-large\" src=\"https:\/\/hydraulic-cylinders.net\/wp-content\/uploads\/2023\/08\/hydraulic-cylinder-product-4-1024x510.webp\" alt=\"\" width=\"1024\" height=\"510\" srcset=\"https:\/\/hydraulic-cylinders.net\/wp-content\/uploads\/2023\/08\/hydraulic-cylinder-product-4-980x488.webp 980w, https:\/\/hydraulic-cylinders.net\/wp-content\/uploads\/2023\/08\/hydraulic-cylinder-product-4-480x239.webp 480w\" sizes=\"(min-width: 0px) and (max-width: 480px) 480px, (min-width: 481px) and (max-width: 980px) 980px, (min-width: 981px) 1024px, 100vw\" \/><\/p>\n<h3>(4) Maling og belegg<\/h3>\n<p>Med sm\u00e5 og mellomstore sylinderautomatiske vannbaserte malingsbeleggslinjer, for \u00e5 oppn\u00e5 automatisk robotlasting og -lossing og automatisk spr\u00f8yting, er den designede kapasiteten 4000 stykker per skift;<br \/>\nVi har ogs\u00e5 en halvautomatisk produksjonslinje for maling for store sylindere drevet av en kabelkjede, med en designkapasitet p\u00e5 60 kasser per skift.<\/p>\n<p><img loading=\"lazy\" decoding=\"async\" class=\"alignnone wp-image-630\" src=\"https:\/\/hydraulic-cylinders.net\/wp-content\/uploads\/2023\/08\/hydraulic-cylinder-product-5-300x213.webp\" alt=\"\" width=\"366\" height=\"260\" \/> <img loading=\"lazy\" decoding=\"async\" class=\"alignnone wp-image-631\" src=\"https:\/\/hydraulic-cylinders.net\/wp-content\/uploads\/2023\/08\/hydraulic-cylinder-product-6-300x225.webp\" alt=\"\" width=\"347\" height=\"260\" \/><\/p>\n<h3>(5) Testing<\/h3>\n<p>Vi har f\u00f8rsteklasses inspeksjonsfasiliteter og testbenker for \u00e5 sikre at sylinderens ytelse oppfyller kravene.<\/p>\n<p><img loading=\"lazy\" decoding=\"async\" class=\"alignnone wp-image-632\" src=\"https:\/\/hydraulic-cylinders.net\/wp-content\/uploads\/2023\/08\/hydraulic-cylinder-product-8-300x200.webp\" alt=\"\" width=\"389\" height=\"260\" \/><\/p>\n<p>&nbsp;<\/p>\n<p>&nbsp;<\/p>\n<p>Vi er en av de beste produsentene av kompakte hydrauliske sylindere. Vi kan tilby et omfattende lager av kompakte hydrauliske sylindere. Vi tilbyr ogs\u00e5 tilsvarende <a href=\"https:\/\/hzpt.com\/agricultural-pto-gearbox\/\" target=\"_blank\" rel=\"noopener\">landbruksgirkasser<\/a>Vi har eksportert produktene v\u00e5re til kunder over hele verden og opparbeidet oss et godt rykte p\u00e5 grunn av v\u00e5r overlegne produktkvalitet og ettersalgsservice. Vi \u00f8nsker kunder i inn- og utland velkommen til \u00e5 kontakte oss for \u00e5 forhandle om forretninger, utveksle informasjon og <a href=\"https:\/\/www.hydraulic-cylinders.net\/nb\/contact-us\/\">samarbeide med oss<\/a>!<\/p>\n<h2><\/h2>\n<h1 style=\"text-align: center;\"><\/h1>","protected":false},"excerpt":{"rendered":"<p>50-100 Double Acting Single Axis MDC Series Compact Mold Cylinder The double acting single axis MDC Series compact mold cylinder is an advanced hydraulic cylinder designed specifically for die applications. With its innovative features, reliable performance and compact design, this cylinder offers superior functionality and efficiency in a variety of industrial environments. Whether used in [&hellip;]<\/p>","protected":false},"featured_media":1427,"comment_status":"open","ping_status":"closed","template":"","meta":{"_et_pb_use_builder":"","_et_pb_old_content":"","_et_gb_content_width":""},"product_brand":[],"product_cat":[1550,1523,1376],"product_tag":[1380],"class_list":{"0":"post-1426","1":"product","2":"type-product","3":"status-publish","4":"has-post-thumbnail","6":"product_cat-double-acting-hydraulic-cylinder","7":"product_cat-injection-molding-hydraulic-cylinders","8":"product_cat-hydraulic-cylinder","9":"product_tag-hydraulic-cylinder","11":"first","12":"instock","13":"shipping-taxable","14":"product-type-simple"},"amp_enabled":true,"_links":{"self":[{"href":"https:\/\/www.hydraulic-cylinders.net\/nb\/wp-json\/wp\/v2\/product\/1426","targetHints":{"allow":["GET"]}}],"collection":[{"href":"https:\/\/www.hydraulic-cylinders.net\/nb\/wp-json\/wp\/v2\/product"}],"about":[{"href":"https:\/\/www.hydraulic-cylinders.net\/nb\/wp-json\/wp\/v2\/types\/product"}],"replies":[{"embeddable":true,"href":"https:\/\/www.hydraulic-cylinders.net\/nb\/wp-json\/wp\/v2\/comments?post=1426"}],"wp:featuredmedia":[{"embeddable":true,"href":"https:\/\/www.hydraulic-cylinders.net\/nb\/wp-json\/wp\/v2\/media\/1427"}],"wp:attachment":[{"href":"https:\/\/www.hydraulic-cylinders.net\/nb\/wp-json\/wp\/v2\/media?parent=1426"}],"wp:term":[{"taxonomy":"product_brand","embeddable":true,"href":"https:\/\/www.hydraulic-cylinders.net\/nb\/wp-json\/wp\/v2\/product_brand?post=1426"},{"taxonomy":"product_cat","embeddable":true,"href":"https:\/\/www.hydraulic-cylinders.net\/nb\/wp-json\/wp\/v2\/product_cat?post=1426"},{"taxonomy":"product_tag","embeddable":true,"href":"https:\/\/www.hydraulic-cylinders.net\/nb\/wp-json\/wp\/v2\/product_tag?post=1426"}],"curies":[{"name":"wp","href":"https:\/\/api.w.org\/{rel}","templated":true}]}}