{"id":14466,"date":"2024-12-12T08:46:30","date_gmt":"2024-12-12T08:46:30","guid":{"rendered":"https:\/\/www.hydraulic-cylinders.net\/product\/replacement-of-f670851-cylinder\/"},"modified":"2024-12-12T08:46:37","modified_gmt":"2024-12-12T08:46:37","slug":"replacement-of-f670851-cylinder","status":"publish","type":"product","link":"https:\/\/www.hydraulic-cylinders.net\/nb\/produkt\/replacement-of-f670851-cylinder\/","title":{"rendered":"Utskifting av F670851-sylinder"},"content":{"rendered":"<h1>Utskifting av F670851-sylinder<\/h1>\n<p>Denne hydrauliske sylinderen er utformet for \u00e5 erstatte sylinder F670851. Den brukes i tungt utstyr og maskiner for \u00e5 gi hydraulisk kraft for \u00e5 utf\u00f8re oppgaver som \u00e5 l\u00f8fte og skyve tunge laster. Sylinderen er en viktig komponent i det hydrauliske systemet og spiller en avgj\u00f8rende rolle for \u00e5 sikre problemfri drift av utstyret.<\/p>\n<h2>Spesifikasjoner og modell<\/h2>\n<ul>\n<li>Vekt: 20 kg<\/li>\n<li>H\u00f8yde: 11,3 cm<\/li>\n<li>Bredde: 13,5 cm<\/li>\n<li>Lengde: 27 tommer<\/li>\n<li>Modell: F670851<\/li>\n<\/ul>\n<h2>Funksjoner<\/h2>\n<p>Her er noen viktige funksjoner ved utskifting av hydrauliske sylindere:<\/p>\n<ul>\n<li>\n<h3>Forbedret utstyrsytelse<\/h3>\n<p>\u00c5 bytte ut en skadet eller slitt hydraulisk sylinder kan gjenopprette utstyrets normale driftsevne og sikre dets ytelse i ulike bruksomr\u00e5der.<\/p>\n<\/li>\n<li>\n<h3>Forbedret sikkerhet<\/h3>\n<p>Regelmessig utskifting av den hydrauliske sylinderen kan redusere sikkerhetsfarer for\u00e5rsaket av sylinderfeil og sikre sikkerheten til operat\u00f8rer og utstyr.<\/p>\n<\/li>\n<li>\n<h3>Overbelastningsbeskyttelse<\/h3>\n<p>Nye sylinderdesign har vanligvis bedre overbelastningsbeskyttelsesmekanismer, noe som \u00f8ker sikkerheten.<\/p>\n<\/li>\n<li>\n<h3>Rask installasjon<\/h3>\n<p>Moderne hydrauliske sylinderdesign tar ofte hensyn til enkel installasjon og utskifting, noe som reduserer nedetid.<\/p>\n<\/li>\n<li>\n<h3>Standardiserte komponenter<\/h3>\n<p>Mange hydrauliske sylindere er standardiserte produkter, noe som gj\u00f8r det enkelt \u00e5 f\u00e5 tak i reservedeler p\u00e5 markedet.<\/p>\n<\/li>\n<\/ul>\n<p>V\u00e5re hydrauliske sylindre for erstatning kan erstatte disse hydrauliske sylindrene perfekt.<\/p>\n<h2>Bruksomr\u00e5der<\/h2>\n<p>Her er noen eksempler p\u00e5 hvor den hydrauliske sylinderen brukes:<\/p>\n<ul>\n<li>\n<h3>Gravemaskin<\/h3>\n<p>Den hydrauliske sylinderen p\u00e5 armen eller skuffen til en gravemaskin kan bli skadet p\u00e5 grunn av langvarig bruk eller overbelastning, og m\u00e5 byttes ut for \u00e5 gjenopprette normal drift.<\/p>\n<\/li>\n<li>\n<h3>Kran<\/h3>\n<p>Den hydrauliske sylinderen p\u00e5 l\u00f8ftearmen til en kran er utsatt for slitasje under hyppige l\u00f8fte- og senkeoperasjoner og b\u00f8r skiftes regelmessig for \u00e5 sikre sikkerheten.<\/p>\n<\/li>\n<li>\n<h3>Traktor<\/h3>\n<p>Frontlasterens hydrauliske sylinder p\u00e5 en traktor kan lekke eller oppleve redusert ytelse p\u00e5 grunn av kontinuerlig l\u00f8fte- og vippeoperasjoner og m\u00e5 skiftes ut.<\/p>\n<\/li>\n<li>\n<h3>Hogstmaskin<\/h3>\n<p>Under innh\u00f8sting utsettes det hydrauliske systemet for h\u00f8yt trykk, og sylinderen kan bli skadet p\u00e5 grunn av utmatting, noe som krever rettidig utskifting for \u00e5 opprettholde arbeidseffektiviteten.<\/p>\n<\/li>\n<li>\n<h3>Automatisert produksjonslinje<\/h3>\n<p>Hydrauliske sylindere brukes til \u00e5 styre robotarmer og annet automatisert utstyr. Hvis sylinderen svikter, vil det p\u00e5virke produksjonseffektiviteten og kreve umiddelbar utskifting.<\/p>\n<\/li>\n<li>\n<h3>St\u00f8pemaskin<\/h3>\n<p>Hydraulikksylindere kan oppleve redusert ytelse under h\u00f8yt trykk og h\u00f8ye temperaturer. Regelmessig utskifting sikrer produktkvaliteten.<\/p>\n<\/li>\n<li>\n<h3>Gruveutstyr<\/h3>\n<p>Hydrauliske sylindere brukes i gruveutstyr for \u00e5 l\u00f8fte og flytte tunge laster. P\u00e5 grunn av t\u00f8ffe arbeidsforhold krever de regelmessig inspeksjon og utskifting for \u00e5 unng\u00e5 utstyrsfeil.<\/p>\n<\/li>\n<li>\n<h3>Bulldoser<\/h3>\n<p>Den hydrauliske sylinderen p\u00e5 bulldozerens blad kan oppleve en reduksjon i skyvekraft p\u00e5 grunn av slitasje, noe som krever rettidig utskifting for \u00e5 opprettholde driftseffektiviteten.<\/p>\n<\/li>\n<\/ul>\n<p><img decoding=\"async\" src=\"https:\/\/www.hydraulic-cylinders.net\/wp-content\/uploads\/2024\/12\/Replacement-Of-John-Deere-Hydraulic-Cylinder-7.webp\" \/><\/p>\n<h2>Vedlikehold<\/h2>\n<p>Her er noen vanlige vedlikeholdsoppgaver for den hydrauliske sylinderen:<\/p>\n<ul>\n<li>\n<h3>Regelmessig inspeksjon<\/h3>\n<p>Regelmessig inspeksjon av den hydrauliske sylinderen kan bidra til \u00e5 oppdage potensielle problemer tidlig og forhindre kostbar nedetid for utstyr.<\/p>\n<\/li>\n<li>\n<h3>Sm\u00f8ring<\/h3>\n<p>Riktig sm\u00f8ring av den hydrauliske sylinderen kan forlenge levetiden betydelig og forhindre skader p\u00e5 grunn av friksjon.<\/p>\n<\/li>\n<li>\n<h3>Utskifting av tetning og kalibreringskontroll<\/h3>\n<p>\u00c5 bytte ut slitte pakninger og kontrollere kalibreringen kan sikre at den hydrauliske sylinderen fungerer som den skal.<\/p>\n<\/li>\n<\/ul>\n<p>Det er viktig \u00e5 gi riktig veiledning om justering av sylinderen under installasjonsprosessen, og \u00e5 anbefale bruk av passende st\u00f8ttestrukturer for \u00e5 feste sylinderen p\u00e5 plass. Vi tilbyr anbefalte kontroll-, reparasjons- og utskiftingsprosedyrer, reservedeler og ombyggingstjenester for \u00e5 forlenge levetiden til den hydrauliske sylinderen.<\/p>\n<h2>Sikkerhets- og milj\u00f8hensyn<\/h2>\n<p>Det er viktig \u00e5 vurdere sikkerhetstiltak ved bruk av hydrauliske sylindere for \u00e5 unng\u00e5 ulykker og skader. Milj\u00f8faktorer b\u00f8r ogs\u00e5 tas i betraktning under installasjon og avhending av den hydrauliske sylinderen.<\/p>\n<h2>Feildiagnose og vanlige problemer<\/h2>\n<p>Her er noen vanlige problemer som kan oppst\u00e5 ved bruk av hydrauliske sylindere:<\/p>\n<ul>\n<li>\n<h3>Lekkasje av tetninger<\/h3>\n<p>Lekkasjer i pakningene er et vanlig problem og kan l\u00f8ses ved \u00e5 bytte ut pakningene.<\/p>\n<\/li>\n<li>\n<h3>Utilstrekkelig kraft<\/h3>\n<p>Hvis sylinderen ikke klarer \u00e5 levere den n\u00f8dvendige kraften, kan det skyldes slitte pakninger, et skadet stempel eller en defekt hydraulisk pumpe.<\/p>\n<\/li>\n<li>\n<h3>St\u00f8yende drift<\/h3>\n<p>St\u00f8yende drift kan skyldes lavt oljeniv\u00e5 eller d\u00e5rlig oljekvalitet, slitte lagre eller et skadet stempel.<\/p>\n<\/li>\n<\/ul>\n<p>Det er viktig \u00e5 gi feils\u00f8kingstips og l\u00f8sninger for \u00e5 hjelpe leserne med \u00e5 diagnostisere og l\u00f8se problemer effektivt. Vi anbefaler ogs\u00e5 forebyggende tiltak for \u00e5 minimere potensielle problemer.<\/p>\n<p><img decoding=\"async\" src=\"https:\/\/www.hydraulic-cylinders.net\/wp-content\/uploads\/2024\/12\/Replacement-Of-John-Deere-Hydraulic-Cylinder-8.webp\" \/><\/p>\n<h2>Designhensyn og utvalgskriterier<\/h2>\n<p>Designhensyn for den hydrauliske sylinderen inkluderer b\u00e6reevne, tetning, holdbarhet, sikkerhet og vedlikeholdsvennlighet. Det er avgj\u00f8rende \u00e5 vurdere disse faktorene n\u00e5r man velger en erstatning for den hydrauliske sylinderen.<\/p>\n<p>Vi bruker ulike tetningstyper, som stempeltetninger og stangtetninger, laget av slitesterke materialer som polyuretan og nitrilgummi for \u00e5 sikre p\u00e5litelig tetning. Vi bruker ogs\u00e5 materialer av h\u00f8y kvalitet og presisjonsbearbeiding for sylinderhuset og gjengene for \u00e5 forbedre slitestyrken og holdbarheten. Riktig sm\u00f8ring og regelmessig vedlikehold kan forlenge den hydrauliske sylinderens levetid betydelig.<\/p>\n<p>Det er viktig \u00e5 gi riktig veiledning om installasjon av den hydrauliske sylinderen, inkludert justering av sylinderen, bruk av passende st\u00f8ttestrukturer og korrekt kalibrering av det hydrauliske systemet.<\/p>\n<h2>Introduksjon til selskapet<\/h2>\n<p>Vi er en produsent av utskiftbare hydrauliske sylindere med et bredt spekter av produkter, noe som gj\u00f8r oss til en av de ledende produsentene og grossistene av hydrauliske sylindere i det innenlandske og internasjonale markedet.<\/p>\n<p>V\u00e5rt firma tilbyr profesjonelle tjenester, har internasjonale sertifiseringer, tilbyr tilpasning, bruker avansert produksjonsutstyr og tilbyr utmerket ettersalgsservice for \u00e5 sikre kundetilfredshet.<\/p>\n<p><img decoding=\"async\" src=\"https:\/\/www.hydraulic-cylinders.net\/wp-content\/uploads\/2024\/12\/hydraulic-cylinder-factory.webp\" \/><\/p>\n<p>Forfatter: lyl<\/p>","protected":false},"excerpt":{"rendered":"<p>Replacement Of F670851 Cylinder This hydraulic cylinder replacement is designed to replace F670851 Cylinder. It is used in heavy equipment and machinery to provide hydraulic power to perform tasks such as lifting and pushing heavy loads. The cylinder is a vital component of the hydraulic system and plays a crucial role in ensuring the smooth [&hellip;]<\/p>","protected":false},"featured_media":12237,"comment_status":"open","ping_status":"closed","template":"","meta":{"_et_pb_use_builder":"","_et_pb_old_content":"","_et_gb_content_width":""},"product_brand":[],"product_cat":[1489],"product_tag":[1380,1490,1491],"class_list":{"0":"post-14466","1":"product","2":"type-product","3":"status-publish","4":"has-post-thumbnail","6":"product_cat-replacement-of-john-deere-hydraulic-cylinder","7":"product_tag-hydraulic-cylinder","8":"product_tag-replacement-of-hydraulic-cylinder","9":"product_tag-replacemet-of-john-deere-hydraulic-cylinder","11":"first","12":"instock","13":"shipping-taxable","14":"product-type-simple"},"amp_enabled":true,"_links":{"self":[{"href":"https:\/\/www.hydraulic-cylinders.net\/nb\/wp-json\/wp\/v2\/product\/14466","targetHints":{"allow":["GET"]}}],"collection":[{"href":"https:\/\/www.hydraulic-cylinders.net\/nb\/wp-json\/wp\/v2\/product"}],"about":[{"href":"https:\/\/www.hydraulic-cylinders.net\/nb\/wp-json\/wp\/v2\/types\/product"}],"replies":[{"embeddable":true,"href":"https:\/\/www.hydraulic-cylinders.net\/nb\/wp-json\/wp\/v2\/comments?post=14466"}],"wp:featuredmedia":[{"embeddable":true,"href":"https:\/\/www.hydraulic-cylinders.net\/nb\/wp-json\/wp\/v2\/media\/12237"}],"wp:attachment":[{"href":"https:\/\/www.hydraulic-cylinders.net\/nb\/wp-json\/wp\/v2\/media?parent=14466"}],"wp:term":[{"taxonomy":"product_brand","embeddable":true,"href":"https:\/\/www.hydraulic-cylinders.net\/nb\/wp-json\/wp\/v2\/product_brand?post=14466"},{"taxonomy":"product_cat","embeddable":true,"href":"https:\/\/www.hydraulic-cylinders.net\/nb\/wp-json\/wp\/v2\/product_cat?post=14466"},{"taxonomy":"product_tag","embeddable":true,"href":"https:\/\/www.hydraulic-cylinders.net\/nb\/wp-json\/wp\/v2\/product_tag?post=14466"}],"curies":[{"name":"wp","href":"https:\/\/api.w.org\/{rel}","templated":true}]}}