{"id":15117,"date":"2025-01-19T14:07:33","date_gmt":"2025-01-19T14:07:33","guid":{"rendered":"https:\/\/www.hydraulic-cylinders.net\/product\/bucket-cylinder-for-komatsu-small-excavator-pc28mr\/"},"modified":"2025-01-19T14:07:41","modified_gmt":"2025-01-19T14:07:41","slug":"bucket-cylinder-for-komatsu-small-excavator-pc28mr","status":"publish","type":"product","link":"https:\/\/www.hydraulic-cylinders.net\/nb\/produkt\/bucket-cylinder-for-komatsu-small-excavator-pc28mr\/","title":{"rendered":"B\u00f8ttesylinder for Komatsu liten gravemaskin PC28MR"},"content":{"rendered":"<h1>B\u00f8ttesylinder for Komatsu liten gravemaskin PC28MR<\/h1>\n<h2>Introduksjon<\/h2>\n<p>Skuffesylinderen til Komatsu PC28MR, en liten gravemaskin, er en spesialdesignet hydraulisk sylinder som brukes til \u00e5 kontrollere bevegelsen til skuffen i tunge maskiner som gravemaskiner, traktorgravere og frontlastere. Hovedfunksjonen er \u00e5 muliggj\u00f8re l\u00f8fting, senking og tilting av skuffen, noe som gj\u00f8r den praktisk for ulike materialh\u00e5ndteringsoppgaver. I det hydrauliske systemet oppn\u00e5r skuffesylinderen presis kontroll over skuffen ved hjelp av trykkendringer i hydraulikkoljen, slik at operat\u00f8rer effektivt kan h\u00e5ndtere tunge laster og tilpasse seg komplekse arbeidsmilj\u00f8er og ulike jobbkrav.<\/p>\n<p><img decoding=\"async\" src=\"https:\/\/www.hydraulic-cylinders.net\/wp-content\/uploads\/2025\/01\/songte-company-2.webp\" alt=\"Bilde av b\u00f8ttesylinder\"><\/p>\n<h2>Funksjoner<\/h2>\n<ul>\n<li>H\u00f8y styrke og holdbarhet: Vanligvis laget av h\u00f8yfast st\u00e5l eller aluminium, t\u00e5ler den h\u00f8yt trykk og tunge belastninger, og tilpasser seg t\u00f8ffe arbeidsforhold. Designet tar hensyn til slitestyrke og korrosjonsmotstand, noe som forlenger levetiden.<\/li>\n<li>Effektiv hydraulisk drift: Ved \u00e5 utnytte trykket fra hydraulikkoljen oppn\u00e5r den jevne forlengelses- og tilbaketrekksbevegelser, reagerer raskt p\u00e5 kontrollkommandoer, gir kraftige skyve- og trekkkrefter og er egnet for h\u00e5ndtering av tunge belastninger og komplekse arbeidsoppgaver.<\/li>\n<li>Ulike typer: Den tilbyr muligheten til \u00e5 velge mellom enkeltvirkende (hydraulisk brukt kun i \u00e9n retning) eller dobbeltvirkende (hydraulisk brukt i begge retninger) sylindere for \u00e5 m\u00f8te ulike driftsbehov. Noen modeller er teleskopiske, noe som gir st\u00f8rre forlengelse uten \u00e5 \u00f8ke de ytre m\u00e5lene, egnet for applikasjoner med begrenset plass.<\/li>\n<li>Perfekt erstatning: Produktene v\u00e5re kan erstatte disse hydrauliske sylindrene perfekt, og tilbyr kompatibilitet og p\u00e5litelig ytelse.<\/li>\n<\/ul>\n<p><img decoding=\"async\" src=\"https:\/\/www.hydraulic-cylinders.net\/wp-content\/uploads\/2025\/01\/songte-cylinder-head-with-all-kinds-excavator-models.webp\" alt=\"Produktbilde\"><\/p>\n<h2>Bruksomr\u00e5der<\/h2>\n<p>Skuffesylinderen til Komatsu liten gravemaskin PC28MR finner sin anvendelse i ulike scenarier:<\/p>\n<ol>\n<li>Anleggsutstyr: I gravemaskiner er de avgj\u00f8rende for utgraving, lasting og flytting av jord eller rusk. I gravemaskiner hjelper skuffesylinderen til med b\u00e5de graving og l\u00f8fting.<\/li>\n<li>Landbruksmaskiner: Brukes i frontlastere til \u00e5 utarbeide, l\u00f8fte og transportere jord, h\u00f8y og andre materialer.<\/li>\n<li>Gravemaskiner: Skuffesylinderen muliggj\u00f8r utgraving ved \u00e5 la skuffen trenge ned i jorden.<\/li>\n<li>Lastere: Frontlastere hjelper til med \u00e5 l\u00f8fte og dumpe varer effektivt.<\/li>\n<\/ol>\n<h2>Designhensyn og utvalgskriterier<\/h2>\n<p>N\u00e5r det gjelder designhensyn, tas det hensyn til viktige aspekter som b\u00e6reevne, tetting, holdbarhet, sikkerhet og vedlikeholdbarhet:<\/p>\n<p><img decoding=\"async\" src=\"https:\/\/www.hydraulic-cylinders.net\/wp-content\/uploads\/2025\/01\/songte-oil-pipes-and-spare-parts.webp\" alt=\"Designhensyn Bilde\"><\/p>\n<h2>Tetting og sm\u00f8ring<\/h2>\n<p>Skuffesylinderen benytter forskjellige tetningselementer som stempeltetninger og stangtetninger laget av slitesterke materialer som polyuretan og nitrilgummi. Sylinderhuset og gjengede ender gjennomg\u00e5r fin bearbeiding for \u00e5 forbedre slitestyrken. Regelmessig sm\u00f8ring med riktig mengde hydraulikkolje er n\u00f8dvendig for \u00e5 sikre problemfri drift.<\/p>\n<h2>Inspeksjon og forebyggende vedlikeholdstiltak<\/h2>\n<p>Regelmessige inspeksjoner og forebyggende vedlikehold er avgj\u00f8rende for optimal ytelse. Noen anbefalte tiltak inkluderer:<\/p>\n<ul>\n<li>Periodiske kontroller<\/li>\n<li>Riktig sm\u00f8ring<\/li>\n<li>Utskifting av pakning<\/li>\n<li>Kalibreringskontroller<\/li>\n<\/ul>\n<p><img decoding=\"async\" src=\"https:\/\/www.hydraulic-cylinders.net\/wp-content\/uploads\/2025\/01\/songte-chushion-collar.webp\" alt=\"Vedlikeholdsbilde\"><\/p>\n<h2>Sikkerhetshensyn og milj\u00f8faktorer<\/h2>\n<p>Det er av st\u00f8rste viktighet \u00e5 ta hensyn til sikkerhetstiltak n\u00e5r du bruker b\u00f8ttesylinderen.<\/p>\n<h2>Feils\u00f8king og vanlige problemer<\/h2>\n<p>N\u00e5r man st\u00f8ter p\u00e5 problemer, er det avgj\u00f8rende \u00e5 diagnostisere og l\u00f8se problemene effektivt. Noen tips og l\u00f8sninger for feils\u00f8king inkluderer:<\/p>\n<p><img decoding=\"async\" src=\"https:\/\/www.hydraulic-cylinders.net\/wp-content\/uploads\/2025\/01\/songte-bushings-with-all-kinds-of-excavator-models.webp\" alt=\"Feils\u00f8kingsbilde\"><\/p>\n<h2>Om selskapet v\u00e5rt<\/h2>\n<p>Vi er en produsent av hydrauliske sylindere for utskifting. V\u00e5rt brede produktspekter har gjort oss til en av de ledende produsentene og grossistdistribut\u00f8rene av hydrauliske sylindere i innenlandske og internasjonale markeder. Med fokus p\u00e5 utmerket kvalitet f\u00f8lger vi strategier for industriell produksjonsstyring i v\u00e5re fine produksjonsverksteder. Vi forbedrer kontinuerlig produksjonsplattformen v\u00e5r, perfeksjonerer produksjonsruten for produktkvalitet og har sterke kreative evner. V\u00e5re prinsipper for h\u00f8y effektivitet, h\u00f8y presisjon og h\u00f8y kvalitet tar sikte p\u00e5 \u00e5 m\u00f8te kundenes ulike behov.<\/p>\n<p><img decoding=\"async\" src=\"https:\/\/www.hydraulic-cylinders.net\/wp-content\/uploads\/2025\/01\/songte-company-3.webp\" alt=\"Selskapets image\"><\/p>\n<p>V\u00e5rt selskap skiller seg ut n\u00e5r det gjelder:<\/p>\n<ul>\n<li>Ekspertise<\/li>\n<li>Internasjonale sertifiseringer<\/li>\n<li>Tilpassede tjenester<\/li>\n<li>Produksjonsutstyr<\/li>\n<li>Ettersalgsservice<\/li>\n<\/ul>\n<p>Forfatter: lyl<\/p>","protected":false},"excerpt":{"rendered":"<p>Bucket Cylinder For Komatsu Small Excavator PC28MR Introduction The bucket cylinder for Komatsu small excavator PC28MR is a specially designed hydraulic cylinder used to control the movement of the bucket in heavy machinery such as excavators, backhoe loaders, and front loaders. Its main function is to enable the lifting, lowering, and tilting of the bucket, [&hellip;]<\/p>","protected":false},"featured_media":14789,"comment_status":"open","ping_status":"closed","template":"","meta":{"_et_pb_use_builder":"","_et_pb_old_content":"","_et_gb_content_width":""},"product_brand":[],"product_cat":[1494],"product_tag":[1495,1496],"class_list":{"0":"post-15117","1":"product","2":"type-product","3":"status-publish","4":"has-post-thumbnail","6":"product_cat-bucket-cylinders","7":"product_tag-bucket-cylinders","8":"product_tag-hydraulic-cylinders","10":"first","11":"instock","12":"shipping-taxable","13":"product-type-simple"},"amp_enabled":true,"_links":{"self":[{"href":"https:\/\/www.hydraulic-cylinders.net\/nb\/wp-json\/wp\/v2\/product\/15117","targetHints":{"allow":["GET"]}}],"collection":[{"href":"https:\/\/www.hydraulic-cylinders.net\/nb\/wp-json\/wp\/v2\/product"}],"about":[{"href":"https:\/\/www.hydraulic-cylinders.net\/nb\/wp-json\/wp\/v2\/types\/product"}],"replies":[{"embeddable":true,"href":"https:\/\/www.hydraulic-cylinders.net\/nb\/wp-json\/wp\/v2\/comments?post=15117"}],"wp:featuredmedia":[{"embeddable":true,"href":"https:\/\/www.hydraulic-cylinders.net\/nb\/wp-json\/wp\/v2\/media\/14789"}],"wp:attachment":[{"href":"https:\/\/www.hydraulic-cylinders.net\/nb\/wp-json\/wp\/v2\/media?parent=15117"}],"wp:term":[{"taxonomy":"product_brand","embeddable":true,"href":"https:\/\/www.hydraulic-cylinders.net\/nb\/wp-json\/wp\/v2\/product_brand?post=15117"},{"taxonomy":"product_cat","embeddable":true,"href":"https:\/\/www.hydraulic-cylinders.net\/nb\/wp-json\/wp\/v2\/product_cat?post=15117"},{"taxonomy":"product_tag","embeddable":true,"href":"https:\/\/www.hydraulic-cylinders.net\/nb\/wp-json\/wp\/v2\/product_tag?post=15117"}],"curies":[{"name":"wp","href":"https:\/\/api.w.org\/{rel}","templated":true}]}}