{"id":15118,"date":"2025-01-19T14:07:43","date_gmt":"2025-01-19T14:07:43","guid":{"rendered":"https:\/\/www.hydraulic-cylinders.net\/product\/bucket-cylinder-for-komatsu-small-excavator-pc40\/"},"modified":"2025-01-19T14:07:45","modified_gmt":"2025-01-19T14:07:45","slug":"bucket-cylinder-for-komatsu-small-excavator-pc40","status":"publish","type":"product","link":"https:\/\/www.hydraulic-cylinders.net\/nb\/produkt\/bucket-cylinder-for-komatsu-small-excavator-pc40\/","title":{"rendered":"B\u00f8ttesylinder for Komatsu liten gravemaskin PC40"},"content":{"rendered":"<h2>Introduksjon<\/h2>\n<h3>Hva er en b\u00f8ttesylinder for en liten Komatsu-gravemaskin PC40?<\/h3>\n<p>Skuffesylinder for Komatsu liten gravemaskin PC40 er en spesialdesignet hydraulisk sylinder som brukes til \u00e5 kontrollere bevegelsen til skuffer i tunge maskiner som gravemaskiner, traktorgravere og frontlastere. Hovedfunksjonen er \u00e5 gj\u00f8re det mulig for skuffen \u00e5 l\u00f8fte, senke og tilte, og dermed forenkle ulike materialh\u00e5ndteringsoppgaver. I det hydrauliske systemet oppn\u00e5r skuffesylinderen presis kontroll over skuffens bevegelse gjennom endringer i hydraulikkoljetrykket, slik at operat\u00f8rer effektivt kan h\u00e5ndtere tunge laster og tilpasse seg komplekse arbeidsmilj\u00f8er og ulike driftskrav.<\/p>\n<p><img decoding=\"async\" src=\"https:\/\/www.hydraulic-cylinders.net\/wp-content\/uploads\/2025\/01\/songte-company-2.webp\" alt=\"Skuffesylinder for Komatsu liten gravemaskin PC40\"><\/p>\n<h2>Funksjoner<\/h2>\n<ul>\n<li><strong>H\u00f8y styrke og holdbarhet:<\/strong> Den er vanligvis laget av h\u00f8yfast st\u00e5l eller aluminium, og t\u00e5ler h\u00f8yt trykk og tunge belastninger, og tilpasser seg t\u00f8ffe arbeidsmilj\u00f8er. Designet tar hensyn til slitestyrke og korrosjonsbestandighet, noe som forlenger levetiden.<\/li>\n<li><strong>Effektiv hydraulisk drift:<\/strong> Jevn teleskopisk bevegelse oppn\u00e5s ved \u00e5 utnytte hydraulisk oljetrykk, noe som muliggj\u00f8r rask respons p\u00e5 kontrollkommandoer, gir kraftig skyv-trekkkraft og er egnet for h\u00e5ndtering av tunge laster og komplekse driftsoppgaver.<\/li>\n<li><strong>Ulike typer:<\/strong> Enkeltvirkende (hydraulisk kun brukt i \u00e9n retning) eller dobbeltvirkende (hydraulisk brukt i begge retninger) sylindere kan velges i henhold til driftskrav. Noen modeller er teleskopiske, noe som gir st\u00f8rre forlengelse uten \u00e5 \u00f8ke de ytre m\u00e5lene, egnet for applikasjoner med begrenset plass.<\/li>\n<li><strong>Tilpasset produksjon:<\/strong> Vi kan produsere dette produktet, som perfekt kan erstatte disse hydrauliske sylindrene.<\/li>\n<\/ul>\n<p><img decoding=\"async\" src=\"https:\/\/www.hydraulic-cylinders.net\/wp-content\/uploads\/2025\/01\/songte-cylinder-head-with-all-kinds-excavator-models.webp\" alt=\"Skuffesylinder for Komatsu liten gravemaskin PC40\"><\/p>\n<h2>S\u00f8knad<\/h2>\n<p>Skuffesylinder for Komatsu liten gravemaskin PC40 er mye brukt i ulike bransjer som anleggsmaskiner, landbruksmaskiner, gravemaskiner og lastere. <\/p>\n<h3>Anleggsutstyr:<\/h3>\n<ul>\n<li>I gravemaskiner er det viktig for utgraving, lasting og flytting av jord eller rusk.<\/li>\n<li> I gravemaskiner hjelper b\u00f8ttesylinderen til med b\u00e5de graving og l\u00f8fting.<\/li>\n<li> I frontlastere hjelper den med \u00e5 l\u00f8fte og tilte varer effektivt.<\/li>\n<\/ul>\n<h3>Landbruksmaskiner:<\/h3>\n<p>Den brukes til frontlastere, utgraving, l\u00f8fting og transport av jord, h\u00f8y og andre materialer.<\/p>\n<h3>Gravemaskiner:<\/h3>\n<p>Skuffesylinderen muliggj\u00f8r gravearbeidet ved \u00e5 la skuffen trenge ned i jorden. <\/p>\n<p><img decoding=\"async\" src=\"https:\/\/www.hydraulic-cylinders.net\/wp-content\/uploads\/2025\/01\/songte-bushings-with-all-kinds-of-excavator-models.webp\" alt=\"Skuffesylinder for Komatsu liten gravemaskin PC40\"><\/p>\n<h2>Designhensyn og utvalgsstandarder<\/h2>\n<ul>\n<li><strong>B\u00e6reevne:<\/strong> Skuffesylinderen m\u00e5 t\u00e5le h\u00f8ye trykkbelastninger.<\/li>\n<li><strong>Tetting:<\/strong> Ulike tetninger, som stempeltetninger og stangtetninger, b\u00f8r v\u00e6re laget av slitesterke materialer som polyuretan og nitrilgummi for \u00e5 sikre tetningsytelse.<\/li>\n<li><strong>Varighet:<\/strong> Sylinderens hus og gjengede endeflate b\u00f8r finbearbeides for \u00e5 forbedre slitestyrken.<\/li>\n<li><strong>Sikkerhet:<\/strong> Utformingen b\u00f8r ta hensyn til sylinderens driftssikkerhet.<\/li>\n<li><strong>Vedlikehold:<\/strong> Sylinderen skal v\u00e6re enkel \u00e5 reparere og vedlikeholde.<\/li>\n<\/ul>\n<p><img decoding=\"async\" src=\"https:\/\/www.hydraulic-cylinders.net\/wp-content\/uploads\/2025\/01\/songte-oil-pipes-and-spare-parts.webp\" alt=\"Skuffesylinder for Komatsu liten gravemaskin PC40\"><\/p>\n<h2>Tetting og sm\u00f8ring<\/h2>\n<p>Diverse tetningskomponenter som stempeltetninger og stangtetninger b\u00f8r v\u00e6re laget av slitesterke materialer som polyuretan og nitrilgummi for \u00e5 sikre effektiv tetting. Sylinderhuset og den gjengede endeflaten b\u00f8r v\u00e6re finbearbeidet for \u00e5 forbedre slitestyrken. Regelmessig tilsetning av passende hydraulisk olje for sm\u00f8ring er n\u00f8dvendig.<\/p>\n<p><img decoding=\"async\" src=\"https:\/\/www.hydraulic-cylinders.net\/wp-content\/uploads\/2025\/01\/songte-chushion-collar.webp\" alt=\"Skuffesylinder for Komatsu liten gravemaskin PC40\"><\/p>\n<h2>Vedlikehold og reparasjon<\/h2>\n<p>Regelmessig inspeksjon, passende sm\u00f8ring, utskifting av tetninger og kalibreringskontroller er vanlige vedlikeholdsoppgaver. Riktig installasjon, sm\u00f8ring og justering er avgj\u00f8rende, og riktig justeringsveiledning b\u00f8r gis under installasjonen. Egnede installasjonsbraketter b\u00f8r anbefales for \u00e5 feste sylinderen, og prosedyrer for kontroll, reparasjon og utskifting b\u00f8r gis for \u00e5 forlenge sylinderens levetid.<\/p>\n<h2>Sikkerhetshensyn og milj\u00f8faktorer<\/h2>\n<p>Det er viktig \u00e5 f\u00f8lge sikkerhetstiltakene ved bruk av b\u00f8ttesylindere for \u00e5 beskytte mot potensielle risikoer. Milj\u00f8forskrifter b\u00f8r f\u00f8lges ved h\u00e5ndtering av hydraulikkolje og andre materialer.<\/p>\n<h2>Feildiagnose og vanlige problemer<\/h2>\n<p>Vanlige problemer med b\u00f8ttesylindere inkluderer v\u00e6skelekkasje, utilstrekkelig kraft og unormal st\u00f8y. Feildiagnose b\u00f8r baseres p\u00e5 en grundig inspeksjon av sylinderen og omkringliggende komponenter. Riktig vedlikehold og rettidig reparasjon er n\u00f8dvendig for \u00e5 forhindre at slike problemer oppst\u00e5r.<\/p>\n<h2>Introduksjon til selskapet<\/h2>\n<p>Vi er en produsent av hydrauliske sylindere for utskifting, og tilbyr et komplett utvalg av produkter. Vi er en av de ledende produsentene og grossistdistribut\u00f8rene av hydrauliske sylindere i innenlandske og internasjonale markeder. Vi streber etter utmerket kvalitet og bruker industrialiserte produksjonsstyringsstrategier i fint produserte verksteder, kontinuerlig forbedrer produksjonsplattformen, perfeksjonerer produksjonslinjen for produktkvalitet og har sterk produksjonskapasitet. Vi tar sikte p\u00e5 \u00e5 m\u00f8te kundenes krav med h\u00f8y effektivitet, h\u00f8y presisjon og prinsipper for h\u00f8y kvalitet.<\/p>\n<p><img decoding=\"async\" src=\"https:\/\/hzpt.com\/wp-content\/uploads\/2024\/11\/songte-company-1.webp\" alt=\"Skuffesylinder for Komatsu liten gravemaskin PC40\"><\/p>\n<h2>Profesjonalitet og internasjonal sertifisering<\/h2>\n<p>V\u00e5rt firma er forpliktet til \u00e5 s\u00f8rge for at alle ansatte har de n\u00f8dvendige kvalifikasjonene og ferdighetene for \u00e5 tilby profesjonelle tjenester til v\u00e5re kunder. Vi har innhentet relevante internasjonale sertifiseringer, som ISO og CE, for \u00e5 sikre at produktene v\u00e5re oppfyller internasjonale kvalitetsstandarder.<\/p>\n<h2>Tilpassede tjenester og produksjonsutstyr<\/h2>\n<p>Vi tilbyr skreddersydde tjenester for \u00e5 levere skreddersydde hydrauliske sylinderl\u00f8sninger i henhold til hver kundes unike behov. Vi har avansert produksjonsutstyr som CNC-maskiner og profesjonelle testsystemer for \u00e5 sikre at hvert produkt er kvalifisert og p\u00e5litelig.<\/p>\n<h2>Ettersalgsservice<\/h2>\n<p>V\u00e5rt firma tilbyr et komplett utvalg av ettersalgstjenester, inkludert reparasjon, utskifting og ombyggingstjenester for produktene vi tilbyr. Vi er forpliktet til \u00e5 tilby kundene v\u00e5re tekniske l\u00f8sninger og tjenester av h\u00f8y kvalitet for \u00e5 sikre at de f\u00e5r best mulig valuta for investeringen sin.<\/p>\n<p>Forfatter: lyl<\/p>","protected":false},"excerpt":{"rendered":"<p>Introduction What is Bucket Cylinder for Komatsu Small Excavator PC40? Bucket Cylinder for Komatsu Small Excavator PC40 is a specially designed hydraulic cylinder used for controlling the movement of buckets in heavy machinery such as excavators, backhoe excavators, and front-end loaders. Its main function is to enable the bucket to lift, lower, and tilt, thus [&hellip;]<\/p>","protected":false},"featured_media":14788,"comment_status":"open","ping_status":"closed","template":"","meta":{"_et_pb_use_builder":"","_et_pb_old_content":"","_et_gb_content_width":""},"product_brand":[],"product_cat":[1494],"product_tag":[1495,1496],"class_list":{"0":"post-15118","1":"product","2":"type-product","3":"status-publish","4":"has-post-thumbnail","6":"product_cat-bucket-cylinders","7":"product_tag-bucket-cylinders","8":"product_tag-hydraulic-cylinders","10":"first","11":"instock","12":"shipping-taxable","13":"product-type-simple"},"amp_enabled":true,"_links":{"self":[{"href":"https:\/\/www.hydraulic-cylinders.net\/nb\/wp-json\/wp\/v2\/product\/15118","targetHints":{"allow":["GET"]}}],"collection":[{"href":"https:\/\/www.hydraulic-cylinders.net\/nb\/wp-json\/wp\/v2\/product"}],"about":[{"href":"https:\/\/www.hydraulic-cylinders.net\/nb\/wp-json\/wp\/v2\/types\/product"}],"replies":[{"embeddable":true,"href":"https:\/\/www.hydraulic-cylinders.net\/nb\/wp-json\/wp\/v2\/comments?post=15118"}],"wp:featuredmedia":[{"embeddable":true,"href":"https:\/\/www.hydraulic-cylinders.net\/nb\/wp-json\/wp\/v2\/media\/14788"}],"wp:attachment":[{"href":"https:\/\/www.hydraulic-cylinders.net\/nb\/wp-json\/wp\/v2\/media?parent=15118"}],"wp:term":[{"taxonomy":"product_brand","embeddable":true,"href":"https:\/\/www.hydraulic-cylinders.net\/nb\/wp-json\/wp\/v2\/product_brand?post=15118"},{"taxonomy":"product_cat","embeddable":true,"href":"https:\/\/www.hydraulic-cylinders.net\/nb\/wp-json\/wp\/v2\/product_cat?post=15118"},{"taxonomy":"product_tag","embeddable":true,"href":"https:\/\/www.hydraulic-cylinders.net\/nb\/wp-json\/wp\/v2\/product_tag?post=15118"}],"curies":[{"name":"wp","href":"https:\/\/api.w.org\/{rel}","templated":true}]}}