{"id":15123,"date":"2025-01-19T14:08:05","date_gmt":"2025-01-19T14:08:05","guid":{"rendered":"https:\/\/www.hydraulic-cylinders.net\/product\/bucket-cylinder-for-komatsu-small-excavator-pc45-1-5-7\/"},"modified":"2025-01-19T14:08:06","modified_gmt":"2025-01-19T14:08:06","slug":"bucket-cylinder-for-komatsu-small-excavator-pc45-1-5-7","status":"publish","type":"product","link":"https:\/\/www.hydraulic-cylinders.net\/nb\/produkt\/bucket-cylinder-for-komatsu-small-excavator-pc45-1-5-7\/","title":{"rendered":"B\u00f8ttesylinder for Komatsu liten gravemaskin PC45-1-5-7"},"content":{"rendered":"<p><!DOCTYPE html><br \/>\n<html><br \/>\n<head><\/p>\n<style>\nh2 {\n  font-size: 24px;\n  font-weight: bold;\n  margin-top: 30px;\n}<\/p>\n<p>h3 {\n  font-size: 20px;\n  font-weight: bold;\n  margin-top: 15px;\n}<\/p>\n<p>ul {\n  list-style-type: disc;\n  margin-top: 15px;\n  margin-bottom: 15px;\n}<\/p>\n<p>img {\n  margin-top: 30px;\n  max-width: 100%;\n  height: auto;\n}\n<\/style>\n<p><\/head><br \/>\n<body><\/p>\n<h2>B\u00f8ttesylinder for Komatsu liten gravemaskin PC45-1-5-7<\/h2>\n<h3>Introduksjon<\/h3>\n<p>\nEn skuffesylinder for Komatsu liten gravemaskin PC45-1-5-7 er en spesialisert hydraulisk sylinder designet for \u00e5 kontrollere bevegelsen til skuffen i tunge maskiner som gravemaskiner, traktorgravere og frontlastere. Hovedfunksjonen er \u00e5 muliggj\u00f8re l\u00f8fting, senking og tilting av skuffen, noe som gj\u00f8r den egnet for ulike materialh\u00e5ndteringsoppgaver. I det hydrauliske systemet bruker skuffesylinderen trykkendringene i hydraulikkoljen for \u00e5 oppn\u00e5 presis kontroll over skuffen, slik at operat\u00f8rer kan h\u00e5ndtere tunge laster effektivt og tilpasse seg komplekse arbeidsmilj\u00f8er og ulike jobbkrav.\n<\/p>\n<p><img decoding=\"async\" src=\"https:\/\/www.hydraulic-cylinders.net\/wp-content\/uploads\/2025\/01\/songte-company-2.webp\" alt=\"Bilde av b\u00f8ttesylinder\"><\/p>\n<h3>Funksjoner<\/h3>\n<ul>\n<li>H\u00f8y styrke og holdbarhet: Skuffesylinderen er vanligvis laget av h\u00f8yfast st\u00e5l eller aluminium, og t\u00e5ler h\u00f8yt trykk og tunge belastninger, tilpasser seg t\u00f8ffe arbeidsmilj\u00f8er og er designet med hensyn til slitestyrke og korrosjonsbestandighet, noe som forlenger levetiden.<\/li>\n<li>Effektiv hydraulisk drift: Ved \u00e5 utnytte trykket fra hydraulikkoljen oppn\u00e5r b\u00f8ttesylinderen jevne forlengelses- og inntrekksbevegelser, reagerer raskt p\u00e5 kontrollkommandoer, gir kraftige skyve- og trekkkrefter og er egnet for h\u00e5ndtering av tunge belastninger og komplekse arbeidsoppgaver.<\/li>\n<li>Allsidige typer: Skuffesylinderen kan velges som enkeltvirkende (hydraulisk trykk brukes kun i \u00e9n retning) eller dobbeltvirkende (hydraulisk trykk brukes i begge retninger), avhengig av driftskravene. Noen modeller er teleskopiske, noe som gir st\u00f8rre forlengelse uten \u00e5 \u00f8ke de ytre m\u00e5lene, noe som gj\u00f8r dem egnet for bruksomr\u00e5der med begrenset plass.<\/li>\n<li>Perfekt erstatning: Produktene v\u00e5re kan erstatte disse hydrauliske sylindrene perfekt. <\/li>\n<\/ul>\n<p><img decoding=\"async\" src=\"https:\/\/www.hydraulic-cylinders.net\/wp-content\/uploads\/2025\/01\/songte-cylinder-head-with-all-kinds-excavator-models.webp\" alt=\"Bilde av hydraulisk sylinder\"><\/p>\n<h3>Bruksomr\u00e5der<\/h3>\n<ul>\n<li>Anleggsutstyr: Finnes i gravemaskiner, og er viktige for utgraving, lasting og flytting av jord eller rusk. I gravemaskinlastere hjelper skuffesylinderen til med b\u00e5de graving og l\u00f8fting.<\/li>\n<li>Landbruksmaskiner: Brukes i frontlastere, og de hjelper til med \u00e5 utarbeide, l\u00f8fte og transportere jord, h\u00f8y og andre materialer.<\/li>\n<li>Gravemaskiner: Skuffesylinderen muliggj\u00f8r graveaksjoner ved \u00e5 la skuffen trenge ned i jorden.<\/li>\n<li>Lastere: I frontlastere hjelper de med \u00e5 l\u00f8fte og tilte varer effektivt.<\/li>\n<\/ul>\n<h3>Designhensyn og utvalgskriterier<\/h3>\n<ul>\n<li>B\u00e6reevne: Skuffesylinderen er konstruert for \u00e5 t\u00e5le den spesifiserte lastekapasiteten.<\/li>\n<li>Tetting: Ulike tetningskomponenter, som stempeltetninger og stangtetninger, brukes for \u00e5 sikre riktig tetningsytelse. Disse tetningene er laget av slitesterke materialer som polyuretan og nitrilgummi. Sylinderhuset og gjengede ender er fint bearbeidet for \u00e5 forbedre slitestyrken.<\/li>\n<li>Holdbarhet: Skuffesylinderen er konstruert med materialer og belegg som forbedrer holdbarheten og korrosjonsmotstanden, noe som sikrer lengre levetid.<\/li>\n<li>Sikkerhet: Designfunksjoner er implementert for \u00e5 sikre sikker drift og minimere potensielle farer. <\/li>\n<li>Vedlikehold: Skuffesylinderen er konstruert for enkelt vedlikehold og reparasjon, noe som muliggj\u00f8r effektiv service og reduserer nedetid.<\/li>\n<\/ul>\n<p><img decoding=\"async\" src=\"https:\/\/www.hydraulic-cylinders.net\/wp-content\/uploads\/2025\/01\/songte-oil-pipes-and-spare-parts.webp\" alt=\"Bilde av deler av hydrauliske sylindere\"><\/p>\n<h3>Tetting og sm\u00f8ring<\/h3>\n<p>\nSkuffesylinderen benytter ulike tetningskomponenter, som stempeltetninger og stangtetninger, som er laget av slitesterke materialer som polyuretan og nitrilgummi. Sylinderhuset og gjengede ender gjennomg\u00e5r presis bearbeiding for \u00e5 forbedre slitestyrken. Regelmessig sm\u00f8ring med riktig mengde hydraulikkolje er n\u00f8dvendig for \u00e5 sikre jevn drift og sm\u00f8ring av sylinderkomponentene.\n<\/p>\n<h3>Regelmessig inspeksjon og forebyggende vedlikehold<\/h3>\n<ul>\n<li>Inspiser b\u00f8ttesylinderen regelmessig for tegn p\u00e5 skade, lekkasje eller slitasje.<\/li>\n<li>S\u00f8rg for riktig sm\u00f8ring av sylinderen og skift ut pakninger om n\u00f8dvendig.<\/li>\n<li>Sjekk og kalibrer sylinderen for \u00e5 opprettholde optimal ytelse.<\/li>\n<\/ul>\n<h3>Riktig installasjonsveiledning<\/h3>\n<p>\nFor \u00e5 montere b\u00f8ttesylinderen riktig, f\u00f8lg disse retningslinjene:\n<\/p>\n<ul>\n<li>Juster sylinderen riktig under installasjonen.<\/li>\n<li>Bruk passende monteringsbraketter for \u00e5 feste sylinderen.<\/li>\n<\/ul>\n<p><img decoding=\"async\" src=\"https:\/\/www.hydraulic-cylinders.net\/wp-content\/uploads\/2025\/01\/songte-chushion-collar.webp\" alt=\"Putekragebilde\"><\/p>\n<h3>Vedlikeholdsoppgaver<\/h3>\n<ul>\n<li>Regelmessige inspeksjoner<\/li>\n<li>Riktig sm\u00f8ring<\/li>\n<li>Utskifting av pakning<\/li>\n<li>Kalibreringskontroller<\/li>\n<\/ul>\n<p>\nFremhev viktigheten av korrekt installasjon, sm\u00f8ring og justering. Gi veiledning om riktig justering av sylinderen under installasjon og anbefal bruk av passende installasjonsbraketter for \u00e5 sikre sylinderen. Anbefal inspeksjons-, reparasjons- og utskiftingsprosedyrer. Tilby reservedeler og ombyggingstjenester for \u00e5 forlenge levetiden til b\u00f8ttesylinderen.\n<\/p>\n<p><img decoding=\"async\" src=\"https:\/\/www.hydraulic-cylinders.net\/wp-content\/uploads\/2025\/01\/songte-bushings-with-all-kinds-of-excavator-models.webp\" alt=\"Gravemaskinforinger bilde\"><\/p>\n<h3>Sikkerhetshensyn og milj\u00f8faktorer<\/h3>\n<p>\nN\u00e5r du bruker b\u00f8ttesylinderen, er det viktig \u00e5 f\u00f8lge sikkerhetstiltak for \u00e5 forhindre ulykker og sikre sikker drift. Vurder milj\u00f8faktorer som temperatur og driftsforhold for \u00e5 optimalisere sylinderens ytelse og levetid.\n<\/p>\n<h3>Feils\u00f8king og vanlige problemer<\/h3>\n<p>\nIdentifiser potensielle feils\u00f8kingsomr\u00e5der og vanlige problemer knyttet til b\u00f8ttesylinderen. Gi tips og l\u00f8sninger for \u00e5 diagnostisere og l\u00f8se problemer effektivt. Foresl\u00e5 forebyggende tiltak for \u00e5 minimere potensielle problemer.\n<\/p>\n<p><img decoding=\"async\" src=\"https:\/\/www.hydraulic-cylinders.net\/wp-content\/uploads\/2025\/01\/songte-company-1.webp\" alt=\"Selskapets image\"><\/p>\n<h3>Om selskapet v\u00e5rt<\/h3>\n<p>\nVi er en produsent av hydrauliske sylindere for utskifting og en ledende produsent og grossistdistribut\u00f8r i det innenlandske og internasjonale markedet. V\u00e5rt selskap f\u00f8lger prinsippene om kvalitet og er avhengig av strategier for industriell produksjonsstyring i v\u00e5re avanserte produksjonsverksteder. Med v\u00e5r vekt p\u00e5 teknologisk talent, avansert digitalt produksjonsutstyr og profesjonelle testsystemer, forbedrer vi kontinuerlig v\u00e5r produksjonsplattform, forbedrer produktkvaliteten og har sterke kreative evner. Vi streber etter \u00e5 m\u00f8te kundenes ulike behov med h\u00f8y effektivitet, presisjon og kvalitet.\n<\/p>\n<p><img decoding=\"async\" src=\"https:\/\/www.hydraulic-cylinders.net\/wp-content\/uploads\/2025\/01\/songte-company-3.webp\" alt=\"Selskapets image\"><\/p>\n<h3>Selskapets h\u00f8ydepunkter<\/h3>\n<ul>\n<li>Profesjonalitet<\/li>\n<li>Internasjonale sertifiseringer<\/li>\n<li>Tilpasningstjenester<\/li>\n<li>Produksjonsutstyr<\/li>\n<li>Ettersalgstjenester<\/li>\n<\/ul>\n<p>Forfatter: lyl<\/p>\n<p><\/body><br \/>\n<\/html><\/p>","protected":false},"excerpt":{"rendered":"<p>Bucket Cylinder For Komatsu Small Excavator PC45-1-5-7 Introduction A bucket cylinder for Komatsu small excavator PC45-1-5-7 is a specialized hydraulic cylinder designed to control the movement of the bucket in heavy machinery such as excavators, backhoe loaders, and front-end loaders. Its main function is to enable the lifting, lowering, and tilting of the bucket, making [&hellip;]<\/p>","protected":false},"featured_media":14780,"comment_status":"open","ping_status":"closed","template":"","meta":{"_et_pb_use_builder":"","_et_pb_old_content":"","_et_gb_content_width":""},"product_brand":[],"product_cat":[1494],"product_tag":[1495,1496],"class_list":{"0":"post-15123","1":"product","2":"type-product","3":"status-publish","4":"has-post-thumbnail","6":"product_cat-bucket-cylinders","7":"product_tag-bucket-cylinders","8":"product_tag-hydraulic-cylinders","10":"first","11":"instock","12":"shipping-taxable","13":"product-type-simple"},"amp_enabled":true,"_links":{"self":[{"href":"https:\/\/www.hydraulic-cylinders.net\/nb\/wp-json\/wp\/v2\/product\/15123","targetHints":{"allow":["GET"]}}],"collection":[{"href":"https:\/\/www.hydraulic-cylinders.net\/nb\/wp-json\/wp\/v2\/product"}],"about":[{"href":"https:\/\/www.hydraulic-cylinders.net\/nb\/wp-json\/wp\/v2\/types\/product"}],"replies":[{"embeddable":true,"href":"https:\/\/www.hydraulic-cylinders.net\/nb\/wp-json\/wp\/v2\/comments?post=15123"}],"wp:featuredmedia":[{"embeddable":true,"href":"https:\/\/www.hydraulic-cylinders.net\/nb\/wp-json\/wp\/v2\/media\/14780"}],"wp:attachment":[{"href":"https:\/\/www.hydraulic-cylinders.net\/nb\/wp-json\/wp\/v2\/media?parent=15123"}],"wp:term":[{"taxonomy":"product_brand","embeddable":true,"href":"https:\/\/www.hydraulic-cylinders.net\/nb\/wp-json\/wp\/v2\/product_brand?post=15123"},{"taxonomy":"product_cat","embeddable":true,"href":"https:\/\/www.hydraulic-cylinders.net\/nb\/wp-json\/wp\/v2\/product_cat?post=15123"},{"taxonomy":"product_tag","embeddable":true,"href":"https:\/\/www.hydraulic-cylinders.net\/nb\/wp-json\/wp\/v2\/product_tag?post=15123"}],"curies":[{"name":"wp","href":"https:\/\/api.w.org\/{rel}","templated":true}]}}