{"id":15128,"date":"2025-01-19T14:08:23","date_gmt":"2025-01-19T14:08:23","guid":{"rendered":"https:\/\/www.hydraulic-cylinders.net\/product\/bucket-cylinder-for-komatsu-small-excavator-pc55-55uu\/"},"modified":"2025-01-19T14:08:25","modified_gmt":"2025-01-19T14:08:25","slug":"bucket-cylinder-for-komatsu-small-excavator-pc55-55uu","status":"publish","type":"product","link":"https:\/\/www.hydraulic-cylinders.net\/nb\/produkt\/bucket-cylinder-for-komatsu-small-excavator-pc55-55uu\/","title":{"rendered":"Skuffesylinder for Komatsu liten gravemaskin PC55 55UU"},"content":{"rendered":"<h1>Skuffesylinder for Komatsu liten gravemaskin PC55 55UU<\/h1>\n<h2>Introduksjon<\/h2>\n<p>Skuffesylinderen til Komatsu PC55 55UU er en spesialisert hydraulisk sylinder som hovedsakelig brukes til \u00e5 kontrollere bevegelsen til skuffen i tunge maskiner, som gravemaskiner, traktorgravere og frontlastere. Hovedfunksjonen er \u00e5 la skuffen l\u00f8fte, senke og vippe, noe som gj\u00f8r det enklere \u00e5 utf\u00f8re ulike materialh\u00e5ndteringsoppgaver. I det hydrauliske systemet oppn\u00e5r skuffesylinderen presis kontroll over skuffen gjennom endringer i hydraulikkoljetrykket og lar f\u00f8rere h\u00e5ndtere tunge gjenstander effektivt, tilpasse seg komplekse arbeidsmilj\u00f8er og ulike driftskrav.<\/p>\n<p><img decoding=\"async\" src=\"https:\/\/www.hydraulic-cylinders.net\/wp-content\/uploads\/2025\/01\/songte-company-2.webp\" alt=\"Bilde av b\u00f8ttesylinder\"><\/p>\n<h2>Funksjoner<\/h2>\n<ul>\n<li>H\u00f8y styrke og holdbarhet: vanligvis laget av h\u00f8yfast st\u00e5l eller aluminium, t\u00e5ler h\u00f8yt trykk og tunge belastninger, egnet for t\u00f8ffe arbeidsmilj\u00f8er, designet med tanke p\u00e5 slitestyrke og korrosjonsbestandighet, og forlenget levetid.<\/li>\n<li>Effektiv hydraulisk drift: jevne forlengelses- og sammentrekningsbevegelser oppn\u00e5dd gjennom hydraulisk oljetrykk, rask respons p\u00e5 kontrollkommandoer, gir kraftig skyve- og trekkekraft, egnet for h\u00e5ndtering av tunge gjenstander og komplekse driftsoppgaver.<\/li>\n<li>Ulike typer tilgjengelig: enkeltvirkende (hydraulisk brukt kun i \u00e9n retning) eller dobbeltvirkende (hydraulisk brukt i to retninger) sylindere kan velges i henhold til behov for \u00e5 m\u00f8te ulike driftskrav, noen modeller er teleskopiske, noe som gir st\u00f8rre utvidelse uten \u00e5 \u00f8ke de ytre dimensjonene, egnet for applikasjoner med begrenset plass.<\/li>\n<li>Perfekt erstatning for hydrauliske sylindere: Produktet v\u00e5rt kan erstatte disse hydrauliske sylindrene perfekt.<\/li>\n<\/ul>\n<p><img decoding=\"async\" src=\"https:\/\/www.hydraulic-cylinders.net\/wp-content\/uploads\/2025\/01\/songte-cylinder-head-with-all-kinds-excavator-models.webp\" alt=\"Bilde av b\u00f8ttesylinder\"><\/p>\n<h2>Bruksomr\u00e5der<\/h2>\n<p>Skuffesylinderen til Komatsu liten gravemaskin PC55 55UU har forskjellige bruksomr\u00e5der innen forskjellige felt:<\/p>\n<ul>\n<li>Anleggsutstyr: mye brukt i gravemaskiner for graving, lasting og flytting av jord eller rusk, i gravemaskiner hjelper b\u00f8ttesylindere med b\u00e5de \u00e5 grave og l\u00f8fte. <\/li>\n<li>Landbruksmaskiner: brukes til frontlastere, for \u00e5 plukke opp, l\u00f8fte og transportere jord, h\u00f8y og andre materialer; i gravemaskiner tillater skuffesylindere gravefunksjon ved \u00e5 la skuffen trenge ned i jorden. <\/li>\n<li>Lastere: i frontlastere hjelper de med \u00e5 l\u00f8fte og tilte godset effektivt. <\/li>\n<\/ul>\n<h2>Designhensyn og utvalgskriterier<\/h2>\n<p>Skuffesylinderen til den lille gravemaskinen Komatsu PC55 55UU ble vurdert med f\u00f8lgende designhensyn:<\/p>\n<ul>\n<li>B\u00e6reevne: i stand til \u00e5 motst\u00e5 belastningen og trykket i driftsmilj\u00f8et.<\/li>\n<li>Tetningseffektivitet: Bruk av ulike tetninger, som stempeltetninger og stangtetninger, med slitesterke materialer, bruk av avansert sylinderhus og gjengede endeoverflatebeleggprosess for \u00e5 forbedre slitestyrken, og regelmessig sm\u00f8ring med hydraulikkolje for effektiv tetting og sm\u00f8ring.<\/li>\n<li>Holdbarhet: T\u00e5ler t\u00f8ffe arbeidsforhold, bruker h\u00f8yfaste materialer og er designet med tanke p\u00e5 slitestyrke og korrosjonsbestandighet, noe som forlenger produktets levetid.<\/li>\n<li>Sikkerhet: F\u00f8lge sikkerhetsstandarder og forskrifter strengt, s\u00f8rge for sikkerhetstiltak og prosedyrer for brukerne, og sikre brukersikkerhet under drift.<\/li>\n<li>Vedlikehold: Enkelt vedlikehold, bruk av komponenter av h\u00f8y kvalitet, og regelmessig vedlikehold og inspeksjon for \u00e5 forlenge produktets levetid.<\/li>\n<\/ul>\n<p><img decoding=\"async\" src=\"https:\/\/www.hydraulic-cylinders.net\/wp-content\/uploads\/2025\/01\/songte-oil-pipes-and-spare-parts.webp\" alt=\"Bilde av b\u00f8ttesylinder\"><\/p>\n<h2>Tetting og sm\u00f8ring<\/h2>\n<p>Skuffesylinderen til Komatsu liten gravemaskin PC55 55UU bruker forskjellige tetninger, som stempeltetninger og stangtetninger, med slitesterke materialer, og sylinderhuset og den gjengede endeflaten gjennomg\u00e5r en finbehandlingsprosess for \u00e5 forbedre slitestyrken. Regelmessig sm\u00f8ring med hydraulikkolje kan sm\u00f8re sylinderen effektivt og sikre produktets tetningseffektivitet.<\/p>\n<h2>Vedlikehold og reparasjon<\/h2>\n<p>Regelmessig inspeksjon og forebyggende vedlikehold kan bidra til \u00e5 forlenge levetiden til b\u00f8ttesylinderen. Vanlige vedlikeholdsoppgaver inkluderer:<\/p>\n<ul>\n<li>Regelmessig inspeksjon<\/li>\n<li>Riktig sm\u00f8ring<\/li>\n<li>Utskifting av pakning<\/li>\n<li>Kalibreringskontroll<\/li>\n<\/ul>\n<p>Riktig installasjon av b\u00f8ttesylinderen er ogs\u00e5 avgj\u00f8rende, og vi anbefaler \u00e5 bruke passende installasjonsbraketter for \u00e5 feste sylinderen. Riktig justering av sylinderen er n\u00f8dvendig under installasjon. Vi tilbyr anbefalte inspeksjons-, reparasjons- og utskiftingsprosedyrer, utskifting av deler og ombyggingstjenester for \u00e5 forlenge produktets levetid.<\/p>\n<p><img decoding=\"async\" src=\"https:\/\/www.hydraulic-cylinders.net\/wp-content\/uploads\/2025\/01\/songte-chushion-collar.webp\" alt=\"Bilde av b\u00f8ttesylinder\"><\/p>\n<h2>Sikkerhets- og milj\u00f8hensyn<\/h2>\n<p>Ved bruk av b\u00f8ttesylinderen m\u00e5 sikkerhetstiltak f\u00f8lges n\u00f8ye for \u00e5 forhindre ulykker og sikre brukerens sikkerhet. Passende verneutstyr skal brukes under drift. Milj\u00f8hensyn inkluderer riktig avhending av avfall og overholdelse av milj\u00f8forskrifter under produksjon og bruk.<\/p>\n<h2>Feils\u00f8king og vanlige problemer<\/h2>\n<p>Skuffesylinderen til Komatsu liten gravemaskin PC55 55UU kan st\u00f8te p\u00e5 noen vanlige problemer under bruk, som lekkasje, slitasje og redusert ytelse. Riktig diagnose og forebyggende tiltak kan bidra til \u00e5 minimere og forhindre disse problemene og sikre at produktet fungerer som det skal. Vi tilbyr feils\u00f8kingstips og l\u00f8sninger for \u00e5 hjelpe leserne med \u00e5 diagnostisere og l\u00f8se problemer og foresl\u00e5 forebyggende tiltak.<\/p>\n<p><img decoding=\"async\" src=\"https:\/\/www.hydraulic-cylinders.net\/wp-content\/uploads\/2025\/01\/songte-bushings-with-all-kinds-of-excavator-models.webp\" alt=\"Bilde av b\u00f8ttesylinder\"><\/p>\n<h2>Om selskapet v\u00e5rt<\/h2>\n<p>Vi er en produsent av hydrauliske sylindere for utskifting, med et komplett produktsortiment, og er n\u00e5 en av de ledende produsentene og grossistdistribut\u00f8rene av hydrauliske sylindere i b\u00e5de innenlandske og internasjonale markeder. Vi f\u00f8lger prinsippet om utmerket kvalitet, bruker fine produksjonsverksteder for industrialiserte produksjonsstyringsstrategier, og forbedrer kontinuerlig produksjonsplattformen til verkstedet gjennom bruk av tekniske talenter, digitalt, avansert produksjonsutstyr og profesjonelle testsystemer. Vi har sterk kreativitet, og med prinsippene om h\u00f8y effektivitet, h\u00f8y presisjon og h\u00f8y kvalitet kan vi m\u00f8te kundenes ulike behov. <\/p>\n<p><img decoding=\"async\" src=\"https:\/\/hzpt.com\/wp-content\/uploads\/2024\/11\/songte-company-1.webp\" alt=\"Bilde av b\u00f8ttesylinder\"><\/p>\n<h3>Profesjonalitet<\/h3>\n<p>Vi har et profesjonelt team med bred erfaring innen hydrauliske produkter for \u00e5 tilby kundene l\u00f8sninger og tjenester av h\u00f8y kvalitet.<\/p>\n<h3>Internasjonal sertifisering<\/h3>\n<p>Produktene v\u00e5re har best\u00e5tt internasjonale sertifiseringer, som CE, ISO9001 og SGS, noe som sikrer produktkvalitet og -sikkerhet.<\/p>\n<h3>Tilpasningstjenester<\/h3>\n<p>Vi tilbyr skreddersydde tjenester for \u00e5 m\u00f8te kundenes unike behov, skreddersydde produkter og l\u00f8sninger for \u00e5 gi kundene den beste opplevelsen.<\/p>\n<h3>Produksjonsutstyr<\/h3>\n<p>Vi bruker avansert og toppmoderne produksjonsutstyr for \u00e5 sikre kvaliteten og ytelsen til produktene v\u00e5re.<\/p>\n<h3>Ettersalgsservice<\/h3>\n<p>Vi tilbyr omfattende ettersalgstjenester, som teknisk st\u00f8tte, vedlikehold, reparasjon, utskifting av deler og ombyggingstjenester.<\/p>\n<p>Forfatter: lyl<\/p>","protected":false},"excerpt":{"rendered":"<p>Bucket Cylinder For Komatsu Small Excavator PC55 55UU Introduction The bucket cylinder for Komatsu small excavator PC55 55UU is a specialized hydraulic cylinder mainly used to control the movement of the bucket in heavy machinery, such as excavators, backhoe excavators, and front loaders. Its primary function is to allow the bucket to lift, lower, and [&hellip;]<\/p>","protected":false},"featured_media":14769,"comment_status":"open","ping_status":"closed","template":"","meta":{"_et_pb_use_builder":"","_et_pb_old_content":"","_et_gb_content_width":""},"product_brand":[],"product_cat":[1494],"product_tag":[1495,1496],"class_list":{"0":"post-15128","1":"product","2":"type-product","3":"status-publish","4":"has-post-thumbnail","6":"product_cat-bucket-cylinders","7":"product_tag-bucket-cylinders","8":"product_tag-hydraulic-cylinders","10":"first","11":"instock","12":"shipping-taxable","13":"product-type-simple"},"amp_enabled":true,"_links":{"self":[{"href":"https:\/\/www.hydraulic-cylinders.net\/nb\/wp-json\/wp\/v2\/product\/15128","targetHints":{"allow":["GET"]}}],"collection":[{"href":"https:\/\/www.hydraulic-cylinders.net\/nb\/wp-json\/wp\/v2\/product"}],"about":[{"href":"https:\/\/www.hydraulic-cylinders.net\/nb\/wp-json\/wp\/v2\/types\/product"}],"replies":[{"embeddable":true,"href":"https:\/\/www.hydraulic-cylinders.net\/nb\/wp-json\/wp\/v2\/comments?post=15128"}],"wp:featuredmedia":[{"embeddable":true,"href":"https:\/\/www.hydraulic-cylinders.net\/nb\/wp-json\/wp\/v2\/media\/14769"}],"wp:attachment":[{"href":"https:\/\/www.hydraulic-cylinders.net\/nb\/wp-json\/wp\/v2\/media?parent=15128"}],"wp:term":[{"taxonomy":"product_brand","embeddable":true,"href":"https:\/\/www.hydraulic-cylinders.net\/nb\/wp-json\/wp\/v2\/product_brand?post=15128"},{"taxonomy":"product_cat","embeddable":true,"href":"https:\/\/www.hydraulic-cylinders.net\/nb\/wp-json\/wp\/v2\/product_cat?post=15128"},{"taxonomy":"product_tag","embeddable":true,"href":"https:\/\/www.hydraulic-cylinders.net\/nb\/wp-json\/wp\/v2\/product_tag?post=15128"}],"curies":[{"name":"wp","href":"https:\/\/api.w.org\/{rel}","templated":true}]}}