{"id":15131,"date":"2025-01-19T14:08:35","date_gmt":"2025-01-19T14:08:35","guid":{"rendered":"https:\/\/www.hydraulic-cylinders.net\/product\/bucket-cylinder-for-komatsu-small-excavator-pc130-8mo-hb205-1mo-hb2152c-1mo\/"},"modified":"2025-01-19T14:08:43","modified_gmt":"2025-01-19T14:08:43","slug":"bucket-cylinder-for-komatsu-small-excavator-pc130-8mo-hb205-1mo-hb2152c-1mo","status":"publish","type":"product","link":"https:\/\/www.hydraulic-cylinders.net\/nb\/produkt\/bucket-cylinder-for-komatsu-small-excavator-pc130-8mo-hb205-1mo-hb2152c-1mo\/","title":{"rendered":"Skuffesylinder for Komatsu liten gravemaskin PC130-8MO.HB205-1MO.HB2152C-1MO"},"content":{"rendered":"<h1>Skuffesylinder for Komatsu liten gravemaskin PC130-8MO.HB205-1MO.HB2152C-1MO<\/h1>\n<h2>Introduksjon<\/h2>\n<p>En skuffesylinder er en spesialdesignet hydraulisk sylinder, hovedsakelig brukt til \u00e5 kontrollere bevegelsen til skuffer i tunge maskiner som gravemaskiner, traktorgravere og frontlastere. Hovedfunksjonen er \u00e5 gj\u00f8re det mulig for skuffen \u00e5 l\u00f8fte, senke og vippe, noe som gj\u00f8r det enklere \u00e5 h\u00e5ndtere ulike materialh\u00e5ndteringsoppgaver. I det hydrauliske systemet oppn\u00e5r skuffesylinderen presis kontroll over skuffen ved \u00e5 endre trykket i hydraulikkoljen, slik at operat\u00f8rer effektivt kan h\u00e5ndtere tunge gjenstander, tilpasse seg komplekse arbeidsmilj\u00f8er og ulike driftskrav.<\/p>\n<p><img decoding=\"async\" src=\"https:\/\/www.hydraulic-cylinders.net\/wp-content\/uploads\/2025\/01\/songte-company-2.webp\" alt=\"Bilde av b\u00f8ttesylinder\"><\/p>\n<h2>Funksjoner<\/h2>\n<ul>\n<li>H\u00f8y styrke og holdbarhet: Den er vanligvis laget av h\u00f8yfast st\u00e5l eller aluminium, t\u00e5ler h\u00f8yt trykk og tunge belastninger, og er designet med slitestyrke og korrosjonsbestandighet i tankene, noe som forlenger levetiden.<\/li>\n<li>Effektiv hydraulisk drift: Ved \u00e5 bruke trykket fra hydraulikkoljen til \u00e5 oppn\u00e5 jevn forlengelse og sammentrekning, kan den reagere raskt p\u00e5 kontrollkommandoer, og gi kraftig skyve- og trekkekraft, egnet for h\u00e5ndtering av tunge gjenstander og komplekse arbeidsoppgaver.<\/li>\n<li>Ulike typer: Enkeltvirkende (hydraulikk brukes kun i \u00e9n retning) eller dobbeltvirkende (hydraulikk brukes i begge retninger) sylindere kan velges etter behov for \u00e5 m\u00f8te ulike driftskrav. Noen modeller er teleskopiske, noe som gir st\u00f8rre forlengelse uten \u00e5 \u00f8ke de ytre m\u00e5lene, noe som gj\u00f8r dem egnet for bruksomr\u00e5der med begrenset plass.<\/li>\n<li>Perfekt erstatning: Produktet v\u00e5rt kan erstatte disse hydrauliske sylindrene perfekt, med et bredt utvalg av kompatible modeller.<\/li>\n<\/ul>\n<p><img decoding=\"async\" src=\"https:\/\/www.hydraulic-cylinders.net\/wp-content\/uploads\/2025\/01\/songte-cylinder-head-with-all-kinds-excavator-models.webp\" alt=\"Bilde av utskifting av b\u00f8ttesylinder\"><\/p>\n<h2>S\u00f8knad<\/h2>\n<p>Skuffesylindere er mye brukt i bygg-, landbruks- og gravemaskiner. Nedenfor er noen av de viktigste bruksomr\u00e5dene:<\/p>\n<h3>Anleggsutstyr<\/h3>\n<p>Skuffesylindere er viktige for graving, lasting og flytting av jord eller rusk i gravemaskiner. I gravemaskiner hjelper skuffesylindere med b\u00e5de graving og l\u00f8fting. <\/p>\n<h3>Landbruksmaskiner<\/h3>\n<p>De brukes til frontlastere, til \u00e5 utarbeide, l\u00f8fte og transportere jord, h\u00f8y og andre materialer.<\/p>\n<h3>Gravemaskiner<\/h3>\n<p>Skuffesylindere muliggj\u00f8r gravefunksjon ved \u00e5 la skuffen trenge ned i jorden.<\/p>\n<h3>Lastere<\/h3>\n<p>I frontlastere hjelper de med \u00e5 l\u00f8fte og dumpe last effektivt.<\/p>\n<p><img decoding=\"async\" src=\"https:\/\/www.hydraulic-cylinders.net\/wp-content\/uploads\/2025\/01\/songte-bushings-with-all-kinds-of-excavator-models.webp\" alt=\"Bilde av b\u00f8ttesylinderapplikasjon\"><\/p>\n<h2>Designhensyn og utvalgskriterier<\/h2>\n<p>Skuffesylindere er viktige komponenter i tungt maskineri, s\u00e5 design- og utvalgskriteriene deres b\u00f8r tas i betraktning for optimal ytelse. Noen viktige hensyn inkluderer:<\/p>\n<h3>B\u00e6reevne<\/h3>\n<p>Sylinderen skal kunne t\u00e5le de tunge belastningene som er typiske i anleggs- og gravemaskiner. <\/p>\n<h3>Tetting og holdbarhet<\/h3>\n<p>Tetninger som stempeltetninger og stangtetninger laget av slitesterke materialer som polyuretan og nitrilgummi b\u00f8r velges for \u00e5 sikre holdbarhet. I tillegg b\u00f8r sylinderhuset og gjengede endeflater finbearbeides for \u00e5 forbedre slitestyrken. <\/p>\n<h3>Sikkerhet og vedlikehold<\/h3>\n<p>Komponenter i b\u00f8ttesylinderen b\u00f8r monteres og vedlikeholdes for \u00e5 sikre sikker drift og forhindre ulykker. Regelmessig vedlikehold som sm\u00f8ring, utskifting av pakninger og kalibreringskontroller b\u00f8r utf\u00f8res for \u00e5 sikre optimal ytelse.<\/p>\n<p><img decoding=\"async\" src=\"https:\/\/www.hydraulic-cylinders.net\/wp-content\/uploads\/2025\/01\/songte-oil-pipes-and-spare-parts.webp\" alt=\"Bilde av design av b\u00f8ttesylinder\"><\/p>\n<h2>Tetting og sm\u00f8ring<\/h2>\n<p>B\u00f8ttesylindere krever forskjellige tetningsdeler, som stempeltetninger og stangtetninger, som er laget av slitesterke materialer som polyuretan og nitrilgummi. Sylinderhuset og gjengede endeflater er ogs\u00e5 fint bearbeidet for \u00e5 forbedre slitestyrken. Regelmessig p\u00e5fylling av passende hydraulikkolje er viktig for \u00e5 sikre sm\u00f8ring.<\/p>\n<h2>Vedlikehold og reparasjon<\/h2>\n<p>Riktig vedlikehold av b\u00f8ttesylindere er avgj\u00f8rende for optimal ytelse og levetid. Regelmessige kontroller, sm\u00f8ring, utskifting av pakninger og kalibreringskontroller b\u00f8r utf\u00f8res for \u00e5 sikre optimal ytelse. <\/p>\n<h2>Installasjonsretningslinjer<\/h2>\n<p>Riktig installasjon er avgj\u00f8rende for riktig drift av b\u00f8ttesylindere. F\u00f8lgende tips b\u00f8r vurderes:<\/p>\n<ul>\n<li>S\u00f8rg for riktig justering av sylinderen med utstyret<\/li>\n<li>Bruk passende monteringsbraketter for \u00e5 feste sylinderen<\/li>\n<li>F\u00f8lg anbefalte prosedyrer for inspeksjon, reparasjon og utskifting<\/li>\n<li>Bruk riktige deler og reparer service for \u00e5 forbedre sylinderens levetid<\/li>\n<\/ul>\n<p><img decoding=\"async\" src=\"https:\/\/www.hydraulic-cylinders.net\/wp-content\/uploads\/2025\/01\/songte-chushion-collar.webp\" alt=\"Bilde av installasjon av b\u00f8ttesylinder\"><\/p>\n<h2>Sikkerhetshensyn og milj\u00f8faktorer<\/h2>\n<p>B\u00f8ttesylindere b\u00f8r installeres og vedlikeholdes i samsvar med produsentens retningslinjer for \u00e5 sikre sikkerhet. Milj\u00f8faktorer som v\u00e6r, temperatur og fuktighet kan p\u00e5virke sylinderens ytelse, s\u00e5 regelmessige vedlikeholdskontroller b\u00f8r utf\u00f8res for \u00e5 sikre optimal ytelse.<\/p>\n<h2>Feils\u00f8king og vanlige problemer<\/h2>\n<p>Noen vanlige problemer som b\u00f8ttesylindere kan st\u00f8te p\u00e5 inkluderer lekkasje, d\u00e5rlig ytelse og slitasje. For \u00e5 feils\u00f8ke disse problemene er det viktig \u00e5 diagnostisere problemet riktig og bruke riktige reparasjons- og utskiftingsmetoder. Forebyggende tiltak som regelmessig vedlikehold og utskifting av slitte deler kan bidra til \u00e5 minimere potensielle problemer.<\/p>\n<p><img decoding=\"async\" src=\"https:\/\/hzpt.com\/wp-content\/uploads\/2024\/11\/songte-company-1.webp\" alt=\"Feils\u00f8kingsbilde for b\u00f8ttesylinder\"><\/p>\n<h2>Om selskapet v\u00e5rt<\/h2>\n<p>Vi er en produsent av hydrauliske reservesylindere og en ledende produsent og grossistdistribut\u00f8r av hydrauliske sylindere i det innenlandske og internasjonale markedet. Vi f\u00f8lger strategien for industriell produksjonsstyring basert p\u00e5 utmerket kvalitet, og er avhengige av bruk av tekniske talenter, digitalt, avansert produksjonsutstyr og profesjonelle testsystemer. Vi fortsetter \u00e5 forbedre produksjonsplattformen i verkstedet, forbedrer produktkvaliteten i produksjonslinjen og har en sterk produksjonsevne for \u00e5 m\u00f8te kundenes ulike behov med prinsippene om h\u00f8y effektivitet, h\u00f8y presisjon og h\u00f8y kvalitet.<\/p>\n<p><img decoding=\"async\" src=\"https:\/\/www.hydraulic-cylinders.net\/wp-content\/uploads\/2025\/01\/songte-company-3.webp\" alt=\"Om v\u00e5rt firmabilde\"><\/p>\n<h3>Profesjonalitet<\/h3>\n<p>Vi har et team av fagfolk som er dedikert til \u00e5 tilby service og st\u00f8tte av h\u00f8y kvalitet.<\/p>\n<h3>Internasjonal sertifisering<\/h3>\n<p>Produktene v\u00e5re har oppn\u00e5dd internasjonal sertifisering, noe som sikrer at de oppfyller de h\u00f8yeste kvalitetsstandardene.<\/p>\n<h3>Tilpasning<\/h3>\n<p>Vi er i stand til \u00e5 tilpasse oss for \u00e5 tilfredsstille individuelle kunders behov.<\/p>\n<h3>Produksjonsutstyr<\/h3>\n<p>Vi bruker avansert utstyr for \u00e5 produsere produktene v\u00e5re for optimal ytelse og levetid.<\/p>\n<h3>Ettersalgsservice<\/h3>\n<p>Vi tilbyr ettersalgsservice for \u00e5 sikre at kundene v\u00e5re er forn\u00f8yde med produktene og tjenestene v\u00e5re.<\/p>\n<p>Forfatter: lyl<\/p>","protected":false},"excerpt":{"rendered":"<p>Bucket Cylinder For Komatsu Small Excavator PC130-8MO.HB205-1MO.HB2152C-1MO Introduction A bucket cylinder is a specially designed hydraulic cylinder, mainly used to control the movement of buckets in heavy machinery such as excavators, backhoe loaders, and front-end loaders. Its main function is to enable the bucket to lift, lower, and tilt, making it easier to handle various [&hellip;]<\/p>","protected":false},"featured_media":14761,"comment_status":"open","ping_status":"closed","template":"","meta":{"_et_pb_use_builder":"","_et_pb_old_content":"","_et_gb_content_width":""},"product_brand":[],"product_cat":[1494],"product_tag":[1495,1496],"class_list":{"0":"post-15131","1":"product","2":"type-product","3":"status-publish","4":"has-post-thumbnail","6":"product_cat-bucket-cylinders","7":"product_tag-bucket-cylinders","8":"product_tag-hydraulic-cylinders","10":"first","11":"instock","12":"shipping-taxable","13":"product-type-simple"},"amp_enabled":true,"_links":{"self":[{"href":"https:\/\/www.hydraulic-cylinders.net\/nb\/wp-json\/wp\/v2\/product\/15131","targetHints":{"allow":["GET"]}}],"collection":[{"href":"https:\/\/www.hydraulic-cylinders.net\/nb\/wp-json\/wp\/v2\/product"}],"about":[{"href":"https:\/\/www.hydraulic-cylinders.net\/nb\/wp-json\/wp\/v2\/types\/product"}],"replies":[{"embeddable":true,"href":"https:\/\/www.hydraulic-cylinders.net\/nb\/wp-json\/wp\/v2\/comments?post=15131"}],"wp:featuredmedia":[{"embeddable":true,"href":"https:\/\/www.hydraulic-cylinders.net\/nb\/wp-json\/wp\/v2\/media\/14761"}],"wp:attachment":[{"href":"https:\/\/www.hydraulic-cylinders.net\/nb\/wp-json\/wp\/v2\/media?parent=15131"}],"wp:term":[{"taxonomy":"product_brand","embeddable":true,"href":"https:\/\/www.hydraulic-cylinders.net\/nb\/wp-json\/wp\/v2\/product_brand?post=15131"},{"taxonomy":"product_cat","embeddable":true,"href":"https:\/\/www.hydraulic-cylinders.net\/nb\/wp-json\/wp\/v2\/product_cat?post=15131"},{"taxonomy":"product_tag","embeddable":true,"href":"https:\/\/www.hydraulic-cylinders.net\/nb\/wp-json\/wp\/v2\/product_tag?post=15131"}],"curies":[{"name":"wp","href":"https:\/\/api.w.org\/{rel}","templated":true}]}}